{"id":3189,"date":"2019-02-12T12:27:50","date_gmt":"2019-02-12T11:27:50","guid":{"rendered":"https:\/\/www.exploring-umbria.com\/cattedrale-di-citta-di-castello\/"},"modified":"2020-03-17T12:49:47","modified_gmt":"2020-03-17T11:49:47","slug":"catedral-de-citta-di-castello","status":"publish","type":"page","link":"https:\/\/www.exploring-umbria.com\/es\/descubre-citta-di-castello\/que-ver-en-citta-di-castello\/catedral-de-citta-di-castello\/","title":{"rendered":"Catedral de Citt\u00e0 di Castello"},"content":{"rendered":"<p>En la Plaza Gabriotti, el centro de la <a href=\"https:\/\/www.exploring-umbria.com\/es\/actividades\/guided-tour-of-citta-di-castello\/\" target=\"_blank\" rel=\"noopener noreferrer\">ciudad<\/a>, <strong>se encuentra la catedral de Citt\u00e0 di Castello<\/strong>, que fue construida en el siglo XI. Seg\u00fan la tradici\u00f3n, la iglesia rom\u00e1nica fue construida sobre los restos de un templo pagano anterior y fue consagrada tres veces durante su larga existencia, primero a San Lorenzo y luego a los santos patronos de la ciudad, Florido y Amancio.<\/p>\n<p>En su forma actual, el edificio es el resultado de sucesivas reformas. La primera ampliaci\u00f3n tuvo lugar en 1356, y luego fue renovada entre los siglos XV y XVI bajo la direcci\u00f3n de <em>Elia di Bartolomeo<\/em>.<\/p>\n<p>La fachada, que ha permanecido inacabada, se remonta a los a\u00f1os 1632-46 y fue dise\u00f1ada por <em>Francesco Lazzari<\/em>. De sus antiguas fases, la Catedral conserva todav\u00eda el campanario cil\u00edndrico, de estilo Ravenna, que se remonta al rom\u00e1nico, y el portal izquierdo, decorado con columnastorcidas, que pueden datarse en la fase g\u00f3tica.<\/p>\n<p>La imponente escalera de acceso es m\u00e1s reciente y data del siglo XVIII.<\/p>\n<p>La estructura tiene forma de cruz latina, con una sola nave y capillas laterales que conservan algunas obras de arte dignas de menci\u00f3n: en la capilla de San Pablo se encuentran \u00abLa Ca\u00edda del Santo en el camino de Damasco\u00bb (realizada por <em>Niccol\u00f2 Circignani<\/em>, conocido <em>como <a href=\"https:\/\/es.wikipedia.org\/wiki\/Niccol%C3%B2_Circignani\" target=\"_blank\" rel=\"noopener noreferrer\">Pomarancio<\/a><\/em> a finales del siglo XVI) y la \u00ab<em>Transfiguraci\u00f3n<\/em>\u00bb de <a href=\"https:\/\/es.wikipedia.org\/wiki\/Rosso_Fiorentino\" target=\"_blank\" rel=\"noopener noreferrer\"><em>Rosso Fiorentino<\/em><\/a> (1530).<\/p>\n<p>El presbiterio est\u00e1 adornado por el hermoso coro de madera incrustadoy tallado a mediados del siglo XVI. La visita de la Catedral de Citt\u00e0 di Castello s\u00f3lo puede terminar con la Cripta de abajo, tambi\u00e9n llamada Catedral Inferior, accesible a trav\u00e9s de una escalera lateral, donde un antiguo sarc\u00f3fago de piedra alberga las reliquias de los santos.<\/p>\n","protected":false},"excerpt":{"rendered":"<p>En la Plaza Gabriotti, el centro de la ciudad, se encuentra la catedral de Citt\u00e0 di Castello, que fue construida en el siglo XI. Seg\u00fan la tradici\u00f3n, la iglesia rom\u00e1nica fue construida sobre los restos de un templo pagano anterior y fue consagrada tres veces durante su larga existencia, primero a San Lorenzo y luego [&hellip;]<\/p>\n","protected":false},"author":3,"featured_media":31298,"parent":3204,"menu_order":1,"comment_status":"closed","ping_status":"closed","template":"","meta":{"om_disable_all_campaigns":false,"_monsterinsights_skip_tracking":false,"_monsterinsights_sitenote_active":false,"_monsterinsights_sitenote_note":"","_monsterinsights_sitenote_category":0},"acf":[],"yoast_head":"<!-- This site is optimized with the Yoast SEO plugin v18.4.1 - https:\/\/yoast.com\/wordpress\/plugins\/seo\/ -->\n<title>Catedral de Citt\u00e0 di Castello - Exploring Umbria<\/title>\n<meta name=\"description\" content=\"En la Plaza Gabriotti, el centro de la ciudad, se encuentra la catedral de Citt\u00e0 di Castello, que fue construida en el siglo XI. Seg\u00fan la tradici\u00f3n, la\" \/>\n<meta name=\"robots\" content=\"index, follow, max-snippet:-1, max-image-preview:large, max-video-preview:-1\" \/>\n<link rel=\"canonical\" href=\"https:\/\/www.exploring-umbria.com\/es\/descubre-citta-di-castello\/que-ver-en-citta-di-castello\/catedral-de-citta-di-castello\/\" \/>\n<meta property=\"og:locale\" content=\"es_ES\" \/>\n<meta property=\"og:type\" content=\"article\" \/>\n<meta property=\"og:title\" content=\"Catedral de Citt\u00e0 di Castello - Exploring Umbria\" \/>\n<meta property=\"og:description\" content=\"En la Plaza Gabriotti, el centro de la ciudad, se encuentra la catedral de Citt\u00e0 di Castello, que fue construida en el siglo XI. Seg\u00fan la tradici\u00f3n, la\" \/>\n<meta property=\"og:url\" content=\"https:\/\/www.exploring-umbria.com\/es\/descubre-citta-di-castello\/que-ver-en-citta-di-castello\/catedral-de-citta-di-castello\/\" \/>\n<meta property=\"og:site_name\" content=\"Exploring Umbria\" \/>\n<meta property=\"article:publisher\" content=\"https:\/\/www.facebook.com\/exploringumbria\/\" \/>\n<meta property=\"article:modified_time\" content=\"2020-03-17T11:49:47+00:00\" \/>\n<meta property=\"og:image\" content=\"https:\/\/www.exploring-umbria.com\/wp-content\/uploads\/2020\/02\/Duomo-citt\u00e0-di-Castello.jpg\" \/>\n\t<meta property=\"og:image:width\" content=\"1280\" \/>\n\t<meta property=\"og:image:height\" content=\"853\" \/>\n\t<meta property=\"og:image:type\" content=\"image\/jpeg\" \/>\n<meta name=\"twitter:card\" content=\"summary_large_image\" \/>\n<meta name=\"twitter:label1\" content=\"Tiempo de lectura\" \/>\n\t<meta name=\"twitter:data1\" content=\"1 minuto\" \/>\n<script type=\"application\/ld+json\" class=\"yoast-schema-graph\">{\"@context\":\"https:\/\/schema.org\",\"@graph\":[{\"@type\":\"Organization\",\"@id\":\"https:\/\/www.exploring-umbria.com\/es\/#organization\",\"name\":\"Exploring Umbria\",\"url\":\"https:\/\/www.exploring-umbria.com\/es\/\",\"sameAs\":[\"https:\/\/www.facebook.com\/exploringumbria\/\",\"https:\/\/www.instagram.com\/exploringumbria\/\"],\"logo\":{\"@type\":\"ImageObject\",\"@id\":\"https:\/\/www.exploring-umbria.com\/es\/#logo\",\"inLanguage\":\"es\",\"url\":\"https:\/\/www.exploring-umbria.com\/wp-content\/uploads\/2019\/08\/solo-logo-verde.jpg\",\"contentUrl\":\"https:\/\/www.exploring-umbria.com\/wp-content\/uploads\/2019\/08\/solo-logo-verde.jpg\",\"width\":952,\"height\":532,\"caption\":\"Exploring Umbria\"},\"image\":{\"@id\":\"https:\/\/www.exploring-umbria.com\/es\/#logo\"}},{\"@type\":\"WebSite\",\"@id\":\"https:\/\/www.exploring-umbria.com\/es\/#website\",\"url\":\"https:\/\/www.exploring-umbria.com\/es\/\",\"name\":\"Exploring Umbria\",\"description\":\"your dates, your mood, your trip\",\"publisher\":{\"@id\":\"https:\/\/www.exploring-umbria.com\/es\/#organization\"},\"potentialAction\":[{\"@type\":\"SearchAction\",\"target\":{\"@type\":\"EntryPoint\",\"urlTemplate\":\"https:\/\/www.exploring-umbria.com\/es\/?s={search_term_string}\"},\"query-input\":\"required name=search_term_string\"}],\"inLanguage\":\"es\"},{\"@type\":\"ImageObject\",\"@id\":\"https:\/\/www.exploring-umbria.com\/es\/descubre-citta-di-castello\/que-ver-en-citta-di-castello\/catedral-de-citta-di-castello\/#primaryimage\",\"inLanguage\":\"es\",\"url\":\"https:\/\/www.exploring-umbria.com\/wp-content\/uploads\/2020\/02\/Duomo-citt\u00e0-di-Castello.jpg\",\"contentUrl\":\"https:\/\/www.exploring-umbria.com\/wp-content\/uploads\/2020\/02\/Duomo-citt\u00e0-di-Castello.jpg\",\"width\":1280,\"height\":853,\"caption\":\"Cattedrale e duomo di Citt\u00e0 di Castello\"},{\"@type\":\"WebPage\",\"@id\":\"https:\/\/www.exploring-umbria.com\/es\/descubre-citta-di-castello\/que-ver-en-citta-di-castello\/catedral-de-citta-di-castello\/#webpage\",\"url\":\"https:\/\/www.exploring-umbria.com\/es\/descubre-citta-di-castello\/que-ver-en-citta-di-castello\/catedral-de-citta-di-castello\/\",\"name\":\"Catedral de Citt\u00e0 di Castello - Exploring Umbria\",\"isPartOf\":{\"@id\":\"https:\/\/www.exploring-umbria.com\/es\/#website\"},\"primaryImageOfPage\":{\"@id\":\"https:\/\/www.exploring-umbria.com\/es\/descubre-citta-di-castello\/que-ver-en-citta-di-castello\/catedral-de-citta-di-castello\/#primaryimage\"},\"datePublished\":\"2019-02-12T11:27:50+00:00\",\"dateModified\":\"2020-03-17T11:49:47+00:00\",\"description\":\"En la Plaza Gabriotti, el centro de la ciudad, se encuentra la catedral de Citt\u00e0 di Castello, que fue construida en el siglo XI. Seg\u00fan la tradici\u00f3n, la\",\"breadcrumb\":{\"@id\":\"https:\/\/www.exploring-umbria.com\/es\/descubre-citta-di-castello\/que-ver-en-citta-di-castello\/catedral-de-citta-di-castello\/#breadcrumb\"},\"inLanguage\":\"es\",\"potentialAction\":[{\"@type\":\"ReadAction\",\"target\":[\"https:\/\/www.exploring-umbria.com\/es\/descubre-citta-di-castello\/que-ver-en-citta-di-castello\/catedral-de-citta-di-castello\/\"]}]},{\"@type\":\"BreadcrumbList\",\"@id\":\"https:\/\/www.exploring-umbria.com\/es\/descubre-citta-di-castello\/que-ver-en-citta-di-castello\/catedral-de-citta-di-castello\/#breadcrumb\",\"itemListElement\":[{\"@type\":\"ListItem\",\"position\":1,\"name\":\"Home\",\"item\":\"https:\/\/www.exploring-umbria.com\/es\/\"},{\"@type\":\"ListItem\",\"position\":2,\"name\":\"Descubre Citt\u00e0 di Castello\",\"item\":\"https:\/\/www.exploring-umbria.com\/es\/descubre-citta-di-castello\/\"},{\"@type\":\"ListItem\",\"position\":3,\"name\":\"Qu\u00e9 Ver en Citt\u00e0 di Castello\",\"item\":\"https:\/\/www.exploring-umbria.com\/es\/descubre-citta-di-castello\/que-ver-en-citta-di-castello\/\"},{\"@type\":\"ListItem\",\"position\":4,\"name\":\"Catedral de Citt\u00e0 di Castello\"}]}]}<\/script>\n<!-- \/ Yoast SEO plugin. -->","yoast_head_json":{"title":"Catedral de Citt\u00e0 di Castello - Exploring Umbria","description":"En la Plaza Gabriotti, el centro de la ciudad, se encuentra la catedral de Citt\u00e0 di Castello, que fue construida en el siglo XI. Seg\u00fan la tradici\u00f3n, la","robots":{"index":"index","follow":"follow","max-snippet":"max-snippet:-1","max-image-preview":"max-image-preview:large","max-video-preview":"max-video-preview:-1"},"canonical":"https:\/\/www.exploring-umbria.com\/es\/descubre-citta-di-castello\/que-ver-en-citta-di-castello\/catedral-de-citta-di-castello\/","og_locale":"es_ES","og_type":"article","og_title":"Catedral de Citt\u00e0 di Castello - Exploring Umbria","og_description":"En la Plaza Gabriotti, el centro de la ciudad, se encuentra la catedral de Citt\u00e0 di Castello, que fue construida en el siglo XI. Seg\u00fan la tradici\u00f3n, la","og_url":"https:\/\/www.exploring-umbria.com\/es\/descubre-citta-di-castello\/que-ver-en-citta-di-castello\/catedral-de-citta-di-castello\/","og_site_name":"Exploring Umbria","article_publisher":"https:\/\/www.facebook.com\/exploringumbria\/","article_modified_time":"2020-03-17T11:49:47+00:00","og_image":[{"width":1280,"height":853,"url":"https:\/\/www.exploring-umbria.com\/wp-content\/uploads\/2020\/02\/Duomo-citt\u00e0-di-Castello.jpg","type":"image\/jpeg"}],"twitter_card":"summary_large_image","twitter_misc":{"Tiempo de lectura":"1 minuto"},"schema":{"@context":"https:\/\/schema.org","@graph":[{"@type":"Organization","@id":"https:\/\/www.exploring-umbria.com\/es\/#organization","name":"Exploring Umbria","url":"https:\/\/www.exploring-umbria.com\/es\/","sameAs":["https:\/\/www.facebook.com\/exploringumbria\/","https:\/\/www.instagram.com\/exploringumbria\/"],"logo":{"@type":"ImageObject","@id":"https:\/\/www.exploring-umbria.com\/es\/#logo","inLanguage":"es","url":"https:\/\/www.exploring-umbria.com\/wp-content\/uploads\/2019\/08\/solo-logo-verde.jpg","contentUrl":"https:\/\/www.exploring-umbria.com\/wp-content\/uploads\/2019\/08\/solo-logo-verde.jpg","width":952,"height":532,"caption":"Exploring Umbria"},"image":{"@id":"https:\/\/www.exploring-umbria.com\/es\/#logo"}},{"@type":"WebSite","@id":"https:\/\/www.exploring-umbria.com\/es\/#website","url":"https:\/\/www.exploring-umbria.com\/es\/","name":"Exploring Umbria","description":"your dates, your mood, your trip","publisher":{"@id":"https:\/\/www.exploring-umbria.com\/es\/#organization"},"potentialAction":[{"@type":"SearchAction","target":{"@type":"EntryPoint","urlTemplate":"https:\/\/www.exploring-umbria.com\/es\/?s={search_term_string}"},"query-input":"required name=search_term_string"}],"inLanguage":"es"},{"@type":"ImageObject","@id":"https:\/\/www.exploring-umbria.com\/es\/descubre-citta-di-castello\/que-ver-en-citta-di-castello\/catedral-de-citta-di-castello\/#primaryimage","inLanguage":"es","url":"https:\/\/www.exploring-umbria.com\/wp-content\/uploads\/2020\/02\/Duomo-citt\u00e0-di-Castello.jpg","contentUrl":"https:\/\/www.exploring-umbria.com\/wp-content\/uploads\/2020\/02\/Duomo-citt\u00e0-di-Castello.jpg","width":1280,"height":853,"caption":"Cattedrale e duomo di Citt\u00e0 di Castello"},{"@type":"WebPage","@id":"https:\/\/www.exploring-umbria.com\/es\/descubre-citta-di-castello\/que-ver-en-citta-di-castello\/catedral-de-citta-di-castello\/#webpage","url":"https:\/\/www.exploring-umbria.com\/es\/descubre-citta-di-castello\/que-ver-en-citta-di-castello\/catedral-de-citta-di-castello\/","name":"Catedral de Citt\u00e0 di Castello - Exploring Umbria","isPartOf":{"@id":"https:\/\/www.exploring-umbria.com\/es\/#website"},"primaryImageOfPage":{"@id":"https:\/\/www.exploring-umbria.com\/es\/descubre-citta-di-castello\/que-ver-en-citta-di-castello\/catedral-de-citta-di-castello\/#primaryimage"},"datePublished":"2019-02-12T11:27:50+00:00","dateModified":"2020-03-17T11:49:47+00:00","description":"En la Plaza Gabriotti, el centro de la ciudad, se encuentra la catedral de Citt\u00e0 di Castello, que fue construida en el siglo XI. Seg\u00fan la tradici\u00f3n, la","breadcrumb":{"@id":"https:\/\/www.exploring-umbria.com\/es\/descubre-citta-di-castello\/que-ver-en-citta-di-castello\/catedral-de-citta-di-castello\/#breadcrumb"},"inLanguage":"es","potentialAction":[{"@type":"ReadAction","target":["https:\/\/www.exploring-umbria.com\/es\/descubre-citta-di-castello\/que-ver-en-citta-di-castello\/catedral-de-citta-di-castello\/"]}]},{"@type":"BreadcrumbList","@id":"https:\/\/www.exploring-umbria.com\/es\/descubre-citta-di-castello\/que-ver-en-citta-di-castello\/catedral-de-citta-di-castello\/#breadcrumb","itemListElement":[{"@type":"ListItem","position":1,"name":"Home","item":"https:\/\/www.exploring-umbria.com\/es\/"},{"@type":"ListItem","position":2,"name":"Descubre Citt\u00e0 di Castello","item":"https:\/\/www.exploring-umbria.com\/es\/descubre-citta-di-castello\/"},{"@type":"ListItem","position":3,"name":"Qu\u00e9 Ver en Citt\u00e0 di Castello","item":"https:\/\/www.exploring-umbria.com\/es\/descubre-citta-di-castello\/que-ver-en-citta-di-castello\/"},{"@type":"ListItem","position":4,"name":"Catedral de Citt\u00e0 di Castello"}]}]}},"_links":{"self":[{"href":"https:\/\/www.exploring-umbria.com\/es\/wp-json\/wp\/v2\/pages\/3189"}],"collection":[{"href":"https:\/\/www.exploring-umbria.com\/es\/wp-json\/wp\/v2\/pages"}],"about":[{"href":"https:\/\/www.exploring-umbria.com\/es\/wp-json\/wp\/v2\/types\/page"}],"author":[{"embeddable":true,"href":"https:\/\/www.exploring-umbria.com\/es\/wp-json\/wp\/v2\/users\/3"}],"replies":[{"embeddable":true,"href":"https:\/\/www.exploring-umbria.com\/es\/wp-json\/wp\/v2\/comments?post=3189"}],"version-history":[{"count":6,"href":"https:\/\/www.exploring-umbria.com\/es\/wp-json\/wp\/v2\/pages\/3189\/revisions"}],"predecessor-version":[{"id":32633,"href":"https:\/\/www.exploring-umbria.com\/es\/wp-json\/wp\/v2\/pages\/3189\/revisions\/32633"}],"up":[{"embeddable":true,"href":"https:\/\/www.exploring-umbria.com\/es\/wp-json\/wp\/v2\/pages\/3204"}],"wp:featuredmedia":[{"embeddable":true,"href":"https:\/\/www.exploring-umbria.com\/es\/wp-json\/wp\/v2\/media\/31298"}],"wp:attachment":[{"href":"https:\/\/www.exploring-umbria.com\/es\/wp-json\/wp\/v2\/media?parent=3189"}],"curies":[{"name":"wp","href":"https:\/\/api.w.org\/{rel}","templated":true}]}}