{"id":31875,"date":"2019-05-02T18:55:55","date_gmt":"2019-05-02T16:55:55","guid":{"rendered":"https:\/\/www.exploring-umbria.com\/parques-y-lagos-en-umbria\/parco-regionale-del-monte-cucco\/"},"modified":"2020-03-04T20:57:50","modified_gmt":"2020-03-04T19:57:50","slug":"parque-regional-monte-cucco","status":"publish","type":"page","link":"https:\/\/www.exploring-umbria.com\/es\/parques-y-lagos-en-umbria\/parque-regional-monte-cucco\/","title":{"rendered":"Parque Regional Monte Cucco"},"content":{"rendered":"<p>El extremo nororiental de Umbr\u00eda est\u00e1 ocupado por el macizo del Monte Cucco, con sus 1.566 metros es uno de los picos m\u00e1s altos de los Apeninos Umbro-Marchigiano. Con el paso del tiempo, los movimientos de la corteza terrestre han creado en el interior del macizo, bajo los espesos hayedos, una mir\u00edada de barrancos, cavidades, t\u00faneles, que luego se llenan de agua de lluvia filtrada por las rocas. El Parque del Monte Cucco es de hecho incre\u00edblemente rico en manantiales, cursos de agua y fen\u00f3menos de erosi\u00f3n c\u00e1rstica como <a href=\"https:\/\/es.wikipedia.org\/wiki\/Ca%C3%B1%C3%B3n_(geomorfolog%C3%ADa)\" target=\"_blank\" rel=\"noopener noreferrer\">barrancos<\/a> y gargantas, profundas grietas en la roca por donde fluyen los arroyos que corren y act\u00faan en espectaculares cascadas. Aunque esuno de los parques menos poblados de la regi\u00f3n, en su interior se encuentran algunos peque\u00f1os pueblos, dedicados principalmente a la artesan\u00eda, la agricultura, la gesti\u00f3n de pastos y bosques. Un poco m\u00e1s abajo en el valle est\u00e1n las aglomeraciones urbanas de<a href=\"https:\/\/www.exploring-umbria.com\/es\/subcategories\/cosa-fare-e-cosa-vedere-a-gubbio\/heading2805\" target=\"_blank\" rel=\"noopener noreferrer\"><strong> Gubbio<\/strong> <\/a>y <strong>Gualdo Tadino<\/strong>. El parque del Monte Cucco est\u00e1 cubierto por una densa red de senderos superando un total de 120 km, gracias a los cuales se pueden explorar las escarpadas y salvajes maravillas que esta zona tiene para ofrecer.<\/p>\n","protected":false},"excerpt":{"rendered":"<p>El extremo nororiental de Umbr\u00eda est\u00e1 ocupado por el macizo del Monte Cucco, con sus 1.566 metros es uno de los picos m\u00e1s altos de los Apeninos Umbro-Marchigiano. Con el paso del tiempo, los movimientos de la corteza terrestre han creado en el interior del macizo, bajo los espesos hayedos, una mir\u00edada de barrancos, cavidades, [&hellip;]<\/p>\n","protected":false},"author":3,"featured_media":19250,"parent":31856,"menu_order":0,"comment_status":"closed","ping_status":"closed","template":"","meta":{"om_disable_all_campaigns":false,"_monsterinsights_skip_tracking":false,"_monsterinsights_sitenote_active":false,"_monsterinsights_sitenote_note":"","_monsterinsights_sitenote_category":0},"acf":[],"yoast_head":"<!-- This site is optimized with the Yoast SEO plugin v18.4.1 - https:\/\/yoast.com\/wordpress\/plugins\/seo\/ -->\n<title>Parque Regional Monte Cucco - Exploring Umbria<\/title>\n<meta name=\"description\" content=\"El extremo nororiental de Umbr\u00eda est\u00e1 ocupado por el macizo del Monte Cucco, con sus 1.566 metros es uno de los picos m\u00e1s altos de los Apeninos\" \/>\n<meta name=\"robots\" content=\"index, follow, max-snippet:-1, max-image-preview:large, max-video-preview:-1\" \/>\n<link rel=\"canonical\" href=\"https:\/\/www.exploring-umbria.com\/es\/parques-y-lagos-en-umbria\/parque-regional-monte-cucco\/\" \/>\n<meta property=\"og:locale\" content=\"es_ES\" \/>\n<meta property=\"og:type\" content=\"article\" \/>\n<meta property=\"og:title\" content=\"Parque Regional Monte Cucco - Exploring Umbria\" \/>\n<meta property=\"og:description\" content=\"El extremo nororiental de Umbr\u00eda est\u00e1 ocupado por el macizo del Monte Cucco, con sus 1.566 metros es uno de los picos m\u00e1s altos de los Apeninos\" \/>\n<meta property=\"og:url\" content=\"https:\/\/www.exploring-umbria.com\/es\/parques-y-lagos-en-umbria\/parque-regional-monte-cucco\/\" \/>\n<meta property=\"og:site_name\" content=\"Exploring Umbria\" \/>\n<meta property=\"article:publisher\" content=\"https:\/\/www.facebook.com\/exploringumbria\/\" \/>\n<meta property=\"article:modified_time\" content=\"2020-03-04T19:57:50+00:00\" \/>\n<meta property=\"og:image\" content=\"https:\/\/www.exploring-umbria.com\/wp-content\/uploads\/2019\/08\/MONTEC1.jpg\" \/>\n\t<meta property=\"og:image:width\" content=\"1800\" \/>\n\t<meta property=\"og:image:height\" content=\"1350\" \/>\n\t<meta property=\"og:image:type\" content=\"image\/jpeg\" \/>\n<meta name=\"twitter:card\" content=\"summary_large_image\" \/>\n<meta name=\"twitter:label1\" content=\"Tiempo de lectura\" \/>\n\t<meta name=\"twitter:data1\" content=\"1 minuto\" \/>\n<script type=\"application\/ld+json\" class=\"yoast-schema-graph\">{\"@context\":\"https:\/\/schema.org\",\"@graph\":[{\"@type\":\"Organization\",\"@id\":\"https:\/\/www.exploring-umbria.com\/es\/#organization\",\"name\":\"Exploring Umbria\",\"url\":\"https:\/\/www.exploring-umbria.com\/es\/\",\"sameAs\":[\"https:\/\/www.facebook.com\/exploringumbria\/\",\"https:\/\/www.instagram.com\/exploringumbria\/\"],\"logo\":{\"@type\":\"ImageObject\",\"@id\":\"https:\/\/www.exploring-umbria.com\/es\/#logo\",\"inLanguage\":\"es\",\"url\":\"https:\/\/www.exploring-umbria.com\/wp-content\/uploads\/2019\/08\/solo-logo-verde.jpg\",\"contentUrl\":\"https:\/\/www.exploring-umbria.com\/wp-content\/uploads\/2019\/08\/solo-logo-verde.jpg\",\"width\":952,\"height\":532,\"caption\":\"Exploring Umbria\"},\"image\":{\"@id\":\"https:\/\/www.exploring-umbria.com\/es\/#logo\"}},{\"@type\":\"WebSite\",\"@id\":\"https:\/\/www.exploring-umbria.com\/es\/#website\",\"url\":\"https:\/\/www.exploring-umbria.com\/es\/\",\"name\":\"Exploring Umbria\",\"description\":\"your dates, your mood, your trip\",\"publisher\":{\"@id\":\"https:\/\/www.exploring-umbria.com\/es\/#organization\"},\"potentialAction\":[{\"@type\":\"SearchAction\",\"target\":{\"@type\":\"EntryPoint\",\"urlTemplate\":\"https:\/\/www.exploring-umbria.com\/es\/?s={search_term_string}\"},\"query-input\":\"required name=search_term_string\"}],\"inLanguage\":\"es\"},{\"@type\":\"ImageObject\",\"@id\":\"https:\/\/www.exploring-umbria.com\/es\/parques-y-lagos-en-umbria\/parque-regional-monte-cucco\/#primaryimage\",\"inLanguage\":\"es\",\"url\":\"https:\/\/www.exploring-umbria.com\/wp-content\/uploads\/2019\/08\/MONTEC1.jpg\",\"contentUrl\":\"https:\/\/www.exploring-umbria.com\/wp-content\/uploads\/2019\/08\/MONTEC1.jpg\",\"width\":1800,\"height\":1350,\"caption\":\"Parco regionale del Monte Cucco\"},{\"@type\":\"WebPage\",\"@id\":\"https:\/\/www.exploring-umbria.com\/es\/parques-y-lagos-en-umbria\/parque-regional-monte-cucco\/#webpage\",\"url\":\"https:\/\/www.exploring-umbria.com\/es\/parques-y-lagos-en-umbria\/parque-regional-monte-cucco\/\",\"name\":\"Parque Regional Monte Cucco - Exploring Umbria\",\"isPartOf\":{\"@id\":\"https:\/\/www.exploring-umbria.com\/es\/#website\"},\"primaryImageOfPage\":{\"@id\":\"https:\/\/www.exploring-umbria.com\/es\/parques-y-lagos-en-umbria\/parque-regional-monte-cucco\/#primaryimage\"},\"datePublished\":\"2019-05-02T16:55:55+00:00\",\"dateModified\":\"2020-03-04T19:57:50+00:00\",\"description\":\"El extremo nororiental de Umbr\u00eda est\u00e1 ocupado por el macizo del Monte Cucco, con sus 1.566 metros es uno de los picos m\u00e1s altos de los Apeninos\",\"breadcrumb\":{\"@id\":\"https:\/\/www.exploring-umbria.com\/es\/parques-y-lagos-en-umbria\/parque-regional-monte-cucco\/#breadcrumb\"},\"inLanguage\":\"es\",\"potentialAction\":[{\"@type\":\"ReadAction\",\"target\":[\"https:\/\/www.exploring-umbria.com\/es\/parques-y-lagos-en-umbria\/parque-regional-monte-cucco\/\"]}]},{\"@type\":\"BreadcrumbList\",\"@id\":\"https:\/\/www.exploring-umbria.com\/es\/parques-y-lagos-en-umbria\/parque-regional-monte-cucco\/#breadcrumb\",\"itemListElement\":[{\"@type\":\"ListItem\",\"position\":1,\"name\":\"Home\",\"item\":\"https:\/\/www.exploring-umbria.com\/es\/\"},{\"@type\":\"ListItem\",\"position\":2,\"name\":\"Parques y lagos en Umbria\",\"item\":\"https:\/\/www.exploring-umbria.com\/es\/parques-y-lagos-en-umbria\/\"},{\"@type\":\"ListItem\",\"position\":3,\"name\":\"Parque Regional Monte Cucco\"}]}]}<\/script>\n<!-- \/ Yoast SEO plugin. -->","yoast_head_json":{"title":"Parque Regional Monte Cucco - Exploring Umbria","description":"El extremo nororiental de Umbr\u00eda est\u00e1 ocupado por el macizo del Monte Cucco, con sus 1.566 metros es uno de los picos m\u00e1s altos de los Apeninos","robots":{"index":"index","follow":"follow","max-snippet":"max-snippet:-1","max-image-preview":"max-image-preview:large","max-video-preview":"max-video-preview:-1"},"canonical":"https:\/\/www.exploring-umbria.com\/es\/parques-y-lagos-en-umbria\/parque-regional-monte-cucco\/","og_locale":"es_ES","og_type":"article","og_title":"Parque Regional Monte Cucco - Exploring Umbria","og_description":"El extremo nororiental de Umbr\u00eda est\u00e1 ocupado por el macizo del Monte Cucco, con sus 1.566 metros es uno de los picos m\u00e1s altos de los Apeninos","og_url":"https:\/\/www.exploring-umbria.com\/es\/parques-y-lagos-en-umbria\/parque-regional-monte-cucco\/","og_site_name":"Exploring Umbria","article_publisher":"https:\/\/www.facebook.com\/exploringumbria\/","article_modified_time":"2020-03-04T19:57:50+00:00","og_image":[{"width":1800,"height":1350,"url":"https:\/\/www.exploring-umbria.com\/wp-content\/uploads\/2019\/08\/MONTEC1.jpg","type":"image\/jpeg"}],"twitter_card":"summary_large_image","twitter_misc":{"Tiempo de lectura":"1 minuto"},"schema":{"@context":"https:\/\/schema.org","@graph":[{"@type":"Organization","@id":"https:\/\/www.exploring-umbria.com\/es\/#organization","name":"Exploring Umbria","url":"https:\/\/www.exploring-umbria.com\/es\/","sameAs":["https:\/\/www.facebook.com\/exploringumbria\/","https:\/\/www.instagram.com\/exploringumbria\/"],"logo":{"@type":"ImageObject","@id":"https:\/\/www.exploring-umbria.com\/es\/#logo","inLanguage":"es","url":"https:\/\/www.exploring-umbria.com\/wp-content\/uploads\/2019\/08\/solo-logo-verde.jpg","contentUrl":"https:\/\/www.exploring-umbria.com\/wp-content\/uploads\/2019\/08\/solo-logo-verde.jpg","width":952,"height":532,"caption":"Exploring Umbria"},"image":{"@id":"https:\/\/www.exploring-umbria.com\/es\/#logo"}},{"@type":"WebSite","@id":"https:\/\/www.exploring-umbria.com\/es\/#website","url":"https:\/\/www.exploring-umbria.com\/es\/","name":"Exploring Umbria","description":"your dates, your mood, your trip","publisher":{"@id":"https:\/\/www.exploring-umbria.com\/es\/#organization"},"potentialAction":[{"@type":"SearchAction","target":{"@type":"EntryPoint","urlTemplate":"https:\/\/www.exploring-umbria.com\/es\/?s={search_term_string}"},"query-input":"required name=search_term_string"}],"inLanguage":"es"},{"@type":"ImageObject","@id":"https:\/\/www.exploring-umbria.com\/es\/parques-y-lagos-en-umbria\/parque-regional-monte-cucco\/#primaryimage","inLanguage":"es","url":"https:\/\/www.exploring-umbria.com\/wp-content\/uploads\/2019\/08\/MONTEC1.jpg","contentUrl":"https:\/\/www.exploring-umbria.com\/wp-content\/uploads\/2019\/08\/MONTEC1.jpg","width":1800,"height":1350,"caption":"Parco regionale del Monte Cucco"},{"@type":"WebPage","@id":"https:\/\/www.exploring-umbria.com\/es\/parques-y-lagos-en-umbria\/parque-regional-monte-cucco\/#webpage","url":"https:\/\/www.exploring-umbria.com\/es\/parques-y-lagos-en-umbria\/parque-regional-monte-cucco\/","name":"Parque Regional Monte Cucco - Exploring Umbria","isPartOf":{"@id":"https:\/\/www.exploring-umbria.com\/es\/#website"},"primaryImageOfPage":{"@id":"https:\/\/www.exploring-umbria.com\/es\/parques-y-lagos-en-umbria\/parque-regional-monte-cucco\/#primaryimage"},"datePublished":"2019-05-02T16:55:55+00:00","dateModified":"2020-03-04T19:57:50+00:00","description":"El extremo nororiental de Umbr\u00eda est\u00e1 ocupado por el macizo del Monte Cucco, con sus 1.566 metros es uno de los picos m\u00e1s altos de los Apeninos","breadcrumb":{"@id":"https:\/\/www.exploring-umbria.com\/es\/parques-y-lagos-en-umbria\/parque-regional-monte-cucco\/#breadcrumb"},"inLanguage":"es","potentialAction":[{"@type":"ReadAction","target":["https:\/\/www.exploring-umbria.com\/es\/parques-y-lagos-en-umbria\/parque-regional-monte-cucco\/"]}]},{"@type":"BreadcrumbList","@id":"https:\/\/www.exploring-umbria.com\/es\/parques-y-lagos-en-umbria\/parque-regional-monte-cucco\/#breadcrumb","itemListElement":[{"@type":"ListItem","position":1,"name":"Home","item":"https:\/\/www.exploring-umbria.com\/es\/"},{"@type":"ListItem","position":2,"name":"Parques y lagos en Umbria","item":"https:\/\/www.exploring-umbria.com\/es\/parques-y-lagos-en-umbria\/"},{"@type":"ListItem","position":3,"name":"Parque Regional Monte Cucco"}]}]}},"_links":{"self":[{"href":"https:\/\/www.exploring-umbria.com\/es\/wp-json\/wp\/v2\/pages\/31875"}],"collection":[{"href":"https:\/\/www.exploring-umbria.com\/es\/wp-json\/wp\/v2\/pages"}],"about":[{"href":"https:\/\/www.exploring-umbria.com\/es\/wp-json\/wp\/v2\/types\/page"}],"author":[{"embeddable":true,"href":"https:\/\/www.exploring-umbria.com\/es\/wp-json\/wp\/v2\/users\/3"}],"replies":[{"embeddable":true,"href":"https:\/\/www.exploring-umbria.com\/es\/wp-json\/wp\/v2\/comments?post=31875"}],"version-history":[{"count":2,"href":"https:\/\/www.exploring-umbria.com\/es\/wp-json\/wp\/v2\/pages\/31875\/revisions"}],"predecessor-version":[{"id":31877,"href":"https:\/\/www.exploring-umbria.com\/es\/wp-json\/wp\/v2\/pages\/31875\/revisions\/31877"}],"up":[{"embeddable":true,"href":"https:\/\/www.exploring-umbria.com\/es\/wp-json\/wp\/v2\/pages\/31856"}],"wp:featuredmedia":[{"embeddable":true,"href":"https:\/\/www.exploring-umbria.com\/es\/wp-json\/wp\/v2\/media\/19250"}],"wp:attachment":[{"href":"https:\/\/www.exploring-umbria.com\/es\/wp-json\/wp\/v2\/media?parent=31875"}],"curies":[{"name":"wp","href":"https:\/\/api.w.org\/{rel}","templated":true}]}}