{"id":31868,"date":"2019-05-02T18:55:58","date_gmt":"2019-05-02T16:55:58","guid":{"rendered":"https:\/\/www.exploring-umbria.com\/parques-y-lagos-en-umbria\/parco-regionale-del-fiume-tevere\/"},"modified":"2020-03-04T20:48:49","modified_gmt":"2020-03-04T19:48:49","slug":"parque-regional-del-rio-tiber","status":"publish","type":"page","link":"https:\/\/www.exploring-umbria.com\/es\/parques-y-lagos-en-umbria\/parque-regional-del-rio-tiber\/","title":{"rendered":"Parque Regional del R\u00edo T\u00edber"},"content":{"rendered":"<p>Antes de llegar a Roma y convertirse en uno de los r\u00edos m\u00e1s importantes y famosos del mundo, el T\u00edber tambi\u00e9n pasa por Umbr\u00eda y su curso est\u00e1 protegido en gran parte por un parque regional que seextiende sobre m\u00e1s de 7000 hect\u00e1reas en un territorio de siete municipios.<\/p>\n<p>El r\u00edo ha sido navegado y habitado por hombres desde el principio de los tiempos. Gracias a ello, los romanos pudieron adentrarse en los territorios de las poblaciones umbras y estruscas y profundizar las ra\u00edces de su colonizaci\u00f3n. El territorio del parque est\u00e1 de hecholleno de restos arqueol\u00f3gicos y pueblos antiguos. <a href=\"https:\/\/www.exploring-umbria.com\/es\/subcategories\/cosa-fare-e-cosa-vedere-ad-orvieto\/#heading3014\" target=\"_blank\" rel=\"noopener noreferrer\"><strong>Orvieto<\/strong> <\/a>est\u00e1 situado cerca de esta zona y <a href=\"https:\/\/www.exploring-umbria.com\/es\/subcategories\/cosa-fare-e-cosa-vedere-a-todi\/#heading2947\" target=\"_blank\" rel=\"noopener noreferrer\"><strong>Todi<\/strong> <\/a>tiene su centro hist\u00f3rico incluido en los l\u00edmites del parque. La intervenci\u00f3n y el trabajo humano no ha podido afectar una armon\u00eda establecida a lo largo de los siglos en el medio ambiente salvaje. De hecho, en este caso, el trabajo del hombre y el de la naturaleza parecen estar en simbiosis. El lago de Corbara<strong>, una cuenca artificial <\/strong>utilizada para la producci\u00f3n de electricidad, se arrastra con susap\u00e9ndices dentro de los valles, formando vislumbres de paisajes extraordinarios, como la garganta del <a href=\"https:\/\/it.wikipedia.org\/wiki\/Gola_del_Forello\" target=\"_blank\" rel=\"noopener noreferrer\"><strong>Forello<\/strong><\/a>. M\u00e1s abajo en el valle, las curvas del r\u00edo se unen para crear una reserva natural pantanosa llamada <strong>Oasi d&#8217;Alviano, <\/strong>tambi\u00e9n de naturaleza artificial, protegida por el WWF: uno de los puntos de mayor concentraci\u00f3n de aves durante la temporada de migraci\u00f3n.<\/p>\n","protected":false},"excerpt":{"rendered":"<p>Antes de llegar a Roma y convertirse en uno de los r\u00edos m\u00e1s importantes y famosos del mundo, el T\u00edber tambi\u00e9n pasa por Umbr\u00eda y su curso est\u00e1 protegido en gran parte por un parque regional que seextiende sobre m\u00e1s de 7000 hect\u00e1reas en un territorio de siete municipios. El r\u00edo ha sido navegado y [&hellip;]<\/p>\n","protected":false},"author":3,"featured_media":17291,"parent":31856,"menu_order":0,"comment_status":"closed","ping_status":"closed","template":"","meta":{"om_disable_all_campaigns":false,"_monsterinsights_skip_tracking":false,"_monsterinsights_sitenote_active":false,"_monsterinsights_sitenote_note":"","_monsterinsights_sitenote_category":0},"acf":[],"yoast_head":"<!-- This site is optimized with the Yoast SEO plugin v18.4.1 - https:\/\/yoast.com\/wordpress\/plugins\/seo\/ -->\n<title>Parque Regional del R\u00edo T\u00edber - Exploring Umbria<\/title>\n<meta name=\"description\" content=\"Antes de llegar a Roma y convertirse en uno de los r\u00edos m\u00e1s importantes y famosos del mundo, el T\u00edber tambi\u00e9n pasa por Umbr\u00eda y su curso est\u00e1 protegido en\" \/>\n<meta name=\"robots\" content=\"index, follow, max-snippet:-1, max-image-preview:large, max-video-preview:-1\" \/>\n<link rel=\"canonical\" href=\"https:\/\/www.exploring-umbria.com\/es\/parques-y-lagos-en-umbria\/parque-regional-del-rio-tiber\/\" \/>\n<meta property=\"og:locale\" content=\"es_ES\" \/>\n<meta property=\"og:type\" content=\"article\" \/>\n<meta property=\"og:title\" content=\"Parque Regional del R\u00edo T\u00edber - Exploring Umbria\" \/>\n<meta property=\"og:description\" content=\"Antes de llegar a Roma y convertirse en uno de los r\u00edos m\u00e1s importantes y famosos del mundo, el T\u00edber tambi\u00e9n pasa por Umbr\u00eda y su curso est\u00e1 protegido en\" \/>\n<meta property=\"og:url\" content=\"https:\/\/www.exploring-umbria.com\/es\/parques-y-lagos-en-umbria\/parque-regional-del-rio-tiber\/\" \/>\n<meta property=\"og:site_name\" content=\"Exploring Umbria\" \/>\n<meta property=\"article:publisher\" content=\"https:\/\/www.facebook.com\/exploringumbria\/\" \/>\n<meta property=\"article:modified_time\" content=\"2020-03-04T19:48:49+00:00\" \/>\n<meta property=\"og:image\" content=\"https:\/\/www.exploring-umbria.com\/wp-content\/uploads\/2019\/07\/terni-fiume-nera-autounno.jpg\" \/>\n\t<meta property=\"og:image:width\" content=\"1800\" \/>\n\t<meta property=\"og:image:height\" content=\"1143\" \/>\n\t<meta property=\"og:image:type\" content=\"image\/jpeg\" \/>\n<meta name=\"twitter:card\" content=\"summary_large_image\" \/>\n<meta name=\"twitter:label1\" content=\"Tiempo de lectura\" \/>\n\t<meta name=\"twitter:data1\" content=\"1 minuto\" \/>\n<script type=\"application\/ld+json\" class=\"yoast-schema-graph\">{\"@context\":\"https:\/\/schema.org\",\"@graph\":[{\"@type\":\"Organization\",\"@id\":\"https:\/\/www.exploring-umbria.com\/es\/#organization\",\"name\":\"Exploring Umbria\",\"url\":\"https:\/\/www.exploring-umbria.com\/es\/\",\"sameAs\":[\"https:\/\/www.facebook.com\/exploringumbria\/\",\"https:\/\/www.instagram.com\/exploringumbria\/\"],\"logo\":{\"@type\":\"ImageObject\",\"@id\":\"https:\/\/www.exploring-umbria.com\/es\/#logo\",\"inLanguage\":\"es\",\"url\":\"https:\/\/www.exploring-umbria.com\/wp-content\/uploads\/2019\/08\/solo-logo-verde.jpg\",\"contentUrl\":\"https:\/\/www.exploring-umbria.com\/wp-content\/uploads\/2019\/08\/solo-logo-verde.jpg\",\"width\":952,\"height\":532,\"caption\":\"Exploring Umbria\"},\"image\":{\"@id\":\"https:\/\/www.exploring-umbria.com\/es\/#logo\"}},{\"@type\":\"WebSite\",\"@id\":\"https:\/\/www.exploring-umbria.com\/es\/#website\",\"url\":\"https:\/\/www.exploring-umbria.com\/es\/\",\"name\":\"Exploring Umbria\",\"description\":\"your dates, your mood, your trip\",\"publisher\":{\"@id\":\"https:\/\/www.exploring-umbria.com\/es\/#organization\"},\"potentialAction\":[{\"@type\":\"SearchAction\",\"target\":{\"@type\":\"EntryPoint\",\"urlTemplate\":\"https:\/\/www.exploring-umbria.com\/es\/?s={search_term_string}\"},\"query-input\":\"required name=search_term_string\"}],\"inLanguage\":\"es\"},{\"@type\":\"ImageObject\",\"@id\":\"https:\/\/www.exploring-umbria.com\/es\/parques-y-lagos-en-umbria\/parque-regional-del-rio-tiber\/#primaryimage\",\"inLanguage\":\"es\",\"url\":\"https:\/\/www.exploring-umbria.com\/wp-content\/uploads\/2019\/07\/terni-fiume-nera-autounno.jpg\",\"contentUrl\":\"https:\/\/www.exploring-umbria.com\/wp-content\/uploads\/2019\/07\/terni-fiume-nera-autounno.jpg\",\"width\":1800,\"height\":1143,\"caption\":\"parco regionale del fiume tevere\"},{\"@type\":\"WebPage\",\"@id\":\"https:\/\/www.exploring-umbria.com\/es\/parques-y-lagos-en-umbria\/parque-regional-del-rio-tiber\/#webpage\",\"url\":\"https:\/\/www.exploring-umbria.com\/es\/parques-y-lagos-en-umbria\/parque-regional-del-rio-tiber\/\",\"name\":\"Parque Regional del R\u00edo T\u00edber - Exploring Umbria\",\"isPartOf\":{\"@id\":\"https:\/\/www.exploring-umbria.com\/es\/#website\"},\"primaryImageOfPage\":{\"@id\":\"https:\/\/www.exploring-umbria.com\/es\/parques-y-lagos-en-umbria\/parque-regional-del-rio-tiber\/#primaryimage\"},\"datePublished\":\"2019-05-02T16:55:58+00:00\",\"dateModified\":\"2020-03-04T19:48:49+00:00\",\"description\":\"Antes de llegar a Roma y convertirse en uno de los r\u00edos m\u00e1s importantes y famosos del mundo, el T\u00edber tambi\u00e9n pasa por Umbr\u00eda y su curso est\u00e1 protegido en\",\"breadcrumb\":{\"@id\":\"https:\/\/www.exploring-umbria.com\/es\/parques-y-lagos-en-umbria\/parque-regional-del-rio-tiber\/#breadcrumb\"},\"inLanguage\":\"es\",\"potentialAction\":[{\"@type\":\"ReadAction\",\"target\":[\"https:\/\/www.exploring-umbria.com\/es\/parques-y-lagos-en-umbria\/parque-regional-del-rio-tiber\/\"]}]},{\"@type\":\"BreadcrumbList\",\"@id\":\"https:\/\/www.exploring-umbria.com\/es\/parques-y-lagos-en-umbria\/parque-regional-del-rio-tiber\/#breadcrumb\",\"itemListElement\":[{\"@type\":\"ListItem\",\"position\":1,\"name\":\"Home\",\"item\":\"https:\/\/www.exploring-umbria.com\/es\/\"},{\"@type\":\"ListItem\",\"position\":2,\"name\":\"Parques y lagos en Umbria\",\"item\":\"https:\/\/www.exploring-umbria.com\/es\/parques-y-lagos-en-umbria\/\"},{\"@type\":\"ListItem\",\"position\":3,\"name\":\"Parque Regional del R\u00edo T\u00edber\"}]}]}<\/script>\n<!-- \/ Yoast SEO plugin. -->","yoast_head_json":{"title":"Parque Regional del R\u00edo T\u00edber - Exploring Umbria","description":"Antes de llegar a Roma y convertirse en uno de los r\u00edos m\u00e1s importantes y famosos del mundo, el T\u00edber tambi\u00e9n pasa por Umbr\u00eda y su curso est\u00e1 protegido en","robots":{"index":"index","follow":"follow","max-snippet":"max-snippet:-1","max-image-preview":"max-image-preview:large","max-video-preview":"max-video-preview:-1"},"canonical":"https:\/\/www.exploring-umbria.com\/es\/parques-y-lagos-en-umbria\/parque-regional-del-rio-tiber\/","og_locale":"es_ES","og_type":"article","og_title":"Parque Regional del R\u00edo T\u00edber - Exploring Umbria","og_description":"Antes de llegar a Roma y convertirse en uno de los r\u00edos m\u00e1s importantes y famosos del mundo, el T\u00edber tambi\u00e9n pasa por Umbr\u00eda y su curso est\u00e1 protegido en","og_url":"https:\/\/www.exploring-umbria.com\/es\/parques-y-lagos-en-umbria\/parque-regional-del-rio-tiber\/","og_site_name":"Exploring Umbria","article_publisher":"https:\/\/www.facebook.com\/exploringumbria\/","article_modified_time":"2020-03-04T19:48:49+00:00","og_image":[{"width":1800,"height":1143,"url":"https:\/\/www.exploring-umbria.com\/wp-content\/uploads\/2019\/07\/terni-fiume-nera-autounno.jpg","type":"image\/jpeg"}],"twitter_card":"summary_large_image","twitter_misc":{"Tiempo de lectura":"1 minuto"},"schema":{"@context":"https:\/\/schema.org","@graph":[{"@type":"Organization","@id":"https:\/\/www.exploring-umbria.com\/es\/#organization","name":"Exploring Umbria","url":"https:\/\/www.exploring-umbria.com\/es\/","sameAs":["https:\/\/www.facebook.com\/exploringumbria\/","https:\/\/www.instagram.com\/exploringumbria\/"],"logo":{"@type":"ImageObject","@id":"https:\/\/www.exploring-umbria.com\/es\/#logo","inLanguage":"es","url":"https:\/\/www.exploring-umbria.com\/wp-content\/uploads\/2019\/08\/solo-logo-verde.jpg","contentUrl":"https:\/\/www.exploring-umbria.com\/wp-content\/uploads\/2019\/08\/solo-logo-verde.jpg","width":952,"height":532,"caption":"Exploring Umbria"},"image":{"@id":"https:\/\/www.exploring-umbria.com\/es\/#logo"}},{"@type":"WebSite","@id":"https:\/\/www.exploring-umbria.com\/es\/#website","url":"https:\/\/www.exploring-umbria.com\/es\/","name":"Exploring Umbria","description":"your dates, your mood, your trip","publisher":{"@id":"https:\/\/www.exploring-umbria.com\/es\/#organization"},"potentialAction":[{"@type":"SearchAction","target":{"@type":"EntryPoint","urlTemplate":"https:\/\/www.exploring-umbria.com\/es\/?s={search_term_string}"},"query-input":"required name=search_term_string"}],"inLanguage":"es"},{"@type":"ImageObject","@id":"https:\/\/www.exploring-umbria.com\/es\/parques-y-lagos-en-umbria\/parque-regional-del-rio-tiber\/#primaryimage","inLanguage":"es","url":"https:\/\/www.exploring-umbria.com\/wp-content\/uploads\/2019\/07\/terni-fiume-nera-autounno.jpg","contentUrl":"https:\/\/www.exploring-umbria.com\/wp-content\/uploads\/2019\/07\/terni-fiume-nera-autounno.jpg","width":1800,"height":1143,"caption":"parco regionale del fiume tevere"},{"@type":"WebPage","@id":"https:\/\/www.exploring-umbria.com\/es\/parques-y-lagos-en-umbria\/parque-regional-del-rio-tiber\/#webpage","url":"https:\/\/www.exploring-umbria.com\/es\/parques-y-lagos-en-umbria\/parque-regional-del-rio-tiber\/","name":"Parque Regional del R\u00edo T\u00edber - Exploring Umbria","isPartOf":{"@id":"https:\/\/www.exploring-umbria.com\/es\/#website"},"primaryImageOfPage":{"@id":"https:\/\/www.exploring-umbria.com\/es\/parques-y-lagos-en-umbria\/parque-regional-del-rio-tiber\/#primaryimage"},"datePublished":"2019-05-02T16:55:58+00:00","dateModified":"2020-03-04T19:48:49+00:00","description":"Antes de llegar a Roma y convertirse en uno de los r\u00edos m\u00e1s importantes y famosos del mundo, el T\u00edber tambi\u00e9n pasa por Umbr\u00eda y su curso est\u00e1 protegido en","breadcrumb":{"@id":"https:\/\/www.exploring-umbria.com\/es\/parques-y-lagos-en-umbria\/parque-regional-del-rio-tiber\/#breadcrumb"},"inLanguage":"es","potentialAction":[{"@type":"ReadAction","target":["https:\/\/www.exploring-umbria.com\/es\/parques-y-lagos-en-umbria\/parque-regional-del-rio-tiber\/"]}]},{"@type":"BreadcrumbList","@id":"https:\/\/www.exploring-umbria.com\/es\/parques-y-lagos-en-umbria\/parque-regional-del-rio-tiber\/#breadcrumb","itemListElement":[{"@type":"ListItem","position":1,"name":"Home","item":"https:\/\/www.exploring-umbria.com\/es\/"},{"@type":"ListItem","position":2,"name":"Parques y lagos en Umbria","item":"https:\/\/www.exploring-umbria.com\/es\/parques-y-lagos-en-umbria\/"},{"@type":"ListItem","position":3,"name":"Parque Regional del R\u00edo T\u00edber"}]}]}},"_links":{"self":[{"href":"https:\/\/www.exploring-umbria.com\/es\/wp-json\/wp\/v2\/pages\/31868"}],"collection":[{"href":"https:\/\/www.exploring-umbria.com\/es\/wp-json\/wp\/v2\/pages"}],"about":[{"href":"https:\/\/www.exploring-umbria.com\/es\/wp-json\/wp\/v2\/types\/page"}],"author":[{"embeddable":true,"href":"https:\/\/www.exploring-umbria.com\/es\/wp-json\/wp\/v2\/users\/3"}],"replies":[{"embeddable":true,"href":"https:\/\/www.exploring-umbria.com\/es\/wp-json\/wp\/v2\/comments?post=31868"}],"version-history":[{"count":2,"href":"https:\/\/www.exploring-umbria.com\/es\/wp-json\/wp\/v2\/pages\/31868\/revisions"}],"predecessor-version":[{"id":31871,"href":"https:\/\/www.exploring-umbria.com\/es\/wp-json\/wp\/v2\/pages\/31868\/revisions\/31871"}],"up":[{"embeddable":true,"href":"https:\/\/www.exploring-umbria.com\/es\/wp-json\/wp\/v2\/pages\/31856"}],"wp:featuredmedia":[{"embeddable":true,"href":"https:\/\/www.exploring-umbria.com\/es\/wp-json\/wp\/v2\/media\/17291"}],"wp:attachment":[{"href":"https:\/\/www.exploring-umbria.com\/es\/wp-json\/wp\/v2\/media?parent=31868"}],"curies":[{"name":"wp","href":"https:\/\/api.w.org\/{rel}","templated":true}]}}