{"id":31864,"date":"2019-05-02T18:56:02","date_gmt":"2019-05-02T16:56:02","guid":{"rendered":"https:\/\/www.exploring-umbria.com\/parques-y-lagos-en-umbria\/parco-regionale-di-colfiorito\/"},"modified":"2020-03-04T20:39:18","modified_gmt":"2020-03-04T19:39:18","slug":"parque-regional-de-colfiorito","status":"publish","type":"page","link":"https:\/\/www.exploring-umbria.com\/es\/parques-y-lagos-en-umbria\/parque-regional-de-colfiorito\/","title":{"rendered":"Parque Regional de Colfiorito"},"content":{"rendered":"<p>Con s\u00f3lo 338 hect\u00e1reas, el parque de Colfiorito es el m\u00e1s peque\u00f1o de la regi\u00f3n, perono menos importante y fascinante. La zona, declarada patrimonio de importancia internacional por la Convenci\u00f3n de Ramsar ya en 1976, est\u00e1 constituida principalmente por tierras de origen pantanoso. La acci\u00f3n sistem\u00e1tica de recuperaci\u00f3n llevada a cabo por el hombre a lo largo de los siglos no ha logrado afectar el \u00e1rea del parque de Colfiorito, que ahora es de fundamental importancia por sus turberas, zonas pantanosas donde las condiciones de temperatura y acidez inhiben la descomposici\u00f3n de los tejidos animales y vegetales, favoreciendo la acumulaci\u00f3n y compactaci\u00f3n de la materia org\u00e1nica en la llamada turba, material precioso y vers\u00e1til. \u00a0Adem\u00e1s, su ecosistema alberga una gran variedad de flora y fauna, presente s\u00f3lo dentro de este parque, como el Lirio de las <a href=\"https:\/\/es.wikipedia.org\/wiki\/Nymphaea_alba\" target=\"_blank\" rel=\"noopener noreferrer\">Aguas Blancas<\/a> o la <a href=\"https:\/\/es.wikipedia.org\/wiki\/Anacamptis_laxiflora\" target=\"_blank\" rel=\"noopener noreferrer\">Orqu\u00eddea Acu\u00e1tica<\/a>. La vista de este colorido mar de vegetaci\u00f3n flotante desde sus alturas es impresionante y uno se puede\u00a0 <a href=\"https:\/\/www.exploring-umbria.com\/attivita\/trekking-a-colfiorito-nelle-terre-degli-antichi-plestini\/\" target=\"_blank\" rel=\"noopener noreferrer\">adentrar en el pantano<\/a> gracias a las pasarelas de madera.<\/p>\n","protected":false},"excerpt":{"rendered":"<p>Con s\u00f3lo 338 hect\u00e1reas, el parque de Colfiorito es el m\u00e1s peque\u00f1o de la regi\u00f3n, perono menos importante y fascinante. La zona, declarada patrimonio de importancia internacional por la Convenci\u00f3n de Ramsar ya en 1976, est\u00e1 constituida principalmente por tierras de origen pantanoso. La acci\u00f3n sistem\u00e1tica de recuperaci\u00f3n llevada a cabo por el hombre a [&hellip;]<\/p>\n","protected":false},"author":3,"featured_media":19292,"parent":31856,"menu_order":0,"comment_status":"closed","ping_status":"closed","template":"","meta":{"om_disable_all_campaigns":false,"_monsterinsights_skip_tracking":false,"_monsterinsights_sitenote_active":false,"_monsterinsights_sitenote_note":"","_monsterinsights_sitenote_category":0},"acf":[],"yoast_head":"<!-- This site is optimized with the Yoast SEO plugin v18.4.1 - https:\/\/yoast.com\/wordpress\/plugins\/seo\/ -->\n<title>Parque Regional de Colfiorito - Exploring Umbria<\/title>\n<meta name=\"description\" content=\"Con s\u00f3lo 338 hect\u00e1reas, el parque de Colfiorito es el m\u00e1s peque\u00f1o de la regi\u00f3n, perono menos importante y fascinante. La zona, declarada patrimonio de\" \/>\n<meta name=\"robots\" content=\"index, follow, max-snippet:-1, max-image-preview:large, max-video-preview:-1\" \/>\n<link rel=\"canonical\" href=\"https:\/\/www.exploring-umbria.com\/es\/parques-y-lagos-en-umbria\/parque-regional-de-colfiorito\/\" \/>\n<meta property=\"og:locale\" content=\"es_ES\" \/>\n<meta property=\"og:type\" content=\"article\" \/>\n<meta property=\"og:title\" content=\"Parque Regional de Colfiorito - Exploring Umbria\" \/>\n<meta property=\"og:description\" content=\"Con s\u00f3lo 338 hect\u00e1reas, el parque de Colfiorito es el m\u00e1s peque\u00f1o de la regi\u00f3n, perono menos importante y fascinante. La zona, declarada patrimonio de\" \/>\n<meta property=\"og:url\" content=\"https:\/\/www.exploring-umbria.com\/es\/parques-y-lagos-en-umbria\/parque-regional-de-colfiorito\/\" \/>\n<meta property=\"og:site_name\" content=\"Exploring Umbria\" \/>\n<meta property=\"article:publisher\" content=\"https:\/\/www.facebook.com\/exploringumbria\/\" \/>\n<meta property=\"article:modified_time\" content=\"2020-03-04T19:39:18+00:00\" \/>\n<meta property=\"og:image\" content=\"https:\/\/www.exploring-umbria.com\/wp-content\/uploads\/2019\/08\/COLFIO3-1.jpg\" \/>\n\t<meta property=\"og:image:width\" content=\"1800\" \/>\n\t<meta property=\"og:image:height\" content=\"1200\" \/>\n\t<meta property=\"og:image:type\" content=\"image\/jpeg\" \/>\n<meta name=\"twitter:card\" content=\"summary_large_image\" \/>\n<meta name=\"twitter:label1\" content=\"Tiempo de lectura\" \/>\n\t<meta name=\"twitter:data1\" content=\"1 minuto\" \/>\n<script type=\"application\/ld+json\" class=\"yoast-schema-graph\">{\"@context\":\"https:\/\/schema.org\",\"@graph\":[{\"@type\":\"Organization\",\"@id\":\"https:\/\/www.exploring-umbria.com\/es\/#organization\",\"name\":\"Exploring Umbria\",\"url\":\"https:\/\/www.exploring-umbria.com\/es\/\",\"sameAs\":[\"https:\/\/www.facebook.com\/exploringumbria\/\",\"https:\/\/www.instagram.com\/exploringumbria\/\"],\"logo\":{\"@type\":\"ImageObject\",\"@id\":\"https:\/\/www.exploring-umbria.com\/es\/#logo\",\"inLanguage\":\"es\",\"url\":\"https:\/\/www.exploring-umbria.com\/wp-content\/uploads\/2019\/08\/solo-logo-verde.jpg\",\"contentUrl\":\"https:\/\/www.exploring-umbria.com\/wp-content\/uploads\/2019\/08\/solo-logo-verde.jpg\",\"width\":952,\"height\":532,\"caption\":\"Exploring Umbria\"},\"image\":{\"@id\":\"https:\/\/www.exploring-umbria.com\/es\/#logo\"}},{\"@type\":\"WebSite\",\"@id\":\"https:\/\/www.exploring-umbria.com\/es\/#website\",\"url\":\"https:\/\/www.exploring-umbria.com\/es\/\",\"name\":\"Exploring Umbria\",\"description\":\"your dates, your mood, your trip\",\"publisher\":{\"@id\":\"https:\/\/www.exploring-umbria.com\/es\/#organization\"},\"potentialAction\":[{\"@type\":\"SearchAction\",\"target\":{\"@type\":\"EntryPoint\",\"urlTemplate\":\"https:\/\/www.exploring-umbria.com\/es\/?s={search_term_string}\"},\"query-input\":\"required name=search_term_string\"}],\"inLanguage\":\"es\"},{\"@type\":\"ImageObject\",\"@id\":\"https:\/\/www.exploring-umbria.com\/es\/parques-y-lagos-en-umbria\/parque-regional-de-colfiorito\/#primaryimage\",\"inLanguage\":\"es\",\"url\":\"https:\/\/www.exploring-umbria.com\/wp-content\/uploads\/2019\/08\/COLFIO3-1.jpg\",\"contentUrl\":\"https:\/\/www.exploring-umbria.com\/wp-content\/uploads\/2019\/08\/COLFIO3-1.jpg\",\"width\":1800,\"height\":1200,\"caption\":\"trekking cofiorito\"},{\"@type\":\"WebPage\",\"@id\":\"https:\/\/www.exploring-umbria.com\/es\/parques-y-lagos-en-umbria\/parque-regional-de-colfiorito\/#webpage\",\"url\":\"https:\/\/www.exploring-umbria.com\/es\/parques-y-lagos-en-umbria\/parque-regional-de-colfiorito\/\",\"name\":\"Parque Regional de Colfiorito - Exploring Umbria\",\"isPartOf\":{\"@id\":\"https:\/\/www.exploring-umbria.com\/es\/#website\"},\"primaryImageOfPage\":{\"@id\":\"https:\/\/www.exploring-umbria.com\/es\/parques-y-lagos-en-umbria\/parque-regional-de-colfiorito\/#primaryimage\"},\"datePublished\":\"2019-05-02T16:56:02+00:00\",\"dateModified\":\"2020-03-04T19:39:18+00:00\",\"description\":\"Con s\u00f3lo 338 hect\u00e1reas, el parque de Colfiorito es el m\u00e1s peque\u00f1o de la regi\u00f3n, perono menos importante y fascinante. La zona, declarada patrimonio de\",\"breadcrumb\":{\"@id\":\"https:\/\/www.exploring-umbria.com\/es\/parques-y-lagos-en-umbria\/parque-regional-de-colfiorito\/#breadcrumb\"},\"inLanguage\":\"es\",\"potentialAction\":[{\"@type\":\"ReadAction\",\"target\":[\"https:\/\/www.exploring-umbria.com\/es\/parques-y-lagos-en-umbria\/parque-regional-de-colfiorito\/\"]}]},{\"@type\":\"BreadcrumbList\",\"@id\":\"https:\/\/www.exploring-umbria.com\/es\/parques-y-lagos-en-umbria\/parque-regional-de-colfiorito\/#breadcrumb\",\"itemListElement\":[{\"@type\":\"ListItem\",\"position\":1,\"name\":\"Home\",\"item\":\"https:\/\/www.exploring-umbria.com\/es\/\"},{\"@type\":\"ListItem\",\"position\":2,\"name\":\"Parques y lagos en Umbria\",\"item\":\"https:\/\/www.exploring-umbria.com\/es\/parques-y-lagos-en-umbria\/\"},{\"@type\":\"ListItem\",\"position\":3,\"name\":\"Parque Regional de Colfiorito\"}]}]}<\/script>\n<!-- \/ Yoast SEO plugin. -->","yoast_head_json":{"title":"Parque Regional de Colfiorito - Exploring Umbria","description":"Con s\u00f3lo 338 hect\u00e1reas, el parque de Colfiorito es el m\u00e1s peque\u00f1o de la regi\u00f3n, perono menos importante y fascinante. La zona, declarada patrimonio de","robots":{"index":"index","follow":"follow","max-snippet":"max-snippet:-1","max-image-preview":"max-image-preview:large","max-video-preview":"max-video-preview:-1"},"canonical":"https:\/\/www.exploring-umbria.com\/es\/parques-y-lagos-en-umbria\/parque-regional-de-colfiorito\/","og_locale":"es_ES","og_type":"article","og_title":"Parque Regional de Colfiorito - Exploring Umbria","og_description":"Con s\u00f3lo 338 hect\u00e1reas, el parque de Colfiorito es el m\u00e1s peque\u00f1o de la regi\u00f3n, perono menos importante y fascinante. La zona, declarada patrimonio de","og_url":"https:\/\/www.exploring-umbria.com\/es\/parques-y-lagos-en-umbria\/parque-regional-de-colfiorito\/","og_site_name":"Exploring Umbria","article_publisher":"https:\/\/www.facebook.com\/exploringumbria\/","article_modified_time":"2020-03-04T19:39:18+00:00","og_image":[{"width":1800,"height":1200,"url":"https:\/\/www.exploring-umbria.com\/wp-content\/uploads\/2019\/08\/COLFIO3-1.jpg","type":"image\/jpeg"}],"twitter_card":"summary_large_image","twitter_misc":{"Tiempo de lectura":"1 minuto"},"schema":{"@context":"https:\/\/schema.org","@graph":[{"@type":"Organization","@id":"https:\/\/www.exploring-umbria.com\/es\/#organization","name":"Exploring Umbria","url":"https:\/\/www.exploring-umbria.com\/es\/","sameAs":["https:\/\/www.facebook.com\/exploringumbria\/","https:\/\/www.instagram.com\/exploringumbria\/"],"logo":{"@type":"ImageObject","@id":"https:\/\/www.exploring-umbria.com\/es\/#logo","inLanguage":"es","url":"https:\/\/www.exploring-umbria.com\/wp-content\/uploads\/2019\/08\/solo-logo-verde.jpg","contentUrl":"https:\/\/www.exploring-umbria.com\/wp-content\/uploads\/2019\/08\/solo-logo-verde.jpg","width":952,"height":532,"caption":"Exploring Umbria"},"image":{"@id":"https:\/\/www.exploring-umbria.com\/es\/#logo"}},{"@type":"WebSite","@id":"https:\/\/www.exploring-umbria.com\/es\/#website","url":"https:\/\/www.exploring-umbria.com\/es\/","name":"Exploring Umbria","description":"your dates, your mood, your trip","publisher":{"@id":"https:\/\/www.exploring-umbria.com\/es\/#organization"},"potentialAction":[{"@type":"SearchAction","target":{"@type":"EntryPoint","urlTemplate":"https:\/\/www.exploring-umbria.com\/es\/?s={search_term_string}"},"query-input":"required name=search_term_string"}],"inLanguage":"es"},{"@type":"ImageObject","@id":"https:\/\/www.exploring-umbria.com\/es\/parques-y-lagos-en-umbria\/parque-regional-de-colfiorito\/#primaryimage","inLanguage":"es","url":"https:\/\/www.exploring-umbria.com\/wp-content\/uploads\/2019\/08\/COLFIO3-1.jpg","contentUrl":"https:\/\/www.exploring-umbria.com\/wp-content\/uploads\/2019\/08\/COLFIO3-1.jpg","width":1800,"height":1200,"caption":"trekking cofiorito"},{"@type":"WebPage","@id":"https:\/\/www.exploring-umbria.com\/es\/parques-y-lagos-en-umbria\/parque-regional-de-colfiorito\/#webpage","url":"https:\/\/www.exploring-umbria.com\/es\/parques-y-lagos-en-umbria\/parque-regional-de-colfiorito\/","name":"Parque Regional de Colfiorito - Exploring Umbria","isPartOf":{"@id":"https:\/\/www.exploring-umbria.com\/es\/#website"},"primaryImageOfPage":{"@id":"https:\/\/www.exploring-umbria.com\/es\/parques-y-lagos-en-umbria\/parque-regional-de-colfiorito\/#primaryimage"},"datePublished":"2019-05-02T16:56:02+00:00","dateModified":"2020-03-04T19:39:18+00:00","description":"Con s\u00f3lo 338 hect\u00e1reas, el parque de Colfiorito es el m\u00e1s peque\u00f1o de la regi\u00f3n, perono menos importante y fascinante. La zona, declarada patrimonio de","breadcrumb":{"@id":"https:\/\/www.exploring-umbria.com\/es\/parques-y-lagos-en-umbria\/parque-regional-de-colfiorito\/#breadcrumb"},"inLanguage":"es","potentialAction":[{"@type":"ReadAction","target":["https:\/\/www.exploring-umbria.com\/es\/parques-y-lagos-en-umbria\/parque-regional-de-colfiorito\/"]}]},{"@type":"BreadcrumbList","@id":"https:\/\/www.exploring-umbria.com\/es\/parques-y-lagos-en-umbria\/parque-regional-de-colfiorito\/#breadcrumb","itemListElement":[{"@type":"ListItem","position":1,"name":"Home","item":"https:\/\/www.exploring-umbria.com\/es\/"},{"@type":"ListItem","position":2,"name":"Parques y lagos en Umbria","item":"https:\/\/www.exploring-umbria.com\/es\/parques-y-lagos-en-umbria\/"},{"@type":"ListItem","position":3,"name":"Parque Regional de Colfiorito"}]}]}},"_links":{"self":[{"href":"https:\/\/www.exploring-umbria.com\/es\/wp-json\/wp\/v2\/pages\/31864"}],"collection":[{"href":"https:\/\/www.exploring-umbria.com\/es\/wp-json\/wp\/v2\/pages"}],"about":[{"href":"https:\/\/www.exploring-umbria.com\/es\/wp-json\/wp\/v2\/types\/page"}],"author":[{"embeddable":true,"href":"https:\/\/www.exploring-umbria.com\/es\/wp-json\/wp\/v2\/users\/3"}],"replies":[{"embeddable":true,"href":"https:\/\/www.exploring-umbria.com\/es\/wp-json\/wp\/v2\/comments?post=31864"}],"version-history":[{"count":2,"href":"https:\/\/www.exploring-umbria.com\/es\/wp-json\/wp\/v2\/pages\/31864\/revisions"}],"predecessor-version":[{"id":31866,"href":"https:\/\/www.exploring-umbria.com\/es\/wp-json\/wp\/v2\/pages\/31864\/revisions\/31866"}],"up":[{"embeddable":true,"href":"https:\/\/www.exploring-umbria.com\/es\/wp-json\/wp\/v2\/pages\/31856"}],"wp:featuredmedia":[{"embeddable":true,"href":"https:\/\/www.exploring-umbria.com\/es\/wp-json\/wp\/v2\/media\/19292"}],"wp:attachment":[{"href":"https:\/\/www.exploring-umbria.com\/es\/wp-json\/wp\/v2\/media?parent=31864"}],"curies":[{"name":"wp","href":"https:\/\/api.w.org\/{rel}","templated":true}]}}