{"id":31856,"date":"2019-04-13T18:24:19","date_gmt":"2019-04-13T16:24:19","guid":{"rendered":"https:\/\/www.exploring-umbria.com\/parchi-e-laghi\/"},"modified":"2020-03-04T20:24:58","modified_gmt":"2020-03-04T19:24:58","slug":"parques-y-lagos-en-umbria","status":"publish","type":"page","link":"https:\/\/www.exploring-umbria.com\/es\/parques-y-lagos-en-umbria\/","title":{"rendered":"Parques y lagos en Umbria"},"content":{"rendered":"<p>La brisa fresca oxigena y vigoriza nuestro cuerpo, el calor del sol acaricia nuestra cara, el olor amaderado de resinas combina bien con el afrutado de las flores, el suelo blando bajo nuestras botas sostiene nuestro caminar, la mente perdida en los colores del paisaje que los ojos exploran hasta donde se pierde la vista. Estos son los sentimientos que sentimos cuando estamos inmersos en la naturaleza y en contacto con ella. Umbr\u00eda es famosa en todo el mundo por ser el coraz\u00f3n verde de Italia por una raz\u00f3n espec\u00edfica: la gran presencia de parques naturales y la heterogeneidad de sus entornos. Desde la alta monta\u00f1a, con los casi 2500 metros de <a href=\"https:\/\/es.wikipedia.org\/wiki\/Monte_Vettore\" target=\"_blank\" rel=\"noopener noreferrer\">Monte Vettore<\/a> en el Parque Nacional de las Monta\u00f1as Sibillini, que nuestra regi\u00f3n comparte con las Marcas cercanas, hasta los parques fluviales, como el Nera o el T\u00edber, todos ellos para ser explorados en su longitud y que crean sugerentes oasis no contaminados entre sus meandros. La diversidad de ambientes continuar\u00e1 sorprendi\u00e9ndonos si pensamos en los numerosos lagos de la zona, algunos incluso aptos para el ba\u00f1o, que albergan una gran variedad de ecosistemas. La oferta es variada y se completa con una amplia red de <a href=\"https:\/\/www.exploring-umbria.com\/es\/subcategories\/caminos-e-itinerarios\/#heading31848\" target=\"_blank\" rel=\"noopener noreferrer\"><strong>senderos e itinerarios <\/strong><\/a>que se recorren con total seguridad para encontrar esas sensaciones que desde donde est\u00e1is leyendo esto, sentados frente a esta pantalla, ser\u00e1n dif\u00edciles \u00a0de concebir.<\/p>\n","protected":false},"excerpt":{"rendered":"<p>La brisa fresca oxigena y vigoriza nuestro cuerpo, el calor del sol acaricia nuestra cara, el olor amaderado de resinas combina bien con el afrutado de las flores, el suelo blando bajo nuestras botas sostiene nuestro caminar, la mente perdida en los colores del paisaje que los ojos exploran hasta donde se pierde la vista. [&hellip;]<\/p>\n","protected":false},"author":4,"featured_media":4990,"parent":0,"menu_order":0,"comment_status":"closed","ping_status":"closed","template":"","meta":{"om_disable_all_campaigns":false,"_monsterinsights_skip_tracking":false,"_monsterinsights_sitenote_active":false,"_monsterinsights_sitenote_note":"","_monsterinsights_sitenote_category":0},"acf":[],"yoast_head":"<!-- This site is optimized with the Yoast SEO plugin v18.4.1 - https:\/\/yoast.com\/wordpress\/plugins\/seo\/ -->\n<title>Parques y lagos en Umbria - Exploring Umbria<\/title>\n<meta name=\"description\" content=\"Umbria es famosa en todo el mundo por ser el coraz\u00f3n verde de Italia por una raz\u00f3n espec\u00edfica: la gran presencia de parques naturales y lagos\" \/>\n<meta name=\"robots\" content=\"index, follow, max-snippet:-1, max-image-preview:large, max-video-preview:-1\" \/>\n<link rel=\"canonical\" href=\"https:\/\/www.exploring-umbria.com\/es\/parques-y-lagos-en-umbria\/\" \/>\n<meta property=\"og:locale\" content=\"es_ES\" \/>\n<meta property=\"og:type\" content=\"article\" \/>\n<meta property=\"og:title\" content=\"Parques y lagos en Umbria - Exploring Umbria\" \/>\n<meta property=\"og:description\" content=\"Umbria es famosa en todo el mundo por ser el coraz\u00f3n verde de Italia por una raz\u00f3n espec\u00edfica: la gran presencia de parques naturales y lagos\" \/>\n<meta property=\"og:url\" content=\"https:\/\/www.exploring-umbria.com\/es\/parques-y-lagos-en-umbria\/\" \/>\n<meta property=\"og:site_name\" content=\"Exploring Umbria\" \/>\n<meta property=\"article:publisher\" content=\"https:\/\/www.facebook.com\/exploringumbria\/\" \/>\n<meta property=\"article:modified_time\" content=\"2020-03-04T19:24:58+00:00\" \/>\n<meta property=\"og:image\" content=\"https:\/\/www.exploring-umbria.com\/wp-content\/uploads\/2019\/04\/LAGO-DI-PIEDILUCO.jpg\" \/>\n\t<meta property=\"og:image:width\" content=\"1800\" \/>\n\t<meta property=\"og:image:height\" content=\"1262\" \/>\n\t<meta property=\"og:image:type\" content=\"image\/jpeg\" \/>\n<meta name=\"twitter:card\" content=\"summary_large_image\" \/>\n<meta name=\"twitter:label1\" content=\"Tiempo de lectura\" \/>\n\t<meta name=\"twitter:data1\" content=\"1 minuto\" \/>\n<script type=\"application\/ld+json\" class=\"yoast-schema-graph\">{\"@context\":\"https:\/\/schema.org\",\"@graph\":[{\"@type\":\"Organization\",\"@id\":\"https:\/\/www.exploring-umbria.com\/es\/#organization\",\"name\":\"Exploring Umbria\",\"url\":\"https:\/\/www.exploring-umbria.com\/es\/\",\"sameAs\":[\"https:\/\/www.facebook.com\/exploringumbria\/\",\"https:\/\/www.instagram.com\/exploringumbria\/\"],\"logo\":{\"@type\":\"ImageObject\",\"@id\":\"https:\/\/www.exploring-umbria.com\/es\/#logo\",\"inLanguage\":\"es\",\"url\":\"https:\/\/www.exploring-umbria.com\/wp-content\/uploads\/2019\/08\/solo-logo-verde.jpg\",\"contentUrl\":\"https:\/\/www.exploring-umbria.com\/wp-content\/uploads\/2019\/08\/solo-logo-verde.jpg\",\"width\":952,\"height\":532,\"caption\":\"Exploring Umbria\"},\"image\":{\"@id\":\"https:\/\/www.exploring-umbria.com\/es\/#logo\"}},{\"@type\":\"WebSite\",\"@id\":\"https:\/\/www.exploring-umbria.com\/es\/#website\",\"url\":\"https:\/\/www.exploring-umbria.com\/es\/\",\"name\":\"Exploring Umbria\",\"description\":\"your dates, your mood, your trip\",\"publisher\":{\"@id\":\"https:\/\/www.exploring-umbria.com\/es\/#organization\"},\"potentialAction\":[{\"@type\":\"SearchAction\",\"target\":{\"@type\":\"EntryPoint\",\"urlTemplate\":\"https:\/\/www.exploring-umbria.com\/es\/?s={search_term_string}\"},\"query-input\":\"required name=search_term_string\"}],\"inLanguage\":\"es\"},{\"@type\":\"ImageObject\",\"@id\":\"https:\/\/www.exploring-umbria.com\/es\/parques-y-lagos-en-umbria\/#primaryimage\",\"inLanguage\":\"es\",\"url\":\"https:\/\/www.exploring-umbria.com\/wp-content\/uploads\/2019\/04\/LAGO-DI-PIEDILUCO.jpg\",\"contentUrl\":\"https:\/\/www.exploring-umbria.com\/wp-content\/uploads\/2019\/04\/LAGO-DI-PIEDILUCO.jpg\",\"width\":1800,\"height\":1262,\"caption\":\"\u00a9 Mario Proietti ph.\"},{\"@type\":\"WebPage\",\"@id\":\"https:\/\/www.exploring-umbria.com\/es\/parques-y-lagos-en-umbria\/#webpage\",\"url\":\"https:\/\/www.exploring-umbria.com\/es\/parques-y-lagos-en-umbria\/\",\"name\":\"Parques y lagos en Umbria - Exploring Umbria\",\"isPartOf\":{\"@id\":\"https:\/\/www.exploring-umbria.com\/es\/#website\"},\"primaryImageOfPage\":{\"@id\":\"https:\/\/www.exploring-umbria.com\/es\/parques-y-lagos-en-umbria\/#primaryimage\"},\"datePublished\":\"2019-04-13T16:24:19+00:00\",\"dateModified\":\"2020-03-04T19:24:58+00:00\",\"description\":\"Umbria es famosa en todo el mundo por ser el coraz\u00f3n verde de Italia por una raz\u00f3n espec\u00edfica: la gran presencia de parques naturales y lagos\",\"breadcrumb\":{\"@id\":\"https:\/\/www.exploring-umbria.com\/es\/parques-y-lagos-en-umbria\/#breadcrumb\"},\"inLanguage\":\"es\",\"potentialAction\":[{\"@type\":\"ReadAction\",\"target\":[\"https:\/\/www.exploring-umbria.com\/es\/parques-y-lagos-en-umbria\/\"]}]},{\"@type\":\"BreadcrumbList\",\"@id\":\"https:\/\/www.exploring-umbria.com\/es\/parques-y-lagos-en-umbria\/#breadcrumb\",\"itemListElement\":[{\"@type\":\"ListItem\",\"position\":1,\"name\":\"Home\",\"item\":\"https:\/\/www.exploring-umbria.com\/es\/\"},{\"@type\":\"ListItem\",\"position\":2,\"name\":\"Parques y lagos en Umbria\"}]}]}<\/script>\n<!-- \/ Yoast SEO plugin. -->","yoast_head_json":{"title":"Parques y lagos en Umbria - Exploring Umbria","description":"Umbria es famosa en todo el mundo por ser el coraz\u00f3n verde de Italia por una raz\u00f3n espec\u00edfica: la gran presencia de parques naturales y lagos","robots":{"index":"index","follow":"follow","max-snippet":"max-snippet:-1","max-image-preview":"max-image-preview:large","max-video-preview":"max-video-preview:-1"},"canonical":"https:\/\/www.exploring-umbria.com\/es\/parques-y-lagos-en-umbria\/","og_locale":"es_ES","og_type":"article","og_title":"Parques y lagos en Umbria - Exploring Umbria","og_description":"Umbria es famosa en todo el mundo por ser el coraz\u00f3n verde de Italia por una raz\u00f3n espec\u00edfica: la gran presencia de parques naturales y lagos","og_url":"https:\/\/www.exploring-umbria.com\/es\/parques-y-lagos-en-umbria\/","og_site_name":"Exploring Umbria","article_publisher":"https:\/\/www.facebook.com\/exploringumbria\/","article_modified_time":"2020-03-04T19:24:58+00:00","og_image":[{"width":1800,"height":1262,"url":"https:\/\/www.exploring-umbria.com\/wp-content\/uploads\/2019\/04\/LAGO-DI-PIEDILUCO.jpg","type":"image\/jpeg"}],"twitter_card":"summary_large_image","twitter_misc":{"Tiempo de lectura":"1 minuto"},"schema":{"@context":"https:\/\/schema.org","@graph":[{"@type":"Organization","@id":"https:\/\/www.exploring-umbria.com\/es\/#organization","name":"Exploring Umbria","url":"https:\/\/www.exploring-umbria.com\/es\/","sameAs":["https:\/\/www.facebook.com\/exploringumbria\/","https:\/\/www.instagram.com\/exploringumbria\/"],"logo":{"@type":"ImageObject","@id":"https:\/\/www.exploring-umbria.com\/es\/#logo","inLanguage":"es","url":"https:\/\/www.exploring-umbria.com\/wp-content\/uploads\/2019\/08\/solo-logo-verde.jpg","contentUrl":"https:\/\/www.exploring-umbria.com\/wp-content\/uploads\/2019\/08\/solo-logo-verde.jpg","width":952,"height":532,"caption":"Exploring Umbria"},"image":{"@id":"https:\/\/www.exploring-umbria.com\/es\/#logo"}},{"@type":"WebSite","@id":"https:\/\/www.exploring-umbria.com\/es\/#website","url":"https:\/\/www.exploring-umbria.com\/es\/","name":"Exploring Umbria","description":"your dates, your mood, your trip","publisher":{"@id":"https:\/\/www.exploring-umbria.com\/es\/#organization"},"potentialAction":[{"@type":"SearchAction","target":{"@type":"EntryPoint","urlTemplate":"https:\/\/www.exploring-umbria.com\/es\/?s={search_term_string}"},"query-input":"required name=search_term_string"}],"inLanguage":"es"},{"@type":"ImageObject","@id":"https:\/\/www.exploring-umbria.com\/es\/parques-y-lagos-en-umbria\/#primaryimage","inLanguage":"es","url":"https:\/\/www.exploring-umbria.com\/wp-content\/uploads\/2019\/04\/LAGO-DI-PIEDILUCO.jpg","contentUrl":"https:\/\/www.exploring-umbria.com\/wp-content\/uploads\/2019\/04\/LAGO-DI-PIEDILUCO.jpg","width":1800,"height":1262,"caption":"\u00a9 Mario Proietti ph."},{"@type":"WebPage","@id":"https:\/\/www.exploring-umbria.com\/es\/parques-y-lagos-en-umbria\/#webpage","url":"https:\/\/www.exploring-umbria.com\/es\/parques-y-lagos-en-umbria\/","name":"Parques y lagos en Umbria - Exploring Umbria","isPartOf":{"@id":"https:\/\/www.exploring-umbria.com\/es\/#website"},"primaryImageOfPage":{"@id":"https:\/\/www.exploring-umbria.com\/es\/parques-y-lagos-en-umbria\/#primaryimage"},"datePublished":"2019-04-13T16:24:19+00:00","dateModified":"2020-03-04T19:24:58+00:00","description":"Umbria es famosa en todo el mundo por ser el coraz\u00f3n verde de Italia por una raz\u00f3n espec\u00edfica: la gran presencia de parques naturales y lagos","breadcrumb":{"@id":"https:\/\/www.exploring-umbria.com\/es\/parques-y-lagos-en-umbria\/#breadcrumb"},"inLanguage":"es","potentialAction":[{"@type":"ReadAction","target":["https:\/\/www.exploring-umbria.com\/es\/parques-y-lagos-en-umbria\/"]}]},{"@type":"BreadcrumbList","@id":"https:\/\/www.exploring-umbria.com\/es\/parques-y-lagos-en-umbria\/#breadcrumb","itemListElement":[{"@type":"ListItem","position":1,"name":"Home","item":"https:\/\/www.exploring-umbria.com\/es\/"},{"@type":"ListItem","position":2,"name":"Parques y lagos en Umbria"}]}]}},"_links":{"self":[{"href":"https:\/\/www.exploring-umbria.com\/es\/wp-json\/wp\/v2\/pages\/31856"}],"collection":[{"href":"https:\/\/www.exploring-umbria.com\/es\/wp-json\/wp\/v2\/pages"}],"about":[{"href":"https:\/\/www.exploring-umbria.com\/es\/wp-json\/wp\/v2\/types\/page"}],"author":[{"embeddable":true,"href":"https:\/\/www.exploring-umbria.com\/es\/wp-json\/wp\/v2\/users\/4"}],"replies":[{"embeddable":true,"href":"https:\/\/www.exploring-umbria.com\/es\/wp-json\/wp\/v2\/comments?post=31856"}],"version-history":[{"count":3,"href":"https:\/\/www.exploring-umbria.com\/es\/wp-json\/wp\/v2\/pages\/31856\/revisions"}],"predecessor-version":[{"id":31861,"href":"https:\/\/www.exploring-umbria.com\/es\/wp-json\/wp\/v2\/pages\/31856\/revisions\/31861"}],"wp:featuredmedia":[{"embeddable":true,"href":"https:\/\/www.exploring-umbria.com\/es\/wp-json\/wp\/v2\/media\/4990"}],"wp:attachment":[{"href":"https:\/\/www.exploring-umbria.com\/es\/wp-json\/wp\/v2\/media?parent=31856"}],"curies":[{"name":"wp","href":"https:\/\/api.w.org\/{rel}","templated":true}]}}