{"id":3182,"date":"2019-02-12T12:31:28","date_gmt":"2019-02-12T11:31:28","guid":{"rendered":"https:\/\/www.exploring-umbria.com\/chiesa-di-santa-maria-maggiore\/"},"modified":"2020-03-17T13:25:35","modified_gmt":"2020-03-17T12:25:35","slug":"chiesa-di-santa-maria-maggiore-citta-di-castello","status":"publish","type":"page","link":"https:\/\/www.exploring-umbria.com\/es\/descubre-citta-di-castello\/que-ver-en-citta-di-castello\/chiesa-di-santa-maria-maggiore-citta-di-castello\/","title":{"rendered":"Iglesia de Santa Mar\u00eda la Mayor en Citt\u00e0 di Castello"},"content":{"rendered":"<p>En el extremo sur de <a href=\"https:\/\/www.exploring-umbria.com\/es\/actividades\/guided-tour-of-citta-di-castello\/\" target=\"_blank\" rel=\"noopener noreferrer\">Citt\u00e0 di Castello<\/a>, apoyada en las paredes de la antigua muralla, se encuentra la iglesia de <strong>Santa Mar\u00eda la Mayor. Sobre los restos de un edificio anterior del siglo XIII dedicado a Santa Mar\u00eda de las Nieves, <\/strong><a href=\"https:\/\/en.wikipedia.org\/wiki\/Niccol%C3%B2_Vitelli\" target=\"_blank\" rel=\"noopener noreferrer\"><em>Niccol\u00f2 Vitelli<\/em><\/a> construy\u00f3 la estructura actual.<\/p>\n<p>Despu\u00e9s de haber recuperado la Citt\u00e0 di Castello, Niccol\u00f2, el \u00abPadre de la Patria\u00bb, decidi\u00f3 reconstruir la iglesia de Santa Mar\u00eda la Mayor con material de la cercana fortaleza demolida en 1474. Las obras, que dieron lugar a las formas actuales, se llevaron a cabo de 1483 a 1509, mientras que la remodelaci\u00f3n y reestructuraci\u00f3n se llevaron a cabo entre 1935 y 1939 a instancias del p\u00e1rroco Mons.<em> Giuseppe Malvestiti<\/em>.<\/p>\n<p>La fachada es austera, con un sencillo revestimiento de ladrillo y marcos en los extremos, e incluso la pomposa decoraci\u00f3n interior barroca ha sido parcialmente eliminada pararestaurar la simplicidad original.<\/p>\n<p>El edificio es de planta rectangular, dividido en tres naves. La central tiene una b\u00f3veda de crucer\u00eda, sostenida por pilares y subrayada por b\u00f3vedas de crucer\u00eda de piedra decoradas en la intersecci\u00f3n con emblemas de la familia Vitelli. La nave est\u00e1 coronada por un \u00e1bside poligonal flanqueado por dos capillas rectangulares, decoradas con frescos del siglo XV y obras de artistas modernos. Entre los m\u00e1s importantes est\u00e1n el \u00ab<em>Bautismo de Cristo<\/em>\u00bb (1939) de<em>Alessandro Bruschetti<\/em>, junto a \u00e9l la figura de <em>San Emidio<\/em>, protector de los terremotos (1953), realizada por <em>Nemo Sarteanesi<\/em>, e incluso los frescos de <em>\u00c1lvaro Sarteanesi<\/em> con \u00ab<em>Madonna di Loreto\u00bb <\/em>(1950) y \u00ab<em>San Carlos Borromeo y las v\u00edctimas de la peste de 1943&#8243;<\/em> de <em>Aldo Riguccini<\/em>.<\/p>\n<p>Detr\u00e1s del altar mayor, finalmente, se readaptan las siller\u00edas del coro, construidas en la segunda mitad del siglo XVI por orden de <em>Beatrice Vitelli<\/em>, que ingres\u00f3 como educadora en el convento agustiniano en 1536 y luego permaneci\u00f3 all\u00ed conmi monja.<\/p>\n","protected":false},"excerpt":{"rendered":"<p>En el extremo sur de Citt\u00e0 di Castello, apoyada en las paredes de la antigua muralla, se encuentra la iglesia de Santa Mar\u00eda la Mayor. Sobre los restos de un edificio anterior del siglo XIII dedicado a Santa Mar\u00eda de las Nieves, Niccol\u00f2 Vitelli construy\u00f3 la estructura actual. Despu\u00e9s de haber recuperado la Citt\u00e0 di [&hellip;]<\/p>\n","protected":false},"author":3,"featured_media":0,"parent":3204,"menu_order":4,"comment_status":"closed","ping_status":"closed","template":"","meta":{"om_disable_all_campaigns":false,"_monsterinsights_skip_tracking":false,"_monsterinsights_sitenote_active":false,"_monsterinsights_sitenote_note":"","_monsterinsights_sitenote_category":0},"acf":[],"yoast_head":"<!-- This site is optimized with the Yoast SEO plugin v18.4.1 - https:\/\/yoast.com\/wordpress\/plugins\/seo\/ -->\n<title>Iglesia de Santa Mar\u00eda la Mayor en Citt\u00e0 di Castello - Exploring Umbria<\/title>\n<meta name=\"description\" content=\"En el extremo sur de Citt\u00e0 di Castello, apoyada en las paredes de la antigua muralla, se encuentra la iglesia de Santa Mar\u00eda la Mayor. Sobre los restos de\" \/>\n<meta name=\"robots\" content=\"index, follow, max-snippet:-1, max-image-preview:large, max-video-preview:-1\" \/>\n<link rel=\"canonical\" href=\"https:\/\/www.exploring-umbria.com\/es\/descubre-citta-di-castello\/que-ver-en-citta-di-castello\/chiesa-di-santa-maria-maggiore-citta-di-castello\/\" \/>\n<meta property=\"og:locale\" content=\"es_ES\" \/>\n<meta property=\"og:type\" content=\"article\" \/>\n<meta property=\"og:title\" content=\"Iglesia de Santa Mar\u00eda la Mayor en Citt\u00e0 di Castello - Exploring Umbria\" \/>\n<meta property=\"og:description\" content=\"En el extremo sur de Citt\u00e0 di Castello, apoyada en las paredes de la antigua muralla, se encuentra la iglesia de Santa Mar\u00eda la Mayor. Sobre los restos de\" \/>\n<meta property=\"og:url\" content=\"https:\/\/www.exploring-umbria.com\/es\/descubre-citta-di-castello\/que-ver-en-citta-di-castello\/chiesa-di-santa-maria-maggiore-citta-di-castello\/\" \/>\n<meta property=\"og:site_name\" content=\"Exploring Umbria\" \/>\n<meta property=\"article:publisher\" content=\"https:\/\/www.facebook.com\/exploringumbria\/\" \/>\n<meta property=\"article:modified_time\" content=\"2020-03-17T12:25:35+00:00\" \/>\n<meta name=\"twitter:card\" content=\"summary_large_image\" \/>\n<meta name=\"twitter:label1\" content=\"Tiempo de lectura\" \/>\n\t<meta name=\"twitter:data1\" content=\"2 minutos\" \/>\n<script type=\"application\/ld+json\" class=\"yoast-schema-graph\">{\"@context\":\"https:\/\/schema.org\",\"@graph\":[{\"@type\":\"Organization\",\"@id\":\"https:\/\/www.exploring-umbria.com\/es\/#organization\",\"name\":\"Exploring Umbria\",\"url\":\"https:\/\/www.exploring-umbria.com\/es\/\",\"sameAs\":[\"https:\/\/www.facebook.com\/exploringumbria\/\",\"https:\/\/www.instagram.com\/exploringumbria\/\"],\"logo\":{\"@type\":\"ImageObject\",\"@id\":\"https:\/\/www.exploring-umbria.com\/es\/#logo\",\"inLanguage\":\"es\",\"url\":\"https:\/\/www.exploring-umbria.com\/wp-content\/uploads\/2019\/08\/solo-logo-verde.jpg\",\"contentUrl\":\"https:\/\/www.exploring-umbria.com\/wp-content\/uploads\/2019\/08\/solo-logo-verde.jpg\",\"width\":952,\"height\":532,\"caption\":\"Exploring Umbria\"},\"image\":{\"@id\":\"https:\/\/www.exploring-umbria.com\/es\/#logo\"}},{\"@type\":\"WebSite\",\"@id\":\"https:\/\/www.exploring-umbria.com\/es\/#website\",\"url\":\"https:\/\/www.exploring-umbria.com\/es\/\",\"name\":\"Exploring Umbria\",\"description\":\"your dates, your mood, your trip\",\"publisher\":{\"@id\":\"https:\/\/www.exploring-umbria.com\/es\/#organization\"},\"potentialAction\":[{\"@type\":\"SearchAction\",\"target\":{\"@type\":\"EntryPoint\",\"urlTemplate\":\"https:\/\/www.exploring-umbria.com\/es\/?s={search_term_string}\"},\"query-input\":\"required name=search_term_string\"}],\"inLanguage\":\"es\"},{\"@type\":\"WebPage\",\"@id\":\"https:\/\/www.exploring-umbria.com\/es\/descubre-citta-di-castello\/que-ver-en-citta-di-castello\/chiesa-di-santa-maria-maggiore-citta-di-castello\/#webpage\",\"url\":\"https:\/\/www.exploring-umbria.com\/es\/descubre-citta-di-castello\/que-ver-en-citta-di-castello\/chiesa-di-santa-maria-maggiore-citta-di-castello\/\",\"name\":\"Iglesia de Santa Mar\u00eda la Mayor en Citt\u00e0 di Castello - Exploring Umbria\",\"isPartOf\":{\"@id\":\"https:\/\/www.exploring-umbria.com\/es\/#website\"},\"datePublished\":\"2019-02-12T11:31:28+00:00\",\"dateModified\":\"2020-03-17T12:25:35+00:00\",\"description\":\"En el extremo sur de Citt\u00e0 di Castello, apoyada en las paredes de la antigua muralla, se encuentra la iglesia de Santa Mar\u00eda la Mayor. Sobre los restos de\",\"breadcrumb\":{\"@id\":\"https:\/\/www.exploring-umbria.com\/es\/descubre-citta-di-castello\/que-ver-en-citta-di-castello\/chiesa-di-santa-maria-maggiore-citta-di-castello\/#breadcrumb\"},\"inLanguage\":\"es\",\"potentialAction\":[{\"@type\":\"ReadAction\",\"target\":[\"https:\/\/www.exploring-umbria.com\/es\/descubre-citta-di-castello\/que-ver-en-citta-di-castello\/chiesa-di-santa-maria-maggiore-citta-di-castello\/\"]}]},{\"@type\":\"BreadcrumbList\",\"@id\":\"https:\/\/www.exploring-umbria.com\/es\/descubre-citta-di-castello\/que-ver-en-citta-di-castello\/chiesa-di-santa-maria-maggiore-citta-di-castello\/#breadcrumb\",\"itemListElement\":[{\"@type\":\"ListItem\",\"position\":1,\"name\":\"Home\",\"item\":\"https:\/\/www.exploring-umbria.com\/es\/\"},{\"@type\":\"ListItem\",\"position\":2,\"name\":\"Descubre Citt\u00e0 di Castello\",\"item\":\"https:\/\/www.exploring-umbria.com\/es\/descubre-citta-di-castello\/\"},{\"@type\":\"ListItem\",\"position\":3,\"name\":\"Qu\u00e9 Ver en Citt\u00e0 di Castello\",\"item\":\"https:\/\/www.exploring-umbria.com\/es\/descubre-citta-di-castello\/que-ver-en-citta-di-castello\/\"},{\"@type\":\"ListItem\",\"position\":4,\"name\":\"Iglesia de Santa Mar\u00eda la Mayor en Citt\u00e0 di Castello\"}]}]}<\/script>\n<!-- \/ Yoast SEO plugin. -->","yoast_head_json":{"title":"Iglesia de Santa Mar\u00eda la Mayor en Citt\u00e0 di Castello - Exploring Umbria","description":"En el extremo sur de Citt\u00e0 di Castello, apoyada en las paredes de la antigua muralla, se encuentra la iglesia de Santa Mar\u00eda la Mayor. Sobre los restos de","robots":{"index":"index","follow":"follow","max-snippet":"max-snippet:-1","max-image-preview":"max-image-preview:large","max-video-preview":"max-video-preview:-1"},"canonical":"https:\/\/www.exploring-umbria.com\/es\/descubre-citta-di-castello\/que-ver-en-citta-di-castello\/chiesa-di-santa-maria-maggiore-citta-di-castello\/","og_locale":"es_ES","og_type":"article","og_title":"Iglesia de Santa Mar\u00eda la Mayor en Citt\u00e0 di Castello - Exploring Umbria","og_description":"En el extremo sur de Citt\u00e0 di Castello, apoyada en las paredes de la antigua muralla, se encuentra la iglesia de Santa Mar\u00eda la Mayor. Sobre los restos de","og_url":"https:\/\/www.exploring-umbria.com\/es\/descubre-citta-di-castello\/que-ver-en-citta-di-castello\/chiesa-di-santa-maria-maggiore-citta-di-castello\/","og_site_name":"Exploring Umbria","article_publisher":"https:\/\/www.facebook.com\/exploringumbria\/","article_modified_time":"2020-03-17T12:25:35+00:00","twitter_card":"summary_large_image","twitter_misc":{"Tiempo de lectura":"2 minutos"},"schema":{"@context":"https:\/\/schema.org","@graph":[{"@type":"Organization","@id":"https:\/\/www.exploring-umbria.com\/es\/#organization","name":"Exploring Umbria","url":"https:\/\/www.exploring-umbria.com\/es\/","sameAs":["https:\/\/www.facebook.com\/exploringumbria\/","https:\/\/www.instagram.com\/exploringumbria\/"],"logo":{"@type":"ImageObject","@id":"https:\/\/www.exploring-umbria.com\/es\/#logo","inLanguage":"es","url":"https:\/\/www.exploring-umbria.com\/wp-content\/uploads\/2019\/08\/solo-logo-verde.jpg","contentUrl":"https:\/\/www.exploring-umbria.com\/wp-content\/uploads\/2019\/08\/solo-logo-verde.jpg","width":952,"height":532,"caption":"Exploring Umbria"},"image":{"@id":"https:\/\/www.exploring-umbria.com\/es\/#logo"}},{"@type":"WebSite","@id":"https:\/\/www.exploring-umbria.com\/es\/#website","url":"https:\/\/www.exploring-umbria.com\/es\/","name":"Exploring Umbria","description":"your dates, your mood, your trip","publisher":{"@id":"https:\/\/www.exploring-umbria.com\/es\/#organization"},"potentialAction":[{"@type":"SearchAction","target":{"@type":"EntryPoint","urlTemplate":"https:\/\/www.exploring-umbria.com\/es\/?s={search_term_string}"},"query-input":"required name=search_term_string"}],"inLanguage":"es"},{"@type":"WebPage","@id":"https:\/\/www.exploring-umbria.com\/es\/descubre-citta-di-castello\/que-ver-en-citta-di-castello\/chiesa-di-santa-maria-maggiore-citta-di-castello\/#webpage","url":"https:\/\/www.exploring-umbria.com\/es\/descubre-citta-di-castello\/que-ver-en-citta-di-castello\/chiesa-di-santa-maria-maggiore-citta-di-castello\/","name":"Iglesia de Santa Mar\u00eda la Mayor en Citt\u00e0 di Castello - Exploring Umbria","isPartOf":{"@id":"https:\/\/www.exploring-umbria.com\/es\/#website"},"datePublished":"2019-02-12T11:31:28+00:00","dateModified":"2020-03-17T12:25:35+00:00","description":"En el extremo sur de Citt\u00e0 di Castello, apoyada en las paredes de la antigua muralla, se encuentra la iglesia de Santa Mar\u00eda la Mayor. Sobre los restos de","breadcrumb":{"@id":"https:\/\/www.exploring-umbria.com\/es\/descubre-citta-di-castello\/que-ver-en-citta-di-castello\/chiesa-di-santa-maria-maggiore-citta-di-castello\/#breadcrumb"},"inLanguage":"es","potentialAction":[{"@type":"ReadAction","target":["https:\/\/www.exploring-umbria.com\/es\/descubre-citta-di-castello\/que-ver-en-citta-di-castello\/chiesa-di-santa-maria-maggiore-citta-di-castello\/"]}]},{"@type":"BreadcrumbList","@id":"https:\/\/www.exploring-umbria.com\/es\/descubre-citta-di-castello\/que-ver-en-citta-di-castello\/chiesa-di-santa-maria-maggiore-citta-di-castello\/#breadcrumb","itemListElement":[{"@type":"ListItem","position":1,"name":"Home","item":"https:\/\/www.exploring-umbria.com\/es\/"},{"@type":"ListItem","position":2,"name":"Descubre Citt\u00e0 di Castello","item":"https:\/\/www.exploring-umbria.com\/es\/descubre-citta-di-castello\/"},{"@type":"ListItem","position":3,"name":"Qu\u00e9 Ver en Citt\u00e0 di Castello","item":"https:\/\/www.exploring-umbria.com\/es\/descubre-citta-di-castello\/que-ver-en-citta-di-castello\/"},{"@type":"ListItem","position":4,"name":"Iglesia de Santa Mar\u00eda la Mayor en Citt\u00e0 di Castello"}]}]}},"_links":{"self":[{"href":"https:\/\/www.exploring-umbria.com\/es\/wp-json\/wp\/v2\/pages\/3182"}],"collection":[{"href":"https:\/\/www.exploring-umbria.com\/es\/wp-json\/wp\/v2\/pages"}],"about":[{"href":"https:\/\/www.exploring-umbria.com\/es\/wp-json\/wp\/v2\/types\/page"}],"author":[{"embeddable":true,"href":"https:\/\/www.exploring-umbria.com\/es\/wp-json\/wp\/v2\/users\/3"}],"replies":[{"embeddable":true,"href":"https:\/\/www.exploring-umbria.com\/es\/wp-json\/wp\/v2\/comments?post=3182"}],"version-history":[{"count":5,"href":"https:\/\/www.exploring-umbria.com\/es\/wp-json\/wp\/v2\/pages\/3182\/revisions"}],"predecessor-version":[{"id":32650,"href":"https:\/\/www.exploring-umbria.com\/es\/wp-json\/wp\/v2\/pages\/3182\/revisions\/32650"}],"up":[{"embeddable":true,"href":"https:\/\/www.exploring-umbria.com\/es\/wp-json\/wp\/v2\/pages\/3204"}],"wp:attachment":[{"href":"https:\/\/www.exploring-umbria.com\/es\/wp-json\/wp\/v2\/media?parent=3182"}],"curies":[{"name":"wp","href":"https:\/\/api.w.org\/{rel}","templated":true}]}}