{"id":3146,"date":"2019-02-28T19:19:22","date_gmt":"2019-02-28T18:19:22","guid":{"rendered":"https:\/\/www.exploring-umbria.com\/galleria-nazionale-dellumbria\/"},"modified":"2020-04-01T18:09:07","modified_gmt":"2020-04-01T16:09:07","slug":"galeria-nacional-de-umbria","status":"publish","type":"page","link":"https:\/\/www.exploring-umbria.com\/es\/descubre-perugia-historia-y-tradicion\/que-ver-en-perugia\/galeria-nacional-de-umbria\/","title":{"rendered":"Galer\u00eda Nacional de Umbr\u00eda"},"content":{"rendered":"<p>La <strong>Galer\u00eda Nacional de Umbr\u00eda<\/strong> es una de las colecciones muse\u00edsticas m\u00e1s importantes de Italia por la cantidad de obras conservadas y, sobre todo, por la gran calidad de las mismas. Sin duda, sin embargo, es el m\u00e1s completo de la regi\u00f3n.<\/p>\n<p>Hoy en d\u00eda se encuentra en el <strong>interior del<\/strong> <a href=\"https:\/\/www.exploring-umbria.com\/es\/subcategories\/cosa-fare-e-cosa-vedere-a-perugia\/#heading3113\" target=\"_blank\" rel=\"noopener noreferrer\"><strong>Palacio de los Priores<\/strong><\/a> y contiene una colecci\u00f3n de obras que van desde el siglo XIII hasta el XIX.<\/p>\n<p>Los or\u00edgenes de la Galer\u00eda Nacional de Umbr\u00eda se encuentran en la <em>Academia de Dibujo <\/em>establecida en el siglo XVI, que experiment\u00f3 una expansi\u00f3n moderada entre finales del siglo XVIII y principios del XIX, gracias al Imperio Napole\u00f3nico primero, pero sobre todo al reci\u00e9n nacido reino de Italia.<\/p>\n<p>Es en efecto en 1863 cuando se considera necesario crear una galer\u00eda de arte c\u00edvico que pueda recoger todas las obras hasta entonces demasiado dispersas por todo el territorio. Esta galer\u00eda de arte lleva el nombre de <em>Pietro Vannucci<\/em>, llamado el <a href=\"https:\/\/es.wikipedia.org\/wiki\/Pietro_Perugino\" target=\"_blank\" rel=\"noopener noreferrer\"><em>Perugino<\/em> <\/a>(del que tambi\u00e9n toma su nombre la calle principal de Perugia, en la que se encuentra el Palacio de los Priores).<\/p>\n<p>En 1918, la galer\u00eda de arte fue nacionalizada y pas\u00f3 a llamarse \u00abGaler\u00eda Pietro Vannucci\u00bb. A partir de ese momento, la colecci\u00f3n sigui\u00f3 creciendo hasta convertirse en una de las primeras de Italia.<\/p>\n<p>Las numerosas obras de renovaci\u00f3n que han involucrado la mayor\u00eda de las salas del Palacio de los Priores, han llevado a la reubicaci\u00f3n de la Galer\u00eda varias veces a lo largo de los a\u00f1os.<\/p>\n<p>La disposici\u00f3n actual del museo se remonta a 2006 y ocupa dos plantas del Palacio de los Priores, con una superficie total de 4000 metros cuadrados. La colecci\u00f3n est\u00e1 ahora organizada seg\u00fan un esquema cronol\u00f3gico, y por escuelas, y acoge a artistas como: <strong>Gentile Da Fabriano<\/strong>, <strong>Beato Angelico<\/strong>, <strong>Arnolfo di Cambio<\/strong>, <strong>Piero della Francesca<\/strong>. Se presta especial atenci\u00f3n a los artistas de la regi\u00f3n, como <strong>Bartolomeo Caporali<\/strong>, <strong>Benedetto Bonfigli<\/strong>, <strong>Fiorenzo di Lorenzo<\/strong>, <strong>Pietro Vannucci conocido como Il Perugino<\/strong>, <strong>Bernardino di Betto conocido como Pinturicchio<\/strong> y sus disc\u00edpulos.<\/p>\n<p>EL SIGLO XIII<\/p>\n<p>Entre las esculturas m\u00e1s significativas de la \u00e9poca, expuestas en la galer\u00eda, se encuentra el <strong>Cristo Depuesto, <\/strong>1236, parte de otras figuras que representan la deposici\u00f3n. Tambi\u00e9n hay cinco esculturas de <em>Arnolfo di Cambio<\/em>, realizadas en m\u00e1rmol de Carrara entre 1278 y 1281, que parecen haber sido destinadas a una fuente situada en el actual Corso Vannucci. En la misma zona hay tambi\u00e9n <strong>dos estufas,<\/strong> esculpidas por los hermanos <em>Pisano<\/em> y pertenecientes a la <strong>Fontana Maggiore, que <\/strong>representan a Roma y a la Loba.<\/p>\n<p>En cuanto a la pintura del siglo XIII, la expresi\u00f3n art\u00edstica m\u00e1s significativa est\u00e1 representada por el <strong>Maestro de San Francisco <\/strong>(nombre derivado de las primeras obras realizadas en la Bas\u00edlica de San Francisco de As\u00eds). En la Galer\u00eda Nacional de Umbr\u00eda se encuentra la <em>gran Cruz<\/em> de 1272, <em>la Cruz con dos caras<\/em>, de la misma \u00e9poca, y el <em>Paliotto<\/em> de 1262. En la misma zona destacan tambi\u00e9n el <em>retablo del Maestro de Farneto <\/em>(1290) y el <em>retablo de Vigoroso da Siena<\/em>, 1291.<\/p>\n<p>EL SIGLO XIV<\/p>\n<p>Estesiglo comienza con la <strong>Virgen y el Ni\u00f1o, <\/strong>fechada en 1304, perteneciente a <em>Duccio di Buoninsegna<\/em>. Entre otros, hay que mencionarlos paneles de dos caras <strong>con S. Pablo &#8211; S. Lorenzo y S. Pedro Ap\u00f3stol y S. Ercolano<\/strong>, este \u00faltimo, mientras que parece apoyar a la ciudad de Perugia. Entre los seguidores de Giotto se encuentran Marino da Perugia, con la <strong>Virgen y Ni\u00f1o con los Santos<\/strong>, de 1317, <em>Puccio Capanna <\/em>y <em>Giovanni di Bonino<\/em> con, respectivamente, la<strong> Virgen en el Trono con el Ni\u00f1o y la Crucifixi\u00f3n<\/strong>, de aproximadamente 1340,<strong> y la vidriera con la Crucifixi\u00f3n, de m\u00e1s o menos <\/strong>1345.<\/p>\n<p>La segunda mitad de este siglo tambi\u00e9n se caracteriza por una fuerte presencia de la escuela sienesa, a la que est\u00e1 dedicada una secci\u00f3n donde se pueden encontrar, por ejemplo, el <strong>Pol\u00edptico de Forsivo<\/strong> de <em>Luca Tomm\u00e9 de 1370, la <\/em><strong>Virgen con el Ni\u00f1o y Santos<\/strong> de <em>Bartolo di Fredi<\/em> y la <strong>peque\u00f1a crucifixi\u00f3n<\/strong> de <em>Nicol\u00f2 di Buonaccorso<\/em>.<\/p>\n<p>EL SIGLO XV<\/p>\n<p>En representaci\u00f3n de este per\u00edodo, la Galer\u00eda tambi\u00e9n dedica un espacio a la influencia del g\u00f3tico internacional con el <strong>pol\u00edptico de Pietralunga <\/strong>de <em>Ottaviano Nelli<\/em> de 1404, la <strong>Virgen y el Ni\u00f1o con \u00c1ngeles <\/strong>tambi\u00e9n de 1404, de <em>Gentile da Fabriano<\/em>, <strong>fresco de la Crucifixi\u00f3n, <\/strong>de <em>Jacopo Salimbeni<\/em> de m\u00e1s o menos 1420.<\/p>\n<p>Para representar la tercera y cuarta d\u00e9cada, dados los continuos cambios en las tendencias del Renacimiento, <strong>est\u00e1n la Virgen con el Ni\u00f1o y los Santos <\/strong>de 1439 de <em>Pietro di Nicola Baroni<\/em>, el <strong>pol\u00edptico de Santa Giuliana, <\/strong>1438, de <em>Domenico di Bartolo<\/em>.<\/p>\n<p>La escuela florentina tambi\u00e9n est\u00e1 ampliamente representada, por ejemplo con el <strong>pol\u00edptico de Santo Domingo<\/strong> fechado en 1447 por el <em>Beato Ang\u00e9lico<\/em>, en cuya estela se inspiraron muchos otros pintores, como <em>Benozzo Gozzoli<\/em>, con el <strong>retablo de la Nueva Sabidur\u00eda de <\/strong>1456. El <strong>pol\u00edptico de San Antonio <\/strong>\u00a0pintado entre 1455 y 1468 por <em>\u00a0Piero della Francesca<\/em>tambi\u00e9n merece una visita.<\/p>\n<p>RENACIMIENTO EN PERUGIA<\/p>\n<p>Cuando hablamos del Renacimiento en Perugia podemos hablar f\u00e1cilmente de una \u00abescuela\u00bb. De hecho, hay muchas figuras que han contribuido al patrimonio caracter\u00edstico de esta corriente y muchas de sus obras se conservan en la Galer\u00eda Nacional de Umbr\u00eda:<\/p>\n<p><strong>Bonfigli Benedetto <\/strong>es el primer pintor renacentista de Perugia, entre sus obras se encuentran la <em>Virgen con el Ni\u00f1o y los \u00e1ngeles m\u00fasicos<\/em><strong>,<\/strong> del a\u00f1o 1450, la <em>Anunciaci\u00f3n y Santa Luc\u00eda<\/em>, que data del a\u00f1o 1450-53, el <em>estandarte de San Bernardino<\/em>, 1464. Tambi\u00e9n est\u00e1 presente la serie de frescos <em>Historias de San Ludovico de Tolosa<\/em><strong>.<\/strong><\/p>\n<p><strong>Bartolomeo Caporali <\/strong>, cuyas obras incluyen la <em>Virgen con el Ni\u00f1o y los \u00c1ngeles<\/em>, de 1465, el <em>tr\u00edptico de la cofrad\u00eda de la justicia<\/em>, del 1475, y <em>la adoraci\u00f3n de los pastores<\/em>, de 1478-79.<\/p>\n<p><em>Fiorenzo Di Lorenzo <\/em>del cual se conservan las obras <em>San Sebasti\u00e1n<\/em>, de 1475-79, <em>el nicho de S. Francisco en el prado<\/em>, de 1487, el <em>pol\u00edptico de Silvestrini<\/em>, de 1493,<\/p>\n<p><strong>Perusino es sin<\/strong> duda una de las expresiones m\u00e1s importantes de la pintura de Umbr\u00eda. <em>Pietro Vannucci <\/em>se form\u00f3 en los primeros a\u00f1os en Perugia, luego continu\u00f3 sus estudios en Florencia, form\u00e1ndose junto con <em>Piero della Francesca<\/em> y <em>Verrocchio<\/em>, m\u00e1s adelante. Despu\u00e9s de realizar algunas obras en Perugia, algunas en el Palacio de los Priores, adquiri\u00f3 cierta fama que le permiti\u00f3 ser contratado por el Papa para algunas obras, entre ellas la Capilla Sixtina (entrega de las llaves, 1481), hasta convertirse en el pintor m\u00e1s influyente de finales del siglo XV. Muchas de sus obras se conservan en la Galer\u00eda, entre las cuales las m\u00e1s valiosas son: <em>San Bernardino que cura de una \u00falcera a la hija de Giovanni Antonio Petrazio da Rieti<\/em>, fechada en 1473 (parte de las ocho tablillas para componer el nicho de San Bernardino), <em>Virgen de la hermandad de la Consolaci\u00f3n<\/em>, de 1496-98, el Cristo Muerto<em>, de 1495, el retablo de los Tezi<\/em>, 1500, <em>La Bandera de la Justicia<\/em>, 1501, el <em>pol\u00edptico de San Agust\u00edn<\/em><strong>.<\/strong><\/p>\n<p><strong>Pinturicchio<\/strong>: naci\u00f3 en Perugia en 1454 y muri\u00f3 en Siena en 1513. Fue influenciado por muchos maestros perusinos, especialmente por <em>Bartolomeo Caporali<\/em>. A lo largo de los a\u00f1os fue alumno y colaborador asiduo de Perugino, que ayud\u00f3 en algunas de las obras m\u00e1s famosas, incluyendo las tablillas del nicho de S. Bernardino y otras en la Capilla Sixtina. Trabaj\u00f3 en muchas ocasiones en Roma, incluso para el Papa, donde se hizo famoso por la elegancia de sus decoraciones y su trabajo en general. En el interior de la Galer\u00eda Nacional de Umbr\u00eda se conserva el <em>retablo de S. Mar\u00eda de los fosos<\/em>, 1495-96, una de las obras que m\u00e1s representa la escuela perusina. Se caracteriza por un extraordinario trabajo t\u00e9cnico y atenci\u00f3n al detalle.<\/p>\n<p>SIGLO XVI<\/p>\n<p>Hay varias obras que representan este per\u00edodo, cuyos autores son principalmente de fuera de Perugia, gracias al poder renovado de la Iglesia que comienza a encargar muchas obras.\u00a0 Por ejemplo, es posible visitar el fresco <strong>\u00abHistorias de Braccio Fortebraccio da Montone\u00bb, <\/strong>pintado por <em>Lattanzio Pagani<\/em> y <em>Tommaso Bernabei<\/em> en 1545-48. Entre los pintores locales, por otro lado, se cuenta con <em>Orazio Alfani<\/em> y su <strong>Sagrada Familia<\/strong> y <strong>El Descanso en la Huida de Egipto<\/strong>, del 1560 aproximadamente. Entre otros, cabe destacar el <strong>Nacimiento de la Virgen<\/strong>, de 1561, pintado por\u00a0 <em>Dono Doni<\/em>, de As\u00eds. Tambi\u00e9n hay obras de pintores flamencos, la m\u00e1s importante de las cuales es la de<em>Hendrick van den Broeck<\/em>: <strong>la Adoraci\u00f3n de los Reyes Magos, <\/strong>de 1563; y <strong>la Crucifixi\u00f3n<\/strong>, de 1565.<\/p>\n<p>Tambi\u00e9n son importantes la <strong>Sagrada Familia con el Bautista<\/strong>, 1573, pintada por <em>Raffaellino del Colle<\/em>, y <strong>la Adoraci\u00f3n de los Pastores<\/strong> por <em>Marcello Venusti<\/em>.<\/p>\n<p>SIGLOS XVII y XVIII<\/p>\n<p>El m\u00e1ximo exponente del siglo XVII en la galer\u00eda es definitivamente <strong>Ventura Salimbeni<\/strong>, con la<em>Virgen y el Ni\u00f1o y S. Juan, ni\u00f1o, de 1606-1608. Se expone Orazio Gentileschi<\/em>, con <strong>Santa Cecilia tocando la espineta y un \u00e1ngel<\/strong>, 1615, y <em>Valent\u00edn de Boulogne<\/em>, con <strong>Samaritana en el pozo<\/strong>, 1622, ambos de la corriente del caravaggismo.<\/p>\n<p>Incluso el per\u00edodo del siglo XVIII ofrece interesantes obras de arte. La <strong>Visi\u00f3n de San Bernardo, por ejemplo,<\/strong> pintada por <em>Giovanni Odazzi <\/em>en 1720, es una de ellas. Tambi\u00e9n hay otras obras que llegaron de Roma, como <strong>La Familia de la Virgen<\/strong>, <em>de Francesco Mancini <\/em>que data de 1732, <strong>Comuni\u00f3n dela Magdalena<\/strong>, <em>Sebastian Conca<\/em> 1738, y <strong>S. Ambrosio absolviendo al Emperador Teodosio<\/strong>, de <em>Pierre Subleyras<\/em> de 1745.<\/p>\n<p>Para completar las grandes colecciones de pinturas y esculturas, en la Galer\u00eda Nacional de Umbr\u00eda hay numerosas colecciones, como una colecci\u00f3n muy grande de <strong>manteles de Perugia<\/strong>, que pas\u00f3 de mano en mano entre los coleccionistas privados y al final fue adquirida por el Estado y expuesta en la galer\u00eda. Tambi\u00e9n hay exposiciones de objetos de orfebrer\u00eda, en su mayor\u00eda de los museos c\u00edvicos de Perugia, recogidos desde 1863 sin indicar su origen, por lo que hoy en d\u00eda es dif\u00edcil reconstruir con precisi\u00f3n su historia.<\/p>\n<p>Otras colecciones proceden de la sacrist\u00eda de la iglesia de S. Domingo, inventariadas en el siglo XV como testimonio de la labor de los artesanos locales.<\/p>\n","protected":false},"excerpt":{"rendered":"<p>La Galer\u00eda Nacional de Umbr\u00eda es una de las colecciones muse\u00edsticas m\u00e1s importantes de Italia por la cantidad de obras conservadas y, sobre todo, por la gran calidad de las mismas. Sin duda, sin embargo, es el m\u00e1s completo de la regi\u00f3n. Hoy en d\u00eda se encuentra en el interior del Palacio de los Priores [&hellip;]<\/p>\n","protected":false},"author":3,"featured_media":29755,"parent":3165,"menu_order":6,"comment_status":"closed","ping_status":"closed","template":"","meta":{"om_disable_all_campaigns":false,"_monsterinsights_skip_tracking":false,"_monsterinsights_sitenote_active":false,"_monsterinsights_sitenote_note":"","_monsterinsights_sitenote_category":0},"acf":[],"yoast_head":"<!-- This site is optimized with the Yoast SEO plugin v18.4.1 - https:\/\/yoast.com\/wordpress\/plugins\/seo\/ -->\n<title>Galer\u00eda Nacional de Umbr\u00eda - Exploring Umbria<\/title>\n<meta name=\"description\" content=\"La Galer\u00eda Nacional de Umbr\u00eda es una de las colecciones muse\u00edsticas m\u00e1s importantes de Italia por la cantidad de obras conservadas y, sobre todo, por la\" \/>\n<meta name=\"robots\" content=\"index, follow, max-snippet:-1, max-image-preview:large, max-video-preview:-1\" \/>\n<link rel=\"canonical\" href=\"https:\/\/www.exploring-umbria.com\/es\/descubre-perugia-historia-y-tradicion\/que-ver-en-perugia\/galeria-nacional-de-umbria\/\" \/>\n<meta property=\"og:locale\" content=\"es_ES\" \/>\n<meta property=\"og:type\" content=\"article\" \/>\n<meta property=\"og:title\" content=\"Galer\u00eda Nacional de Umbr\u00eda - Exploring Umbria\" \/>\n<meta property=\"og:description\" content=\"La Galer\u00eda Nacional de Umbr\u00eda es una de las colecciones muse\u00edsticas m\u00e1s importantes de Italia por la cantidad de obras conservadas y, sobre todo, por la\" \/>\n<meta property=\"og:url\" content=\"https:\/\/www.exploring-umbria.com\/es\/descubre-perugia-historia-y-tradicion\/que-ver-en-perugia\/galeria-nacional-de-umbria\/\" \/>\n<meta property=\"og:site_name\" content=\"Exploring Umbria\" \/>\n<meta property=\"article:publisher\" content=\"https:\/\/www.facebook.com\/exploringumbria\/\" \/>\n<meta property=\"article:modified_time\" content=\"2020-04-01T16:09:07+00:00\" \/>\n<meta property=\"og:image\" content=\"https:\/\/www.exploring-umbria.com\/wp-content\/uploads\/2020\/01\/Perugia-galleria-nazionale-dellUmbria69.jpeg\" \/>\n\t<meta property=\"og:image:width\" content=\"1200\" \/>\n\t<meta property=\"og:image:height\" content=\"1600\" \/>\n\t<meta property=\"og:image:type\" content=\"image\/jpeg\" \/>\n<meta name=\"twitter:card\" content=\"summary_large_image\" \/>\n<meta name=\"twitter:label1\" content=\"Tiempo de lectura\" \/>\n\t<meta name=\"twitter:data1\" content=\"9 minutos\" \/>\n<script type=\"application\/ld+json\" class=\"yoast-schema-graph\">{\"@context\":\"https:\/\/schema.org\",\"@graph\":[{\"@type\":\"Organization\",\"@id\":\"https:\/\/www.exploring-umbria.com\/es\/#organization\",\"name\":\"Exploring Umbria\",\"url\":\"https:\/\/www.exploring-umbria.com\/es\/\",\"sameAs\":[\"https:\/\/www.facebook.com\/exploringumbria\/\",\"https:\/\/www.instagram.com\/exploringumbria\/\"],\"logo\":{\"@type\":\"ImageObject\",\"@id\":\"https:\/\/www.exploring-umbria.com\/es\/#logo\",\"inLanguage\":\"es\",\"url\":\"https:\/\/www.exploring-umbria.com\/wp-content\/uploads\/2019\/08\/solo-logo-verde.jpg\",\"contentUrl\":\"https:\/\/www.exploring-umbria.com\/wp-content\/uploads\/2019\/08\/solo-logo-verde.jpg\",\"width\":952,\"height\":532,\"caption\":\"Exploring Umbria\"},\"image\":{\"@id\":\"https:\/\/www.exploring-umbria.com\/es\/#logo\"}},{\"@type\":\"WebSite\",\"@id\":\"https:\/\/www.exploring-umbria.com\/es\/#website\",\"url\":\"https:\/\/www.exploring-umbria.com\/es\/\",\"name\":\"Exploring Umbria\",\"description\":\"your dates, your mood, your trip\",\"publisher\":{\"@id\":\"https:\/\/www.exploring-umbria.com\/es\/#organization\"},\"potentialAction\":[{\"@type\":\"SearchAction\",\"target\":{\"@type\":\"EntryPoint\",\"urlTemplate\":\"https:\/\/www.exploring-umbria.com\/es\/?s={search_term_string}\"},\"query-input\":\"required name=search_term_string\"}],\"inLanguage\":\"es\"},{\"@type\":\"ImageObject\",\"@id\":\"https:\/\/www.exploring-umbria.com\/es\/descubre-perugia-historia-y-tradicion\/que-ver-en-perugia\/galeria-nacional-de-umbria\/#primaryimage\",\"inLanguage\":\"es\",\"url\":\"https:\/\/www.exploring-umbria.com\/wp-content\/uploads\/2020\/01\/Perugia-galleria-nazionale-dellUmbria69.jpeg\",\"contentUrl\":\"https:\/\/www.exploring-umbria.com\/wp-content\/uploads\/2020\/01\/Perugia-galleria-nazionale-dellUmbria69.jpeg\",\"width\":1200,\"height\":1600,\"caption\":\"Uno dei capolavori della Galleria Nazionale dell'Umbria\"},{\"@type\":\"WebPage\",\"@id\":\"https:\/\/www.exploring-umbria.com\/es\/descubre-perugia-historia-y-tradicion\/que-ver-en-perugia\/galeria-nacional-de-umbria\/#webpage\",\"url\":\"https:\/\/www.exploring-umbria.com\/es\/descubre-perugia-historia-y-tradicion\/que-ver-en-perugia\/galeria-nacional-de-umbria\/\",\"name\":\"Galer\u00eda Nacional de Umbr\u00eda - Exploring Umbria\",\"isPartOf\":{\"@id\":\"https:\/\/www.exploring-umbria.com\/es\/#website\"},\"primaryImageOfPage\":{\"@id\":\"https:\/\/www.exploring-umbria.com\/es\/descubre-perugia-historia-y-tradicion\/que-ver-en-perugia\/galeria-nacional-de-umbria\/#primaryimage\"},\"datePublished\":\"2019-02-28T18:19:22+00:00\",\"dateModified\":\"2020-04-01T16:09:07+00:00\",\"description\":\"La Galer\u00eda Nacional de Umbr\u00eda es una de las colecciones muse\u00edsticas m\u00e1s importantes de Italia por la cantidad de obras conservadas y, sobre todo, por la\",\"breadcrumb\":{\"@id\":\"https:\/\/www.exploring-umbria.com\/es\/descubre-perugia-historia-y-tradicion\/que-ver-en-perugia\/galeria-nacional-de-umbria\/#breadcrumb\"},\"inLanguage\":\"es\",\"potentialAction\":[{\"@type\":\"ReadAction\",\"target\":[\"https:\/\/www.exploring-umbria.com\/es\/descubre-perugia-historia-y-tradicion\/que-ver-en-perugia\/galeria-nacional-de-umbria\/\"]}]},{\"@type\":\"BreadcrumbList\",\"@id\":\"https:\/\/www.exploring-umbria.com\/es\/descubre-perugia-historia-y-tradicion\/que-ver-en-perugia\/galeria-nacional-de-umbria\/#breadcrumb\",\"itemListElement\":[{\"@type\":\"ListItem\",\"position\":1,\"name\":\"Home\",\"item\":\"https:\/\/www.exploring-umbria.com\/es\/\"},{\"@type\":\"ListItem\",\"position\":2,\"name\":\"Descubre Perugia: historia y tradici\u00f3n\",\"item\":\"https:\/\/www.exploring-umbria.com\/es\/descubre-perugia-historia-y-tradicion\/\"},{\"@type\":\"ListItem\",\"position\":3,\"name\":\"Qu\u00e9 ver en Perugia\",\"item\":\"https:\/\/www.exploring-umbria.com\/es\/descubre-perugia-historia-y-tradicion\/que-ver-en-perugia\/\"},{\"@type\":\"ListItem\",\"position\":4,\"name\":\"Galer\u00eda Nacional de Umbr\u00eda\"}]}]}<\/script>\n<!-- \/ Yoast SEO plugin. -->","yoast_head_json":{"title":"Galer\u00eda Nacional de Umbr\u00eda - Exploring Umbria","description":"La Galer\u00eda Nacional de Umbr\u00eda es una de las colecciones muse\u00edsticas m\u00e1s importantes de Italia por la cantidad de obras conservadas y, sobre todo, por la","robots":{"index":"index","follow":"follow","max-snippet":"max-snippet:-1","max-image-preview":"max-image-preview:large","max-video-preview":"max-video-preview:-1"},"canonical":"https:\/\/www.exploring-umbria.com\/es\/descubre-perugia-historia-y-tradicion\/que-ver-en-perugia\/galeria-nacional-de-umbria\/","og_locale":"es_ES","og_type":"article","og_title":"Galer\u00eda Nacional de Umbr\u00eda - Exploring Umbria","og_description":"La Galer\u00eda Nacional de Umbr\u00eda es una de las colecciones muse\u00edsticas m\u00e1s importantes de Italia por la cantidad de obras conservadas y, sobre todo, por la","og_url":"https:\/\/www.exploring-umbria.com\/es\/descubre-perugia-historia-y-tradicion\/que-ver-en-perugia\/galeria-nacional-de-umbria\/","og_site_name":"Exploring Umbria","article_publisher":"https:\/\/www.facebook.com\/exploringumbria\/","article_modified_time":"2020-04-01T16:09:07+00:00","og_image":[{"width":1200,"height":1600,"url":"https:\/\/www.exploring-umbria.com\/wp-content\/uploads\/2020\/01\/Perugia-galleria-nazionale-dellUmbria69.jpeg","type":"image\/jpeg"}],"twitter_card":"summary_large_image","twitter_misc":{"Tiempo de lectura":"9 minutos"},"schema":{"@context":"https:\/\/schema.org","@graph":[{"@type":"Organization","@id":"https:\/\/www.exploring-umbria.com\/es\/#organization","name":"Exploring Umbria","url":"https:\/\/www.exploring-umbria.com\/es\/","sameAs":["https:\/\/www.facebook.com\/exploringumbria\/","https:\/\/www.instagram.com\/exploringumbria\/"],"logo":{"@type":"ImageObject","@id":"https:\/\/www.exploring-umbria.com\/es\/#logo","inLanguage":"es","url":"https:\/\/www.exploring-umbria.com\/wp-content\/uploads\/2019\/08\/solo-logo-verde.jpg","contentUrl":"https:\/\/www.exploring-umbria.com\/wp-content\/uploads\/2019\/08\/solo-logo-verde.jpg","width":952,"height":532,"caption":"Exploring Umbria"},"image":{"@id":"https:\/\/www.exploring-umbria.com\/es\/#logo"}},{"@type":"WebSite","@id":"https:\/\/www.exploring-umbria.com\/es\/#website","url":"https:\/\/www.exploring-umbria.com\/es\/","name":"Exploring Umbria","description":"your dates, your mood, your trip","publisher":{"@id":"https:\/\/www.exploring-umbria.com\/es\/#organization"},"potentialAction":[{"@type":"SearchAction","target":{"@type":"EntryPoint","urlTemplate":"https:\/\/www.exploring-umbria.com\/es\/?s={search_term_string}"},"query-input":"required name=search_term_string"}],"inLanguage":"es"},{"@type":"ImageObject","@id":"https:\/\/www.exploring-umbria.com\/es\/descubre-perugia-historia-y-tradicion\/que-ver-en-perugia\/galeria-nacional-de-umbria\/#primaryimage","inLanguage":"es","url":"https:\/\/www.exploring-umbria.com\/wp-content\/uploads\/2020\/01\/Perugia-galleria-nazionale-dellUmbria69.jpeg","contentUrl":"https:\/\/www.exploring-umbria.com\/wp-content\/uploads\/2020\/01\/Perugia-galleria-nazionale-dellUmbria69.jpeg","width":1200,"height":1600,"caption":"Uno dei capolavori della Galleria Nazionale dell'Umbria"},{"@type":"WebPage","@id":"https:\/\/www.exploring-umbria.com\/es\/descubre-perugia-historia-y-tradicion\/que-ver-en-perugia\/galeria-nacional-de-umbria\/#webpage","url":"https:\/\/www.exploring-umbria.com\/es\/descubre-perugia-historia-y-tradicion\/que-ver-en-perugia\/galeria-nacional-de-umbria\/","name":"Galer\u00eda Nacional de Umbr\u00eda - Exploring Umbria","isPartOf":{"@id":"https:\/\/www.exploring-umbria.com\/es\/#website"},"primaryImageOfPage":{"@id":"https:\/\/www.exploring-umbria.com\/es\/descubre-perugia-historia-y-tradicion\/que-ver-en-perugia\/galeria-nacional-de-umbria\/#primaryimage"},"datePublished":"2019-02-28T18:19:22+00:00","dateModified":"2020-04-01T16:09:07+00:00","description":"La Galer\u00eda Nacional de Umbr\u00eda es una de las colecciones muse\u00edsticas m\u00e1s importantes de Italia por la cantidad de obras conservadas y, sobre todo, por la","breadcrumb":{"@id":"https:\/\/www.exploring-umbria.com\/es\/descubre-perugia-historia-y-tradicion\/que-ver-en-perugia\/galeria-nacional-de-umbria\/#breadcrumb"},"inLanguage":"es","potentialAction":[{"@type":"ReadAction","target":["https:\/\/www.exploring-umbria.com\/es\/descubre-perugia-historia-y-tradicion\/que-ver-en-perugia\/galeria-nacional-de-umbria\/"]}]},{"@type":"BreadcrumbList","@id":"https:\/\/www.exploring-umbria.com\/es\/descubre-perugia-historia-y-tradicion\/que-ver-en-perugia\/galeria-nacional-de-umbria\/#breadcrumb","itemListElement":[{"@type":"ListItem","position":1,"name":"Home","item":"https:\/\/www.exploring-umbria.com\/es\/"},{"@type":"ListItem","position":2,"name":"Descubre Perugia: historia y tradici\u00f3n","item":"https:\/\/www.exploring-umbria.com\/es\/descubre-perugia-historia-y-tradicion\/"},{"@type":"ListItem","position":3,"name":"Qu\u00e9 ver en Perugia","item":"https:\/\/www.exploring-umbria.com\/es\/descubre-perugia-historia-y-tradicion\/que-ver-en-perugia\/"},{"@type":"ListItem","position":4,"name":"Galer\u00eda Nacional de Umbr\u00eda"}]}]}},"_links":{"self":[{"href":"https:\/\/www.exploring-umbria.com\/es\/wp-json\/wp\/v2\/pages\/3146"}],"collection":[{"href":"https:\/\/www.exploring-umbria.com\/es\/wp-json\/wp\/v2\/pages"}],"about":[{"href":"https:\/\/www.exploring-umbria.com\/es\/wp-json\/wp\/v2\/types\/page"}],"author":[{"embeddable":true,"href":"https:\/\/www.exploring-umbria.com\/es\/wp-json\/wp\/v2\/users\/3"}],"replies":[{"embeddable":true,"href":"https:\/\/www.exploring-umbria.com\/es\/wp-json\/wp\/v2\/comments?post=3146"}],"version-history":[{"count":7,"href":"https:\/\/www.exploring-umbria.com\/es\/wp-json\/wp\/v2\/pages\/3146\/revisions"}],"predecessor-version":[{"id":33356,"href":"https:\/\/www.exploring-umbria.com\/es\/wp-json\/wp\/v2\/pages\/3146\/revisions\/33356"}],"up":[{"embeddable":true,"href":"https:\/\/www.exploring-umbria.com\/es\/wp-json\/wp\/v2\/pages\/3165"}],"wp:featuredmedia":[{"embeddable":true,"href":"https:\/\/www.exploring-umbria.com\/es\/wp-json\/wp\/v2\/media\/29755"}],"wp:attachment":[{"href":"https:\/\/www.exploring-umbria.com\/es\/wp-json\/wp\/v2\/media?parent=3146"}],"curies":[{"name":"wp","href":"https:\/\/api.w.org\/{rel}","templated":true}]}}