{"id":3144,"date":"2019-02-28T19:21:29","date_gmt":"2019-02-28T18:21:29","guid":{"rendered":"https:\/\/www.exploring-umbria.com\/giardini-carducci\/"},"modified":"2020-04-02T15:49:24","modified_gmt":"2020-04-02T13:49:24","slug":"jardines-carducci","status":"publish","type":"page","link":"https:\/\/www.exploring-umbria.com\/es\/descubre-perugia-historia-y-tradicion\/que-ver-en-perugia\/jardines-carducci\/","title":{"rendered":"Jardines Carducci"},"content":{"rendered":"<p>Ya debes estar cansado, has viajado a lo largo y ancho de <strong>Corso Vannucci<\/strong> con sus museos, magn\u00edficos palacios e imponentes iglesias, y buscas un lugar para descansar, para relajarte un momento, pero sin perder la oportunidad de admirar una vez m\u00e1s algo \u00fanico. Sigue por Corso Vannucci hasta el final y llegar\u00e1s a los <strong>jardines Carducci<\/strong>. Los encontrar\u00e1s inmediatamente despu\u00e9s del palacio de la provincia, donde antes se encontraba parte de la <a href=\"https:\/\/www.exploring-umbria.com\/es\/subcategories\/cosa-fare-e-cosa-vedere-a-perugia\/#heading3098\" target=\"_blank\" rel=\"noopener noreferrer\"><strong>Fortaleza Paolina<\/strong><\/a>. En el centro hay un monumento al <em><a href=\"https:\/\/es.wikipedia.org\/wiki\/Pietro_Perugino\" target=\"_blank\" rel=\"noopener noreferrer\">Perugino<\/a> <\/em>y se encuentran los bustos de<em> Giosu\u00e8 Carducci, Orazio Antinori, Galeazzo Alessi, Guglielmo Calderini y Pintoricchio<\/em>.<\/p>\n<p>&nbsp;<\/p>\n<p>\u00ab\u2026As\u00ed fue en Perugia. Donde la fiera<br \/>\nmole ensombrec\u00eda vastamente el suelo<br \/>\nahora r\u00ede el amor y r\u00ede la primavera,<br \/>\nlas mujeres conversan y los mozos al sol.<\/p>\n<p>Y el sol en el radiante azul inmenso<\/p>\n<p>De los Abruzos al blancor lejano<\/p>\n<p>Resplandece, y con el deseo de un amor m\u00e1s intenso<\/p>\n<p>Sonr\u00ede a las monta\u00f1as de Umbr\u00eda y al verde llano.<\/p>\n<p>En la luz rosada pl\u00e1cidas fuentes<\/p>\n<p>Las monta\u00f1as se persiguen entre ellas,<\/p>\n<p>Hasta que se desvanecen balanceantes<\/p>\n<p>Dentro de los vapores oro y violeta.<\/p>\n<p>Tal vez, Italia, sea tu cabello fragante<\/p>\n<p>En el t\u00e1lamo, entre dos mares, sereno,<\/p>\n<p>Que con los besos del eterno amante<\/p>\n<p>\u00bfTe sumerge en largos rizos en su seno?<\/p>\n<p>No s\u00e9 qu\u00e9 es, m\u00e1s de zafiro<\/p>\n<p>Siento que cada pensamiento hoy en m\u00ed resplandece,<\/p>\n<p>Siento por cada vena un suspiro<\/p>\n<p>Que entre la tierra y el cielo sube y desciende&#8230;\u00bb<\/p>\n<p>&nbsp;<\/p>\n<p>As\u00ed escribi\u00f3 <em>Giosu\u00e9 Carducci<\/em> cuando, durante su estancia en Perugia, sus paradas en los jardines que ahora llevan su nombre inspiraron los versos de la <strong>\u00abCanci\u00f3n de amor\u00bb<\/strong>, de la que se ofrece un extracto m\u00e1s arriba. En la Oda, el poeta traza la sed de poder y control que llev\u00f3 al Papa Pablo III a construir la <strong>Fortaleza Paolina<\/strong> para suprimir y aplastar todo movimiento de Perugia. Como explica en su canci\u00f3n, <em>\u00ab&#8230;la gente es&#8230;un perro&#8230;que muerde las piedras que no puede lanzar&#8230;y sobre todo sus colmillos de hierro disfrutan ejercitarse en las fortalezas&#8230;\u00bb<\/em>, por lo que los de Perugia han recuperado sus espacios, desarraigando s\u00edmbolos de poder para devolverles la sonrisa del amor y la primavera. Donde antes estaba la fortaleza, ahora crece la hierba y brotan las flores.<\/p>\n<p>Aqu\u00ed puedes tomarte un tiempo para relajarte y parar en en la naturaleza, pero siempre permaneciendo en el casco antiguo de la ciudad. Podr\u00e1s apoyarte en la barandilla y disfrutar de la vista de la parte sur de Perugia, observando la red de las \u00faltimas casas que poco a poco se desvanecen hasta perderse en el verdor del valle de Umbr\u00eda. Si pasas por all\u00ed al atardecer, ser\u00e1s testigo de un espect\u00e1culo \u00fanico, con el \u00faltimo sol iluminando el verde a lo lejos y dorando con los \u00faltimos reflejos el travertino de la ciudad.<\/p>\n<p>Tal vez puedas sentirte como el poeta, con el aliento incierto de la emoci\u00f3n.<\/p>\n<p>Los jardines Carducci son un lugar muy popular, tanto para los turistas como para los locales, pero nunca est\u00e1n muy concurridos y siempre consiguen dar al visitante un momento de paz.<\/p>\n","protected":false},"excerpt":{"rendered":"<p>Ya debes estar cansado, has viajado a lo largo y ancho de Corso Vannucci con sus museos, magn\u00edficos palacios e imponentes iglesias, y buscas un lugar para descansar, para relajarte un momento, pero sin perder la oportunidad de admirar una vez m\u00e1s algo \u00fanico. Sigue por Corso Vannucci hasta el final y llegar\u00e1s a los [&hellip;]<\/p>\n","protected":false},"author":3,"featured_media":13582,"parent":3165,"menu_order":20,"comment_status":"closed","ping_status":"closed","template":"","meta":{"om_disable_all_campaigns":false,"_monsterinsights_skip_tracking":false,"_monsterinsights_sitenote_active":false,"_monsterinsights_sitenote_note":"","_monsterinsights_sitenote_category":0},"acf":[],"yoast_head":"<!-- This site is optimized with the Yoast SEO plugin v18.4.1 - https:\/\/yoast.com\/wordpress\/plugins\/seo\/ -->\n<title>Jardines Carducci - Exploring Umbria<\/title>\n<meta name=\"description\" content=\"Encontrar\u00e1s los Jardines Carducci inmediatamente despu\u00e9s del palacio de la provincia, donde antes se encontraba parte de la Fortaleza Paolina\" \/>\n<meta name=\"robots\" content=\"index, follow, max-snippet:-1, max-image-preview:large, max-video-preview:-1\" \/>\n<link rel=\"canonical\" href=\"https:\/\/www.exploring-umbria.com\/es\/descubre-perugia-historia-y-tradicion\/que-ver-en-perugia\/jardines-carducci\/\" \/>\n<meta property=\"og:locale\" content=\"es_ES\" \/>\n<meta property=\"og:type\" content=\"article\" \/>\n<meta property=\"og:title\" content=\"Jardines Carducci - Exploring Umbria\" \/>\n<meta property=\"og:description\" content=\"Encontrar\u00e1s los Jardines Carducci inmediatamente despu\u00e9s del palacio de la provincia, donde antes se encontraba parte de la Fortaleza Paolina\" \/>\n<meta property=\"og:url\" content=\"https:\/\/www.exploring-umbria.com\/es\/descubre-perugia-historia-y-tradicion\/que-ver-en-perugia\/jardines-carducci\/\" \/>\n<meta property=\"og:site_name\" content=\"Exploring Umbria\" \/>\n<meta property=\"article:publisher\" content=\"https:\/\/www.facebook.com\/exploringumbria\/\" \/>\n<meta property=\"article:modified_time\" content=\"2020-04-02T13:49:24+00:00\" \/>\n<meta property=\"og:image\" content=\"https:\/\/www.exploring-umbria.com\/wp-content\/uploads\/2019\/06\/PERUGIA-GIARDINI-CARDUCCI-1.jpg\" \/>\n\t<meta property=\"og:image:width\" content=\"1800\" \/>\n\t<meta property=\"og:image:height\" content=\"1350\" \/>\n\t<meta property=\"og:image:type\" content=\"image\/jpeg\" \/>\n<meta name=\"twitter:card\" content=\"summary_large_image\" \/>\n<meta name=\"twitter:label1\" content=\"Tiempo de lectura\" \/>\n\t<meta name=\"twitter:data1\" content=\"3 minutos\" \/>\n<script type=\"application\/ld+json\" class=\"yoast-schema-graph\">{\"@context\":\"https:\/\/schema.org\",\"@graph\":[{\"@type\":\"Organization\",\"@id\":\"https:\/\/www.exploring-umbria.com\/es\/#organization\",\"name\":\"Exploring Umbria\",\"url\":\"https:\/\/www.exploring-umbria.com\/es\/\",\"sameAs\":[\"https:\/\/www.facebook.com\/exploringumbria\/\",\"https:\/\/www.instagram.com\/exploringumbria\/\"],\"logo\":{\"@type\":\"ImageObject\",\"@id\":\"https:\/\/www.exploring-umbria.com\/es\/#logo\",\"inLanguage\":\"es\",\"url\":\"https:\/\/www.exploring-umbria.com\/wp-content\/uploads\/2019\/08\/solo-logo-verde.jpg\",\"contentUrl\":\"https:\/\/www.exploring-umbria.com\/wp-content\/uploads\/2019\/08\/solo-logo-verde.jpg\",\"width\":952,\"height\":532,\"caption\":\"Exploring Umbria\"},\"image\":{\"@id\":\"https:\/\/www.exploring-umbria.com\/es\/#logo\"}},{\"@type\":\"WebSite\",\"@id\":\"https:\/\/www.exploring-umbria.com\/es\/#website\",\"url\":\"https:\/\/www.exploring-umbria.com\/es\/\",\"name\":\"Exploring Umbria\",\"description\":\"your dates, your mood, your trip\",\"publisher\":{\"@id\":\"https:\/\/www.exploring-umbria.com\/es\/#organization\"},\"potentialAction\":[{\"@type\":\"SearchAction\",\"target\":{\"@type\":\"EntryPoint\",\"urlTemplate\":\"https:\/\/www.exploring-umbria.com\/es\/?s={search_term_string}\"},\"query-input\":\"required name=search_term_string\"}],\"inLanguage\":\"es\"},{\"@type\":\"ImageObject\",\"@id\":\"https:\/\/www.exploring-umbria.com\/es\/descubre-perugia-historia-y-tradicion\/que-ver-en-perugia\/jardines-carducci\/#primaryimage\",\"inLanguage\":\"es\",\"url\":\"https:\/\/www.exploring-umbria.com\/wp-content\/uploads\/2019\/06\/PERUGIA-GIARDINI-CARDUCCI-1.jpg\",\"contentUrl\":\"https:\/\/www.exploring-umbria.com\/wp-content\/uploads\/2019\/06\/PERUGIA-GIARDINI-CARDUCCI-1.jpg\",\"width\":1800,\"height\":1350,\"caption\":\"I giardini Carducci di Perugia\"},{\"@type\":\"WebPage\",\"@id\":\"https:\/\/www.exploring-umbria.com\/es\/descubre-perugia-historia-y-tradicion\/que-ver-en-perugia\/jardines-carducci\/#webpage\",\"url\":\"https:\/\/www.exploring-umbria.com\/es\/descubre-perugia-historia-y-tradicion\/que-ver-en-perugia\/jardines-carducci\/\",\"name\":\"Jardines Carducci - Exploring Umbria\",\"isPartOf\":{\"@id\":\"https:\/\/www.exploring-umbria.com\/es\/#website\"},\"primaryImageOfPage\":{\"@id\":\"https:\/\/www.exploring-umbria.com\/es\/descubre-perugia-historia-y-tradicion\/que-ver-en-perugia\/jardines-carducci\/#primaryimage\"},\"datePublished\":\"2019-02-28T18:21:29+00:00\",\"dateModified\":\"2020-04-02T13:49:24+00:00\",\"description\":\"Encontrar\u00e1s los Jardines Carducci inmediatamente despu\u00e9s del palacio de la provincia, donde antes se encontraba parte de la Fortaleza Paolina\",\"breadcrumb\":{\"@id\":\"https:\/\/www.exploring-umbria.com\/es\/descubre-perugia-historia-y-tradicion\/que-ver-en-perugia\/jardines-carducci\/#breadcrumb\"},\"inLanguage\":\"es\",\"potentialAction\":[{\"@type\":\"ReadAction\",\"target\":[\"https:\/\/www.exploring-umbria.com\/es\/descubre-perugia-historia-y-tradicion\/que-ver-en-perugia\/jardines-carducci\/\"]}]},{\"@type\":\"BreadcrumbList\",\"@id\":\"https:\/\/www.exploring-umbria.com\/es\/descubre-perugia-historia-y-tradicion\/que-ver-en-perugia\/jardines-carducci\/#breadcrumb\",\"itemListElement\":[{\"@type\":\"ListItem\",\"position\":1,\"name\":\"Home\",\"item\":\"https:\/\/www.exploring-umbria.com\/es\/\"},{\"@type\":\"ListItem\",\"position\":2,\"name\":\"Descubre Perugia: historia y tradici\u00f3n\",\"item\":\"https:\/\/www.exploring-umbria.com\/es\/descubre-perugia-historia-y-tradicion\/\"},{\"@type\":\"ListItem\",\"position\":3,\"name\":\"Qu\u00e9 ver en Perugia\",\"item\":\"https:\/\/www.exploring-umbria.com\/es\/descubre-perugia-historia-y-tradicion\/que-ver-en-perugia\/\"},{\"@type\":\"ListItem\",\"position\":4,\"name\":\"Jardines Carducci\"}]}]}<\/script>\n<!-- \/ Yoast SEO plugin. -->","yoast_head_json":{"title":"Jardines Carducci - Exploring Umbria","description":"Encontrar\u00e1s los Jardines Carducci inmediatamente despu\u00e9s del palacio de la provincia, donde antes se encontraba parte de la Fortaleza Paolina","robots":{"index":"index","follow":"follow","max-snippet":"max-snippet:-1","max-image-preview":"max-image-preview:large","max-video-preview":"max-video-preview:-1"},"canonical":"https:\/\/www.exploring-umbria.com\/es\/descubre-perugia-historia-y-tradicion\/que-ver-en-perugia\/jardines-carducci\/","og_locale":"es_ES","og_type":"article","og_title":"Jardines Carducci - Exploring Umbria","og_description":"Encontrar\u00e1s los Jardines Carducci inmediatamente despu\u00e9s del palacio de la provincia, donde antes se encontraba parte de la Fortaleza Paolina","og_url":"https:\/\/www.exploring-umbria.com\/es\/descubre-perugia-historia-y-tradicion\/que-ver-en-perugia\/jardines-carducci\/","og_site_name":"Exploring Umbria","article_publisher":"https:\/\/www.facebook.com\/exploringumbria\/","article_modified_time":"2020-04-02T13:49:24+00:00","og_image":[{"width":1800,"height":1350,"url":"https:\/\/www.exploring-umbria.com\/wp-content\/uploads\/2019\/06\/PERUGIA-GIARDINI-CARDUCCI-1.jpg","type":"image\/jpeg"}],"twitter_card":"summary_large_image","twitter_misc":{"Tiempo de lectura":"3 minutos"},"schema":{"@context":"https:\/\/schema.org","@graph":[{"@type":"Organization","@id":"https:\/\/www.exploring-umbria.com\/es\/#organization","name":"Exploring Umbria","url":"https:\/\/www.exploring-umbria.com\/es\/","sameAs":["https:\/\/www.facebook.com\/exploringumbria\/","https:\/\/www.instagram.com\/exploringumbria\/"],"logo":{"@type":"ImageObject","@id":"https:\/\/www.exploring-umbria.com\/es\/#logo","inLanguage":"es","url":"https:\/\/www.exploring-umbria.com\/wp-content\/uploads\/2019\/08\/solo-logo-verde.jpg","contentUrl":"https:\/\/www.exploring-umbria.com\/wp-content\/uploads\/2019\/08\/solo-logo-verde.jpg","width":952,"height":532,"caption":"Exploring Umbria"},"image":{"@id":"https:\/\/www.exploring-umbria.com\/es\/#logo"}},{"@type":"WebSite","@id":"https:\/\/www.exploring-umbria.com\/es\/#website","url":"https:\/\/www.exploring-umbria.com\/es\/","name":"Exploring Umbria","description":"your dates, your mood, your trip","publisher":{"@id":"https:\/\/www.exploring-umbria.com\/es\/#organization"},"potentialAction":[{"@type":"SearchAction","target":{"@type":"EntryPoint","urlTemplate":"https:\/\/www.exploring-umbria.com\/es\/?s={search_term_string}"},"query-input":"required name=search_term_string"}],"inLanguage":"es"},{"@type":"ImageObject","@id":"https:\/\/www.exploring-umbria.com\/es\/descubre-perugia-historia-y-tradicion\/que-ver-en-perugia\/jardines-carducci\/#primaryimage","inLanguage":"es","url":"https:\/\/www.exploring-umbria.com\/wp-content\/uploads\/2019\/06\/PERUGIA-GIARDINI-CARDUCCI-1.jpg","contentUrl":"https:\/\/www.exploring-umbria.com\/wp-content\/uploads\/2019\/06\/PERUGIA-GIARDINI-CARDUCCI-1.jpg","width":1800,"height":1350,"caption":"I giardini Carducci di Perugia"},{"@type":"WebPage","@id":"https:\/\/www.exploring-umbria.com\/es\/descubre-perugia-historia-y-tradicion\/que-ver-en-perugia\/jardines-carducci\/#webpage","url":"https:\/\/www.exploring-umbria.com\/es\/descubre-perugia-historia-y-tradicion\/que-ver-en-perugia\/jardines-carducci\/","name":"Jardines Carducci - Exploring Umbria","isPartOf":{"@id":"https:\/\/www.exploring-umbria.com\/es\/#website"},"primaryImageOfPage":{"@id":"https:\/\/www.exploring-umbria.com\/es\/descubre-perugia-historia-y-tradicion\/que-ver-en-perugia\/jardines-carducci\/#primaryimage"},"datePublished":"2019-02-28T18:21:29+00:00","dateModified":"2020-04-02T13:49:24+00:00","description":"Encontrar\u00e1s los Jardines Carducci inmediatamente despu\u00e9s del palacio de la provincia, donde antes se encontraba parte de la Fortaleza Paolina","breadcrumb":{"@id":"https:\/\/www.exploring-umbria.com\/es\/descubre-perugia-historia-y-tradicion\/que-ver-en-perugia\/jardines-carducci\/#breadcrumb"},"inLanguage":"es","potentialAction":[{"@type":"ReadAction","target":["https:\/\/www.exploring-umbria.com\/es\/descubre-perugia-historia-y-tradicion\/que-ver-en-perugia\/jardines-carducci\/"]}]},{"@type":"BreadcrumbList","@id":"https:\/\/www.exploring-umbria.com\/es\/descubre-perugia-historia-y-tradicion\/que-ver-en-perugia\/jardines-carducci\/#breadcrumb","itemListElement":[{"@type":"ListItem","position":1,"name":"Home","item":"https:\/\/www.exploring-umbria.com\/es\/"},{"@type":"ListItem","position":2,"name":"Descubre Perugia: historia y tradici\u00f3n","item":"https:\/\/www.exploring-umbria.com\/es\/descubre-perugia-historia-y-tradicion\/"},{"@type":"ListItem","position":3,"name":"Qu\u00e9 ver en Perugia","item":"https:\/\/www.exploring-umbria.com\/es\/descubre-perugia-historia-y-tradicion\/que-ver-en-perugia\/"},{"@type":"ListItem","position":4,"name":"Jardines Carducci"}]}]}},"_links":{"self":[{"href":"https:\/\/www.exploring-umbria.com\/es\/wp-json\/wp\/v2\/pages\/3144"}],"collection":[{"href":"https:\/\/www.exploring-umbria.com\/es\/wp-json\/wp\/v2\/pages"}],"about":[{"href":"https:\/\/www.exploring-umbria.com\/es\/wp-json\/wp\/v2\/types\/page"}],"author":[{"embeddable":true,"href":"https:\/\/www.exploring-umbria.com\/es\/wp-json\/wp\/v2\/users\/3"}],"replies":[{"embeddable":true,"href":"https:\/\/www.exploring-umbria.com\/es\/wp-json\/wp\/v2\/comments?post=3144"}],"version-history":[{"count":4,"href":"https:\/\/www.exploring-umbria.com\/es\/wp-json\/wp\/v2\/pages\/3144\/revisions"}],"predecessor-version":[{"id":33428,"href":"https:\/\/www.exploring-umbria.com\/es\/wp-json\/wp\/v2\/pages\/3144\/revisions\/33428"}],"up":[{"embeddable":true,"href":"https:\/\/www.exploring-umbria.com\/es\/wp-json\/wp\/v2\/pages\/3165"}],"wp:featuredmedia":[{"embeddable":true,"href":"https:\/\/www.exploring-umbria.com\/es\/wp-json\/wp\/v2\/media\/13582"}],"wp:attachment":[{"href":"https:\/\/www.exploring-umbria.com\/es\/wp-json\/wp\/v2\/media?parent=3144"}],"curies":[{"name":"wp","href":"https:\/\/api.w.org\/{rel}","templated":true}]}}