{"id":3125,"date":"2019-02-28T19:33:47","date_gmt":"2019-02-28T18:33:47","guid":{"rendered":"https:\/\/www.exploring-umbria.com\/nobile-collegio-del-cambio\/"},"modified":"2020-04-02T13:16:35","modified_gmt":"2020-04-02T11:16:35","slug":"noble-colegio-del-cambio","status":"publish","type":"page","link":"https:\/\/www.exploring-umbria.com\/es\/descubre-perugia-historia-y-tradicion\/que-ver-en-perugia\/noble-colegio-del-cambio\/","title":{"rendered":"Noble Colegio del Cambio"},"content":{"rendered":"<p>Entre las corporaciones existentes en Perugia hab\u00eda algunas de gran prestigio y que, con el paso de los a\u00f1os, hab\u00edan adquirido un enorme poder. Una de ellas fue definitivamente <strong>el Arte del Cambio<\/strong>. Fue tan influyente que este arte logr\u00f3 ganar el prestigioso asiento dentro del <a href=\"https:\/\/www.exploring-umbria.com\/es\/subcategories\/cosa-fare-e-cosa-vedere-a-perugia\/#heading3113\" target=\"_blank\" rel=\"noopener noreferrer\"><strong>Palacio de los Priores<\/strong><\/a>, construido entre 1452 y 1457. La ocupaci\u00f3n oficial era la de los mercados de divisas, pero en realidad desempe\u00f1aba la funci\u00f3n de supervisar los distintos mercados de dinero y, en caso de desacuerdo, el Noble Colegio pod\u00eda expresar su opini\u00f3n y juzgar por lo que pudiera ser de su competencia, actuando as\u00ed como tribunal en todos los aspectos.<\/p>\n<p>La entrada a las salas se realiza por la <em>Sala de los Legisladores<\/em>, llamada as\u00ed porque el Noble Colegio del Cambio decidi\u00f3 alquilarla al Colegio de Legisladores. En su interior se pueden admirar las <strong>magn\u00edficas decoraciones de madera<\/strong> confiadas a <em>Giampiero Zuccari<\/em> y terminadas en 1621.<\/p>\n<p>Luego pasamos a la sala de audiencias, la verdadera sede del Noble Colegio del Cambio, que toma su nombre del hecho de que sus miembros, al poder expresar opiniones sobre cuestiones relacionadas con el cambio de moneda, eran llamados \u00abauditores\u00bb y desempe\u00f1aban su labor en esta sala.<\/p>\n<p>La decoraci\u00f3n interior fue confiada a varios artistas, entre los cuales el m\u00e1s importante es sin duda es <strong>Perugino<\/strong>, que se encarg\u00f3 de la parte pict\u00f3rica creando uno de los m\u00e1s bellos testimonios del Renacimiento italiano. El mobiliario y la decoraci\u00f3n de las habitaciones fueron confiados a <em>Domenico del Tasso<\/em>, quien, entre otras cosas, cre\u00f3 el mostrador de madera y los carteles, mientras que una estatua de terracota dorada fue encargada por <a href=\"https:\/\/es.wikipedia.org\/wiki\/Benedetto_da_Maiano\" target=\"_blank\" rel=\"noopener noreferrer\"><em>Benedetto da Maiano<\/em><\/a>.<\/p>\n<p>La entrada a las habitaciones descritas anteriormente es desde el Palacio de los Priores, en la calle Corso Vannucci, antes del comienzo de Via Boncambi.<\/p>\n","protected":false},"excerpt":{"rendered":"<p>Entre las corporaciones existentes en Perugia hab\u00eda algunas de gran prestigio y que, con el paso de los a\u00f1os, hab\u00edan adquirido un enorme poder. Una de ellas fue definitivamente el Arte del Cambio. Fue tan influyente que este arte logr\u00f3 ganar el prestigioso asiento dentro del Palacio de los Priores, construido entre 1452 y 1457. [&hellip;]<\/p>\n","protected":false},"author":3,"featured_media":0,"parent":3165,"menu_order":13,"comment_status":"closed","ping_status":"closed","template":"","meta":{"om_disable_all_campaigns":false,"_monsterinsights_skip_tracking":false,"_monsterinsights_sitenote_active":false,"_monsterinsights_sitenote_note":"","_monsterinsights_sitenote_category":0},"acf":[],"yoast_head":"<!-- This site is optimized with the Yoast SEO plugin v18.4.1 - https:\/\/yoast.com\/wordpress\/plugins\/seo\/ -->\n<title>Noble Colegio del Cambio - Exploring Umbria<\/title>\n<meta name=\"description\" content=\"Luego pasamos a la sala de audiencias, la verdadera sede del Noble Colegio del Cambio, en la que los &quot;auditores&quot; desempe\u00f1aban su labor\" \/>\n<meta name=\"robots\" content=\"index, follow, max-snippet:-1, max-image-preview:large, max-video-preview:-1\" \/>\n<link rel=\"canonical\" href=\"https:\/\/www.exploring-umbria.com\/es\/descubre-perugia-historia-y-tradicion\/que-ver-en-perugia\/noble-colegio-del-cambio\/\" \/>\n<meta property=\"og:locale\" content=\"es_ES\" \/>\n<meta property=\"og:type\" content=\"article\" \/>\n<meta property=\"og:title\" content=\"Noble Colegio del Cambio - Exploring Umbria\" \/>\n<meta property=\"og:description\" content=\"Luego pasamos a la sala de audiencias, la verdadera sede del Noble Colegio del Cambio, en la que los &quot;auditores&quot; desempe\u00f1aban su labor\" \/>\n<meta property=\"og:url\" content=\"https:\/\/www.exploring-umbria.com\/es\/descubre-perugia-historia-y-tradicion\/que-ver-en-perugia\/noble-colegio-del-cambio\/\" \/>\n<meta property=\"og:site_name\" content=\"Exploring Umbria\" \/>\n<meta property=\"article:publisher\" content=\"https:\/\/www.facebook.com\/exploringumbria\/\" \/>\n<meta property=\"article:modified_time\" content=\"2020-04-02T11:16:35+00:00\" \/>\n<meta name=\"twitter:card\" content=\"summary_large_image\" \/>\n<meta name=\"twitter:label1\" content=\"Tiempo de lectura\" \/>\n\t<meta name=\"twitter:data1\" content=\"2 minutos\" \/>\n<script type=\"application\/ld+json\" class=\"yoast-schema-graph\">{\"@context\":\"https:\/\/schema.org\",\"@graph\":[{\"@type\":\"Organization\",\"@id\":\"https:\/\/www.exploring-umbria.com\/es\/#organization\",\"name\":\"Exploring Umbria\",\"url\":\"https:\/\/www.exploring-umbria.com\/es\/\",\"sameAs\":[\"https:\/\/www.facebook.com\/exploringumbria\/\",\"https:\/\/www.instagram.com\/exploringumbria\/\"],\"logo\":{\"@type\":\"ImageObject\",\"@id\":\"https:\/\/www.exploring-umbria.com\/es\/#logo\",\"inLanguage\":\"es\",\"url\":\"https:\/\/www.exploring-umbria.com\/wp-content\/uploads\/2019\/08\/solo-logo-verde.jpg\",\"contentUrl\":\"https:\/\/www.exploring-umbria.com\/wp-content\/uploads\/2019\/08\/solo-logo-verde.jpg\",\"width\":952,\"height\":532,\"caption\":\"Exploring Umbria\"},\"image\":{\"@id\":\"https:\/\/www.exploring-umbria.com\/es\/#logo\"}},{\"@type\":\"WebSite\",\"@id\":\"https:\/\/www.exploring-umbria.com\/es\/#website\",\"url\":\"https:\/\/www.exploring-umbria.com\/es\/\",\"name\":\"Exploring Umbria\",\"description\":\"your dates, your mood, your trip\",\"publisher\":{\"@id\":\"https:\/\/www.exploring-umbria.com\/es\/#organization\"},\"potentialAction\":[{\"@type\":\"SearchAction\",\"target\":{\"@type\":\"EntryPoint\",\"urlTemplate\":\"https:\/\/www.exploring-umbria.com\/es\/?s={search_term_string}\"},\"query-input\":\"required name=search_term_string\"}],\"inLanguage\":\"es\"},{\"@type\":\"WebPage\",\"@id\":\"https:\/\/www.exploring-umbria.com\/es\/descubre-perugia-historia-y-tradicion\/que-ver-en-perugia\/noble-colegio-del-cambio\/#webpage\",\"url\":\"https:\/\/www.exploring-umbria.com\/es\/descubre-perugia-historia-y-tradicion\/que-ver-en-perugia\/noble-colegio-del-cambio\/\",\"name\":\"Noble Colegio del Cambio - Exploring Umbria\",\"isPartOf\":{\"@id\":\"https:\/\/www.exploring-umbria.com\/es\/#website\"},\"datePublished\":\"2019-02-28T18:33:47+00:00\",\"dateModified\":\"2020-04-02T11:16:35+00:00\",\"description\":\"Luego pasamos a la sala de audiencias, la verdadera sede del Noble Colegio del Cambio, en la que los \\\"auditores\\\" desempe\u00f1aban su labor\",\"breadcrumb\":{\"@id\":\"https:\/\/www.exploring-umbria.com\/es\/descubre-perugia-historia-y-tradicion\/que-ver-en-perugia\/noble-colegio-del-cambio\/#breadcrumb\"},\"inLanguage\":\"es\",\"potentialAction\":[{\"@type\":\"ReadAction\",\"target\":[\"https:\/\/www.exploring-umbria.com\/es\/descubre-perugia-historia-y-tradicion\/que-ver-en-perugia\/noble-colegio-del-cambio\/\"]}]},{\"@type\":\"BreadcrumbList\",\"@id\":\"https:\/\/www.exploring-umbria.com\/es\/descubre-perugia-historia-y-tradicion\/que-ver-en-perugia\/noble-colegio-del-cambio\/#breadcrumb\",\"itemListElement\":[{\"@type\":\"ListItem\",\"position\":1,\"name\":\"Home\",\"item\":\"https:\/\/www.exploring-umbria.com\/es\/\"},{\"@type\":\"ListItem\",\"position\":2,\"name\":\"Descubre Perugia: historia y tradici\u00f3n\",\"item\":\"https:\/\/www.exploring-umbria.com\/es\/descubre-perugia-historia-y-tradicion\/\"},{\"@type\":\"ListItem\",\"position\":3,\"name\":\"Qu\u00e9 ver en Perugia\",\"item\":\"https:\/\/www.exploring-umbria.com\/es\/descubre-perugia-historia-y-tradicion\/que-ver-en-perugia\/\"},{\"@type\":\"ListItem\",\"position\":4,\"name\":\"Noble Colegio del Cambio\"}]}]}<\/script>\n<!-- \/ Yoast SEO plugin. -->","yoast_head_json":{"title":"Noble Colegio del Cambio - Exploring Umbria","description":"Luego pasamos a la sala de audiencias, la verdadera sede del Noble Colegio del Cambio, en la que los \"auditores\" desempe\u00f1aban su labor","robots":{"index":"index","follow":"follow","max-snippet":"max-snippet:-1","max-image-preview":"max-image-preview:large","max-video-preview":"max-video-preview:-1"},"canonical":"https:\/\/www.exploring-umbria.com\/es\/descubre-perugia-historia-y-tradicion\/que-ver-en-perugia\/noble-colegio-del-cambio\/","og_locale":"es_ES","og_type":"article","og_title":"Noble Colegio del Cambio - Exploring Umbria","og_description":"Luego pasamos a la sala de audiencias, la verdadera sede del Noble Colegio del Cambio, en la que los \"auditores\" desempe\u00f1aban su labor","og_url":"https:\/\/www.exploring-umbria.com\/es\/descubre-perugia-historia-y-tradicion\/que-ver-en-perugia\/noble-colegio-del-cambio\/","og_site_name":"Exploring Umbria","article_publisher":"https:\/\/www.facebook.com\/exploringumbria\/","article_modified_time":"2020-04-02T11:16:35+00:00","twitter_card":"summary_large_image","twitter_misc":{"Tiempo de lectura":"2 minutos"},"schema":{"@context":"https:\/\/schema.org","@graph":[{"@type":"Organization","@id":"https:\/\/www.exploring-umbria.com\/es\/#organization","name":"Exploring Umbria","url":"https:\/\/www.exploring-umbria.com\/es\/","sameAs":["https:\/\/www.facebook.com\/exploringumbria\/","https:\/\/www.instagram.com\/exploringumbria\/"],"logo":{"@type":"ImageObject","@id":"https:\/\/www.exploring-umbria.com\/es\/#logo","inLanguage":"es","url":"https:\/\/www.exploring-umbria.com\/wp-content\/uploads\/2019\/08\/solo-logo-verde.jpg","contentUrl":"https:\/\/www.exploring-umbria.com\/wp-content\/uploads\/2019\/08\/solo-logo-verde.jpg","width":952,"height":532,"caption":"Exploring Umbria"},"image":{"@id":"https:\/\/www.exploring-umbria.com\/es\/#logo"}},{"@type":"WebSite","@id":"https:\/\/www.exploring-umbria.com\/es\/#website","url":"https:\/\/www.exploring-umbria.com\/es\/","name":"Exploring Umbria","description":"your dates, your mood, your trip","publisher":{"@id":"https:\/\/www.exploring-umbria.com\/es\/#organization"},"potentialAction":[{"@type":"SearchAction","target":{"@type":"EntryPoint","urlTemplate":"https:\/\/www.exploring-umbria.com\/es\/?s={search_term_string}"},"query-input":"required name=search_term_string"}],"inLanguage":"es"},{"@type":"WebPage","@id":"https:\/\/www.exploring-umbria.com\/es\/descubre-perugia-historia-y-tradicion\/que-ver-en-perugia\/noble-colegio-del-cambio\/#webpage","url":"https:\/\/www.exploring-umbria.com\/es\/descubre-perugia-historia-y-tradicion\/que-ver-en-perugia\/noble-colegio-del-cambio\/","name":"Noble Colegio del Cambio - Exploring Umbria","isPartOf":{"@id":"https:\/\/www.exploring-umbria.com\/es\/#website"},"datePublished":"2019-02-28T18:33:47+00:00","dateModified":"2020-04-02T11:16:35+00:00","description":"Luego pasamos a la sala de audiencias, la verdadera sede del Noble Colegio del Cambio, en la que los \"auditores\" desempe\u00f1aban su labor","breadcrumb":{"@id":"https:\/\/www.exploring-umbria.com\/es\/descubre-perugia-historia-y-tradicion\/que-ver-en-perugia\/noble-colegio-del-cambio\/#breadcrumb"},"inLanguage":"es","potentialAction":[{"@type":"ReadAction","target":["https:\/\/www.exploring-umbria.com\/es\/descubre-perugia-historia-y-tradicion\/que-ver-en-perugia\/noble-colegio-del-cambio\/"]}]},{"@type":"BreadcrumbList","@id":"https:\/\/www.exploring-umbria.com\/es\/descubre-perugia-historia-y-tradicion\/que-ver-en-perugia\/noble-colegio-del-cambio\/#breadcrumb","itemListElement":[{"@type":"ListItem","position":1,"name":"Home","item":"https:\/\/www.exploring-umbria.com\/es\/"},{"@type":"ListItem","position":2,"name":"Descubre Perugia: historia y tradici\u00f3n","item":"https:\/\/www.exploring-umbria.com\/es\/descubre-perugia-historia-y-tradicion\/"},{"@type":"ListItem","position":3,"name":"Qu\u00e9 ver en Perugia","item":"https:\/\/www.exploring-umbria.com\/es\/descubre-perugia-historia-y-tradicion\/que-ver-en-perugia\/"},{"@type":"ListItem","position":4,"name":"Noble Colegio del Cambio"}]}]}},"_links":{"self":[{"href":"https:\/\/www.exploring-umbria.com\/es\/wp-json\/wp\/v2\/pages\/3125"}],"collection":[{"href":"https:\/\/www.exploring-umbria.com\/es\/wp-json\/wp\/v2\/pages"}],"about":[{"href":"https:\/\/www.exploring-umbria.com\/es\/wp-json\/wp\/v2\/types\/page"}],"author":[{"embeddable":true,"href":"https:\/\/www.exploring-umbria.com\/es\/wp-json\/wp\/v2\/users\/3"}],"replies":[{"embeddable":true,"href":"https:\/\/www.exploring-umbria.com\/es\/wp-json\/wp\/v2\/comments?post=3125"}],"version-history":[{"count":5,"href":"https:\/\/www.exploring-umbria.com\/es\/wp-json\/wp\/v2\/pages\/3125\/revisions"}],"predecessor-version":[{"id":33382,"href":"https:\/\/www.exploring-umbria.com\/es\/wp-json\/wp\/v2\/pages\/3125\/revisions\/33382"}],"up":[{"embeddable":true,"href":"https:\/\/www.exploring-umbria.com\/es\/wp-json\/wp\/v2\/pages\/3165"}],"wp:attachment":[{"href":"https:\/\/www.exploring-umbria.com\/es\/wp-json\/wp\/v2\/media?parent=3125"}],"curies":[{"name":"wp","href":"https:\/\/api.w.org\/{rel}","templated":true}]}}