{"id":3113,"date":"2019-02-28T19:38:14","date_gmt":"2019-02-28T18:38:14","guid":{"rendered":"https:\/\/www.exploring-umbria.com\/palazzo-dei-priori\/"},"modified":"2020-04-01T17:47:24","modified_gmt":"2020-04-01T15:47:24","slug":"palacio-de-los-priores-de-perugia","status":"publish","type":"page","link":"https:\/\/www.exploring-umbria.com\/es\/descubre-perugia-historia-y-tradicion\/que-ver-en-perugia\/palacio-de-los-priores-de-perugia\/","title":{"rendered":"Palacio de los Priores de Perugia"},"content":{"rendered":"<p>Cualquiera que est\u00e9 en la Plaza del Cuatro de Noviembre, en el coraz\u00f3n de Perugia, estar\u00e1 fascinado por la vista del <strong>Palacio de los Priores<\/strong>. Se trata de uno de los edificios de la \u00e9poca comunal italiana m\u00e1s bellos y elegantes, ciertamente uno de los monumentos m\u00e1s importantes y significativos (si no el m\u00e1s significativo) de Perugia y de su historia.<\/p>\n<p>Se construy\u00f3 en 1293-97, pero se realizaron varias modificaciones y cambios hasta el a\u00f1o 1500. Se encuentra <strong>en el centro de la ciudad<\/strong> lo que una vez fue, como hoy, el eje de la vida pol\u00edtica y social de la comunidad. Su construcci\u00f3n se decidi\u00f3 con el fin de dar una sede adecuada al \u00f3rgano del poder judicial, pero sobre todo porque Perugia estaba experimentando su per\u00edodo de m\u00e1xima expansi\u00f3n y se sent\u00eda la necesidad de ostentar la condici\u00f3n de bienestar, tratando de representar las grandes ambiciones del municipio.<\/p>\n<p>El edificio da a la Plaza del Cuatro de Noviembre por un lado y al Corso Vannucci por el otro. Tiene unos ciento veinte metros de largo, veintiocho de ancho y treinta de alto. El material utilizado es travertino blanco de As\u00eds y piedra blanca y rosa de Bettona. La estructura del palacio, que se ha convertido en lo que conocemos hoy en d\u00eda, es el resultado de tres ampliaciones realizadas en tres per\u00edodos diferentes.<\/p>\n<p>La base del proyecto sigue un estilo g\u00f3tico, la primera intervenci\u00f3n, entre 1333 y 1353, se realiz\u00f3 cerca de la Iglesia de San Severo, con la construcci\u00f3n de los tres arcos a la derecha de la fachada frente a la <a href=\"https:\/\/www.exploring-umbria.com\/es\/subcategories\/cosa-fare-e-cosa-vedere-a-perugia\/#heading3149\" target=\"_blank\" rel=\"noopener noreferrer\">fuente<\/a>. La segunda intervenci\u00f3n se lleva a cabo en la parte que domina Corso Vannucci, entre 1429 y 1443, con la extensi\u00f3n en el arco que pasa por encima de la calle Via dei Priori. La tercera y \u00faltima, tambi\u00e9n en la parte de Corso Vannucci en direcci\u00f3n a la Plaza de la Rep\u00fablica, dise\u00f1ado por el arquitecto perusino <a href=\"https:\/\/es.wikipedia.org\/wiki\/Galeazzo_Alessi\" target=\"_blank\" rel=\"noopener noreferrer\">Alessi<\/a>.<\/p>\n<p>La fachada que da a la Plaza del Cuatro de Noviembre tiene la entrada en la parte superior de la escalera a trav\u00e9s de la cual se accede al <a href=\"https:\/\/www.exploring-umbria.com\/es\/subcategories\/cosa-fare-e-cosa-vedere-a-perugia\/#heading3096\" target=\"_blank\" rel=\"noopener noreferrer\">Sal\u00f3n de los Notarios<\/a>. Encima de la puerta, como si se tratara de una vista de toda la plaza, se colocaron un Grifo y un Le\u00f3n (actualmente los originales se conservan en el vest\u00edbulo de la Galer\u00eda Nacional de Umbr\u00eda). El lado que domina el Corso Vannucci muestra inmediatamente las bellezas de lal\u00edneay permite vislumbrar con gran armon\u00eda las diversas intervenciones de ampliaci\u00f3n. En la planta superior se puede ver una bella serie de trif\u00e1sicos g\u00f3ticos que se asemejan al estilo de los ya presentes enla fachada. El magn\u00edfico portal principal es sin duda digno de menci\u00f3n, sobre el cual est\u00e1n tallados los tres santos patronos de Perugia en tres bajorrelieves: <em>Santo Herculano<\/em>, <em>San Costanzo<\/em> y<em> San Lorenzo<\/em>. El portal, construido en 1346, es una obra de refinado y valioso trabajo, que muestra varias decoraciones talladas que representan varias escenas de la vida de la ciudad.<\/p>\n<p>Todo el per\u00edmetro superior del palacio se enriquece con almenas, signos distintivos t\u00edpicos de la arquitectura municipal, pero, que, no siendo de agrado al Estado Pontificio, se mandaron quitar justo cuando Perugia volvi\u00f3 a estar bajo elgobierno papal, y luego reaparecieron s\u00f3lo con la unificaci\u00f3n de Italia.<\/p>\n<p>Hoy en d\u00eda el Palacio de los Priores adem\u00e1s de ser la sede del Municipio de Perugia, alberga <strong>la Galer\u00eda Nacional de Umbr\u00eda<\/strong>. Tambi\u00e9nse pueden visitar en su interior: la<strong> Sala de los Notarios<\/strong>, la <strong>Sala del Consejo<\/strong>, la <strong>Sala del Noble Colegio del Cambio<\/strong>, la Sala del <strong>Noble Colegio de la Mercanc\u00eda<\/strong> y la capilla de los Priores.<\/p>\n","protected":false},"excerpt":{"rendered":"<p>Cualquiera que est\u00e9 en la Plaza del Cuatro de Noviembre, en el coraz\u00f3n de Perugia, estar\u00e1 fascinado por la vista del Palacio de los Priores. Se trata de uno de los edificios de la \u00e9poca comunal italiana m\u00e1s bellos y elegantes, ciertamente uno de los monumentos m\u00e1s importantes y significativos (si no el m\u00e1s significativo) [&hellip;]<\/p>\n","protected":false},"author":3,"featured_media":6606,"parent":3165,"menu_order":1,"comment_status":"closed","ping_status":"closed","template":"","meta":{"om_disable_all_campaigns":false,"_monsterinsights_skip_tracking":false,"_monsterinsights_sitenote_active":false,"_monsterinsights_sitenote_note":"","_monsterinsights_sitenote_category":0},"acf":[],"yoast_head":"<!-- This site is optimized with the Yoast SEO plugin v18.4.1 - https:\/\/yoast.com\/wordpress\/plugins\/seo\/ -->\n<title>Palacio de los Priores de Perugia - Exploring Umbria<\/title>\n<meta name=\"description\" content=\"Cualquiera que est\u00e9 en la Plaza del Cuatro de Noviembre, en el coraz\u00f3n de Perugia, estar\u00e1 fascinado por la vista del Palacio de los Priores. Se trata de\" \/>\n<meta name=\"robots\" content=\"index, follow, max-snippet:-1, max-image-preview:large, max-video-preview:-1\" \/>\n<link rel=\"canonical\" href=\"https:\/\/www.exploring-umbria.com\/es\/descubre-perugia-historia-y-tradicion\/que-ver-en-perugia\/palacio-de-los-priores-de-perugia\/\" \/>\n<meta property=\"og:locale\" content=\"es_ES\" \/>\n<meta property=\"og:type\" content=\"article\" \/>\n<meta property=\"og:title\" content=\"Palacio de los Priores de Perugia - Exploring Umbria\" \/>\n<meta property=\"og:description\" content=\"Cualquiera que est\u00e9 en la Plaza del Cuatro de Noviembre, en el coraz\u00f3n de Perugia, estar\u00e1 fascinado por la vista del Palacio de los Priores. Se trata de\" \/>\n<meta property=\"og:url\" content=\"https:\/\/www.exploring-umbria.com\/es\/descubre-perugia-historia-y-tradicion\/que-ver-en-perugia\/palacio-de-los-priores-de-perugia\/\" \/>\n<meta property=\"og:site_name\" content=\"Exploring Umbria\" \/>\n<meta property=\"article:publisher\" content=\"https:\/\/www.facebook.com\/exploringumbria\/\" \/>\n<meta property=\"article:modified_time\" content=\"2020-04-01T15:47:24+00:00\" \/>\n<meta property=\"og:image\" content=\"https:\/\/www.exploring-umbria.com\/wp-content\/uploads\/2019\/05\/perugia-perugia-priori-corso-palazzo.jpg\" \/>\n\t<meta property=\"og:image:width\" content=\"1800\" \/>\n\t<meta property=\"og:image:height\" content=\"1350\" \/>\n\t<meta property=\"og:image:type\" content=\"image\/jpeg\" \/>\n<meta name=\"twitter:card\" content=\"summary_large_image\" \/>\n<meta name=\"twitter:label1\" content=\"Tiempo de lectura\" \/>\n\t<meta name=\"twitter:data1\" content=\"3 minutos\" \/>\n<script type=\"application\/ld+json\" class=\"yoast-schema-graph\">{\"@context\":\"https:\/\/schema.org\",\"@graph\":[{\"@type\":\"Organization\",\"@id\":\"https:\/\/www.exploring-umbria.com\/es\/#organization\",\"name\":\"Exploring Umbria\",\"url\":\"https:\/\/www.exploring-umbria.com\/es\/\",\"sameAs\":[\"https:\/\/www.facebook.com\/exploringumbria\/\",\"https:\/\/www.instagram.com\/exploringumbria\/\"],\"logo\":{\"@type\":\"ImageObject\",\"@id\":\"https:\/\/www.exploring-umbria.com\/es\/#logo\",\"inLanguage\":\"es\",\"url\":\"https:\/\/www.exploring-umbria.com\/wp-content\/uploads\/2019\/08\/solo-logo-verde.jpg\",\"contentUrl\":\"https:\/\/www.exploring-umbria.com\/wp-content\/uploads\/2019\/08\/solo-logo-verde.jpg\",\"width\":952,\"height\":532,\"caption\":\"Exploring Umbria\"},\"image\":{\"@id\":\"https:\/\/www.exploring-umbria.com\/es\/#logo\"}},{\"@type\":\"WebSite\",\"@id\":\"https:\/\/www.exploring-umbria.com\/es\/#website\",\"url\":\"https:\/\/www.exploring-umbria.com\/es\/\",\"name\":\"Exploring Umbria\",\"description\":\"your dates, your mood, your trip\",\"publisher\":{\"@id\":\"https:\/\/www.exploring-umbria.com\/es\/#organization\"},\"potentialAction\":[{\"@type\":\"SearchAction\",\"target\":{\"@type\":\"EntryPoint\",\"urlTemplate\":\"https:\/\/www.exploring-umbria.com\/es\/?s={search_term_string}\"},\"query-input\":\"required name=search_term_string\"}],\"inLanguage\":\"es\"},{\"@type\":\"ImageObject\",\"@id\":\"https:\/\/www.exploring-umbria.com\/es\/descubre-perugia-historia-y-tradicion\/que-ver-en-perugia\/palacio-de-los-priores-de-perugia\/#primaryimage\",\"inLanguage\":\"es\",\"url\":\"https:\/\/www.exploring-umbria.com\/wp-content\/uploads\/2019\/05\/perugia-perugia-priori-corso-palazzo.jpg\",\"contentUrl\":\"https:\/\/www.exploring-umbria.com\/wp-content\/uploads\/2019\/05\/perugia-perugia-priori-corso-palazzo.jpg\",\"width\":1800,\"height\":1350,\"caption\":\"Il palazzo dei Priori di Perugia\"},{\"@type\":\"WebPage\",\"@id\":\"https:\/\/www.exploring-umbria.com\/es\/descubre-perugia-historia-y-tradicion\/que-ver-en-perugia\/palacio-de-los-priores-de-perugia\/#webpage\",\"url\":\"https:\/\/www.exploring-umbria.com\/es\/descubre-perugia-historia-y-tradicion\/que-ver-en-perugia\/palacio-de-los-priores-de-perugia\/\",\"name\":\"Palacio de los Priores de Perugia - Exploring Umbria\",\"isPartOf\":{\"@id\":\"https:\/\/www.exploring-umbria.com\/es\/#website\"},\"primaryImageOfPage\":{\"@id\":\"https:\/\/www.exploring-umbria.com\/es\/descubre-perugia-historia-y-tradicion\/que-ver-en-perugia\/palacio-de-los-priores-de-perugia\/#primaryimage\"},\"datePublished\":\"2019-02-28T18:38:14+00:00\",\"dateModified\":\"2020-04-01T15:47:24+00:00\",\"description\":\"Cualquiera que est\u00e9 en la Plaza del Cuatro de Noviembre, en el coraz\u00f3n de Perugia, estar\u00e1 fascinado por la vista del Palacio de los Priores. Se trata de\",\"breadcrumb\":{\"@id\":\"https:\/\/www.exploring-umbria.com\/es\/descubre-perugia-historia-y-tradicion\/que-ver-en-perugia\/palacio-de-los-priores-de-perugia\/#breadcrumb\"},\"inLanguage\":\"es\",\"potentialAction\":[{\"@type\":\"ReadAction\",\"target\":[\"https:\/\/www.exploring-umbria.com\/es\/descubre-perugia-historia-y-tradicion\/que-ver-en-perugia\/palacio-de-los-priores-de-perugia\/\"]}]},{\"@type\":\"BreadcrumbList\",\"@id\":\"https:\/\/www.exploring-umbria.com\/es\/descubre-perugia-historia-y-tradicion\/que-ver-en-perugia\/palacio-de-los-priores-de-perugia\/#breadcrumb\",\"itemListElement\":[{\"@type\":\"ListItem\",\"position\":1,\"name\":\"Home\",\"item\":\"https:\/\/www.exploring-umbria.com\/es\/\"},{\"@type\":\"ListItem\",\"position\":2,\"name\":\"Descubre Perugia: historia y tradici\u00f3n\",\"item\":\"https:\/\/www.exploring-umbria.com\/es\/descubre-perugia-historia-y-tradicion\/\"},{\"@type\":\"ListItem\",\"position\":3,\"name\":\"Qu\u00e9 ver en Perugia\",\"item\":\"https:\/\/www.exploring-umbria.com\/es\/descubre-perugia-historia-y-tradicion\/que-ver-en-perugia\/\"},{\"@type\":\"ListItem\",\"position\":4,\"name\":\"Palacio de los Priores de Perugia\"}]}]}<\/script>\n<!-- \/ Yoast SEO plugin. -->","yoast_head_json":{"title":"Palacio de los Priores de Perugia - Exploring Umbria","description":"Cualquiera que est\u00e9 en la Plaza del Cuatro de Noviembre, en el coraz\u00f3n de Perugia, estar\u00e1 fascinado por la vista del Palacio de los Priores. Se trata de","robots":{"index":"index","follow":"follow","max-snippet":"max-snippet:-1","max-image-preview":"max-image-preview:large","max-video-preview":"max-video-preview:-1"},"canonical":"https:\/\/www.exploring-umbria.com\/es\/descubre-perugia-historia-y-tradicion\/que-ver-en-perugia\/palacio-de-los-priores-de-perugia\/","og_locale":"es_ES","og_type":"article","og_title":"Palacio de los Priores de Perugia - Exploring Umbria","og_description":"Cualquiera que est\u00e9 en la Plaza del Cuatro de Noviembre, en el coraz\u00f3n de Perugia, estar\u00e1 fascinado por la vista del Palacio de los Priores. Se trata de","og_url":"https:\/\/www.exploring-umbria.com\/es\/descubre-perugia-historia-y-tradicion\/que-ver-en-perugia\/palacio-de-los-priores-de-perugia\/","og_site_name":"Exploring Umbria","article_publisher":"https:\/\/www.facebook.com\/exploringumbria\/","article_modified_time":"2020-04-01T15:47:24+00:00","og_image":[{"width":1800,"height":1350,"url":"https:\/\/www.exploring-umbria.com\/wp-content\/uploads\/2019\/05\/perugia-perugia-priori-corso-palazzo.jpg","type":"image\/jpeg"}],"twitter_card":"summary_large_image","twitter_misc":{"Tiempo de lectura":"3 minutos"},"schema":{"@context":"https:\/\/schema.org","@graph":[{"@type":"Organization","@id":"https:\/\/www.exploring-umbria.com\/es\/#organization","name":"Exploring Umbria","url":"https:\/\/www.exploring-umbria.com\/es\/","sameAs":["https:\/\/www.facebook.com\/exploringumbria\/","https:\/\/www.instagram.com\/exploringumbria\/"],"logo":{"@type":"ImageObject","@id":"https:\/\/www.exploring-umbria.com\/es\/#logo","inLanguage":"es","url":"https:\/\/www.exploring-umbria.com\/wp-content\/uploads\/2019\/08\/solo-logo-verde.jpg","contentUrl":"https:\/\/www.exploring-umbria.com\/wp-content\/uploads\/2019\/08\/solo-logo-verde.jpg","width":952,"height":532,"caption":"Exploring Umbria"},"image":{"@id":"https:\/\/www.exploring-umbria.com\/es\/#logo"}},{"@type":"WebSite","@id":"https:\/\/www.exploring-umbria.com\/es\/#website","url":"https:\/\/www.exploring-umbria.com\/es\/","name":"Exploring Umbria","description":"your dates, your mood, your trip","publisher":{"@id":"https:\/\/www.exploring-umbria.com\/es\/#organization"},"potentialAction":[{"@type":"SearchAction","target":{"@type":"EntryPoint","urlTemplate":"https:\/\/www.exploring-umbria.com\/es\/?s={search_term_string}"},"query-input":"required name=search_term_string"}],"inLanguage":"es"},{"@type":"ImageObject","@id":"https:\/\/www.exploring-umbria.com\/es\/descubre-perugia-historia-y-tradicion\/que-ver-en-perugia\/palacio-de-los-priores-de-perugia\/#primaryimage","inLanguage":"es","url":"https:\/\/www.exploring-umbria.com\/wp-content\/uploads\/2019\/05\/perugia-perugia-priori-corso-palazzo.jpg","contentUrl":"https:\/\/www.exploring-umbria.com\/wp-content\/uploads\/2019\/05\/perugia-perugia-priori-corso-palazzo.jpg","width":1800,"height":1350,"caption":"Il palazzo dei Priori di Perugia"},{"@type":"WebPage","@id":"https:\/\/www.exploring-umbria.com\/es\/descubre-perugia-historia-y-tradicion\/que-ver-en-perugia\/palacio-de-los-priores-de-perugia\/#webpage","url":"https:\/\/www.exploring-umbria.com\/es\/descubre-perugia-historia-y-tradicion\/que-ver-en-perugia\/palacio-de-los-priores-de-perugia\/","name":"Palacio de los Priores de Perugia - Exploring Umbria","isPartOf":{"@id":"https:\/\/www.exploring-umbria.com\/es\/#website"},"primaryImageOfPage":{"@id":"https:\/\/www.exploring-umbria.com\/es\/descubre-perugia-historia-y-tradicion\/que-ver-en-perugia\/palacio-de-los-priores-de-perugia\/#primaryimage"},"datePublished":"2019-02-28T18:38:14+00:00","dateModified":"2020-04-01T15:47:24+00:00","description":"Cualquiera que est\u00e9 en la Plaza del Cuatro de Noviembre, en el coraz\u00f3n de Perugia, estar\u00e1 fascinado por la vista del Palacio de los Priores. Se trata de","breadcrumb":{"@id":"https:\/\/www.exploring-umbria.com\/es\/descubre-perugia-historia-y-tradicion\/que-ver-en-perugia\/palacio-de-los-priores-de-perugia\/#breadcrumb"},"inLanguage":"es","potentialAction":[{"@type":"ReadAction","target":["https:\/\/www.exploring-umbria.com\/es\/descubre-perugia-historia-y-tradicion\/que-ver-en-perugia\/palacio-de-los-priores-de-perugia\/"]}]},{"@type":"BreadcrumbList","@id":"https:\/\/www.exploring-umbria.com\/es\/descubre-perugia-historia-y-tradicion\/que-ver-en-perugia\/palacio-de-los-priores-de-perugia\/#breadcrumb","itemListElement":[{"@type":"ListItem","position":1,"name":"Home","item":"https:\/\/www.exploring-umbria.com\/es\/"},{"@type":"ListItem","position":2,"name":"Descubre Perugia: historia y tradici\u00f3n","item":"https:\/\/www.exploring-umbria.com\/es\/descubre-perugia-historia-y-tradicion\/"},{"@type":"ListItem","position":3,"name":"Qu\u00e9 ver en Perugia","item":"https:\/\/www.exploring-umbria.com\/es\/descubre-perugia-historia-y-tradicion\/que-ver-en-perugia\/"},{"@type":"ListItem","position":4,"name":"Palacio de los Priores de Perugia"}]}]}},"_links":{"self":[{"href":"https:\/\/www.exploring-umbria.com\/es\/wp-json\/wp\/v2\/pages\/3113"}],"collection":[{"href":"https:\/\/www.exploring-umbria.com\/es\/wp-json\/wp\/v2\/pages"}],"about":[{"href":"https:\/\/www.exploring-umbria.com\/es\/wp-json\/wp\/v2\/types\/page"}],"author":[{"embeddable":true,"href":"https:\/\/www.exploring-umbria.com\/es\/wp-json\/wp\/v2\/users\/3"}],"replies":[{"embeddable":true,"href":"https:\/\/www.exploring-umbria.com\/es\/wp-json\/wp\/v2\/comments?post=3113"}],"version-history":[{"count":5,"href":"https:\/\/www.exploring-umbria.com\/es\/wp-json\/wp\/v2\/pages\/3113\/revisions"}],"predecessor-version":[{"id":33345,"href":"https:\/\/www.exploring-umbria.com\/es\/wp-json\/wp\/v2\/pages\/3113\/revisions\/33345"}],"up":[{"embeddable":true,"href":"https:\/\/www.exploring-umbria.com\/es\/wp-json\/wp\/v2\/pages\/3165"}],"wp:featuredmedia":[{"embeddable":true,"href":"https:\/\/www.exploring-umbria.com\/es\/wp-json\/wp\/v2\/media\/6606"}],"wp:attachment":[{"href":"https:\/\/www.exploring-umbria.com\/es\/wp-json\/wp\/v2\/media?parent=3113"}],"curies":[{"name":"wp","href":"https:\/\/api.w.org\/{rel}","templated":true}]}}