{"id":3110,"date":"2019-02-28T19:39:13","date_gmt":"2019-02-28T18:39:13","guid":{"rendered":"https:\/\/www.exploring-umbria.com\/palazzo-del-capitano-del-popolo\/"},"modified":"2020-04-02T16:38:29","modified_gmt":"2020-04-02T14:38:29","slug":"palacio-del-capitan-del-pueblo-de-perugia","status":"publish","type":"page","link":"https:\/\/www.exploring-umbria.com\/es\/descubre-perugia-historia-y-tradicion\/que-ver-en-perugia\/palacio-del-capitan-del-pueblo-de-perugia\/","title":{"rendered":"Palacio del Capit\u00e1n del Pueblo de Perugia"},"content":{"rendered":"<p>El Palacio del Capit\u00e1n del Pueblo est\u00e1 situado junto al <strong>edificio de la Antigua Universidad <\/strong>de Perugia, con el que comparte algunos aspectos arquitect\u00f3nicos. Como los arcos de la planta baja que dan a la plaza Matteotti, que en su d\u00eda <strong>fue la plaza del Soprammuro<\/strong>, nombre tomado del gran muro de contenci\u00f3n que se construy\u00f3 para ampliar y sostener la nueva plaza.<\/p>\n<p>El edificio fue construido entre 1473 y 1481 por <a href=\"https:\/\/it.wikipedia.org\/wiki\/Gasparino_d%27Antonio\" target=\"_blank\" rel=\"noopener noreferrer\"><em>Gasperino di Antonio <\/em><\/a>y<em> Leone di Matteo<\/em>.<\/p>\n<p>El primerdetalle del que te dar\u00e1s cuenta es de la magn\u00edfica puerta, de estilo similar a la del <a href=\"https:\/\/www.exploring-umbria.com\/es\/subcategories\/cosa-fare-e-cosa-vedere-a-perugia\/#heading3113\" target=\"_blank\" rel=\"noopener noreferrer\">Palacio de los Priores<\/a>. La fachada, en cambio, ofrece diferentes estilos arquitect\u00f3nicos que corresponden a diferentes \u00e9pocas, debido a las intervenciones necesarias por la destrucci\u00f3n y la antigua fachada, perdida durante un terremoto en el siglo XVIII.<\/p>\n<p>Inicialmente el palacio fue utilizado, como su nombre indica, como sede del <strong>Capit\u00e1n del Pueblo<\/strong>, y luego para otras funciones gubernamentales, en la actualidad es la sede de la <strong>corte de Perugia<\/strong>, pero no es posible visitarla en su interior.<\/p>\n","protected":false},"excerpt":{"rendered":"<p>El Palacio del Capit\u00e1n del Pueblo est\u00e1 situado junto al edificio de la Antigua Universidad de Perugia, con el que comparte algunos aspectos arquitect\u00f3nicos. Como los arcos de la planta baja que dan a la plaza Matteotti, que en su d\u00eda fue la plaza del Soprammuro, nombre tomado del gran muro de contenci\u00f3n que se [&hellip;]<\/p>\n","protected":false},"author":3,"featured_media":0,"parent":3165,"menu_order":26,"comment_status":"closed","ping_status":"closed","template":"","meta":{"om_disable_all_campaigns":false,"_monsterinsights_skip_tracking":false,"_monsterinsights_sitenote_active":false,"_monsterinsights_sitenote_note":"","_monsterinsights_sitenote_category":0},"acf":[],"yoast_head":"<!-- This site is optimized with the Yoast SEO plugin v18.4.1 - https:\/\/yoast.com\/wordpress\/plugins\/seo\/ -->\n<title>Palacio del Capit\u00e1n del Pueblo de Perugia - Exploring Umbria<\/title>\n<meta name=\"description\" content=\"El Palacio del Capit\u00e1n del Pueblo est\u00e1 situado junto al edificio de la Antigua Universidad de Perugia, con el que comparte algunos aspectos\" \/>\n<meta name=\"robots\" content=\"index, follow, max-snippet:-1, max-image-preview:large, max-video-preview:-1\" \/>\n<link rel=\"canonical\" href=\"https:\/\/www.exploring-umbria.com\/es\/descubre-perugia-historia-y-tradicion\/que-ver-en-perugia\/palacio-del-capitan-del-pueblo-de-perugia\/\" \/>\n<meta property=\"og:locale\" content=\"es_ES\" \/>\n<meta property=\"og:type\" content=\"article\" \/>\n<meta property=\"og:title\" content=\"Palacio del Capit\u00e1n del Pueblo de Perugia - Exploring Umbria\" \/>\n<meta property=\"og:description\" content=\"El Palacio del Capit\u00e1n del Pueblo est\u00e1 situado junto al edificio de la Antigua Universidad de Perugia, con el que comparte algunos aspectos\" \/>\n<meta property=\"og:url\" content=\"https:\/\/www.exploring-umbria.com\/es\/descubre-perugia-historia-y-tradicion\/que-ver-en-perugia\/palacio-del-capitan-del-pueblo-de-perugia\/\" \/>\n<meta property=\"og:site_name\" content=\"Exploring Umbria\" \/>\n<meta property=\"article:publisher\" content=\"https:\/\/www.facebook.com\/exploringumbria\/\" \/>\n<meta property=\"article:modified_time\" content=\"2020-04-02T14:38:29+00:00\" \/>\n<meta name=\"twitter:card\" content=\"summary_large_image\" \/>\n<meta name=\"twitter:label1\" content=\"Tiempo de lectura\" \/>\n\t<meta name=\"twitter:data1\" content=\"1 minuto\" \/>\n<script type=\"application\/ld+json\" class=\"yoast-schema-graph\">{\"@context\":\"https:\/\/schema.org\",\"@graph\":[{\"@type\":\"Organization\",\"@id\":\"https:\/\/www.exploring-umbria.com\/es\/#organization\",\"name\":\"Exploring Umbria\",\"url\":\"https:\/\/www.exploring-umbria.com\/es\/\",\"sameAs\":[\"https:\/\/www.facebook.com\/exploringumbria\/\",\"https:\/\/www.instagram.com\/exploringumbria\/\"],\"logo\":{\"@type\":\"ImageObject\",\"@id\":\"https:\/\/www.exploring-umbria.com\/es\/#logo\",\"inLanguage\":\"es\",\"url\":\"https:\/\/www.exploring-umbria.com\/wp-content\/uploads\/2019\/08\/solo-logo-verde.jpg\",\"contentUrl\":\"https:\/\/www.exploring-umbria.com\/wp-content\/uploads\/2019\/08\/solo-logo-verde.jpg\",\"width\":952,\"height\":532,\"caption\":\"Exploring Umbria\"},\"image\":{\"@id\":\"https:\/\/www.exploring-umbria.com\/es\/#logo\"}},{\"@type\":\"WebSite\",\"@id\":\"https:\/\/www.exploring-umbria.com\/es\/#website\",\"url\":\"https:\/\/www.exploring-umbria.com\/es\/\",\"name\":\"Exploring Umbria\",\"description\":\"your dates, your mood, your trip\",\"publisher\":{\"@id\":\"https:\/\/www.exploring-umbria.com\/es\/#organization\"},\"potentialAction\":[{\"@type\":\"SearchAction\",\"target\":{\"@type\":\"EntryPoint\",\"urlTemplate\":\"https:\/\/www.exploring-umbria.com\/es\/?s={search_term_string}\"},\"query-input\":\"required name=search_term_string\"}],\"inLanguage\":\"es\"},{\"@type\":\"WebPage\",\"@id\":\"https:\/\/www.exploring-umbria.com\/es\/descubre-perugia-historia-y-tradicion\/que-ver-en-perugia\/palacio-del-capitan-del-pueblo-de-perugia\/#webpage\",\"url\":\"https:\/\/www.exploring-umbria.com\/es\/descubre-perugia-historia-y-tradicion\/que-ver-en-perugia\/palacio-del-capitan-del-pueblo-de-perugia\/\",\"name\":\"Palacio del Capit\u00e1n del Pueblo de Perugia - Exploring Umbria\",\"isPartOf\":{\"@id\":\"https:\/\/www.exploring-umbria.com\/es\/#website\"},\"datePublished\":\"2019-02-28T18:39:13+00:00\",\"dateModified\":\"2020-04-02T14:38:29+00:00\",\"description\":\"El Palacio del Capit\u00e1n del Pueblo est\u00e1 situado junto al edificio de la Antigua Universidad de Perugia, con el que comparte algunos aspectos\",\"breadcrumb\":{\"@id\":\"https:\/\/www.exploring-umbria.com\/es\/descubre-perugia-historia-y-tradicion\/que-ver-en-perugia\/palacio-del-capitan-del-pueblo-de-perugia\/#breadcrumb\"},\"inLanguage\":\"es\",\"potentialAction\":[{\"@type\":\"ReadAction\",\"target\":[\"https:\/\/www.exploring-umbria.com\/es\/descubre-perugia-historia-y-tradicion\/que-ver-en-perugia\/palacio-del-capitan-del-pueblo-de-perugia\/\"]}]},{\"@type\":\"BreadcrumbList\",\"@id\":\"https:\/\/www.exploring-umbria.com\/es\/descubre-perugia-historia-y-tradicion\/que-ver-en-perugia\/palacio-del-capitan-del-pueblo-de-perugia\/#breadcrumb\",\"itemListElement\":[{\"@type\":\"ListItem\",\"position\":1,\"name\":\"Home\",\"item\":\"https:\/\/www.exploring-umbria.com\/es\/\"},{\"@type\":\"ListItem\",\"position\":2,\"name\":\"Descubre Perugia: historia y tradici\u00f3n\",\"item\":\"https:\/\/www.exploring-umbria.com\/es\/descubre-perugia-historia-y-tradicion\/\"},{\"@type\":\"ListItem\",\"position\":3,\"name\":\"Qu\u00e9 ver en Perugia\",\"item\":\"https:\/\/www.exploring-umbria.com\/es\/descubre-perugia-historia-y-tradicion\/que-ver-en-perugia\/\"},{\"@type\":\"ListItem\",\"position\":4,\"name\":\"Palacio del Capit\u00e1n del Pueblo de Perugia\"}]}]}<\/script>\n<!-- \/ Yoast SEO plugin. -->","yoast_head_json":{"title":"Palacio del Capit\u00e1n del Pueblo de Perugia - Exploring Umbria","description":"El Palacio del Capit\u00e1n del Pueblo est\u00e1 situado junto al edificio de la Antigua Universidad de Perugia, con el que comparte algunos aspectos","robots":{"index":"index","follow":"follow","max-snippet":"max-snippet:-1","max-image-preview":"max-image-preview:large","max-video-preview":"max-video-preview:-1"},"canonical":"https:\/\/www.exploring-umbria.com\/es\/descubre-perugia-historia-y-tradicion\/que-ver-en-perugia\/palacio-del-capitan-del-pueblo-de-perugia\/","og_locale":"es_ES","og_type":"article","og_title":"Palacio del Capit\u00e1n del Pueblo de Perugia - Exploring Umbria","og_description":"El Palacio del Capit\u00e1n del Pueblo est\u00e1 situado junto al edificio de la Antigua Universidad de Perugia, con el que comparte algunos aspectos","og_url":"https:\/\/www.exploring-umbria.com\/es\/descubre-perugia-historia-y-tradicion\/que-ver-en-perugia\/palacio-del-capitan-del-pueblo-de-perugia\/","og_site_name":"Exploring Umbria","article_publisher":"https:\/\/www.facebook.com\/exploringumbria\/","article_modified_time":"2020-04-02T14:38:29+00:00","twitter_card":"summary_large_image","twitter_misc":{"Tiempo de lectura":"1 minuto"},"schema":{"@context":"https:\/\/schema.org","@graph":[{"@type":"Organization","@id":"https:\/\/www.exploring-umbria.com\/es\/#organization","name":"Exploring Umbria","url":"https:\/\/www.exploring-umbria.com\/es\/","sameAs":["https:\/\/www.facebook.com\/exploringumbria\/","https:\/\/www.instagram.com\/exploringumbria\/"],"logo":{"@type":"ImageObject","@id":"https:\/\/www.exploring-umbria.com\/es\/#logo","inLanguage":"es","url":"https:\/\/www.exploring-umbria.com\/wp-content\/uploads\/2019\/08\/solo-logo-verde.jpg","contentUrl":"https:\/\/www.exploring-umbria.com\/wp-content\/uploads\/2019\/08\/solo-logo-verde.jpg","width":952,"height":532,"caption":"Exploring Umbria"},"image":{"@id":"https:\/\/www.exploring-umbria.com\/es\/#logo"}},{"@type":"WebSite","@id":"https:\/\/www.exploring-umbria.com\/es\/#website","url":"https:\/\/www.exploring-umbria.com\/es\/","name":"Exploring Umbria","description":"your dates, your mood, your trip","publisher":{"@id":"https:\/\/www.exploring-umbria.com\/es\/#organization"},"potentialAction":[{"@type":"SearchAction","target":{"@type":"EntryPoint","urlTemplate":"https:\/\/www.exploring-umbria.com\/es\/?s={search_term_string}"},"query-input":"required name=search_term_string"}],"inLanguage":"es"},{"@type":"WebPage","@id":"https:\/\/www.exploring-umbria.com\/es\/descubre-perugia-historia-y-tradicion\/que-ver-en-perugia\/palacio-del-capitan-del-pueblo-de-perugia\/#webpage","url":"https:\/\/www.exploring-umbria.com\/es\/descubre-perugia-historia-y-tradicion\/que-ver-en-perugia\/palacio-del-capitan-del-pueblo-de-perugia\/","name":"Palacio del Capit\u00e1n del Pueblo de Perugia - Exploring Umbria","isPartOf":{"@id":"https:\/\/www.exploring-umbria.com\/es\/#website"},"datePublished":"2019-02-28T18:39:13+00:00","dateModified":"2020-04-02T14:38:29+00:00","description":"El Palacio del Capit\u00e1n del Pueblo est\u00e1 situado junto al edificio de la Antigua Universidad de Perugia, con el que comparte algunos aspectos","breadcrumb":{"@id":"https:\/\/www.exploring-umbria.com\/es\/descubre-perugia-historia-y-tradicion\/que-ver-en-perugia\/palacio-del-capitan-del-pueblo-de-perugia\/#breadcrumb"},"inLanguage":"es","potentialAction":[{"@type":"ReadAction","target":["https:\/\/www.exploring-umbria.com\/es\/descubre-perugia-historia-y-tradicion\/que-ver-en-perugia\/palacio-del-capitan-del-pueblo-de-perugia\/"]}]},{"@type":"BreadcrumbList","@id":"https:\/\/www.exploring-umbria.com\/es\/descubre-perugia-historia-y-tradicion\/que-ver-en-perugia\/palacio-del-capitan-del-pueblo-de-perugia\/#breadcrumb","itemListElement":[{"@type":"ListItem","position":1,"name":"Home","item":"https:\/\/www.exploring-umbria.com\/es\/"},{"@type":"ListItem","position":2,"name":"Descubre Perugia: historia y tradici\u00f3n","item":"https:\/\/www.exploring-umbria.com\/es\/descubre-perugia-historia-y-tradicion\/"},{"@type":"ListItem","position":3,"name":"Qu\u00e9 ver en Perugia","item":"https:\/\/www.exploring-umbria.com\/es\/descubre-perugia-historia-y-tradicion\/que-ver-en-perugia\/"},{"@type":"ListItem","position":4,"name":"Palacio del Capit\u00e1n del Pueblo de Perugia"}]}]}},"_links":{"self":[{"href":"https:\/\/www.exploring-umbria.com\/es\/wp-json\/wp\/v2\/pages\/3110"}],"collection":[{"href":"https:\/\/www.exploring-umbria.com\/es\/wp-json\/wp\/v2\/pages"}],"about":[{"href":"https:\/\/www.exploring-umbria.com\/es\/wp-json\/wp\/v2\/types\/page"}],"author":[{"embeddable":true,"href":"https:\/\/www.exploring-umbria.com\/es\/wp-json\/wp\/v2\/users\/3"}],"replies":[{"embeddable":true,"href":"https:\/\/www.exploring-umbria.com\/es\/wp-json\/wp\/v2\/comments?post=3110"}],"version-history":[{"count":6,"href":"https:\/\/www.exploring-umbria.com\/es\/wp-json\/wp\/v2\/pages\/3110\/revisions"}],"predecessor-version":[{"id":33465,"href":"https:\/\/www.exploring-umbria.com\/es\/wp-json\/wp\/v2\/pages\/3110\/revisions\/33465"}],"up":[{"embeddable":true,"href":"https:\/\/www.exploring-umbria.com\/es\/wp-json\/wp\/v2\/pages\/3165"}],"wp:attachment":[{"href":"https:\/\/www.exploring-umbria.com\/es\/wp-json\/wp\/v2\/media?parent=3110"}],"curies":[{"name":"wp","href":"https:\/\/api.w.org\/{rel}","templated":true}]}}