{"id":3108,"date":"2019-02-28T19:39:55","date_gmt":"2019-02-28T18:39:55","guid":{"rendered":"https:\/\/www.exploring-umbria.com\/palazzo-delluniversita-vecchia\/"},"modified":"2020-04-02T13:34:28","modified_gmt":"2020-04-02T11:34:28","slug":"palacio-de-la-universidad-vieja","status":"publish","type":"page","link":"https:\/\/www.exploring-umbria.com\/es\/descubre-perugia-historia-y-tradicion\/que-ver-en-perugia\/palacio-de-la-universidad-vieja\/","title":{"rendered":"Palacio de la Universidad Vieja"},"content":{"rendered":"<p>El <strong>Palacio de la Universidad Vieja<\/strong> est\u00e1 situado <strong>en el lado este de la Plaza Matteotti<\/strong>, antiguamente llamada Plaza <em>Sopramuro<\/em>, <strong>junto al <a href=\"https:\/\/www.exploring-umbria.com\/es\/subcategories\/cosa-fare-e-cosa-vedere-a-perugia\/#heading3110\" target=\"_blank\" rel=\"noopener noreferrer\">Palacio del Capit\u00e1n del Pueblo<\/a><\/strong>.<\/p>\n<p>Se construy\u00f3 por proyecto de <em>Gasperino di Antonio<\/em> y <em>Bartolomeo Mattioli da Torgiano<\/em> en el siglo XV, e inicialmente albergaba al cliente en la planta baja, es decir, el hospital de <em>Santa Mar\u00eda de la Misericordia<\/em>, cuyo monograma sostenido por dos Grifos est\u00e1 tallado sobre la puerta que da a la plaza.<\/p>\n<p>La primera planta fue construida a instancias del Papa <a href=\"https:\/\/es.wikipedia.org\/wiki\/Sixto_IV\" target=\"_blank\" rel=\"noopener noreferrer\">Sixto IV<\/a>, que lo asign\u00f3 a la sede del <em>Studium Generale Civitatis Perusii, es <\/em>decir, a la Universidad de Perugia, fundada originalmente en 1266, segunda s\u00f3lo por haber nacido en Bolonia. Esta fue su sede hasta 1811.<\/p>\n<p>La parte m\u00e1s extrema del Palacio de la Universidad Vieja alberg\u00f3 el Monte de Piedad, el primero en Italia, en 1462.<\/p>\n<p>Nunca se termin\u00f3 completamente, como se puede ver en la fachada, pero a\u00fan conserva valiosas decoraciones, como las ventanas en forma de cruz del primer piso, cuyos arquitrabes se enriquecen con algunos vers\u00edculos tallados del Evangelio de San Mateo. La puerta de entrada tambi\u00e9n es muy bonita, bajo la atenta mirada de los numerosos Grifos perusinos.<\/p>\n","protected":false},"excerpt":{"rendered":"<p>El Palacio de la Universidad Vieja est\u00e1 situado en el lado este de la Plaza Matteotti, antiguamente llamada Plaza Sopramuro, junto al Palacio del Capit\u00e1n del Pueblo. Se construy\u00f3 por proyecto de Gasperino di Antonio y Bartolomeo Mattioli da Torgiano en el siglo XV, e inicialmente albergaba al cliente en la planta baja, es decir, [&hellip;]<\/p>\n","protected":false},"author":3,"featured_media":29583,"parent":3165,"menu_order":15,"comment_status":"closed","ping_status":"closed","template":"","meta":{"om_disable_all_campaigns":false,"_monsterinsights_skip_tracking":false,"_monsterinsights_sitenote_active":false,"_monsterinsights_sitenote_note":"","_monsterinsights_sitenote_category":0},"acf":[],"yoast_head":"<!-- This site is optimized with the Yoast SEO plugin v18.4.1 - https:\/\/yoast.com\/wordpress\/plugins\/seo\/ -->\n<title>Palacio de la Universidad Vieja - Exploring Umbria<\/title>\n<meta name=\"description\" content=\"El Palacio de la Universidad Vieja est\u00e1 situado en el lado este de la Plaza Matteotti, antiguamente llamada Plaza Sopramuro, junto al Palacio del Capit\u00e1n\" \/>\n<meta name=\"robots\" content=\"index, follow, max-snippet:-1, max-image-preview:large, max-video-preview:-1\" \/>\n<link rel=\"canonical\" href=\"https:\/\/www.exploring-umbria.com\/es\/descubre-perugia-historia-y-tradicion\/que-ver-en-perugia\/palacio-de-la-universidad-vieja\/\" \/>\n<meta property=\"og:locale\" content=\"es_ES\" \/>\n<meta property=\"og:type\" content=\"article\" \/>\n<meta property=\"og:title\" content=\"Palacio de la Universidad Vieja - Exploring Umbria\" \/>\n<meta property=\"og:description\" content=\"El Palacio de la Universidad Vieja est\u00e1 situado en el lado este de la Plaza Matteotti, antiguamente llamada Plaza Sopramuro, junto al Palacio del Capit\u00e1n\" \/>\n<meta property=\"og:url\" content=\"https:\/\/www.exploring-umbria.com\/es\/descubre-perugia-historia-y-tradicion\/que-ver-en-perugia\/palacio-de-la-universidad-vieja\/\" \/>\n<meta property=\"og:site_name\" content=\"Exploring Umbria\" \/>\n<meta property=\"article:publisher\" content=\"https:\/\/www.facebook.com\/exploringumbria\/\" \/>\n<meta property=\"article:modified_time\" content=\"2020-04-02T11:34:28+00:00\" \/>\n<meta property=\"og:image\" content=\"https:\/\/www.exploring-umbria.com\/wp-content\/uploads\/2020\/01\/Perugia-palazzo-delluniversit\u00e0.jpeg\" \/>\n\t<meta property=\"og:image:width\" content=\"1600\" \/>\n\t<meta property=\"og:image:height\" content=\"1200\" \/>\n\t<meta property=\"og:image:type\" content=\"image\/jpeg\" \/>\n<meta name=\"twitter:card\" content=\"summary_large_image\" \/>\n<meta name=\"twitter:label1\" content=\"Tiempo de lectura\" \/>\n\t<meta name=\"twitter:data1\" content=\"1 minuto\" \/>\n<script type=\"application\/ld+json\" class=\"yoast-schema-graph\">{\"@context\":\"https:\/\/schema.org\",\"@graph\":[{\"@type\":\"Organization\",\"@id\":\"https:\/\/www.exploring-umbria.com\/es\/#organization\",\"name\":\"Exploring Umbria\",\"url\":\"https:\/\/www.exploring-umbria.com\/es\/\",\"sameAs\":[\"https:\/\/www.facebook.com\/exploringumbria\/\",\"https:\/\/www.instagram.com\/exploringumbria\/\"],\"logo\":{\"@type\":\"ImageObject\",\"@id\":\"https:\/\/www.exploring-umbria.com\/es\/#logo\",\"inLanguage\":\"es\",\"url\":\"https:\/\/www.exploring-umbria.com\/wp-content\/uploads\/2019\/08\/solo-logo-verde.jpg\",\"contentUrl\":\"https:\/\/www.exploring-umbria.com\/wp-content\/uploads\/2019\/08\/solo-logo-verde.jpg\",\"width\":952,\"height\":532,\"caption\":\"Exploring Umbria\"},\"image\":{\"@id\":\"https:\/\/www.exploring-umbria.com\/es\/#logo\"}},{\"@type\":\"WebSite\",\"@id\":\"https:\/\/www.exploring-umbria.com\/es\/#website\",\"url\":\"https:\/\/www.exploring-umbria.com\/es\/\",\"name\":\"Exploring Umbria\",\"description\":\"your dates, your mood, your trip\",\"publisher\":{\"@id\":\"https:\/\/www.exploring-umbria.com\/es\/#organization\"},\"potentialAction\":[{\"@type\":\"SearchAction\",\"target\":{\"@type\":\"EntryPoint\",\"urlTemplate\":\"https:\/\/www.exploring-umbria.com\/es\/?s={search_term_string}\"},\"query-input\":\"required name=search_term_string\"}],\"inLanguage\":\"es\"},{\"@type\":\"ImageObject\",\"@id\":\"https:\/\/www.exploring-umbria.com\/es\/descubre-perugia-historia-y-tradicion\/que-ver-en-perugia\/palacio-de-la-universidad-vieja\/#primaryimage\",\"inLanguage\":\"es\",\"url\":\"https:\/\/www.exploring-umbria.com\/wp-content\/uploads\/2020\/01\/Perugia-palazzo-delluniversit\u00e0.jpeg\",\"contentUrl\":\"https:\/\/www.exploring-umbria.com\/wp-content\/uploads\/2020\/01\/Perugia-palazzo-delluniversit\u00e0.jpeg\",\"width\":1600,\"height\":1200,\"caption\":\"Il Palazzo dell'Universit\u00e0 Vecchia di Perugia\"},{\"@type\":\"WebPage\",\"@id\":\"https:\/\/www.exploring-umbria.com\/es\/descubre-perugia-historia-y-tradicion\/que-ver-en-perugia\/palacio-de-la-universidad-vieja\/#webpage\",\"url\":\"https:\/\/www.exploring-umbria.com\/es\/descubre-perugia-historia-y-tradicion\/que-ver-en-perugia\/palacio-de-la-universidad-vieja\/\",\"name\":\"Palacio de la Universidad Vieja - Exploring Umbria\",\"isPartOf\":{\"@id\":\"https:\/\/www.exploring-umbria.com\/es\/#website\"},\"primaryImageOfPage\":{\"@id\":\"https:\/\/www.exploring-umbria.com\/es\/descubre-perugia-historia-y-tradicion\/que-ver-en-perugia\/palacio-de-la-universidad-vieja\/#primaryimage\"},\"datePublished\":\"2019-02-28T18:39:55+00:00\",\"dateModified\":\"2020-04-02T11:34:28+00:00\",\"description\":\"El Palacio de la Universidad Vieja est\u00e1 situado en el lado este de la Plaza Matteotti, antiguamente llamada Plaza Sopramuro, junto al Palacio del Capit\u00e1n\",\"breadcrumb\":{\"@id\":\"https:\/\/www.exploring-umbria.com\/es\/descubre-perugia-historia-y-tradicion\/que-ver-en-perugia\/palacio-de-la-universidad-vieja\/#breadcrumb\"},\"inLanguage\":\"es\",\"potentialAction\":[{\"@type\":\"ReadAction\",\"target\":[\"https:\/\/www.exploring-umbria.com\/es\/descubre-perugia-historia-y-tradicion\/que-ver-en-perugia\/palacio-de-la-universidad-vieja\/\"]}]},{\"@type\":\"BreadcrumbList\",\"@id\":\"https:\/\/www.exploring-umbria.com\/es\/descubre-perugia-historia-y-tradicion\/que-ver-en-perugia\/palacio-de-la-universidad-vieja\/#breadcrumb\",\"itemListElement\":[{\"@type\":\"ListItem\",\"position\":1,\"name\":\"Home\",\"item\":\"https:\/\/www.exploring-umbria.com\/es\/\"},{\"@type\":\"ListItem\",\"position\":2,\"name\":\"Descubre Perugia: historia y tradici\u00f3n\",\"item\":\"https:\/\/www.exploring-umbria.com\/es\/descubre-perugia-historia-y-tradicion\/\"},{\"@type\":\"ListItem\",\"position\":3,\"name\":\"Qu\u00e9 ver en Perugia\",\"item\":\"https:\/\/www.exploring-umbria.com\/es\/descubre-perugia-historia-y-tradicion\/que-ver-en-perugia\/\"},{\"@type\":\"ListItem\",\"position\":4,\"name\":\"Palacio de la Universidad Vieja\"}]}]}<\/script>\n<!-- \/ Yoast SEO plugin. -->","yoast_head_json":{"title":"Palacio de la Universidad Vieja - Exploring Umbria","description":"El Palacio de la Universidad Vieja est\u00e1 situado en el lado este de la Plaza Matteotti, antiguamente llamada Plaza Sopramuro, junto al Palacio del Capit\u00e1n","robots":{"index":"index","follow":"follow","max-snippet":"max-snippet:-1","max-image-preview":"max-image-preview:large","max-video-preview":"max-video-preview:-1"},"canonical":"https:\/\/www.exploring-umbria.com\/es\/descubre-perugia-historia-y-tradicion\/que-ver-en-perugia\/palacio-de-la-universidad-vieja\/","og_locale":"es_ES","og_type":"article","og_title":"Palacio de la Universidad Vieja - Exploring Umbria","og_description":"El Palacio de la Universidad Vieja est\u00e1 situado en el lado este de la Plaza Matteotti, antiguamente llamada Plaza Sopramuro, junto al Palacio del Capit\u00e1n","og_url":"https:\/\/www.exploring-umbria.com\/es\/descubre-perugia-historia-y-tradicion\/que-ver-en-perugia\/palacio-de-la-universidad-vieja\/","og_site_name":"Exploring Umbria","article_publisher":"https:\/\/www.facebook.com\/exploringumbria\/","article_modified_time":"2020-04-02T11:34:28+00:00","og_image":[{"width":1600,"height":1200,"url":"https:\/\/www.exploring-umbria.com\/wp-content\/uploads\/2020\/01\/Perugia-palazzo-delluniversit\u00e0.jpeg","type":"image\/jpeg"}],"twitter_card":"summary_large_image","twitter_misc":{"Tiempo de lectura":"1 minuto"},"schema":{"@context":"https:\/\/schema.org","@graph":[{"@type":"Organization","@id":"https:\/\/www.exploring-umbria.com\/es\/#organization","name":"Exploring Umbria","url":"https:\/\/www.exploring-umbria.com\/es\/","sameAs":["https:\/\/www.facebook.com\/exploringumbria\/","https:\/\/www.instagram.com\/exploringumbria\/"],"logo":{"@type":"ImageObject","@id":"https:\/\/www.exploring-umbria.com\/es\/#logo","inLanguage":"es","url":"https:\/\/www.exploring-umbria.com\/wp-content\/uploads\/2019\/08\/solo-logo-verde.jpg","contentUrl":"https:\/\/www.exploring-umbria.com\/wp-content\/uploads\/2019\/08\/solo-logo-verde.jpg","width":952,"height":532,"caption":"Exploring Umbria"},"image":{"@id":"https:\/\/www.exploring-umbria.com\/es\/#logo"}},{"@type":"WebSite","@id":"https:\/\/www.exploring-umbria.com\/es\/#website","url":"https:\/\/www.exploring-umbria.com\/es\/","name":"Exploring Umbria","description":"your dates, your mood, your trip","publisher":{"@id":"https:\/\/www.exploring-umbria.com\/es\/#organization"},"potentialAction":[{"@type":"SearchAction","target":{"@type":"EntryPoint","urlTemplate":"https:\/\/www.exploring-umbria.com\/es\/?s={search_term_string}"},"query-input":"required name=search_term_string"}],"inLanguage":"es"},{"@type":"ImageObject","@id":"https:\/\/www.exploring-umbria.com\/es\/descubre-perugia-historia-y-tradicion\/que-ver-en-perugia\/palacio-de-la-universidad-vieja\/#primaryimage","inLanguage":"es","url":"https:\/\/www.exploring-umbria.com\/wp-content\/uploads\/2020\/01\/Perugia-palazzo-delluniversit\u00e0.jpeg","contentUrl":"https:\/\/www.exploring-umbria.com\/wp-content\/uploads\/2020\/01\/Perugia-palazzo-delluniversit\u00e0.jpeg","width":1600,"height":1200,"caption":"Il Palazzo dell'Universit\u00e0 Vecchia di Perugia"},{"@type":"WebPage","@id":"https:\/\/www.exploring-umbria.com\/es\/descubre-perugia-historia-y-tradicion\/que-ver-en-perugia\/palacio-de-la-universidad-vieja\/#webpage","url":"https:\/\/www.exploring-umbria.com\/es\/descubre-perugia-historia-y-tradicion\/que-ver-en-perugia\/palacio-de-la-universidad-vieja\/","name":"Palacio de la Universidad Vieja - Exploring Umbria","isPartOf":{"@id":"https:\/\/www.exploring-umbria.com\/es\/#website"},"primaryImageOfPage":{"@id":"https:\/\/www.exploring-umbria.com\/es\/descubre-perugia-historia-y-tradicion\/que-ver-en-perugia\/palacio-de-la-universidad-vieja\/#primaryimage"},"datePublished":"2019-02-28T18:39:55+00:00","dateModified":"2020-04-02T11:34:28+00:00","description":"El Palacio de la Universidad Vieja est\u00e1 situado en el lado este de la Plaza Matteotti, antiguamente llamada Plaza Sopramuro, junto al Palacio del Capit\u00e1n","breadcrumb":{"@id":"https:\/\/www.exploring-umbria.com\/es\/descubre-perugia-historia-y-tradicion\/que-ver-en-perugia\/palacio-de-la-universidad-vieja\/#breadcrumb"},"inLanguage":"es","potentialAction":[{"@type":"ReadAction","target":["https:\/\/www.exploring-umbria.com\/es\/descubre-perugia-historia-y-tradicion\/que-ver-en-perugia\/palacio-de-la-universidad-vieja\/"]}]},{"@type":"BreadcrumbList","@id":"https:\/\/www.exploring-umbria.com\/es\/descubre-perugia-historia-y-tradicion\/que-ver-en-perugia\/palacio-de-la-universidad-vieja\/#breadcrumb","itemListElement":[{"@type":"ListItem","position":1,"name":"Home","item":"https:\/\/www.exploring-umbria.com\/es\/"},{"@type":"ListItem","position":2,"name":"Descubre Perugia: historia y tradici\u00f3n","item":"https:\/\/www.exploring-umbria.com\/es\/descubre-perugia-historia-y-tradicion\/"},{"@type":"ListItem","position":3,"name":"Qu\u00e9 ver en Perugia","item":"https:\/\/www.exploring-umbria.com\/es\/descubre-perugia-historia-y-tradicion\/que-ver-en-perugia\/"},{"@type":"ListItem","position":4,"name":"Palacio de la Universidad Vieja"}]}]}},"_links":{"self":[{"href":"https:\/\/www.exploring-umbria.com\/es\/wp-json\/wp\/v2\/pages\/3108"}],"collection":[{"href":"https:\/\/www.exploring-umbria.com\/es\/wp-json\/wp\/v2\/pages"}],"about":[{"href":"https:\/\/www.exploring-umbria.com\/es\/wp-json\/wp\/v2\/types\/page"}],"author":[{"embeddable":true,"href":"https:\/\/www.exploring-umbria.com\/es\/wp-json\/wp\/v2\/users\/3"}],"replies":[{"embeddable":true,"href":"https:\/\/www.exploring-umbria.com\/es\/wp-json\/wp\/v2\/comments?post=3108"}],"version-history":[{"count":6,"href":"https:\/\/www.exploring-umbria.com\/es\/wp-json\/wp\/v2\/pages\/3108\/revisions"}],"predecessor-version":[{"id":33390,"href":"https:\/\/www.exploring-umbria.com\/es\/wp-json\/wp\/v2\/pages\/3108\/revisions\/33390"}],"up":[{"embeddable":true,"href":"https:\/\/www.exploring-umbria.com\/es\/wp-json\/wp\/v2\/pages\/3165"}],"wp:featuredmedia":[{"embeddable":true,"href":"https:\/\/www.exploring-umbria.com\/es\/wp-json\/wp\/v2\/media\/29583"}],"wp:attachment":[{"href":"https:\/\/www.exploring-umbria.com\/es\/wp-json\/wp\/v2\/media?parent=3108"}],"curies":[{"name":"wp","href":"https:\/\/api.w.org\/{rel}","templated":true}]}}