{"id":3101,"date":"2019-02-28T19:42:44","date_gmt":"2019-02-28T18:42:44","guid":{"rendered":"https:\/\/www.exploring-umbria.com\/pozzo-etrusco\/"},"modified":"2020-04-01T17:58:18","modified_gmt":"2020-04-01T15:58:18","slug":"pozo-etrusco","status":"publish","type":"page","link":"https:\/\/www.exploring-umbria.com\/es\/descubre-perugia-historia-y-tradicion\/que-ver-en-perugia\/pozo-etrusco\/","title":{"rendered":"Pozo Etrusco"},"content":{"rendered":"<p>El <strong>Pozo Etrusco<\/strong>, o <em>Pozo Sorbello<\/em>, es sin duda una de las <strong>principales obras <\/strong>hidr\u00e1ulicas etruscas conocidas hasta la fecha, como lo declar\u00f3 tambi\u00e9n en 1966 el profesor Filippo Magi de la Universidad de Perugia, quien en ese a\u00f1o dirigi\u00f3 una inmersi\u00f3n para descubrir los aspectos del pozo que hasta entonces s\u00f3lo se hab\u00eda verificado su origen etrusco. Fue gracias al marqu\u00e9s <em>Uguccione<\/em>, entonces propietario del palacio <em>Sorbello<\/em> (bajo el cual se encuentra el pozo etrusco), que la universidad pudo acceder al hallazgo para realizar un cuidadoso an\u00e1lisis.<\/p>\n<p>Despu\u00e9s de esa primera inmersi\u00f3n, habiendo comprendido la importancia de la obra, se realizaron dos m\u00e1s con gran inter\u00e9s por parte de la comunidad cient\u00edfica hasta 1980. En ese mismo a\u00f1o la familia propietaria del Palacio <em>Sorbello<\/em> abri\u00f3 el pozo al p\u00fablico, fomentando las visitas y despertando un gran inter\u00e9s por el bien, destinado con el paso de los a\u00f1os a desempe\u00f1ar un papel muy importante en el aumento de las llegadas de turistas a la ciudad de Perugia.<\/p>\n<p>El Pozo est\u00e1 situado en el s\u00f3tano del <em><a href=\"https:\/\/www.exploring-umbria.com\/es\/subcategories\/cosa-fare-e-cosa-vedere-a-perugia\/#heading3103\" target=\"_blank\" rel=\"noopener noreferrer\">Palacio Sorbello<\/a>, de<\/em> ah\u00ed el nombre por el que tambi\u00e9n se le conoce, <em>Pozo Sorbello<\/em>. Se encuentra exactamente <strong>al lado de Porta Sole<\/strong>, viniendo de Corso Vannucci, cruzando la Plaza del Cuatro de Noviembre y dejando la Catedral a la izquierda, se puede encontrar simplemente caminando por el lado derecho de la carretera.<\/p>\n<p>El Pozo fue construido en el punto m\u00e1s alto de la ciudad, exactamente a 477 m.s.n.m., excavado en un terreno originalmente fluvial-lacustre, donde se asentaban guijarros y arcilla. Tiene una capacidad de 424 metros c\u00fabicos y fue construido alrededor de la segunda mitad del siglo III a.C. \u00a0para satisfacer las necesidades de agua de la ciudad, que de hecho experiment\u00f3 en ese momento la construcci\u00f3n de muchos pozos en todo el territorio (muy similar es el <em>pozo de San Pablo<\/em> en Todi).<\/p>\n<p>La importancia del pozo, adem\u00e1s del indiscutible valor arquitect\u00f3nico del bien, se debe tambi\u00e9n a su tama\u00f1o, alcanza, de hecho, los 37 metros de profundidad. La estructura es cil\u00edndrica y el ca\u00f1\u00f3n alcanza un di\u00e1metro de 5,6 metros en el punto m\u00e1s ancho y de 3 metros en el m\u00e1s estrecho.<\/p>\n<p>Los materiales de construcci\u00f3n que se utilizaron son los cl\u00e1sicos de la arquitectura etrusca, la parte superior del pozo fue de hecho cubierta con travertino extra\u00eddo en el cercano pueblo de Ellera. Las caracter\u00edsticas de los materiales utilizados para su construcci\u00f3n han permitido datar el origen del pozo, ya que son similares a los bloques utilizados para la construcci\u00f3n de las murallas de la ciudad.<\/p>\n<p>Otro elemento que ha contribuido a aumentar su importancia y merecida fama, es la cobertura superior del pozo. Construida con losas transversales de travertino, soportadas por vigas de piedra y empotradas completamente secas, sin el uso de mortero ni tipos especiales de amalgama. El enclavamiento de las vigas forma dos cerchas de unos ochenta quintales cada una. Se cree que la construcci\u00f3n del techo se hizo con la ayuda de andamios, bajando los diversos bloques de piedra y travertino desde arriba.<\/p>\n<p>El pozo ha sufrido muchos cambios e intervenciones estructurales a lo largo de los a\u00f1os. Inicialmente la abertura estaba centrada respecto a la ca\u00f1a, la actual (\u00ab<a href=\"https:\/\/es.wikipedia.org\/wiki\/Brocal\" target=\"_blank\" rel=\"noopener noreferrer\"><em>v\u00e8ra<\/em><\/a>\u00ab) fue construida en la \u00e9poca medieval. La v\u00e8ra original <em>parece ser de planta cuadrada.<\/em><\/p>\n<p>En cuanto a la t\u00e9cnica utilizada para recoger el agua, inicialmente se utiliz\u00f3 el cl\u00e1sico cubo con la cuerda, y luego se utiliz\u00f3 un sistema m\u00e1s moderno de poleas.<\/p>\n<p>El pozo siempre ha sido utilizado a lo largo de los siglos, hasta poco antes de su \u00abredescubrimiento\u00bb como un hallazgo de enorme importancia arqueol\u00f3gica.<\/p>\n<p>Hoy en d\u00eda es administrada por la Fundaci\u00f3n Ranieri di Sorbello , a la que fue donada por la familia propietaria del palacio.<\/p>\n","protected":false},"excerpt":{"rendered":"<p>El Pozo Etrusco, o Pozo Sorbello, es sin duda una de las principales obras hidr\u00e1ulicas etruscas conocidas hasta la fecha, como lo declar\u00f3 tambi\u00e9n en 1966 el profesor Filippo Magi de la Universidad de Perugia, quien en ese a\u00f1o dirigi\u00f3 una inmersi\u00f3n para descubrir los aspectos del pozo que hasta entonces s\u00f3lo se hab\u00eda verificado [&hellip;]<\/p>\n","protected":false},"author":3,"featured_media":0,"parent":3165,"menu_order":4,"comment_status":"closed","ping_status":"closed","template":"","meta":{"om_disable_all_campaigns":false,"_monsterinsights_skip_tracking":false,"_monsterinsights_sitenote_active":false,"_monsterinsights_sitenote_note":"","_monsterinsights_sitenote_category":0},"acf":[],"yoast_head":"<!-- This site is optimized with the Yoast SEO plugin v18.4.1 - https:\/\/yoast.com\/wordpress\/plugins\/seo\/ -->\n<title>Pozo Etrusco - Exploring Umbria<\/title>\n<meta name=\"description\" content=\"El Pozo Etrusco, o Pozo Sorbello, es sin duda una de las principales obras hidr\u00e1ulicas etruscas conocidas hasta la fecha, como lo declar\u00f3 tambi\u00e9n en 1966\" \/>\n<meta name=\"robots\" content=\"index, follow, max-snippet:-1, max-image-preview:large, max-video-preview:-1\" \/>\n<link rel=\"canonical\" href=\"https:\/\/www.exploring-umbria.com\/es\/descubre-perugia-historia-y-tradicion\/que-ver-en-perugia\/pozo-etrusco\/\" \/>\n<meta property=\"og:locale\" content=\"es_ES\" \/>\n<meta property=\"og:type\" content=\"article\" \/>\n<meta property=\"og:title\" content=\"Pozo Etrusco - Exploring Umbria\" \/>\n<meta property=\"og:description\" content=\"El Pozo Etrusco, o Pozo Sorbello, es sin duda una de las principales obras hidr\u00e1ulicas etruscas conocidas hasta la fecha, como lo declar\u00f3 tambi\u00e9n en 1966\" \/>\n<meta property=\"og:url\" content=\"https:\/\/www.exploring-umbria.com\/es\/descubre-perugia-historia-y-tradicion\/que-ver-en-perugia\/pozo-etrusco\/\" \/>\n<meta property=\"og:site_name\" content=\"Exploring Umbria\" \/>\n<meta property=\"article:publisher\" content=\"https:\/\/www.facebook.com\/exploringumbria\/\" \/>\n<meta property=\"article:modified_time\" content=\"2020-04-01T15:58:18+00:00\" \/>\n<meta name=\"twitter:card\" content=\"summary_large_image\" \/>\n<meta name=\"twitter:label1\" content=\"Tiempo de lectura\" \/>\n\t<meta name=\"twitter:data1\" content=\"3 minutos\" \/>\n<script type=\"application\/ld+json\" class=\"yoast-schema-graph\">{\"@context\":\"https:\/\/schema.org\",\"@graph\":[{\"@type\":\"Organization\",\"@id\":\"https:\/\/www.exploring-umbria.com\/es\/#organization\",\"name\":\"Exploring Umbria\",\"url\":\"https:\/\/www.exploring-umbria.com\/es\/\",\"sameAs\":[\"https:\/\/www.facebook.com\/exploringumbria\/\",\"https:\/\/www.instagram.com\/exploringumbria\/\"],\"logo\":{\"@type\":\"ImageObject\",\"@id\":\"https:\/\/www.exploring-umbria.com\/es\/#logo\",\"inLanguage\":\"es\",\"url\":\"https:\/\/www.exploring-umbria.com\/wp-content\/uploads\/2019\/08\/solo-logo-verde.jpg\",\"contentUrl\":\"https:\/\/www.exploring-umbria.com\/wp-content\/uploads\/2019\/08\/solo-logo-verde.jpg\",\"width\":952,\"height\":532,\"caption\":\"Exploring Umbria\"},\"image\":{\"@id\":\"https:\/\/www.exploring-umbria.com\/es\/#logo\"}},{\"@type\":\"WebSite\",\"@id\":\"https:\/\/www.exploring-umbria.com\/es\/#website\",\"url\":\"https:\/\/www.exploring-umbria.com\/es\/\",\"name\":\"Exploring Umbria\",\"description\":\"your dates, your mood, your trip\",\"publisher\":{\"@id\":\"https:\/\/www.exploring-umbria.com\/es\/#organization\"},\"potentialAction\":[{\"@type\":\"SearchAction\",\"target\":{\"@type\":\"EntryPoint\",\"urlTemplate\":\"https:\/\/www.exploring-umbria.com\/es\/?s={search_term_string}\"},\"query-input\":\"required name=search_term_string\"}],\"inLanguage\":\"es\"},{\"@type\":\"WebPage\",\"@id\":\"https:\/\/www.exploring-umbria.com\/es\/descubre-perugia-historia-y-tradicion\/que-ver-en-perugia\/pozo-etrusco\/#webpage\",\"url\":\"https:\/\/www.exploring-umbria.com\/es\/descubre-perugia-historia-y-tradicion\/que-ver-en-perugia\/pozo-etrusco\/\",\"name\":\"Pozo Etrusco - Exploring Umbria\",\"isPartOf\":{\"@id\":\"https:\/\/www.exploring-umbria.com\/es\/#website\"},\"datePublished\":\"2019-02-28T18:42:44+00:00\",\"dateModified\":\"2020-04-01T15:58:18+00:00\",\"description\":\"El Pozo Etrusco, o Pozo Sorbello, es sin duda una de las principales obras hidr\u00e1ulicas etruscas conocidas hasta la fecha, como lo declar\u00f3 tambi\u00e9n en 1966\",\"breadcrumb\":{\"@id\":\"https:\/\/www.exploring-umbria.com\/es\/descubre-perugia-historia-y-tradicion\/que-ver-en-perugia\/pozo-etrusco\/#breadcrumb\"},\"inLanguage\":\"es\",\"potentialAction\":[{\"@type\":\"ReadAction\",\"target\":[\"https:\/\/www.exploring-umbria.com\/es\/descubre-perugia-historia-y-tradicion\/que-ver-en-perugia\/pozo-etrusco\/\"]}]},{\"@type\":\"BreadcrumbList\",\"@id\":\"https:\/\/www.exploring-umbria.com\/es\/descubre-perugia-historia-y-tradicion\/que-ver-en-perugia\/pozo-etrusco\/#breadcrumb\",\"itemListElement\":[{\"@type\":\"ListItem\",\"position\":1,\"name\":\"Home\",\"item\":\"https:\/\/www.exploring-umbria.com\/es\/\"},{\"@type\":\"ListItem\",\"position\":2,\"name\":\"Descubre Perugia: historia y tradici\u00f3n\",\"item\":\"https:\/\/www.exploring-umbria.com\/es\/descubre-perugia-historia-y-tradicion\/\"},{\"@type\":\"ListItem\",\"position\":3,\"name\":\"Qu\u00e9 ver en Perugia\",\"item\":\"https:\/\/www.exploring-umbria.com\/es\/descubre-perugia-historia-y-tradicion\/que-ver-en-perugia\/\"},{\"@type\":\"ListItem\",\"position\":4,\"name\":\"Pozo Etrusco\"}]}]}<\/script>\n<!-- \/ Yoast SEO plugin. -->","yoast_head_json":{"title":"Pozo Etrusco - Exploring Umbria","description":"El Pozo Etrusco, o Pozo Sorbello, es sin duda una de las principales obras hidr\u00e1ulicas etruscas conocidas hasta la fecha, como lo declar\u00f3 tambi\u00e9n en 1966","robots":{"index":"index","follow":"follow","max-snippet":"max-snippet:-1","max-image-preview":"max-image-preview:large","max-video-preview":"max-video-preview:-1"},"canonical":"https:\/\/www.exploring-umbria.com\/es\/descubre-perugia-historia-y-tradicion\/que-ver-en-perugia\/pozo-etrusco\/","og_locale":"es_ES","og_type":"article","og_title":"Pozo Etrusco - Exploring Umbria","og_description":"El Pozo Etrusco, o Pozo Sorbello, es sin duda una de las principales obras hidr\u00e1ulicas etruscas conocidas hasta la fecha, como lo declar\u00f3 tambi\u00e9n en 1966","og_url":"https:\/\/www.exploring-umbria.com\/es\/descubre-perugia-historia-y-tradicion\/que-ver-en-perugia\/pozo-etrusco\/","og_site_name":"Exploring Umbria","article_publisher":"https:\/\/www.facebook.com\/exploringumbria\/","article_modified_time":"2020-04-01T15:58:18+00:00","twitter_card":"summary_large_image","twitter_misc":{"Tiempo de lectura":"3 minutos"},"schema":{"@context":"https:\/\/schema.org","@graph":[{"@type":"Organization","@id":"https:\/\/www.exploring-umbria.com\/es\/#organization","name":"Exploring Umbria","url":"https:\/\/www.exploring-umbria.com\/es\/","sameAs":["https:\/\/www.facebook.com\/exploringumbria\/","https:\/\/www.instagram.com\/exploringumbria\/"],"logo":{"@type":"ImageObject","@id":"https:\/\/www.exploring-umbria.com\/es\/#logo","inLanguage":"es","url":"https:\/\/www.exploring-umbria.com\/wp-content\/uploads\/2019\/08\/solo-logo-verde.jpg","contentUrl":"https:\/\/www.exploring-umbria.com\/wp-content\/uploads\/2019\/08\/solo-logo-verde.jpg","width":952,"height":532,"caption":"Exploring Umbria"},"image":{"@id":"https:\/\/www.exploring-umbria.com\/es\/#logo"}},{"@type":"WebSite","@id":"https:\/\/www.exploring-umbria.com\/es\/#website","url":"https:\/\/www.exploring-umbria.com\/es\/","name":"Exploring Umbria","description":"your dates, your mood, your trip","publisher":{"@id":"https:\/\/www.exploring-umbria.com\/es\/#organization"},"potentialAction":[{"@type":"SearchAction","target":{"@type":"EntryPoint","urlTemplate":"https:\/\/www.exploring-umbria.com\/es\/?s={search_term_string}"},"query-input":"required name=search_term_string"}],"inLanguage":"es"},{"@type":"WebPage","@id":"https:\/\/www.exploring-umbria.com\/es\/descubre-perugia-historia-y-tradicion\/que-ver-en-perugia\/pozo-etrusco\/#webpage","url":"https:\/\/www.exploring-umbria.com\/es\/descubre-perugia-historia-y-tradicion\/que-ver-en-perugia\/pozo-etrusco\/","name":"Pozo Etrusco - Exploring Umbria","isPartOf":{"@id":"https:\/\/www.exploring-umbria.com\/es\/#website"},"datePublished":"2019-02-28T18:42:44+00:00","dateModified":"2020-04-01T15:58:18+00:00","description":"El Pozo Etrusco, o Pozo Sorbello, es sin duda una de las principales obras hidr\u00e1ulicas etruscas conocidas hasta la fecha, como lo declar\u00f3 tambi\u00e9n en 1966","breadcrumb":{"@id":"https:\/\/www.exploring-umbria.com\/es\/descubre-perugia-historia-y-tradicion\/que-ver-en-perugia\/pozo-etrusco\/#breadcrumb"},"inLanguage":"es","potentialAction":[{"@type":"ReadAction","target":["https:\/\/www.exploring-umbria.com\/es\/descubre-perugia-historia-y-tradicion\/que-ver-en-perugia\/pozo-etrusco\/"]}]},{"@type":"BreadcrumbList","@id":"https:\/\/www.exploring-umbria.com\/es\/descubre-perugia-historia-y-tradicion\/que-ver-en-perugia\/pozo-etrusco\/#breadcrumb","itemListElement":[{"@type":"ListItem","position":1,"name":"Home","item":"https:\/\/www.exploring-umbria.com\/es\/"},{"@type":"ListItem","position":2,"name":"Descubre Perugia: historia y tradici\u00f3n","item":"https:\/\/www.exploring-umbria.com\/es\/descubre-perugia-historia-y-tradicion\/"},{"@type":"ListItem","position":3,"name":"Qu\u00e9 ver en Perugia","item":"https:\/\/www.exploring-umbria.com\/es\/descubre-perugia-historia-y-tradicion\/que-ver-en-perugia\/"},{"@type":"ListItem","position":4,"name":"Pozo Etrusco"}]}]}},"_links":{"self":[{"href":"https:\/\/www.exploring-umbria.com\/es\/wp-json\/wp\/v2\/pages\/3101"}],"collection":[{"href":"https:\/\/www.exploring-umbria.com\/es\/wp-json\/wp\/v2\/pages"}],"about":[{"href":"https:\/\/www.exploring-umbria.com\/es\/wp-json\/wp\/v2\/types\/page"}],"author":[{"embeddable":true,"href":"https:\/\/www.exploring-umbria.com\/es\/wp-json\/wp\/v2\/users\/3"}],"replies":[{"embeddable":true,"href":"https:\/\/www.exploring-umbria.com\/es\/wp-json\/wp\/v2\/comments?post=3101"}],"version-history":[{"count":4,"href":"https:\/\/www.exploring-umbria.com\/es\/wp-json\/wp\/v2\/pages\/3101\/revisions"}],"predecessor-version":[{"id":33349,"href":"https:\/\/www.exploring-umbria.com\/es\/wp-json\/wp\/v2\/pages\/3101\/revisions\/33349"}],"up":[{"embeddable":true,"href":"https:\/\/www.exploring-umbria.com\/es\/wp-json\/wp\/v2\/pages\/3165"}],"wp:attachment":[{"href":"https:\/\/www.exploring-umbria.com\/es\/wp-json\/wp\/v2\/media?parent=3101"}],"curies":[{"name":"wp","href":"https:\/\/api.w.org\/{rel}","templated":true}]}}