{"id":3098,"date":"2019-02-28T19:43:42","date_gmt":"2019-02-28T18:43:42","guid":{"rendered":"https:\/\/www.exploring-umbria.com\/rocca-paolina\/"},"modified":"2020-04-02T16:49:53","modified_gmt":"2020-04-02T14:49:53","slug":"fortaleza-paolina","status":"publish","type":"page","link":"https:\/\/www.exploring-umbria.com\/es\/descubre-perugia-historia-y-tradicion\/que-ver-en-perugia\/fortaleza-paolina\/","title":{"rendered":"Fortaleza Paolina"},"content":{"rendered":"<p>La visita a la <strong>Fortaleza Paolina<\/strong>, o mejor dicho, lo que queda de ella, da inmediatamente a cualquiera la percepci\u00f3n de la grandeza del edificio y la importancia que el mismo pudo haber tenido en sus tiempos y para su uso real.<\/p>\n<p>De hecho, a\u00fan hoy se puede ver la <strong>majestuosidad del edificio<\/strong>, simplemente cruz\u00e1ndolo desde dentro gracias a un sistema de escaleras, incluso autom\u00e1ticas, construidas en los a\u00f1os 80.<\/p>\n<p>La Fortaleza Paolina fue construida entre 1540 y 1543. La raz\u00f3n por la que el <strong>Papa Pablo III<\/strong> decidi\u00f3 construirla no fue la cl\u00e1sica de proteger la ciudad de las incursiones externas, sino la demostraci\u00f3n de la fuerza y el poder de un Papa que quer\u00eda imponerse a los se\u00f1ores, en este caso el de los <em>Baglioni<\/em>, que en los \u00faltimos a\u00f1os hab\u00edan gestionado la ciudad con demasiada autonom\u00eda. Con la construcci\u00f3n de la Fortaleza Paolina se estaba dando una fuerte se\u00f1al, es decir, que el poder papal ser\u00eda defendido incluso por los propios ciudadanos si fuera necesario. \u00a0Recientemente, de hecho, se ha desencadenado una revuelta popular contra el aumento de los impuestos (el famoso impuesto sobre la sal) por el estado papal, que parec\u00eda tener bastantes problemas para administrar el poder en la ciudad.<\/p>\n<p>El proyecto de la fortaleza fue confiado a <a href=\"https:\/\/es.wikipedia.org\/wiki\/Antonio_da_Sangallo_el_Joven\" target=\"_blank\" rel=\"noopener noreferrer\"><em>Antonio di Sangallo<\/em><\/a>, quien realiz\u00f3 los primeros bocetos (conservados en la<em> Galer\u00eda Uffizi<\/em> de Florencia) seg\u00fan los que la fortaleza se insertaba perfectamente en el contexto de la ciudad, sin alterar el equilibrio arquitect\u00f3nico. Desafortunadamente, este proyecto no fue respetado por <em>Pablo III<\/em>, que decidi\u00f3 imponerse a <em>Baglion<\/em>i y quiso construir la estructura incluso por encima de sus posesiones, decidiendo tambi\u00e9n cavar un foso protector en todo el per\u00edmetro, una soluci\u00f3n que era de gran tensi\u00f3n arquitect\u00f3nica para la ciudad de la \u00e9poca.<\/p>\n<p>La fortaleza se construy\u00f3 tomando posesi\u00f3n de un punto estrat\u00e9gico de la ciudad, desde el cual se la pod\u00eda controlar por completo. La forma dada a la construcci\u00f3n es bastante asim\u00e9trica, tanto para necesidades defensivas como estructurales, siendo similar a la forma de un escorpi\u00f3n. Partiendo de las dos murallas de las esquinas de la estructura, que dan a lo que hoy es Plaza de Italia, la fortaleza se desarroll\u00f3 hacia el valle y se extendi\u00f3 hasta formar un largo pasillo hacia las llamadas \u00abtenazas\u00bb. Esta ampliaci\u00f3n habr\u00eda facilitado, en momentos de asedio, el abastecimiento de la estructura y la posible huida de los habitantes al campo.<\/p>\n<p>Como se mencion\u00f3 anteriormente, una vez terminada la construcci\u00f3n, se cavaron zanjas alrededor, para hacer la estructura a\u00fan m\u00e1s imponente y amenazante. Esto, junto con otros cambios deseados por <em>Pablo <\/em>III con respecto al proyecto original, ha tenido un impacto devastador en el tejido urbano circundante. Varios edificios e incluso pueblos enteros fueron arrasados para permitir la finalizaci\u00f3n de este trabajo (como el pueblo de Santa Giuliana). En total, fueron demolidas veintis\u00e9is torres, once iglesias, dos monasterios, parte de la antigua muralla etrusca y unas trescientas casas (la mayor\u00eda de las cuales, como se preve\u00eda, pertenec\u00edan a la familia <em>Baglioni<\/em>).<\/p>\n<p>La Fortaleza Paolina nunca ha tenido, en los acontecimientos que siguieron, una raz\u00f3n real para su construcci\u00f3n, pero en diversas fuentes se informa de que fue incluida en diversos aspectos de la vida civil. En los a\u00f1os siguientes, hubo una alternancia de intentos de desacreditar y re acreditar la fortaleza.\u00a0 Tambi\u00e9n hay un intento de reasignar su uso y de encontrarle una finalidad alternativa, pero en realidad nos estamos moviendo cada vez m\u00e1s hacia lo que ser\u00e1 un cambio estructural: la demolici\u00f3n de parte del mismo y el relleno de los fosos. La demolici\u00f3n tuvo lugar en tres fases: en 1798 por los franceses, en 1848 y en la d\u00e9cada de 1860 con la Unificaci\u00f3n de Italia. Hay muchas razones diferentes para esto. En t\u00e9rminos generales, se consideraba una estructura antigua, defensiva o de acceso a la <a href=\"https:\/\/www.exploring-umbria.com\/es\/actividades\/guided-tour-of-perugia\/\" target=\"_blank\" rel=\"noopener noreferrer\">ciudad<\/a>. Posteriormente, los \u00f3rganos rectores trataron de aumentar su reputaci\u00f3n mediante la renovaci\u00f3n de edificios y la creaci\u00f3n de puestos de trabajo. Hoy en d\u00eda s\u00f3lo queda el espol\u00f3n suroeste, los s\u00f3tanos y los cuatro ca\u00f1ones de la Sala de la Ca\u00f1onera.<\/p>\n<p>Actualmente, los espacios de la Fortaleza Paolina se utilizan a menudo para exposiciones y espect\u00e1culos varios. En el coraz\u00f3n de la estructura tambi\u00e9n se han instalado algunas esculturas contempor\u00e1neas.<\/p>\n","protected":false},"excerpt":{"rendered":"<p>La visita a la Fortaleza Paolina, o mejor dicho, lo que queda de ella, da inmediatamente a cualquiera la percepci\u00f3n de la grandeza del edificio y la importancia que el mismo pudo haber tenido en sus tiempos y para su uso real. De hecho, a\u00fan hoy se puede ver la majestuosidad del edificio, simplemente cruz\u00e1ndolo [&hellip;]<\/p>\n","protected":false},"author":3,"featured_media":31310,"parent":3165,"menu_order":3,"comment_status":"closed","ping_status":"closed","template":"","meta":{"om_disable_all_campaigns":false,"_monsterinsights_skip_tracking":false,"_monsterinsights_sitenote_active":false,"_monsterinsights_sitenote_note":"","_monsterinsights_sitenote_category":0},"acf":[],"yoast_head":"<!-- This site is optimized with the Yoast SEO plugin v18.4.1 - https:\/\/yoast.com\/wordpress\/plugins\/seo\/ -->\n<title>Fortaleza Paolina - Exploring Umbria<\/title>\n<meta name=\"description\" content=\"La visita a la Fortaleza Paolina, o mejor dicho, lo que queda de ella, da inmediatamente a cualquiera la percepci\u00f3n de la grandeza del edificio y la\" \/>\n<meta name=\"robots\" content=\"index, follow, max-snippet:-1, max-image-preview:large, max-video-preview:-1\" \/>\n<link rel=\"canonical\" href=\"https:\/\/www.exploring-umbria.com\/es\/descubre-perugia-historia-y-tradicion\/que-ver-en-perugia\/fortaleza-paolina\/\" \/>\n<meta property=\"og:locale\" content=\"es_ES\" \/>\n<meta property=\"og:type\" content=\"article\" \/>\n<meta property=\"og:title\" content=\"Fortaleza Paolina - Exploring Umbria\" \/>\n<meta property=\"og:description\" content=\"La visita a la Fortaleza Paolina, o mejor dicho, lo que queda de ella, da inmediatamente a cualquiera la percepci\u00f3n de la grandeza del edificio y la\" \/>\n<meta property=\"og:url\" content=\"https:\/\/www.exploring-umbria.com\/es\/descubre-perugia-historia-y-tradicion\/que-ver-en-perugia\/fortaleza-paolina\/\" \/>\n<meta property=\"og:site_name\" content=\"Exploring Umbria\" \/>\n<meta property=\"article:publisher\" content=\"https:\/\/www.facebook.com\/exploringumbria\/\" \/>\n<meta property=\"article:modified_time\" content=\"2020-04-02T14:49:53+00:00\" \/>\n<meta property=\"og:image\" content=\"https:\/\/www.exploring-umbria.com\/wp-content\/uploads\/2020\/02\/Rocca-Paolina.jpg\" \/>\n\t<meta property=\"og:image:width\" content=\"1280\" \/>\n\t<meta property=\"og:image:height\" content=\"834\" \/>\n\t<meta property=\"og:image:type\" content=\"image\/jpeg\" \/>\n<meta name=\"twitter:card\" content=\"summary_large_image\" \/>\n<meta name=\"twitter:label1\" content=\"Tiempo de lectura\" \/>\n\t<meta name=\"twitter:data1\" content=\"4 minutos\" \/>\n<script type=\"application\/ld+json\" class=\"yoast-schema-graph\">{\"@context\":\"https:\/\/schema.org\",\"@graph\":[{\"@type\":\"Organization\",\"@id\":\"https:\/\/www.exploring-umbria.com\/es\/#organization\",\"name\":\"Exploring Umbria\",\"url\":\"https:\/\/www.exploring-umbria.com\/es\/\",\"sameAs\":[\"https:\/\/www.facebook.com\/exploringumbria\/\",\"https:\/\/www.instagram.com\/exploringumbria\/\"],\"logo\":{\"@type\":\"ImageObject\",\"@id\":\"https:\/\/www.exploring-umbria.com\/es\/#logo\",\"inLanguage\":\"es\",\"url\":\"https:\/\/www.exploring-umbria.com\/wp-content\/uploads\/2019\/08\/solo-logo-verde.jpg\",\"contentUrl\":\"https:\/\/www.exploring-umbria.com\/wp-content\/uploads\/2019\/08\/solo-logo-verde.jpg\",\"width\":952,\"height\":532,\"caption\":\"Exploring Umbria\"},\"image\":{\"@id\":\"https:\/\/www.exploring-umbria.com\/es\/#logo\"}},{\"@type\":\"WebSite\",\"@id\":\"https:\/\/www.exploring-umbria.com\/es\/#website\",\"url\":\"https:\/\/www.exploring-umbria.com\/es\/\",\"name\":\"Exploring Umbria\",\"description\":\"your dates, your mood, your trip\",\"publisher\":{\"@id\":\"https:\/\/www.exploring-umbria.com\/es\/#organization\"},\"potentialAction\":[{\"@type\":\"SearchAction\",\"target\":{\"@type\":\"EntryPoint\",\"urlTemplate\":\"https:\/\/www.exploring-umbria.com\/es\/?s={search_term_string}\"},\"query-input\":\"required name=search_term_string\"}],\"inLanguage\":\"es\"},{\"@type\":\"ImageObject\",\"@id\":\"https:\/\/www.exploring-umbria.com\/es\/descubre-perugia-historia-y-tradicion\/que-ver-en-perugia\/fortaleza-paolina\/#primaryimage\",\"inLanguage\":\"es\",\"url\":\"https:\/\/www.exploring-umbria.com\/wp-content\/uploads\/2020\/02\/Rocca-Paolina.jpg\",\"contentUrl\":\"https:\/\/www.exploring-umbria.com\/wp-content\/uploads\/2020\/02\/Rocca-Paolina.jpg\",\"width\":1280,\"height\":834,\"caption\":\"Rocca Paolina gli interni\"},{\"@type\":\"WebPage\",\"@id\":\"https:\/\/www.exploring-umbria.com\/es\/descubre-perugia-historia-y-tradicion\/que-ver-en-perugia\/fortaleza-paolina\/#webpage\",\"url\":\"https:\/\/www.exploring-umbria.com\/es\/descubre-perugia-historia-y-tradicion\/que-ver-en-perugia\/fortaleza-paolina\/\",\"name\":\"Fortaleza Paolina - Exploring Umbria\",\"isPartOf\":{\"@id\":\"https:\/\/www.exploring-umbria.com\/es\/#website\"},\"primaryImageOfPage\":{\"@id\":\"https:\/\/www.exploring-umbria.com\/es\/descubre-perugia-historia-y-tradicion\/que-ver-en-perugia\/fortaleza-paolina\/#primaryimage\"},\"datePublished\":\"2019-02-28T18:43:42+00:00\",\"dateModified\":\"2020-04-02T14:49:53+00:00\",\"description\":\"La visita a la Fortaleza Paolina, o mejor dicho, lo que queda de ella, da inmediatamente a cualquiera la percepci\u00f3n de la grandeza del edificio y la\",\"breadcrumb\":{\"@id\":\"https:\/\/www.exploring-umbria.com\/es\/descubre-perugia-historia-y-tradicion\/que-ver-en-perugia\/fortaleza-paolina\/#breadcrumb\"},\"inLanguage\":\"es\",\"potentialAction\":[{\"@type\":\"ReadAction\",\"target\":[\"https:\/\/www.exploring-umbria.com\/es\/descubre-perugia-historia-y-tradicion\/que-ver-en-perugia\/fortaleza-paolina\/\"]}]},{\"@type\":\"BreadcrumbList\",\"@id\":\"https:\/\/www.exploring-umbria.com\/es\/descubre-perugia-historia-y-tradicion\/que-ver-en-perugia\/fortaleza-paolina\/#breadcrumb\",\"itemListElement\":[{\"@type\":\"ListItem\",\"position\":1,\"name\":\"Home\",\"item\":\"https:\/\/www.exploring-umbria.com\/es\/\"},{\"@type\":\"ListItem\",\"position\":2,\"name\":\"Descubre Perugia: historia y tradici\u00f3n\",\"item\":\"https:\/\/www.exploring-umbria.com\/es\/descubre-perugia-historia-y-tradicion\/\"},{\"@type\":\"ListItem\",\"position\":3,\"name\":\"Qu\u00e9 ver en Perugia\",\"item\":\"https:\/\/www.exploring-umbria.com\/es\/descubre-perugia-historia-y-tradicion\/que-ver-en-perugia\/\"},{\"@type\":\"ListItem\",\"position\":4,\"name\":\"Fortaleza Paolina\"}]}]}<\/script>\n<!-- \/ Yoast SEO plugin. -->","yoast_head_json":{"title":"Fortaleza Paolina - Exploring Umbria","description":"La visita a la Fortaleza Paolina, o mejor dicho, lo que queda de ella, da inmediatamente a cualquiera la percepci\u00f3n de la grandeza del edificio y la","robots":{"index":"index","follow":"follow","max-snippet":"max-snippet:-1","max-image-preview":"max-image-preview:large","max-video-preview":"max-video-preview:-1"},"canonical":"https:\/\/www.exploring-umbria.com\/es\/descubre-perugia-historia-y-tradicion\/que-ver-en-perugia\/fortaleza-paolina\/","og_locale":"es_ES","og_type":"article","og_title":"Fortaleza Paolina - Exploring Umbria","og_description":"La visita a la Fortaleza Paolina, o mejor dicho, lo que queda de ella, da inmediatamente a cualquiera la percepci\u00f3n de la grandeza del edificio y la","og_url":"https:\/\/www.exploring-umbria.com\/es\/descubre-perugia-historia-y-tradicion\/que-ver-en-perugia\/fortaleza-paolina\/","og_site_name":"Exploring Umbria","article_publisher":"https:\/\/www.facebook.com\/exploringumbria\/","article_modified_time":"2020-04-02T14:49:53+00:00","og_image":[{"width":1280,"height":834,"url":"https:\/\/www.exploring-umbria.com\/wp-content\/uploads\/2020\/02\/Rocca-Paolina.jpg","type":"image\/jpeg"}],"twitter_card":"summary_large_image","twitter_misc":{"Tiempo de lectura":"4 minutos"},"schema":{"@context":"https:\/\/schema.org","@graph":[{"@type":"Organization","@id":"https:\/\/www.exploring-umbria.com\/es\/#organization","name":"Exploring Umbria","url":"https:\/\/www.exploring-umbria.com\/es\/","sameAs":["https:\/\/www.facebook.com\/exploringumbria\/","https:\/\/www.instagram.com\/exploringumbria\/"],"logo":{"@type":"ImageObject","@id":"https:\/\/www.exploring-umbria.com\/es\/#logo","inLanguage":"es","url":"https:\/\/www.exploring-umbria.com\/wp-content\/uploads\/2019\/08\/solo-logo-verde.jpg","contentUrl":"https:\/\/www.exploring-umbria.com\/wp-content\/uploads\/2019\/08\/solo-logo-verde.jpg","width":952,"height":532,"caption":"Exploring Umbria"},"image":{"@id":"https:\/\/www.exploring-umbria.com\/es\/#logo"}},{"@type":"WebSite","@id":"https:\/\/www.exploring-umbria.com\/es\/#website","url":"https:\/\/www.exploring-umbria.com\/es\/","name":"Exploring Umbria","description":"your dates, your mood, your trip","publisher":{"@id":"https:\/\/www.exploring-umbria.com\/es\/#organization"},"potentialAction":[{"@type":"SearchAction","target":{"@type":"EntryPoint","urlTemplate":"https:\/\/www.exploring-umbria.com\/es\/?s={search_term_string}"},"query-input":"required name=search_term_string"}],"inLanguage":"es"},{"@type":"ImageObject","@id":"https:\/\/www.exploring-umbria.com\/es\/descubre-perugia-historia-y-tradicion\/que-ver-en-perugia\/fortaleza-paolina\/#primaryimage","inLanguage":"es","url":"https:\/\/www.exploring-umbria.com\/wp-content\/uploads\/2020\/02\/Rocca-Paolina.jpg","contentUrl":"https:\/\/www.exploring-umbria.com\/wp-content\/uploads\/2020\/02\/Rocca-Paolina.jpg","width":1280,"height":834,"caption":"Rocca Paolina gli interni"},{"@type":"WebPage","@id":"https:\/\/www.exploring-umbria.com\/es\/descubre-perugia-historia-y-tradicion\/que-ver-en-perugia\/fortaleza-paolina\/#webpage","url":"https:\/\/www.exploring-umbria.com\/es\/descubre-perugia-historia-y-tradicion\/que-ver-en-perugia\/fortaleza-paolina\/","name":"Fortaleza Paolina - Exploring Umbria","isPartOf":{"@id":"https:\/\/www.exploring-umbria.com\/es\/#website"},"primaryImageOfPage":{"@id":"https:\/\/www.exploring-umbria.com\/es\/descubre-perugia-historia-y-tradicion\/que-ver-en-perugia\/fortaleza-paolina\/#primaryimage"},"datePublished":"2019-02-28T18:43:42+00:00","dateModified":"2020-04-02T14:49:53+00:00","description":"La visita a la Fortaleza Paolina, o mejor dicho, lo que queda de ella, da inmediatamente a cualquiera la percepci\u00f3n de la grandeza del edificio y la","breadcrumb":{"@id":"https:\/\/www.exploring-umbria.com\/es\/descubre-perugia-historia-y-tradicion\/que-ver-en-perugia\/fortaleza-paolina\/#breadcrumb"},"inLanguage":"es","potentialAction":[{"@type":"ReadAction","target":["https:\/\/www.exploring-umbria.com\/es\/descubre-perugia-historia-y-tradicion\/que-ver-en-perugia\/fortaleza-paolina\/"]}]},{"@type":"BreadcrumbList","@id":"https:\/\/www.exploring-umbria.com\/es\/descubre-perugia-historia-y-tradicion\/que-ver-en-perugia\/fortaleza-paolina\/#breadcrumb","itemListElement":[{"@type":"ListItem","position":1,"name":"Home","item":"https:\/\/www.exploring-umbria.com\/es\/"},{"@type":"ListItem","position":2,"name":"Descubre Perugia: historia y tradici\u00f3n","item":"https:\/\/www.exploring-umbria.com\/es\/descubre-perugia-historia-y-tradicion\/"},{"@type":"ListItem","position":3,"name":"Qu\u00e9 ver en Perugia","item":"https:\/\/www.exploring-umbria.com\/es\/descubre-perugia-historia-y-tradicion\/que-ver-en-perugia\/"},{"@type":"ListItem","position":4,"name":"Fortaleza Paolina"}]}]}},"_links":{"self":[{"href":"https:\/\/www.exploring-umbria.com\/es\/wp-json\/wp\/v2\/pages\/3098"}],"collection":[{"href":"https:\/\/www.exploring-umbria.com\/es\/wp-json\/wp\/v2\/pages"}],"about":[{"href":"https:\/\/www.exploring-umbria.com\/es\/wp-json\/wp\/v2\/types\/page"}],"author":[{"embeddable":true,"href":"https:\/\/www.exploring-umbria.com\/es\/wp-json\/wp\/v2\/users\/3"}],"replies":[{"embeddable":true,"href":"https:\/\/www.exploring-umbria.com\/es\/wp-json\/wp\/v2\/comments?post=3098"}],"version-history":[{"count":4,"href":"https:\/\/www.exploring-umbria.com\/es\/wp-json\/wp\/v2\/pages\/3098\/revisions"}],"predecessor-version":[{"id":33473,"href":"https:\/\/www.exploring-umbria.com\/es\/wp-json\/wp\/v2\/pages\/3098\/revisions\/33473"}],"up":[{"embeddable":true,"href":"https:\/\/www.exploring-umbria.com\/es\/wp-json\/wp\/v2\/pages\/3165"}],"wp:featuredmedia":[{"embeddable":true,"href":"https:\/\/www.exploring-umbria.com\/es\/wp-json\/wp\/v2\/media\/31310"}],"wp:attachment":[{"href":"https:\/\/www.exploring-umbria.com\/es\/wp-json\/wp\/v2\/media?parent=3098"}],"curies":[{"name":"wp","href":"https:\/\/api.w.org\/{rel}","templated":true}]}}