{"id":3096,"date":"2019-02-28T19:44:33","date_gmt":"2019-02-28T18:44:33","guid":{"rendered":"https:\/\/www.exploring-umbria.com\/sala-dei-notari\/"},"modified":"2020-04-02T13:26:49","modified_gmt":"2020-04-02T11:26:49","slug":"sala-de-los-notarios","status":"publish","type":"page","link":"https:\/\/www.exploring-umbria.com\/es\/descubre-perugia-historia-y-tradicion\/que-ver-en-perugia\/sala-de-los-notarios\/","title":{"rendered":"Sala de los Notarios"},"content":{"rendered":"<p>La <strong>Sala de los Notarios<\/strong> se llama as\u00ed porque el<em> Arte de los Notarios de Perugia<\/em> hizo de ella su sede oficial en 1582. Antes de esta fecha se le conoc\u00eda como el <em>Sal\u00f3n del Pueblo<\/em>, porque estaba destinado principalmente a las asambleas populares.<\/p>\n<p>Hasta la fecha, el uso que se hace de ella es principalmente art\u00edstico-congresivo. Acoge encuentros y convenciones, pero tambi\u00e9n eventos art\u00edsticos, teatrales o musicales.<\/p>\n<p>Apenas se cruza el umbral, no se puede evitar la fascinaci\u00f3n por la belleza que desprende la arquitectura <strong>de la sala, quiz\u00e1s<\/strong> por los numerosos arcos de medio punto, precisamente ocho en total, o por el hecho de que est\u00e9n totalmente decorados con pinturas.<\/p>\n<p>De los frescos originales que datan de 1200 o 1300, desafortunadamente quedan pocos restos, pero la preciosa y elegante elaboraci\u00f3n, probablemente atribuible al llamado <em>Maestro de Farneto<\/em>, todav\u00eda es claramente visible. Los frescos antiguos fueron integrados en muchos lugares por <em>Matteo Tassi<\/em> en 1885, en otros, el artista se ocup\u00f3 enteramente de la decoraci\u00f3n pict\u00f3rica.<\/p>\n<p>Las paredes que rodean la sala muestran principalmente historias y leyendas, con escudos pertenecientes a las diferentes oficinas de la ciudad, incluyendo el podest\u00e0, el capit\u00e1n del pueblo e incluso el de <a href=\"https:\/\/es.wikipedia.org\/wiki\/Braccio_da_Montone\" target=\"_blank\" rel=\"noopener noreferrer\"><em>Braccio di Fortebraccio<\/em><\/a>.<\/p>\n<p>La entrada a la Sala de los Notarios \u00a0est\u00e1 situada en la fachada del <a href=\"https:\/\/www.exploring-umbria.com\/es\/subcategories\/cosa-fare-e-cosa-vedere-a-perugia\/#heading3113\" target=\"_blank\" rel=\"noopener noreferrer\"><strong>Palacio de los Priores<\/strong><\/a>, frente a la Plaza del Cuatro de Noviembre, frente a la Catedral de San Lorenzo.<\/p>\n","protected":false},"excerpt":{"rendered":"<p>La Sala de los Notarios se llama as\u00ed porque el Arte de los Notarios de Perugia hizo de ella su sede oficial en 1582. Antes de esta fecha se le conoc\u00eda como el Sal\u00f3n del Pueblo, porque estaba destinado principalmente a las asambleas populares. Hasta la fecha, el uso que se hace de ella es [&hellip;]<\/p>\n","protected":false},"author":3,"featured_media":30630,"parent":3165,"menu_order":14,"comment_status":"closed","ping_status":"closed","template":"","meta":{"om_disable_all_campaigns":false,"_monsterinsights_skip_tracking":false,"_monsterinsights_sitenote_active":false,"_monsterinsights_sitenote_note":"","_monsterinsights_sitenote_category":0},"acf":[],"yoast_head":"<!-- This site is optimized with the Yoast SEO plugin v18.4.1 - https:\/\/yoast.com\/wordpress\/plugins\/seo\/ -->\n<title>Sala de los Notarios - Exploring Umbria<\/title>\n<meta name=\"description\" content=\"La Sala de los Notarios se llama as\u00ed porque el Arte de los Notarios de Perugia hizo de ella su sede oficial en 1582. Antes de esta fecha se le conoc\u00eda\" \/>\n<meta name=\"robots\" content=\"index, follow, max-snippet:-1, max-image-preview:large, max-video-preview:-1\" \/>\n<link rel=\"canonical\" href=\"https:\/\/www.exploring-umbria.com\/es\/descubre-perugia-historia-y-tradicion\/que-ver-en-perugia\/sala-de-los-notarios\/\" \/>\n<meta property=\"og:locale\" content=\"es_ES\" \/>\n<meta property=\"og:type\" content=\"article\" \/>\n<meta property=\"og:title\" content=\"Sala de los Notarios - Exploring Umbria\" \/>\n<meta property=\"og:description\" content=\"La Sala de los Notarios se llama as\u00ed porque el Arte de los Notarios de Perugia hizo de ella su sede oficial en 1582. Antes de esta fecha se le conoc\u00eda\" \/>\n<meta property=\"og:url\" content=\"https:\/\/www.exploring-umbria.com\/es\/descubre-perugia-historia-y-tradicion\/que-ver-en-perugia\/sala-de-los-notarios\/\" \/>\n<meta property=\"og:site_name\" content=\"Exploring Umbria\" \/>\n<meta property=\"article:publisher\" content=\"https:\/\/www.facebook.com\/exploringumbria\/\" \/>\n<meta property=\"article:modified_time\" content=\"2020-04-02T11:26:49+00:00\" \/>\n<meta property=\"og:image\" content=\"https:\/\/www.exploring-umbria.com\/wp-content\/uploads\/2020\/02\/Sala-dei-Notari-a-Perugia.jpg\" \/>\n\t<meta property=\"og:image:width\" content=\"1280\" \/>\n\t<meta property=\"og:image:height\" content=\"960\" \/>\n\t<meta property=\"og:image:type\" content=\"image\/jpeg\" \/>\n<meta name=\"twitter:card\" content=\"summary_large_image\" \/>\n<meta name=\"twitter:label1\" content=\"Tiempo de lectura\" \/>\n\t<meta name=\"twitter:data1\" content=\"1 minuto\" \/>\n<script type=\"application\/ld+json\" class=\"yoast-schema-graph\">{\"@context\":\"https:\/\/schema.org\",\"@graph\":[{\"@type\":\"Organization\",\"@id\":\"https:\/\/www.exploring-umbria.com\/es\/#organization\",\"name\":\"Exploring Umbria\",\"url\":\"https:\/\/www.exploring-umbria.com\/es\/\",\"sameAs\":[\"https:\/\/www.facebook.com\/exploringumbria\/\",\"https:\/\/www.instagram.com\/exploringumbria\/\"],\"logo\":{\"@type\":\"ImageObject\",\"@id\":\"https:\/\/www.exploring-umbria.com\/es\/#logo\",\"inLanguage\":\"es\",\"url\":\"https:\/\/www.exploring-umbria.com\/wp-content\/uploads\/2019\/08\/solo-logo-verde.jpg\",\"contentUrl\":\"https:\/\/www.exploring-umbria.com\/wp-content\/uploads\/2019\/08\/solo-logo-verde.jpg\",\"width\":952,\"height\":532,\"caption\":\"Exploring Umbria\"},\"image\":{\"@id\":\"https:\/\/www.exploring-umbria.com\/es\/#logo\"}},{\"@type\":\"WebSite\",\"@id\":\"https:\/\/www.exploring-umbria.com\/es\/#website\",\"url\":\"https:\/\/www.exploring-umbria.com\/es\/\",\"name\":\"Exploring Umbria\",\"description\":\"your dates, your mood, your trip\",\"publisher\":{\"@id\":\"https:\/\/www.exploring-umbria.com\/es\/#organization\"},\"potentialAction\":[{\"@type\":\"SearchAction\",\"target\":{\"@type\":\"EntryPoint\",\"urlTemplate\":\"https:\/\/www.exploring-umbria.com\/es\/?s={search_term_string}\"},\"query-input\":\"required name=search_term_string\"}],\"inLanguage\":\"es\"},{\"@type\":\"ImageObject\",\"@id\":\"https:\/\/www.exploring-umbria.com\/es\/descubre-perugia-historia-y-tradicion\/que-ver-en-perugia\/sala-de-los-notarios\/#primaryimage\",\"inLanguage\":\"es\",\"url\":\"https:\/\/www.exploring-umbria.com\/wp-content\/uploads\/2020\/02\/Sala-dei-Notari-a-Perugia.jpg\",\"contentUrl\":\"https:\/\/www.exploring-umbria.com\/wp-content\/uploads\/2020\/02\/Sala-dei-Notari-a-Perugia.jpg\",\"width\":1280,\"height\":960,\"caption\":\"La sala dei Notari\"},{\"@type\":\"WebPage\",\"@id\":\"https:\/\/www.exploring-umbria.com\/es\/descubre-perugia-historia-y-tradicion\/que-ver-en-perugia\/sala-de-los-notarios\/#webpage\",\"url\":\"https:\/\/www.exploring-umbria.com\/es\/descubre-perugia-historia-y-tradicion\/que-ver-en-perugia\/sala-de-los-notarios\/\",\"name\":\"Sala de los Notarios - Exploring Umbria\",\"isPartOf\":{\"@id\":\"https:\/\/www.exploring-umbria.com\/es\/#website\"},\"primaryImageOfPage\":{\"@id\":\"https:\/\/www.exploring-umbria.com\/es\/descubre-perugia-historia-y-tradicion\/que-ver-en-perugia\/sala-de-los-notarios\/#primaryimage\"},\"datePublished\":\"2019-02-28T18:44:33+00:00\",\"dateModified\":\"2020-04-02T11:26:49+00:00\",\"description\":\"La Sala de los Notarios se llama as\u00ed porque el Arte de los Notarios de Perugia hizo de ella su sede oficial en 1582. Antes de esta fecha se le conoc\u00eda\",\"breadcrumb\":{\"@id\":\"https:\/\/www.exploring-umbria.com\/es\/descubre-perugia-historia-y-tradicion\/que-ver-en-perugia\/sala-de-los-notarios\/#breadcrumb\"},\"inLanguage\":\"es\",\"potentialAction\":[{\"@type\":\"ReadAction\",\"target\":[\"https:\/\/www.exploring-umbria.com\/es\/descubre-perugia-historia-y-tradicion\/que-ver-en-perugia\/sala-de-los-notarios\/\"]}]},{\"@type\":\"BreadcrumbList\",\"@id\":\"https:\/\/www.exploring-umbria.com\/es\/descubre-perugia-historia-y-tradicion\/que-ver-en-perugia\/sala-de-los-notarios\/#breadcrumb\",\"itemListElement\":[{\"@type\":\"ListItem\",\"position\":1,\"name\":\"Home\",\"item\":\"https:\/\/www.exploring-umbria.com\/es\/\"},{\"@type\":\"ListItem\",\"position\":2,\"name\":\"Descubre Perugia: historia y tradici\u00f3n\",\"item\":\"https:\/\/www.exploring-umbria.com\/es\/descubre-perugia-historia-y-tradicion\/\"},{\"@type\":\"ListItem\",\"position\":3,\"name\":\"Qu\u00e9 ver en Perugia\",\"item\":\"https:\/\/www.exploring-umbria.com\/es\/descubre-perugia-historia-y-tradicion\/que-ver-en-perugia\/\"},{\"@type\":\"ListItem\",\"position\":4,\"name\":\"Sala de los Notarios\"}]}]}<\/script>\n<!-- \/ Yoast SEO plugin. -->","yoast_head_json":{"title":"Sala de los Notarios - Exploring Umbria","description":"La Sala de los Notarios se llama as\u00ed porque el Arte de los Notarios de Perugia hizo de ella su sede oficial en 1582. Antes de esta fecha se le conoc\u00eda","robots":{"index":"index","follow":"follow","max-snippet":"max-snippet:-1","max-image-preview":"max-image-preview:large","max-video-preview":"max-video-preview:-1"},"canonical":"https:\/\/www.exploring-umbria.com\/es\/descubre-perugia-historia-y-tradicion\/que-ver-en-perugia\/sala-de-los-notarios\/","og_locale":"es_ES","og_type":"article","og_title":"Sala de los Notarios - Exploring Umbria","og_description":"La Sala de los Notarios se llama as\u00ed porque el Arte de los Notarios de Perugia hizo de ella su sede oficial en 1582. Antes de esta fecha se le conoc\u00eda","og_url":"https:\/\/www.exploring-umbria.com\/es\/descubre-perugia-historia-y-tradicion\/que-ver-en-perugia\/sala-de-los-notarios\/","og_site_name":"Exploring Umbria","article_publisher":"https:\/\/www.facebook.com\/exploringumbria\/","article_modified_time":"2020-04-02T11:26:49+00:00","og_image":[{"width":1280,"height":960,"url":"https:\/\/www.exploring-umbria.com\/wp-content\/uploads\/2020\/02\/Sala-dei-Notari-a-Perugia.jpg","type":"image\/jpeg"}],"twitter_card":"summary_large_image","twitter_misc":{"Tiempo de lectura":"1 minuto"},"schema":{"@context":"https:\/\/schema.org","@graph":[{"@type":"Organization","@id":"https:\/\/www.exploring-umbria.com\/es\/#organization","name":"Exploring Umbria","url":"https:\/\/www.exploring-umbria.com\/es\/","sameAs":["https:\/\/www.facebook.com\/exploringumbria\/","https:\/\/www.instagram.com\/exploringumbria\/"],"logo":{"@type":"ImageObject","@id":"https:\/\/www.exploring-umbria.com\/es\/#logo","inLanguage":"es","url":"https:\/\/www.exploring-umbria.com\/wp-content\/uploads\/2019\/08\/solo-logo-verde.jpg","contentUrl":"https:\/\/www.exploring-umbria.com\/wp-content\/uploads\/2019\/08\/solo-logo-verde.jpg","width":952,"height":532,"caption":"Exploring Umbria"},"image":{"@id":"https:\/\/www.exploring-umbria.com\/es\/#logo"}},{"@type":"WebSite","@id":"https:\/\/www.exploring-umbria.com\/es\/#website","url":"https:\/\/www.exploring-umbria.com\/es\/","name":"Exploring Umbria","description":"your dates, your mood, your trip","publisher":{"@id":"https:\/\/www.exploring-umbria.com\/es\/#organization"},"potentialAction":[{"@type":"SearchAction","target":{"@type":"EntryPoint","urlTemplate":"https:\/\/www.exploring-umbria.com\/es\/?s={search_term_string}"},"query-input":"required name=search_term_string"}],"inLanguage":"es"},{"@type":"ImageObject","@id":"https:\/\/www.exploring-umbria.com\/es\/descubre-perugia-historia-y-tradicion\/que-ver-en-perugia\/sala-de-los-notarios\/#primaryimage","inLanguage":"es","url":"https:\/\/www.exploring-umbria.com\/wp-content\/uploads\/2020\/02\/Sala-dei-Notari-a-Perugia.jpg","contentUrl":"https:\/\/www.exploring-umbria.com\/wp-content\/uploads\/2020\/02\/Sala-dei-Notari-a-Perugia.jpg","width":1280,"height":960,"caption":"La sala dei Notari"},{"@type":"WebPage","@id":"https:\/\/www.exploring-umbria.com\/es\/descubre-perugia-historia-y-tradicion\/que-ver-en-perugia\/sala-de-los-notarios\/#webpage","url":"https:\/\/www.exploring-umbria.com\/es\/descubre-perugia-historia-y-tradicion\/que-ver-en-perugia\/sala-de-los-notarios\/","name":"Sala de los Notarios - Exploring Umbria","isPartOf":{"@id":"https:\/\/www.exploring-umbria.com\/es\/#website"},"primaryImageOfPage":{"@id":"https:\/\/www.exploring-umbria.com\/es\/descubre-perugia-historia-y-tradicion\/que-ver-en-perugia\/sala-de-los-notarios\/#primaryimage"},"datePublished":"2019-02-28T18:44:33+00:00","dateModified":"2020-04-02T11:26:49+00:00","description":"La Sala de los Notarios se llama as\u00ed porque el Arte de los Notarios de Perugia hizo de ella su sede oficial en 1582. Antes de esta fecha se le conoc\u00eda","breadcrumb":{"@id":"https:\/\/www.exploring-umbria.com\/es\/descubre-perugia-historia-y-tradicion\/que-ver-en-perugia\/sala-de-los-notarios\/#breadcrumb"},"inLanguage":"es","potentialAction":[{"@type":"ReadAction","target":["https:\/\/www.exploring-umbria.com\/es\/descubre-perugia-historia-y-tradicion\/que-ver-en-perugia\/sala-de-los-notarios\/"]}]},{"@type":"BreadcrumbList","@id":"https:\/\/www.exploring-umbria.com\/es\/descubre-perugia-historia-y-tradicion\/que-ver-en-perugia\/sala-de-los-notarios\/#breadcrumb","itemListElement":[{"@type":"ListItem","position":1,"name":"Home","item":"https:\/\/www.exploring-umbria.com\/es\/"},{"@type":"ListItem","position":2,"name":"Descubre Perugia: historia y tradici\u00f3n","item":"https:\/\/www.exploring-umbria.com\/es\/descubre-perugia-historia-y-tradicion\/"},{"@type":"ListItem","position":3,"name":"Qu\u00e9 ver en Perugia","item":"https:\/\/www.exploring-umbria.com\/es\/descubre-perugia-historia-y-tradicion\/que-ver-en-perugia\/"},{"@type":"ListItem","position":4,"name":"Sala de los Notarios"}]}]}},"_links":{"self":[{"href":"https:\/\/www.exploring-umbria.com\/es\/wp-json\/wp\/v2\/pages\/3096"}],"collection":[{"href":"https:\/\/www.exploring-umbria.com\/es\/wp-json\/wp\/v2\/pages"}],"about":[{"href":"https:\/\/www.exploring-umbria.com\/es\/wp-json\/wp\/v2\/types\/page"}],"author":[{"embeddable":true,"href":"https:\/\/www.exploring-umbria.com\/es\/wp-json\/wp\/v2\/users\/3"}],"replies":[{"embeddable":true,"href":"https:\/\/www.exploring-umbria.com\/es\/wp-json\/wp\/v2\/comments?post=3096"}],"version-history":[{"count":4,"href":"https:\/\/www.exploring-umbria.com\/es\/wp-json\/wp\/v2\/pages\/3096\/revisions"}],"predecessor-version":[{"id":33386,"href":"https:\/\/www.exploring-umbria.com\/es\/wp-json\/wp\/v2\/pages\/3096\/revisions\/33386"}],"up":[{"embeddable":true,"href":"https:\/\/www.exploring-umbria.com\/es\/wp-json\/wp\/v2\/pages\/3165"}],"wp:featuredmedia":[{"embeddable":true,"href":"https:\/\/www.exploring-umbria.com\/es\/wp-json\/wp\/v2\/media\/30630"}],"wp:attachment":[{"href":"https:\/\/www.exploring-umbria.com\/es\/wp-json\/wp\/v2\/media?parent=3096"}],"curies":[{"name":"wp","href":"https:\/\/api.w.org\/{rel}","templated":true}]}}