{"id":3069,"date":"2019-03-01T11:07:46","date_gmt":"2019-03-01T10:07:46","guid":{"rendered":"https:\/\/www.exploring-umbria.com\/cattedrale-di-san-feliciano\/"},"modified":"2020-04-08T14:02:27","modified_gmt":"2020-04-08T12:02:27","slug":"catedral-de-san-feliciano","status":"publish","type":"page","link":"https:\/\/www.exploring-umbria.com\/es\/descubre-foligno\/que-ver-en-foligno-un-itinerario-comodo-y-curioso\/catedral-de-san-feliciano\/","title":{"rendered":"Catedral de San Feliciano"},"content":{"rendered":"<p>La bella <strong>Catedral de San Feliciano<\/strong>, el duomo de Foligno, se encuentra cerca de la Plaza de la Rep\u00fablica, coraz\u00f3n del trazado urbano\u00a0 y el eje de la vida social y religiosa de la <a href=\"https:\/\/www.exploring-umbria.com\/es\/actividades\/guided-tour-of-foligno\/\" target=\"_blank\" rel=\"noopener noreferrer\">ciudad<\/a>.<\/p>\n<p>La catedral, dedicada al patr\u00f3n Feliciano, fue construida en 1133 por el <em>Maestro Atto<\/em>, como lo demuestra una inscripci\u00f3n en la fachada principal. El edificio, construido sobre los restos del cementerio del santo al que est\u00e1 dedicado, se superpuso a un edificio preexistente de los siglos IX-X y fue objeto de numerosas restauraciones y modificaciones hasta la actualidad.<\/p>\n<p>La fachada principal se abre a la peque\u00f1a Plaza de la Catedral y fue restaurada libremente en 1904 con un mosaico que representa \u00abCristo en el trono\u00bb, San Feliciano y Mesalina (protectores de la ciudad) y el Papa Le\u00f3n XIII (patr\u00f3n de la obra).<\/p>\n<p>Pero la verdadera fachada monumental, digna de menci\u00f3n y de las formas m\u00e1s preciosas, se abre a la izquierda del edificio en la Plaza de la Rep\u00fablica y tiene un magn\u00edfico portal de estilo rom\u00e1nico, construido en 1201 por los maestros <em>Rodolfo y Binello<\/em>, decorado con bajorrelieves que representan <em>a Federico<\/em> <em>Barbarroja<\/em>, <em>Inocencio<\/em> <em>III<\/em>, los s\u00edmbolos de los evangelistas y los signos zodiacales.<\/p>\n<p>La c\u00fapula monumental interior es obra del maestro <em>Giuliano di Baccio D&#8217;Agnolo<\/em> del siglo XVI, mientras que el interior, completamente transformado entre 1772 y 1819, es una obra maestra de estilo neocl\u00e1sico de <a href=\"https:\/\/es.wikipedia.org\/wiki\/Giuseppe_Piermarini\" target=\"_blank\" rel=\"noopener noreferrer\"><em>Giuseppe Piermarini<\/em><\/a>, que modific\u00f3 el proyecto anterior de <em>Vanvitelli<\/em>.<\/p>\n<p>La iglesia tiene una sola nave en el centro de la cual se encuentra el hermoso <strong>dosel de estilo Bernini<\/strong> que reproduce fielmente el m\u00e1s famoso de la Bas\u00edlica de San Pedro de Roma.<\/p>\n<p>Por debajo de la planta se accede a la <strong>cripta<\/strong>, que representa el n\u00facleo m\u00e1s antiguo de la estructura, con capiteles y restos arquitect\u00f3nicos que datan de la \u00e9poca prerromana.<\/p>\n<p>Entre las obras de arte que se conservan en su interior, destacan una estatua del siglo XIX y la capilla del sacramento, construida en 1527 por el joven<em> Antonio da Sangallo.<\/em><\/p>\n","protected":false},"excerpt":{"rendered":"<p>La bella Catedral de San Feliciano, el duomo de Foligno, se encuentra cerca de la Plaza de la Rep\u00fablica, coraz\u00f3n del trazado urbano\u00a0 y el eje de la vida social y religiosa de la ciudad. La catedral, dedicada al patr\u00f3n Feliciano, fue construida en 1133 por el Maestro Atto, como lo demuestra una inscripci\u00f3n en [&hellip;]<\/p>\n","protected":false},"author":3,"featured_media":1940,"parent":3086,"menu_order":4,"comment_status":"closed","ping_status":"closed","template":"","meta":{"om_disable_all_campaigns":false,"_monsterinsights_skip_tracking":false,"_monsterinsights_sitenote_active":false,"_monsterinsights_sitenote_note":"","_monsterinsights_sitenote_category":0},"acf":[],"yoast_head":"<!-- This site is optimized with the Yoast SEO plugin v18.4.1 - https:\/\/yoast.com\/wordpress\/plugins\/seo\/ -->\n<title>Catedral de San Feliciano - Exploring Umbria<\/title>\n<meta name=\"description\" content=\"La bella Catedral de San Feliciano, el duomo de Foligno, se encuentra cerca de la Plaza de la Rep\u00fablica, coraz\u00f3n del trazado urbano\u00a0 y el eje de la vida\" \/>\n<meta name=\"robots\" content=\"index, follow, max-snippet:-1, max-image-preview:large, max-video-preview:-1\" \/>\n<link rel=\"canonical\" href=\"https:\/\/www.exploring-umbria.com\/es\/descubre-foligno\/que-ver-en-foligno-un-itinerario-comodo-y-curioso\/catedral-de-san-feliciano\/\" \/>\n<meta property=\"og:locale\" content=\"es_ES\" \/>\n<meta property=\"og:type\" content=\"article\" \/>\n<meta property=\"og:title\" content=\"Catedral de San Feliciano - Exploring Umbria\" \/>\n<meta property=\"og:description\" content=\"La bella Catedral de San Feliciano, el duomo de Foligno, se encuentra cerca de la Plaza de la Rep\u00fablica, coraz\u00f3n del trazado urbano\u00a0 y el eje de la vida\" \/>\n<meta property=\"og:url\" content=\"https:\/\/www.exploring-umbria.com\/es\/descubre-foligno\/que-ver-en-foligno-un-itinerario-comodo-y-curioso\/catedral-de-san-feliciano\/\" \/>\n<meta property=\"og:site_name\" content=\"Exploring Umbria\" \/>\n<meta property=\"article:publisher\" content=\"https:\/\/www.facebook.com\/exploringumbria\/\" \/>\n<meta property=\"article:modified_time\" content=\"2020-04-08T12:02:27+00:00\" \/>\n<meta property=\"og:image\" content=\"https:\/\/www.exploring-umbria.com\/wp-content\/uploads\/2019\/03\/FOLIGNO-PIAZZA-DELLA-REPUBBLICA-1600x1066.jpeg\" \/>\n\t<meta property=\"og:image:width\" content=\"1600\" \/>\n\t<meta property=\"og:image:height\" content=\"1066\" \/>\n\t<meta property=\"og:image:type\" content=\"image\/jpeg\" \/>\n<meta name=\"twitter:card\" content=\"summary_large_image\" \/>\n<meta name=\"twitter:label1\" content=\"Tiempo de lectura\" \/>\n\t<meta name=\"twitter:data1\" content=\"2 minutos\" \/>\n<script type=\"application\/ld+json\" class=\"yoast-schema-graph\">{\"@context\":\"https:\/\/schema.org\",\"@graph\":[{\"@type\":\"Organization\",\"@id\":\"https:\/\/www.exploring-umbria.com\/es\/#organization\",\"name\":\"Exploring Umbria\",\"url\":\"https:\/\/www.exploring-umbria.com\/es\/\",\"sameAs\":[\"https:\/\/www.facebook.com\/exploringumbria\/\",\"https:\/\/www.instagram.com\/exploringumbria\/\"],\"logo\":{\"@type\":\"ImageObject\",\"@id\":\"https:\/\/www.exploring-umbria.com\/es\/#logo\",\"inLanguage\":\"es\",\"url\":\"https:\/\/www.exploring-umbria.com\/wp-content\/uploads\/2019\/08\/solo-logo-verde.jpg\",\"contentUrl\":\"https:\/\/www.exploring-umbria.com\/wp-content\/uploads\/2019\/08\/solo-logo-verde.jpg\",\"width\":952,\"height\":532,\"caption\":\"Exploring Umbria\"},\"image\":{\"@id\":\"https:\/\/www.exploring-umbria.com\/es\/#logo\"}},{\"@type\":\"WebSite\",\"@id\":\"https:\/\/www.exploring-umbria.com\/es\/#website\",\"url\":\"https:\/\/www.exploring-umbria.com\/es\/\",\"name\":\"Exploring Umbria\",\"description\":\"your dates, your mood, your trip\",\"publisher\":{\"@id\":\"https:\/\/www.exploring-umbria.com\/es\/#organization\"},\"potentialAction\":[{\"@type\":\"SearchAction\",\"target\":{\"@type\":\"EntryPoint\",\"urlTemplate\":\"https:\/\/www.exploring-umbria.com\/es\/?s={search_term_string}\"},\"query-input\":\"required name=search_term_string\"}],\"inLanguage\":\"es\"},{\"@type\":\"ImageObject\",\"@id\":\"https:\/\/www.exploring-umbria.com\/es\/descubre-foligno\/que-ver-en-foligno-un-itinerario-comodo-y-curioso\/catedral-de-san-feliciano\/#primaryimage\",\"inLanguage\":\"es\",\"url\":\"https:\/\/www.exploring-umbria.com\/wp-content\/uploads\/2019\/03\/FOLIGNO-PIAZZA-DELLA-REPUBBLICA-1600x1066.jpeg\",\"contentUrl\":\"https:\/\/www.exploring-umbria.com\/wp-content\/uploads\/2019\/03\/FOLIGNO-PIAZZA-DELLA-REPUBBLICA-1600x1066.jpeg\",\"width\":1600,\"height\":1066,\"caption\":\"Cattedrale di San feliano\"},{\"@type\":\"WebPage\",\"@id\":\"https:\/\/www.exploring-umbria.com\/es\/descubre-foligno\/que-ver-en-foligno-un-itinerario-comodo-y-curioso\/catedral-de-san-feliciano\/#webpage\",\"url\":\"https:\/\/www.exploring-umbria.com\/es\/descubre-foligno\/que-ver-en-foligno-un-itinerario-comodo-y-curioso\/catedral-de-san-feliciano\/\",\"name\":\"Catedral de San Feliciano - Exploring Umbria\",\"isPartOf\":{\"@id\":\"https:\/\/www.exploring-umbria.com\/es\/#website\"},\"primaryImageOfPage\":{\"@id\":\"https:\/\/www.exploring-umbria.com\/es\/descubre-foligno\/que-ver-en-foligno-un-itinerario-comodo-y-curioso\/catedral-de-san-feliciano\/#primaryimage\"},\"datePublished\":\"2019-03-01T10:07:46+00:00\",\"dateModified\":\"2020-04-08T12:02:27+00:00\",\"description\":\"La bella Catedral de San Feliciano, el duomo de Foligno, se encuentra cerca de la Plaza de la Rep\u00fablica, coraz\u00f3n del trazado urbano\u00a0 y el eje de la vida\",\"breadcrumb\":{\"@id\":\"https:\/\/www.exploring-umbria.com\/es\/descubre-foligno\/que-ver-en-foligno-un-itinerario-comodo-y-curioso\/catedral-de-san-feliciano\/#breadcrumb\"},\"inLanguage\":\"es\",\"potentialAction\":[{\"@type\":\"ReadAction\",\"target\":[\"https:\/\/www.exploring-umbria.com\/es\/descubre-foligno\/que-ver-en-foligno-un-itinerario-comodo-y-curioso\/catedral-de-san-feliciano\/\"]}]},{\"@type\":\"BreadcrumbList\",\"@id\":\"https:\/\/www.exploring-umbria.com\/es\/descubre-foligno\/que-ver-en-foligno-un-itinerario-comodo-y-curioso\/catedral-de-san-feliciano\/#breadcrumb\",\"itemListElement\":[{\"@type\":\"ListItem\",\"position\":1,\"name\":\"Home\",\"item\":\"https:\/\/www.exploring-umbria.com\/es\/\"},{\"@type\":\"ListItem\",\"position\":2,\"name\":\"Descubre Foligno\",\"item\":\"https:\/\/www.exploring-umbria.com\/es\/descubre-foligno\/\"},{\"@type\":\"ListItem\",\"position\":3,\"name\":\"Qu\u00e9 Ver en Foligno: un itinerario c\u00f3modo y curioso\",\"item\":\"https:\/\/www.exploring-umbria.com\/es\/descubre-foligno\/que-ver-en-foligno-un-itinerario-comodo-y-curioso\/\"},{\"@type\":\"ListItem\",\"position\":4,\"name\":\"Catedral de San Feliciano\"}]}]}<\/script>\n<!-- \/ Yoast SEO plugin. -->","yoast_head_json":{"title":"Catedral de San Feliciano - Exploring Umbria","description":"La bella Catedral de San Feliciano, el duomo de Foligno, se encuentra cerca de la Plaza de la Rep\u00fablica, coraz\u00f3n del trazado urbano\u00a0 y el eje de la vida","robots":{"index":"index","follow":"follow","max-snippet":"max-snippet:-1","max-image-preview":"max-image-preview:large","max-video-preview":"max-video-preview:-1"},"canonical":"https:\/\/www.exploring-umbria.com\/es\/descubre-foligno\/que-ver-en-foligno-un-itinerario-comodo-y-curioso\/catedral-de-san-feliciano\/","og_locale":"es_ES","og_type":"article","og_title":"Catedral de San Feliciano - Exploring Umbria","og_description":"La bella Catedral de San Feliciano, el duomo de Foligno, se encuentra cerca de la Plaza de la Rep\u00fablica, coraz\u00f3n del trazado urbano\u00a0 y el eje de la vida","og_url":"https:\/\/www.exploring-umbria.com\/es\/descubre-foligno\/que-ver-en-foligno-un-itinerario-comodo-y-curioso\/catedral-de-san-feliciano\/","og_site_name":"Exploring Umbria","article_publisher":"https:\/\/www.facebook.com\/exploringumbria\/","article_modified_time":"2020-04-08T12:02:27+00:00","og_image":[{"width":1600,"height":1066,"url":"https:\/\/www.exploring-umbria.com\/wp-content\/uploads\/2019\/03\/FOLIGNO-PIAZZA-DELLA-REPUBBLICA-1600x1066.jpeg","type":"image\/jpeg"}],"twitter_card":"summary_large_image","twitter_misc":{"Tiempo de lectura":"2 minutos"},"schema":{"@context":"https:\/\/schema.org","@graph":[{"@type":"Organization","@id":"https:\/\/www.exploring-umbria.com\/es\/#organization","name":"Exploring Umbria","url":"https:\/\/www.exploring-umbria.com\/es\/","sameAs":["https:\/\/www.facebook.com\/exploringumbria\/","https:\/\/www.instagram.com\/exploringumbria\/"],"logo":{"@type":"ImageObject","@id":"https:\/\/www.exploring-umbria.com\/es\/#logo","inLanguage":"es","url":"https:\/\/www.exploring-umbria.com\/wp-content\/uploads\/2019\/08\/solo-logo-verde.jpg","contentUrl":"https:\/\/www.exploring-umbria.com\/wp-content\/uploads\/2019\/08\/solo-logo-verde.jpg","width":952,"height":532,"caption":"Exploring Umbria"},"image":{"@id":"https:\/\/www.exploring-umbria.com\/es\/#logo"}},{"@type":"WebSite","@id":"https:\/\/www.exploring-umbria.com\/es\/#website","url":"https:\/\/www.exploring-umbria.com\/es\/","name":"Exploring Umbria","description":"your dates, your mood, your trip","publisher":{"@id":"https:\/\/www.exploring-umbria.com\/es\/#organization"},"potentialAction":[{"@type":"SearchAction","target":{"@type":"EntryPoint","urlTemplate":"https:\/\/www.exploring-umbria.com\/es\/?s={search_term_string}"},"query-input":"required name=search_term_string"}],"inLanguage":"es"},{"@type":"ImageObject","@id":"https:\/\/www.exploring-umbria.com\/es\/descubre-foligno\/que-ver-en-foligno-un-itinerario-comodo-y-curioso\/catedral-de-san-feliciano\/#primaryimage","inLanguage":"es","url":"https:\/\/www.exploring-umbria.com\/wp-content\/uploads\/2019\/03\/FOLIGNO-PIAZZA-DELLA-REPUBBLICA-1600x1066.jpeg","contentUrl":"https:\/\/www.exploring-umbria.com\/wp-content\/uploads\/2019\/03\/FOLIGNO-PIAZZA-DELLA-REPUBBLICA-1600x1066.jpeg","width":1600,"height":1066,"caption":"Cattedrale di San feliano"},{"@type":"WebPage","@id":"https:\/\/www.exploring-umbria.com\/es\/descubre-foligno\/que-ver-en-foligno-un-itinerario-comodo-y-curioso\/catedral-de-san-feliciano\/#webpage","url":"https:\/\/www.exploring-umbria.com\/es\/descubre-foligno\/que-ver-en-foligno-un-itinerario-comodo-y-curioso\/catedral-de-san-feliciano\/","name":"Catedral de San Feliciano - Exploring Umbria","isPartOf":{"@id":"https:\/\/www.exploring-umbria.com\/es\/#website"},"primaryImageOfPage":{"@id":"https:\/\/www.exploring-umbria.com\/es\/descubre-foligno\/que-ver-en-foligno-un-itinerario-comodo-y-curioso\/catedral-de-san-feliciano\/#primaryimage"},"datePublished":"2019-03-01T10:07:46+00:00","dateModified":"2020-04-08T12:02:27+00:00","description":"La bella Catedral de San Feliciano, el duomo de Foligno, se encuentra cerca de la Plaza de la Rep\u00fablica, coraz\u00f3n del trazado urbano\u00a0 y el eje de la vida","breadcrumb":{"@id":"https:\/\/www.exploring-umbria.com\/es\/descubre-foligno\/que-ver-en-foligno-un-itinerario-comodo-y-curioso\/catedral-de-san-feliciano\/#breadcrumb"},"inLanguage":"es","potentialAction":[{"@type":"ReadAction","target":["https:\/\/www.exploring-umbria.com\/es\/descubre-foligno\/que-ver-en-foligno-un-itinerario-comodo-y-curioso\/catedral-de-san-feliciano\/"]}]},{"@type":"BreadcrumbList","@id":"https:\/\/www.exploring-umbria.com\/es\/descubre-foligno\/que-ver-en-foligno-un-itinerario-comodo-y-curioso\/catedral-de-san-feliciano\/#breadcrumb","itemListElement":[{"@type":"ListItem","position":1,"name":"Home","item":"https:\/\/www.exploring-umbria.com\/es\/"},{"@type":"ListItem","position":2,"name":"Descubre Foligno","item":"https:\/\/www.exploring-umbria.com\/es\/descubre-foligno\/"},{"@type":"ListItem","position":3,"name":"Qu\u00e9 Ver en Foligno: un itinerario c\u00f3modo y curioso","item":"https:\/\/www.exploring-umbria.com\/es\/descubre-foligno\/que-ver-en-foligno-un-itinerario-comodo-y-curioso\/"},{"@type":"ListItem","position":4,"name":"Catedral de San Feliciano"}]}]}},"_links":{"self":[{"href":"https:\/\/www.exploring-umbria.com\/es\/wp-json\/wp\/v2\/pages\/3069"}],"collection":[{"href":"https:\/\/www.exploring-umbria.com\/es\/wp-json\/wp\/v2\/pages"}],"about":[{"href":"https:\/\/www.exploring-umbria.com\/es\/wp-json\/wp\/v2\/types\/page"}],"author":[{"embeddable":true,"href":"https:\/\/www.exploring-umbria.com\/es\/wp-json\/wp\/v2\/users\/3"}],"replies":[{"embeddable":true,"href":"https:\/\/www.exploring-umbria.com\/es\/wp-json\/wp\/v2\/comments?post=3069"}],"version-history":[{"count":5,"href":"https:\/\/www.exploring-umbria.com\/es\/wp-json\/wp\/v2\/pages\/3069\/revisions"}],"predecessor-version":[{"id":33702,"href":"https:\/\/www.exploring-umbria.com\/es\/wp-json\/wp\/v2\/pages\/3069\/revisions\/33702"}],"up":[{"embeddable":true,"href":"https:\/\/www.exploring-umbria.com\/es\/wp-json\/wp\/v2\/pages\/3086"}],"wp:featuredmedia":[{"embeddable":true,"href":"https:\/\/www.exploring-umbria.com\/es\/wp-json\/wp\/v2\/media\/1940"}],"wp:attachment":[{"href":"https:\/\/www.exploring-umbria.com\/es\/wp-json\/wp\/v2\/media?parent=3069"}],"curies":[{"name":"wp","href":"https:\/\/api.w.org\/{rel}","templated":true}]}}