{"id":3041,"date":"2019-03-01T11:17:05","date_gmt":"2019-03-01T10:17:05","guid":{"rendered":"https:\/\/www.exploring-umbria.com\/chiesa-di-san-francesco\/"},"modified":"2020-04-09T13:04:10","modified_gmt":"2020-04-09T11:04:10","slug":"iglesia-de-san-francisco-en-foligno","status":"publish","type":"page","link":"https:\/\/www.exploring-umbria.com\/es\/descubre-foligno\/que-ver-en-foligno-un-itinerario-comodo-y-curioso\/iglesia-de-san-francisco-en-foligno\/","title":{"rendered":"Iglesia de San Francisco en Foligno"},"content":{"rendered":"<p>La iglesia, existente en <a href=\"https:\/\/www.exploring-umbria.com\/es\/actividades\/guided-tour-of-foligno\/\" target=\"_blank\" rel=\"noopener noreferrer\">Foligno<\/a> desde el siglo XIII, estaba inicialmente dedicada a San Mateo y s\u00f3lo a partir de 1256 fue <strong>dedicada a San Francisco de As\u00eds<\/strong>, quien, seg\u00fan la tradici\u00f3n, estaba acostumbrado a asistir a ella. A partir de 1796 la antigua estructura fue completamente modificada seg\u00fan un proyecto del arquitecto <a href=\"https:\/\/en.wikipedia.org\/wiki\/Andrea_Vici\" target=\"_blank\" rel=\"noopener noreferrer\"><em>Andrea<\/em> <em>Vici<\/em><\/a>. Las obras, que duraron varios a\u00f1os, fueron seguidas por <em>Giovanni<\/em> <em>Bettini<\/em> y <em>Vincenzo<\/em> <em>Vitali<\/em>. En 1856 el edificio fue reabierto al p\u00fablico, pero todav\u00eda carec\u00eda de la fachada, que fue construida por el ingeniero <em>Giovanni<\/em> <em>Bertucci<\/em> en 1886.<\/p>\n<p>Los tres portales de entrada, arquitrabados y definidos por simples marcos, van acompa\u00f1ados de una decoraci\u00f3n de estuco de cinco pilastras con capiteles.<\/p>\n<p>El interior est\u00e1 decorado en estilo neocl\u00e1sico, con una sola nave a cada lado y cuatro capillas abiertas en el \u00e1bside.<\/p>\n<p>El \u00e1bside de la Iglesia de San Francisco en Foligno est\u00e1 decorado con frescos que datan del siglo XVIII, mientras que la sacrist\u00eda y la capilla de San Mateo conservan la fragmentaria decoraci\u00f3n al fresco del siglo XIV.<\/p>\n","protected":false},"excerpt":{"rendered":"<p>La iglesia, existente en Foligno desde el siglo XIII, estaba inicialmente dedicada a San Mateo y s\u00f3lo a partir de 1256 fue dedicada a San Francisco de As\u00eds, quien, seg\u00fan la tradici\u00f3n, estaba acostumbrado a asistir a ella. A partir de 1796 la antigua estructura fue completamente modificada seg\u00fan un proyecto del arquitecto Andrea Vici. [&hellip;]<\/p>\n","protected":false},"author":3,"featured_media":0,"parent":3086,"menu_order":16,"comment_status":"closed","ping_status":"closed","template":"","meta":{"om_disable_all_campaigns":false,"_monsterinsights_skip_tracking":false,"_monsterinsights_sitenote_active":false,"_monsterinsights_sitenote_note":"","_monsterinsights_sitenote_category":0},"acf":[],"yoast_head":"<!-- This site is optimized with the Yoast SEO plugin v18.4.1 - https:\/\/yoast.com\/wordpress\/plugins\/seo\/ -->\n<title>Iglesia de San Francisco en Foligno - Exploring Umbria<\/title>\n<meta name=\"description\" content=\"La iglesia, existente en Foligno desde el siglo XIII, estaba inicialmente dedicada a San Mateo y s\u00f3lo a partir de 1256 fue dedicada a San Francisco de\" \/>\n<meta name=\"robots\" content=\"index, follow, max-snippet:-1, max-image-preview:large, max-video-preview:-1\" \/>\n<link rel=\"canonical\" href=\"https:\/\/www.exploring-umbria.com\/es\/descubre-foligno\/que-ver-en-foligno-un-itinerario-comodo-y-curioso\/iglesia-de-san-francisco-en-foligno\/\" \/>\n<meta property=\"og:locale\" content=\"es_ES\" \/>\n<meta property=\"og:type\" content=\"article\" \/>\n<meta property=\"og:title\" content=\"Iglesia de San Francisco en Foligno - Exploring Umbria\" \/>\n<meta property=\"og:description\" content=\"La iglesia, existente en Foligno desde el siglo XIII, estaba inicialmente dedicada a San Mateo y s\u00f3lo a partir de 1256 fue dedicada a San Francisco de\" \/>\n<meta property=\"og:url\" content=\"https:\/\/www.exploring-umbria.com\/es\/descubre-foligno\/que-ver-en-foligno-un-itinerario-comodo-y-curioso\/iglesia-de-san-francisco-en-foligno\/\" \/>\n<meta property=\"og:site_name\" content=\"Exploring Umbria\" \/>\n<meta property=\"article:publisher\" content=\"https:\/\/www.facebook.com\/exploringumbria\/\" \/>\n<meta property=\"article:modified_time\" content=\"2020-04-09T11:04:10+00:00\" \/>\n<meta name=\"twitter:card\" content=\"summary_large_image\" \/>\n<meta name=\"twitter:label1\" content=\"Tiempo de lectura\" \/>\n\t<meta name=\"twitter:data1\" content=\"1 minuto\" \/>\n<script type=\"application\/ld+json\" class=\"yoast-schema-graph\">{\"@context\":\"https:\/\/schema.org\",\"@graph\":[{\"@type\":\"Organization\",\"@id\":\"https:\/\/www.exploring-umbria.com\/es\/#organization\",\"name\":\"Exploring Umbria\",\"url\":\"https:\/\/www.exploring-umbria.com\/es\/\",\"sameAs\":[\"https:\/\/www.facebook.com\/exploringumbria\/\",\"https:\/\/www.instagram.com\/exploringumbria\/\"],\"logo\":{\"@type\":\"ImageObject\",\"@id\":\"https:\/\/www.exploring-umbria.com\/es\/#logo\",\"inLanguage\":\"es\",\"url\":\"https:\/\/www.exploring-umbria.com\/wp-content\/uploads\/2019\/08\/solo-logo-verde.jpg\",\"contentUrl\":\"https:\/\/www.exploring-umbria.com\/wp-content\/uploads\/2019\/08\/solo-logo-verde.jpg\",\"width\":952,\"height\":532,\"caption\":\"Exploring Umbria\"},\"image\":{\"@id\":\"https:\/\/www.exploring-umbria.com\/es\/#logo\"}},{\"@type\":\"WebSite\",\"@id\":\"https:\/\/www.exploring-umbria.com\/es\/#website\",\"url\":\"https:\/\/www.exploring-umbria.com\/es\/\",\"name\":\"Exploring Umbria\",\"description\":\"your dates, your mood, your trip\",\"publisher\":{\"@id\":\"https:\/\/www.exploring-umbria.com\/es\/#organization\"},\"potentialAction\":[{\"@type\":\"SearchAction\",\"target\":{\"@type\":\"EntryPoint\",\"urlTemplate\":\"https:\/\/www.exploring-umbria.com\/es\/?s={search_term_string}\"},\"query-input\":\"required name=search_term_string\"}],\"inLanguage\":\"es\"},{\"@type\":\"WebPage\",\"@id\":\"https:\/\/www.exploring-umbria.com\/es\/descubre-foligno\/que-ver-en-foligno-un-itinerario-comodo-y-curioso\/iglesia-de-san-francisco-en-foligno\/#webpage\",\"url\":\"https:\/\/www.exploring-umbria.com\/es\/descubre-foligno\/que-ver-en-foligno-un-itinerario-comodo-y-curioso\/iglesia-de-san-francisco-en-foligno\/\",\"name\":\"Iglesia de San Francisco en Foligno - Exploring Umbria\",\"isPartOf\":{\"@id\":\"https:\/\/www.exploring-umbria.com\/es\/#website\"},\"datePublished\":\"2019-03-01T10:17:05+00:00\",\"dateModified\":\"2020-04-09T11:04:10+00:00\",\"description\":\"La iglesia, existente en Foligno desde el siglo XIII, estaba inicialmente dedicada a San Mateo y s\u00f3lo a partir de 1256 fue dedicada a San Francisco de\",\"breadcrumb\":{\"@id\":\"https:\/\/www.exploring-umbria.com\/es\/descubre-foligno\/que-ver-en-foligno-un-itinerario-comodo-y-curioso\/iglesia-de-san-francisco-en-foligno\/#breadcrumb\"},\"inLanguage\":\"es\",\"potentialAction\":[{\"@type\":\"ReadAction\",\"target\":[\"https:\/\/www.exploring-umbria.com\/es\/descubre-foligno\/que-ver-en-foligno-un-itinerario-comodo-y-curioso\/iglesia-de-san-francisco-en-foligno\/\"]}]},{\"@type\":\"BreadcrumbList\",\"@id\":\"https:\/\/www.exploring-umbria.com\/es\/descubre-foligno\/que-ver-en-foligno-un-itinerario-comodo-y-curioso\/iglesia-de-san-francisco-en-foligno\/#breadcrumb\",\"itemListElement\":[{\"@type\":\"ListItem\",\"position\":1,\"name\":\"Home\",\"item\":\"https:\/\/www.exploring-umbria.com\/es\/\"},{\"@type\":\"ListItem\",\"position\":2,\"name\":\"Descubre Foligno\",\"item\":\"https:\/\/www.exploring-umbria.com\/es\/descubre-foligno\/\"},{\"@type\":\"ListItem\",\"position\":3,\"name\":\"Qu\u00e9 Ver en Foligno: un itinerario c\u00f3modo y curioso\",\"item\":\"https:\/\/www.exploring-umbria.com\/es\/descubre-foligno\/que-ver-en-foligno-un-itinerario-comodo-y-curioso\/\"},{\"@type\":\"ListItem\",\"position\":4,\"name\":\"Iglesia de San Francisco en Foligno\"}]}]}<\/script>\n<!-- \/ Yoast SEO plugin. -->","yoast_head_json":{"title":"Iglesia de San Francisco en Foligno - Exploring Umbria","description":"La iglesia, existente en Foligno desde el siglo XIII, estaba inicialmente dedicada a San Mateo y s\u00f3lo a partir de 1256 fue dedicada a San Francisco de","robots":{"index":"index","follow":"follow","max-snippet":"max-snippet:-1","max-image-preview":"max-image-preview:large","max-video-preview":"max-video-preview:-1"},"canonical":"https:\/\/www.exploring-umbria.com\/es\/descubre-foligno\/que-ver-en-foligno-un-itinerario-comodo-y-curioso\/iglesia-de-san-francisco-en-foligno\/","og_locale":"es_ES","og_type":"article","og_title":"Iglesia de San Francisco en Foligno - Exploring Umbria","og_description":"La iglesia, existente en Foligno desde el siglo XIII, estaba inicialmente dedicada a San Mateo y s\u00f3lo a partir de 1256 fue dedicada a San Francisco de","og_url":"https:\/\/www.exploring-umbria.com\/es\/descubre-foligno\/que-ver-en-foligno-un-itinerario-comodo-y-curioso\/iglesia-de-san-francisco-en-foligno\/","og_site_name":"Exploring Umbria","article_publisher":"https:\/\/www.facebook.com\/exploringumbria\/","article_modified_time":"2020-04-09T11:04:10+00:00","twitter_card":"summary_large_image","twitter_misc":{"Tiempo de lectura":"1 minuto"},"schema":{"@context":"https:\/\/schema.org","@graph":[{"@type":"Organization","@id":"https:\/\/www.exploring-umbria.com\/es\/#organization","name":"Exploring Umbria","url":"https:\/\/www.exploring-umbria.com\/es\/","sameAs":["https:\/\/www.facebook.com\/exploringumbria\/","https:\/\/www.instagram.com\/exploringumbria\/"],"logo":{"@type":"ImageObject","@id":"https:\/\/www.exploring-umbria.com\/es\/#logo","inLanguage":"es","url":"https:\/\/www.exploring-umbria.com\/wp-content\/uploads\/2019\/08\/solo-logo-verde.jpg","contentUrl":"https:\/\/www.exploring-umbria.com\/wp-content\/uploads\/2019\/08\/solo-logo-verde.jpg","width":952,"height":532,"caption":"Exploring Umbria"},"image":{"@id":"https:\/\/www.exploring-umbria.com\/es\/#logo"}},{"@type":"WebSite","@id":"https:\/\/www.exploring-umbria.com\/es\/#website","url":"https:\/\/www.exploring-umbria.com\/es\/","name":"Exploring Umbria","description":"your dates, your mood, your trip","publisher":{"@id":"https:\/\/www.exploring-umbria.com\/es\/#organization"},"potentialAction":[{"@type":"SearchAction","target":{"@type":"EntryPoint","urlTemplate":"https:\/\/www.exploring-umbria.com\/es\/?s={search_term_string}"},"query-input":"required name=search_term_string"}],"inLanguage":"es"},{"@type":"WebPage","@id":"https:\/\/www.exploring-umbria.com\/es\/descubre-foligno\/que-ver-en-foligno-un-itinerario-comodo-y-curioso\/iglesia-de-san-francisco-en-foligno\/#webpage","url":"https:\/\/www.exploring-umbria.com\/es\/descubre-foligno\/que-ver-en-foligno-un-itinerario-comodo-y-curioso\/iglesia-de-san-francisco-en-foligno\/","name":"Iglesia de San Francisco en Foligno - Exploring Umbria","isPartOf":{"@id":"https:\/\/www.exploring-umbria.com\/es\/#website"},"datePublished":"2019-03-01T10:17:05+00:00","dateModified":"2020-04-09T11:04:10+00:00","description":"La iglesia, existente en Foligno desde el siglo XIII, estaba inicialmente dedicada a San Mateo y s\u00f3lo a partir de 1256 fue dedicada a San Francisco de","breadcrumb":{"@id":"https:\/\/www.exploring-umbria.com\/es\/descubre-foligno\/que-ver-en-foligno-un-itinerario-comodo-y-curioso\/iglesia-de-san-francisco-en-foligno\/#breadcrumb"},"inLanguage":"es","potentialAction":[{"@type":"ReadAction","target":["https:\/\/www.exploring-umbria.com\/es\/descubre-foligno\/que-ver-en-foligno-un-itinerario-comodo-y-curioso\/iglesia-de-san-francisco-en-foligno\/"]}]},{"@type":"BreadcrumbList","@id":"https:\/\/www.exploring-umbria.com\/es\/descubre-foligno\/que-ver-en-foligno-un-itinerario-comodo-y-curioso\/iglesia-de-san-francisco-en-foligno\/#breadcrumb","itemListElement":[{"@type":"ListItem","position":1,"name":"Home","item":"https:\/\/www.exploring-umbria.com\/es\/"},{"@type":"ListItem","position":2,"name":"Descubre Foligno","item":"https:\/\/www.exploring-umbria.com\/es\/descubre-foligno\/"},{"@type":"ListItem","position":3,"name":"Qu\u00e9 Ver en Foligno: un itinerario c\u00f3modo y curioso","item":"https:\/\/www.exploring-umbria.com\/es\/descubre-foligno\/que-ver-en-foligno-un-itinerario-comodo-y-curioso\/"},{"@type":"ListItem","position":4,"name":"Iglesia de San Francisco en Foligno"}]}]}},"_links":{"self":[{"href":"https:\/\/www.exploring-umbria.com\/es\/wp-json\/wp\/v2\/pages\/3041"}],"collection":[{"href":"https:\/\/www.exploring-umbria.com\/es\/wp-json\/wp\/v2\/pages"}],"about":[{"href":"https:\/\/www.exploring-umbria.com\/es\/wp-json\/wp\/v2\/types\/page"}],"author":[{"embeddable":true,"href":"https:\/\/www.exploring-umbria.com\/es\/wp-json\/wp\/v2\/users\/3"}],"replies":[{"embeddable":true,"href":"https:\/\/www.exploring-umbria.com\/es\/wp-json\/wp\/v2\/comments?post=3041"}],"version-history":[{"count":4,"href":"https:\/\/www.exploring-umbria.com\/es\/wp-json\/wp\/v2\/pages\/3041\/revisions"}],"predecessor-version":[{"id":33733,"href":"https:\/\/www.exploring-umbria.com\/es\/wp-json\/wp\/v2\/pages\/3041\/revisions\/33733"}],"up":[{"embeddable":true,"href":"https:\/\/www.exploring-umbria.com\/es\/wp-json\/wp\/v2\/pages\/3086"}],"wp:attachment":[{"href":"https:\/\/www.exploring-umbria.com\/es\/wp-json\/wp\/v2\/media?parent=3041"}],"curies":[{"name":"wp","href":"https:\/\/api.w.org\/{rel}","templated":true}]}}