{"id":3012,"date":"2019-03-07T18:30:32","date_gmt":"2019-03-07T17:30:32","guid":{"rendered":"https:\/\/www.exploring-umbria.com\/cosa-fare-a-orvieto\/"},"modified":"2020-03-11T19:45:20","modified_gmt":"2020-03-11T18:45:20","slug":"que-hacer-en-orvieto","status":"publish","type":"page","link":"https:\/\/www.exploring-umbria.com\/es\/descubre-orvieto\/que-hacer-en-orvieto\/","title":{"rendered":"Qu\u00e9 hacer en Orvieto"},"content":{"rendered":"<p><strong>Descubre qu\u00e9\u00a0 hacer en Orvieto<\/strong>.<\/p>\n<p><!--more--><\/p>\n<p>Si pensabas que la ciudad ya hab\u00eda mostrado lo mejor de s\u00ed misma con las joyas arquitect\u00f3nicas, art\u00edsticas y arqueol\u00f3gicas de la superficie, te sentir\u00e1s decepcionado o ext\u00e1tico al descubrir que Orvieto se desarrollaen parte bajo el suelo. Una verdadera ciudad, debajo de la ciudad. Lo que todo el mundo llama \u00ab<a href=\"https:\/\/www.exploring-umbria.com\/es\/subcategories\/cosa-fare-e-cosa-vedere-ad-orvieto\/#heading3002\" target=\"_blank\" rel=\"noopener noreferrer\"><strong>Orvieto Subterr\u00e1nea<\/strong><\/a>\u00bb o \u00abOrvieto Underground\u00bb es un mundo extraordinario, articulado y evocador tanto y quiz\u00e1s m\u00e1s que el admirado a la luz del sol, donde puedes perderte en el laberinto de m\u00e1s de 1200 cavidades entre t\u00faneles, canales, canteras antiguas, cisternas y pozos de diferentes \u00e9pocas. En las entra\u00f1as de la tierra se encuentra el <strong>Museo de las May\u00f3licas Medievales y Renacentistas de Orvieto<\/strong>, y ser\u00e1 s\u00f3lo una de las colecciones de la ciudad que conserva los innumerables restos de una civilizaci\u00f3n rica en historia y cultura. Para una visi\u00f3n m\u00e1s amplia, tambi\u00e9n debe visitar el <strong>Museo Arqueol\u00f3gico Nacional<\/strong> y el <strong>Museo Faina<\/strong>, ambos en la Plaza de la Catedral.<\/p>\n<p>Y si no te gustan los museos, Orvieto a\u00fan tendr\u00e1 algo que te sorprender\u00e1 al mostrarte la riqueza de los alrededores al pie del acantilado. Los amantes del senderismo y la naturaleza, partiendo de la Plaza Cahen en la ciudad, pueden caminar unos cinco kil\u00f3metros, todo el per\u00edmetro de la base de <a href=\"https:\/\/es.wikipedia.org\/wiki\/Toba_volc%C3%A1nica\" target=\"_blank\" rel=\"noopener noreferrer\">toba<\/a> sobre la que se asienta la ciudad, el llamado <strong>Anillo del Acantilado<\/strong>, alternando con paisajes esc\u00e9nicos de cuentos de hadas que sugieren huellas de antiguas civilizaciones: la necr\u00f3polis etrusca del <strong>Crucifijo de la Toba <\/strong>y de <strong>Cannicella, <\/strong>as\u00ed como la famosa <strong>Fanum Voltumnae<\/strong>. Estas maravillas del pasado, tan cerca del centro hist\u00f3rico, todav\u00eda tienen mucho que contar a los turistas y visitantes curiosos. En este punto, quiz\u00e1s cansados y satisfechos, pod\u00e9is subir al coche y viajar unos kil\u00f3metros al sur para llegar a otro lugar digno de menci\u00f3n, <strong>la Abad\u00eda <\/strong>(Abad\u00eda de los Santos Severo y Martirio), una imponente estructura del siglo XI que, aunque se transform\u00f3 en un moderno alojamiento, conserva toda la magia de la devoci\u00f3n medieval con la torre dodecagonal y otras zonas que se pueden visitar y que hacen olvidar el tiempo y el espacio.<\/p>\n<p>\u00bfA qu\u00e9 est\u00e1s esperando?<\/p>\n","protected":false},"excerpt":{"rendered":"<p>Descubre qu\u00e9\u00a0 hacer en Orvieto.<\/p>\n","protected":false},"author":4,"featured_media":6494,"parent":3014,"menu_order":0,"comment_status":"closed","ping_status":"closed","template":"","meta":{"om_disable_all_campaigns":false,"_monsterinsights_skip_tracking":false,"_monsterinsights_sitenote_active":false,"_monsterinsights_sitenote_note":"","_monsterinsights_sitenote_category":0},"acf":[],"yoast_head":"<!-- This site is optimized with the Yoast SEO plugin v18.4.1 - https:\/\/yoast.com\/wordpress\/plugins\/seo\/ -->\n<title>Qu\u00e9 hacer en Orvieto - Exploring Umbria<\/title>\n<meta name=\"description\" content=\"Descubre qu\u00e9\u00a0 hacer en Orvieto. Si pensabas que la ciudad ya hab\u00eda mostrado lo mejor de s\u00ed misma con las joyas arquitect\u00f3nicas, art\u00edsticas y arqueol\u00f3gicas\" \/>\n<meta name=\"robots\" content=\"index, follow, max-snippet:-1, max-image-preview:large, max-video-preview:-1\" \/>\n<link rel=\"canonical\" href=\"https:\/\/www.exploring-umbria.com\/es\/descubre-orvieto\/que-hacer-en-orvieto\/\" \/>\n<meta property=\"og:locale\" content=\"es_ES\" \/>\n<meta property=\"og:type\" content=\"article\" \/>\n<meta property=\"og:title\" content=\"Qu\u00e9 hacer en Orvieto - Exploring Umbria\" \/>\n<meta property=\"og:description\" content=\"Descubre qu\u00e9\u00a0 hacer en Orvieto. Si pensabas que la ciudad ya hab\u00eda mostrado lo mejor de s\u00ed misma con las joyas arquitect\u00f3nicas, art\u00edsticas y arqueol\u00f3gicas\" \/>\n<meta property=\"og:url\" content=\"https:\/\/www.exploring-umbria.com\/es\/descubre-orvieto\/que-hacer-en-orvieto\/\" \/>\n<meta property=\"og:site_name\" content=\"Exploring Umbria\" \/>\n<meta property=\"article:publisher\" content=\"https:\/\/www.facebook.com\/exploringumbria\/\" \/>\n<meta property=\"article:modified_time\" content=\"2020-03-11T18:45:20+00:00\" \/>\n<meta property=\"og:image\" content=\"https:\/\/www.exploring-umbria.com\/wp-content\/uploads\/2019\/05\/ORVIETO-VICOLO.jpg\" \/>\n\t<meta property=\"og:image:width\" content=\"729\" \/>\n\t<meta property=\"og:image:height\" content=\"1200\" \/>\n\t<meta property=\"og:image:type\" content=\"image\/jpeg\" \/>\n<meta name=\"twitter:card\" content=\"summary_large_image\" \/>\n<meta name=\"twitter:label1\" content=\"Tiempo de lectura\" \/>\n\t<meta name=\"twitter:data1\" content=\"2 minutos\" \/>\n<script type=\"application\/ld+json\" class=\"yoast-schema-graph\">{\"@context\":\"https:\/\/schema.org\",\"@graph\":[{\"@type\":\"Organization\",\"@id\":\"https:\/\/www.exploring-umbria.com\/es\/#organization\",\"name\":\"Exploring Umbria\",\"url\":\"https:\/\/www.exploring-umbria.com\/es\/\",\"sameAs\":[\"https:\/\/www.facebook.com\/exploringumbria\/\",\"https:\/\/www.instagram.com\/exploringumbria\/\"],\"logo\":{\"@type\":\"ImageObject\",\"@id\":\"https:\/\/www.exploring-umbria.com\/es\/#logo\",\"inLanguage\":\"es\",\"url\":\"https:\/\/www.exploring-umbria.com\/wp-content\/uploads\/2019\/08\/solo-logo-verde.jpg\",\"contentUrl\":\"https:\/\/www.exploring-umbria.com\/wp-content\/uploads\/2019\/08\/solo-logo-verde.jpg\",\"width\":952,\"height\":532,\"caption\":\"Exploring Umbria\"},\"image\":{\"@id\":\"https:\/\/www.exploring-umbria.com\/es\/#logo\"}},{\"@type\":\"WebSite\",\"@id\":\"https:\/\/www.exploring-umbria.com\/es\/#website\",\"url\":\"https:\/\/www.exploring-umbria.com\/es\/\",\"name\":\"Exploring Umbria\",\"description\":\"your dates, your mood, your trip\",\"publisher\":{\"@id\":\"https:\/\/www.exploring-umbria.com\/es\/#organization\"},\"potentialAction\":[{\"@type\":\"SearchAction\",\"target\":{\"@type\":\"EntryPoint\",\"urlTemplate\":\"https:\/\/www.exploring-umbria.com\/es\/?s={search_term_string}\"},\"query-input\":\"required name=search_term_string\"}],\"inLanguage\":\"es\"},{\"@type\":\"ImageObject\",\"@id\":\"https:\/\/www.exploring-umbria.com\/es\/descubre-orvieto\/que-hacer-en-orvieto\/#primaryimage\",\"inLanguage\":\"es\",\"url\":\"https:\/\/www.exploring-umbria.com\/wp-content\/uploads\/2019\/05\/ORVIETO-VICOLO.jpg\",\"contentUrl\":\"https:\/\/www.exploring-umbria.com\/wp-content\/uploads\/2019\/05\/ORVIETO-VICOLO.jpg\",\"width\":729,\"height\":1200,\"caption\":\"\u00a9 Maria Luisa Zoccolini ph.\"},{\"@type\":\"WebPage\",\"@id\":\"https:\/\/www.exploring-umbria.com\/es\/descubre-orvieto\/que-hacer-en-orvieto\/#webpage\",\"url\":\"https:\/\/www.exploring-umbria.com\/es\/descubre-orvieto\/que-hacer-en-orvieto\/\",\"name\":\"Qu\u00e9 hacer en Orvieto - Exploring Umbria\",\"isPartOf\":{\"@id\":\"https:\/\/www.exploring-umbria.com\/es\/#website\"},\"primaryImageOfPage\":{\"@id\":\"https:\/\/www.exploring-umbria.com\/es\/descubre-orvieto\/que-hacer-en-orvieto\/#primaryimage\"},\"datePublished\":\"2019-03-07T17:30:32+00:00\",\"dateModified\":\"2020-03-11T18:45:20+00:00\",\"description\":\"Descubre qu\u00e9\u00a0 hacer en Orvieto. Si pensabas que la ciudad ya hab\u00eda mostrado lo mejor de s\u00ed misma con las joyas arquitect\u00f3nicas, art\u00edsticas y arqueol\u00f3gicas\",\"breadcrumb\":{\"@id\":\"https:\/\/www.exploring-umbria.com\/es\/descubre-orvieto\/que-hacer-en-orvieto\/#breadcrumb\"},\"inLanguage\":\"es\",\"potentialAction\":[{\"@type\":\"ReadAction\",\"target\":[\"https:\/\/www.exploring-umbria.com\/es\/descubre-orvieto\/que-hacer-en-orvieto\/\"]}]},{\"@type\":\"BreadcrumbList\",\"@id\":\"https:\/\/www.exploring-umbria.com\/es\/descubre-orvieto\/que-hacer-en-orvieto\/#breadcrumb\",\"itemListElement\":[{\"@type\":\"ListItem\",\"position\":1,\"name\":\"Home\",\"item\":\"https:\/\/www.exploring-umbria.com\/es\/\"},{\"@type\":\"ListItem\",\"position\":2,\"name\":\"Descubre Orvieto\",\"item\":\"https:\/\/www.exploring-umbria.com\/es\/descubre-orvieto\/\"},{\"@type\":\"ListItem\",\"position\":3,\"name\":\"Qu\u00e9 hacer en Orvieto\"}]}]}<\/script>\n<!-- \/ Yoast SEO plugin. -->","yoast_head_json":{"title":"Qu\u00e9 hacer en Orvieto - Exploring Umbria","description":"Descubre qu\u00e9\u00a0 hacer en Orvieto. Si pensabas que la ciudad ya hab\u00eda mostrado lo mejor de s\u00ed misma con las joyas arquitect\u00f3nicas, art\u00edsticas y arqueol\u00f3gicas","robots":{"index":"index","follow":"follow","max-snippet":"max-snippet:-1","max-image-preview":"max-image-preview:large","max-video-preview":"max-video-preview:-1"},"canonical":"https:\/\/www.exploring-umbria.com\/es\/descubre-orvieto\/que-hacer-en-orvieto\/","og_locale":"es_ES","og_type":"article","og_title":"Qu\u00e9 hacer en Orvieto - Exploring Umbria","og_description":"Descubre qu\u00e9\u00a0 hacer en Orvieto. Si pensabas que la ciudad ya hab\u00eda mostrado lo mejor de s\u00ed misma con las joyas arquitect\u00f3nicas, art\u00edsticas y arqueol\u00f3gicas","og_url":"https:\/\/www.exploring-umbria.com\/es\/descubre-orvieto\/que-hacer-en-orvieto\/","og_site_name":"Exploring Umbria","article_publisher":"https:\/\/www.facebook.com\/exploringumbria\/","article_modified_time":"2020-03-11T18:45:20+00:00","og_image":[{"width":729,"height":1200,"url":"https:\/\/www.exploring-umbria.com\/wp-content\/uploads\/2019\/05\/ORVIETO-VICOLO.jpg","type":"image\/jpeg"}],"twitter_card":"summary_large_image","twitter_misc":{"Tiempo de lectura":"2 minutos"},"schema":{"@context":"https:\/\/schema.org","@graph":[{"@type":"Organization","@id":"https:\/\/www.exploring-umbria.com\/es\/#organization","name":"Exploring Umbria","url":"https:\/\/www.exploring-umbria.com\/es\/","sameAs":["https:\/\/www.facebook.com\/exploringumbria\/","https:\/\/www.instagram.com\/exploringumbria\/"],"logo":{"@type":"ImageObject","@id":"https:\/\/www.exploring-umbria.com\/es\/#logo","inLanguage":"es","url":"https:\/\/www.exploring-umbria.com\/wp-content\/uploads\/2019\/08\/solo-logo-verde.jpg","contentUrl":"https:\/\/www.exploring-umbria.com\/wp-content\/uploads\/2019\/08\/solo-logo-verde.jpg","width":952,"height":532,"caption":"Exploring Umbria"},"image":{"@id":"https:\/\/www.exploring-umbria.com\/es\/#logo"}},{"@type":"WebSite","@id":"https:\/\/www.exploring-umbria.com\/es\/#website","url":"https:\/\/www.exploring-umbria.com\/es\/","name":"Exploring Umbria","description":"your dates, your mood, your trip","publisher":{"@id":"https:\/\/www.exploring-umbria.com\/es\/#organization"},"potentialAction":[{"@type":"SearchAction","target":{"@type":"EntryPoint","urlTemplate":"https:\/\/www.exploring-umbria.com\/es\/?s={search_term_string}"},"query-input":"required name=search_term_string"}],"inLanguage":"es"},{"@type":"ImageObject","@id":"https:\/\/www.exploring-umbria.com\/es\/descubre-orvieto\/que-hacer-en-orvieto\/#primaryimage","inLanguage":"es","url":"https:\/\/www.exploring-umbria.com\/wp-content\/uploads\/2019\/05\/ORVIETO-VICOLO.jpg","contentUrl":"https:\/\/www.exploring-umbria.com\/wp-content\/uploads\/2019\/05\/ORVIETO-VICOLO.jpg","width":729,"height":1200,"caption":"\u00a9 Maria Luisa Zoccolini ph."},{"@type":"WebPage","@id":"https:\/\/www.exploring-umbria.com\/es\/descubre-orvieto\/que-hacer-en-orvieto\/#webpage","url":"https:\/\/www.exploring-umbria.com\/es\/descubre-orvieto\/que-hacer-en-orvieto\/","name":"Qu\u00e9 hacer en Orvieto - Exploring Umbria","isPartOf":{"@id":"https:\/\/www.exploring-umbria.com\/es\/#website"},"primaryImageOfPage":{"@id":"https:\/\/www.exploring-umbria.com\/es\/descubre-orvieto\/que-hacer-en-orvieto\/#primaryimage"},"datePublished":"2019-03-07T17:30:32+00:00","dateModified":"2020-03-11T18:45:20+00:00","description":"Descubre qu\u00e9\u00a0 hacer en Orvieto. Si pensabas que la ciudad ya hab\u00eda mostrado lo mejor de s\u00ed misma con las joyas arquitect\u00f3nicas, art\u00edsticas y arqueol\u00f3gicas","breadcrumb":{"@id":"https:\/\/www.exploring-umbria.com\/es\/descubre-orvieto\/que-hacer-en-orvieto\/#breadcrumb"},"inLanguage":"es","potentialAction":[{"@type":"ReadAction","target":["https:\/\/www.exploring-umbria.com\/es\/descubre-orvieto\/que-hacer-en-orvieto\/"]}]},{"@type":"BreadcrumbList","@id":"https:\/\/www.exploring-umbria.com\/es\/descubre-orvieto\/que-hacer-en-orvieto\/#breadcrumb","itemListElement":[{"@type":"ListItem","position":1,"name":"Home","item":"https:\/\/www.exploring-umbria.com\/es\/"},{"@type":"ListItem","position":2,"name":"Descubre Orvieto","item":"https:\/\/www.exploring-umbria.com\/es\/descubre-orvieto\/"},{"@type":"ListItem","position":3,"name":"Qu\u00e9 hacer en Orvieto"}]}]}},"_links":{"self":[{"href":"https:\/\/www.exploring-umbria.com\/es\/wp-json\/wp\/v2\/pages\/3012"}],"collection":[{"href":"https:\/\/www.exploring-umbria.com\/es\/wp-json\/wp\/v2\/pages"}],"about":[{"href":"https:\/\/www.exploring-umbria.com\/es\/wp-json\/wp\/v2\/types\/page"}],"author":[{"embeddable":true,"href":"https:\/\/www.exploring-umbria.com\/es\/wp-json\/wp\/v2\/users\/4"}],"replies":[{"embeddable":true,"href":"https:\/\/www.exploring-umbria.com\/es\/wp-json\/wp\/v2\/comments?post=3012"}],"version-history":[{"count":3,"href":"https:\/\/www.exploring-umbria.com\/es\/wp-json\/wp\/v2\/pages\/3012\/revisions"}],"predecessor-version":[{"id":32357,"href":"https:\/\/www.exploring-umbria.com\/es\/wp-json\/wp\/v2\/pages\/3012\/revisions\/32357"}],"up":[{"embeddable":true,"href":"https:\/\/www.exploring-umbria.com\/es\/wp-json\/wp\/v2\/pages\/3014"}],"wp:featuredmedia":[{"embeddable":true,"href":"https:\/\/www.exploring-umbria.com\/es\/wp-json\/wp\/v2\/media\/6494"}],"wp:attachment":[{"href":"https:\/\/www.exploring-umbria.com\/es\/wp-json\/wp\/v2\/media?parent=3012"}],"curies":[{"name":"wp","href":"https:\/\/api.w.org\/{rel}","templated":true}]}}