{"id":3007,"date":"2019-03-07T18:41:31","date_gmt":"2019-03-07T17:41:31","guid":{"rendered":"https:\/\/www.exploring-umbria.com\/duomo-di-orvieto\/"},"modified":"2020-03-12T19:01:39","modified_gmt":"2020-03-12T18:01:39","slug":"catedral-de-orvieto","status":"publish","type":"page","link":"https:\/\/www.exploring-umbria.com\/es\/descubre-orvieto\/que-ver-en-orvieto\/catedral-de-orvieto\/","title":{"rendered":"Catedral de Orvieto"},"content":{"rendered":"<p>La <strong>Catedral de Orvieto<\/strong> es una obra maestra indiscutible de la arquitectura g\u00f3tica medieval tard\u00eda. Esto se debe a la variedad de elementos decorativos, perfectamente integrados entre s\u00ed, resultado del trabajo de muchos artistas diferentes, y a la majestuosidad de las formas estructurales. Este edificio es \u00fanico en el paisaje arquitect\u00f3nico nacional. Es el s\u00edmbolo de la <a href=\"https:\/\/www.exploring-umbria.com\/es\/subcategories\/cosa-fare-e-cosa-vedere-ad-orvieto\/#heading3014\" target=\"_blank\" rel=\"noopener noreferrer\">ciudad<\/a>:\u00a0 se alza y domina toda la meseta sobre la que se levanta. Algunos de los m\u00e1s eminentes maestros de la Edad Media italiana contribuyeron a su realizaci\u00f3n durante m\u00e1s de tres siglos, del XIII al XVII.<\/p>\n<p>Seg\u00fan las fuentes, la primera piedra fue colocada en 1290 por voluntad conjunta de la Iglesia, en la persona del Papa Urbano IV, y de la ciudad. Fue necesario cumplir un doble requisito: por un lado, la sustituci\u00f3n, en la plaza del pueblo, de las dos peque\u00f1as y mal construidas iglesias de S. Mar\u00eda (episcopal) y S. Costanzo (parroquial); por otro lado, la de dar un arreglo digno a la santa reliquia del famoso \u00abMilagro de la Sangre\u00bb de Bolsena. Cuenta la tradici\u00f3n que en 1263, en la iglesia de Santa Cristina, durante la misa, la hostia consagrada comenz\u00f3 a sangrar en manos de un sacerdote que no cre\u00eda plenamente en el dogma de la transubstanciaci\u00f3n. Las gotas de sangre goteaban hasta ensuciar el mantel del altar, el corporal sagrado que, a\u00fan hoy, se conserva en la capilla del mismo nombre de la catedral de Orvieto y que se lleva en procesi\u00f3n para la fiesta del <a href=\"https:\/\/es.wikipedia.org\/wiki\/Corpus_Christi\" target=\"_blank\" rel=\"noopener noreferrer\"><em>Corpus Christi<\/em><\/a>.<\/p>\n<p>El primer proyecto del edificio inclu\u00eda una bas\u00edlica rom\u00e1nica pero fue al final una estructura puramente g\u00f3tica cuando <em>Giovanni di Uguccione<\/em> reemplaz\u00f3 a Fra <em>Bevignate<\/em> en la direcci\u00f3n de las obras. A partir de 1309, el escultor y arquitecto <a href=\"https:\/\/es.wikipedia.org\/wiki\/Lorenzo_Maitani\" target=\"_blank\" rel=\"noopener noreferrer\"><em>Lorenzo Maitani<\/em><\/a> fue el encargado de continuar la obra que realiz\u00f3 de manera excelente, creando el \u00e1bside rectangular, la vidriera quadr\u00edfora detr\u00e1s del altar, las bellas decoraciones en relieve de los cuatro pilares de la parte inferior de la fachada, hasta las cuatro bellas esculturas de bronce que simbolizan a los evangelistas. Tras la muerte del maestro, la Catedral fue confiado al h\u00e1bil arte de <a href=\"https:\/\/es.wikipedia.org\/wiki\/Andrea_Pisano\" target=\"_blank\" rel=\"noopener noreferrer\"><em>Andrea Pisano<\/em><\/a>, que ya trabajaba en la Catedral de Florencia y, desde 1359, a la maestr\u00eda de <em>Andrea di Cione<\/em>, conocido <em>ccomo el Orcagna<\/em>, a quien se atribuyen la maravillosa decoraci\u00f3n de mosaicos y el roset\u00f3n de la fachada.<\/p>\n<p>En los a\u00f1os siguientes, la direcci\u00f3n de las obras pas\u00f3 de nuevo a personalidades ilustres como<a href=\"https:\/\/es.wikipedia.org\/wiki\/Michele_Sanmicheli\" target=\"_blank\" rel=\"noopener noreferrer\"> <em>Michele Sanmicheli<\/em><\/a> y <a href=\"https:\/\/es.wikipedia.org\/wiki\/Antonio_da_Sangallo_el_Joven\" target=\"_blank\" rel=\"noopener noreferrer\"><em>Antonio da Sangallo il Giovane<\/em><\/a>, y termin\u00f3 definitivamente con la \u00faltima intervenci\u00f3n realizada en la \u00e9poca moderna, en 1970, cuando las puertas de madera originales fueron sustituidas por las majestuosas puertas de bronce, con escenas dedicadas a las Obras de Misericordia, realizadas por el escultor siciliano <em>Emilio Greco<\/em>.<\/p>\n<p>La fachada de la Catedral de Orvieto domina la plaza e hipnotiza al espectador con la riqueza de los elementos decorativos que la componen y la grandeza de la estructura sobresale: el brillo de los mosaicos dorados, que describen escenas de la vida de la Asunci\u00f3n de la Virgen a la que est\u00e1 dedicada la Catedral, es el tel\u00f3n de fondo del magn\u00edfico del roset\u00f3n central, compuesto por una doble hilera de columnas con arcos cruzados enmarcados en los cuatro lados por los mosaicos de los Padres de la Iglesia: San Agust\u00edn, San Gregorio Magno, San Jer\u00f3nimo y San Ambrosio, y las figuras escult\u00f3ricas de los Ap\u00f3stoles y Profetas.<\/p>\n<p>Las paredes laterales, mucho m\u00e1s sobrias, se caracterizan por la alternancia de hileras de basalto y travertino que dan al edificio el caracter\u00edstico contraste de los colores blanco y verde oscuro. En el interior, la Catedral es de planta de cruz latina, articulado en tres amplias y elegantesnaves, con cubierta de vigas y las mismas franjas alternas de travertino y basalto que se encuentran en el exterior. Entre las obras de arte cabe destacar la <em>Piedad<\/em> (o Deposici\u00f3n) y el \u00f3rgano de leng\u00fceta de <em>Ippolito Scalza<\/em>. Para concluir, no podemos olvidar las obras mestras que se conservan en las dos capillas laterales del transepto: la <strong>Capilla del Corporal<\/strong> alberga la reliquia sagrada del \u00ab<em>Milagro de Bolsena<\/em>\u00bb en un valioso relicario realizado entre 1337-38 por el <em>orfebre sien\u00e9s Ugolino di Vieri<\/em>; la <strong>Capilla de la Virgen deSan Brizio <\/strong>est\u00e1 decorada con frescos de pintores famosos como <a href=\"https:\/\/es.wikipedia.org\/wiki\/Fra_Ang%C3%A9lico\" target=\"_blank\" rel=\"noopener noreferrer\"><em>Fra Angelico<\/em><\/a>, <a href=\"https:\/\/es.wikipedia.org\/wiki\/Benozzo_Gozzoli\" target=\"_blank\" rel=\"noopener noreferrer\"><em>Benozzo Gozzoli <\/em><\/a>y <a href=\"https:\/\/es.wikipedia.org\/wiki\/Pietro_Perugino\" target=\"_blank\" rel=\"noopener noreferrer\"><em>Perugino<\/em><\/a>, con la indescriptible obra maestra del <strong>Juicio Final<\/strong>, realizada entre 1500 y 1503 por <em><a href=\"https:\/\/es.wikipedia.org\/wiki\/Luca_Signorelli\" target=\"_blank\" rel=\"noopener noreferrer\">Luca Signorelli<\/a> <\/em>en imitaci\u00f3n de los frescos de Miguel \u00c1ngel de la Capilla Sixtina.<\/p>\n","protected":false},"excerpt":{"rendered":"<p>La Catedral de Orvieto es una obra maestra indiscutible de la arquitectura g\u00f3tica medieval tard\u00eda. Esto se debe a la variedad de elementos decorativos, perfectamente integrados entre s\u00ed, resultado del trabajo de muchos artistas diferentes, y a la majestuosidad de las formas estructurales. Este edificio es \u00fanico en el paisaje arquitect\u00f3nico nacional. Es el s\u00edmbolo [&hellip;]<\/p>\n","protected":false},"author":4,"featured_media":1984,"parent":3009,"menu_order":0,"comment_status":"closed","ping_status":"closed","template":"","meta":{"om_disable_all_campaigns":false,"_monsterinsights_skip_tracking":false,"_monsterinsights_sitenote_active":false,"_monsterinsights_sitenote_note":"","_monsterinsights_sitenote_category":0},"acf":[],"yoast_head":"<!-- This site is optimized with the Yoast SEO plugin v18.4.1 - https:\/\/yoast.com\/wordpress\/plugins\/seo\/ -->\n<title>Catedral de Orvieto - Exploring Umbria<\/title>\n<meta name=\"description\" content=\"La Catedral de Orvieto es una obra maestra indiscutible de la arquitectura g\u00f3tica medieval tard\u00eda. Esto se debe a la variedad de elementos decorativos,\" \/>\n<meta name=\"robots\" content=\"index, follow, max-snippet:-1, max-image-preview:large, max-video-preview:-1\" \/>\n<link rel=\"canonical\" href=\"https:\/\/www.exploring-umbria.com\/es\/descubre-orvieto\/que-ver-en-orvieto\/catedral-de-orvieto\/\" \/>\n<meta property=\"og:locale\" content=\"es_ES\" \/>\n<meta property=\"og:type\" content=\"article\" \/>\n<meta property=\"og:title\" content=\"Catedral de Orvieto - Exploring Umbria\" \/>\n<meta property=\"og:description\" content=\"La Catedral de Orvieto es una obra maestra indiscutible de la arquitectura g\u00f3tica medieval tard\u00eda. Esto se debe a la variedad de elementos decorativos,\" \/>\n<meta property=\"og:url\" content=\"https:\/\/www.exploring-umbria.com\/es\/descubre-orvieto\/que-ver-en-orvieto\/catedral-de-orvieto\/\" \/>\n<meta property=\"og:site_name\" content=\"Exploring Umbria\" \/>\n<meta property=\"article:publisher\" content=\"https:\/\/www.facebook.com\/exploringumbria\/\" \/>\n<meta property=\"article:modified_time\" content=\"2020-03-12T18:01:39+00:00\" \/>\n<meta property=\"og:image\" content=\"https:\/\/www.exploring-umbria.com\/wp-content\/uploads\/2019\/03\/DUOMO-DI-ORVIETO-ORIGINALE-2000x2803.jpeg\" \/>\n\t<meta property=\"og:image:width\" content=\"1600\" \/>\n\t<meta property=\"og:image:height\" content=\"1200\" \/>\n\t<meta property=\"og:image:type\" content=\"image\/jpeg\" \/>\n<meta name=\"twitter:card\" content=\"summary_large_image\" \/>\n<meta name=\"twitter:label1\" content=\"Tiempo de lectura\" \/>\n\t<meta name=\"twitter:data1\" content=\"4 minutos\" \/>\n<script type=\"application\/ld+json\" class=\"yoast-schema-graph\">{\"@context\":\"https:\/\/schema.org\",\"@graph\":[{\"@type\":\"Organization\",\"@id\":\"https:\/\/www.exploring-umbria.com\/es\/#organization\",\"name\":\"Exploring Umbria\",\"url\":\"https:\/\/www.exploring-umbria.com\/es\/\",\"sameAs\":[\"https:\/\/www.facebook.com\/exploringumbria\/\",\"https:\/\/www.instagram.com\/exploringumbria\/\"],\"logo\":{\"@type\":\"ImageObject\",\"@id\":\"https:\/\/www.exploring-umbria.com\/es\/#logo\",\"inLanguage\":\"es\",\"url\":\"https:\/\/www.exploring-umbria.com\/wp-content\/uploads\/2019\/08\/solo-logo-verde.jpg\",\"contentUrl\":\"https:\/\/www.exploring-umbria.com\/wp-content\/uploads\/2019\/08\/solo-logo-verde.jpg\",\"width\":952,\"height\":532,\"caption\":\"Exploring Umbria\"},\"image\":{\"@id\":\"https:\/\/www.exploring-umbria.com\/es\/#logo\"}},{\"@type\":\"WebSite\",\"@id\":\"https:\/\/www.exploring-umbria.com\/es\/#website\",\"url\":\"https:\/\/www.exploring-umbria.com\/es\/\",\"name\":\"Exploring Umbria\",\"description\":\"your dates, your mood, your trip\",\"publisher\":{\"@id\":\"https:\/\/www.exploring-umbria.com\/es\/#organization\"},\"potentialAction\":[{\"@type\":\"SearchAction\",\"target\":{\"@type\":\"EntryPoint\",\"urlTemplate\":\"https:\/\/www.exploring-umbria.com\/es\/?s={search_term_string}\"},\"query-input\":\"required name=search_term_string\"}],\"inLanguage\":\"es\"},{\"@type\":\"ImageObject\",\"@id\":\"https:\/\/www.exploring-umbria.com\/es\/descubre-orvieto\/que-ver-en-orvieto\/catedral-de-orvieto\/#primaryimage\",\"inLanguage\":\"es\",\"url\":\"https:\/\/www.exploring-umbria.com\/wp-content\/uploads\/2019\/03\/DUOMO-DI-ORVIETO-ORIGINALE-2000x2803.jpeg\",\"contentUrl\":\"https:\/\/www.exploring-umbria.com\/wp-content\/uploads\/2019\/03\/DUOMO-DI-ORVIETO-ORIGINALE-2000x2803.jpeg\",\"width\":1600,\"height\":1200,\"caption\":\"\u00a9 Dario Negro ph.\"},{\"@type\":\"WebPage\",\"@id\":\"https:\/\/www.exploring-umbria.com\/es\/descubre-orvieto\/que-ver-en-orvieto\/catedral-de-orvieto\/#webpage\",\"url\":\"https:\/\/www.exploring-umbria.com\/es\/descubre-orvieto\/que-ver-en-orvieto\/catedral-de-orvieto\/\",\"name\":\"Catedral de Orvieto - Exploring Umbria\",\"isPartOf\":{\"@id\":\"https:\/\/www.exploring-umbria.com\/es\/#website\"},\"primaryImageOfPage\":{\"@id\":\"https:\/\/www.exploring-umbria.com\/es\/descubre-orvieto\/que-ver-en-orvieto\/catedral-de-orvieto\/#primaryimage\"},\"datePublished\":\"2019-03-07T17:41:31+00:00\",\"dateModified\":\"2020-03-12T18:01:39+00:00\",\"description\":\"La Catedral de Orvieto es una obra maestra indiscutible de la arquitectura g\u00f3tica medieval tard\u00eda. Esto se debe a la variedad de elementos decorativos,\",\"breadcrumb\":{\"@id\":\"https:\/\/www.exploring-umbria.com\/es\/descubre-orvieto\/que-ver-en-orvieto\/catedral-de-orvieto\/#breadcrumb\"},\"inLanguage\":\"es\",\"potentialAction\":[{\"@type\":\"ReadAction\",\"target\":[\"https:\/\/www.exploring-umbria.com\/es\/descubre-orvieto\/que-ver-en-orvieto\/catedral-de-orvieto\/\"]}]},{\"@type\":\"BreadcrumbList\",\"@id\":\"https:\/\/www.exploring-umbria.com\/es\/descubre-orvieto\/que-ver-en-orvieto\/catedral-de-orvieto\/#breadcrumb\",\"itemListElement\":[{\"@type\":\"ListItem\",\"position\":1,\"name\":\"Home\",\"item\":\"https:\/\/www.exploring-umbria.com\/es\/\"},{\"@type\":\"ListItem\",\"position\":2,\"name\":\"Descubre Orvieto\",\"item\":\"https:\/\/www.exploring-umbria.com\/es\/descubre-orvieto\/\"},{\"@type\":\"ListItem\",\"position\":3,\"name\":\"Qu\u00e9 Ver en Orvieto\",\"item\":\"https:\/\/www.exploring-umbria.com\/es\/descubre-orvieto\/que-ver-en-orvieto\/\"},{\"@type\":\"ListItem\",\"position\":4,\"name\":\"Catedral de Orvieto\"}]}]}<\/script>\n<!-- \/ Yoast SEO plugin. -->","yoast_head_json":{"title":"Catedral de Orvieto - Exploring Umbria","description":"La Catedral de Orvieto es una obra maestra indiscutible de la arquitectura g\u00f3tica medieval tard\u00eda. Esto se debe a la variedad de elementos decorativos,","robots":{"index":"index","follow":"follow","max-snippet":"max-snippet:-1","max-image-preview":"max-image-preview:large","max-video-preview":"max-video-preview:-1"},"canonical":"https:\/\/www.exploring-umbria.com\/es\/descubre-orvieto\/que-ver-en-orvieto\/catedral-de-orvieto\/","og_locale":"es_ES","og_type":"article","og_title":"Catedral de Orvieto - Exploring Umbria","og_description":"La Catedral de Orvieto es una obra maestra indiscutible de la arquitectura g\u00f3tica medieval tard\u00eda. Esto se debe a la variedad de elementos decorativos,","og_url":"https:\/\/www.exploring-umbria.com\/es\/descubre-orvieto\/que-ver-en-orvieto\/catedral-de-orvieto\/","og_site_name":"Exploring Umbria","article_publisher":"https:\/\/www.facebook.com\/exploringumbria\/","article_modified_time":"2020-03-12T18:01:39+00:00","og_image":[{"width":1600,"height":1200,"url":"https:\/\/www.exploring-umbria.com\/wp-content\/uploads\/2019\/03\/DUOMO-DI-ORVIETO-ORIGINALE-2000x2803.jpeg","type":"image\/jpeg"}],"twitter_card":"summary_large_image","twitter_misc":{"Tiempo de lectura":"4 minutos"},"schema":{"@context":"https:\/\/schema.org","@graph":[{"@type":"Organization","@id":"https:\/\/www.exploring-umbria.com\/es\/#organization","name":"Exploring Umbria","url":"https:\/\/www.exploring-umbria.com\/es\/","sameAs":["https:\/\/www.facebook.com\/exploringumbria\/","https:\/\/www.instagram.com\/exploringumbria\/"],"logo":{"@type":"ImageObject","@id":"https:\/\/www.exploring-umbria.com\/es\/#logo","inLanguage":"es","url":"https:\/\/www.exploring-umbria.com\/wp-content\/uploads\/2019\/08\/solo-logo-verde.jpg","contentUrl":"https:\/\/www.exploring-umbria.com\/wp-content\/uploads\/2019\/08\/solo-logo-verde.jpg","width":952,"height":532,"caption":"Exploring Umbria"},"image":{"@id":"https:\/\/www.exploring-umbria.com\/es\/#logo"}},{"@type":"WebSite","@id":"https:\/\/www.exploring-umbria.com\/es\/#website","url":"https:\/\/www.exploring-umbria.com\/es\/","name":"Exploring Umbria","description":"your dates, your mood, your trip","publisher":{"@id":"https:\/\/www.exploring-umbria.com\/es\/#organization"},"potentialAction":[{"@type":"SearchAction","target":{"@type":"EntryPoint","urlTemplate":"https:\/\/www.exploring-umbria.com\/es\/?s={search_term_string}"},"query-input":"required name=search_term_string"}],"inLanguage":"es"},{"@type":"ImageObject","@id":"https:\/\/www.exploring-umbria.com\/es\/descubre-orvieto\/que-ver-en-orvieto\/catedral-de-orvieto\/#primaryimage","inLanguage":"es","url":"https:\/\/www.exploring-umbria.com\/wp-content\/uploads\/2019\/03\/DUOMO-DI-ORVIETO-ORIGINALE-2000x2803.jpeg","contentUrl":"https:\/\/www.exploring-umbria.com\/wp-content\/uploads\/2019\/03\/DUOMO-DI-ORVIETO-ORIGINALE-2000x2803.jpeg","width":1600,"height":1200,"caption":"\u00a9 Dario Negro ph."},{"@type":"WebPage","@id":"https:\/\/www.exploring-umbria.com\/es\/descubre-orvieto\/que-ver-en-orvieto\/catedral-de-orvieto\/#webpage","url":"https:\/\/www.exploring-umbria.com\/es\/descubre-orvieto\/que-ver-en-orvieto\/catedral-de-orvieto\/","name":"Catedral de Orvieto - Exploring Umbria","isPartOf":{"@id":"https:\/\/www.exploring-umbria.com\/es\/#website"},"primaryImageOfPage":{"@id":"https:\/\/www.exploring-umbria.com\/es\/descubre-orvieto\/que-ver-en-orvieto\/catedral-de-orvieto\/#primaryimage"},"datePublished":"2019-03-07T17:41:31+00:00","dateModified":"2020-03-12T18:01:39+00:00","description":"La Catedral de Orvieto es una obra maestra indiscutible de la arquitectura g\u00f3tica medieval tard\u00eda. Esto se debe a la variedad de elementos decorativos,","breadcrumb":{"@id":"https:\/\/www.exploring-umbria.com\/es\/descubre-orvieto\/que-ver-en-orvieto\/catedral-de-orvieto\/#breadcrumb"},"inLanguage":"es","potentialAction":[{"@type":"ReadAction","target":["https:\/\/www.exploring-umbria.com\/es\/descubre-orvieto\/que-ver-en-orvieto\/catedral-de-orvieto\/"]}]},{"@type":"BreadcrumbList","@id":"https:\/\/www.exploring-umbria.com\/es\/descubre-orvieto\/que-ver-en-orvieto\/catedral-de-orvieto\/#breadcrumb","itemListElement":[{"@type":"ListItem","position":1,"name":"Home","item":"https:\/\/www.exploring-umbria.com\/es\/"},{"@type":"ListItem","position":2,"name":"Descubre Orvieto","item":"https:\/\/www.exploring-umbria.com\/es\/descubre-orvieto\/"},{"@type":"ListItem","position":3,"name":"Qu\u00e9 Ver en Orvieto","item":"https:\/\/www.exploring-umbria.com\/es\/descubre-orvieto\/que-ver-en-orvieto\/"},{"@type":"ListItem","position":4,"name":"Catedral de Orvieto"}]}]}},"_links":{"self":[{"href":"https:\/\/www.exploring-umbria.com\/es\/wp-json\/wp\/v2\/pages\/3007"}],"collection":[{"href":"https:\/\/www.exploring-umbria.com\/es\/wp-json\/wp\/v2\/pages"}],"about":[{"href":"https:\/\/www.exploring-umbria.com\/es\/wp-json\/wp\/v2\/types\/page"}],"author":[{"embeddable":true,"href":"https:\/\/www.exploring-umbria.com\/es\/wp-json\/wp\/v2\/users\/4"}],"replies":[{"embeddable":true,"href":"https:\/\/www.exploring-umbria.com\/es\/wp-json\/wp\/v2\/comments?post=3007"}],"version-history":[{"count":5,"href":"https:\/\/www.exploring-umbria.com\/es\/wp-json\/wp\/v2\/pages\/3007\/revisions"}],"predecessor-version":[{"id":32418,"href":"https:\/\/www.exploring-umbria.com\/es\/wp-json\/wp\/v2\/pages\/3007\/revisions\/32418"}],"up":[{"embeddable":true,"href":"https:\/\/www.exploring-umbria.com\/es\/wp-json\/wp\/v2\/pages\/3009"}],"wp:featuredmedia":[{"embeddable":true,"href":"https:\/\/www.exploring-umbria.com\/es\/wp-json\/wp\/v2\/media\/1984"}],"wp:attachment":[{"href":"https:\/\/www.exploring-umbria.com\/es\/wp-json\/wp\/v2\/media?parent=3007"}],"curies":[{"name":"wp","href":"https:\/\/api.w.org\/{rel}","templated":true}]}}