{"id":3002,"date":"2019-03-07T18:51:01","date_gmt":"2019-03-07T17:51:01","guid":{"rendered":"https:\/\/www.exploring-umbria.com\/orvieto-sotterranea-e-grotte-della-rupe\/"},"modified":"2020-03-12T20:57:04","modified_gmt":"2020-03-12T19:57:04","slug":"orvieto-subterranea-y-laberinto-de-adriano","status":"publish","type":"page","link":"https:\/\/www.exploring-umbria.com\/es\/descubre-orvieto\/que-ver-en-orvieto\/orvieto-subterranea-y-laberinto-de-adriano\/","title":{"rendered":"Orvieto Subterr\u00e1nea y Laberinto de Adriano"},"content":{"rendered":"<p>Adem\u00e1s de las maravillas arquitect\u00f3nicas y paisaj\u00edsticas de la superficie, besada por el sol y rodeada por el verde del valle que la acoge, Orvieto est\u00e1 flanqueada por un tesoro escondido que durante mucho tiempo permaneci\u00f3 desconocido, ahora conocido con el nombre de <strong>Orvieto Subterr\u00e1nea <\/strong>u<strong> Orvieto Underground.<\/strong><\/p>\n<p>El descubrimiento se debe a los esfuerzos de algunos espele\u00f3logos que fueron los primeros en adentrarse en un mundo subterr\u00e1neo propiamente dicho que no deja de sorprender a los que entran en \u00e9l. Gracias a los estudios antiguos y modernos (los primeros censos comenz\u00f3 en el siglo XIX), hoy en d\u00eda se han podido reconocer hasta 1200 cavidades de diferente naturaleza, tiempo y funci\u00f3n que constituyen el coraz\u00f3n laber\u00edntico de la ciudad.<\/p>\n<p>Desde la Plaza de la Catedral, una visita guiada permitir\u00e1 a los visitantes explorar las maravillas de este mundo paralelo, Orvieto Subterr\u00e1nea, recorriendo las etapas de la historia desde la ciudad etrusca de <a href=\"https:\/\/es.wikipedia.org\/wiki\/Volsinii\" target=\"_blank\" rel=\"noopener noreferrer\"><em>Velzna<\/em><\/a>, hasta la <em>Urbs Vetus <\/em>de la Edad Media para llegar a las cisternas, pozos, e incluso a los restos de un molino del Renacimiento y de los edad moderna. Existen numerosos \u00abpalomares\u00bb, peque\u00f1as aberturas rectangulares excavadas en la roca, generalmente en conexi\u00f3n con el exterior, que permit\u00edan la cr\u00eda de las palomas. Se podr\u00e1n reconocer los inconfundibles pozos etruscos, joyas de la arquitectura hidr\u00e1ulica con las \u00abpedarole\u00bb, realizadas en las paredes de las cavidades para permitir el ascenso y descenso a los pozos. Intrincados t\u00faneles recorren kil\u00f3metros por los espacios de la ciudad, mostrando restos de cisternas, salas dedicadas al refugio de animali, fulloniche para te\u00f1ir la lana, incluso los restos del acueducto urbano que se construy\u00f3 en el Renacimiento conectando con las estructuras de los famosos pozos de <a href=\"https:\/\/www.exploring-umbria.com\/es\/subcategories\/cosa-fare-e-cosa-vedere-ad-orvieto\/#heading2966\" target=\"_blank\" rel=\"noopener noreferrer\">San Patricio<\/a> y <a href=\"https:\/\/www.exploring-umbria.com\/es\/subcategories\/cosa-fare-e-cosa-vedere-ad-orvieto\/#heading2964\" target=\"_blank\" rel=\"noopener noreferrer\">de la Cantera<\/a>, por no hablar de la antigua Cueva de los troncos f\u00f3siles, que ha devuelto restos paleobot\u00e1nicos que datan de hace 320 mil a\u00f1os, mucho antes de la llegada de los hombres.<\/p>\n<p>El museo subterr\u00e1neo privado, conocido como el <strong>\u00abLaberinto de Adriano\u00bb, merece una menci\u00f3n especial. <\/strong>La definici\u00f3n de Laberinto viene dada por el car\u00e1cter tortuoso del recorrido que serpentea a trav\u00e9s de una veintena de t\u00faneles, pozos, cavidades y aljibes que fueron descubiertos en los a\u00f1os setenta por Adriano y Rita, propietarios de la pasteler\u00eda que se encuentra justo encima del museo. Con motivo de las obras de renovaci\u00f3n del suelo, los dos pasteleros realizaron el inusual descubrimiento y transformaron la zona en un yacimiento arqueol\u00f3gico, que puede ser visitado con un gu\u00eda y que ha obtenido el reconocimiento de museo privado.<\/p>\n<p>En resumen, la naturaleza del acantilado, compuesto de toba y puzolana, nos ha permitido trabajar durante tres mil a\u00f1os en los espacios incontaminados del subsuelo, creando un mundo que hoy es la otra cara de la medalla de una ciudad ya de por s\u00ed maravillosa incluso en la superficie.<\/p>\n","protected":false},"excerpt":{"rendered":"<p>Adem\u00e1s de las maravillas arquitect\u00f3nicas y paisaj\u00edsticas de la superficie, besada por el sol y rodeada por el verde del valle que la acoge, Orvieto est\u00e1 flanqueada por un tesoro escondido que durante mucho tiempo permaneci\u00f3 desconocido, ahora conocido con el nombre de Orvieto Subterr\u00e1nea u Orvieto Underground. El descubrimiento se debe a los esfuerzos [&hellip;]<\/p>\n","protected":false},"author":4,"featured_media":0,"parent":3009,"menu_order":0,"comment_status":"closed","ping_status":"closed","template":"","meta":{"om_disable_all_campaigns":false,"_monsterinsights_skip_tracking":false,"_monsterinsights_sitenote_active":false,"_monsterinsights_sitenote_note":"","_monsterinsights_sitenote_category":0},"acf":[],"yoast_head":"<!-- This site is optimized with the Yoast SEO plugin v18.4.1 - https:\/\/yoast.com\/wordpress\/plugins\/seo\/ -->\n<title>Orvieto Subterr\u00e1nea y Laberinto de Adriano - Exploring Umbria<\/title>\n<meta name=\"description\" content=\"Orvieto esconde un tesoro que durante mucho tiempo permaneci\u00f3 desconocido, ahora conocido con el nombre de Orvieto Subterr\u00e1nea u Orvieto Underground.\" \/>\n<meta name=\"robots\" content=\"index, follow, max-snippet:-1, max-image-preview:large, max-video-preview:-1\" \/>\n<link rel=\"canonical\" href=\"https:\/\/www.exploring-umbria.com\/es\/descubre-orvieto\/que-ver-en-orvieto\/orvieto-subterranea-y-laberinto-de-adriano\/\" \/>\n<meta property=\"og:locale\" content=\"es_ES\" \/>\n<meta property=\"og:type\" content=\"article\" \/>\n<meta property=\"og:title\" content=\"Orvieto Subterr\u00e1nea y Laberinto de Adriano - Exploring Umbria\" \/>\n<meta property=\"og:description\" content=\"Orvieto esconde un tesoro que durante mucho tiempo permaneci\u00f3 desconocido, ahora conocido con el nombre de Orvieto Subterr\u00e1nea u Orvieto Underground.\" \/>\n<meta property=\"og:url\" content=\"https:\/\/www.exploring-umbria.com\/es\/descubre-orvieto\/que-ver-en-orvieto\/orvieto-subterranea-y-laberinto-de-adriano\/\" \/>\n<meta property=\"og:site_name\" content=\"Exploring Umbria\" \/>\n<meta property=\"article:publisher\" content=\"https:\/\/www.facebook.com\/exploringumbria\/\" \/>\n<meta property=\"article:modified_time\" content=\"2020-03-12T19:57:04+00:00\" \/>\n<meta name=\"twitter:card\" content=\"summary_large_image\" \/>\n<meta name=\"twitter:label1\" content=\"Tiempo de lectura\" \/>\n\t<meta name=\"twitter:data1\" content=\"3 minutos\" \/>\n<script type=\"application\/ld+json\" class=\"yoast-schema-graph\">{\"@context\":\"https:\/\/schema.org\",\"@graph\":[{\"@type\":\"Organization\",\"@id\":\"https:\/\/www.exploring-umbria.com\/es\/#organization\",\"name\":\"Exploring Umbria\",\"url\":\"https:\/\/www.exploring-umbria.com\/es\/\",\"sameAs\":[\"https:\/\/www.facebook.com\/exploringumbria\/\",\"https:\/\/www.instagram.com\/exploringumbria\/\"],\"logo\":{\"@type\":\"ImageObject\",\"@id\":\"https:\/\/www.exploring-umbria.com\/es\/#logo\",\"inLanguage\":\"es\",\"url\":\"https:\/\/www.exploring-umbria.com\/wp-content\/uploads\/2019\/08\/solo-logo-verde.jpg\",\"contentUrl\":\"https:\/\/www.exploring-umbria.com\/wp-content\/uploads\/2019\/08\/solo-logo-verde.jpg\",\"width\":952,\"height\":532,\"caption\":\"Exploring Umbria\"},\"image\":{\"@id\":\"https:\/\/www.exploring-umbria.com\/es\/#logo\"}},{\"@type\":\"WebSite\",\"@id\":\"https:\/\/www.exploring-umbria.com\/es\/#website\",\"url\":\"https:\/\/www.exploring-umbria.com\/es\/\",\"name\":\"Exploring Umbria\",\"description\":\"your dates, your mood, your trip\",\"publisher\":{\"@id\":\"https:\/\/www.exploring-umbria.com\/es\/#organization\"},\"potentialAction\":[{\"@type\":\"SearchAction\",\"target\":{\"@type\":\"EntryPoint\",\"urlTemplate\":\"https:\/\/www.exploring-umbria.com\/es\/?s={search_term_string}\"},\"query-input\":\"required name=search_term_string\"}],\"inLanguage\":\"es\"},{\"@type\":\"WebPage\",\"@id\":\"https:\/\/www.exploring-umbria.com\/es\/descubre-orvieto\/que-ver-en-orvieto\/orvieto-subterranea-y-laberinto-de-adriano\/#webpage\",\"url\":\"https:\/\/www.exploring-umbria.com\/es\/descubre-orvieto\/que-ver-en-orvieto\/orvieto-subterranea-y-laberinto-de-adriano\/\",\"name\":\"Orvieto Subterr\u00e1nea y Laberinto de Adriano - Exploring Umbria\",\"isPartOf\":{\"@id\":\"https:\/\/www.exploring-umbria.com\/es\/#website\"},\"datePublished\":\"2019-03-07T17:51:01+00:00\",\"dateModified\":\"2020-03-12T19:57:04+00:00\",\"description\":\"Orvieto esconde un tesoro que durante mucho tiempo permaneci\u00f3 desconocido, ahora conocido con el nombre de Orvieto Subterr\u00e1nea u Orvieto Underground.\",\"breadcrumb\":{\"@id\":\"https:\/\/www.exploring-umbria.com\/es\/descubre-orvieto\/que-ver-en-orvieto\/orvieto-subterranea-y-laberinto-de-adriano\/#breadcrumb\"},\"inLanguage\":\"es\",\"potentialAction\":[{\"@type\":\"ReadAction\",\"target\":[\"https:\/\/www.exploring-umbria.com\/es\/descubre-orvieto\/que-ver-en-orvieto\/orvieto-subterranea-y-laberinto-de-adriano\/\"]}]},{\"@type\":\"BreadcrumbList\",\"@id\":\"https:\/\/www.exploring-umbria.com\/es\/descubre-orvieto\/que-ver-en-orvieto\/orvieto-subterranea-y-laberinto-de-adriano\/#breadcrumb\",\"itemListElement\":[{\"@type\":\"ListItem\",\"position\":1,\"name\":\"Home\",\"item\":\"https:\/\/www.exploring-umbria.com\/es\/\"},{\"@type\":\"ListItem\",\"position\":2,\"name\":\"Descubre Orvieto\",\"item\":\"https:\/\/www.exploring-umbria.com\/es\/descubre-orvieto\/\"},{\"@type\":\"ListItem\",\"position\":3,\"name\":\"Qu\u00e9 Ver en Orvieto\",\"item\":\"https:\/\/www.exploring-umbria.com\/es\/descubre-orvieto\/que-ver-en-orvieto\/\"},{\"@type\":\"ListItem\",\"position\":4,\"name\":\"Orvieto Subterr\u00e1nea y Laberinto de Adriano\"}]}]}<\/script>\n<!-- \/ Yoast SEO plugin. -->","yoast_head_json":{"title":"Orvieto Subterr\u00e1nea y Laberinto de Adriano - Exploring Umbria","description":"Orvieto esconde un tesoro que durante mucho tiempo permaneci\u00f3 desconocido, ahora conocido con el nombre de Orvieto Subterr\u00e1nea u Orvieto Underground.","robots":{"index":"index","follow":"follow","max-snippet":"max-snippet:-1","max-image-preview":"max-image-preview:large","max-video-preview":"max-video-preview:-1"},"canonical":"https:\/\/www.exploring-umbria.com\/es\/descubre-orvieto\/que-ver-en-orvieto\/orvieto-subterranea-y-laberinto-de-adriano\/","og_locale":"es_ES","og_type":"article","og_title":"Orvieto Subterr\u00e1nea y Laberinto de Adriano - Exploring Umbria","og_description":"Orvieto esconde un tesoro que durante mucho tiempo permaneci\u00f3 desconocido, ahora conocido con el nombre de Orvieto Subterr\u00e1nea u Orvieto Underground.","og_url":"https:\/\/www.exploring-umbria.com\/es\/descubre-orvieto\/que-ver-en-orvieto\/orvieto-subterranea-y-laberinto-de-adriano\/","og_site_name":"Exploring Umbria","article_publisher":"https:\/\/www.facebook.com\/exploringumbria\/","article_modified_time":"2020-03-12T19:57:04+00:00","twitter_card":"summary_large_image","twitter_misc":{"Tiempo de lectura":"3 minutos"},"schema":{"@context":"https:\/\/schema.org","@graph":[{"@type":"Organization","@id":"https:\/\/www.exploring-umbria.com\/es\/#organization","name":"Exploring Umbria","url":"https:\/\/www.exploring-umbria.com\/es\/","sameAs":["https:\/\/www.facebook.com\/exploringumbria\/","https:\/\/www.instagram.com\/exploringumbria\/"],"logo":{"@type":"ImageObject","@id":"https:\/\/www.exploring-umbria.com\/es\/#logo","inLanguage":"es","url":"https:\/\/www.exploring-umbria.com\/wp-content\/uploads\/2019\/08\/solo-logo-verde.jpg","contentUrl":"https:\/\/www.exploring-umbria.com\/wp-content\/uploads\/2019\/08\/solo-logo-verde.jpg","width":952,"height":532,"caption":"Exploring Umbria"},"image":{"@id":"https:\/\/www.exploring-umbria.com\/es\/#logo"}},{"@type":"WebSite","@id":"https:\/\/www.exploring-umbria.com\/es\/#website","url":"https:\/\/www.exploring-umbria.com\/es\/","name":"Exploring Umbria","description":"your dates, your mood, your trip","publisher":{"@id":"https:\/\/www.exploring-umbria.com\/es\/#organization"},"potentialAction":[{"@type":"SearchAction","target":{"@type":"EntryPoint","urlTemplate":"https:\/\/www.exploring-umbria.com\/es\/?s={search_term_string}"},"query-input":"required name=search_term_string"}],"inLanguage":"es"},{"@type":"WebPage","@id":"https:\/\/www.exploring-umbria.com\/es\/descubre-orvieto\/que-ver-en-orvieto\/orvieto-subterranea-y-laberinto-de-adriano\/#webpage","url":"https:\/\/www.exploring-umbria.com\/es\/descubre-orvieto\/que-ver-en-orvieto\/orvieto-subterranea-y-laberinto-de-adriano\/","name":"Orvieto Subterr\u00e1nea y Laberinto de Adriano - Exploring Umbria","isPartOf":{"@id":"https:\/\/www.exploring-umbria.com\/es\/#website"},"datePublished":"2019-03-07T17:51:01+00:00","dateModified":"2020-03-12T19:57:04+00:00","description":"Orvieto esconde un tesoro que durante mucho tiempo permaneci\u00f3 desconocido, ahora conocido con el nombre de Orvieto Subterr\u00e1nea u Orvieto Underground.","breadcrumb":{"@id":"https:\/\/www.exploring-umbria.com\/es\/descubre-orvieto\/que-ver-en-orvieto\/orvieto-subterranea-y-laberinto-de-adriano\/#breadcrumb"},"inLanguage":"es","potentialAction":[{"@type":"ReadAction","target":["https:\/\/www.exploring-umbria.com\/es\/descubre-orvieto\/que-ver-en-orvieto\/orvieto-subterranea-y-laberinto-de-adriano\/"]}]},{"@type":"BreadcrumbList","@id":"https:\/\/www.exploring-umbria.com\/es\/descubre-orvieto\/que-ver-en-orvieto\/orvieto-subterranea-y-laberinto-de-adriano\/#breadcrumb","itemListElement":[{"@type":"ListItem","position":1,"name":"Home","item":"https:\/\/www.exploring-umbria.com\/es\/"},{"@type":"ListItem","position":2,"name":"Descubre Orvieto","item":"https:\/\/www.exploring-umbria.com\/es\/descubre-orvieto\/"},{"@type":"ListItem","position":3,"name":"Qu\u00e9 Ver en Orvieto","item":"https:\/\/www.exploring-umbria.com\/es\/descubre-orvieto\/que-ver-en-orvieto\/"},{"@type":"ListItem","position":4,"name":"Orvieto Subterr\u00e1nea y Laberinto de Adriano"}]}]}},"_links":{"self":[{"href":"https:\/\/www.exploring-umbria.com\/es\/wp-json\/wp\/v2\/pages\/3002"}],"collection":[{"href":"https:\/\/www.exploring-umbria.com\/es\/wp-json\/wp\/v2\/pages"}],"about":[{"href":"https:\/\/www.exploring-umbria.com\/es\/wp-json\/wp\/v2\/types\/page"}],"author":[{"embeddable":true,"href":"https:\/\/www.exploring-umbria.com\/es\/wp-json\/wp\/v2\/users\/4"}],"replies":[{"embeddable":true,"href":"https:\/\/www.exploring-umbria.com\/es\/wp-json\/wp\/v2\/comments?post=3002"}],"version-history":[{"count":4,"href":"https:\/\/www.exploring-umbria.com\/es\/wp-json\/wp\/v2\/pages\/3002\/revisions"}],"predecessor-version":[{"id":32439,"href":"https:\/\/www.exploring-umbria.com\/es\/wp-json\/wp\/v2\/pages\/3002\/revisions\/32439"}],"up":[{"embeddable":true,"href":"https:\/\/www.exploring-umbria.com\/es\/wp-json\/wp\/v2\/pages\/3009"}],"wp:attachment":[{"href":"https:\/\/www.exploring-umbria.com\/es\/wp-json\/wp\/v2\/media?parent=3002"}],"curies":[{"name":"wp","href":"https:\/\/api.w.org\/{rel}","templated":true}]}}