{"id":3000,"date":"2019-03-07T18:56:10","date_gmt":"2019-03-07T17:56:10","guid":{"rendered":"https:\/\/www.exploring-umbria.com\/anello-della-rupe\/"},"modified":"2020-03-12T17:53:08","modified_gmt":"2020-03-12T16:53:08","slug":"el-anillo-del-acantilado","status":"publish","type":"page","link":"https:\/\/www.exploring-umbria.com\/es\/descubre-orvieto\/que-ver-en-orvieto\/el-anillo-del-acantilado\/","title":{"rendered":"El Anillo del Acantilado"},"content":{"rendered":"<p>Para los amantes del trekking y de los paseos al aire libre, el Anillo del Acantilado de Orvieto ofrece una experiencia \u00fanica en su g\u00e9nero, gracias a la extraordinaria conformaci\u00f3n rocosa que lo caracteriza. A lo largo de unos cinco kil\u00f3metros, todo el per\u00edmetro de la base sobre la que se asienta la ciudad es practicable a pie, con subidas y bajadas a veces en fuerte pendiente, pero siempre de corta duraci\u00f3n. Es una caminata de dificultad media-baja, de unos noventa minutos de duraci\u00f3n, con un paisaje natural y arqueol\u00f3gico de indescriptible belleza. El itinerario forma parte del Parque Arqueol\u00f3gico y Medioambiental <strong>de Orvieto (Paao) <\/strong>y comienza en el centro de la ciudad en Plaza Cahen. Tomando el camino conocido como \u00abLe Piagge\u00bb, se bordea la <a href=\"https:\/\/www.exploring-umbria.com\/es\/subcategories\/cosa-fare-e-cosa-vedere-ad-orvieto\/#heading2959\" target=\"_blank\" rel=\"noopener noreferrer\">Fortaleza de <\/a><strong><a href=\"https:\/\/www.exploring-umbria.com\/es\/subcategories\/cosa-fare-e-cosa-vedere-ad-orvieto\/\">Albornoz<\/a>\u00a0 <\/strong>y se inicia un peque\u00f1o viaje a trav\u00e9s de la belleza del valle, pasando por monumentos naturales y artificiales como la <strong>Puerta Rocca<\/strong>, la <strong>Fuente de San Zeno <\/strong>que recibe el agua directamente del <a href=\"https:\/\/www.exploring-umbria.com\/es\/subcategories\/cosa-fare-e-cosa-vedere-ad-orvieto\/#heading2966\" target=\"_blank\" rel=\"noopener noreferrer\"><strong>Pozo de San Patricio<\/strong><\/a>, y luego los restos etruscos de la Necr\u00f3polis conocida como el Crucifijo de Tufo, as\u00ed llamado por el peque\u00f1o Crucifijo que fue esculpido en relieve en la pared de tufo de una peque\u00f1a iglesia construida all\u00ed. Los casta\u00f1os y la espesa vegetaci\u00f3n del f\u00e9rtil valle, atravesados por el <a href=\"https:\/\/es.wikipedia.org\/wiki\/T%C3%ADber\" target=\"_blank\" rel=\"noopener noreferrer\">T\u00edber<\/a> y el Paglia, se alternan con espuelas rocosas e imponentes paredes de toba, que toman diferentes colores seg\u00fan la zona, desde el ocre oscuro, al rojo intenso, pasando por los matices m\u00e1s suaves de la arcilla de colores. Continuando el Anillo del Acantilado se llega a la iglesia de la <strong>Virgen del Velo<\/strong>, recientemente renovada y transformada en un punto de informaci\u00f3n, equipada con servicios y conocida como \u00ab<em>Observatorio de la Rupe<\/em>\u00ab. Pasando por la <strong>Porta Maggiore<\/strong>, se llega al Forum Boario, llamado as\u00ed por el mercado de ganado que all\u00ed se celebraba y, unos pasos m\u00e1s adelante, se empieza a ver la imponente estructura de la <strong>Badia<\/strong> (Abad\u00eda de los Santos Severo y Martirio). Aqu\u00ed y en otros lugares, la pared est\u00e1 salpicada de peque\u00f1os agujeros, excavados desde los tiempos de los etruscos, para permitir la anidaci\u00f3n de palomas, de las que toman el nombre de palomares. En este punto el camino va llegando a su fin, subiendo por un largo camino asfaltado, se ve la <strong>cueva natural de troncos f\u00f3siles<\/strong>, que data de hace 320.000 a\u00f1os, y por otro lado el imponente edificio de la <strong>Fortaleza de Albornoz<\/strong>, que traer\u00e1 de vuelta a los temerarios excursionistas hasta el punto de partida de la Plaza de Cahen.<\/p>\n","protected":false},"excerpt":{"rendered":"<p>Para los amantes del trekking y de los paseos al aire libre, el Anillo del Acantilado de Orvieto ofrece una experiencia \u00fanica en su g\u00e9nero, gracias a la extraordinaria conformaci\u00f3n rocosa que lo caracteriza. A lo largo de unos cinco kil\u00f3metros, todo el per\u00edmetro de la base sobre la que se asienta la ciudad es [&hellip;]<\/p>\n","protected":false},"author":4,"featured_media":5078,"parent":3009,"menu_order":0,"comment_status":"closed","ping_status":"closed","template":"","meta":{"om_disable_all_campaigns":false,"_monsterinsights_skip_tracking":false,"_monsterinsights_sitenote_active":false,"_monsterinsights_sitenote_note":"","_monsterinsights_sitenote_category":0},"acf":[],"yoast_head":"<!-- This site is optimized with the Yoast SEO plugin v18.4.1 - https:\/\/yoast.com\/wordpress\/plugins\/seo\/ -->\n<title>El Anillo del Acantilado - Exploring Umbria<\/title>\n<meta name=\"description\" content=\"Para los amantes del trekking y de los paseos al aire libre, el Anillo del Acantilado de Orvieto ofrece una experiencia \u00fanica en su g\u00e9nero, gracias a la\" \/>\n<meta name=\"robots\" content=\"index, follow, max-snippet:-1, max-image-preview:large, max-video-preview:-1\" \/>\n<link rel=\"canonical\" href=\"https:\/\/www.exploring-umbria.com\/es\/descubre-orvieto\/que-ver-en-orvieto\/el-anillo-del-acantilado\/\" \/>\n<meta property=\"og:locale\" content=\"es_ES\" \/>\n<meta property=\"og:type\" content=\"article\" \/>\n<meta property=\"og:title\" content=\"El Anillo del Acantilado - Exploring Umbria\" \/>\n<meta property=\"og:description\" content=\"Para los amantes del trekking y de los paseos al aire libre, el Anillo del Acantilado de Orvieto ofrece una experiencia \u00fanica en su g\u00e9nero, gracias a la\" \/>\n<meta property=\"og:url\" content=\"https:\/\/www.exploring-umbria.com\/es\/descubre-orvieto\/que-ver-en-orvieto\/el-anillo-del-acantilado\/\" \/>\n<meta property=\"og:site_name\" content=\"Exploring Umbria\" \/>\n<meta property=\"article:publisher\" content=\"https:\/\/www.facebook.com\/exploringumbria\/\" \/>\n<meta property=\"article:modified_time\" content=\"2020-03-12T16:53:08+00:00\" \/>\n<meta property=\"og:image\" content=\"https:\/\/www.exploring-umbria.com\/wp-content\/uploads\/2019\/04\/ORVIETO-PANORAMICA-2-1600x1066.jpeg\" \/>\n\t<meta property=\"og:image:width\" content=\"1600\" \/>\n\t<meta property=\"og:image:height\" content=\"1066\" \/>\n\t<meta property=\"og:image:type\" content=\"image\/jpeg\" \/>\n<meta name=\"twitter:card\" content=\"summary_large_image\" \/>\n<meta name=\"twitter:label1\" content=\"Tiempo de lectura\" \/>\n\t<meta name=\"twitter:data1\" content=\"2 minutos\" \/>\n<script type=\"application\/ld+json\" class=\"yoast-schema-graph\">{\"@context\":\"https:\/\/schema.org\",\"@graph\":[{\"@type\":\"Organization\",\"@id\":\"https:\/\/www.exploring-umbria.com\/es\/#organization\",\"name\":\"Exploring Umbria\",\"url\":\"https:\/\/www.exploring-umbria.com\/es\/\",\"sameAs\":[\"https:\/\/www.facebook.com\/exploringumbria\/\",\"https:\/\/www.instagram.com\/exploringumbria\/\"],\"logo\":{\"@type\":\"ImageObject\",\"@id\":\"https:\/\/www.exploring-umbria.com\/es\/#logo\",\"inLanguage\":\"es\",\"url\":\"https:\/\/www.exploring-umbria.com\/wp-content\/uploads\/2019\/08\/solo-logo-verde.jpg\",\"contentUrl\":\"https:\/\/www.exploring-umbria.com\/wp-content\/uploads\/2019\/08\/solo-logo-verde.jpg\",\"width\":952,\"height\":532,\"caption\":\"Exploring Umbria\"},\"image\":{\"@id\":\"https:\/\/www.exploring-umbria.com\/es\/#logo\"}},{\"@type\":\"WebSite\",\"@id\":\"https:\/\/www.exploring-umbria.com\/es\/#website\",\"url\":\"https:\/\/www.exploring-umbria.com\/es\/\",\"name\":\"Exploring Umbria\",\"description\":\"your dates, your mood, your trip\",\"publisher\":{\"@id\":\"https:\/\/www.exploring-umbria.com\/es\/#organization\"},\"potentialAction\":[{\"@type\":\"SearchAction\",\"target\":{\"@type\":\"EntryPoint\",\"urlTemplate\":\"https:\/\/www.exploring-umbria.com\/es\/?s={search_term_string}\"},\"query-input\":\"required name=search_term_string\"}],\"inLanguage\":\"es\"},{\"@type\":\"ImageObject\",\"@id\":\"https:\/\/www.exploring-umbria.com\/es\/descubre-orvieto\/que-ver-en-orvieto\/el-anillo-del-acantilado\/#primaryimage\",\"inLanguage\":\"es\",\"url\":\"https:\/\/www.exploring-umbria.com\/wp-content\/uploads\/2019\/04\/ORVIETO-PANORAMICA-2-1600x1066.jpeg\",\"contentUrl\":\"https:\/\/www.exploring-umbria.com\/wp-content\/uploads\/2019\/04\/ORVIETO-PANORAMICA-2-1600x1066.jpeg\",\"width\":1600,\"height\":1066,\"caption\":\"Orvieto e la sua rupe con l'anello percorribile a piedi\"},{\"@type\":\"WebPage\",\"@id\":\"https:\/\/www.exploring-umbria.com\/es\/descubre-orvieto\/que-ver-en-orvieto\/el-anillo-del-acantilado\/#webpage\",\"url\":\"https:\/\/www.exploring-umbria.com\/es\/descubre-orvieto\/que-ver-en-orvieto\/el-anillo-del-acantilado\/\",\"name\":\"El Anillo del Acantilado - Exploring Umbria\",\"isPartOf\":{\"@id\":\"https:\/\/www.exploring-umbria.com\/es\/#website\"},\"primaryImageOfPage\":{\"@id\":\"https:\/\/www.exploring-umbria.com\/es\/descubre-orvieto\/que-ver-en-orvieto\/el-anillo-del-acantilado\/#primaryimage\"},\"datePublished\":\"2019-03-07T17:56:10+00:00\",\"dateModified\":\"2020-03-12T16:53:08+00:00\",\"description\":\"Para los amantes del trekking y de los paseos al aire libre, el Anillo del Acantilado de Orvieto ofrece una experiencia \u00fanica en su g\u00e9nero, gracias a la\",\"breadcrumb\":{\"@id\":\"https:\/\/www.exploring-umbria.com\/es\/descubre-orvieto\/que-ver-en-orvieto\/el-anillo-del-acantilado\/#breadcrumb\"},\"inLanguage\":\"es\",\"potentialAction\":[{\"@type\":\"ReadAction\",\"target\":[\"https:\/\/www.exploring-umbria.com\/es\/descubre-orvieto\/que-ver-en-orvieto\/el-anillo-del-acantilado\/\"]}]},{\"@type\":\"BreadcrumbList\",\"@id\":\"https:\/\/www.exploring-umbria.com\/es\/descubre-orvieto\/que-ver-en-orvieto\/el-anillo-del-acantilado\/#breadcrumb\",\"itemListElement\":[{\"@type\":\"ListItem\",\"position\":1,\"name\":\"Home\",\"item\":\"https:\/\/www.exploring-umbria.com\/es\/\"},{\"@type\":\"ListItem\",\"position\":2,\"name\":\"Descubre Orvieto\",\"item\":\"https:\/\/www.exploring-umbria.com\/es\/descubre-orvieto\/\"},{\"@type\":\"ListItem\",\"position\":3,\"name\":\"Qu\u00e9 Ver en Orvieto\",\"item\":\"https:\/\/www.exploring-umbria.com\/es\/descubre-orvieto\/que-ver-en-orvieto\/\"},{\"@type\":\"ListItem\",\"position\":4,\"name\":\"El Anillo del Acantilado\"}]}]}<\/script>\n<!-- \/ Yoast SEO plugin. -->","yoast_head_json":{"title":"El Anillo del Acantilado - Exploring Umbria","description":"Para los amantes del trekking y de los paseos al aire libre, el Anillo del Acantilado de Orvieto ofrece una experiencia \u00fanica en su g\u00e9nero, gracias a la","robots":{"index":"index","follow":"follow","max-snippet":"max-snippet:-1","max-image-preview":"max-image-preview:large","max-video-preview":"max-video-preview:-1"},"canonical":"https:\/\/www.exploring-umbria.com\/es\/descubre-orvieto\/que-ver-en-orvieto\/el-anillo-del-acantilado\/","og_locale":"es_ES","og_type":"article","og_title":"El Anillo del Acantilado - Exploring Umbria","og_description":"Para los amantes del trekking y de los paseos al aire libre, el Anillo del Acantilado de Orvieto ofrece una experiencia \u00fanica en su g\u00e9nero, gracias a la","og_url":"https:\/\/www.exploring-umbria.com\/es\/descubre-orvieto\/que-ver-en-orvieto\/el-anillo-del-acantilado\/","og_site_name":"Exploring Umbria","article_publisher":"https:\/\/www.facebook.com\/exploringumbria\/","article_modified_time":"2020-03-12T16:53:08+00:00","og_image":[{"width":1600,"height":1066,"url":"https:\/\/www.exploring-umbria.com\/wp-content\/uploads\/2019\/04\/ORVIETO-PANORAMICA-2-1600x1066.jpeg","type":"image\/jpeg"}],"twitter_card":"summary_large_image","twitter_misc":{"Tiempo de lectura":"2 minutos"},"schema":{"@context":"https:\/\/schema.org","@graph":[{"@type":"Organization","@id":"https:\/\/www.exploring-umbria.com\/es\/#organization","name":"Exploring Umbria","url":"https:\/\/www.exploring-umbria.com\/es\/","sameAs":["https:\/\/www.facebook.com\/exploringumbria\/","https:\/\/www.instagram.com\/exploringumbria\/"],"logo":{"@type":"ImageObject","@id":"https:\/\/www.exploring-umbria.com\/es\/#logo","inLanguage":"es","url":"https:\/\/www.exploring-umbria.com\/wp-content\/uploads\/2019\/08\/solo-logo-verde.jpg","contentUrl":"https:\/\/www.exploring-umbria.com\/wp-content\/uploads\/2019\/08\/solo-logo-verde.jpg","width":952,"height":532,"caption":"Exploring Umbria"},"image":{"@id":"https:\/\/www.exploring-umbria.com\/es\/#logo"}},{"@type":"WebSite","@id":"https:\/\/www.exploring-umbria.com\/es\/#website","url":"https:\/\/www.exploring-umbria.com\/es\/","name":"Exploring Umbria","description":"your dates, your mood, your trip","publisher":{"@id":"https:\/\/www.exploring-umbria.com\/es\/#organization"},"potentialAction":[{"@type":"SearchAction","target":{"@type":"EntryPoint","urlTemplate":"https:\/\/www.exploring-umbria.com\/es\/?s={search_term_string}"},"query-input":"required name=search_term_string"}],"inLanguage":"es"},{"@type":"ImageObject","@id":"https:\/\/www.exploring-umbria.com\/es\/descubre-orvieto\/que-ver-en-orvieto\/el-anillo-del-acantilado\/#primaryimage","inLanguage":"es","url":"https:\/\/www.exploring-umbria.com\/wp-content\/uploads\/2019\/04\/ORVIETO-PANORAMICA-2-1600x1066.jpeg","contentUrl":"https:\/\/www.exploring-umbria.com\/wp-content\/uploads\/2019\/04\/ORVIETO-PANORAMICA-2-1600x1066.jpeg","width":1600,"height":1066,"caption":"Orvieto e la sua rupe con l'anello percorribile a piedi"},{"@type":"WebPage","@id":"https:\/\/www.exploring-umbria.com\/es\/descubre-orvieto\/que-ver-en-orvieto\/el-anillo-del-acantilado\/#webpage","url":"https:\/\/www.exploring-umbria.com\/es\/descubre-orvieto\/que-ver-en-orvieto\/el-anillo-del-acantilado\/","name":"El Anillo del Acantilado - Exploring Umbria","isPartOf":{"@id":"https:\/\/www.exploring-umbria.com\/es\/#website"},"primaryImageOfPage":{"@id":"https:\/\/www.exploring-umbria.com\/es\/descubre-orvieto\/que-ver-en-orvieto\/el-anillo-del-acantilado\/#primaryimage"},"datePublished":"2019-03-07T17:56:10+00:00","dateModified":"2020-03-12T16:53:08+00:00","description":"Para los amantes del trekking y de los paseos al aire libre, el Anillo del Acantilado de Orvieto ofrece una experiencia \u00fanica en su g\u00e9nero, gracias a la","breadcrumb":{"@id":"https:\/\/www.exploring-umbria.com\/es\/descubre-orvieto\/que-ver-en-orvieto\/el-anillo-del-acantilado\/#breadcrumb"},"inLanguage":"es","potentialAction":[{"@type":"ReadAction","target":["https:\/\/www.exploring-umbria.com\/es\/descubre-orvieto\/que-ver-en-orvieto\/el-anillo-del-acantilado\/"]}]},{"@type":"BreadcrumbList","@id":"https:\/\/www.exploring-umbria.com\/es\/descubre-orvieto\/que-ver-en-orvieto\/el-anillo-del-acantilado\/#breadcrumb","itemListElement":[{"@type":"ListItem","position":1,"name":"Home","item":"https:\/\/www.exploring-umbria.com\/es\/"},{"@type":"ListItem","position":2,"name":"Descubre Orvieto","item":"https:\/\/www.exploring-umbria.com\/es\/descubre-orvieto\/"},{"@type":"ListItem","position":3,"name":"Qu\u00e9 Ver en Orvieto","item":"https:\/\/www.exploring-umbria.com\/es\/descubre-orvieto\/que-ver-en-orvieto\/"},{"@type":"ListItem","position":4,"name":"El Anillo del Acantilado"}]}]}},"_links":{"self":[{"href":"https:\/\/www.exploring-umbria.com\/es\/wp-json\/wp\/v2\/pages\/3000"}],"collection":[{"href":"https:\/\/www.exploring-umbria.com\/es\/wp-json\/wp\/v2\/pages"}],"about":[{"href":"https:\/\/www.exploring-umbria.com\/es\/wp-json\/wp\/v2\/types\/page"}],"author":[{"embeddable":true,"href":"https:\/\/www.exploring-umbria.com\/es\/wp-json\/wp\/v2\/users\/4"}],"replies":[{"embeddable":true,"href":"https:\/\/www.exploring-umbria.com\/es\/wp-json\/wp\/v2\/comments?post=3000"}],"version-history":[{"count":4,"href":"https:\/\/www.exploring-umbria.com\/es\/wp-json\/wp\/v2\/pages\/3000\/revisions"}],"predecessor-version":[{"id":32402,"href":"https:\/\/www.exploring-umbria.com\/es\/wp-json\/wp\/v2\/pages\/3000\/revisions\/32402"}],"up":[{"embeddable":true,"href":"https:\/\/www.exploring-umbria.com\/es\/wp-json\/wp\/v2\/pages\/3009"}],"wp:featuredmedia":[{"embeddable":true,"href":"https:\/\/www.exploring-umbria.com\/es\/wp-json\/wp\/v2\/media\/5078"}],"wp:attachment":[{"href":"https:\/\/www.exploring-umbria.com\/es\/wp-json\/wp\/v2\/media?parent=3000"}],"curies":[{"name":"wp","href":"https:\/\/api.w.org\/{rel}","templated":true}]}}