{"id":2995,"date":"2019-03-07T19:00:45","date_gmt":"2019-03-07T18:00:45","guid":{"rendered":"https:\/\/www.exploring-umbria.com\/chiesa-di-santandrea-e-sotterranei\/"},"modified":"2020-03-12T18:50:03","modified_gmt":"2020-03-12T17:50:03","slug":"iglesia-de-san-andres","status":"publish","type":"page","link":"https:\/\/www.exploring-umbria.com\/es\/descubre-orvieto\/que-ver-en-orvieto\/iglesia-de-san-andres\/","title":{"rendered":"Iglesia de San Andr\u00e9s (subterr\u00e1nea)"},"content":{"rendered":"<p>En una de las principales plazas de la <a href=\"https:\/\/www.exploring-umbria.com\/es\/subcategories\/cosa-fare-e-cosa-vedere-ad-orvieto\/#heading3014\" target=\"_blank\" rel=\"noopener noreferrer\">ciudad<\/a>, Plaza de la Rep\u00fablica, junto al Ayuntamiento, se encuentra la hermosa <strong>iglesia dedicada a San Andr\u00e9s y San Bartolom\u00e9.<\/strong><\/p>\n<p>El edificio, en su forma actual, es el resultado de numerosas reformas realizadas a lo largo de los siglos. Las formas rom\u00e1nicas dan testimonio de una planta del siglo XI m\u00e1s o menos, a la que se a\u00f1adi\u00f3 en el siglo XVI el monumental portal de entrada de m\u00e1rmol rojo de <em>Vito di Marco de Siena<\/em>. Las \u00faltimas intervenciones en la \u00e9poca moderna, realizadas entre 1926 y 1930, fueron responsables de las esculturas de los lunetos del portal y de los vitrales del elegante roset\u00f3n central. Al mismo tiempo, tambi\u00e9n se construy\u00f3 el caracter\u00edstico campanario, de toba, de planta dodecagonal, con tres \u00f3rdenes de ventanas geminadas y un remate almenado en la parte superior.<\/p>\n<p>En el lado opuesto de la fachada, es decir, a la izquierda del observador, una aireada logia embellece la estructura apoy\u00e1ndose en la pared de la iglesia.<\/p>\n<p>En el interior, el edificio est\u00e1 dividido en tres grandes naves, separadas por columnas monol\u00edticas con un presbiterio elevado y un hermoso \u00e1bside cuadrado. Desde la antig\u00fcedad la Iglesia debi\u00f3 de desempe\u00f1ar un papel importante en la ciudad, hasta el punto de que fue escenario de importantes ceremonias como el nombramiento del Papa Mart\u00edn IV y de cardenales del calibre de Nicol\u00e1s IV y Bonifacio VIII. Las obras de arte que se conservan en su interior se remontan a diferentes \u00e9pocas y estilos: desde los frescos del siglo XIV hasta la meditaci\u00f3n sepulcral del siglo XIV, desde el p\u00falpito cosmatesco hasta las obras de artistas como el <em>Nebbia<\/em> y su disc\u00edpulo <em>Angelo Righi de Orvieto<\/em>.<\/p>\n<p>Sin embargo, lo que constituye el valor a\u00f1adido de Iglesia de San Andr\u00e9s es su parte subterr\u00e1nea, que se puede visitar con un gu\u00eda y que ha devuelto restos muy antiguos de cuatro \u00e9pocas diferentes: desde la primera fase de la <a href=\"https:\/\/es.wikipedia.org\/wiki\/Edad_del_Bronce\" target=\"_blank\" rel=\"noopener noreferrer\">Edad del Bronce<\/a>, pasando por la villanovana y etrusca del siglo VI a.C., hasta las m\u00e1s recientes de las \u00e9poca romana y cristiana.<\/p>\n","protected":false},"excerpt":{"rendered":"<p>En una de las principales plazas de la ciudad, Plaza de la Rep\u00fablica, junto al Ayuntamiento, se encuentra la hermosa iglesia dedicada a San Andr\u00e9s y San Bartolom\u00e9. El edificio, en su forma actual, es el resultado de numerosas reformas realizadas a lo largo de los siglos. Las formas rom\u00e1nicas dan testimonio de una planta [&hellip;]<\/p>\n","protected":false},"author":4,"featured_media":26869,"parent":3009,"menu_order":0,"comment_status":"closed","ping_status":"closed","template":"","meta":{"om_disable_all_campaigns":false,"_monsterinsights_skip_tracking":false,"_monsterinsights_sitenote_active":false,"_monsterinsights_sitenote_note":"","_monsterinsights_sitenote_category":0},"acf":[],"yoast_head":"<!-- This site is optimized with the Yoast SEO plugin v18.4.1 - https:\/\/yoast.com\/wordpress\/plugins\/seo\/ -->\n<title>Iglesia de San Andr\u00e9s (subterr\u00e1nea) - Exploring Umbria<\/title>\n<meta name=\"description\" content=\"En una de las principales plazas de la ciudad, Plaza de la Rep\u00fablica, junto al Ayuntamiento, se encuentra la hermosa iglesia dedicada a San Andr\u00e9s y San\" \/>\n<meta name=\"robots\" content=\"index, follow, max-snippet:-1, max-image-preview:large, max-video-preview:-1\" \/>\n<link rel=\"canonical\" href=\"https:\/\/www.exploring-umbria.com\/es\/descubre-orvieto\/que-ver-en-orvieto\/iglesia-de-san-andres\/\" \/>\n<meta property=\"og:locale\" content=\"es_ES\" \/>\n<meta property=\"og:type\" content=\"article\" \/>\n<meta property=\"og:title\" content=\"Iglesia de San Andr\u00e9s (subterr\u00e1nea) - Exploring Umbria\" \/>\n<meta property=\"og:description\" content=\"En una de las principales plazas de la ciudad, Plaza de la Rep\u00fablica, junto al Ayuntamiento, se encuentra la hermosa iglesia dedicada a San Andr\u00e9s y San\" \/>\n<meta property=\"og:url\" content=\"https:\/\/www.exploring-umbria.com\/es\/descubre-orvieto\/que-ver-en-orvieto\/iglesia-de-san-andres\/\" \/>\n<meta property=\"og:site_name\" content=\"Exploring Umbria\" \/>\n<meta property=\"article:publisher\" content=\"https:\/\/www.facebook.com\/exploringumbria\/\" \/>\n<meta property=\"article:modified_time\" content=\"2020-03-12T17:50:03+00:00\" \/>\n<meta property=\"og:image\" content=\"https:\/\/www.exploring-umbria.com\/wp-content\/uploads\/2019\/12\/SantAndrea-Orvieto.jpeg\" \/>\n\t<meta property=\"og:image:width\" content=\"1200\" \/>\n\t<meta property=\"og:image:height\" content=\"1600\" \/>\n\t<meta property=\"og:image:type\" content=\"image\/jpeg\" \/>\n<meta name=\"twitter:card\" content=\"summary_large_image\" \/>\n<meta name=\"twitter:label1\" content=\"Tiempo de lectura\" \/>\n\t<meta name=\"twitter:data1\" content=\"2 minutos\" \/>\n<script type=\"application\/ld+json\" class=\"yoast-schema-graph\">{\"@context\":\"https:\/\/schema.org\",\"@graph\":[{\"@type\":\"Organization\",\"@id\":\"https:\/\/www.exploring-umbria.com\/es\/#organization\",\"name\":\"Exploring Umbria\",\"url\":\"https:\/\/www.exploring-umbria.com\/es\/\",\"sameAs\":[\"https:\/\/www.facebook.com\/exploringumbria\/\",\"https:\/\/www.instagram.com\/exploringumbria\/\"],\"logo\":{\"@type\":\"ImageObject\",\"@id\":\"https:\/\/www.exploring-umbria.com\/es\/#logo\",\"inLanguage\":\"es\",\"url\":\"https:\/\/www.exploring-umbria.com\/wp-content\/uploads\/2019\/08\/solo-logo-verde.jpg\",\"contentUrl\":\"https:\/\/www.exploring-umbria.com\/wp-content\/uploads\/2019\/08\/solo-logo-verde.jpg\",\"width\":952,\"height\":532,\"caption\":\"Exploring Umbria\"},\"image\":{\"@id\":\"https:\/\/www.exploring-umbria.com\/es\/#logo\"}},{\"@type\":\"WebSite\",\"@id\":\"https:\/\/www.exploring-umbria.com\/es\/#website\",\"url\":\"https:\/\/www.exploring-umbria.com\/es\/\",\"name\":\"Exploring Umbria\",\"description\":\"your dates, your mood, your trip\",\"publisher\":{\"@id\":\"https:\/\/www.exploring-umbria.com\/es\/#organization\"},\"potentialAction\":[{\"@type\":\"SearchAction\",\"target\":{\"@type\":\"EntryPoint\",\"urlTemplate\":\"https:\/\/www.exploring-umbria.com\/es\/?s={search_term_string}\"},\"query-input\":\"required name=search_term_string\"}],\"inLanguage\":\"es\"},{\"@type\":\"ImageObject\",\"@id\":\"https:\/\/www.exploring-umbria.com\/es\/descubre-orvieto\/que-ver-en-orvieto\/iglesia-de-san-andres\/#primaryimage\",\"inLanguage\":\"es\",\"url\":\"https:\/\/www.exploring-umbria.com\/wp-content\/uploads\/2019\/12\/SantAndrea-Orvieto.jpeg\",\"contentUrl\":\"https:\/\/www.exploring-umbria.com\/wp-content\/uploads\/2019\/12\/SantAndrea-Orvieto.jpeg\",\"width\":1200,\"height\":1600,\"caption\":\"La chiesa di sant'Andrea\"},{\"@type\":\"WebPage\",\"@id\":\"https:\/\/www.exploring-umbria.com\/es\/descubre-orvieto\/que-ver-en-orvieto\/iglesia-de-san-andres\/#webpage\",\"url\":\"https:\/\/www.exploring-umbria.com\/es\/descubre-orvieto\/que-ver-en-orvieto\/iglesia-de-san-andres\/\",\"name\":\"Iglesia de San Andr\u00e9s (subterr\u00e1nea) - Exploring Umbria\",\"isPartOf\":{\"@id\":\"https:\/\/www.exploring-umbria.com\/es\/#website\"},\"primaryImageOfPage\":{\"@id\":\"https:\/\/www.exploring-umbria.com\/es\/descubre-orvieto\/que-ver-en-orvieto\/iglesia-de-san-andres\/#primaryimage\"},\"datePublished\":\"2019-03-07T18:00:45+00:00\",\"dateModified\":\"2020-03-12T17:50:03+00:00\",\"description\":\"En una de las principales plazas de la ciudad, Plaza de la Rep\u00fablica, junto al Ayuntamiento, se encuentra la hermosa iglesia dedicada a San Andr\u00e9s y San\",\"breadcrumb\":{\"@id\":\"https:\/\/www.exploring-umbria.com\/es\/descubre-orvieto\/que-ver-en-orvieto\/iglesia-de-san-andres\/#breadcrumb\"},\"inLanguage\":\"es\",\"potentialAction\":[{\"@type\":\"ReadAction\",\"target\":[\"https:\/\/www.exploring-umbria.com\/es\/descubre-orvieto\/que-ver-en-orvieto\/iglesia-de-san-andres\/\"]}]},{\"@type\":\"BreadcrumbList\",\"@id\":\"https:\/\/www.exploring-umbria.com\/es\/descubre-orvieto\/que-ver-en-orvieto\/iglesia-de-san-andres\/#breadcrumb\",\"itemListElement\":[{\"@type\":\"ListItem\",\"position\":1,\"name\":\"Home\",\"item\":\"https:\/\/www.exploring-umbria.com\/es\/\"},{\"@type\":\"ListItem\",\"position\":2,\"name\":\"Descubre Orvieto\",\"item\":\"https:\/\/www.exploring-umbria.com\/es\/descubre-orvieto\/\"},{\"@type\":\"ListItem\",\"position\":3,\"name\":\"Qu\u00e9 Ver en Orvieto\",\"item\":\"https:\/\/www.exploring-umbria.com\/es\/descubre-orvieto\/que-ver-en-orvieto\/\"},{\"@type\":\"ListItem\",\"position\":4,\"name\":\"Iglesia de San Andr\u00e9s (subterr\u00e1nea)\"}]}]}<\/script>\n<!-- \/ Yoast SEO plugin. -->","yoast_head_json":{"title":"Iglesia de San Andr\u00e9s (subterr\u00e1nea) - Exploring Umbria","description":"En una de las principales plazas de la ciudad, Plaza de la Rep\u00fablica, junto al Ayuntamiento, se encuentra la hermosa iglesia dedicada a San Andr\u00e9s y San","robots":{"index":"index","follow":"follow","max-snippet":"max-snippet:-1","max-image-preview":"max-image-preview:large","max-video-preview":"max-video-preview:-1"},"canonical":"https:\/\/www.exploring-umbria.com\/es\/descubre-orvieto\/que-ver-en-orvieto\/iglesia-de-san-andres\/","og_locale":"es_ES","og_type":"article","og_title":"Iglesia de San Andr\u00e9s (subterr\u00e1nea) - Exploring Umbria","og_description":"En una de las principales plazas de la ciudad, Plaza de la Rep\u00fablica, junto al Ayuntamiento, se encuentra la hermosa iglesia dedicada a San Andr\u00e9s y San","og_url":"https:\/\/www.exploring-umbria.com\/es\/descubre-orvieto\/que-ver-en-orvieto\/iglesia-de-san-andres\/","og_site_name":"Exploring Umbria","article_publisher":"https:\/\/www.facebook.com\/exploringumbria\/","article_modified_time":"2020-03-12T17:50:03+00:00","og_image":[{"width":1200,"height":1600,"url":"https:\/\/www.exploring-umbria.com\/wp-content\/uploads\/2019\/12\/SantAndrea-Orvieto.jpeg","type":"image\/jpeg"}],"twitter_card":"summary_large_image","twitter_misc":{"Tiempo de lectura":"2 minutos"},"schema":{"@context":"https:\/\/schema.org","@graph":[{"@type":"Organization","@id":"https:\/\/www.exploring-umbria.com\/es\/#organization","name":"Exploring Umbria","url":"https:\/\/www.exploring-umbria.com\/es\/","sameAs":["https:\/\/www.facebook.com\/exploringumbria\/","https:\/\/www.instagram.com\/exploringumbria\/"],"logo":{"@type":"ImageObject","@id":"https:\/\/www.exploring-umbria.com\/es\/#logo","inLanguage":"es","url":"https:\/\/www.exploring-umbria.com\/wp-content\/uploads\/2019\/08\/solo-logo-verde.jpg","contentUrl":"https:\/\/www.exploring-umbria.com\/wp-content\/uploads\/2019\/08\/solo-logo-verde.jpg","width":952,"height":532,"caption":"Exploring Umbria"},"image":{"@id":"https:\/\/www.exploring-umbria.com\/es\/#logo"}},{"@type":"WebSite","@id":"https:\/\/www.exploring-umbria.com\/es\/#website","url":"https:\/\/www.exploring-umbria.com\/es\/","name":"Exploring Umbria","description":"your dates, your mood, your trip","publisher":{"@id":"https:\/\/www.exploring-umbria.com\/es\/#organization"},"potentialAction":[{"@type":"SearchAction","target":{"@type":"EntryPoint","urlTemplate":"https:\/\/www.exploring-umbria.com\/es\/?s={search_term_string}"},"query-input":"required name=search_term_string"}],"inLanguage":"es"},{"@type":"ImageObject","@id":"https:\/\/www.exploring-umbria.com\/es\/descubre-orvieto\/que-ver-en-orvieto\/iglesia-de-san-andres\/#primaryimage","inLanguage":"es","url":"https:\/\/www.exploring-umbria.com\/wp-content\/uploads\/2019\/12\/SantAndrea-Orvieto.jpeg","contentUrl":"https:\/\/www.exploring-umbria.com\/wp-content\/uploads\/2019\/12\/SantAndrea-Orvieto.jpeg","width":1200,"height":1600,"caption":"La chiesa di sant'Andrea"},{"@type":"WebPage","@id":"https:\/\/www.exploring-umbria.com\/es\/descubre-orvieto\/que-ver-en-orvieto\/iglesia-de-san-andres\/#webpage","url":"https:\/\/www.exploring-umbria.com\/es\/descubre-orvieto\/que-ver-en-orvieto\/iglesia-de-san-andres\/","name":"Iglesia de San Andr\u00e9s (subterr\u00e1nea) - Exploring Umbria","isPartOf":{"@id":"https:\/\/www.exploring-umbria.com\/es\/#website"},"primaryImageOfPage":{"@id":"https:\/\/www.exploring-umbria.com\/es\/descubre-orvieto\/que-ver-en-orvieto\/iglesia-de-san-andres\/#primaryimage"},"datePublished":"2019-03-07T18:00:45+00:00","dateModified":"2020-03-12T17:50:03+00:00","description":"En una de las principales plazas de la ciudad, Plaza de la Rep\u00fablica, junto al Ayuntamiento, se encuentra la hermosa iglesia dedicada a San Andr\u00e9s y San","breadcrumb":{"@id":"https:\/\/www.exploring-umbria.com\/es\/descubre-orvieto\/que-ver-en-orvieto\/iglesia-de-san-andres\/#breadcrumb"},"inLanguage":"es","potentialAction":[{"@type":"ReadAction","target":["https:\/\/www.exploring-umbria.com\/es\/descubre-orvieto\/que-ver-en-orvieto\/iglesia-de-san-andres\/"]}]},{"@type":"BreadcrumbList","@id":"https:\/\/www.exploring-umbria.com\/es\/descubre-orvieto\/que-ver-en-orvieto\/iglesia-de-san-andres\/#breadcrumb","itemListElement":[{"@type":"ListItem","position":1,"name":"Home","item":"https:\/\/www.exploring-umbria.com\/es\/"},{"@type":"ListItem","position":2,"name":"Descubre Orvieto","item":"https:\/\/www.exploring-umbria.com\/es\/descubre-orvieto\/"},{"@type":"ListItem","position":3,"name":"Qu\u00e9 Ver en Orvieto","item":"https:\/\/www.exploring-umbria.com\/es\/descubre-orvieto\/que-ver-en-orvieto\/"},{"@type":"ListItem","position":4,"name":"Iglesia de San Andr\u00e9s (subterr\u00e1nea)"}]}]}},"_links":{"self":[{"href":"https:\/\/www.exploring-umbria.com\/es\/wp-json\/wp\/v2\/pages\/2995"}],"collection":[{"href":"https:\/\/www.exploring-umbria.com\/es\/wp-json\/wp\/v2\/pages"}],"about":[{"href":"https:\/\/www.exploring-umbria.com\/es\/wp-json\/wp\/v2\/types\/page"}],"author":[{"embeddable":true,"href":"https:\/\/www.exploring-umbria.com\/es\/wp-json\/wp\/v2\/users\/4"}],"replies":[{"embeddable":true,"href":"https:\/\/www.exploring-umbria.com\/es\/wp-json\/wp\/v2\/comments?post=2995"}],"version-history":[{"count":5,"href":"https:\/\/www.exploring-umbria.com\/es\/wp-json\/wp\/v2\/pages\/2995\/revisions"}],"predecessor-version":[{"id":32416,"href":"https:\/\/www.exploring-umbria.com\/es\/wp-json\/wp\/v2\/pages\/2995\/revisions\/32416"}],"up":[{"embeddable":true,"href":"https:\/\/www.exploring-umbria.com\/es\/wp-json\/wp\/v2\/pages\/3009"}],"wp:featuredmedia":[{"embeddable":true,"href":"https:\/\/www.exploring-umbria.com\/es\/wp-json\/wp\/v2\/media\/26869"}],"wp:attachment":[{"href":"https:\/\/www.exploring-umbria.com\/es\/wp-json\/wp\/v2\/media?parent=2995"}],"curies":[{"name":"wp","href":"https:\/\/api.w.org\/{rel}","templated":true}]}}