{"id":2988,"date":"2019-03-07T19:07:14","date_gmt":"2019-03-07T18:07:14","guid":{"rendered":"https:\/\/www.exploring-umbria.com\/chiesa-di-san-francesco\/"},"modified":"2020-03-12T18:02:25","modified_gmt":"2020-03-12T17:02:25","slug":"iglesia-de-san-francisco","status":"publish","type":"page","link":"https:\/\/www.exploring-umbria.com\/es\/descubre-orvieto\/que-ver-en-orvieto\/iglesia-de-san-francisco\/","title":{"rendered":"Iglesia de San Francisco"},"content":{"rendered":"<p>A poca distancia del Duomo, a lo largo de Via Maitani, se llega a lo que una placa da\u00f1ada llama \u00abel punto m\u00e1s alto de la ciudad\u00bb, la Piazza Febei, com\u00fanmente llamada Piazza San Francesco por los Orvietani. Desde el siglo XIII, junto al Palacio de los Coelli, se construyeron la <strong>iglesia de San Francisco<\/strong> y el convento contiguo, en el lugar donde antes se levantaba otra iglesia dedicada a Santa Mar\u00eda de la Doncella, y otro monasterio habitado por monjes benedictinos.<\/p>\n<p>Todo el conjunto fue ampliado en 1262 a instancias de San Buenaventura y consagrado definitivamente en 1266 por el Papa Clemente IV. A partir de ese momento, la Iglesia de San Francisco desempe\u00f1\u00f3 un papel importante para la ciudad. La tradici\u00f3n atribuye la fundaci\u00f3n del convento al propio San Francisco, e incluso parece que la de Orvieto fue la segunda iglesia y lleva el nombre del \u00abpoverello\u00bb de Dios, despu\u00e9s de la <a href=\"https:\/\/www.exploring-umbria.com\/es\/subcategories\/cosa-fare-e-cosa-vedere-ad-assisi\/#heading3237\" target=\"_blank\" rel=\"noopener noreferrer\">Bas\u00edlica de As\u00eds<\/a>.<\/p>\n<p>Por supuesto, el edificio sirvi\u00f3 incluso como iglesia catedral durante muchos a\u00f1os y dentro de sus muros hubo importantes acontecimientos hist\u00f3ricos como el funeral de Enrique de Inglaterra y la canonizaci\u00f3n de Luis IX de Francia por <a href=\"https:\/\/es.wikipedia.org\/wiki\/Bonifacio_VIII\" target=\"_blank\" rel=\"noopener noreferrer\">Bonifacio VIII<\/a>.<\/p>\n<p>En el siglo XVI, dise\u00f1ado por <em>Ippolito Scalza<\/em>, el claustro fue reconstruido, mientras que una intervenci\u00f3n moderna en 1773 le otorg\u00f3 el estilo barroco.<\/p>\n<p>Desde el punto de vista estructural, el edificio tiene una planta sencilla, de una sola nave, cubierta de celos\u00eda y fachada de ladrillo decorada con tres portales de entrada con arco apuntado, rematados por un ventanal central y dos rosetones laterales.<\/p>\n<p>Desde 2009, las salas del convento contiguo albergan la Biblioteca Municipal L. Fumi.<\/p>\n","protected":false},"excerpt":{"rendered":"<p>A poca distancia del Duomo, a lo largo de Via Maitani, se llega a lo que una placa da\u00f1ada llama \u00abel punto m\u00e1s alto de la ciudad\u00bb, la Piazza Febei, com\u00fanmente llamada Piazza San Francesco por los Orvietani. Desde el siglo XIII, junto al Palacio de los Coelli, se construyeron la iglesia de San Francisco [&hellip;]<\/p>\n","protected":false},"author":4,"featured_media":0,"parent":3009,"menu_order":0,"comment_status":"closed","ping_status":"closed","template":"","meta":{"om_disable_all_campaigns":false,"_monsterinsights_skip_tracking":false,"_monsterinsights_sitenote_active":false,"_monsterinsights_sitenote_note":"","_monsterinsights_sitenote_category":0},"acf":[],"yoast_head":"<!-- This site is optimized with the Yoast SEO plugin v18.4.1 - https:\/\/yoast.com\/wordpress\/plugins\/seo\/ -->\n<title>Iglesia de San Francisco - Exploring Umbria<\/title>\n<meta name=\"description\" content=\"Desde el siglo XIII, junto al Palacio de los Coelli, se construyeron la iglesia de San Francisco y el convento contiguo, en el lugar donde antes\" \/>\n<meta name=\"robots\" content=\"index, follow, max-snippet:-1, max-image-preview:large, max-video-preview:-1\" \/>\n<link rel=\"canonical\" href=\"https:\/\/www.exploring-umbria.com\/es\/descubre-orvieto\/que-ver-en-orvieto\/iglesia-de-san-francisco\/\" \/>\n<meta property=\"og:locale\" content=\"es_ES\" \/>\n<meta property=\"og:type\" content=\"article\" \/>\n<meta property=\"og:title\" content=\"Iglesia de San Francisco - Exploring Umbria\" \/>\n<meta property=\"og:description\" content=\"Desde el siglo XIII, junto al Palacio de los Coelli, se construyeron la iglesia de San Francisco y el convento contiguo, en el lugar donde antes\" \/>\n<meta property=\"og:url\" content=\"https:\/\/www.exploring-umbria.com\/es\/descubre-orvieto\/que-ver-en-orvieto\/iglesia-de-san-francisco\/\" \/>\n<meta property=\"og:site_name\" content=\"Exploring Umbria\" \/>\n<meta property=\"article:publisher\" content=\"https:\/\/www.facebook.com\/exploringumbria\/\" \/>\n<meta property=\"article:modified_time\" content=\"2020-03-12T17:02:25+00:00\" \/>\n<meta name=\"twitter:card\" content=\"summary_large_image\" \/>\n<meta name=\"twitter:label1\" content=\"Tiempo de lectura\" \/>\n\t<meta name=\"twitter:data1\" content=\"1 minuto\" \/>\n<script type=\"application\/ld+json\" class=\"yoast-schema-graph\">{\"@context\":\"https:\/\/schema.org\",\"@graph\":[{\"@type\":\"Organization\",\"@id\":\"https:\/\/www.exploring-umbria.com\/es\/#organization\",\"name\":\"Exploring Umbria\",\"url\":\"https:\/\/www.exploring-umbria.com\/es\/\",\"sameAs\":[\"https:\/\/www.facebook.com\/exploringumbria\/\",\"https:\/\/www.instagram.com\/exploringumbria\/\"],\"logo\":{\"@type\":\"ImageObject\",\"@id\":\"https:\/\/www.exploring-umbria.com\/es\/#logo\",\"inLanguage\":\"es\",\"url\":\"https:\/\/www.exploring-umbria.com\/wp-content\/uploads\/2019\/08\/solo-logo-verde.jpg\",\"contentUrl\":\"https:\/\/www.exploring-umbria.com\/wp-content\/uploads\/2019\/08\/solo-logo-verde.jpg\",\"width\":952,\"height\":532,\"caption\":\"Exploring Umbria\"},\"image\":{\"@id\":\"https:\/\/www.exploring-umbria.com\/es\/#logo\"}},{\"@type\":\"WebSite\",\"@id\":\"https:\/\/www.exploring-umbria.com\/es\/#website\",\"url\":\"https:\/\/www.exploring-umbria.com\/es\/\",\"name\":\"Exploring Umbria\",\"description\":\"your dates, your mood, your trip\",\"publisher\":{\"@id\":\"https:\/\/www.exploring-umbria.com\/es\/#organization\"},\"potentialAction\":[{\"@type\":\"SearchAction\",\"target\":{\"@type\":\"EntryPoint\",\"urlTemplate\":\"https:\/\/www.exploring-umbria.com\/es\/?s={search_term_string}\"},\"query-input\":\"required name=search_term_string\"}],\"inLanguage\":\"es\"},{\"@type\":\"WebPage\",\"@id\":\"https:\/\/www.exploring-umbria.com\/es\/descubre-orvieto\/que-ver-en-orvieto\/iglesia-de-san-francisco\/#webpage\",\"url\":\"https:\/\/www.exploring-umbria.com\/es\/descubre-orvieto\/que-ver-en-orvieto\/iglesia-de-san-francisco\/\",\"name\":\"Iglesia de San Francisco - Exploring Umbria\",\"isPartOf\":{\"@id\":\"https:\/\/www.exploring-umbria.com\/es\/#website\"},\"datePublished\":\"2019-03-07T18:07:14+00:00\",\"dateModified\":\"2020-03-12T17:02:25+00:00\",\"description\":\"Desde el siglo XIII, junto al Palacio de los Coelli, se construyeron la iglesia de San Francisco y el convento contiguo, en el lugar donde antes\",\"breadcrumb\":{\"@id\":\"https:\/\/www.exploring-umbria.com\/es\/descubre-orvieto\/que-ver-en-orvieto\/iglesia-de-san-francisco\/#breadcrumb\"},\"inLanguage\":\"es\",\"potentialAction\":[{\"@type\":\"ReadAction\",\"target\":[\"https:\/\/www.exploring-umbria.com\/es\/descubre-orvieto\/que-ver-en-orvieto\/iglesia-de-san-francisco\/\"]}]},{\"@type\":\"BreadcrumbList\",\"@id\":\"https:\/\/www.exploring-umbria.com\/es\/descubre-orvieto\/que-ver-en-orvieto\/iglesia-de-san-francisco\/#breadcrumb\",\"itemListElement\":[{\"@type\":\"ListItem\",\"position\":1,\"name\":\"Home\",\"item\":\"https:\/\/www.exploring-umbria.com\/es\/\"},{\"@type\":\"ListItem\",\"position\":2,\"name\":\"Descubre Orvieto\",\"item\":\"https:\/\/www.exploring-umbria.com\/es\/descubre-orvieto\/\"},{\"@type\":\"ListItem\",\"position\":3,\"name\":\"Qu\u00e9 Ver en Orvieto\",\"item\":\"https:\/\/www.exploring-umbria.com\/es\/descubre-orvieto\/que-ver-en-orvieto\/\"},{\"@type\":\"ListItem\",\"position\":4,\"name\":\"Iglesia de San Francisco\"}]}]}<\/script>\n<!-- \/ Yoast SEO plugin. -->","yoast_head_json":{"title":"Iglesia de San Francisco - Exploring Umbria","description":"Desde el siglo XIII, junto al Palacio de los Coelli, se construyeron la iglesia de San Francisco y el convento contiguo, en el lugar donde antes","robots":{"index":"index","follow":"follow","max-snippet":"max-snippet:-1","max-image-preview":"max-image-preview:large","max-video-preview":"max-video-preview:-1"},"canonical":"https:\/\/www.exploring-umbria.com\/es\/descubre-orvieto\/que-ver-en-orvieto\/iglesia-de-san-francisco\/","og_locale":"es_ES","og_type":"article","og_title":"Iglesia de San Francisco - Exploring Umbria","og_description":"Desde el siglo XIII, junto al Palacio de los Coelli, se construyeron la iglesia de San Francisco y el convento contiguo, en el lugar donde antes","og_url":"https:\/\/www.exploring-umbria.com\/es\/descubre-orvieto\/que-ver-en-orvieto\/iglesia-de-san-francisco\/","og_site_name":"Exploring Umbria","article_publisher":"https:\/\/www.facebook.com\/exploringumbria\/","article_modified_time":"2020-03-12T17:02:25+00:00","twitter_card":"summary_large_image","twitter_misc":{"Tiempo de lectura":"1 minuto"},"schema":{"@context":"https:\/\/schema.org","@graph":[{"@type":"Organization","@id":"https:\/\/www.exploring-umbria.com\/es\/#organization","name":"Exploring Umbria","url":"https:\/\/www.exploring-umbria.com\/es\/","sameAs":["https:\/\/www.facebook.com\/exploringumbria\/","https:\/\/www.instagram.com\/exploringumbria\/"],"logo":{"@type":"ImageObject","@id":"https:\/\/www.exploring-umbria.com\/es\/#logo","inLanguage":"es","url":"https:\/\/www.exploring-umbria.com\/wp-content\/uploads\/2019\/08\/solo-logo-verde.jpg","contentUrl":"https:\/\/www.exploring-umbria.com\/wp-content\/uploads\/2019\/08\/solo-logo-verde.jpg","width":952,"height":532,"caption":"Exploring Umbria"},"image":{"@id":"https:\/\/www.exploring-umbria.com\/es\/#logo"}},{"@type":"WebSite","@id":"https:\/\/www.exploring-umbria.com\/es\/#website","url":"https:\/\/www.exploring-umbria.com\/es\/","name":"Exploring Umbria","description":"your dates, your mood, your trip","publisher":{"@id":"https:\/\/www.exploring-umbria.com\/es\/#organization"},"potentialAction":[{"@type":"SearchAction","target":{"@type":"EntryPoint","urlTemplate":"https:\/\/www.exploring-umbria.com\/es\/?s={search_term_string}"},"query-input":"required name=search_term_string"}],"inLanguage":"es"},{"@type":"WebPage","@id":"https:\/\/www.exploring-umbria.com\/es\/descubre-orvieto\/que-ver-en-orvieto\/iglesia-de-san-francisco\/#webpage","url":"https:\/\/www.exploring-umbria.com\/es\/descubre-orvieto\/que-ver-en-orvieto\/iglesia-de-san-francisco\/","name":"Iglesia de San Francisco - Exploring Umbria","isPartOf":{"@id":"https:\/\/www.exploring-umbria.com\/es\/#website"},"datePublished":"2019-03-07T18:07:14+00:00","dateModified":"2020-03-12T17:02:25+00:00","description":"Desde el siglo XIII, junto al Palacio de los Coelli, se construyeron la iglesia de San Francisco y el convento contiguo, en el lugar donde antes","breadcrumb":{"@id":"https:\/\/www.exploring-umbria.com\/es\/descubre-orvieto\/que-ver-en-orvieto\/iglesia-de-san-francisco\/#breadcrumb"},"inLanguage":"es","potentialAction":[{"@type":"ReadAction","target":["https:\/\/www.exploring-umbria.com\/es\/descubre-orvieto\/que-ver-en-orvieto\/iglesia-de-san-francisco\/"]}]},{"@type":"BreadcrumbList","@id":"https:\/\/www.exploring-umbria.com\/es\/descubre-orvieto\/que-ver-en-orvieto\/iglesia-de-san-francisco\/#breadcrumb","itemListElement":[{"@type":"ListItem","position":1,"name":"Home","item":"https:\/\/www.exploring-umbria.com\/es\/"},{"@type":"ListItem","position":2,"name":"Descubre Orvieto","item":"https:\/\/www.exploring-umbria.com\/es\/descubre-orvieto\/"},{"@type":"ListItem","position":3,"name":"Qu\u00e9 Ver en Orvieto","item":"https:\/\/www.exploring-umbria.com\/es\/descubre-orvieto\/que-ver-en-orvieto\/"},{"@type":"ListItem","position":4,"name":"Iglesia de San Francisco"}]}]}},"_links":{"self":[{"href":"https:\/\/www.exploring-umbria.com\/es\/wp-json\/wp\/v2\/pages\/2988"}],"collection":[{"href":"https:\/\/www.exploring-umbria.com\/es\/wp-json\/wp\/v2\/pages"}],"about":[{"href":"https:\/\/www.exploring-umbria.com\/es\/wp-json\/wp\/v2\/types\/page"}],"author":[{"embeddable":true,"href":"https:\/\/www.exploring-umbria.com\/es\/wp-json\/wp\/v2\/users\/4"}],"replies":[{"embeddable":true,"href":"https:\/\/www.exploring-umbria.com\/es\/wp-json\/wp\/v2\/comments?post=2988"}],"version-history":[{"count":4,"href":"https:\/\/www.exploring-umbria.com\/es\/wp-json\/wp\/v2\/pages\/2988\/revisions"}],"predecessor-version":[{"id":32409,"href":"https:\/\/www.exploring-umbria.com\/es\/wp-json\/wp\/v2\/pages\/2988\/revisions\/32409"}],"up":[{"embeddable":true,"href":"https:\/\/www.exploring-umbria.com\/es\/wp-json\/wp\/v2\/pages\/3009"}],"wp:attachment":[{"href":"https:\/\/www.exploring-umbria.com\/es\/wp-json\/wp\/v2\/media?parent=2988"}],"curies":[{"name":"wp","href":"https:\/\/api.w.org\/{rel}","templated":true}]}}