{"id":2985,"date":"2019-03-07T19:09:00","date_gmt":"2019-03-07T18:09:00","guid":{"rendered":"https:\/\/www.exploring-umbria.com\/torre-del-moro-e-palazzo-dei-sette\/"},"modified":"2020-03-12T22:00:40","modified_gmt":"2020-03-12T21:00:40","slug":"torre-del-moro-y-palacio-de-los-siete","status":"publish","type":"page","link":"https:\/\/www.exploring-umbria.com\/es\/descubre-orvieto\/que-ver-en-orvieto\/torre-del-moro-y-palacio-de-los-siete\/","title":{"rendered":"Torre del Moro y Palacio de Los Siete"},"content":{"rendered":"<p>La hermosa <strong>Torre del Moro\u00a0<\/strong>se alza orgullosa en el cruce de tres de las calles m\u00e1s importantes de la ciudad, Corso Cavour, Via della Costituente y Via del Duomo, como para resaltar el coraz\u00f3n de la ciudad y servir de divisoria entre los cuatro barrios que la componen. Antiguamente conocida como Torre del Papa, parece ser que la torre fue concedida al Ayuntamiento de Orvieto junto con el anexo del Palazzo de los Siete por el Papa Le\u00f3n X en 1515.<\/p>\n<p>Se han planteado varias hip\u00f3tesis sobre la etimolog\u00eda del nombre: seg\u00fan algunos deriva del signo del moro o sarraceno que se coloc\u00f3 en la torre con motivo de los paseos medievales, seg\u00fan otros debe atribuirse a <em>Raffaele di Sante<\/em>, llamado \u00abel moro\u00bb que vivi\u00f3 all\u00ed en el siglo XVI.<\/p>\n<p>La torre se eleva unos 50 metros por encima de la ciudad, est\u00e1 abierta a los visitantes y se puede subir hasta la terraza superior, desde la que se puede disfrutar de una impresionante vista de 360 grados de toda la ciudad de <a href=\"https:\/\/www.exploring-umbria.com\/attivita\/visita-guidata-ad-orvieto\/\" target=\"_blank\" rel=\"noopener noreferrer\">Orvieto<\/a> y sus alrededores.<\/p>\n<p>Unido a la torre del Moro y conectado directamente a ella, se encuentra el <strong>Palacio de los Siete<\/strong>. En el pasado perteneci\u00f3 a los condes Della Terza, luego pas\u00f3 bajo el dominio papal y fue sede del gobernador durante el per\u00edodo comunal. Seg\u00fan la tradici\u00f3n, parece que el palacio tambi\u00e9n hab\u00eda acogido <em>a <a href=\"https:\/\/es.wikipedia.org\/wiki\/Antonio_da_Sangallo_el_Joven\" target=\"_blank\" rel=\"noopener noreferrer\">Antonio da Sangallo<\/a> <\/em>durante cierto tiempo. El nombre deriva de la important\u00edsima funci\u00f3n que ten\u00eda el edificio a finales del siglo XIII, cuando fue elegido como sede de los siete c\u00f3nsules representantes de las Artes y Oficios de la ciudad de Orvieto.<\/p>\n<p>El edificio fue remodelado y modificadoen el siglo XVI y en los tiempos modernos, cuando se transform\u00f3 en una elegante sala de exposiciones y eventos en 1996.<\/p>\n","protected":false},"excerpt":{"rendered":"<p>La hermosa Torre del Moro\u00a0se alza orgullosa en el cruce de tres de las calles m\u00e1s importantes de la ciudad, Corso Cavour, Via della Costituente y Via del Duomo, como para resaltar el coraz\u00f3n de la ciudad y servir de divisoria entre los cuatro barrios que la componen. Antiguamente conocida como Torre del Papa, parece [&hellip;]<\/p>\n","protected":false},"author":4,"featured_media":0,"parent":3009,"menu_order":0,"comment_status":"closed","ping_status":"closed","template":"","meta":{"om_disable_all_campaigns":false,"_monsterinsights_skip_tracking":false,"_monsterinsights_sitenote_active":false,"_monsterinsights_sitenote_note":"","_monsterinsights_sitenote_category":0},"acf":[],"yoast_head":"<!-- This site is optimized with the Yoast SEO plugin v18.4.1 - https:\/\/yoast.com\/wordpress\/plugins\/seo\/ -->\n<title>Torre del Moro y Palacio de Los Siete - Exploring Umbria<\/title>\n<meta name=\"description\" content=\"La hermosa Torre del Moro\u00a0se alza orgullosa en el cruce de tres de las calles m\u00e1s importantes de la ciudad, Corso Cavour, Via della Costituente y Via del\" \/>\n<meta name=\"robots\" content=\"index, follow, max-snippet:-1, max-image-preview:large, max-video-preview:-1\" \/>\n<link rel=\"canonical\" href=\"https:\/\/www.exploring-umbria.com\/es\/descubre-orvieto\/que-ver-en-orvieto\/torre-del-moro-y-palacio-de-los-siete\/\" \/>\n<meta property=\"og:locale\" content=\"es_ES\" \/>\n<meta property=\"og:type\" content=\"article\" \/>\n<meta property=\"og:title\" content=\"Torre del Moro y Palacio de Los Siete - Exploring Umbria\" \/>\n<meta property=\"og:description\" content=\"La hermosa Torre del Moro\u00a0se alza orgullosa en el cruce de tres de las calles m\u00e1s importantes de la ciudad, Corso Cavour, Via della Costituente y Via del\" \/>\n<meta property=\"og:url\" content=\"https:\/\/www.exploring-umbria.com\/es\/descubre-orvieto\/que-ver-en-orvieto\/torre-del-moro-y-palacio-de-los-siete\/\" \/>\n<meta property=\"og:site_name\" content=\"Exploring Umbria\" \/>\n<meta property=\"article:publisher\" content=\"https:\/\/www.facebook.com\/exploringumbria\/\" \/>\n<meta property=\"article:modified_time\" content=\"2020-03-12T21:00:40+00:00\" \/>\n<meta name=\"twitter:card\" content=\"summary_large_image\" \/>\n<meta name=\"twitter:label1\" content=\"Tiempo de lectura\" \/>\n\t<meta name=\"twitter:data1\" content=\"2 minutos\" \/>\n<script type=\"application\/ld+json\" class=\"yoast-schema-graph\">{\"@context\":\"https:\/\/schema.org\",\"@graph\":[{\"@type\":\"Organization\",\"@id\":\"https:\/\/www.exploring-umbria.com\/es\/#organization\",\"name\":\"Exploring Umbria\",\"url\":\"https:\/\/www.exploring-umbria.com\/es\/\",\"sameAs\":[\"https:\/\/www.facebook.com\/exploringumbria\/\",\"https:\/\/www.instagram.com\/exploringumbria\/\"],\"logo\":{\"@type\":\"ImageObject\",\"@id\":\"https:\/\/www.exploring-umbria.com\/es\/#logo\",\"inLanguage\":\"es\",\"url\":\"https:\/\/www.exploring-umbria.com\/wp-content\/uploads\/2019\/08\/solo-logo-verde.jpg\",\"contentUrl\":\"https:\/\/www.exploring-umbria.com\/wp-content\/uploads\/2019\/08\/solo-logo-verde.jpg\",\"width\":952,\"height\":532,\"caption\":\"Exploring Umbria\"},\"image\":{\"@id\":\"https:\/\/www.exploring-umbria.com\/es\/#logo\"}},{\"@type\":\"WebSite\",\"@id\":\"https:\/\/www.exploring-umbria.com\/es\/#website\",\"url\":\"https:\/\/www.exploring-umbria.com\/es\/\",\"name\":\"Exploring Umbria\",\"description\":\"your dates, your mood, your trip\",\"publisher\":{\"@id\":\"https:\/\/www.exploring-umbria.com\/es\/#organization\"},\"potentialAction\":[{\"@type\":\"SearchAction\",\"target\":{\"@type\":\"EntryPoint\",\"urlTemplate\":\"https:\/\/www.exploring-umbria.com\/es\/?s={search_term_string}\"},\"query-input\":\"required name=search_term_string\"}],\"inLanguage\":\"es\"},{\"@type\":\"WebPage\",\"@id\":\"https:\/\/www.exploring-umbria.com\/es\/descubre-orvieto\/que-ver-en-orvieto\/torre-del-moro-y-palacio-de-los-siete\/#webpage\",\"url\":\"https:\/\/www.exploring-umbria.com\/es\/descubre-orvieto\/que-ver-en-orvieto\/torre-del-moro-y-palacio-de-los-siete\/\",\"name\":\"Torre del Moro y Palacio de Los Siete - Exploring Umbria\",\"isPartOf\":{\"@id\":\"https:\/\/www.exploring-umbria.com\/es\/#website\"},\"datePublished\":\"2019-03-07T18:09:00+00:00\",\"dateModified\":\"2020-03-12T21:00:40+00:00\",\"description\":\"La hermosa Torre del Moro\u00a0se alza orgullosa en el cruce de tres de las calles m\u00e1s importantes de la ciudad, Corso Cavour, Via della Costituente y Via del\",\"breadcrumb\":{\"@id\":\"https:\/\/www.exploring-umbria.com\/es\/descubre-orvieto\/que-ver-en-orvieto\/torre-del-moro-y-palacio-de-los-siete\/#breadcrumb\"},\"inLanguage\":\"es\",\"potentialAction\":[{\"@type\":\"ReadAction\",\"target\":[\"https:\/\/www.exploring-umbria.com\/es\/descubre-orvieto\/que-ver-en-orvieto\/torre-del-moro-y-palacio-de-los-siete\/\"]}]},{\"@type\":\"BreadcrumbList\",\"@id\":\"https:\/\/www.exploring-umbria.com\/es\/descubre-orvieto\/que-ver-en-orvieto\/torre-del-moro-y-palacio-de-los-siete\/#breadcrumb\",\"itemListElement\":[{\"@type\":\"ListItem\",\"position\":1,\"name\":\"Home\",\"item\":\"https:\/\/www.exploring-umbria.com\/es\/\"},{\"@type\":\"ListItem\",\"position\":2,\"name\":\"Descubre Orvieto\",\"item\":\"https:\/\/www.exploring-umbria.com\/es\/descubre-orvieto\/\"},{\"@type\":\"ListItem\",\"position\":3,\"name\":\"Qu\u00e9 Ver en Orvieto\",\"item\":\"https:\/\/www.exploring-umbria.com\/es\/descubre-orvieto\/que-ver-en-orvieto\/\"},{\"@type\":\"ListItem\",\"position\":4,\"name\":\"Torre del Moro y Palacio de Los Siete\"}]}]}<\/script>\n<!-- \/ Yoast SEO plugin. -->","yoast_head_json":{"title":"Torre del Moro y Palacio de Los Siete - Exploring Umbria","description":"La hermosa Torre del Moro\u00a0se alza orgullosa en el cruce de tres de las calles m\u00e1s importantes de la ciudad, Corso Cavour, Via della Costituente y Via del","robots":{"index":"index","follow":"follow","max-snippet":"max-snippet:-1","max-image-preview":"max-image-preview:large","max-video-preview":"max-video-preview:-1"},"canonical":"https:\/\/www.exploring-umbria.com\/es\/descubre-orvieto\/que-ver-en-orvieto\/torre-del-moro-y-palacio-de-los-siete\/","og_locale":"es_ES","og_type":"article","og_title":"Torre del Moro y Palacio de Los Siete - Exploring Umbria","og_description":"La hermosa Torre del Moro\u00a0se alza orgullosa en el cruce de tres de las calles m\u00e1s importantes de la ciudad, Corso Cavour, Via della Costituente y Via del","og_url":"https:\/\/www.exploring-umbria.com\/es\/descubre-orvieto\/que-ver-en-orvieto\/torre-del-moro-y-palacio-de-los-siete\/","og_site_name":"Exploring Umbria","article_publisher":"https:\/\/www.facebook.com\/exploringumbria\/","article_modified_time":"2020-03-12T21:00:40+00:00","twitter_card":"summary_large_image","twitter_misc":{"Tiempo de lectura":"2 minutos"},"schema":{"@context":"https:\/\/schema.org","@graph":[{"@type":"Organization","@id":"https:\/\/www.exploring-umbria.com\/es\/#organization","name":"Exploring Umbria","url":"https:\/\/www.exploring-umbria.com\/es\/","sameAs":["https:\/\/www.facebook.com\/exploringumbria\/","https:\/\/www.instagram.com\/exploringumbria\/"],"logo":{"@type":"ImageObject","@id":"https:\/\/www.exploring-umbria.com\/es\/#logo","inLanguage":"es","url":"https:\/\/www.exploring-umbria.com\/wp-content\/uploads\/2019\/08\/solo-logo-verde.jpg","contentUrl":"https:\/\/www.exploring-umbria.com\/wp-content\/uploads\/2019\/08\/solo-logo-verde.jpg","width":952,"height":532,"caption":"Exploring Umbria"},"image":{"@id":"https:\/\/www.exploring-umbria.com\/es\/#logo"}},{"@type":"WebSite","@id":"https:\/\/www.exploring-umbria.com\/es\/#website","url":"https:\/\/www.exploring-umbria.com\/es\/","name":"Exploring Umbria","description":"your dates, your mood, your trip","publisher":{"@id":"https:\/\/www.exploring-umbria.com\/es\/#organization"},"potentialAction":[{"@type":"SearchAction","target":{"@type":"EntryPoint","urlTemplate":"https:\/\/www.exploring-umbria.com\/es\/?s={search_term_string}"},"query-input":"required name=search_term_string"}],"inLanguage":"es"},{"@type":"WebPage","@id":"https:\/\/www.exploring-umbria.com\/es\/descubre-orvieto\/que-ver-en-orvieto\/torre-del-moro-y-palacio-de-los-siete\/#webpage","url":"https:\/\/www.exploring-umbria.com\/es\/descubre-orvieto\/que-ver-en-orvieto\/torre-del-moro-y-palacio-de-los-siete\/","name":"Torre del Moro y Palacio de Los Siete - Exploring Umbria","isPartOf":{"@id":"https:\/\/www.exploring-umbria.com\/es\/#website"},"datePublished":"2019-03-07T18:09:00+00:00","dateModified":"2020-03-12T21:00:40+00:00","description":"La hermosa Torre del Moro\u00a0se alza orgullosa en el cruce de tres de las calles m\u00e1s importantes de la ciudad, Corso Cavour, Via della Costituente y Via del","breadcrumb":{"@id":"https:\/\/www.exploring-umbria.com\/es\/descubre-orvieto\/que-ver-en-orvieto\/torre-del-moro-y-palacio-de-los-siete\/#breadcrumb"},"inLanguage":"es","potentialAction":[{"@type":"ReadAction","target":["https:\/\/www.exploring-umbria.com\/es\/descubre-orvieto\/que-ver-en-orvieto\/torre-del-moro-y-palacio-de-los-siete\/"]}]},{"@type":"BreadcrumbList","@id":"https:\/\/www.exploring-umbria.com\/es\/descubre-orvieto\/que-ver-en-orvieto\/torre-del-moro-y-palacio-de-los-siete\/#breadcrumb","itemListElement":[{"@type":"ListItem","position":1,"name":"Home","item":"https:\/\/www.exploring-umbria.com\/es\/"},{"@type":"ListItem","position":2,"name":"Descubre Orvieto","item":"https:\/\/www.exploring-umbria.com\/es\/descubre-orvieto\/"},{"@type":"ListItem","position":3,"name":"Qu\u00e9 Ver en Orvieto","item":"https:\/\/www.exploring-umbria.com\/es\/descubre-orvieto\/que-ver-en-orvieto\/"},{"@type":"ListItem","position":4,"name":"Torre del Moro y Palacio de Los Siete"}]}]}},"_links":{"self":[{"href":"https:\/\/www.exploring-umbria.com\/es\/wp-json\/wp\/v2\/pages\/2985"}],"collection":[{"href":"https:\/\/www.exploring-umbria.com\/es\/wp-json\/wp\/v2\/pages"}],"about":[{"href":"https:\/\/www.exploring-umbria.com\/es\/wp-json\/wp\/v2\/types\/page"}],"author":[{"embeddable":true,"href":"https:\/\/www.exploring-umbria.com\/es\/wp-json\/wp\/v2\/users\/4"}],"replies":[{"embeddable":true,"href":"https:\/\/www.exploring-umbria.com\/es\/wp-json\/wp\/v2\/comments?post=2985"}],"version-history":[{"count":5,"href":"https:\/\/www.exploring-umbria.com\/es\/wp-json\/wp\/v2\/pages\/2985\/revisions"}],"predecessor-version":[{"id":32460,"href":"https:\/\/www.exploring-umbria.com\/es\/wp-json\/wp\/v2\/pages\/2985\/revisions\/32460"}],"up":[{"embeddable":true,"href":"https:\/\/www.exploring-umbria.com\/es\/wp-json\/wp\/v2\/pages\/3009"}],"wp:attachment":[{"href":"https:\/\/www.exploring-umbria.com\/es\/wp-json\/wp\/v2\/media?parent=2985"}],"curies":[{"name":"wp","href":"https:\/\/api.w.org\/{rel}","templated":true}]}}