{"id":2978,"date":"2019-03-07T19:14:25","date_gmt":"2019-03-07T18:14:25","guid":{"rendered":"https:\/\/www.exploring-umbria.com\/necropoli-etrusche-di-crocifisso-del-tufo-e-della-cannicella\/"},"modified":"2020-03-12T20:40:21","modified_gmt":"2020-03-12T19:40:21","slug":"las-necropolis-etruscas-de-orvieto","status":"publish","type":"page","link":"https:\/\/www.exploring-umbria.com\/es\/descubre-orvieto\/que-ver-en-orvieto\/las-necropolis-etruscas-de-orvieto\/","title":{"rendered":"Las Necr\u00f3polis etruscas de Orvieto"},"content":{"rendered":"<p>La presencia <a href=\"https:\/\/es.wikipedia.org\/wiki\/Etruscos\" target=\"_blank\" rel=\"noopener noreferrer\">etrusca<\/a> ha caracterizado la historia y la conformaci\u00f3n de Orvieto desde la antig\u00fcedad, a partir del siglo VI a.C., y durante mucho tiempo, dejando huellas muy importantes a\u00fan visibles tanto en la superficie como en el rico subsuelo. Como ocurre a menudo, no s\u00f3lo las ciudades de los vivos, sino tambi\u00e9n las de los muertos, se convierten para los arque\u00f3logos y los visitantes modernos en una fuente de inter\u00e9s y atracci\u00f3n. En Orvieto se han conservado admirablemente dos grandes espacios dedicados al entierro de los difuntos de \u00e9poca etrusca, situados respectivamente al norte y al sur del gran acantilado de toba: la <strong>Necr\u00f3polis del Crucifijo de Toba <\/strong>y la <strong>Necr\u00f3polis de\u00a0 Cannicella, que ahora pueden ser visitadas, con el acompa\u00f1amiento de un gu\u00eda. <\/strong>El primero toma su nombre de un crucifijo tallado en la pared de toba de una peque\u00f1a iglesia cristiana construida en la zona en la \u00e9poca medieval, mientras que el segundo recibe su nombre por la presencia de numerosas ca\u00f1as que rodean la zona. En ambas las Necr\u00f3polis etruscas de Orvieto es posible reconocer las salas funerarias de forma rectangular, perfectamente insertadas en el sistema urban\u00edstico habitual. En las Necr\u00f3polis etruscas de Orvieto muchas de las tumbas a\u00fan conservan el nombre de las familias que fueron enterradas all\u00ed, mientras que los numerosos hallazgos y objetos de los ajuares funerarios encontrados se conservan en los museos de la ciudad.<\/p>\n<p>En la Necr\u00f3polis de Cannicella hab\u00eda tambi\u00e9n un Santuario, dedicado a la diosa Vei (la D\u00e9meter etrusca), que lleva el nombre de una inscripci\u00f3n encontrada en la zona, y que tambi\u00e9n fue testigo el descubrimiento de uno de los hallazgos m\u00e1s interesantes de toda la colecci\u00f3n de la ciudad: <strong>la Venus de Cannicella<\/strong>, una figura femenina de la isla griega de Paro que actualmente se conserva en el <a href=\"https:\/\/www.exploring-umbria.com\/es\/subcategories\/cosa-fare-e-cosa-vedere-ad-orvieto\/#heading2971\" target=\"_blank\" rel=\"noopener noreferrer\">Museo Faina de Orvieto<\/a>.<\/p>\n","protected":false},"excerpt":{"rendered":"<p>La presencia etrusca ha caracterizado la historia y la conformaci\u00f3n de Orvieto desde la antig\u00fcedad, a partir del siglo VI a.C., y durante mucho tiempo, dejando huellas muy importantes a\u00fan visibles tanto en la superficie como en el rico subsuelo. Como ocurre a menudo, no s\u00f3lo las ciudades de los vivos, sino tambi\u00e9n las de [&hellip;]<\/p>\n","protected":false},"author":4,"featured_media":0,"parent":3009,"menu_order":0,"comment_status":"closed","ping_status":"closed","template":"","meta":{"om_disable_all_campaigns":false,"_monsterinsights_skip_tracking":false,"_monsterinsights_sitenote_active":false,"_monsterinsights_sitenote_note":"","_monsterinsights_sitenote_category":0},"acf":[],"yoast_head":"<!-- This site is optimized with the Yoast SEO plugin v18.4.1 - https:\/\/yoast.com\/wordpress\/plugins\/seo\/ -->\n<title>Las Necr\u00f3polis etruscas de Orvieto - Exploring Umbria<\/title>\n<meta name=\"description\" content=\"En Orvieto se han conservado admirablemente dos grandes Necr\u00f3polis etruscas situados respectivamente al norte y al sur del gran acantilado de toba\" \/>\n<meta name=\"robots\" content=\"index, follow, max-snippet:-1, max-image-preview:large, max-video-preview:-1\" \/>\n<link rel=\"canonical\" href=\"https:\/\/www.exploring-umbria.com\/es\/descubre-orvieto\/que-ver-en-orvieto\/las-necropolis-etruscas-de-orvieto\/\" \/>\n<meta property=\"og:locale\" content=\"es_ES\" \/>\n<meta property=\"og:type\" content=\"article\" \/>\n<meta property=\"og:title\" content=\"Las Necr\u00f3polis etruscas de Orvieto - Exploring Umbria\" \/>\n<meta property=\"og:description\" content=\"En Orvieto se han conservado admirablemente dos grandes Necr\u00f3polis etruscas situados respectivamente al norte y al sur del gran acantilado de toba\" \/>\n<meta property=\"og:url\" content=\"https:\/\/www.exploring-umbria.com\/es\/descubre-orvieto\/que-ver-en-orvieto\/las-necropolis-etruscas-de-orvieto\/\" \/>\n<meta property=\"og:site_name\" content=\"Exploring Umbria\" \/>\n<meta property=\"article:publisher\" content=\"https:\/\/www.facebook.com\/exploringumbria\/\" \/>\n<meta property=\"article:modified_time\" content=\"2020-03-12T19:40:21+00:00\" \/>\n<meta name=\"twitter:card\" content=\"summary_large_image\" \/>\n<meta name=\"twitter:label1\" content=\"Tiempo de lectura\" \/>\n\t<meta name=\"twitter:data1\" content=\"2 minutos\" \/>\n<script type=\"application\/ld+json\" class=\"yoast-schema-graph\">{\"@context\":\"https:\/\/schema.org\",\"@graph\":[{\"@type\":\"Organization\",\"@id\":\"https:\/\/www.exploring-umbria.com\/es\/#organization\",\"name\":\"Exploring Umbria\",\"url\":\"https:\/\/www.exploring-umbria.com\/es\/\",\"sameAs\":[\"https:\/\/www.facebook.com\/exploringumbria\/\",\"https:\/\/www.instagram.com\/exploringumbria\/\"],\"logo\":{\"@type\":\"ImageObject\",\"@id\":\"https:\/\/www.exploring-umbria.com\/es\/#logo\",\"inLanguage\":\"es\",\"url\":\"https:\/\/www.exploring-umbria.com\/wp-content\/uploads\/2019\/08\/solo-logo-verde.jpg\",\"contentUrl\":\"https:\/\/www.exploring-umbria.com\/wp-content\/uploads\/2019\/08\/solo-logo-verde.jpg\",\"width\":952,\"height\":532,\"caption\":\"Exploring Umbria\"},\"image\":{\"@id\":\"https:\/\/www.exploring-umbria.com\/es\/#logo\"}},{\"@type\":\"WebSite\",\"@id\":\"https:\/\/www.exploring-umbria.com\/es\/#website\",\"url\":\"https:\/\/www.exploring-umbria.com\/es\/\",\"name\":\"Exploring Umbria\",\"description\":\"your dates, your mood, your trip\",\"publisher\":{\"@id\":\"https:\/\/www.exploring-umbria.com\/es\/#organization\"},\"potentialAction\":[{\"@type\":\"SearchAction\",\"target\":{\"@type\":\"EntryPoint\",\"urlTemplate\":\"https:\/\/www.exploring-umbria.com\/es\/?s={search_term_string}\"},\"query-input\":\"required name=search_term_string\"}],\"inLanguage\":\"es\"},{\"@type\":\"WebPage\",\"@id\":\"https:\/\/www.exploring-umbria.com\/es\/descubre-orvieto\/que-ver-en-orvieto\/las-necropolis-etruscas-de-orvieto\/#webpage\",\"url\":\"https:\/\/www.exploring-umbria.com\/es\/descubre-orvieto\/que-ver-en-orvieto\/las-necropolis-etruscas-de-orvieto\/\",\"name\":\"Las Necr\u00f3polis etruscas de Orvieto - Exploring Umbria\",\"isPartOf\":{\"@id\":\"https:\/\/www.exploring-umbria.com\/es\/#website\"},\"datePublished\":\"2019-03-07T18:14:25+00:00\",\"dateModified\":\"2020-03-12T19:40:21+00:00\",\"description\":\"En Orvieto se han conservado admirablemente dos grandes Necr\u00f3polis etruscas situados respectivamente al norte y al sur del gran acantilado de toba\",\"breadcrumb\":{\"@id\":\"https:\/\/www.exploring-umbria.com\/es\/descubre-orvieto\/que-ver-en-orvieto\/las-necropolis-etruscas-de-orvieto\/#breadcrumb\"},\"inLanguage\":\"es\",\"potentialAction\":[{\"@type\":\"ReadAction\",\"target\":[\"https:\/\/www.exploring-umbria.com\/es\/descubre-orvieto\/que-ver-en-orvieto\/las-necropolis-etruscas-de-orvieto\/\"]}]},{\"@type\":\"BreadcrumbList\",\"@id\":\"https:\/\/www.exploring-umbria.com\/es\/descubre-orvieto\/que-ver-en-orvieto\/las-necropolis-etruscas-de-orvieto\/#breadcrumb\",\"itemListElement\":[{\"@type\":\"ListItem\",\"position\":1,\"name\":\"Home\",\"item\":\"https:\/\/www.exploring-umbria.com\/es\/\"},{\"@type\":\"ListItem\",\"position\":2,\"name\":\"Descubre Orvieto\",\"item\":\"https:\/\/www.exploring-umbria.com\/es\/descubre-orvieto\/\"},{\"@type\":\"ListItem\",\"position\":3,\"name\":\"Qu\u00e9 Ver en Orvieto\",\"item\":\"https:\/\/www.exploring-umbria.com\/es\/descubre-orvieto\/que-ver-en-orvieto\/\"},{\"@type\":\"ListItem\",\"position\":4,\"name\":\"Las Necr\u00f3polis etruscas de Orvieto\"}]}]}<\/script>\n<!-- \/ Yoast SEO plugin. -->","yoast_head_json":{"title":"Las Necr\u00f3polis etruscas de Orvieto - Exploring Umbria","description":"En Orvieto se han conservado admirablemente dos grandes Necr\u00f3polis etruscas situados respectivamente al norte y al sur del gran acantilado de toba","robots":{"index":"index","follow":"follow","max-snippet":"max-snippet:-1","max-image-preview":"max-image-preview:large","max-video-preview":"max-video-preview:-1"},"canonical":"https:\/\/www.exploring-umbria.com\/es\/descubre-orvieto\/que-ver-en-orvieto\/las-necropolis-etruscas-de-orvieto\/","og_locale":"es_ES","og_type":"article","og_title":"Las Necr\u00f3polis etruscas de Orvieto - Exploring Umbria","og_description":"En Orvieto se han conservado admirablemente dos grandes Necr\u00f3polis etruscas situados respectivamente al norte y al sur del gran acantilado de toba","og_url":"https:\/\/www.exploring-umbria.com\/es\/descubre-orvieto\/que-ver-en-orvieto\/las-necropolis-etruscas-de-orvieto\/","og_site_name":"Exploring Umbria","article_publisher":"https:\/\/www.facebook.com\/exploringumbria\/","article_modified_time":"2020-03-12T19:40:21+00:00","twitter_card":"summary_large_image","twitter_misc":{"Tiempo de lectura":"2 minutos"},"schema":{"@context":"https:\/\/schema.org","@graph":[{"@type":"Organization","@id":"https:\/\/www.exploring-umbria.com\/es\/#organization","name":"Exploring Umbria","url":"https:\/\/www.exploring-umbria.com\/es\/","sameAs":["https:\/\/www.facebook.com\/exploringumbria\/","https:\/\/www.instagram.com\/exploringumbria\/"],"logo":{"@type":"ImageObject","@id":"https:\/\/www.exploring-umbria.com\/es\/#logo","inLanguage":"es","url":"https:\/\/www.exploring-umbria.com\/wp-content\/uploads\/2019\/08\/solo-logo-verde.jpg","contentUrl":"https:\/\/www.exploring-umbria.com\/wp-content\/uploads\/2019\/08\/solo-logo-verde.jpg","width":952,"height":532,"caption":"Exploring Umbria"},"image":{"@id":"https:\/\/www.exploring-umbria.com\/es\/#logo"}},{"@type":"WebSite","@id":"https:\/\/www.exploring-umbria.com\/es\/#website","url":"https:\/\/www.exploring-umbria.com\/es\/","name":"Exploring Umbria","description":"your dates, your mood, your trip","publisher":{"@id":"https:\/\/www.exploring-umbria.com\/es\/#organization"},"potentialAction":[{"@type":"SearchAction","target":{"@type":"EntryPoint","urlTemplate":"https:\/\/www.exploring-umbria.com\/es\/?s={search_term_string}"},"query-input":"required name=search_term_string"}],"inLanguage":"es"},{"@type":"WebPage","@id":"https:\/\/www.exploring-umbria.com\/es\/descubre-orvieto\/que-ver-en-orvieto\/las-necropolis-etruscas-de-orvieto\/#webpage","url":"https:\/\/www.exploring-umbria.com\/es\/descubre-orvieto\/que-ver-en-orvieto\/las-necropolis-etruscas-de-orvieto\/","name":"Las Necr\u00f3polis etruscas de Orvieto - Exploring Umbria","isPartOf":{"@id":"https:\/\/www.exploring-umbria.com\/es\/#website"},"datePublished":"2019-03-07T18:14:25+00:00","dateModified":"2020-03-12T19:40:21+00:00","description":"En Orvieto se han conservado admirablemente dos grandes Necr\u00f3polis etruscas situados respectivamente al norte y al sur del gran acantilado de toba","breadcrumb":{"@id":"https:\/\/www.exploring-umbria.com\/es\/descubre-orvieto\/que-ver-en-orvieto\/las-necropolis-etruscas-de-orvieto\/#breadcrumb"},"inLanguage":"es","potentialAction":[{"@type":"ReadAction","target":["https:\/\/www.exploring-umbria.com\/es\/descubre-orvieto\/que-ver-en-orvieto\/las-necropolis-etruscas-de-orvieto\/"]}]},{"@type":"BreadcrumbList","@id":"https:\/\/www.exploring-umbria.com\/es\/descubre-orvieto\/que-ver-en-orvieto\/las-necropolis-etruscas-de-orvieto\/#breadcrumb","itemListElement":[{"@type":"ListItem","position":1,"name":"Home","item":"https:\/\/www.exploring-umbria.com\/es\/"},{"@type":"ListItem","position":2,"name":"Descubre Orvieto","item":"https:\/\/www.exploring-umbria.com\/es\/descubre-orvieto\/"},{"@type":"ListItem","position":3,"name":"Qu\u00e9 Ver en Orvieto","item":"https:\/\/www.exploring-umbria.com\/es\/descubre-orvieto\/que-ver-en-orvieto\/"},{"@type":"ListItem","position":4,"name":"Las Necr\u00f3polis etruscas de Orvieto"}]}]}},"_links":{"self":[{"href":"https:\/\/www.exploring-umbria.com\/es\/wp-json\/wp\/v2\/pages\/2978"}],"collection":[{"href":"https:\/\/www.exploring-umbria.com\/es\/wp-json\/wp\/v2\/pages"}],"about":[{"href":"https:\/\/www.exploring-umbria.com\/es\/wp-json\/wp\/v2\/types\/page"}],"author":[{"embeddable":true,"href":"https:\/\/www.exploring-umbria.com\/es\/wp-json\/wp\/v2\/users\/4"}],"replies":[{"embeddable":true,"href":"https:\/\/www.exploring-umbria.com\/es\/wp-json\/wp\/v2\/comments?post=2978"}],"version-history":[{"count":4,"href":"https:\/\/www.exploring-umbria.com\/es\/wp-json\/wp\/v2\/pages\/2978\/revisions"}],"predecessor-version":[{"id":32435,"href":"https:\/\/www.exploring-umbria.com\/es\/wp-json\/wp\/v2\/pages\/2978\/revisions\/32435"}],"up":[{"embeddable":true,"href":"https:\/\/www.exploring-umbria.com\/es\/wp-json\/wp\/v2\/pages\/3009"}],"wp:attachment":[{"href":"https:\/\/www.exploring-umbria.com\/es\/wp-json\/wp\/v2\/media?parent=2978"}],"curies":[{"name":"wp","href":"https:\/\/api.w.org\/{rel}","templated":true}]}}