{"id":2966,"date":"2019-03-07T19:26:12","date_gmt":"2019-03-07T18:26:12","guid":{"rendered":"https:\/\/www.exploring-umbria.com\/pozzo-di-san-patrizio\/"},"modified":"2020-03-12T21:36:30","modified_gmt":"2020-03-12T20:36:30","slug":"el-pozo-de-san-patricio","status":"publish","type":"page","link":"https:\/\/www.exploring-umbria.com\/es\/descubre-orvieto\/que-ver-en-orvieto\/el-pozo-de-san-patricio\/","title":{"rendered":"El Pozo de San Patricio"},"content":{"rendered":"<p>Una de las atracciones tur\u00edsticas m\u00e1s famosas de la ciudad de Orvieto es sin duda el <strong>Pozo de San Patricio<\/strong>. La obra maestra de la ingenier\u00eda hidr\u00e1ulica, si bien forma parte del intrincado sistema subterr\u00e1neo de toda la ciudad, es \u00fanica y una maravilla que no hay que perderse.<\/p>\n<p>La obra fue encargada en 1527 por el Papa Clemente VII, que se hab\u00eda refugiado en Orvieto despu\u00e9s del ruinoso \u00absaqueo de Roma\u00bb. Con el fin de garantizar el abastecimiento de agua de la <a href=\"https:\/\/www.exploring-umbria.com\/es\/subcategories\/cosa-fare-e-cosa-vedere-ad-orvieto\/#heading2959\" target=\"_blank\" rel=\"noopener noreferrer\">Fortaleza de Albornoz<\/a> en caso de asedio, el pont\u00edfice encarg\u00f3 el ambicioso proyecto a<a href=\"https:\/\/es.wikipedia.org\/wiki\/Antonio_da_Sangallo_el_Joven\" target=\"_blank\" rel=\"noopener noreferrer\"> <em>Antonio da Sangallo el Joven<\/em><\/a>, que demostr\u00f3 toda su destreza como artista renacentista.<\/p>\n<p>El pozo tiene una profundidad de cincuenta y tres metros y un di\u00e1metro de trece y est\u00e1 situado en el interior de la Fortaleza, en el lugar donde habr\u00eda sido estrat\u00e9gicamente m\u00e1s f\u00e1cil llegar al acu\u00edfero. La excepcionalidad del proyecto radica en la idea de <em>Sangallo<\/em> de crear dos escaleras de caracol monumentales (en el modelo de la escalera de caracol de la Villa Belvedere en el Vaticano) que nunca se encuentran, cada una de las cuales consta de 248 pelda\u00f1os, dise\u00f1adas para garantizar el movimiento de las bestias de carga utilizadas para el transporte de agua sin que \u00e9stas colisionen en ambos sentidos de viaje. Hoy en d\u00eda, la evocadora escalera puede ser visitada y viajada por turistas que desean disfrutar de un espect\u00e1culo sin igual. Los pasillos de las escaleras est\u00e1n iluminados por setenta y dos ventanas que dan a toda la estructura una atm\u00f3sfera sugerente. El pozo fue inicialmente conocido como el Pozo de la Fortaleza, pero fue rebautizado con el nombre de San Patricio, a instancias de los monjes del cercano convento de los Siervos, quienes asimilaron la estructura de Orvieto al famoso pozo del santo irland\u00e9s, del que se dec\u00eda que se pod\u00eda descender al Purgatorio.<\/p>\n","protected":false},"excerpt":{"rendered":"<p>Una de las atracciones tur\u00edsticas m\u00e1s famosas de la ciudad de Orvieto es sin duda el Pozo de San Patricio. La obra maestra de la ingenier\u00eda hidr\u00e1ulica, si bien forma parte del intrincado sistema subterr\u00e1neo de toda la ciudad, es \u00fanica y una maravilla que no hay que perderse. La obra fue encargada en 1527 [&hellip;]<\/p>\n","protected":false},"author":4,"featured_media":5375,"parent":3009,"menu_order":0,"comment_status":"closed","ping_status":"closed","template":"","meta":{"om_disable_all_campaigns":false,"_monsterinsights_skip_tracking":false,"_monsterinsights_sitenote_active":false,"_monsterinsights_sitenote_note":"","_monsterinsights_sitenote_category":0},"acf":[],"yoast_head":"<!-- This site is optimized with the Yoast SEO plugin v18.4.1 - https:\/\/yoast.com\/wordpress\/plugins\/seo\/ -->\n<title>El Pozo de San Patricio - Exploring Umbria<\/title>\n<meta name=\"description\" content=\"Una de las atracciones tur\u00edsticas m\u00e1s famosas de la ciudad de Orvieto es sin duda el Pozo de San Patricio. La obra maestra de la ingenier\u00eda hidr\u00e1ulica, si\" \/>\n<meta name=\"robots\" content=\"index, follow, max-snippet:-1, max-image-preview:large, max-video-preview:-1\" \/>\n<link rel=\"canonical\" href=\"https:\/\/www.exploring-umbria.com\/es\/descubre-orvieto\/que-ver-en-orvieto\/el-pozo-de-san-patricio\/\" \/>\n<meta property=\"og:locale\" content=\"es_ES\" \/>\n<meta property=\"og:type\" content=\"article\" \/>\n<meta property=\"og:title\" content=\"El Pozo de San Patricio - Exploring Umbria\" \/>\n<meta property=\"og:description\" content=\"Una de las atracciones tur\u00edsticas m\u00e1s famosas de la ciudad de Orvieto es sin duda el Pozo de San Patricio. La obra maestra de la ingenier\u00eda hidr\u00e1ulica, si\" \/>\n<meta property=\"og:url\" content=\"https:\/\/www.exploring-umbria.com\/es\/descubre-orvieto\/que-ver-en-orvieto\/el-pozo-de-san-patricio\/\" \/>\n<meta property=\"og:site_name\" content=\"Exploring Umbria\" \/>\n<meta property=\"article:publisher\" content=\"https:\/\/www.facebook.com\/exploringumbria\/\" \/>\n<meta property=\"article:modified_time\" content=\"2020-03-12T20:36:30+00:00\" \/>\n<meta property=\"og:image\" content=\"https:\/\/www.exploring-umbria.com\/wp-content\/uploads\/2019\/05\/orvieto-sotterranea-2.jpeg\" \/>\n\t<meta property=\"og:image:width\" content=\"1800\" \/>\n\t<meta property=\"og:image:height\" content=\"1200\" \/>\n\t<meta property=\"og:image:type\" content=\"image\/jpeg\" \/>\n<meta name=\"twitter:card\" content=\"summary_large_image\" \/>\n<meta name=\"twitter:label1\" content=\"Tiempo de lectura\" \/>\n\t<meta name=\"twitter:data1\" content=\"2 minutos\" \/>\n<script type=\"application\/ld+json\" class=\"yoast-schema-graph\">{\"@context\":\"https:\/\/schema.org\",\"@graph\":[{\"@type\":\"Organization\",\"@id\":\"https:\/\/www.exploring-umbria.com\/es\/#organization\",\"name\":\"Exploring Umbria\",\"url\":\"https:\/\/www.exploring-umbria.com\/es\/\",\"sameAs\":[\"https:\/\/www.facebook.com\/exploringumbria\/\",\"https:\/\/www.instagram.com\/exploringumbria\/\"],\"logo\":{\"@type\":\"ImageObject\",\"@id\":\"https:\/\/www.exploring-umbria.com\/es\/#logo\",\"inLanguage\":\"es\",\"url\":\"https:\/\/www.exploring-umbria.com\/wp-content\/uploads\/2019\/08\/solo-logo-verde.jpg\",\"contentUrl\":\"https:\/\/www.exploring-umbria.com\/wp-content\/uploads\/2019\/08\/solo-logo-verde.jpg\",\"width\":952,\"height\":532,\"caption\":\"Exploring Umbria\"},\"image\":{\"@id\":\"https:\/\/www.exploring-umbria.com\/es\/#logo\"}},{\"@type\":\"WebSite\",\"@id\":\"https:\/\/www.exploring-umbria.com\/es\/#website\",\"url\":\"https:\/\/www.exploring-umbria.com\/es\/\",\"name\":\"Exploring Umbria\",\"description\":\"your dates, your mood, your trip\",\"publisher\":{\"@id\":\"https:\/\/www.exploring-umbria.com\/es\/#organization\"},\"potentialAction\":[{\"@type\":\"SearchAction\",\"target\":{\"@type\":\"EntryPoint\",\"urlTemplate\":\"https:\/\/www.exploring-umbria.com\/es\/?s={search_term_string}\"},\"query-input\":\"required name=search_term_string\"}],\"inLanguage\":\"es\"},{\"@type\":\"ImageObject\",\"@id\":\"https:\/\/www.exploring-umbria.com\/es\/descubre-orvieto\/que-ver-en-orvieto\/el-pozo-de-san-patricio\/#primaryimage\",\"inLanguage\":\"es\",\"url\":\"https:\/\/www.exploring-umbria.com\/wp-content\/uploads\/2019\/05\/orvieto-sotterranea-2.jpeg\",\"contentUrl\":\"https:\/\/www.exploring-umbria.com\/wp-content\/uploads\/2019\/05\/orvieto-sotterranea-2.jpeg\",\"width\":1800,\"height\":1200,\"caption\":\"pozzo di san Patrizio\"},{\"@type\":\"WebPage\",\"@id\":\"https:\/\/www.exploring-umbria.com\/es\/descubre-orvieto\/que-ver-en-orvieto\/el-pozo-de-san-patricio\/#webpage\",\"url\":\"https:\/\/www.exploring-umbria.com\/es\/descubre-orvieto\/que-ver-en-orvieto\/el-pozo-de-san-patricio\/\",\"name\":\"El Pozo de San Patricio - Exploring Umbria\",\"isPartOf\":{\"@id\":\"https:\/\/www.exploring-umbria.com\/es\/#website\"},\"primaryImageOfPage\":{\"@id\":\"https:\/\/www.exploring-umbria.com\/es\/descubre-orvieto\/que-ver-en-orvieto\/el-pozo-de-san-patricio\/#primaryimage\"},\"datePublished\":\"2019-03-07T18:26:12+00:00\",\"dateModified\":\"2020-03-12T20:36:30+00:00\",\"description\":\"Una de las atracciones tur\u00edsticas m\u00e1s famosas de la ciudad de Orvieto es sin duda el Pozo de San Patricio. La obra maestra de la ingenier\u00eda hidr\u00e1ulica, si\",\"breadcrumb\":{\"@id\":\"https:\/\/www.exploring-umbria.com\/es\/descubre-orvieto\/que-ver-en-orvieto\/el-pozo-de-san-patricio\/#breadcrumb\"},\"inLanguage\":\"es\",\"potentialAction\":[{\"@type\":\"ReadAction\",\"target\":[\"https:\/\/www.exploring-umbria.com\/es\/descubre-orvieto\/que-ver-en-orvieto\/el-pozo-de-san-patricio\/\"]}]},{\"@type\":\"BreadcrumbList\",\"@id\":\"https:\/\/www.exploring-umbria.com\/es\/descubre-orvieto\/que-ver-en-orvieto\/el-pozo-de-san-patricio\/#breadcrumb\",\"itemListElement\":[{\"@type\":\"ListItem\",\"position\":1,\"name\":\"Home\",\"item\":\"https:\/\/www.exploring-umbria.com\/es\/\"},{\"@type\":\"ListItem\",\"position\":2,\"name\":\"Descubre Orvieto\",\"item\":\"https:\/\/www.exploring-umbria.com\/es\/descubre-orvieto\/\"},{\"@type\":\"ListItem\",\"position\":3,\"name\":\"Qu\u00e9 Ver en Orvieto\",\"item\":\"https:\/\/www.exploring-umbria.com\/es\/descubre-orvieto\/que-ver-en-orvieto\/\"},{\"@type\":\"ListItem\",\"position\":4,\"name\":\"El Pozo de San Patricio\"}]}]}<\/script>\n<!-- \/ Yoast SEO plugin. -->","yoast_head_json":{"title":"El Pozo de San Patricio - Exploring Umbria","description":"Una de las atracciones tur\u00edsticas m\u00e1s famosas de la ciudad de Orvieto es sin duda el Pozo de San Patricio. La obra maestra de la ingenier\u00eda hidr\u00e1ulica, si","robots":{"index":"index","follow":"follow","max-snippet":"max-snippet:-1","max-image-preview":"max-image-preview:large","max-video-preview":"max-video-preview:-1"},"canonical":"https:\/\/www.exploring-umbria.com\/es\/descubre-orvieto\/que-ver-en-orvieto\/el-pozo-de-san-patricio\/","og_locale":"es_ES","og_type":"article","og_title":"El Pozo de San Patricio - Exploring Umbria","og_description":"Una de las atracciones tur\u00edsticas m\u00e1s famosas de la ciudad de Orvieto es sin duda el Pozo de San Patricio. La obra maestra de la ingenier\u00eda hidr\u00e1ulica, si","og_url":"https:\/\/www.exploring-umbria.com\/es\/descubre-orvieto\/que-ver-en-orvieto\/el-pozo-de-san-patricio\/","og_site_name":"Exploring Umbria","article_publisher":"https:\/\/www.facebook.com\/exploringumbria\/","article_modified_time":"2020-03-12T20:36:30+00:00","og_image":[{"width":1800,"height":1200,"url":"https:\/\/www.exploring-umbria.com\/wp-content\/uploads\/2019\/05\/orvieto-sotterranea-2.jpeg","type":"image\/jpeg"}],"twitter_card":"summary_large_image","twitter_misc":{"Tiempo de lectura":"2 minutos"},"schema":{"@context":"https:\/\/schema.org","@graph":[{"@type":"Organization","@id":"https:\/\/www.exploring-umbria.com\/es\/#organization","name":"Exploring Umbria","url":"https:\/\/www.exploring-umbria.com\/es\/","sameAs":["https:\/\/www.facebook.com\/exploringumbria\/","https:\/\/www.instagram.com\/exploringumbria\/"],"logo":{"@type":"ImageObject","@id":"https:\/\/www.exploring-umbria.com\/es\/#logo","inLanguage":"es","url":"https:\/\/www.exploring-umbria.com\/wp-content\/uploads\/2019\/08\/solo-logo-verde.jpg","contentUrl":"https:\/\/www.exploring-umbria.com\/wp-content\/uploads\/2019\/08\/solo-logo-verde.jpg","width":952,"height":532,"caption":"Exploring Umbria"},"image":{"@id":"https:\/\/www.exploring-umbria.com\/es\/#logo"}},{"@type":"WebSite","@id":"https:\/\/www.exploring-umbria.com\/es\/#website","url":"https:\/\/www.exploring-umbria.com\/es\/","name":"Exploring Umbria","description":"your dates, your mood, your trip","publisher":{"@id":"https:\/\/www.exploring-umbria.com\/es\/#organization"},"potentialAction":[{"@type":"SearchAction","target":{"@type":"EntryPoint","urlTemplate":"https:\/\/www.exploring-umbria.com\/es\/?s={search_term_string}"},"query-input":"required name=search_term_string"}],"inLanguage":"es"},{"@type":"ImageObject","@id":"https:\/\/www.exploring-umbria.com\/es\/descubre-orvieto\/que-ver-en-orvieto\/el-pozo-de-san-patricio\/#primaryimage","inLanguage":"es","url":"https:\/\/www.exploring-umbria.com\/wp-content\/uploads\/2019\/05\/orvieto-sotterranea-2.jpeg","contentUrl":"https:\/\/www.exploring-umbria.com\/wp-content\/uploads\/2019\/05\/orvieto-sotterranea-2.jpeg","width":1800,"height":1200,"caption":"pozzo di san Patrizio"},{"@type":"WebPage","@id":"https:\/\/www.exploring-umbria.com\/es\/descubre-orvieto\/que-ver-en-orvieto\/el-pozo-de-san-patricio\/#webpage","url":"https:\/\/www.exploring-umbria.com\/es\/descubre-orvieto\/que-ver-en-orvieto\/el-pozo-de-san-patricio\/","name":"El Pozo de San Patricio - Exploring Umbria","isPartOf":{"@id":"https:\/\/www.exploring-umbria.com\/es\/#website"},"primaryImageOfPage":{"@id":"https:\/\/www.exploring-umbria.com\/es\/descubre-orvieto\/que-ver-en-orvieto\/el-pozo-de-san-patricio\/#primaryimage"},"datePublished":"2019-03-07T18:26:12+00:00","dateModified":"2020-03-12T20:36:30+00:00","description":"Una de las atracciones tur\u00edsticas m\u00e1s famosas de la ciudad de Orvieto es sin duda el Pozo de San Patricio. La obra maestra de la ingenier\u00eda hidr\u00e1ulica, si","breadcrumb":{"@id":"https:\/\/www.exploring-umbria.com\/es\/descubre-orvieto\/que-ver-en-orvieto\/el-pozo-de-san-patricio\/#breadcrumb"},"inLanguage":"es","potentialAction":[{"@type":"ReadAction","target":["https:\/\/www.exploring-umbria.com\/es\/descubre-orvieto\/que-ver-en-orvieto\/el-pozo-de-san-patricio\/"]}]},{"@type":"BreadcrumbList","@id":"https:\/\/www.exploring-umbria.com\/es\/descubre-orvieto\/que-ver-en-orvieto\/el-pozo-de-san-patricio\/#breadcrumb","itemListElement":[{"@type":"ListItem","position":1,"name":"Home","item":"https:\/\/www.exploring-umbria.com\/es\/"},{"@type":"ListItem","position":2,"name":"Descubre Orvieto","item":"https:\/\/www.exploring-umbria.com\/es\/descubre-orvieto\/"},{"@type":"ListItem","position":3,"name":"Qu\u00e9 Ver en Orvieto","item":"https:\/\/www.exploring-umbria.com\/es\/descubre-orvieto\/que-ver-en-orvieto\/"},{"@type":"ListItem","position":4,"name":"El Pozo de San Patricio"}]}]}},"_links":{"self":[{"href":"https:\/\/www.exploring-umbria.com\/es\/wp-json\/wp\/v2\/pages\/2966"}],"collection":[{"href":"https:\/\/www.exploring-umbria.com\/es\/wp-json\/wp\/v2\/pages"}],"about":[{"href":"https:\/\/www.exploring-umbria.com\/es\/wp-json\/wp\/v2\/types\/page"}],"author":[{"embeddable":true,"href":"https:\/\/www.exploring-umbria.com\/es\/wp-json\/wp\/v2\/users\/4"}],"replies":[{"embeddable":true,"href":"https:\/\/www.exploring-umbria.com\/es\/wp-json\/wp\/v2\/comments?post=2966"}],"version-history":[{"count":4,"href":"https:\/\/www.exploring-umbria.com\/es\/wp-json\/wp\/v2\/pages\/2966\/revisions"}],"predecessor-version":[{"id":32451,"href":"https:\/\/www.exploring-umbria.com\/es\/wp-json\/wp\/v2\/pages\/2966\/revisions\/32451"}],"up":[{"embeddable":true,"href":"https:\/\/www.exploring-umbria.com\/es\/wp-json\/wp\/v2\/pages\/3009"}],"wp:featuredmedia":[{"embeddable":true,"href":"https:\/\/www.exploring-umbria.com\/es\/wp-json\/wp\/v2\/media\/5375"}],"wp:attachment":[{"href":"https:\/\/www.exploring-umbria.com\/es\/wp-json\/wp\/v2\/media?parent=2966"}],"curies":[{"name":"wp","href":"https:\/\/api.w.org\/{rel}","templated":true}]}}