{"id":2964,"date":"2019-03-07T19:27:05","date_gmt":"2019-03-07T18:27:05","guid":{"rendered":"https:\/\/www.exploring-umbria.com\/pozzo-della-cava\/"},"modified":"2020-03-12T21:32:55","modified_gmt":"2020-03-12T20:32:55","slug":"el-pozo-della-cava","status":"publish","type":"page","link":"https:\/\/www.exploring-umbria.com\/es\/descubre-orvieto\/que-ver-en-orvieto\/el-pozo-della-cava\/","title":{"rendered":"El Pozo della Cava"},"content":{"rendered":"<p>En una de las zonas m\u00e1s antiguas y pintorescas de la ciudad, accesible desde Via della Cava, se encuentra el interesante y hom\u00f3nimo Pozo, llamado as\u00ed porque la zona albergaba en la antig\u00fcedad una cantera (en italiano, cava) de materiales de construcci\u00f3n.<\/p>\n<p>El pozo, sacado a la luz por diversas intervenciones, ha dado a conocer una profundidad de 36 metros, articulado en dos estructuras anexas: la primera de planta circular tiene un di\u00e1metro de unos 3,40 metros, la segunda de forma rectangular, tiene unas dimensiones de 60 x 80 cent\u00edmetros y presenta los claros signos de las \u00abpedarole\u00bb etruscas, es decir, los grabados realizados en las paredes para permitir el ascenso y el descenso.<\/p>\n<p>Tras el descubrimiento de una carta aut\u00f3grafa de <a href=\"https:\/\/es.wikipedia.org\/wiki\/Antonio_da_Sangallo_el_Joven\" target=\"_blank\" rel=\"noopener noreferrer\"><em>Antonio da Sangallo el Joven<\/em><\/a>, descubierta por <em>Lucio Ricetti<\/em> en 1999, fue posible confirmar que el della Cava fue el primer pozo construido en Orvieto por encargo del Papa Clemente VII, hacia 1527, incluso antes del igualmente famoso <a href=\"https:\/\/www.exploring-umbria.com\/es\/subcategories\/cosa-fare-e-cosa-vedere-ad-orvieto\/#heading2966\" target=\"_blank\" rel=\"noopener noreferrer\">Pozo di S. Patricio<\/a>.<\/p>\n<p>El pozzo fue enteramente excavado a mano en la toba litoide de la que est\u00e1 compuesto el acantilado de Orvieto, y debe haber tenido un origen muy antiguo, ya que a su alrededor hay una serie de salas y \u00abcuevas\u00bb que datan de varias \u00e9pocas y con diferentes funciones: restos de tumbas, t\u00faneles para el agua y cisternas que datan de la \u00e9poca etrusca, pero tambi\u00e9n restos de un horno para la fabricaci\u00f3n de cer\u00e1micas o bodegas de la Edad Media.<\/p>\n<p>Durante el periodo navide\u00f1o, el Pozo representa desde hace algunos a\u00f1os en el lugar ideal para un bel\u00e9n con encanto que se ha convertido en un evento de atracci\u00f3n tur\u00edstica. Es conocido precisamente como \u00abLa Natividad en el Pozo\u00bb, e incluye verdaderas representaciones religiosas sobre el tema de la Natividad.<\/p>\n","protected":false},"excerpt":{"rendered":"<p>En una de las zonas m\u00e1s antiguas y pintorescas de la ciudad, accesible desde Via della Cava, se encuentra el interesante y hom\u00f3nimo Pozo, llamado as\u00ed porque la zona albergaba en la antig\u00fcedad una cantera (en italiano, cava) de materiales de construcci\u00f3n. El pozo, sacado a la luz por diversas intervenciones, ha dado a conocer [&hellip;]<\/p>\n","protected":false},"author":4,"featured_media":36280,"parent":3009,"menu_order":0,"comment_status":"closed","ping_status":"closed","template":"","meta":{"om_disable_all_campaigns":false,"_monsterinsights_skip_tracking":false,"_monsterinsights_sitenote_active":false,"_monsterinsights_sitenote_note":"","_monsterinsights_sitenote_category":0},"acf":[],"yoast_head":"<!-- This site is optimized with the Yoast SEO plugin v18.4.1 - https:\/\/yoast.com\/wordpress\/plugins\/seo\/ -->\n<title>El Pozo della Cava - Exploring Umbria<\/title>\n<meta name=\"description\" content=\"En una de las zonas m\u00e1s antiguas y pintorescas de la ciudad, accesible desde Via della Cava, se encuentra el interesante y hom\u00f3nimo Pozo, llamado as\u00ed\" \/>\n<meta name=\"robots\" content=\"index, follow, max-snippet:-1, max-image-preview:large, max-video-preview:-1\" \/>\n<link rel=\"canonical\" href=\"https:\/\/www.exploring-umbria.com\/es\/descubre-orvieto\/que-ver-en-orvieto\/el-pozo-della-cava\/\" \/>\n<meta property=\"og:locale\" content=\"es_ES\" \/>\n<meta property=\"og:type\" content=\"article\" \/>\n<meta property=\"og:title\" content=\"El Pozo della Cava - Exploring Umbria\" \/>\n<meta property=\"og:description\" content=\"En una de las zonas m\u00e1s antiguas y pintorescas de la ciudad, accesible desde Via della Cava, se encuentra el interesante y hom\u00f3nimo Pozo, llamado as\u00ed\" \/>\n<meta property=\"og:url\" content=\"https:\/\/www.exploring-umbria.com\/es\/descubre-orvieto\/que-ver-en-orvieto\/el-pozo-della-cava\/\" \/>\n<meta property=\"og:site_name\" content=\"Exploring Umbria\" \/>\n<meta property=\"article:publisher\" content=\"https:\/\/www.facebook.com\/exploringumbria\/\" \/>\n<meta property=\"article:modified_time\" content=\"2020-03-12T20:32:55+00:00\" \/>\n<meta property=\"og:image\" content=\"https:\/\/www.exploring-umbria.com\/wp-content\/uploads\/2020\/06\/C-pozzo-dallalto.jpg\" \/>\n\t<meta property=\"og:image:width\" content=\"800\" \/>\n\t<meta property=\"og:image:height\" content=\"800\" \/>\n\t<meta property=\"og:image:type\" content=\"image\/jpeg\" \/>\n<meta name=\"twitter:card\" content=\"summary_large_image\" \/>\n<meta name=\"twitter:label1\" content=\"Tiempo de lectura\" \/>\n\t<meta name=\"twitter:data1\" content=\"2 minutos\" \/>\n<script type=\"application\/ld+json\" class=\"yoast-schema-graph\">{\"@context\":\"https:\/\/schema.org\",\"@graph\":[{\"@type\":\"Organization\",\"@id\":\"https:\/\/www.exploring-umbria.com\/es\/#organization\",\"name\":\"Exploring Umbria\",\"url\":\"https:\/\/www.exploring-umbria.com\/es\/\",\"sameAs\":[\"https:\/\/www.facebook.com\/exploringumbria\/\",\"https:\/\/www.instagram.com\/exploringumbria\/\"],\"logo\":{\"@type\":\"ImageObject\",\"@id\":\"https:\/\/www.exploring-umbria.com\/es\/#logo\",\"inLanguage\":\"es\",\"url\":\"https:\/\/www.exploring-umbria.com\/wp-content\/uploads\/2019\/08\/solo-logo-verde.jpg\",\"contentUrl\":\"https:\/\/www.exploring-umbria.com\/wp-content\/uploads\/2019\/08\/solo-logo-verde.jpg\",\"width\":952,\"height\":532,\"caption\":\"Exploring Umbria\"},\"image\":{\"@id\":\"https:\/\/www.exploring-umbria.com\/es\/#logo\"}},{\"@type\":\"WebSite\",\"@id\":\"https:\/\/www.exploring-umbria.com\/es\/#website\",\"url\":\"https:\/\/www.exploring-umbria.com\/es\/\",\"name\":\"Exploring Umbria\",\"description\":\"your dates, your mood, your trip\",\"publisher\":{\"@id\":\"https:\/\/www.exploring-umbria.com\/es\/#organization\"},\"potentialAction\":[{\"@type\":\"SearchAction\",\"target\":{\"@type\":\"EntryPoint\",\"urlTemplate\":\"https:\/\/www.exploring-umbria.com\/es\/?s={search_term_string}\"},\"query-input\":\"required name=search_term_string\"}],\"inLanguage\":\"es\"},{\"@type\":\"ImageObject\",\"@id\":\"https:\/\/www.exploring-umbria.com\/es\/descubre-orvieto\/que-ver-en-orvieto\/el-pozo-della-cava\/#primaryimage\",\"inLanguage\":\"es\",\"url\":\"https:\/\/www.exploring-umbria.com\/wp-content\/uploads\/2020\/06\/C-pozzo-dallalto.jpg\",\"contentUrl\":\"https:\/\/www.exploring-umbria.com\/wp-content\/uploads\/2020\/06\/C-pozzo-dallalto.jpg\",\"width\":800,\"height\":800,\"caption\":\"Pozzo della Cava\"},{\"@type\":\"WebPage\",\"@id\":\"https:\/\/www.exploring-umbria.com\/es\/descubre-orvieto\/que-ver-en-orvieto\/el-pozo-della-cava\/#webpage\",\"url\":\"https:\/\/www.exploring-umbria.com\/es\/descubre-orvieto\/que-ver-en-orvieto\/el-pozo-della-cava\/\",\"name\":\"El Pozo della Cava - Exploring Umbria\",\"isPartOf\":{\"@id\":\"https:\/\/www.exploring-umbria.com\/es\/#website\"},\"primaryImageOfPage\":{\"@id\":\"https:\/\/www.exploring-umbria.com\/es\/descubre-orvieto\/que-ver-en-orvieto\/el-pozo-della-cava\/#primaryimage\"},\"datePublished\":\"2019-03-07T18:27:05+00:00\",\"dateModified\":\"2020-03-12T20:32:55+00:00\",\"description\":\"En una de las zonas m\u00e1s antiguas y pintorescas de la ciudad, accesible desde Via della Cava, se encuentra el interesante y hom\u00f3nimo Pozo, llamado as\u00ed\",\"breadcrumb\":{\"@id\":\"https:\/\/www.exploring-umbria.com\/es\/descubre-orvieto\/que-ver-en-orvieto\/el-pozo-della-cava\/#breadcrumb\"},\"inLanguage\":\"es\",\"potentialAction\":[{\"@type\":\"ReadAction\",\"target\":[\"https:\/\/www.exploring-umbria.com\/es\/descubre-orvieto\/que-ver-en-orvieto\/el-pozo-della-cava\/\"]}]},{\"@type\":\"BreadcrumbList\",\"@id\":\"https:\/\/www.exploring-umbria.com\/es\/descubre-orvieto\/que-ver-en-orvieto\/el-pozo-della-cava\/#breadcrumb\",\"itemListElement\":[{\"@type\":\"ListItem\",\"position\":1,\"name\":\"Home\",\"item\":\"https:\/\/www.exploring-umbria.com\/es\/\"},{\"@type\":\"ListItem\",\"position\":2,\"name\":\"Descubre Orvieto\",\"item\":\"https:\/\/www.exploring-umbria.com\/es\/descubre-orvieto\/\"},{\"@type\":\"ListItem\",\"position\":3,\"name\":\"Qu\u00e9 Ver en Orvieto\",\"item\":\"https:\/\/www.exploring-umbria.com\/es\/descubre-orvieto\/que-ver-en-orvieto\/\"},{\"@type\":\"ListItem\",\"position\":4,\"name\":\"El Pozo della Cava\"}]}]}<\/script>\n<!-- \/ Yoast SEO plugin. -->","yoast_head_json":{"title":"El Pozo della Cava - Exploring Umbria","description":"En una de las zonas m\u00e1s antiguas y pintorescas de la ciudad, accesible desde Via della Cava, se encuentra el interesante y hom\u00f3nimo Pozo, llamado as\u00ed","robots":{"index":"index","follow":"follow","max-snippet":"max-snippet:-1","max-image-preview":"max-image-preview:large","max-video-preview":"max-video-preview:-1"},"canonical":"https:\/\/www.exploring-umbria.com\/es\/descubre-orvieto\/que-ver-en-orvieto\/el-pozo-della-cava\/","og_locale":"es_ES","og_type":"article","og_title":"El Pozo della Cava - Exploring Umbria","og_description":"En una de las zonas m\u00e1s antiguas y pintorescas de la ciudad, accesible desde Via della Cava, se encuentra el interesante y hom\u00f3nimo Pozo, llamado as\u00ed","og_url":"https:\/\/www.exploring-umbria.com\/es\/descubre-orvieto\/que-ver-en-orvieto\/el-pozo-della-cava\/","og_site_name":"Exploring Umbria","article_publisher":"https:\/\/www.facebook.com\/exploringumbria\/","article_modified_time":"2020-03-12T20:32:55+00:00","og_image":[{"width":800,"height":800,"url":"https:\/\/www.exploring-umbria.com\/wp-content\/uploads\/2020\/06\/C-pozzo-dallalto.jpg","type":"image\/jpeg"}],"twitter_card":"summary_large_image","twitter_misc":{"Tiempo de lectura":"2 minutos"},"schema":{"@context":"https:\/\/schema.org","@graph":[{"@type":"Organization","@id":"https:\/\/www.exploring-umbria.com\/es\/#organization","name":"Exploring Umbria","url":"https:\/\/www.exploring-umbria.com\/es\/","sameAs":["https:\/\/www.facebook.com\/exploringumbria\/","https:\/\/www.instagram.com\/exploringumbria\/"],"logo":{"@type":"ImageObject","@id":"https:\/\/www.exploring-umbria.com\/es\/#logo","inLanguage":"es","url":"https:\/\/www.exploring-umbria.com\/wp-content\/uploads\/2019\/08\/solo-logo-verde.jpg","contentUrl":"https:\/\/www.exploring-umbria.com\/wp-content\/uploads\/2019\/08\/solo-logo-verde.jpg","width":952,"height":532,"caption":"Exploring Umbria"},"image":{"@id":"https:\/\/www.exploring-umbria.com\/es\/#logo"}},{"@type":"WebSite","@id":"https:\/\/www.exploring-umbria.com\/es\/#website","url":"https:\/\/www.exploring-umbria.com\/es\/","name":"Exploring Umbria","description":"your dates, your mood, your trip","publisher":{"@id":"https:\/\/www.exploring-umbria.com\/es\/#organization"},"potentialAction":[{"@type":"SearchAction","target":{"@type":"EntryPoint","urlTemplate":"https:\/\/www.exploring-umbria.com\/es\/?s={search_term_string}"},"query-input":"required name=search_term_string"}],"inLanguage":"es"},{"@type":"ImageObject","@id":"https:\/\/www.exploring-umbria.com\/es\/descubre-orvieto\/que-ver-en-orvieto\/el-pozo-della-cava\/#primaryimage","inLanguage":"es","url":"https:\/\/www.exploring-umbria.com\/wp-content\/uploads\/2020\/06\/C-pozzo-dallalto.jpg","contentUrl":"https:\/\/www.exploring-umbria.com\/wp-content\/uploads\/2020\/06\/C-pozzo-dallalto.jpg","width":800,"height":800,"caption":"Pozzo della Cava"},{"@type":"WebPage","@id":"https:\/\/www.exploring-umbria.com\/es\/descubre-orvieto\/que-ver-en-orvieto\/el-pozo-della-cava\/#webpage","url":"https:\/\/www.exploring-umbria.com\/es\/descubre-orvieto\/que-ver-en-orvieto\/el-pozo-della-cava\/","name":"El Pozo della Cava - Exploring Umbria","isPartOf":{"@id":"https:\/\/www.exploring-umbria.com\/es\/#website"},"primaryImageOfPage":{"@id":"https:\/\/www.exploring-umbria.com\/es\/descubre-orvieto\/que-ver-en-orvieto\/el-pozo-della-cava\/#primaryimage"},"datePublished":"2019-03-07T18:27:05+00:00","dateModified":"2020-03-12T20:32:55+00:00","description":"En una de las zonas m\u00e1s antiguas y pintorescas de la ciudad, accesible desde Via della Cava, se encuentra el interesante y hom\u00f3nimo Pozo, llamado as\u00ed","breadcrumb":{"@id":"https:\/\/www.exploring-umbria.com\/es\/descubre-orvieto\/que-ver-en-orvieto\/el-pozo-della-cava\/#breadcrumb"},"inLanguage":"es","potentialAction":[{"@type":"ReadAction","target":["https:\/\/www.exploring-umbria.com\/es\/descubre-orvieto\/que-ver-en-orvieto\/el-pozo-della-cava\/"]}]},{"@type":"BreadcrumbList","@id":"https:\/\/www.exploring-umbria.com\/es\/descubre-orvieto\/que-ver-en-orvieto\/el-pozo-della-cava\/#breadcrumb","itemListElement":[{"@type":"ListItem","position":1,"name":"Home","item":"https:\/\/www.exploring-umbria.com\/es\/"},{"@type":"ListItem","position":2,"name":"Descubre Orvieto","item":"https:\/\/www.exploring-umbria.com\/es\/descubre-orvieto\/"},{"@type":"ListItem","position":3,"name":"Qu\u00e9 Ver en Orvieto","item":"https:\/\/www.exploring-umbria.com\/es\/descubre-orvieto\/que-ver-en-orvieto\/"},{"@type":"ListItem","position":4,"name":"El Pozo della Cava"}]}]}},"_links":{"self":[{"href":"https:\/\/www.exploring-umbria.com\/es\/wp-json\/wp\/v2\/pages\/2964"}],"collection":[{"href":"https:\/\/www.exploring-umbria.com\/es\/wp-json\/wp\/v2\/pages"}],"about":[{"href":"https:\/\/www.exploring-umbria.com\/es\/wp-json\/wp\/v2\/types\/page"}],"author":[{"embeddable":true,"href":"https:\/\/www.exploring-umbria.com\/es\/wp-json\/wp\/v2\/users\/4"}],"replies":[{"embeddable":true,"href":"https:\/\/www.exploring-umbria.com\/es\/wp-json\/wp\/v2\/comments?post=2964"}],"version-history":[{"count":3,"href":"https:\/\/www.exploring-umbria.com\/es\/wp-json\/wp\/v2\/pages\/2964\/revisions"}],"predecessor-version":[{"id":32449,"href":"https:\/\/www.exploring-umbria.com\/es\/wp-json\/wp\/v2\/pages\/2964\/revisions\/32449"}],"up":[{"embeddable":true,"href":"https:\/\/www.exploring-umbria.com\/es\/wp-json\/wp\/v2\/pages\/3009"}],"wp:featuredmedia":[{"embeddable":true,"href":"https:\/\/www.exploring-umbria.com\/es\/wp-json\/wp\/v2\/media\/36280"}],"wp:attachment":[{"href":"https:\/\/www.exploring-umbria.com\/es\/wp-json\/wp\/v2\/media?parent=2964"}],"curies":[{"name":"wp","href":"https:\/\/api.w.org\/{rel}","templated":true}]}}