{"id":2961,"date":"2019-03-07T19:28:25","date_gmt":"2019-03-07T18:28:25","guid":{"rendered":"https:\/\/www.exploring-umbria.com\/chiesa-di-san-giovenale\/"},"modified":"2020-03-12T18:07:40","modified_gmt":"2020-03-12T17:07:40","slug":"iglesia-de-san-juvenal","status":"publish","type":"page","link":"https:\/\/www.exploring-umbria.com\/es\/descubre-orvieto\/que-ver-en-orvieto\/iglesia-de-san-juvenal\/","title":{"rendered":"Iglesia de San Juvenal"},"content":{"rendered":"<p>La iglesia de <strong>San Juvenal<\/strong> es probablemente la m\u00e1s antigua de la ciudad de <a href=\"https:\/\/www.exploring-umbria.com\/es\/actividades\/guided-tour-of-orvieto\/\" target=\"_blank\" rel=\"noopener noreferrer\">Orvieto<\/a>. Se encuentra en el extremo occidental del acantilado de la ciudad, sobre los restos de una antigua iglesia cristiana, ya dedicada al mismo santo, construida cerca de un antiguo templo etrusco dedicado a Tinia (J\u00fapiter).<\/p>\n<p>La estructura del moderno edificio se remonta al a\u00f1o 1004, cuando fue construido por encargo y financiaci\u00f3n de algunas familias nobles de la ciudad: los <em>Conti<\/em>, los <em>Rossi<\/em>, los <em>Di Marsciano<\/em>, los <em>Ranaldini<\/em> y otros que viv\u00edan en el barrio del Olmo.<\/p>\n<p>Actualmente la Iglesia de San Juvenal conserva la sencillez de las formas de n\u00edquel de Roma, con la fachada en sillares de toba cuadrados a la vista que abre el portal central con un arco de medio punto. En el lado izquierdo de la fachada se encuentra el campanario, que ha sido remodelado varias veces en la parte superior por los da\u00f1os causados por los rayos, mientras que en el lado derecho del edificio hay un portal de estilo renacentista decorado con un busto en bajorrelieve de <a href=\"https:\/\/es.wikipedia.org\/wiki\/Juvenal_de_Narni\" target=\"_blank\" rel=\"noopener noreferrer\">San Juvenal<\/a> vestido de obispo, fechado en 1497. En el interior, la iglesia est\u00e1 dividida en tres naves, la central es m\u00e1s grande y tiene b\u00f3veda de vigas, mientras que las dos naves laterales son m\u00e1s peque\u00f1as y tienen b\u00f3vedas de ca\u00f1\u00f3n. En las paredes, gracias a los trabajos de restauraci\u00f3n realizados en la \u00e9poca moderna, han salido a la luz los restos de algunos valiosos frescos de la pintura medieval de Orvieto que datan del siglo XIII. Desafortunadamente, parte de estas obras de arte hab\u00edan sido enlucidas y cubiertas de blanco, alrededor de 1640, tal vez como resultado de un proceso de saneamiento de la iglesia que hab\u00eda sido refugio y amparo para los que sufr\u00edan la plaga durante la grave epidemia.<\/p>\n","protected":false},"excerpt":{"rendered":"<p>La iglesia de San Juvenal es probablemente la m\u00e1s antigua de la ciudad de Orvieto. Se encuentra en el extremo occidental del acantilado de la ciudad, sobre los restos de una antigua iglesia cristiana, ya dedicada al mismo santo, construida cerca de un antiguo templo etrusco dedicado a Tinia (J\u00fapiter). La estructura del moderno edificio [&hellip;]<\/p>\n","protected":false},"author":4,"featured_media":0,"parent":3009,"menu_order":0,"comment_status":"closed","ping_status":"closed","template":"","meta":{"om_disable_all_campaigns":false,"_monsterinsights_skip_tracking":false,"_monsterinsights_sitenote_active":false,"_monsterinsights_sitenote_note":"","_monsterinsights_sitenote_category":0},"acf":[],"yoast_head":"<!-- This site is optimized with the Yoast SEO plugin v18.4.1 - https:\/\/yoast.com\/wordpress\/plugins\/seo\/ -->\n<title>Iglesia de San Juvenal - Exploring Umbria<\/title>\n<meta name=\"description\" content=\"La iglesia de San Juvenal es probablemente la m\u00e1s antigua de la ciudad de Orvieto. Se encuentra en el extremo occidental del acantilado de la ciudad,\" \/>\n<meta name=\"robots\" content=\"index, follow, max-snippet:-1, max-image-preview:large, max-video-preview:-1\" \/>\n<link rel=\"canonical\" href=\"https:\/\/www.exploring-umbria.com\/es\/descubre-orvieto\/que-ver-en-orvieto\/iglesia-de-san-juvenal\/\" \/>\n<meta property=\"og:locale\" content=\"es_ES\" \/>\n<meta property=\"og:type\" content=\"article\" \/>\n<meta property=\"og:title\" content=\"Iglesia de San Juvenal - Exploring Umbria\" \/>\n<meta property=\"og:description\" content=\"La iglesia de San Juvenal es probablemente la m\u00e1s antigua de la ciudad de Orvieto. Se encuentra en el extremo occidental del acantilado de la ciudad,\" \/>\n<meta property=\"og:url\" content=\"https:\/\/www.exploring-umbria.com\/es\/descubre-orvieto\/que-ver-en-orvieto\/iglesia-de-san-juvenal\/\" \/>\n<meta property=\"og:site_name\" content=\"Exploring Umbria\" \/>\n<meta property=\"article:publisher\" content=\"https:\/\/www.facebook.com\/exploringumbria\/\" \/>\n<meta property=\"article:modified_time\" content=\"2020-03-12T17:07:40+00:00\" \/>\n<meta name=\"twitter:card\" content=\"summary_large_image\" \/>\n<meta name=\"twitter:label1\" content=\"Tiempo de lectura\" \/>\n\t<meta name=\"twitter:data1\" content=\"2 minutos\" \/>\n<script type=\"application\/ld+json\" class=\"yoast-schema-graph\">{\"@context\":\"https:\/\/schema.org\",\"@graph\":[{\"@type\":\"Organization\",\"@id\":\"https:\/\/www.exploring-umbria.com\/es\/#organization\",\"name\":\"Exploring Umbria\",\"url\":\"https:\/\/www.exploring-umbria.com\/es\/\",\"sameAs\":[\"https:\/\/www.facebook.com\/exploringumbria\/\",\"https:\/\/www.instagram.com\/exploringumbria\/\"],\"logo\":{\"@type\":\"ImageObject\",\"@id\":\"https:\/\/www.exploring-umbria.com\/es\/#logo\",\"inLanguage\":\"es\",\"url\":\"https:\/\/www.exploring-umbria.com\/wp-content\/uploads\/2019\/08\/solo-logo-verde.jpg\",\"contentUrl\":\"https:\/\/www.exploring-umbria.com\/wp-content\/uploads\/2019\/08\/solo-logo-verde.jpg\",\"width\":952,\"height\":532,\"caption\":\"Exploring Umbria\"},\"image\":{\"@id\":\"https:\/\/www.exploring-umbria.com\/es\/#logo\"}},{\"@type\":\"WebSite\",\"@id\":\"https:\/\/www.exploring-umbria.com\/es\/#website\",\"url\":\"https:\/\/www.exploring-umbria.com\/es\/\",\"name\":\"Exploring Umbria\",\"description\":\"your dates, your mood, your trip\",\"publisher\":{\"@id\":\"https:\/\/www.exploring-umbria.com\/es\/#organization\"},\"potentialAction\":[{\"@type\":\"SearchAction\",\"target\":{\"@type\":\"EntryPoint\",\"urlTemplate\":\"https:\/\/www.exploring-umbria.com\/es\/?s={search_term_string}\"},\"query-input\":\"required name=search_term_string\"}],\"inLanguage\":\"es\"},{\"@type\":\"WebPage\",\"@id\":\"https:\/\/www.exploring-umbria.com\/es\/descubre-orvieto\/que-ver-en-orvieto\/iglesia-de-san-juvenal\/#webpage\",\"url\":\"https:\/\/www.exploring-umbria.com\/es\/descubre-orvieto\/que-ver-en-orvieto\/iglesia-de-san-juvenal\/\",\"name\":\"Iglesia de San Juvenal - Exploring Umbria\",\"isPartOf\":{\"@id\":\"https:\/\/www.exploring-umbria.com\/es\/#website\"},\"datePublished\":\"2019-03-07T18:28:25+00:00\",\"dateModified\":\"2020-03-12T17:07:40+00:00\",\"description\":\"La iglesia de San Juvenal es probablemente la m\u00e1s antigua de la ciudad de Orvieto. Se encuentra en el extremo occidental del acantilado de la ciudad,\",\"breadcrumb\":{\"@id\":\"https:\/\/www.exploring-umbria.com\/es\/descubre-orvieto\/que-ver-en-orvieto\/iglesia-de-san-juvenal\/#breadcrumb\"},\"inLanguage\":\"es\",\"potentialAction\":[{\"@type\":\"ReadAction\",\"target\":[\"https:\/\/www.exploring-umbria.com\/es\/descubre-orvieto\/que-ver-en-orvieto\/iglesia-de-san-juvenal\/\"]}]},{\"@type\":\"BreadcrumbList\",\"@id\":\"https:\/\/www.exploring-umbria.com\/es\/descubre-orvieto\/que-ver-en-orvieto\/iglesia-de-san-juvenal\/#breadcrumb\",\"itemListElement\":[{\"@type\":\"ListItem\",\"position\":1,\"name\":\"Home\",\"item\":\"https:\/\/www.exploring-umbria.com\/es\/\"},{\"@type\":\"ListItem\",\"position\":2,\"name\":\"Descubre Orvieto\",\"item\":\"https:\/\/www.exploring-umbria.com\/es\/descubre-orvieto\/\"},{\"@type\":\"ListItem\",\"position\":3,\"name\":\"Qu\u00e9 Ver en Orvieto\",\"item\":\"https:\/\/www.exploring-umbria.com\/es\/descubre-orvieto\/que-ver-en-orvieto\/\"},{\"@type\":\"ListItem\",\"position\":4,\"name\":\"Iglesia de San Juvenal\"}]}]}<\/script>\n<!-- \/ Yoast SEO plugin. -->","yoast_head_json":{"title":"Iglesia de San Juvenal - Exploring Umbria","description":"La iglesia de San Juvenal es probablemente la m\u00e1s antigua de la ciudad de Orvieto. Se encuentra en el extremo occidental del acantilado de la ciudad,","robots":{"index":"index","follow":"follow","max-snippet":"max-snippet:-1","max-image-preview":"max-image-preview:large","max-video-preview":"max-video-preview:-1"},"canonical":"https:\/\/www.exploring-umbria.com\/es\/descubre-orvieto\/que-ver-en-orvieto\/iglesia-de-san-juvenal\/","og_locale":"es_ES","og_type":"article","og_title":"Iglesia de San Juvenal - Exploring Umbria","og_description":"La iglesia de San Juvenal es probablemente la m\u00e1s antigua de la ciudad de Orvieto. Se encuentra en el extremo occidental del acantilado de la ciudad,","og_url":"https:\/\/www.exploring-umbria.com\/es\/descubre-orvieto\/que-ver-en-orvieto\/iglesia-de-san-juvenal\/","og_site_name":"Exploring Umbria","article_publisher":"https:\/\/www.facebook.com\/exploringumbria\/","article_modified_time":"2020-03-12T17:07:40+00:00","twitter_card":"summary_large_image","twitter_misc":{"Tiempo de lectura":"2 minutos"},"schema":{"@context":"https:\/\/schema.org","@graph":[{"@type":"Organization","@id":"https:\/\/www.exploring-umbria.com\/es\/#organization","name":"Exploring Umbria","url":"https:\/\/www.exploring-umbria.com\/es\/","sameAs":["https:\/\/www.facebook.com\/exploringumbria\/","https:\/\/www.instagram.com\/exploringumbria\/"],"logo":{"@type":"ImageObject","@id":"https:\/\/www.exploring-umbria.com\/es\/#logo","inLanguage":"es","url":"https:\/\/www.exploring-umbria.com\/wp-content\/uploads\/2019\/08\/solo-logo-verde.jpg","contentUrl":"https:\/\/www.exploring-umbria.com\/wp-content\/uploads\/2019\/08\/solo-logo-verde.jpg","width":952,"height":532,"caption":"Exploring Umbria"},"image":{"@id":"https:\/\/www.exploring-umbria.com\/es\/#logo"}},{"@type":"WebSite","@id":"https:\/\/www.exploring-umbria.com\/es\/#website","url":"https:\/\/www.exploring-umbria.com\/es\/","name":"Exploring Umbria","description":"your dates, your mood, your trip","publisher":{"@id":"https:\/\/www.exploring-umbria.com\/es\/#organization"},"potentialAction":[{"@type":"SearchAction","target":{"@type":"EntryPoint","urlTemplate":"https:\/\/www.exploring-umbria.com\/es\/?s={search_term_string}"},"query-input":"required name=search_term_string"}],"inLanguage":"es"},{"@type":"WebPage","@id":"https:\/\/www.exploring-umbria.com\/es\/descubre-orvieto\/que-ver-en-orvieto\/iglesia-de-san-juvenal\/#webpage","url":"https:\/\/www.exploring-umbria.com\/es\/descubre-orvieto\/que-ver-en-orvieto\/iglesia-de-san-juvenal\/","name":"Iglesia de San Juvenal - Exploring Umbria","isPartOf":{"@id":"https:\/\/www.exploring-umbria.com\/es\/#website"},"datePublished":"2019-03-07T18:28:25+00:00","dateModified":"2020-03-12T17:07:40+00:00","description":"La iglesia de San Juvenal es probablemente la m\u00e1s antigua de la ciudad de Orvieto. Se encuentra en el extremo occidental del acantilado de la ciudad,","breadcrumb":{"@id":"https:\/\/www.exploring-umbria.com\/es\/descubre-orvieto\/que-ver-en-orvieto\/iglesia-de-san-juvenal\/#breadcrumb"},"inLanguage":"es","potentialAction":[{"@type":"ReadAction","target":["https:\/\/www.exploring-umbria.com\/es\/descubre-orvieto\/que-ver-en-orvieto\/iglesia-de-san-juvenal\/"]}]},{"@type":"BreadcrumbList","@id":"https:\/\/www.exploring-umbria.com\/es\/descubre-orvieto\/que-ver-en-orvieto\/iglesia-de-san-juvenal\/#breadcrumb","itemListElement":[{"@type":"ListItem","position":1,"name":"Home","item":"https:\/\/www.exploring-umbria.com\/es\/"},{"@type":"ListItem","position":2,"name":"Descubre Orvieto","item":"https:\/\/www.exploring-umbria.com\/es\/descubre-orvieto\/"},{"@type":"ListItem","position":3,"name":"Qu\u00e9 Ver en Orvieto","item":"https:\/\/www.exploring-umbria.com\/es\/descubre-orvieto\/que-ver-en-orvieto\/"},{"@type":"ListItem","position":4,"name":"Iglesia de San Juvenal"}]}]}},"_links":{"self":[{"href":"https:\/\/www.exploring-umbria.com\/es\/wp-json\/wp\/v2\/pages\/2961"}],"collection":[{"href":"https:\/\/www.exploring-umbria.com\/es\/wp-json\/wp\/v2\/pages"}],"about":[{"href":"https:\/\/www.exploring-umbria.com\/es\/wp-json\/wp\/v2\/types\/page"}],"author":[{"embeddable":true,"href":"https:\/\/www.exploring-umbria.com\/es\/wp-json\/wp\/v2\/users\/4"}],"replies":[{"embeddable":true,"href":"https:\/\/www.exploring-umbria.com\/es\/wp-json\/wp\/v2\/comments?post=2961"}],"version-history":[{"count":4,"href":"https:\/\/www.exploring-umbria.com\/es\/wp-json\/wp\/v2\/pages\/2961\/revisions"}],"predecessor-version":[{"id":32414,"href":"https:\/\/www.exploring-umbria.com\/es\/wp-json\/wp\/v2\/pages\/2961\/revisions\/32414"}],"up":[{"embeddable":true,"href":"https:\/\/www.exploring-umbria.com\/es\/wp-json\/wp\/v2\/pages\/3009"}],"wp:attachment":[{"href":"https:\/\/www.exploring-umbria.com\/es\/wp-json\/wp\/v2\/media?parent=2961"}],"curies":[{"name":"wp","href":"https:\/\/api.w.org\/{rel}","templated":true}]}}