{"id":2959,"date":"2019-03-07T19:29:55","date_gmt":"2019-03-07T18:29:55","guid":{"rendered":"https:\/\/www.exploring-umbria.com\/la-fortezza-di-albornoz\/"},"modified":"2020-03-12T19:07:43","modified_gmt":"2020-03-12T18:07:43","slug":"la-fortaleza-de-albornoz","status":"publish","type":"page","link":"https:\/\/www.exploring-umbria.com\/es\/descubre-orvieto\/que-ver-en-orvieto\/la-fortaleza-de-albornoz\/","title":{"rendered":"La Fortaleza de Albornoz"},"content":{"rendered":"<p>Los restos de la imponente <strong>Fortaleza de Albornoz <\/strong>se encuentran en el extremo oriental del acantilado de toba, accesible desde la Plaza Cahen y apoyado en la Puerta Rocca o Soliana.<\/p>\n<p>Debido a su posici\u00f3n estrat\u00e9gica de dominio y control del valle subyacente del r\u00edo Paglia, la estructura fue construida en el siglo XIV por encargo del Cardenal <a href=\"https:\/\/es.wikipedia.org\/wiki\/Gil_%C3%81lvarez_de_Albornoz\" target=\"_blank\" rel=\"noopener noreferrer\"><em>Egidio Albornoz<\/em><\/a>, legado del Papa Inocencio VI. Seg\u00fan la noticia de la Cronoca Orvietana, las obras se iniciaron oficialmente el 25 de septiembre de 1364, bajo la direcci\u00f3n del <em>Conde Ugolino de Montemarte<\/em>, que en aquel momento ocupaba el cargo de arquitecto militar, a expensas del Ayuntamiento de Orvieto. La estructura original ten\u00eda un edificio cuadrangular macizo con torres defensivas en los lados y protegido por un foso con dos puentes levadizos. Desgraciadamente, s\u00f3lo se conserva una parte de las murallas perimetrales, la torre y el camino de ronda del complejo original.<\/p>\n<p>Casi totalmente destruida en 1390, la fortaleza fue reconstruida en el antiguo per\u00edmetro por <em>Antonio da Carpi<\/em> y en 1527, por orden del Papa Clemente VII, el suministro de agua de la fortaleza estaba garantizado por la construcci\u00f3n del famoso <a href=\"https:\/\/www.exploring-umbria.com\/es\/subcategories\/cosa-fare-e-cosa-vedere-ad-orvieto\/#heading2966\" target=\"_blank\" rel=\"noopener noreferrer\">Pozo de San Patricio<\/a>.<\/p>\n<p>Las \u00faltimas intervenciones se realizaron en tiempos modernos a partir de 1888, con el relleno del foso para la construcci\u00f3n del funicular y la construcci\u00f3n de un anfiteatro para espect\u00e1culos diurnos. Actualmente la Fortaleza de Albornoz alberga el Parque Jard\u00edn P\u00fablico de Orvieto, desde el cual se puede disfrutar de una maravillosa vista del ilimitado panorama del valle.<\/p>\n","protected":false},"excerpt":{"rendered":"<p>Los restos de la imponente Fortaleza de Albornoz se encuentran en el extremo oriental del acantilado de toba, accesible desde la Plaza Cahen y apoyado en la Puerta Rocca o Soliana. Debido a su posici\u00f3n estrat\u00e9gica de dominio y control del valle subyacente del r\u00edo Paglia, la estructura fue construida en el siglo XIV por [&hellip;]<\/p>\n","protected":false},"author":4,"featured_media":6522,"parent":3009,"menu_order":0,"comment_status":"closed","ping_status":"closed","template":"","meta":{"om_disable_all_campaigns":false,"_monsterinsights_skip_tracking":false,"_monsterinsights_sitenote_active":false,"_monsterinsights_sitenote_note":"","_monsterinsights_sitenote_category":0},"acf":[],"yoast_head":"<!-- This site is optimized with the Yoast SEO plugin v18.4.1 - https:\/\/yoast.com\/wordpress\/plugins\/seo\/ -->\n<title>La Fortaleza de Albornoz - Exploring Umbria<\/title>\n<meta name=\"description\" content=\"Los restos de la imponente Fortaleza de Albornoz se encuentran en el extremo oriental del acantilado de toba, accesible desde la Plaza Cahen y apoyado en\" \/>\n<meta name=\"robots\" content=\"index, follow, max-snippet:-1, max-image-preview:large, max-video-preview:-1\" \/>\n<link rel=\"canonical\" href=\"https:\/\/www.exploring-umbria.com\/es\/descubre-orvieto\/que-ver-en-orvieto\/la-fortaleza-de-albornoz\/\" \/>\n<meta property=\"og:locale\" content=\"es_ES\" \/>\n<meta property=\"og:type\" content=\"article\" \/>\n<meta property=\"og:title\" content=\"La Fortaleza de Albornoz - Exploring Umbria\" \/>\n<meta property=\"og:description\" content=\"Los restos de la imponente Fortaleza de Albornoz se encuentran en el extremo oriental del acantilado de toba, accesible desde la Plaza Cahen y apoyado en\" \/>\n<meta property=\"og:url\" content=\"https:\/\/www.exploring-umbria.com\/es\/descubre-orvieto\/que-ver-en-orvieto\/la-fortaleza-de-albornoz\/\" \/>\n<meta property=\"og:site_name\" content=\"Exploring Umbria\" \/>\n<meta property=\"article:publisher\" content=\"https:\/\/www.facebook.com\/exploringumbria\/\" \/>\n<meta property=\"article:modified_time\" content=\"2020-03-12T18:07:43+00:00\" \/>\n<meta property=\"og:image\" content=\"https:\/\/www.exploring-umbria.com\/wp-content\/uploads\/2019\/05\/ORVIETO-PANORAMICA-2-1600x1066.jpeg\" \/>\n\t<meta property=\"og:image:width\" content=\"1600\" \/>\n\t<meta property=\"og:image:height\" content=\"1066\" \/>\n\t<meta property=\"og:image:type\" content=\"image\/jpeg\" \/>\n<meta name=\"twitter:card\" content=\"summary_large_image\" \/>\n<meta name=\"twitter:label1\" content=\"Tiempo de lectura\" \/>\n\t<meta name=\"twitter:data1\" content=\"1 minuto\" \/>\n<script type=\"application\/ld+json\" class=\"yoast-schema-graph\">{\"@context\":\"https:\/\/schema.org\",\"@graph\":[{\"@type\":\"Organization\",\"@id\":\"https:\/\/www.exploring-umbria.com\/es\/#organization\",\"name\":\"Exploring Umbria\",\"url\":\"https:\/\/www.exploring-umbria.com\/es\/\",\"sameAs\":[\"https:\/\/www.facebook.com\/exploringumbria\/\",\"https:\/\/www.instagram.com\/exploringumbria\/\"],\"logo\":{\"@type\":\"ImageObject\",\"@id\":\"https:\/\/www.exploring-umbria.com\/es\/#logo\",\"inLanguage\":\"es\",\"url\":\"https:\/\/www.exploring-umbria.com\/wp-content\/uploads\/2019\/08\/solo-logo-verde.jpg\",\"contentUrl\":\"https:\/\/www.exploring-umbria.com\/wp-content\/uploads\/2019\/08\/solo-logo-verde.jpg\",\"width\":952,\"height\":532,\"caption\":\"Exploring Umbria\"},\"image\":{\"@id\":\"https:\/\/www.exploring-umbria.com\/es\/#logo\"}},{\"@type\":\"WebSite\",\"@id\":\"https:\/\/www.exploring-umbria.com\/es\/#website\",\"url\":\"https:\/\/www.exploring-umbria.com\/es\/\",\"name\":\"Exploring Umbria\",\"description\":\"your dates, your mood, your trip\",\"publisher\":{\"@id\":\"https:\/\/www.exploring-umbria.com\/es\/#organization\"},\"potentialAction\":[{\"@type\":\"SearchAction\",\"target\":{\"@type\":\"EntryPoint\",\"urlTemplate\":\"https:\/\/www.exploring-umbria.com\/es\/?s={search_term_string}\"},\"query-input\":\"required name=search_term_string\"}],\"inLanguage\":\"es\"},{\"@type\":\"ImageObject\",\"@id\":\"https:\/\/www.exploring-umbria.com\/es\/descubre-orvieto\/que-ver-en-orvieto\/la-fortaleza-de-albornoz\/#primaryimage\",\"inLanguage\":\"es\",\"url\":\"https:\/\/www.exploring-umbria.com\/wp-content\/uploads\/2019\/05\/ORVIETO-PANORAMICA-2-1600x1066.jpeg\",\"contentUrl\":\"https:\/\/www.exploring-umbria.com\/wp-content\/uploads\/2019\/05\/ORVIETO-PANORAMICA-2-1600x1066.jpeg\",\"width\":1600,\"height\":1066,\"caption\":\"panoramica di orvieto e della rocca di albornoz\"},{\"@type\":\"WebPage\",\"@id\":\"https:\/\/www.exploring-umbria.com\/es\/descubre-orvieto\/que-ver-en-orvieto\/la-fortaleza-de-albornoz\/#webpage\",\"url\":\"https:\/\/www.exploring-umbria.com\/es\/descubre-orvieto\/que-ver-en-orvieto\/la-fortaleza-de-albornoz\/\",\"name\":\"La Fortaleza de Albornoz - Exploring Umbria\",\"isPartOf\":{\"@id\":\"https:\/\/www.exploring-umbria.com\/es\/#website\"},\"primaryImageOfPage\":{\"@id\":\"https:\/\/www.exploring-umbria.com\/es\/descubre-orvieto\/que-ver-en-orvieto\/la-fortaleza-de-albornoz\/#primaryimage\"},\"datePublished\":\"2019-03-07T18:29:55+00:00\",\"dateModified\":\"2020-03-12T18:07:43+00:00\",\"description\":\"Los restos de la imponente Fortaleza de Albornoz se encuentran en el extremo oriental del acantilado de toba, accesible desde la Plaza Cahen y apoyado en\",\"breadcrumb\":{\"@id\":\"https:\/\/www.exploring-umbria.com\/es\/descubre-orvieto\/que-ver-en-orvieto\/la-fortaleza-de-albornoz\/#breadcrumb\"},\"inLanguage\":\"es\",\"potentialAction\":[{\"@type\":\"ReadAction\",\"target\":[\"https:\/\/www.exploring-umbria.com\/es\/descubre-orvieto\/que-ver-en-orvieto\/la-fortaleza-de-albornoz\/\"]}]},{\"@type\":\"BreadcrumbList\",\"@id\":\"https:\/\/www.exploring-umbria.com\/es\/descubre-orvieto\/que-ver-en-orvieto\/la-fortaleza-de-albornoz\/#breadcrumb\",\"itemListElement\":[{\"@type\":\"ListItem\",\"position\":1,\"name\":\"Home\",\"item\":\"https:\/\/www.exploring-umbria.com\/es\/\"},{\"@type\":\"ListItem\",\"position\":2,\"name\":\"Descubre Orvieto\",\"item\":\"https:\/\/www.exploring-umbria.com\/es\/descubre-orvieto\/\"},{\"@type\":\"ListItem\",\"position\":3,\"name\":\"Qu\u00e9 Ver en Orvieto\",\"item\":\"https:\/\/www.exploring-umbria.com\/es\/descubre-orvieto\/que-ver-en-orvieto\/\"},{\"@type\":\"ListItem\",\"position\":4,\"name\":\"La Fortaleza de Albornoz\"}]}]}<\/script>\n<!-- \/ Yoast SEO plugin. -->","yoast_head_json":{"title":"La Fortaleza de Albornoz - Exploring Umbria","description":"Los restos de la imponente Fortaleza de Albornoz se encuentran en el extremo oriental del acantilado de toba, accesible desde la Plaza Cahen y apoyado en","robots":{"index":"index","follow":"follow","max-snippet":"max-snippet:-1","max-image-preview":"max-image-preview:large","max-video-preview":"max-video-preview:-1"},"canonical":"https:\/\/www.exploring-umbria.com\/es\/descubre-orvieto\/que-ver-en-orvieto\/la-fortaleza-de-albornoz\/","og_locale":"es_ES","og_type":"article","og_title":"La Fortaleza de Albornoz - Exploring Umbria","og_description":"Los restos de la imponente Fortaleza de Albornoz se encuentran en el extremo oriental del acantilado de toba, accesible desde la Plaza Cahen y apoyado en","og_url":"https:\/\/www.exploring-umbria.com\/es\/descubre-orvieto\/que-ver-en-orvieto\/la-fortaleza-de-albornoz\/","og_site_name":"Exploring Umbria","article_publisher":"https:\/\/www.facebook.com\/exploringumbria\/","article_modified_time":"2020-03-12T18:07:43+00:00","og_image":[{"width":1600,"height":1066,"url":"https:\/\/www.exploring-umbria.com\/wp-content\/uploads\/2019\/05\/ORVIETO-PANORAMICA-2-1600x1066.jpeg","type":"image\/jpeg"}],"twitter_card":"summary_large_image","twitter_misc":{"Tiempo de lectura":"1 minuto"},"schema":{"@context":"https:\/\/schema.org","@graph":[{"@type":"Organization","@id":"https:\/\/www.exploring-umbria.com\/es\/#organization","name":"Exploring Umbria","url":"https:\/\/www.exploring-umbria.com\/es\/","sameAs":["https:\/\/www.facebook.com\/exploringumbria\/","https:\/\/www.instagram.com\/exploringumbria\/"],"logo":{"@type":"ImageObject","@id":"https:\/\/www.exploring-umbria.com\/es\/#logo","inLanguage":"es","url":"https:\/\/www.exploring-umbria.com\/wp-content\/uploads\/2019\/08\/solo-logo-verde.jpg","contentUrl":"https:\/\/www.exploring-umbria.com\/wp-content\/uploads\/2019\/08\/solo-logo-verde.jpg","width":952,"height":532,"caption":"Exploring Umbria"},"image":{"@id":"https:\/\/www.exploring-umbria.com\/es\/#logo"}},{"@type":"WebSite","@id":"https:\/\/www.exploring-umbria.com\/es\/#website","url":"https:\/\/www.exploring-umbria.com\/es\/","name":"Exploring Umbria","description":"your dates, your mood, your trip","publisher":{"@id":"https:\/\/www.exploring-umbria.com\/es\/#organization"},"potentialAction":[{"@type":"SearchAction","target":{"@type":"EntryPoint","urlTemplate":"https:\/\/www.exploring-umbria.com\/es\/?s={search_term_string}"},"query-input":"required name=search_term_string"}],"inLanguage":"es"},{"@type":"ImageObject","@id":"https:\/\/www.exploring-umbria.com\/es\/descubre-orvieto\/que-ver-en-orvieto\/la-fortaleza-de-albornoz\/#primaryimage","inLanguage":"es","url":"https:\/\/www.exploring-umbria.com\/wp-content\/uploads\/2019\/05\/ORVIETO-PANORAMICA-2-1600x1066.jpeg","contentUrl":"https:\/\/www.exploring-umbria.com\/wp-content\/uploads\/2019\/05\/ORVIETO-PANORAMICA-2-1600x1066.jpeg","width":1600,"height":1066,"caption":"panoramica di orvieto e della rocca di albornoz"},{"@type":"WebPage","@id":"https:\/\/www.exploring-umbria.com\/es\/descubre-orvieto\/que-ver-en-orvieto\/la-fortaleza-de-albornoz\/#webpage","url":"https:\/\/www.exploring-umbria.com\/es\/descubre-orvieto\/que-ver-en-orvieto\/la-fortaleza-de-albornoz\/","name":"La Fortaleza de Albornoz - Exploring Umbria","isPartOf":{"@id":"https:\/\/www.exploring-umbria.com\/es\/#website"},"primaryImageOfPage":{"@id":"https:\/\/www.exploring-umbria.com\/es\/descubre-orvieto\/que-ver-en-orvieto\/la-fortaleza-de-albornoz\/#primaryimage"},"datePublished":"2019-03-07T18:29:55+00:00","dateModified":"2020-03-12T18:07:43+00:00","description":"Los restos de la imponente Fortaleza de Albornoz se encuentran en el extremo oriental del acantilado de toba, accesible desde la Plaza Cahen y apoyado en","breadcrumb":{"@id":"https:\/\/www.exploring-umbria.com\/es\/descubre-orvieto\/que-ver-en-orvieto\/la-fortaleza-de-albornoz\/#breadcrumb"},"inLanguage":"es","potentialAction":[{"@type":"ReadAction","target":["https:\/\/www.exploring-umbria.com\/es\/descubre-orvieto\/que-ver-en-orvieto\/la-fortaleza-de-albornoz\/"]}]},{"@type":"BreadcrumbList","@id":"https:\/\/www.exploring-umbria.com\/es\/descubre-orvieto\/que-ver-en-orvieto\/la-fortaleza-de-albornoz\/#breadcrumb","itemListElement":[{"@type":"ListItem","position":1,"name":"Home","item":"https:\/\/www.exploring-umbria.com\/es\/"},{"@type":"ListItem","position":2,"name":"Descubre Orvieto","item":"https:\/\/www.exploring-umbria.com\/es\/descubre-orvieto\/"},{"@type":"ListItem","position":3,"name":"Qu\u00e9 Ver en Orvieto","item":"https:\/\/www.exploring-umbria.com\/es\/descubre-orvieto\/que-ver-en-orvieto\/"},{"@type":"ListItem","position":4,"name":"La Fortaleza de Albornoz"}]}]}},"_links":{"self":[{"href":"https:\/\/www.exploring-umbria.com\/es\/wp-json\/wp\/v2\/pages\/2959"}],"collection":[{"href":"https:\/\/www.exploring-umbria.com\/es\/wp-json\/wp\/v2\/pages"}],"about":[{"href":"https:\/\/www.exploring-umbria.com\/es\/wp-json\/wp\/v2\/types\/page"}],"author":[{"embeddable":true,"href":"https:\/\/www.exploring-umbria.com\/es\/wp-json\/wp\/v2\/users\/4"}],"replies":[{"embeddable":true,"href":"https:\/\/www.exploring-umbria.com\/es\/wp-json\/wp\/v2\/comments?post=2959"}],"version-history":[{"count":3,"href":"https:\/\/www.exploring-umbria.com\/es\/wp-json\/wp\/v2\/pages\/2959\/revisions"}],"predecessor-version":[{"id":32420,"href":"https:\/\/www.exploring-umbria.com\/es\/wp-json\/wp\/v2\/pages\/2959\/revisions\/32420"}],"up":[{"embeddable":true,"href":"https:\/\/www.exploring-umbria.com\/es\/wp-json\/wp\/v2\/pages\/3009"}],"wp:featuredmedia":[{"embeddable":true,"href":"https:\/\/www.exploring-umbria.com\/es\/wp-json\/wp\/v2\/media\/6522"}],"wp:attachment":[{"href":"https:\/\/www.exploring-umbria.com\/es\/wp-json\/wp\/v2\/media?parent=2959"}],"curies":[{"name":"wp","href":"https:\/\/api.w.org\/{rel}","templated":true}]}}