{"id":2954,"date":"2019-03-07T19:41:57","date_gmt":"2019-03-07T18:41:57","guid":{"rendered":"https:\/\/www.exploring-umbria.com\/artigianato-di-orvieto\/"},"modified":"2020-03-11T20:11:12","modified_gmt":"2020-03-11T19:11:12","slug":"artesania-en-orvieto","status":"publish","type":"page","link":"https:\/\/www.exploring-umbria.com\/es\/descubre-orvieto\/artesania-en-orvieto\/","title":{"rendered":"Artesan\u00eda en Orvieto"},"content":{"rendered":"<p>Como toda ciudad de Umbr\u00eda que se precie, Orvieto cuenta con una floreciente actividad de artesan\u00eda que abarca varios sectores: desde el hierro forjado hasta la joyer\u00eda, pasando por el cuero y la terracota. A estas actividades gen\u00e9ricas se suman algunas excelencias locales que cuentan con un origen antiguo y una maestr\u00eda consolidada por a\u00f1os de experiencia y tradici\u00f3n. Es el caso, por ejemplo, de la <strong>cer\u00e1mica<\/strong>, cuya elaboraci\u00f3n en la ciudad se remonta a las civilizaciones de villanovanas, que incluso precedieron a los etruscos. Los numerosos restos de cer\u00e1mica recogidos en antiguos yacimientos arqueol\u00f3gicos y la documentaci\u00f3n hist\u00f3rica que recuerda a los artistas de la cer\u00e1mica entre las corporaciones de la ciudad, atestiguan la importancia que este producto tuvo durante m\u00e1s de tres milenios de historia. A\u00fan hoy en d\u00eda, <a href=\"https:\/\/www.exploring-umbria.com\/es\/subcategories\/ceramica\/#heading31946\" target=\"_blank\" rel=\"noopener noreferrer\">la cer\u00e1mica de Orvieto<\/a> se distingue por la excelencia de su mano de obra y lainnovaci\u00f3n decorativa, hecha con esmalte y pintura debajo de la ventana. Adem\u00e1s de la cer\u00e1mica de tradici\u00f3n antigua, existen otras dos actividades m\u00e1s recientes pero no menos destacables: la producci\u00f3n de<strong> encaje de bolillo <\/strong>irland\u00e9s y la <strong>carpinter\u00eda<\/strong>.<\/p>\n<p>En 1907, a instancias de los condes <em>Eugenio<\/em> y <a href=\"https:\/\/it.wikipedia.org\/wiki\/Claudio_Faina\" target=\"_blank\" rel=\"noopener noreferrer\"><em>Claudio<\/em> <em>Faina<\/em><\/a>, se cre\u00f3 una empresa de mecenazgo llamada <em>Ars Wetana <\/em>con el objetivo de proporcionar a las mujeres un trabajo en casa que les garantizara unos ingresos m\u00ednimos sin un esfuerzo excesivo. La hija de <em>Claudio<\/em>, <em>Mar\u00eda<\/em> <em>Vittoria<\/em>, fue la primera en obtener un peque\u00f1o fondo y, junto con otras mujeres, dio vida a lo que m\u00e1s tarde se convirti\u00f3 en una producci\u00f3n ic\u00f3nica de la ciudad: encajes con decoraciones originales que reproducen animales, flores, plantas y figuras inspiradas en los bajorrelieves de la Catedral de Orvieto.<\/p>\n<p>La carpinter\u00eda es excelente en muchas ciudades de Umbr\u00eda, en Orvieto, de hecho, la larga tradici\u00f3n reconoce un importante exponente de este arte en el car\u00e1cter de <em>Gualverio Michelangeli<\/em> (1929-1986), a quien incluso se le dedic\u00f3 un callej\u00f3n de la ciudad, donde todav\u00eda se pueden admirar las obras del maestro. Desde art\u00edculos de regalo hasta muebles para el hogar, la producci\u00f3n de objetos de madera de Orvieto te dejar\u00e1 boquiabierto.<\/p>\n","protected":false},"excerpt":{"rendered":"<p>Como toda ciudad de Umbr\u00eda que se precie, Orvieto cuenta con una floreciente actividad de artesan\u00eda que abarca varios sectores: desde el hierro forjado hasta la joyer\u00eda, pasando por el cuero y la terracota. A estas actividades gen\u00e9ricas se suman algunas excelencias locales que cuentan con un origen antiguo y una maestr\u00eda consolidada por a\u00f1os [&hellip;]<\/p>\n","protected":false},"author":4,"featured_media":6506,"parent":3014,"menu_order":0,"comment_status":"closed","ping_status":"closed","template":"","meta":{"om_disable_all_campaigns":false,"_monsterinsights_skip_tracking":false,"_monsterinsights_sitenote_active":false,"_monsterinsights_sitenote_note":"","_monsterinsights_sitenote_category":0},"acf":[],"yoast_head":"<!-- This site is optimized with the Yoast SEO plugin v18.4.1 - https:\/\/yoast.com\/wordpress\/plugins\/seo\/ -->\n<title>Artesan\u00eda en Orvieto - Exploring Umbria<\/title>\n<meta name=\"description\" content=\"Como toda ciudad de Umbr\u00eda que se precie, Orvieto cuenta con una floreciente actividad de artesan\u00eda que abarca varios sectores: desde el hierro forjado\" \/>\n<meta name=\"robots\" content=\"index, follow, max-snippet:-1, max-image-preview:large, max-video-preview:-1\" \/>\n<link rel=\"canonical\" href=\"https:\/\/www.exploring-umbria.com\/es\/descubre-orvieto\/artesania-en-orvieto\/\" \/>\n<meta property=\"og:locale\" content=\"es_ES\" \/>\n<meta property=\"og:type\" content=\"article\" \/>\n<meta property=\"og:title\" content=\"Artesan\u00eda en Orvieto - Exploring Umbria\" \/>\n<meta property=\"og:description\" content=\"Como toda ciudad de Umbr\u00eda que se precie, Orvieto cuenta con una floreciente actividad de artesan\u00eda que abarca varios sectores: desde el hierro forjado\" \/>\n<meta property=\"og:url\" content=\"https:\/\/www.exploring-umbria.com\/es\/descubre-orvieto\/artesania-en-orvieto\/\" \/>\n<meta property=\"og:site_name\" content=\"Exploring Umbria\" \/>\n<meta property=\"article:publisher\" content=\"https:\/\/www.facebook.com\/exploringumbria\/\" \/>\n<meta property=\"article:modified_time\" content=\"2020-03-11T19:11:12+00:00\" \/>\n<meta property=\"og:image\" content=\"https:\/\/www.exploring-umbria.com\/wp-content\/uploads\/2019\/05\/ORVIETO-CERAMICA.jpeg\" \/>\n\t<meta property=\"og:image:width\" content=\"1800\" \/>\n\t<meta property=\"og:image:height\" content=\"1205\" \/>\n\t<meta property=\"og:image:type\" content=\"image\/jpeg\" \/>\n<meta name=\"twitter:card\" content=\"summary_large_image\" \/>\n<meta name=\"twitter:label1\" content=\"Tiempo de lectura\" \/>\n\t<meta name=\"twitter:data1\" content=\"2 minutos\" \/>\n<script type=\"application\/ld+json\" class=\"yoast-schema-graph\">{\"@context\":\"https:\/\/schema.org\",\"@graph\":[{\"@type\":\"Organization\",\"@id\":\"https:\/\/www.exploring-umbria.com\/es\/#organization\",\"name\":\"Exploring Umbria\",\"url\":\"https:\/\/www.exploring-umbria.com\/es\/\",\"sameAs\":[\"https:\/\/www.facebook.com\/exploringumbria\/\",\"https:\/\/www.instagram.com\/exploringumbria\/\"],\"logo\":{\"@type\":\"ImageObject\",\"@id\":\"https:\/\/www.exploring-umbria.com\/es\/#logo\",\"inLanguage\":\"es\",\"url\":\"https:\/\/www.exploring-umbria.com\/wp-content\/uploads\/2019\/08\/solo-logo-verde.jpg\",\"contentUrl\":\"https:\/\/www.exploring-umbria.com\/wp-content\/uploads\/2019\/08\/solo-logo-verde.jpg\",\"width\":952,\"height\":532,\"caption\":\"Exploring Umbria\"},\"image\":{\"@id\":\"https:\/\/www.exploring-umbria.com\/es\/#logo\"}},{\"@type\":\"WebSite\",\"@id\":\"https:\/\/www.exploring-umbria.com\/es\/#website\",\"url\":\"https:\/\/www.exploring-umbria.com\/es\/\",\"name\":\"Exploring Umbria\",\"description\":\"your dates, your mood, your trip\",\"publisher\":{\"@id\":\"https:\/\/www.exploring-umbria.com\/es\/#organization\"},\"potentialAction\":[{\"@type\":\"SearchAction\",\"target\":{\"@type\":\"EntryPoint\",\"urlTemplate\":\"https:\/\/www.exploring-umbria.com\/es\/?s={search_term_string}\"},\"query-input\":\"required name=search_term_string\"}],\"inLanguage\":\"es\"},{\"@type\":\"ImageObject\",\"@id\":\"https:\/\/www.exploring-umbria.com\/es\/descubre-orvieto\/artesania-en-orvieto\/#primaryimage\",\"inLanguage\":\"es\",\"url\":\"https:\/\/www.exploring-umbria.com\/wp-content\/uploads\/2019\/05\/ORVIETO-CERAMICA.jpeg\",\"contentUrl\":\"https:\/\/www.exploring-umbria.com\/wp-content\/uploads\/2019\/05\/ORVIETO-CERAMICA.jpeg\",\"width\":1800,\"height\":1205,\"caption\":\"artigianato della ceramica di orvieto\"},{\"@type\":\"WebPage\",\"@id\":\"https:\/\/www.exploring-umbria.com\/es\/descubre-orvieto\/artesania-en-orvieto\/#webpage\",\"url\":\"https:\/\/www.exploring-umbria.com\/es\/descubre-orvieto\/artesania-en-orvieto\/\",\"name\":\"Artesan\u00eda en Orvieto - Exploring Umbria\",\"isPartOf\":{\"@id\":\"https:\/\/www.exploring-umbria.com\/es\/#website\"},\"primaryImageOfPage\":{\"@id\":\"https:\/\/www.exploring-umbria.com\/es\/descubre-orvieto\/artesania-en-orvieto\/#primaryimage\"},\"datePublished\":\"2019-03-07T18:41:57+00:00\",\"dateModified\":\"2020-03-11T19:11:12+00:00\",\"description\":\"Como toda ciudad de Umbr\u00eda que se precie, Orvieto cuenta con una floreciente actividad de artesan\u00eda que abarca varios sectores: desde el hierro forjado\",\"breadcrumb\":{\"@id\":\"https:\/\/www.exploring-umbria.com\/es\/descubre-orvieto\/artesania-en-orvieto\/#breadcrumb\"},\"inLanguage\":\"es\",\"potentialAction\":[{\"@type\":\"ReadAction\",\"target\":[\"https:\/\/www.exploring-umbria.com\/es\/descubre-orvieto\/artesania-en-orvieto\/\"]}]},{\"@type\":\"BreadcrumbList\",\"@id\":\"https:\/\/www.exploring-umbria.com\/es\/descubre-orvieto\/artesania-en-orvieto\/#breadcrumb\",\"itemListElement\":[{\"@type\":\"ListItem\",\"position\":1,\"name\":\"Home\",\"item\":\"https:\/\/www.exploring-umbria.com\/es\/\"},{\"@type\":\"ListItem\",\"position\":2,\"name\":\"Descubre Orvieto\",\"item\":\"https:\/\/www.exploring-umbria.com\/es\/descubre-orvieto\/\"},{\"@type\":\"ListItem\",\"position\":3,\"name\":\"Artesan\u00eda en Orvieto\"}]}]}<\/script>\n<!-- \/ Yoast SEO plugin. -->","yoast_head_json":{"title":"Artesan\u00eda en Orvieto - Exploring Umbria","description":"Como toda ciudad de Umbr\u00eda que se precie, Orvieto cuenta con una floreciente actividad de artesan\u00eda que abarca varios sectores: desde el hierro forjado","robots":{"index":"index","follow":"follow","max-snippet":"max-snippet:-1","max-image-preview":"max-image-preview:large","max-video-preview":"max-video-preview:-1"},"canonical":"https:\/\/www.exploring-umbria.com\/es\/descubre-orvieto\/artesania-en-orvieto\/","og_locale":"es_ES","og_type":"article","og_title":"Artesan\u00eda en Orvieto - Exploring Umbria","og_description":"Como toda ciudad de Umbr\u00eda que se precie, Orvieto cuenta con una floreciente actividad de artesan\u00eda que abarca varios sectores: desde el hierro forjado","og_url":"https:\/\/www.exploring-umbria.com\/es\/descubre-orvieto\/artesania-en-orvieto\/","og_site_name":"Exploring Umbria","article_publisher":"https:\/\/www.facebook.com\/exploringumbria\/","article_modified_time":"2020-03-11T19:11:12+00:00","og_image":[{"width":1800,"height":1205,"url":"https:\/\/www.exploring-umbria.com\/wp-content\/uploads\/2019\/05\/ORVIETO-CERAMICA.jpeg","type":"image\/jpeg"}],"twitter_card":"summary_large_image","twitter_misc":{"Tiempo de lectura":"2 minutos"},"schema":{"@context":"https:\/\/schema.org","@graph":[{"@type":"Organization","@id":"https:\/\/www.exploring-umbria.com\/es\/#organization","name":"Exploring Umbria","url":"https:\/\/www.exploring-umbria.com\/es\/","sameAs":["https:\/\/www.facebook.com\/exploringumbria\/","https:\/\/www.instagram.com\/exploringumbria\/"],"logo":{"@type":"ImageObject","@id":"https:\/\/www.exploring-umbria.com\/es\/#logo","inLanguage":"es","url":"https:\/\/www.exploring-umbria.com\/wp-content\/uploads\/2019\/08\/solo-logo-verde.jpg","contentUrl":"https:\/\/www.exploring-umbria.com\/wp-content\/uploads\/2019\/08\/solo-logo-verde.jpg","width":952,"height":532,"caption":"Exploring Umbria"},"image":{"@id":"https:\/\/www.exploring-umbria.com\/es\/#logo"}},{"@type":"WebSite","@id":"https:\/\/www.exploring-umbria.com\/es\/#website","url":"https:\/\/www.exploring-umbria.com\/es\/","name":"Exploring Umbria","description":"your dates, your mood, your trip","publisher":{"@id":"https:\/\/www.exploring-umbria.com\/es\/#organization"},"potentialAction":[{"@type":"SearchAction","target":{"@type":"EntryPoint","urlTemplate":"https:\/\/www.exploring-umbria.com\/es\/?s={search_term_string}"},"query-input":"required name=search_term_string"}],"inLanguage":"es"},{"@type":"ImageObject","@id":"https:\/\/www.exploring-umbria.com\/es\/descubre-orvieto\/artesania-en-orvieto\/#primaryimage","inLanguage":"es","url":"https:\/\/www.exploring-umbria.com\/wp-content\/uploads\/2019\/05\/ORVIETO-CERAMICA.jpeg","contentUrl":"https:\/\/www.exploring-umbria.com\/wp-content\/uploads\/2019\/05\/ORVIETO-CERAMICA.jpeg","width":1800,"height":1205,"caption":"artigianato della ceramica di orvieto"},{"@type":"WebPage","@id":"https:\/\/www.exploring-umbria.com\/es\/descubre-orvieto\/artesania-en-orvieto\/#webpage","url":"https:\/\/www.exploring-umbria.com\/es\/descubre-orvieto\/artesania-en-orvieto\/","name":"Artesan\u00eda en Orvieto - Exploring Umbria","isPartOf":{"@id":"https:\/\/www.exploring-umbria.com\/es\/#website"},"primaryImageOfPage":{"@id":"https:\/\/www.exploring-umbria.com\/es\/descubre-orvieto\/artesania-en-orvieto\/#primaryimage"},"datePublished":"2019-03-07T18:41:57+00:00","dateModified":"2020-03-11T19:11:12+00:00","description":"Como toda ciudad de Umbr\u00eda que se precie, Orvieto cuenta con una floreciente actividad de artesan\u00eda que abarca varios sectores: desde el hierro forjado","breadcrumb":{"@id":"https:\/\/www.exploring-umbria.com\/es\/descubre-orvieto\/artesania-en-orvieto\/#breadcrumb"},"inLanguage":"es","potentialAction":[{"@type":"ReadAction","target":["https:\/\/www.exploring-umbria.com\/es\/descubre-orvieto\/artesania-en-orvieto\/"]}]},{"@type":"BreadcrumbList","@id":"https:\/\/www.exploring-umbria.com\/es\/descubre-orvieto\/artesania-en-orvieto\/#breadcrumb","itemListElement":[{"@type":"ListItem","position":1,"name":"Home","item":"https:\/\/www.exploring-umbria.com\/es\/"},{"@type":"ListItem","position":2,"name":"Descubre Orvieto","item":"https:\/\/www.exploring-umbria.com\/es\/descubre-orvieto\/"},{"@type":"ListItem","position":3,"name":"Artesan\u00eda en Orvieto"}]}]}},"_links":{"self":[{"href":"https:\/\/www.exploring-umbria.com\/es\/wp-json\/wp\/v2\/pages\/2954"}],"collection":[{"href":"https:\/\/www.exploring-umbria.com\/es\/wp-json\/wp\/v2\/pages"}],"about":[{"href":"https:\/\/www.exploring-umbria.com\/es\/wp-json\/wp\/v2\/types\/page"}],"author":[{"embeddable":true,"href":"https:\/\/www.exploring-umbria.com\/es\/wp-json\/wp\/v2\/users\/4"}],"replies":[{"embeddable":true,"href":"https:\/\/www.exploring-umbria.com\/es\/wp-json\/wp\/v2\/comments?post=2954"}],"version-history":[{"count":4,"href":"https:\/\/www.exploring-umbria.com\/es\/wp-json\/wp\/v2\/pages\/2954\/revisions"}],"predecessor-version":[{"id":32361,"href":"https:\/\/www.exploring-umbria.com\/es\/wp-json\/wp\/v2\/pages\/2954\/revisions\/32361"}],"up":[{"embeddable":true,"href":"https:\/\/www.exploring-umbria.com\/es\/wp-json\/wp\/v2\/pages\/3014"}],"wp:featuredmedia":[{"embeddable":true,"href":"https:\/\/www.exploring-umbria.com\/es\/wp-json\/wp\/v2\/media\/6506"}],"wp:attachment":[{"href":"https:\/\/www.exploring-umbria.com\/es\/wp-json\/wp\/v2\/media?parent=2954"}],"curies":[{"name":"wp","href":"https:\/\/api.w.org\/{rel}","templated":true}]}}