{"id":2949,"date":"2019-03-07T19:50:45","date_gmt":"2019-03-07T18:50:45","guid":{"rendered":"https:\/\/www.exploring-umbria.com\/eventi-a-orvieto\/"},"modified":"2020-03-11T20:39:59","modified_gmt":"2020-03-11T19:39:59","slug":"eventos-en-orvieto","status":"publish","type":"page","link":"https:\/\/www.exploring-umbria.com\/es\/descubre-orvieto\/eventos-en-orvieto\/","title":{"rendered":"Eventos en Orvieto"},"content":{"rendered":"<p><strong>Descubre todos los eventos en Orvieto.<\/strong><\/p>\n<p><!--more--><\/p>\n<p>Una ciudad rica en historia, tradici\u00f3n y maravillas arquitect\u00f3nicas sin igual, capaz de atraer a turistas de todo el mundo durante todo el a\u00f1o, no pod\u00eda dejar de ofrecer a los ciudadanos y visitantes una larga serie de eventos de entretenimiento y enriquecimiento cultural. De la devoci\u00f3n religiosa a la pasi\u00f3n por la m\u00fasica, la buena comida y el deporte, <a href=\"https:\/\/www.exploring-umbria.com\/es\/actividades\/guided-tour-of-orvieto\/\" target=\"_blank\" rel=\"noopener noreferrer\">Orvieto<\/a> propone continuamente iniciativas que te dejar\u00e1n sin palabras.<\/p>\n<p>En el per\u00edodo de mayo a junio, el famoso <strong>Corpus Christi<\/strong> se celebra con la procesi\u00f3n de la reliquia del Corporal vinculada al \u00abMilagro de la Sangre\u00bb de Bolsena y el desfile hist\u00f3rico que lo acompa\u00f1a, con la reproducci\u00f3n de trajes y personajes de la \u00e9poca medieval. M\u00e1s o menos al mismo tiempo, el d\u00eda de Pentecost\u00e9s, la Plaza de la Catedral se llena de devotos para la <strong>fiesta de la Palombella<\/strong>: se vuela una paloma desde Via Maitani hasta un dosel especialmente preparado frente a la Catedral, para conmemorar el descenso del Esp\u00edritu Santo sobre los Ap\u00f3stoles. El mismo d\u00eda toda la ciudad colorea sus balcones y terrazas con flores t\u00edpicas de los cuatro barrios de la ciudad, con motivo del evento <strong>Orvieto en flor<\/strong>. En Ferragosto la poblaci\u00f3n celebra, de manera solemne, la patrona de la ciudad con <strong>la fiesta de Santa Mar\u00eda Asunta<\/strong>; en Navidad no te pierdas las bellas representaciones de la Natividad, incluidas en el singular marco del Pozo de la Cava, para el evento La <strong>Natividad en el Pozo<\/strong>.<\/p>\n<p>Si quieres alimentar cuerpo y alma, debes participar en los eventos gastron\u00f3micos de <strong>Orvieto con Gusto<\/strong> (octubre), una excelente oportunidad para degustar todos los platos y productos t\u00edpicos de la ciudad; y <strong>Helados de Italia <\/strong>(abril-mayo), un verdadero campeonato de helados con un sabor representativo de cada regi\u00f3n. En agosto, el <strong>Orvieto Folk Festival<\/strong> cubre un amplio abanico de intereses: a los eventos musicales se suman los puestos de comida y vino y la tradici\u00f3n local que te abrir\u00e1n una ventana a la realidad de Orvieto. Y no hay que perderse los otros dos eventos musicales de <strong>Orvieto M\u00fasica y Cultura<\/strong>, donde las melod\u00edas est\u00e1n flanqueadas por el teatro y las m\u00e1s diversas formas de arte, y el famoso <a href=\"https:\/\/www.umbriajazz.it\/\" target=\"_blank\" rel=\"noopener noreferrer\"><strong>Umbria Jazz Winter<\/strong><\/a>, que durante m\u00e1s de veinte a\u00f1os anima el A\u00f1o Nuevo de Orvieto atrayendo a los amantes del jazz, artistas y visitantes de todos los rincones del planeta.<\/p>\n<p>Por si fuera poco, para los amantes del deporte, las propuestas no han terminado: el s\u00e1bado anterior a la fiesta del Corpus Christi, diez atletas de la ciudad recorren un kil\u00f3metro alrededor de la Catedral para el <strong>Relevo de los Barrios<\/strong>, antiguamente llamado <em>Antorcha de la Verdad<\/em>. Para los que prefieren los motores, en mayo, durante la <strong>Carrera de la Castellana<\/strong>, los coches antiguos y modernos compiten en velocidad en una ruta de unos siete kil\u00f3metros por la sinuosa carretera que va de Ciconia a Orvieto, pasando por el Monte Peglia. \u00a1Es muy divertida!<\/p>\n","protected":false},"excerpt":{"rendered":"<p>Descubre todos los eventos en Orvieto.<\/p>\n","protected":false},"author":4,"featured_media":6498,"parent":3014,"menu_order":0,"comment_status":"closed","ping_status":"closed","template":"","meta":{"om_disable_all_campaigns":false,"_monsterinsights_skip_tracking":false,"_monsterinsights_sitenote_active":false,"_monsterinsights_sitenote_note":"","_monsterinsights_sitenote_category":0},"acf":[],"yoast_head":"<!-- This site is optimized with the Yoast SEO plugin v18.4.1 - https:\/\/yoast.com\/wordpress\/plugins\/seo\/ -->\n<title>Eventos en Orvieto - Exploring Umbria<\/title>\n<meta name=\"description\" content=\"Descubre todos los eventos en Orvieto. Una ciudad rica en historia, tradici\u00f3n y maravillas arquitect\u00f3nicas sin igual, capaz de atraer a turistas de todo\" \/>\n<meta name=\"robots\" content=\"index, follow, max-snippet:-1, max-image-preview:large, max-video-preview:-1\" \/>\n<link rel=\"canonical\" href=\"https:\/\/www.exploring-umbria.com\/es\/descubre-orvieto\/eventos-en-orvieto\/\" \/>\n<meta property=\"og:locale\" content=\"es_ES\" \/>\n<meta property=\"og:type\" content=\"article\" \/>\n<meta property=\"og:title\" content=\"Eventos en Orvieto - Exploring Umbria\" \/>\n<meta property=\"og:description\" content=\"Descubre todos los eventos en Orvieto. Una ciudad rica en historia, tradici\u00f3n y maravillas arquitect\u00f3nicas sin igual, capaz de atraer a turistas de todo\" \/>\n<meta property=\"og:url\" content=\"https:\/\/www.exploring-umbria.com\/es\/descubre-orvieto\/eventos-en-orvieto\/\" \/>\n<meta property=\"og:site_name\" content=\"Exploring Umbria\" \/>\n<meta property=\"article:publisher\" content=\"https:\/\/www.facebook.com\/exploringumbria\/\" \/>\n<meta property=\"article:modified_time\" content=\"2020-03-11T19:39:59+00:00\" \/>\n<meta property=\"og:image\" content=\"https:\/\/www.exploring-umbria.com\/wp-content\/uploads\/2019\/05\/ORVIETO-affreschi-cattedrale.jpeg\" \/>\n\t<meta property=\"og:image:width\" content=\"1800\" \/>\n\t<meta property=\"og:image:height\" content=\"1152\" \/>\n\t<meta property=\"og:image:type\" content=\"image\/jpeg\" \/>\n<meta name=\"twitter:card\" content=\"summary_large_image\" \/>\n<meta name=\"twitter:label1\" content=\"Tiempo de lectura\" \/>\n\t<meta name=\"twitter:data1\" content=\"3 minutos\" \/>\n<script type=\"application\/ld+json\" class=\"yoast-schema-graph\">{\"@context\":\"https:\/\/schema.org\",\"@graph\":[{\"@type\":\"Organization\",\"@id\":\"https:\/\/www.exploring-umbria.com\/es\/#organization\",\"name\":\"Exploring Umbria\",\"url\":\"https:\/\/www.exploring-umbria.com\/es\/\",\"sameAs\":[\"https:\/\/www.facebook.com\/exploringumbria\/\",\"https:\/\/www.instagram.com\/exploringumbria\/\"],\"logo\":{\"@type\":\"ImageObject\",\"@id\":\"https:\/\/www.exploring-umbria.com\/es\/#logo\",\"inLanguage\":\"es\",\"url\":\"https:\/\/www.exploring-umbria.com\/wp-content\/uploads\/2019\/08\/solo-logo-verde.jpg\",\"contentUrl\":\"https:\/\/www.exploring-umbria.com\/wp-content\/uploads\/2019\/08\/solo-logo-verde.jpg\",\"width\":952,\"height\":532,\"caption\":\"Exploring Umbria\"},\"image\":{\"@id\":\"https:\/\/www.exploring-umbria.com\/es\/#logo\"}},{\"@type\":\"WebSite\",\"@id\":\"https:\/\/www.exploring-umbria.com\/es\/#website\",\"url\":\"https:\/\/www.exploring-umbria.com\/es\/\",\"name\":\"Exploring Umbria\",\"description\":\"your dates, your mood, your trip\",\"publisher\":{\"@id\":\"https:\/\/www.exploring-umbria.com\/es\/#organization\"},\"potentialAction\":[{\"@type\":\"SearchAction\",\"target\":{\"@type\":\"EntryPoint\",\"urlTemplate\":\"https:\/\/www.exploring-umbria.com\/es\/?s={search_term_string}\"},\"query-input\":\"required name=search_term_string\"}],\"inLanguage\":\"es\"},{\"@type\":\"ImageObject\",\"@id\":\"https:\/\/www.exploring-umbria.com\/es\/descubre-orvieto\/eventos-en-orvieto\/#primaryimage\",\"inLanguage\":\"es\",\"url\":\"https:\/\/www.exploring-umbria.com\/wp-content\/uploads\/2019\/05\/ORVIETO-affreschi-cattedrale.jpeg\",\"contentUrl\":\"https:\/\/www.exploring-umbria.com\/wp-content\/uploads\/2019\/05\/ORVIETO-affreschi-cattedrale.jpeg\",\"width\":1800,\"height\":1152,\"caption\":\"eventi ad orvieto\"},{\"@type\":\"WebPage\",\"@id\":\"https:\/\/www.exploring-umbria.com\/es\/descubre-orvieto\/eventos-en-orvieto\/#webpage\",\"url\":\"https:\/\/www.exploring-umbria.com\/es\/descubre-orvieto\/eventos-en-orvieto\/\",\"name\":\"Eventos en Orvieto - Exploring Umbria\",\"isPartOf\":{\"@id\":\"https:\/\/www.exploring-umbria.com\/es\/#website\"},\"primaryImageOfPage\":{\"@id\":\"https:\/\/www.exploring-umbria.com\/es\/descubre-orvieto\/eventos-en-orvieto\/#primaryimage\"},\"datePublished\":\"2019-03-07T18:50:45+00:00\",\"dateModified\":\"2020-03-11T19:39:59+00:00\",\"description\":\"Descubre todos los eventos en Orvieto. Una ciudad rica en historia, tradici\u00f3n y maravillas arquitect\u00f3nicas sin igual, capaz de atraer a turistas de todo\",\"breadcrumb\":{\"@id\":\"https:\/\/www.exploring-umbria.com\/es\/descubre-orvieto\/eventos-en-orvieto\/#breadcrumb\"},\"inLanguage\":\"es\",\"potentialAction\":[{\"@type\":\"ReadAction\",\"target\":[\"https:\/\/www.exploring-umbria.com\/es\/descubre-orvieto\/eventos-en-orvieto\/\"]}]},{\"@type\":\"BreadcrumbList\",\"@id\":\"https:\/\/www.exploring-umbria.com\/es\/descubre-orvieto\/eventos-en-orvieto\/#breadcrumb\",\"itemListElement\":[{\"@type\":\"ListItem\",\"position\":1,\"name\":\"Home\",\"item\":\"https:\/\/www.exploring-umbria.com\/es\/\"},{\"@type\":\"ListItem\",\"position\":2,\"name\":\"Descubre Orvieto\",\"item\":\"https:\/\/www.exploring-umbria.com\/es\/descubre-orvieto\/\"},{\"@type\":\"ListItem\",\"position\":3,\"name\":\"Eventos en Orvieto\"}]}]}<\/script>\n<!-- \/ Yoast SEO plugin. -->","yoast_head_json":{"title":"Eventos en Orvieto - Exploring Umbria","description":"Descubre todos los eventos en Orvieto. Una ciudad rica en historia, tradici\u00f3n y maravillas arquitect\u00f3nicas sin igual, capaz de atraer a turistas de todo","robots":{"index":"index","follow":"follow","max-snippet":"max-snippet:-1","max-image-preview":"max-image-preview:large","max-video-preview":"max-video-preview:-1"},"canonical":"https:\/\/www.exploring-umbria.com\/es\/descubre-orvieto\/eventos-en-orvieto\/","og_locale":"es_ES","og_type":"article","og_title":"Eventos en Orvieto - Exploring Umbria","og_description":"Descubre todos los eventos en Orvieto. Una ciudad rica en historia, tradici\u00f3n y maravillas arquitect\u00f3nicas sin igual, capaz de atraer a turistas de todo","og_url":"https:\/\/www.exploring-umbria.com\/es\/descubre-orvieto\/eventos-en-orvieto\/","og_site_name":"Exploring Umbria","article_publisher":"https:\/\/www.facebook.com\/exploringumbria\/","article_modified_time":"2020-03-11T19:39:59+00:00","og_image":[{"width":1800,"height":1152,"url":"https:\/\/www.exploring-umbria.com\/wp-content\/uploads\/2019\/05\/ORVIETO-affreschi-cattedrale.jpeg","type":"image\/jpeg"}],"twitter_card":"summary_large_image","twitter_misc":{"Tiempo de lectura":"3 minutos"},"schema":{"@context":"https:\/\/schema.org","@graph":[{"@type":"Organization","@id":"https:\/\/www.exploring-umbria.com\/es\/#organization","name":"Exploring Umbria","url":"https:\/\/www.exploring-umbria.com\/es\/","sameAs":["https:\/\/www.facebook.com\/exploringumbria\/","https:\/\/www.instagram.com\/exploringumbria\/"],"logo":{"@type":"ImageObject","@id":"https:\/\/www.exploring-umbria.com\/es\/#logo","inLanguage":"es","url":"https:\/\/www.exploring-umbria.com\/wp-content\/uploads\/2019\/08\/solo-logo-verde.jpg","contentUrl":"https:\/\/www.exploring-umbria.com\/wp-content\/uploads\/2019\/08\/solo-logo-verde.jpg","width":952,"height":532,"caption":"Exploring Umbria"},"image":{"@id":"https:\/\/www.exploring-umbria.com\/es\/#logo"}},{"@type":"WebSite","@id":"https:\/\/www.exploring-umbria.com\/es\/#website","url":"https:\/\/www.exploring-umbria.com\/es\/","name":"Exploring Umbria","description":"your dates, your mood, your trip","publisher":{"@id":"https:\/\/www.exploring-umbria.com\/es\/#organization"},"potentialAction":[{"@type":"SearchAction","target":{"@type":"EntryPoint","urlTemplate":"https:\/\/www.exploring-umbria.com\/es\/?s={search_term_string}"},"query-input":"required name=search_term_string"}],"inLanguage":"es"},{"@type":"ImageObject","@id":"https:\/\/www.exploring-umbria.com\/es\/descubre-orvieto\/eventos-en-orvieto\/#primaryimage","inLanguage":"es","url":"https:\/\/www.exploring-umbria.com\/wp-content\/uploads\/2019\/05\/ORVIETO-affreschi-cattedrale.jpeg","contentUrl":"https:\/\/www.exploring-umbria.com\/wp-content\/uploads\/2019\/05\/ORVIETO-affreschi-cattedrale.jpeg","width":1800,"height":1152,"caption":"eventi ad orvieto"},{"@type":"WebPage","@id":"https:\/\/www.exploring-umbria.com\/es\/descubre-orvieto\/eventos-en-orvieto\/#webpage","url":"https:\/\/www.exploring-umbria.com\/es\/descubre-orvieto\/eventos-en-orvieto\/","name":"Eventos en Orvieto - Exploring Umbria","isPartOf":{"@id":"https:\/\/www.exploring-umbria.com\/es\/#website"},"primaryImageOfPage":{"@id":"https:\/\/www.exploring-umbria.com\/es\/descubre-orvieto\/eventos-en-orvieto\/#primaryimage"},"datePublished":"2019-03-07T18:50:45+00:00","dateModified":"2020-03-11T19:39:59+00:00","description":"Descubre todos los eventos en Orvieto. Una ciudad rica en historia, tradici\u00f3n y maravillas arquitect\u00f3nicas sin igual, capaz de atraer a turistas de todo","breadcrumb":{"@id":"https:\/\/www.exploring-umbria.com\/es\/descubre-orvieto\/eventos-en-orvieto\/#breadcrumb"},"inLanguage":"es","potentialAction":[{"@type":"ReadAction","target":["https:\/\/www.exploring-umbria.com\/es\/descubre-orvieto\/eventos-en-orvieto\/"]}]},{"@type":"BreadcrumbList","@id":"https:\/\/www.exploring-umbria.com\/es\/descubre-orvieto\/eventos-en-orvieto\/#breadcrumb","itemListElement":[{"@type":"ListItem","position":1,"name":"Home","item":"https:\/\/www.exploring-umbria.com\/es\/"},{"@type":"ListItem","position":2,"name":"Descubre Orvieto","item":"https:\/\/www.exploring-umbria.com\/es\/descubre-orvieto\/"},{"@type":"ListItem","position":3,"name":"Eventos en Orvieto"}]}]}},"_links":{"self":[{"href":"https:\/\/www.exploring-umbria.com\/es\/wp-json\/wp\/v2\/pages\/2949"}],"collection":[{"href":"https:\/\/www.exploring-umbria.com\/es\/wp-json\/wp\/v2\/pages"}],"about":[{"href":"https:\/\/www.exploring-umbria.com\/es\/wp-json\/wp\/v2\/types\/page"}],"author":[{"embeddable":true,"href":"https:\/\/www.exploring-umbria.com\/es\/wp-json\/wp\/v2\/users\/4"}],"replies":[{"embeddable":true,"href":"https:\/\/www.exploring-umbria.com\/es\/wp-json\/wp\/v2\/comments?post=2949"}],"version-history":[{"count":4,"href":"https:\/\/www.exploring-umbria.com\/es\/wp-json\/wp\/v2\/pages\/2949\/revisions"}],"predecessor-version":[{"id":32365,"href":"https:\/\/www.exploring-umbria.com\/es\/wp-json\/wp\/v2\/pages\/2949\/revisions\/32365"}],"up":[{"embeddable":true,"href":"https:\/\/www.exploring-umbria.com\/es\/wp-json\/wp\/v2\/pages\/3014"}],"wp:featuredmedia":[{"embeddable":true,"href":"https:\/\/www.exploring-umbria.com\/es\/wp-json\/wp\/v2\/media\/6498"}],"wp:attachment":[{"href":"https:\/\/www.exploring-umbria.com\/es\/wp-json\/wp\/v2\/media?parent=2949"}],"curies":[{"name":"wp","href":"https:\/\/api.w.org\/{rel}","templated":true}]}}