{"id":2945,"date":"2019-03-08T11:41:28","date_gmt":"2019-03-08T10:41:28","guid":{"rendered":"https:\/\/www.exploring-umbria.com\/cosa-fare-a-todi\/"},"modified":"2020-03-17T18:53:40","modified_gmt":"2020-03-17T17:53:40","slug":"que-hacer-en-todi","status":"publish","type":"page","link":"https:\/\/www.exploring-umbria.com\/es\/descubre-todi\/que-hacer-en-todi\/","title":{"rendered":"Qu\u00e9 hacer en Todi"},"content":{"rendered":"<p>Por su riqueza paisaj\u00edstica y hist\u00f3rico-cultural, Todi ofrece una amplia gama de cosas que hacer para sus habitantes, as\u00ed como para los turistas y visitantes ocasionales. Adem\u00e1s de los sugestivos paseos por el casco antiguo y las visitas a museos municipales y galer\u00edas modernas, se pueden alternar actividades deportivas para todos los gustos y talentos: excursionismo, senderismo, paseos a caballo, pirag\u00fcismo, rafting e incluso parapente entre las impresionantes vistas del <a href=\"https:\/\/www.exploring-umbria.com\/es\/subcategories\/cosa-fare-e-cosa-vedere-a-todi\/#heading2925\" target=\"_blank\" rel=\"noopener noreferrer\">Parque del R\u00edo T\u00edber<\/a>, pero tambi\u00e9n actividades urbanas como los bolos, el f\u00fatbol y el tenis, en las instalaciones de las modernas instalaciones de la ciudad.<\/p>\n<p>La comunidad cuenta con una pista cubierta, pistas de atletismo, piscinas, centros ecuestres, gimnasios y campos deportivos.<\/p>\n<p>Para los m\u00e1s curiosos y exigentes podemos mencionar los <strong>Campeonatos Internacionales de Tenis<\/strong>, que se celebran cada a\u00f1o en julio en Ponte Naia, pero tambi\u00e9n sugerimos una visita a algunas de las interesantes exposiciones permanentes contempor\u00e1neas repartidas por toda la ciudad:<\/p>\n<p><strong>Ab ovo Gallery: <\/strong>situado en el centro hist\u00f3rico de Todi, es un espacio expositivo que sirve de ventana al mundo de las artes aplicadas europeas contempor\u00e1neas.<\/p>\n<p><strong><a href=\"http:\/\/www.palazzomorelli.org\/\">Todi Fine Art<\/a>: <\/strong>una exposici\u00f3n permanente con entrada gratuita que nace de la fusi\u00f3n experimental de arte y tecnolog\u00eda, proponiendo materiales antiguos como la piedra a trav\u00e9s de modernas t\u00e9cnicas de fotograf\u00eda.<\/p>\n<p><strong>Bibo&#8217;s place: <\/strong>desde 2013, en la sede de la hist\u00f3rica galer\u00eda de Giuliana Soprani Dorazio, se encuentra la exposici\u00f3n permanente de los artistas Andrea Bizzarro y Matteo Boetti. La programaci\u00f3n refleja los intereses de los dos artistas: por un lado, los autores historiados del siglo XX y, por otro, la promoci\u00f3n de artistas j\u00f3venes en una continua referencia de generaciones a la comparaci\u00f3n.<\/p>\n<p>Se puede visitar con cita previa.<\/p>\n","protected":false},"excerpt":{"rendered":"<p>Por su riqueza paisaj\u00edstica y hist\u00f3rico-cultural, Todi ofrece una amplia gama de cosas que hacer para sus habitantes, as\u00ed como para los turistas y visitantes ocasionales. Adem\u00e1s de los sugestivos paseos por el casco antiguo y las visitas a museos municipales y galer\u00edas modernas, se pueden alternar actividades deportivas para todos los gustos y talentos: [&hellip;]<\/p>\n","protected":false},"author":4,"featured_media":16637,"parent":2947,"menu_order":0,"comment_status":"closed","ping_status":"closed","template":"","meta":{"om_disable_all_campaigns":false,"_monsterinsights_skip_tracking":false,"_monsterinsights_sitenote_active":false,"_monsterinsights_sitenote_note":"","_monsterinsights_sitenote_category":0},"acf":[],"yoast_head":"<!-- This site is optimized with the Yoast SEO plugin v18.4.1 - https:\/\/yoast.com\/wordpress\/plugins\/seo\/ -->\n<title>Qu\u00e9 hacer en Todi - Exploring Umbria<\/title>\n<meta name=\"description\" content=\"Por su riqueza paisaj\u00edstica y hist\u00f3rico-cultural, Todi ofrece una amplia gama de cosas que hacer para sus habitantes, as\u00ed como para los turistas y\" \/>\n<meta name=\"robots\" content=\"index, follow, max-snippet:-1, max-image-preview:large, max-video-preview:-1\" \/>\n<link rel=\"canonical\" href=\"https:\/\/www.exploring-umbria.com\/es\/descubre-todi\/que-hacer-en-todi\/\" \/>\n<meta property=\"og:locale\" content=\"es_ES\" \/>\n<meta property=\"og:type\" content=\"article\" \/>\n<meta property=\"og:title\" content=\"Qu\u00e9 hacer en Todi - Exploring Umbria\" \/>\n<meta property=\"og:description\" content=\"Por su riqueza paisaj\u00edstica y hist\u00f3rico-cultural, Todi ofrece una amplia gama de cosas que hacer para sus habitantes, as\u00ed como para los turistas y\" \/>\n<meta property=\"og:url\" content=\"https:\/\/www.exploring-umbria.com\/es\/descubre-todi\/que-hacer-en-todi\/\" \/>\n<meta property=\"og:site_name\" content=\"Exploring Umbria\" \/>\n<meta property=\"article:publisher\" content=\"https:\/\/www.facebook.com\/exploringumbria\/\" \/>\n<meta property=\"article:modified_time\" content=\"2020-03-17T17:53:40+00:00\" \/>\n<meta property=\"og:image\" content=\"https:\/\/www.exploring-umbria.com\/wp-content\/uploads\/2019\/07\/TODI-CONVENTO-DELLE-LUCREZIE-9.jpg\" \/>\n\t<meta property=\"og:image:width\" content=\"1800\" \/>\n\t<meta property=\"og:image:height\" content=\"1200\" \/>\n\t<meta property=\"og:image:type\" content=\"image\/jpeg\" \/>\n<meta name=\"twitter:card\" content=\"summary_large_image\" \/>\n<meta name=\"twitter:label1\" content=\"Tiempo de lectura\" \/>\n\t<meta name=\"twitter:data1\" content=\"2 minutos\" \/>\n<script type=\"application\/ld+json\" class=\"yoast-schema-graph\">{\"@context\":\"https:\/\/schema.org\",\"@graph\":[{\"@type\":\"Organization\",\"@id\":\"https:\/\/www.exploring-umbria.com\/es\/#organization\",\"name\":\"Exploring Umbria\",\"url\":\"https:\/\/www.exploring-umbria.com\/es\/\",\"sameAs\":[\"https:\/\/www.facebook.com\/exploringumbria\/\",\"https:\/\/www.instagram.com\/exploringumbria\/\"],\"logo\":{\"@type\":\"ImageObject\",\"@id\":\"https:\/\/www.exploring-umbria.com\/es\/#logo\",\"inLanguage\":\"es\",\"url\":\"https:\/\/www.exploring-umbria.com\/wp-content\/uploads\/2019\/08\/solo-logo-verde.jpg\",\"contentUrl\":\"https:\/\/www.exploring-umbria.com\/wp-content\/uploads\/2019\/08\/solo-logo-verde.jpg\",\"width\":952,\"height\":532,\"caption\":\"Exploring Umbria\"},\"image\":{\"@id\":\"https:\/\/www.exploring-umbria.com\/es\/#logo\"}},{\"@type\":\"WebSite\",\"@id\":\"https:\/\/www.exploring-umbria.com\/es\/#website\",\"url\":\"https:\/\/www.exploring-umbria.com\/es\/\",\"name\":\"Exploring Umbria\",\"description\":\"your dates, your mood, your trip\",\"publisher\":{\"@id\":\"https:\/\/www.exploring-umbria.com\/es\/#organization\"},\"potentialAction\":[{\"@type\":\"SearchAction\",\"target\":{\"@type\":\"EntryPoint\",\"urlTemplate\":\"https:\/\/www.exploring-umbria.com\/es\/?s={search_term_string}\"},\"query-input\":\"required name=search_term_string\"}],\"inLanguage\":\"es\"},{\"@type\":\"ImageObject\",\"@id\":\"https:\/\/www.exploring-umbria.com\/es\/descubre-todi\/que-hacer-en-todi\/#primaryimage\",\"inLanguage\":\"es\",\"url\":\"https:\/\/www.exploring-umbria.com\/wp-content\/uploads\/2019\/07\/TODI-CONVENTO-DELLE-LUCREZIE-9.jpg\",\"contentUrl\":\"https:\/\/www.exploring-umbria.com\/wp-content\/uploads\/2019\/07\/TODI-CONVENTO-DELLE-LUCREZIE-9.jpg\",\"width\":1800,\"height\":1200,\"caption\":\"scopri cosa fare a todi e dintorni\"},{\"@type\":\"WebPage\",\"@id\":\"https:\/\/www.exploring-umbria.com\/es\/descubre-todi\/que-hacer-en-todi\/#webpage\",\"url\":\"https:\/\/www.exploring-umbria.com\/es\/descubre-todi\/que-hacer-en-todi\/\",\"name\":\"Qu\u00e9 hacer en Todi - Exploring Umbria\",\"isPartOf\":{\"@id\":\"https:\/\/www.exploring-umbria.com\/es\/#website\"},\"primaryImageOfPage\":{\"@id\":\"https:\/\/www.exploring-umbria.com\/es\/descubre-todi\/que-hacer-en-todi\/#primaryimage\"},\"datePublished\":\"2019-03-08T10:41:28+00:00\",\"dateModified\":\"2020-03-17T17:53:40+00:00\",\"description\":\"Por su riqueza paisaj\u00edstica y hist\u00f3rico-cultural, Todi ofrece una amplia gama de cosas que hacer para sus habitantes, as\u00ed como para los turistas y\",\"breadcrumb\":{\"@id\":\"https:\/\/www.exploring-umbria.com\/es\/descubre-todi\/que-hacer-en-todi\/#breadcrumb\"},\"inLanguage\":\"es\",\"potentialAction\":[{\"@type\":\"ReadAction\",\"target\":[\"https:\/\/www.exploring-umbria.com\/es\/descubre-todi\/que-hacer-en-todi\/\"]}]},{\"@type\":\"BreadcrumbList\",\"@id\":\"https:\/\/www.exploring-umbria.com\/es\/descubre-todi\/que-hacer-en-todi\/#breadcrumb\",\"itemListElement\":[{\"@type\":\"ListItem\",\"position\":1,\"name\":\"Home\",\"item\":\"https:\/\/www.exploring-umbria.com\/es\/\"},{\"@type\":\"ListItem\",\"position\":2,\"name\":\"Descubre Todi\",\"item\":\"https:\/\/www.exploring-umbria.com\/es\/descubre-todi\/\"},{\"@type\":\"ListItem\",\"position\":3,\"name\":\"Qu\u00e9 hacer en Todi\"}]}]}<\/script>\n<!-- \/ Yoast SEO plugin. -->","yoast_head_json":{"title":"Qu\u00e9 hacer en Todi - Exploring Umbria","description":"Por su riqueza paisaj\u00edstica y hist\u00f3rico-cultural, Todi ofrece una amplia gama de cosas que hacer para sus habitantes, as\u00ed como para los turistas y","robots":{"index":"index","follow":"follow","max-snippet":"max-snippet:-1","max-image-preview":"max-image-preview:large","max-video-preview":"max-video-preview:-1"},"canonical":"https:\/\/www.exploring-umbria.com\/es\/descubre-todi\/que-hacer-en-todi\/","og_locale":"es_ES","og_type":"article","og_title":"Qu\u00e9 hacer en Todi - Exploring Umbria","og_description":"Por su riqueza paisaj\u00edstica y hist\u00f3rico-cultural, Todi ofrece una amplia gama de cosas que hacer para sus habitantes, as\u00ed como para los turistas y","og_url":"https:\/\/www.exploring-umbria.com\/es\/descubre-todi\/que-hacer-en-todi\/","og_site_name":"Exploring Umbria","article_publisher":"https:\/\/www.facebook.com\/exploringumbria\/","article_modified_time":"2020-03-17T17:53:40+00:00","og_image":[{"width":1800,"height":1200,"url":"https:\/\/www.exploring-umbria.com\/wp-content\/uploads\/2019\/07\/TODI-CONVENTO-DELLE-LUCREZIE-9.jpg","type":"image\/jpeg"}],"twitter_card":"summary_large_image","twitter_misc":{"Tiempo de lectura":"2 minutos"},"schema":{"@context":"https:\/\/schema.org","@graph":[{"@type":"Organization","@id":"https:\/\/www.exploring-umbria.com\/es\/#organization","name":"Exploring Umbria","url":"https:\/\/www.exploring-umbria.com\/es\/","sameAs":["https:\/\/www.facebook.com\/exploringumbria\/","https:\/\/www.instagram.com\/exploringumbria\/"],"logo":{"@type":"ImageObject","@id":"https:\/\/www.exploring-umbria.com\/es\/#logo","inLanguage":"es","url":"https:\/\/www.exploring-umbria.com\/wp-content\/uploads\/2019\/08\/solo-logo-verde.jpg","contentUrl":"https:\/\/www.exploring-umbria.com\/wp-content\/uploads\/2019\/08\/solo-logo-verde.jpg","width":952,"height":532,"caption":"Exploring Umbria"},"image":{"@id":"https:\/\/www.exploring-umbria.com\/es\/#logo"}},{"@type":"WebSite","@id":"https:\/\/www.exploring-umbria.com\/es\/#website","url":"https:\/\/www.exploring-umbria.com\/es\/","name":"Exploring Umbria","description":"your dates, your mood, your trip","publisher":{"@id":"https:\/\/www.exploring-umbria.com\/es\/#organization"},"potentialAction":[{"@type":"SearchAction","target":{"@type":"EntryPoint","urlTemplate":"https:\/\/www.exploring-umbria.com\/es\/?s={search_term_string}"},"query-input":"required name=search_term_string"}],"inLanguage":"es"},{"@type":"ImageObject","@id":"https:\/\/www.exploring-umbria.com\/es\/descubre-todi\/que-hacer-en-todi\/#primaryimage","inLanguage":"es","url":"https:\/\/www.exploring-umbria.com\/wp-content\/uploads\/2019\/07\/TODI-CONVENTO-DELLE-LUCREZIE-9.jpg","contentUrl":"https:\/\/www.exploring-umbria.com\/wp-content\/uploads\/2019\/07\/TODI-CONVENTO-DELLE-LUCREZIE-9.jpg","width":1800,"height":1200,"caption":"scopri cosa fare a todi e dintorni"},{"@type":"WebPage","@id":"https:\/\/www.exploring-umbria.com\/es\/descubre-todi\/que-hacer-en-todi\/#webpage","url":"https:\/\/www.exploring-umbria.com\/es\/descubre-todi\/que-hacer-en-todi\/","name":"Qu\u00e9 hacer en Todi - Exploring Umbria","isPartOf":{"@id":"https:\/\/www.exploring-umbria.com\/es\/#website"},"primaryImageOfPage":{"@id":"https:\/\/www.exploring-umbria.com\/es\/descubre-todi\/que-hacer-en-todi\/#primaryimage"},"datePublished":"2019-03-08T10:41:28+00:00","dateModified":"2020-03-17T17:53:40+00:00","description":"Por su riqueza paisaj\u00edstica y hist\u00f3rico-cultural, Todi ofrece una amplia gama de cosas que hacer para sus habitantes, as\u00ed como para los turistas y","breadcrumb":{"@id":"https:\/\/www.exploring-umbria.com\/es\/descubre-todi\/que-hacer-en-todi\/#breadcrumb"},"inLanguage":"es","potentialAction":[{"@type":"ReadAction","target":["https:\/\/www.exploring-umbria.com\/es\/descubre-todi\/que-hacer-en-todi\/"]}]},{"@type":"BreadcrumbList","@id":"https:\/\/www.exploring-umbria.com\/es\/descubre-todi\/que-hacer-en-todi\/#breadcrumb","itemListElement":[{"@type":"ListItem","position":1,"name":"Home","item":"https:\/\/www.exploring-umbria.com\/es\/"},{"@type":"ListItem","position":2,"name":"Descubre Todi","item":"https:\/\/www.exploring-umbria.com\/es\/descubre-todi\/"},{"@type":"ListItem","position":3,"name":"Qu\u00e9 hacer en Todi"}]}]}},"_links":{"self":[{"href":"https:\/\/www.exploring-umbria.com\/es\/wp-json\/wp\/v2\/pages\/2945"}],"collection":[{"href":"https:\/\/www.exploring-umbria.com\/es\/wp-json\/wp\/v2\/pages"}],"about":[{"href":"https:\/\/www.exploring-umbria.com\/es\/wp-json\/wp\/v2\/types\/page"}],"author":[{"embeddable":true,"href":"https:\/\/www.exploring-umbria.com\/es\/wp-json\/wp\/v2\/users\/4"}],"replies":[{"embeddable":true,"href":"https:\/\/www.exploring-umbria.com\/es\/wp-json\/wp\/v2\/comments?post=2945"}],"version-history":[{"count":3,"href":"https:\/\/www.exploring-umbria.com\/es\/wp-json\/wp\/v2\/pages\/2945\/revisions"}],"predecessor-version":[{"id":32670,"href":"https:\/\/www.exploring-umbria.com\/es\/wp-json\/wp\/v2\/pages\/2945\/revisions\/32670"}],"up":[{"embeddable":true,"href":"https:\/\/www.exploring-umbria.com\/es\/wp-json\/wp\/v2\/pages\/2947"}],"wp:featuredmedia":[{"embeddable":true,"href":"https:\/\/www.exploring-umbria.com\/es\/wp-json\/wp\/v2\/media\/16637"}],"wp:attachment":[{"href":"https:\/\/www.exploring-umbria.com\/es\/wp-json\/wp\/v2\/media?parent=2945"}],"curies":[{"name":"wp","href":"https:\/\/api.w.org\/{rel}","templated":true}]}}