{"id":2942,"date":"2019-03-08T11:48:22","date_gmt":"2019-03-08T10:48:22","guid":{"rendered":"https:\/\/www.exploring-umbria.com\/cosa-vedere-a-todi\/"},"modified":"2020-03-18T11:54:35","modified_gmt":"2020-03-18T10:54:35","slug":"que-ver-en-todi","status":"publish","type":"page","link":"https:\/\/www.exploring-umbria.com\/es\/descubre-todi\/que-ver-en-todi\/","title":{"rendered":"Qu\u00e9 ver en Todi"},"content":{"rendered":"<p><strong>Descubre qu\u00e9 ver en Todi.<\/strong><\/p>\n<p><!--more--><\/p>\n<p>Por la riqueza urbana, arquitect\u00f3nica y paisaj\u00edstica que caracteriza a este encantador pueblo, si decide visitar Todi, sepa que para apreciarla merece una buena dosis de paciencia, tiempo y por qu\u00e9 no, \u00a1incluso entrenamiento f\u00edsico!<\/p>\n<p>Incluso antes de entrar en el espacio urbano, a pocos cientos de metros de las murallas de la ciudad, se encuentra frente a algunos de los edificios m\u00e1s notables de la ciudad: el T<strong>emplo del Crucifijo<\/strong>, al sureste de Puerta Romana, hecho monumental por el Obispo Cesi en el Renacimiento, la <strong>Iglesia de Santa Maria de la Consolaci\u00f3n<\/strong>, al suroeste de la ciudad, joya arquitect\u00f3nica de <a href=\"https:\/\/es.wikipedia.org\/wiki\/Donato_d%27Angelo_Bramante\" target=\"_blank\" rel=\"noopener noreferrer\">Bramante<\/a> y, finalmente, el <strong>Convento de Montesanto,<\/strong> se llega a trav\u00e9s de una avenida arbolada al oeste de Puerta Orvietana, construida en el siglo XVI como fortaleza para defender a los habitantes de Todi de los ataques de la cercana Orvieto. A\u00fan m\u00e1s lejos de las murallas, a pocas decenas de kil\u00f3metros de la ciudad, hay m\u00e1s de siete mil hect\u00e1reas del <strong>Parque Fluvial del T\u00edber<\/strong>, donde las <strong>Gargantas de Forello<\/strong> y <strong>de Prodo <\/strong>le ofrecer\u00e1n paisajes de extraordinaria belleza.<\/p>\n<p><strong>\u00a0<\/strong>Atravesando la primera de las tres murallas que han perdurado en el tiempo, tendr\u00e1 la impresi\u00f3n de retroceder al pasado, paseando por las sinuosas y empinadas calles de un centro hist\u00f3rico que se cristaliz\u00f3 en las formas medievales del siglo XIII: con la <a href=\"https:\/\/www.exploring-umbria.com\/es\/subcategories\/cosa-fare-e-cosa-vedere-a-todi\/#heading2880\" target=\"_blank\" rel=\"noopener noreferrer\"><strong>Plaza del Pueblo<\/strong><\/a>, coraz\u00f3n de la ciudad y joya arquitect\u00f3nica del Renacimiento de Umbr\u00eda, con los famosos Palacios Civiles <strong>del Pueblo<\/strong>, <strong>del Capit\u00e1n <\/strong>y <strong>de los Priores<\/strong>, marco monumental de la bella <a href=\"https:\/\/www.exploring-umbria.com\/es\/subcategories\/cosa-fare-e-cosa-vedere-a-todi\/#heading2933\" target=\"_blank\" rel=\"noopener noreferrer\"><strong>Catedral<\/strong><\/a>, con las numerosas iglesias de diferentes \u00e9pocas que salpican el espacio urbano, desde los m\u00e1s antiguos de S<strong>an Nicol\u00e1s de Criptis<\/strong>, <strong>San Felipe<\/strong>, <strong>San Esteban<\/strong> y <strong>San Jorge<\/strong> hasta los m\u00e1s recientes de <strong>Santa Prassede<\/strong>, <strong>Santa Maria en Camuccia<\/strong> y <strong>San Felipe y Santiago,<\/strong> en los que se conservan obras de arte de algunos de los artistas m\u00e1s famosos de la historia de Italia.<\/p>\n<p>Si usted ama los restos antiguos, entonces el <strong>Museo Municipal<\/strong> con la secci\u00f3n de la <strong>Pinacoteca<\/strong> y el <strong>Museo Lapidario<\/strong> de la ciudad sin duda estar\u00e1 a la altura de sus expectativas, as\u00ed como los N<strong>ichos Romanos<\/strong> en la Plaza Garibaldi o las <strong>Fuentes de Scannabecco<\/strong> y <strong>de la Cesia<\/strong>.<\/p>\n<p>Y no te aburrir\u00e1s si prefieres seguir un poco el ritmo de los tiempos, pudiendo asistir a los modernos espect\u00e1culos que se ofrecen en el <strong>Teatro Municipal<\/strong> o visitar las e<strong>xposiciones de arte contempor\u00e1neo <\/strong>dispersas por las calles de la ciudad.<\/p>\n","protected":false},"excerpt":{"rendered":"<p>Descubre qu\u00e9 ver en Todi.<\/p>\n","protected":false},"author":4,"featured_media":4758,"parent":2947,"menu_order":0,"comment_status":"closed","ping_status":"closed","template":"","meta":{"om_disable_all_campaigns":false,"_monsterinsights_skip_tracking":false,"_monsterinsights_sitenote_active":false,"_monsterinsights_sitenote_note":"","_monsterinsights_sitenote_category":0},"acf":[],"yoast_head":"<!-- This site is optimized with the Yoast SEO plugin v18.4.1 - https:\/\/yoast.com\/wordpress\/plugins\/seo\/ -->\n<title>Qu\u00e9 ver en Todi - Exploring Umbria<\/title>\n<meta name=\"description\" content=\"Descubre qu\u00e9 ver en Todi. Por la riqueza urbana, arquitect\u00f3nica y paisaj\u00edstica que caracteriza a este encantador pueblo, si decide visitar Todi, sepa que\" \/>\n<meta name=\"robots\" content=\"index, follow, max-snippet:-1, max-image-preview:large, max-video-preview:-1\" \/>\n<link rel=\"canonical\" href=\"https:\/\/www.exploring-umbria.com\/es\/descubre-todi\/que-ver-en-todi\/\" \/>\n<meta property=\"og:locale\" content=\"es_ES\" \/>\n<meta property=\"og:type\" content=\"article\" \/>\n<meta property=\"og:title\" content=\"Qu\u00e9 ver en Todi - Exploring Umbria\" \/>\n<meta property=\"og:description\" content=\"Descubre qu\u00e9 ver en Todi. Por la riqueza urbana, arquitect\u00f3nica y paisaj\u00edstica que caracteriza a este encantador pueblo, si decide visitar Todi, sepa que\" \/>\n<meta property=\"og:url\" content=\"https:\/\/www.exploring-umbria.com\/es\/descubre-todi\/que-ver-en-todi\/\" \/>\n<meta property=\"og:site_name\" content=\"Exploring Umbria\" \/>\n<meta property=\"article:publisher\" content=\"https:\/\/www.facebook.com\/exploringumbria\/\" \/>\n<meta property=\"article:modified_time\" content=\"2020-03-18T10:54:35+00:00\" \/>\n<meta property=\"og:image\" content=\"https:\/\/www.exploring-umbria.com\/wp-content\/uploads\/2019\/04\/TODI-VISTA.jpg\" \/>\n\t<meta property=\"og:image:width\" content=\"960\" \/>\n\t<meta property=\"og:image:height\" content=\"720\" \/>\n\t<meta property=\"og:image:type\" content=\"image\/jpeg\" \/>\n<meta name=\"twitter:card\" content=\"summary_large_image\" \/>\n<meta name=\"twitter:label1\" content=\"Tiempo de lectura\" \/>\n\t<meta name=\"twitter:data1\" content=\"2 minutos\" \/>\n<script type=\"application\/ld+json\" class=\"yoast-schema-graph\">{\"@context\":\"https:\/\/schema.org\",\"@graph\":[{\"@type\":\"Organization\",\"@id\":\"https:\/\/www.exploring-umbria.com\/es\/#organization\",\"name\":\"Exploring Umbria\",\"url\":\"https:\/\/www.exploring-umbria.com\/es\/\",\"sameAs\":[\"https:\/\/www.facebook.com\/exploringumbria\/\",\"https:\/\/www.instagram.com\/exploringumbria\/\"],\"logo\":{\"@type\":\"ImageObject\",\"@id\":\"https:\/\/www.exploring-umbria.com\/es\/#logo\",\"inLanguage\":\"es\",\"url\":\"https:\/\/www.exploring-umbria.com\/wp-content\/uploads\/2019\/08\/solo-logo-verde.jpg\",\"contentUrl\":\"https:\/\/www.exploring-umbria.com\/wp-content\/uploads\/2019\/08\/solo-logo-verde.jpg\",\"width\":952,\"height\":532,\"caption\":\"Exploring Umbria\"},\"image\":{\"@id\":\"https:\/\/www.exploring-umbria.com\/es\/#logo\"}},{\"@type\":\"WebSite\",\"@id\":\"https:\/\/www.exploring-umbria.com\/es\/#website\",\"url\":\"https:\/\/www.exploring-umbria.com\/es\/\",\"name\":\"Exploring Umbria\",\"description\":\"your dates, your mood, your trip\",\"publisher\":{\"@id\":\"https:\/\/www.exploring-umbria.com\/es\/#organization\"},\"potentialAction\":[{\"@type\":\"SearchAction\",\"target\":{\"@type\":\"EntryPoint\",\"urlTemplate\":\"https:\/\/www.exploring-umbria.com\/es\/?s={search_term_string}\"},\"query-input\":\"required name=search_term_string\"}],\"inLanguage\":\"es\"},{\"@type\":\"ImageObject\",\"@id\":\"https:\/\/www.exploring-umbria.com\/es\/descubre-todi\/que-ver-en-todi\/#primaryimage\",\"inLanguage\":\"es\",\"url\":\"https:\/\/www.exploring-umbria.com\/wp-content\/uploads\/2019\/04\/TODI-VISTA.jpg\",\"contentUrl\":\"https:\/\/www.exploring-umbria.com\/wp-content\/uploads\/2019\/04\/TODI-VISTA.jpg\",\"width\":960,\"height\":720,\"caption\":\"panorama di cosa vedere a Todi\"},{\"@type\":\"WebPage\",\"@id\":\"https:\/\/www.exploring-umbria.com\/es\/descubre-todi\/que-ver-en-todi\/#webpage\",\"url\":\"https:\/\/www.exploring-umbria.com\/es\/descubre-todi\/que-ver-en-todi\/\",\"name\":\"Qu\u00e9 ver en Todi - Exploring Umbria\",\"isPartOf\":{\"@id\":\"https:\/\/www.exploring-umbria.com\/es\/#website\"},\"primaryImageOfPage\":{\"@id\":\"https:\/\/www.exploring-umbria.com\/es\/descubre-todi\/que-ver-en-todi\/#primaryimage\"},\"datePublished\":\"2019-03-08T10:48:22+00:00\",\"dateModified\":\"2020-03-18T10:54:35+00:00\",\"description\":\"Descubre qu\u00e9 ver en Todi. Por la riqueza urbana, arquitect\u00f3nica y paisaj\u00edstica que caracteriza a este encantador pueblo, si decide visitar Todi, sepa que\",\"breadcrumb\":{\"@id\":\"https:\/\/www.exploring-umbria.com\/es\/descubre-todi\/que-ver-en-todi\/#breadcrumb\"},\"inLanguage\":\"es\",\"potentialAction\":[{\"@type\":\"ReadAction\",\"target\":[\"https:\/\/www.exploring-umbria.com\/es\/descubre-todi\/que-ver-en-todi\/\"]}]},{\"@type\":\"BreadcrumbList\",\"@id\":\"https:\/\/www.exploring-umbria.com\/es\/descubre-todi\/que-ver-en-todi\/#breadcrumb\",\"itemListElement\":[{\"@type\":\"ListItem\",\"position\":1,\"name\":\"Home\",\"item\":\"https:\/\/www.exploring-umbria.com\/es\/\"},{\"@type\":\"ListItem\",\"position\":2,\"name\":\"Descubre Todi\",\"item\":\"https:\/\/www.exploring-umbria.com\/es\/descubre-todi\/\"},{\"@type\":\"ListItem\",\"position\":3,\"name\":\"Qu\u00e9 ver en Todi\"}]}]}<\/script>\n<!-- \/ Yoast SEO plugin. -->","yoast_head_json":{"title":"Qu\u00e9 ver en Todi - Exploring Umbria","description":"Descubre qu\u00e9 ver en Todi. Por la riqueza urbana, arquitect\u00f3nica y paisaj\u00edstica que caracteriza a este encantador pueblo, si decide visitar Todi, sepa que","robots":{"index":"index","follow":"follow","max-snippet":"max-snippet:-1","max-image-preview":"max-image-preview:large","max-video-preview":"max-video-preview:-1"},"canonical":"https:\/\/www.exploring-umbria.com\/es\/descubre-todi\/que-ver-en-todi\/","og_locale":"es_ES","og_type":"article","og_title":"Qu\u00e9 ver en Todi - Exploring Umbria","og_description":"Descubre qu\u00e9 ver en Todi. Por la riqueza urbana, arquitect\u00f3nica y paisaj\u00edstica que caracteriza a este encantador pueblo, si decide visitar Todi, sepa que","og_url":"https:\/\/www.exploring-umbria.com\/es\/descubre-todi\/que-ver-en-todi\/","og_site_name":"Exploring Umbria","article_publisher":"https:\/\/www.facebook.com\/exploringumbria\/","article_modified_time":"2020-03-18T10:54:35+00:00","og_image":[{"width":960,"height":720,"url":"https:\/\/www.exploring-umbria.com\/wp-content\/uploads\/2019\/04\/TODI-VISTA.jpg","type":"image\/jpeg"}],"twitter_card":"summary_large_image","twitter_misc":{"Tiempo de lectura":"2 minutos"},"schema":{"@context":"https:\/\/schema.org","@graph":[{"@type":"Organization","@id":"https:\/\/www.exploring-umbria.com\/es\/#organization","name":"Exploring Umbria","url":"https:\/\/www.exploring-umbria.com\/es\/","sameAs":["https:\/\/www.facebook.com\/exploringumbria\/","https:\/\/www.instagram.com\/exploringumbria\/"],"logo":{"@type":"ImageObject","@id":"https:\/\/www.exploring-umbria.com\/es\/#logo","inLanguage":"es","url":"https:\/\/www.exploring-umbria.com\/wp-content\/uploads\/2019\/08\/solo-logo-verde.jpg","contentUrl":"https:\/\/www.exploring-umbria.com\/wp-content\/uploads\/2019\/08\/solo-logo-verde.jpg","width":952,"height":532,"caption":"Exploring Umbria"},"image":{"@id":"https:\/\/www.exploring-umbria.com\/es\/#logo"}},{"@type":"WebSite","@id":"https:\/\/www.exploring-umbria.com\/es\/#website","url":"https:\/\/www.exploring-umbria.com\/es\/","name":"Exploring Umbria","description":"your dates, your mood, your trip","publisher":{"@id":"https:\/\/www.exploring-umbria.com\/es\/#organization"},"potentialAction":[{"@type":"SearchAction","target":{"@type":"EntryPoint","urlTemplate":"https:\/\/www.exploring-umbria.com\/es\/?s={search_term_string}"},"query-input":"required name=search_term_string"}],"inLanguage":"es"},{"@type":"ImageObject","@id":"https:\/\/www.exploring-umbria.com\/es\/descubre-todi\/que-ver-en-todi\/#primaryimage","inLanguage":"es","url":"https:\/\/www.exploring-umbria.com\/wp-content\/uploads\/2019\/04\/TODI-VISTA.jpg","contentUrl":"https:\/\/www.exploring-umbria.com\/wp-content\/uploads\/2019\/04\/TODI-VISTA.jpg","width":960,"height":720,"caption":"panorama di cosa vedere a Todi"},{"@type":"WebPage","@id":"https:\/\/www.exploring-umbria.com\/es\/descubre-todi\/que-ver-en-todi\/#webpage","url":"https:\/\/www.exploring-umbria.com\/es\/descubre-todi\/que-ver-en-todi\/","name":"Qu\u00e9 ver en Todi - Exploring Umbria","isPartOf":{"@id":"https:\/\/www.exploring-umbria.com\/es\/#website"},"primaryImageOfPage":{"@id":"https:\/\/www.exploring-umbria.com\/es\/descubre-todi\/que-ver-en-todi\/#primaryimage"},"datePublished":"2019-03-08T10:48:22+00:00","dateModified":"2020-03-18T10:54:35+00:00","description":"Descubre qu\u00e9 ver en Todi. Por la riqueza urbana, arquitect\u00f3nica y paisaj\u00edstica que caracteriza a este encantador pueblo, si decide visitar Todi, sepa que","breadcrumb":{"@id":"https:\/\/www.exploring-umbria.com\/es\/descubre-todi\/que-ver-en-todi\/#breadcrumb"},"inLanguage":"es","potentialAction":[{"@type":"ReadAction","target":["https:\/\/www.exploring-umbria.com\/es\/descubre-todi\/que-ver-en-todi\/"]}]},{"@type":"BreadcrumbList","@id":"https:\/\/www.exploring-umbria.com\/es\/descubre-todi\/que-ver-en-todi\/#breadcrumb","itemListElement":[{"@type":"ListItem","position":1,"name":"Home","item":"https:\/\/www.exploring-umbria.com\/es\/"},{"@type":"ListItem","position":2,"name":"Descubre Todi","item":"https:\/\/www.exploring-umbria.com\/es\/descubre-todi\/"},{"@type":"ListItem","position":3,"name":"Qu\u00e9 ver en Todi"}]}]}},"_links":{"self":[{"href":"https:\/\/www.exploring-umbria.com\/es\/wp-json\/wp\/v2\/pages\/2942"}],"collection":[{"href":"https:\/\/www.exploring-umbria.com\/es\/wp-json\/wp\/v2\/pages"}],"about":[{"href":"https:\/\/www.exploring-umbria.com\/es\/wp-json\/wp\/v2\/types\/page"}],"author":[{"embeddable":true,"href":"https:\/\/www.exploring-umbria.com\/es\/wp-json\/wp\/v2\/users\/4"}],"replies":[{"embeddable":true,"href":"https:\/\/www.exploring-umbria.com\/es\/wp-json\/wp\/v2\/comments?post=2942"}],"version-history":[{"count":6,"href":"https:\/\/www.exploring-umbria.com\/es\/wp-json\/wp\/v2\/pages\/2942\/revisions"}],"predecessor-version":[{"id":32679,"href":"https:\/\/www.exploring-umbria.com\/es\/wp-json\/wp\/v2\/pages\/2942\/revisions\/32679"}],"up":[{"embeddable":true,"href":"https:\/\/www.exploring-umbria.com\/es\/wp-json\/wp\/v2\/pages\/2947"}],"wp:featuredmedia":[{"embeddable":true,"href":"https:\/\/www.exploring-umbria.com\/es\/wp-json\/wp\/v2\/media\/4758"}],"wp:attachment":[{"href":"https:\/\/www.exploring-umbria.com\/es\/wp-json\/wp\/v2\/media?parent=2942"}],"curies":[{"name":"wp","href":"https:\/\/api.w.org\/{rel}","templated":true}]}}