{"id":2940,"date":"2019-03-08T11:50:21","date_gmt":"2019-03-08T10:50:21","guid":{"rendered":"https:\/\/www.exploring-umbria.com\/le-cisterne-romane-todi-sotterranea\/"},"modified":"2020-03-19T15:51:54","modified_gmt":"2020-03-19T14:51:54","slug":"todi-subterranea-las-cisternas-romanas","status":"publish","type":"page","link":"https:\/\/www.exploring-umbria.com\/es\/descubre-todi\/que-ver-en-todi\/todi-subterranea-las-cisternas-romanas\/","title":{"rendered":"Todi Subterr\u00e1nea (Las Cisternas Romanas )"},"content":{"rendered":"<p>En los \u00faltimos a\u00f1os ha sido posible redescubrir y analizar en profundidad la <strong>\u201cciudad invisible\u201d<\/strong>, tambi\u00e9n conocida como <strong>\u201c<\/strong><strong>Todi subterr\u00e1nea\u201d<\/strong>, que se extiende por debajo del suelo de la <strong>Plaza del Pueblo<\/strong>, el antiguo foro de la \u00e9poca de los romanos, gracias al h\u00e1bil trabajo del Gruppo Speleologico Tuderte (Grupo Espeleol\u00f3gico Tudertino).<\/p>\n<p>Con un m\u00e9todo ejemplar de \u00abespeleolog\u00eda urbana\u00bb, en el que se altern\u00f3 la exploraci\u00f3n subterr\u00e1nea con estudios de archivo de documentos hist\u00f3ricos y cartogr\u00e1ficos, se descubri\u00f3 un complejo de m\u00e1s de <strong>treinta aljibes<\/strong> prerromanos, romanos y medievales, y <strong>quinientos pozos<\/strong> de formas y \u00e9pocas variadas que recorr\u00edan el subsuelo de <a href=\"https:\/\/www.exploring-umbria.com\/es\/actividades\/guided-tour-of-todi\/\" target=\"_blank\" rel=\"noopener noreferrer\">Todi<\/a> por m\u00e1s de cinco kil\u00f3metros, haciendo que su subsuelo se convierta en un legado de valor incalculable.<\/p>\n<p>Gracias al compromiso de la administraci\u00f3n municipal en colaboraci\u00f3n con la Superintendencia Arqueol\u00f3gica de Umbr\u00eda, una parte de estas estructuras monumentales se puede visitar ahora en el lado oeste de la plaza. Hay doce salas rectangulares hechas de <em>opus coementicium<\/em> y cubiertas por b\u00f3vedas de ca\u00f1\u00f3n de unos ocho metros de alto, ocho metros de ancho y treinta metros de largo, con una capacidad de unos treinta mil metros c\u00fabicos de agua. Las salas se comunican entre s\u00ed a trav\u00e9s de pasadizos arqueados y tienen una o m\u00e1s aberturas en las b\u00f3vedas, de las que era posible extraer agua. En los muros a\u00fan se pueden ver los restos de los encofrados de madera sobre los que se arroj\u00f3 la mezcla de mortero y piedras.<\/p>\n<p>El complejo fue encontrado por casualidad durante la restauraci\u00f3n del estanco Pazzaglia-Valentini, cuya extensi\u00f3n <strong>ocupa el tramo inicial de la calle Via del Monte<\/strong> y contin\u00faa <strong>hasta la calle Valle Inferiore<\/strong> y la <strong>calle Via Mazzini<\/strong>. La orientaci\u00f3n es perfectamente paralela a la estructura gemela situada en el lado opuesto de la <strong>Piazza del Pueblo<\/strong> (este), cuyas estancias se extienden hasta los cimientos del <strong>Palacio de los Priores<\/strong>.<\/p>\n<p>A diferencia del complejo occidental descubierto en tiempos modernos, el complejo oriental ya era conocido desde 1262, como lo demuestra la <em>Cr\u00f3nica de la eminente ciudad de Tode<\/em>, escrita por <em>Gianfabrizio Atti<\/em> en el siglo XVI. Desafortunadamente, s\u00f3lo nueve de las doce habitaciones en total pueden ser utilizadas y visitadas.<\/p>\n<p>Debido a las t\u00e9cnicas de construcci\u00f3n utilizadas y perfectamente reconocibles, la estructura podr\u00eda datarse en el per\u00edodo republicano tard\u00edo, con ampliaciones posteriores durante aproximadamente un siglo. Ambas cisternas fueron abastecidas por las aguas de manantial de la cima de la colina, procedentes de la zona de la fortaleza y probablemente formaban parte de un \u00fanico proyecto monumental de planificaci\u00f3n urban\u00edstica del foro de abastecimiento de agua de la ciudad.<\/p>\n<p>La estructura monumental formaba parte del proyecto arquitect\u00f3nico del siglo I a.C., cuando Todi, de <a href=\"https:\/\/es.wikipedia.org\/wiki\/Municipium\" target=\"_blank\" rel=\"noopener noreferrer\"><em>municipium<\/em><\/a>, obtuvo el t\u00edtulo de <em>Splendidissima<\/em> <a href=\"https:\/\/es.wikipedia.org\/wiki\/Colonia_romana\" target=\"_blank\" rel=\"noopener noreferrer\">colonia<\/a> romana.<\/p>\n","protected":false},"excerpt":{"rendered":"<p>En los \u00faltimos a\u00f1os ha sido posible redescubrir y analizar en profundidad la \u201cciudad invisible\u201d, tambi\u00e9n conocida como \u201cTodi subterr\u00e1nea\u201d, que se extiende por debajo del suelo de la Plaza del Pueblo, el antiguo foro de la \u00e9poca de los romanos, gracias al h\u00e1bil trabajo del Gruppo Speleologico Tuderte (Grupo Espeleol\u00f3gico Tudertino). Con un m\u00e9todo [&hellip;]<\/p>\n","protected":false},"author":4,"featured_media":0,"parent":2942,"menu_order":3,"comment_status":"closed","ping_status":"closed","template":"","meta":{"om_disable_all_campaigns":false,"_monsterinsights_skip_tracking":false,"_monsterinsights_sitenote_active":false,"_monsterinsights_sitenote_note":"","_monsterinsights_sitenote_category":0},"acf":[],"yoast_head":"<!-- This site is optimized with the Yoast SEO plugin v18.4.1 - https:\/\/yoast.com\/wordpress\/plugins\/seo\/ -->\n<title>Todi Subterr\u00e1nea (Las Cisternas Romanas ) - Exploring Umbria<\/title>\n<meta name=\"description\" content=\"En los \u00faltimos a\u00f1os ha sido posible redescubrir y analizar en profundidad la \u201cciudad invisible\u201d, tambi\u00e9n conocida como \u201cTodi subterr\u00e1nea\u201d, que se extiende\" \/>\n<meta name=\"robots\" content=\"index, follow, max-snippet:-1, max-image-preview:large, max-video-preview:-1\" \/>\n<link rel=\"canonical\" href=\"https:\/\/www.exploring-umbria.com\/es\/descubre-todi\/que-ver-en-todi\/todi-subterranea-las-cisternas-romanas\/\" \/>\n<meta property=\"og:locale\" content=\"es_ES\" \/>\n<meta property=\"og:type\" content=\"article\" \/>\n<meta property=\"og:title\" content=\"Todi Subterr\u00e1nea (Las Cisternas Romanas ) - Exploring Umbria\" \/>\n<meta property=\"og:description\" content=\"En los \u00faltimos a\u00f1os ha sido posible redescubrir y analizar en profundidad la \u201cciudad invisible\u201d, tambi\u00e9n conocida como \u201cTodi subterr\u00e1nea\u201d, que se extiende\" \/>\n<meta property=\"og:url\" content=\"https:\/\/www.exploring-umbria.com\/es\/descubre-todi\/que-ver-en-todi\/todi-subterranea-las-cisternas-romanas\/\" \/>\n<meta property=\"og:site_name\" content=\"Exploring Umbria\" \/>\n<meta property=\"article:publisher\" content=\"https:\/\/www.facebook.com\/exploringumbria\/\" \/>\n<meta property=\"article:modified_time\" content=\"2020-03-19T14:51:54+00:00\" \/>\n<meta name=\"twitter:card\" content=\"summary_large_image\" \/>\n<meta name=\"twitter:label1\" content=\"Tiempo de lectura\" \/>\n\t<meta name=\"twitter:data1\" content=\"2 minutos\" \/>\n<script type=\"application\/ld+json\" class=\"yoast-schema-graph\">{\"@context\":\"https:\/\/schema.org\",\"@graph\":[{\"@type\":\"Organization\",\"@id\":\"https:\/\/www.exploring-umbria.com\/es\/#organization\",\"name\":\"Exploring Umbria\",\"url\":\"https:\/\/www.exploring-umbria.com\/es\/\",\"sameAs\":[\"https:\/\/www.facebook.com\/exploringumbria\/\",\"https:\/\/www.instagram.com\/exploringumbria\/\"],\"logo\":{\"@type\":\"ImageObject\",\"@id\":\"https:\/\/www.exploring-umbria.com\/es\/#logo\",\"inLanguage\":\"es\",\"url\":\"https:\/\/www.exploring-umbria.com\/wp-content\/uploads\/2019\/08\/solo-logo-verde.jpg\",\"contentUrl\":\"https:\/\/www.exploring-umbria.com\/wp-content\/uploads\/2019\/08\/solo-logo-verde.jpg\",\"width\":952,\"height\":532,\"caption\":\"Exploring Umbria\"},\"image\":{\"@id\":\"https:\/\/www.exploring-umbria.com\/es\/#logo\"}},{\"@type\":\"WebSite\",\"@id\":\"https:\/\/www.exploring-umbria.com\/es\/#website\",\"url\":\"https:\/\/www.exploring-umbria.com\/es\/\",\"name\":\"Exploring Umbria\",\"description\":\"your dates, your mood, your trip\",\"publisher\":{\"@id\":\"https:\/\/www.exploring-umbria.com\/es\/#organization\"},\"potentialAction\":[{\"@type\":\"SearchAction\",\"target\":{\"@type\":\"EntryPoint\",\"urlTemplate\":\"https:\/\/www.exploring-umbria.com\/es\/?s={search_term_string}\"},\"query-input\":\"required name=search_term_string\"}],\"inLanguage\":\"es\"},{\"@type\":\"WebPage\",\"@id\":\"https:\/\/www.exploring-umbria.com\/es\/descubre-todi\/que-ver-en-todi\/todi-subterranea-las-cisternas-romanas\/#webpage\",\"url\":\"https:\/\/www.exploring-umbria.com\/es\/descubre-todi\/que-ver-en-todi\/todi-subterranea-las-cisternas-romanas\/\",\"name\":\"Todi Subterr\u00e1nea (Las Cisternas Romanas ) - Exploring Umbria\",\"isPartOf\":{\"@id\":\"https:\/\/www.exploring-umbria.com\/es\/#website\"},\"datePublished\":\"2019-03-08T10:50:21+00:00\",\"dateModified\":\"2020-03-19T14:51:54+00:00\",\"description\":\"En los \u00faltimos a\u00f1os ha sido posible redescubrir y analizar en profundidad la \u201cciudad invisible\u201d, tambi\u00e9n conocida como \u201cTodi subterr\u00e1nea\u201d, que se extiende\",\"breadcrumb\":{\"@id\":\"https:\/\/www.exploring-umbria.com\/es\/descubre-todi\/que-ver-en-todi\/todi-subterranea-las-cisternas-romanas\/#breadcrumb\"},\"inLanguage\":\"es\",\"potentialAction\":[{\"@type\":\"ReadAction\",\"target\":[\"https:\/\/www.exploring-umbria.com\/es\/descubre-todi\/que-ver-en-todi\/todi-subterranea-las-cisternas-romanas\/\"]}]},{\"@type\":\"BreadcrumbList\",\"@id\":\"https:\/\/www.exploring-umbria.com\/es\/descubre-todi\/que-ver-en-todi\/todi-subterranea-las-cisternas-romanas\/#breadcrumb\",\"itemListElement\":[{\"@type\":\"ListItem\",\"position\":1,\"name\":\"Home\",\"item\":\"https:\/\/www.exploring-umbria.com\/es\/\"},{\"@type\":\"ListItem\",\"position\":2,\"name\":\"Descubre Todi\",\"item\":\"https:\/\/www.exploring-umbria.com\/es\/descubre-todi\/\"},{\"@type\":\"ListItem\",\"position\":3,\"name\":\"Qu\u00e9 ver en Todi\",\"item\":\"https:\/\/www.exploring-umbria.com\/es\/descubre-todi\/que-ver-en-todi\/\"},{\"@type\":\"ListItem\",\"position\":4,\"name\":\"Todi Subterr\u00e1nea (Las Cisternas Romanas )\"}]}]}<\/script>\n<!-- \/ Yoast SEO plugin. -->","yoast_head_json":{"title":"Todi Subterr\u00e1nea (Las Cisternas Romanas ) - Exploring Umbria","description":"En los \u00faltimos a\u00f1os ha sido posible redescubrir y analizar en profundidad la \u201cciudad invisible\u201d, tambi\u00e9n conocida como \u201cTodi subterr\u00e1nea\u201d, que se extiende","robots":{"index":"index","follow":"follow","max-snippet":"max-snippet:-1","max-image-preview":"max-image-preview:large","max-video-preview":"max-video-preview:-1"},"canonical":"https:\/\/www.exploring-umbria.com\/es\/descubre-todi\/que-ver-en-todi\/todi-subterranea-las-cisternas-romanas\/","og_locale":"es_ES","og_type":"article","og_title":"Todi Subterr\u00e1nea (Las Cisternas Romanas ) - Exploring Umbria","og_description":"En los \u00faltimos a\u00f1os ha sido posible redescubrir y analizar en profundidad la \u201cciudad invisible\u201d, tambi\u00e9n conocida como \u201cTodi subterr\u00e1nea\u201d, que se extiende","og_url":"https:\/\/www.exploring-umbria.com\/es\/descubre-todi\/que-ver-en-todi\/todi-subterranea-las-cisternas-romanas\/","og_site_name":"Exploring Umbria","article_publisher":"https:\/\/www.facebook.com\/exploringumbria\/","article_modified_time":"2020-03-19T14:51:54+00:00","twitter_card":"summary_large_image","twitter_misc":{"Tiempo de lectura":"2 minutos"},"schema":{"@context":"https:\/\/schema.org","@graph":[{"@type":"Organization","@id":"https:\/\/www.exploring-umbria.com\/es\/#organization","name":"Exploring Umbria","url":"https:\/\/www.exploring-umbria.com\/es\/","sameAs":["https:\/\/www.facebook.com\/exploringumbria\/","https:\/\/www.instagram.com\/exploringumbria\/"],"logo":{"@type":"ImageObject","@id":"https:\/\/www.exploring-umbria.com\/es\/#logo","inLanguage":"es","url":"https:\/\/www.exploring-umbria.com\/wp-content\/uploads\/2019\/08\/solo-logo-verde.jpg","contentUrl":"https:\/\/www.exploring-umbria.com\/wp-content\/uploads\/2019\/08\/solo-logo-verde.jpg","width":952,"height":532,"caption":"Exploring Umbria"},"image":{"@id":"https:\/\/www.exploring-umbria.com\/es\/#logo"}},{"@type":"WebSite","@id":"https:\/\/www.exploring-umbria.com\/es\/#website","url":"https:\/\/www.exploring-umbria.com\/es\/","name":"Exploring Umbria","description":"your dates, your mood, your trip","publisher":{"@id":"https:\/\/www.exploring-umbria.com\/es\/#organization"},"potentialAction":[{"@type":"SearchAction","target":{"@type":"EntryPoint","urlTemplate":"https:\/\/www.exploring-umbria.com\/es\/?s={search_term_string}"},"query-input":"required name=search_term_string"}],"inLanguage":"es"},{"@type":"WebPage","@id":"https:\/\/www.exploring-umbria.com\/es\/descubre-todi\/que-ver-en-todi\/todi-subterranea-las-cisternas-romanas\/#webpage","url":"https:\/\/www.exploring-umbria.com\/es\/descubre-todi\/que-ver-en-todi\/todi-subterranea-las-cisternas-romanas\/","name":"Todi Subterr\u00e1nea (Las Cisternas Romanas ) - Exploring Umbria","isPartOf":{"@id":"https:\/\/www.exploring-umbria.com\/es\/#website"},"datePublished":"2019-03-08T10:50:21+00:00","dateModified":"2020-03-19T14:51:54+00:00","description":"En los \u00faltimos a\u00f1os ha sido posible redescubrir y analizar en profundidad la \u201cciudad invisible\u201d, tambi\u00e9n conocida como \u201cTodi subterr\u00e1nea\u201d, que se extiende","breadcrumb":{"@id":"https:\/\/www.exploring-umbria.com\/es\/descubre-todi\/que-ver-en-todi\/todi-subterranea-las-cisternas-romanas\/#breadcrumb"},"inLanguage":"es","potentialAction":[{"@type":"ReadAction","target":["https:\/\/www.exploring-umbria.com\/es\/descubre-todi\/que-ver-en-todi\/todi-subterranea-las-cisternas-romanas\/"]}]},{"@type":"BreadcrumbList","@id":"https:\/\/www.exploring-umbria.com\/es\/descubre-todi\/que-ver-en-todi\/todi-subterranea-las-cisternas-romanas\/#breadcrumb","itemListElement":[{"@type":"ListItem","position":1,"name":"Home","item":"https:\/\/www.exploring-umbria.com\/es\/"},{"@type":"ListItem","position":2,"name":"Descubre Todi","item":"https:\/\/www.exploring-umbria.com\/es\/descubre-todi\/"},{"@type":"ListItem","position":3,"name":"Qu\u00e9 ver en Todi","item":"https:\/\/www.exploring-umbria.com\/es\/descubre-todi\/que-ver-en-todi\/"},{"@type":"ListItem","position":4,"name":"Todi Subterr\u00e1nea (Las Cisternas Romanas )"}]}]}},"_links":{"self":[{"href":"https:\/\/www.exploring-umbria.com\/es\/wp-json\/wp\/v2\/pages\/2940"}],"collection":[{"href":"https:\/\/www.exploring-umbria.com\/es\/wp-json\/wp\/v2\/pages"}],"about":[{"href":"https:\/\/www.exploring-umbria.com\/es\/wp-json\/wp\/v2\/types\/page"}],"author":[{"embeddable":true,"href":"https:\/\/www.exploring-umbria.com\/es\/wp-json\/wp\/v2\/users\/4"}],"replies":[{"embeddable":true,"href":"https:\/\/www.exploring-umbria.com\/es\/wp-json\/wp\/v2\/comments?post=2940"}],"version-history":[{"count":7,"href":"https:\/\/www.exploring-umbria.com\/es\/wp-json\/wp\/v2\/pages\/2940\/revisions"}],"predecessor-version":[{"id":32784,"href":"https:\/\/www.exploring-umbria.com\/es\/wp-json\/wp\/v2\/pages\/2940\/revisions\/32784"}],"up":[{"embeddable":true,"href":"https:\/\/www.exploring-umbria.com\/es\/wp-json\/wp\/v2\/pages\/2942"}],"wp:attachment":[{"href":"https:\/\/www.exploring-umbria.com\/es\/wp-json\/wp\/v2\/media?parent=2940"}],"curies":[{"name":"wp","href":"https:\/\/api.w.org\/{rel}","templated":true}]}}