{"id":2937,"date":"2019-03-08T11:55:48","date_gmt":"2019-03-08T10:55:48","guid":{"rendered":"https:\/\/www.exploring-umbria.com\/san-fortunato-chiesa-e-campanile\/"},"modified":"2020-03-18T17:12:14","modified_gmt":"2020-03-18T16:12:14","slug":"iglesia-de-san-fortunato-en-todi","status":"publish","type":"page","link":"https:\/\/www.exploring-umbria.com\/es\/descubre-todi\/que-ver-en-todi\/iglesia-de-san-fortunato-en-todi\/","title":{"rendered":"Iglesia de San Fortunato en Todi"},"content":{"rendered":"<p>La <strong>iglesia<\/strong> o templo de <strong>San Fortunato<\/strong> se encuentra a poca distancia de la fortaleza en lo que debi\u00f3 ser en la antig\u00fcedad la acr\u00f3polis de la ciudad de Todi. El edificio actual es testigo de las numerosas <strong>fases constructivas<\/strong> que lo han caracterizado: desde la m\u00e1s antigua, la <strong>etrusco-romana<\/strong>, de la que se conservan los leones de la entrada y dos capiteles transformados en pilastras de agua bendita, hasta la primera fase constructiva de estilo <strong>rom\u00e1nico<\/strong>, fechada hacia el a\u00f1o 1198 y construida por los vallombrosanos, pasando por el trazado definitivo de la planta <strong>g\u00f3tica<\/strong> con la construcci\u00f3n iniciada en el a\u00f1o 1292, y que se complet\u00f3 en el a\u00f1o 1292 y que se complet\u00f3 en el curso de los siglos sucesivos.<\/p>\n<p>Prueba significativa de esta intervenci\u00f3n es la fachada que se levanta sobre una escalera monumental que qued\u00f3 incompleta debido a la muerte, en 1458, del maestro Giovanni di Santuccio da Firenzuola que trabaj\u00f3 en el proyecto con la ayuda de su sobrino Bartolo d&#8217;Angelo. Las frecuentes guerras con los municipios vecinos, en primer lugar <a href=\"https:\/\/www.exploring-umbria.com\/es\/actividades\/guided-tour-of-orvieto\/\" target=\"_blank\" rel=\"noopener noreferrer\">Orvieto<\/a>, acabaron con las arcas municipales, dejando a la iglesia sin los fondos necesarios para la realizaci\u00f3n de las obras.<\/p>\n<p>El nivel inferior de la <strong>fachada<\/strong> se divide en tres partes, correspondientes a las tres naves interiores con tres portales de entrada, el m\u00e1s interesante de los cuales es el central. La decoraci\u00f3n est\u00e1 formada por preciosas <strong>columnas y bajorrelieves<\/strong> que representan, de izquierda a derecha, a los doce ap\u00f3stoles, a algunos santos (entre ellos Degna, Romana y Cassiano, cuyos restos se conservan en el interior de la Iglesia), a \u00e1ngeles, a profetas b\u00edblicos, a San Fortunato, a los estigmas de San Francisco, a la Anunciaci\u00f3n y al sacrificio de Isaac, todo ello rodeado de motivos florales simb\u00f3licos como la vi\u00f1a, s\u00edmbolo del Bien, y la higuera, s\u00edmbolo del Mal, pero tambi\u00e9n al drag\u00f3n y a la v\u00edbora, s\u00edmbolos del pecado.<\/p>\n<p>En el interior de la iglesia, el espacio est\u00e1 marcado por tres naves, todas de la misma altura, con las dos naves laterales ligeramente m\u00e1s estrechas que la central, seg\u00fan el modelo de la iglesia transalpina <em>Hallenkirche <\/em>(iglesia de sal\u00f3n). Las elegantes columnas de crucer\u00eda sostienen la cubierta en b\u00f3vedas de crucer\u00eda bajo las que, a los lados de las naves, se abren trece capillas elevadas. En la cuarta capilla, a la derecha, se encuentra el fragmento del fresco <em>Virgen con el Ni\u00f1o<\/em> <em>y los \u00c1ngeles<\/em> de Masolino da Panicale (1432), mientras que en la quinta, a la izquierda, hay restos de frescos de la escuela Giottesca con escenas de la vida de San Juan Bautista.<\/p>\n<p>En el <strong>centro de la iglesia<\/strong>, uno de los s\u00edmbolos de Todi, se encuentra la <strong>estatua de San Fortunato<\/strong>, con un coro de nogales con maravillosas incrustaciones de Antonio Maffei da Gubbio en 1590 al fondo, que cubren todo el \u00e1bside central.<\/p>\n<p>Finalmente, la <strong>cripta<\/strong> bajo el altar alberga un \u00fanico sarc\u00f3fago monumental que contiene los <strong>restos de los santos Casiano, Calisto, Fortunato, Romana <\/strong>y<strong> Degna<\/strong>, mientras que en la <strong>sacrist\u00eda adyacente<\/strong> est\u00e1 enterrado el famoso <a href=\"https:\/\/es.wikipedia.org\/wiki\/Jacopone_da_Todi\" target=\"_blank\" rel=\"noopener noreferrer\"><strong>Jacopone de Todi<\/strong> <\/a>desde 1432.<\/p>\n<p>La sacrist\u00eda conduce al <strong>campanario<\/strong> de la iglesia desde donde se puede disfrutar de una <strong>vista de 360 grados <\/strong>de toda la ciudad.<\/p>\n","protected":false},"excerpt":{"rendered":"<p>La iglesia o templo de San Fortunato se encuentra a poca distancia de la fortaleza en lo que debi\u00f3 ser en la antig\u00fcedad la acr\u00f3polis de la ciudad de Todi. El edificio actual es testigo de las numerosas fases constructivas que lo han caracterizado: desde la m\u00e1s antigua, la etrusco-romana, de la que se conservan [&hellip;]<\/p>\n","protected":false},"author":4,"featured_media":29806,"parent":2942,"menu_order":6,"comment_status":"closed","ping_status":"closed","template":"","meta":{"om_disable_all_campaigns":false,"_monsterinsights_skip_tracking":false,"_monsterinsights_sitenote_active":false,"_monsterinsights_sitenote_note":"","_monsterinsights_sitenote_category":0},"acf":[],"yoast_head":"<!-- This site is optimized with the Yoast SEO plugin v18.4.1 - https:\/\/yoast.com\/wordpress\/plugins\/seo\/ -->\n<title>Iglesia de San Fortunato en Todi - Exploring Umbria<\/title>\n<meta name=\"description\" content=\"La iglesia o templo de San Fortunato se encuentra a poca distancia de la fortaleza en lo que debi\u00f3 ser en la antig\u00fcedad la acr\u00f3polis de la ciudad de Todi.\" \/>\n<meta name=\"robots\" content=\"index, follow, max-snippet:-1, max-image-preview:large, max-video-preview:-1\" \/>\n<link rel=\"canonical\" href=\"https:\/\/www.exploring-umbria.com\/es\/descubre-todi\/que-ver-en-todi\/iglesia-de-san-fortunato-en-todi\/\" \/>\n<meta property=\"og:locale\" content=\"es_ES\" \/>\n<meta property=\"og:type\" content=\"article\" \/>\n<meta property=\"og:title\" content=\"Iglesia de San Fortunato en Todi - Exploring Umbria\" \/>\n<meta property=\"og:description\" content=\"La iglesia o templo de San Fortunato se encuentra a poca distancia de la fortaleza en lo que debi\u00f3 ser en la antig\u00fcedad la acr\u00f3polis de la ciudad de Todi.\" \/>\n<meta property=\"og:url\" content=\"https:\/\/www.exploring-umbria.com\/es\/descubre-todi\/que-ver-en-todi\/iglesia-de-san-fortunato-en-todi\/\" \/>\n<meta property=\"og:site_name\" content=\"Exploring Umbria\" \/>\n<meta property=\"article:publisher\" content=\"https:\/\/www.facebook.com\/exploringumbria\/\" \/>\n<meta property=\"article:modified_time\" content=\"2020-03-18T16:12:14+00:00\" \/>\n<meta property=\"og:image\" content=\"https:\/\/www.exploring-umbria.com\/wp-content\/uploads\/2020\/01\/Todi-San-Fortunato.jpg\" \/>\n\t<meta property=\"og:image:width\" content=\"1280\" \/>\n\t<meta property=\"og:image:height\" content=\"853\" \/>\n\t<meta property=\"og:image:type\" content=\"image\/jpeg\" \/>\n<meta name=\"twitter:card\" content=\"summary_large_image\" \/>\n<meta name=\"twitter:label1\" content=\"Tiempo de lectura\" \/>\n\t<meta name=\"twitter:data1\" content=\"3 minutos\" \/>\n<script type=\"application\/ld+json\" class=\"yoast-schema-graph\">{\"@context\":\"https:\/\/schema.org\",\"@graph\":[{\"@type\":\"Organization\",\"@id\":\"https:\/\/www.exploring-umbria.com\/es\/#organization\",\"name\":\"Exploring Umbria\",\"url\":\"https:\/\/www.exploring-umbria.com\/es\/\",\"sameAs\":[\"https:\/\/www.facebook.com\/exploringumbria\/\",\"https:\/\/www.instagram.com\/exploringumbria\/\"],\"logo\":{\"@type\":\"ImageObject\",\"@id\":\"https:\/\/www.exploring-umbria.com\/es\/#logo\",\"inLanguage\":\"es\",\"url\":\"https:\/\/www.exploring-umbria.com\/wp-content\/uploads\/2019\/08\/solo-logo-verde.jpg\",\"contentUrl\":\"https:\/\/www.exploring-umbria.com\/wp-content\/uploads\/2019\/08\/solo-logo-verde.jpg\",\"width\":952,\"height\":532,\"caption\":\"Exploring Umbria\"},\"image\":{\"@id\":\"https:\/\/www.exploring-umbria.com\/es\/#logo\"}},{\"@type\":\"WebSite\",\"@id\":\"https:\/\/www.exploring-umbria.com\/es\/#website\",\"url\":\"https:\/\/www.exploring-umbria.com\/es\/\",\"name\":\"Exploring Umbria\",\"description\":\"your dates, your mood, your trip\",\"publisher\":{\"@id\":\"https:\/\/www.exploring-umbria.com\/es\/#organization\"},\"potentialAction\":[{\"@type\":\"SearchAction\",\"target\":{\"@type\":\"EntryPoint\",\"urlTemplate\":\"https:\/\/www.exploring-umbria.com\/es\/?s={search_term_string}\"},\"query-input\":\"required name=search_term_string\"}],\"inLanguage\":\"es\"},{\"@type\":\"ImageObject\",\"@id\":\"https:\/\/www.exploring-umbria.com\/es\/descubre-todi\/que-ver-en-todi\/iglesia-de-san-fortunato-en-todi\/#primaryimage\",\"inLanguage\":\"es\",\"url\":\"https:\/\/www.exploring-umbria.com\/wp-content\/uploads\/2020\/01\/Todi-San-Fortunato.jpg\",\"contentUrl\":\"https:\/\/www.exploring-umbria.com\/wp-content\/uploads\/2020\/01\/Todi-San-Fortunato.jpg\",\"width\":1280,\"height\":853,\"caption\":\"Chiesa di San Fortunato a Todi\"},{\"@type\":\"WebPage\",\"@id\":\"https:\/\/www.exploring-umbria.com\/es\/descubre-todi\/que-ver-en-todi\/iglesia-de-san-fortunato-en-todi\/#webpage\",\"url\":\"https:\/\/www.exploring-umbria.com\/es\/descubre-todi\/que-ver-en-todi\/iglesia-de-san-fortunato-en-todi\/\",\"name\":\"Iglesia de San Fortunato en Todi - Exploring Umbria\",\"isPartOf\":{\"@id\":\"https:\/\/www.exploring-umbria.com\/es\/#website\"},\"primaryImageOfPage\":{\"@id\":\"https:\/\/www.exploring-umbria.com\/es\/descubre-todi\/que-ver-en-todi\/iglesia-de-san-fortunato-en-todi\/#primaryimage\"},\"datePublished\":\"2019-03-08T10:55:48+00:00\",\"dateModified\":\"2020-03-18T16:12:14+00:00\",\"description\":\"La iglesia o templo de San Fortunato se encuentra a poca distancia de la fortaleza en lo que debi\u00f3 ser en la antig\u00fcedad la acr\u00f3polis de la ciudad de Todi.\",\"breadcrumb\":{\"@id\":\"https:\/\/www.exploring-umbria.com\/es\/descubre-todi\/que-ver-en-todi\/iglesia-de-san-fortunato-en-todi\/#breadcrumb\"},\"inLanguage\":\"es\",\"potentialAction\":[{\"@type\":\"ReadAction\",\"target\":[\"https:\/\/www.exploring-umbria.com\/es\/descubre-todi\/que-ver-en-todi\/iglesia-de-san-fortunato-en-todi\/\"]}]},{\"@type\":\"BreadcrumbList\",\"@id\":\"https:\/\/www.exploring-umbria.com\/es\/descubre-todi\/que-ver-en-todi\/iglesia-de-san-fortunato-en-todi\/#breadcrumb\",\"itemListElement\":[{\"@type\":\"ListItem\",\"position\":1,\"name\":\"Home\",\"item\":\"https:\/\/www.exploring-umbria.com\/es\/\"},{\"@type\":\"ListItem\",\"position\":2,\"name\":\"Descubre Todi\",\"item\":\"https:\/\/www.exploring-umbria.com\/es\/descubre-todi\/\"},{\"@type\":\"ListItem\",\"position\":3,\"name\":\"Qu\u00e9 ver en Todi\",\"item\":\"https:\/\/www.exploring-umbria.com\/es\/descubre-todi\/que-ver-en-todi\/\"},{\"@type\":\"ListItem\",\"position\":4,\"name\":\"Iglesia de San Fortunato en Todi\"}]}]}<\/script>\n<!-- \/ Yoast SEO plugin. -->","yoast_head_json":{"title":"Iglesia de San Fortunato en Todi - Exploring Umbria","description":"La iglesia o templo de San Fortunato se encuentra a poca distancia de la fortaleza en lo que debi\u00f3 ser en la antig\u00fcedad la acr\u00f3polis de la ciudad de Todi.","robots":{"index":"index","follow":"follow","max-snippet":"max-snippet:-1","max-image-preview":"max-image-preview:large","max-video-preview":"max-video-preview:-1"},"canonical":"https:\/\/www.exploring-umbria.com\/es\/descubre-todi\/que-ver-en-todi\/iglesia-de-san-fortunato-en-todi\/","og_locale":"es_ES","og_type":"article","og_title":"Iglesia de San Fortunato en Todi - Exploring Umbria","og_description":"La iglesia o templo de San Fortunato se encuentra a poca distancia de la fortaleza en lo que debi\u00f3 ser en la antig\u00fcedad la acr\u00f3polis de la ciudad de Todi.","og_url":"https:\/\/www.exploring-umbria.com\/es\/descubre-todi\/que-ver-en-todi\/iglesia-de-san-fortunato-en-todi\/","og_site_name":"Exploring Umbria","article_publisher":"https:\/\/www.facebook.com\/exploringumbria\/","article_modified_time":"2020-03-18T16:12:14+00:00","og_image":[{"width":1280,"height":853,"url":"https:\/\/www.exploring-umbria.com\/wp-content\/uploads\/2020\/01\/Todi-San-Fortunato.jpg","type":"image\/jpeg"}],"twitter_card":"summary_large_image","twitter_misc":{"Tiempo de lectura":"3 minutos"},"schema":{"@context":"https:\/\/schema.org","@graph":[{"@type":"Organization","@id":"https:\/\/www.exploring-umbria.com\/es\/#organization","name":"Exploring Umbria","url":"https:\/\/www.exploring-umbria.com\/es\/","sameAs":["https:\/\/www.facebook.com\/exploringumbria\/","https:\/\/www.instagram.com\/exploringumbria\/"],"logo":{"@type":"ImageObject","@id":"https:\/\/www.exploring-umbria.com\/es\/#logo","inLanguage":"es","url":"https:\/\/www.exploring-umbria.com\/wp-content\/uploads\/2019\/08\/solo-logo-verde.jpg","contentUrl":"https:\/\/www.exploring-umbria.com\/wp-content\/uploads\/2019\/08\/solo-logo-verde.jpg","width":952,"height":532,"caption":"Exploring Umbria"},"image":{"@id":"https:\/\/www.exploring-umbria.com\/es\/#logo"}},{"@type":"WebSite","@id":"https:\/\/www.exploring-umbria.com\/es\/#website","url":"https:\/\/www.exploring-umbria.com\/es\/","name":"Exploring Umbria","description":"your dates, your mood, your trip","publisher":{"@id":"https:\/\/www.exploring-umbria.com\/es\/#organization"},"potentialAction":[{"@type":"SearchAction","target":{"@type":"EntryPoint","urlTemplate":"https:\/\/www.exploring-umbria.com\/es\/?s={search_term_string}"},"query-input":"required name=search_term_string"}],"inLanguage":"es"},{"@type":"ImageObject","@id":"https:\/\/www.exploring-umbria.com\/es\/descubre-todi\/que-ver-en-todi\/iglesia-de-san-fortunato-en-todi\/#primaryimage","inLanguage":"es","url":"https:\/\/www.exploring-umbria.com\/wp-content\/uploads\/2020\/01\/Todi-San-Fortunato.jpg","contentUrl":"https:\/\/www.exploring-umbria.com\/wp-content\/uploads\/2020\/01\/Todi-San-Fortunato.jpg","width":1280,"height":853,"caption":"Chiesa di San Fortunato a Todi"},{"@type":"WebPage","@id":"https:\/\/www.exploring-umbria.com\/es\/descubre-todi\/que-ver-en-todi\/iglesia-de-san-fortunato-en-todi\/#webpage","url":"https:\/\/www.exploring-umbria.com\/es\/descubre-todi\/que-ver-en-todi\/iglesia-de-san-fortunato-en-todi\/","name":"Iglesia de San Fortunato en Todi - Exploring Umbria","isPartOf":{"@id":"https:\/\/www.exploring-umbria.com\/es\/#website"},"primaryImageOfPage":{"@id":"https:\/\/www.exploring-umbria.com\/es\/descubre-todi\/que-ver-en-todi\/iglesia-de-san-fortunato-en-todi\/#primaryimage"},"datePublished":"2019-03-08T10:55:48+00:00","dateModified":"2020-03-18T16:12:14+00:00","description":"La iglesia o templo de San Fortunato se encuentra a poca distancia de la fortaleza en lo que debi\u00f3 ser en la antig\u00fcedad la acr\u00f3polis de la ciudad de Todi.","breadcrumb":{"@id":"https:\/\/www.exploring-umbria.com\/es\/descubre-todi\/que-ver-en-todi\/iglesia-de-san-fortunato-en-todi\/#breadcrumb"},"inLanguage":"es","potentialAction":[{"@type":"ReadAction","target":["https:\/\/www.exploring-umbria.com\/es\/descubre-todi\/que-ver-en-todi\/iglesia-de-san-fortunato-en-todi\/"]}]},{"@type":"BreadcrumbList","@id":"https:\/\/www.exploring-umbria.com\/es\/descubre-todi\/que-ver-en-todi\/iglesia-de-san-fortunato-en-todi\/#breadcrumb","itemListElement":[{"@type":"ListItem","position":1,"name":"Home","item":"https:\/\/www.exploring-umbria.com\/es\/"},{"@type":"ListItem","position":2,"name":"Descubre Todi","item":"https:\/\/www.exploring-umbria.com\/es\/descubre-todi\/"},{"@type":"ListItem","position":3,"name":"Qu\u00e9 ver en Todi","item":"https:\/\/www.exploring-umbria.com\/es\/descubre-todi\/que-ver-en-todi\/"},{"@type":"ListItem","position":4,"name":"Iglesia de San Fortunato en Todi"}]}]}},"_links":{"self":[{"href":"https:\/\/www.exploring-umbria.com\/es\/wp-json\/wp\/v2\/pages\/2937"}],"collection":[{"href":"https:\/\/www.exploring-umbria.com\/es\/wp-json\/wp\/v2\/pages"}],"about":[{"href":"https:\/\/www.exploring-umbria.com\/es\/wp-json\/wp\/v2\/types\/page"}],"author":[{"embeddable":true,"href":"https:\/\/www.exploring-umbria.com\/es\/wp-json\/wp\/v2\/users\/4"}],"replies":[{"embeddable":true,"href":"https:\/\/www.exploring-umbria.com\/es\/wp-json\/wp\/v2\/comments?post=2937"}],"version-history":[{"count":6,"href":"https:\/\/www.exploring-umbria.com\/es\/wp-json\/wp\/v2\/pages\/2937\/revisions"}],"predecessor-version":[{"id":32723,"href":"https:\/\/www.exploring-umbria.com\/es\/wp-json\/wp\/v2\/pages\/2937\/revisions\/32723"}],"up":[{"embeddable":true,"href":"https:\/\/www.exploring-umbria.com\/es\/wp-json\/wp\/v2\/pages\/2942"}],"wp:featuredmedia":[{"embeddable":true,"href":"https:\/\/www.exploring-umbria.com\/es\/wp-json\/wp\/v2\/media\/29806"}],"wp:attachment":[{"href":"https:\/\/www.exploring-umbria.com\/es\/wp-json\/wp\/v2\/media?parent=2937"}],"curies":[{"name":"wp","href":"https:\/\/api.w.org\/{rel}","templated":true}]}}