{"id":2925,"date":"2019-03-08T12:01:41","date_gmt":"2019-03-08T11:01:41","guid":{"rendered":"https:\/\/www.exploring-umbria.com\/parco-fluviale-del-tevere\/"},"modified":"2020-03-19T15:44:06","modified_gmt":"2020-03-19T14:44:06","slug":"parque-fluvial-del-tiber","status":"publish","type":"page","link":"https:\/\/www.exploring-umbria.com\/es\/descubre-todi\/que-ver-en-todi\/parque-fluvial-del-tiber\/","title":{"rendered":"Parque Fluvial del T\u00edber"},"content":{"rendered":"<p>Con sus 7.295 hect\u00e1reas, el Parque Fluvial del T\u00edber <strong>recorre unos cincuenta kil\u00f3metros del r\u00edo <\/strong>m\u00e1s importante de Italia, siguiendo su curso desde el <strong>puente de Montemolino<\/strong> hasta el l<strong>ago de Alviano<\/strong>, pasando por el lago artificial de Corbara. En el tramo norte, cerca de Montemolino, el <a href=\"https:\/\/es.wikipedia.org\/wiki\/T%C3%ADber\" target=\"_blank\" rel=\"noopener noreferrer\">T\u00edber<\/a> se define como \u00abfurioso\u00bb por la impetuosidad del agua, mientras que en el tramo inmediatamente posterior, en Pontecuti, se le llama \u00ab<em>T\u00edber muerto<\/em>\u00bb por la baja velocidad de las corrientes. La zona m\u00e1s interesante y destacada es sin duda la de los ocho kil\u00f3metros en los que el curso de agua <strong>atraviesa la cresta del Monte Peglia-Monti Amerini entre Todi y Orvieto, dando vida al biotipo de <em>las Gargantas de Forello<\/em><\/strong>, una zona muy impermeable y poco artificial, considerada por los naturalistas como el verdadero coraz\u00f3n del parque. En esta zona y en las cercanas <em>Gargantas de Prodo<\/em>, frente a las casas de Civitella del Lago, tambi\u00e9n se encuentra un \u00e1rea impermeable que s\u00f3lo puede ser explorada por excursionistas expertos y bien equipados. Aves rapaces como el milano, el gavil\u00e1n y el buitre se refugian en el follaje de la encina, el carrasco, el carpeo, las escobas y el brezo.<\/p>\n<p>En los humedales de los <strong>dos lagos artificiales de <em>Corbara<\/em> <\/strong>(creados con la barrera del T\u00edber en 1963) y de <strong><em>Alviano<\/em><\/strong> viven <strong>diferentes especies de flora y fauna<\/strong>, cuya riqueza ha permitido la creaci\u00f3n del <strong>Oasis<\/strong> hom\u00f3nimo (Alviano), ahora gestionado y p<strong>rotegido por la WWF<\/strong>. Las aproximadamente quinientas hect\u00e1reas de humedal se han convertido en el h\u00e1bitat ideal para numerosas especies migratorias y acu\u00e1ticas, incluyendo el \u00e1nade real, la garza real, la grulla e incluso el mart\u00edn pescador.<\/p>\n<p>Adem\u00e1s de la belleza natural, el Parque Fluvial del T\u00edber ofrece la oportunidad de practicar una amplia variedad de deportes: desde el <a href=\"https:\/\/www.exploring-umbria.com\/es\/subcategories\/bike-en-umbria\/#heading32303\" target=\"_blank\" rel=\"noopener noreferrer\">senderismo<\/a> a la <a href=\"https:\/\/www.exploring-umbria.com\/es\/subcategories\/equitacion\/#heading32297\" target=\"_blank\" rel=\"noopener noreferrer\">equitaci\u00f3n<\/a>, pasando por el remo e incluso la espeleolog\u00eda. Adem\u00e1s, los numerosos restos arqueol\u00f3gicos de diferentes \u00e9pocas lo convierten casi en un museo al aire libre que merece la pena visitar.<\/p>\n","protected":false},"excerpt":{"rendered":"<p>Con sus 7.295 hect\u00e1reas, el Parque Fluvial del T\u00edber recorre unos cincuenta kil\u00f3metros del r\u00edo m\u00e1s importante de Italia, siguiendo su curso desde el puente de Montemolino hasta el lago de Alviano, pasando por el lago artificial de Corbara. En el tramo norte, cerca de Montemolino, el T\u00edber se define como \u00abfurioso\u00bb por la impetuosidad [&hellip;]<\/p>\n","protected":false},"author":4,"featured_media":0,"parent":2942,"menu_order":32,"comment_status":"closed","ping_status":"closed","template":"","meta":{"om_disable_all_campaigns":false,"_monsterinsights_skip_tracking":false,"_monsterinsights_sitenote_active":false,"_monsterinsights_sitenote_note":"","_monsterinsights_sitenote_category":0},"acf":[],"yoast_head":"<!-- This site is optimized with the Yoast SEO plugin v18.4.1 - https:\/\/yoast.com\/wordpress\/plugins\/seo\/ -->\n<title>Parque Fluvial del T\u00edber - Exploring Umbria<\/title>\n<meta name=\"description\" content=\"Con sus 7.295 hect\u00e1reas, el Parque Fluvial del T\u00edber recorre unos cincuenta kil\u00f3metros del r\u00edo m\u00e1s importante de Italia, siguiendo su curso desde el\" \/>\n<meta name=\"robots\" content=\"index, follow, max-snippet:-1, max-image-preview:large, max-video-preview:-1\" \/>\n<link rel=\"canonical\" href=\"https:\/\/www.exploring-umbria.com\/es\/descubre-todi\/que-ver-en-todi\/parque-fluvial-del-tiber\/\" \/>\n<meta property=\"og:locale\" content=\"es_ES\" \/>\n<meta property=\"og:type\" content=\"article\" \/>\n<meta property=\"og:title\" content=\"Parque Fluvial del T\u00edber - Exploring Umbria\" \/>\n<meta property=\"og:description\" content=\"Con sus 7.295 hect\u00e1reas, el Parque Fluvial del T\u00edber recorre unos cincuenta kil\u00f3metros del r\u00edo m\u00e1s importante de Italia, siguiendo su curso desde el\" \/>\n<meta property=\"og:url\" content=\"https:\/\/www.exploring-umbria.com\/es\/descubre-todi\/que-ver-en-todi\/parque-fluvial-del-tiber\/\" \/>\n<meta property=\"og:site_name\" content=\"Exploring Umbria\" \/>\n<meta property=\"article:publisher\" content=\"https:\/\/www.facebook.com\/exploringumbria\/\" \/>\n<meta property=\"article:modified_time\" content=\"2020-03-19T14:44:06+00:00\" \/>\n<meta name=\"twitter:card\" content=\"summary_large_image\" \/>\n<meta name=\"twitter:label1\" content=\"Tiempo de lectura\" \/>\n\t<meta name=\"twitter:data1\" content=\"2 minutos\" \/>\n<script type=\"application\/ld+json\" class=\"yoast-schema-graph\">{\"@context\":\"https:\/\/schema.org\",\"@graph\":[{\"@type\":\"Organization\",\"@id\":\"https:\/\/www.exploring-umbria.com\/es\/#organization\",\"name\":\"Exploring Umbria\",\"url\":\"https:\/\/www.exploring-umbria.com\/es\/\",\"sameAs\":[\"https:\/\/www.facebook.com\/exploringumbria\/\",\"https:\/\/www.instagram.com\/exploringumbria\/\"],\"logo\":{\"@type\":\"ImageObject\",\"@id\":\"https:\/\/www.exploring-umbria.com\/es\/#logo\",\"inLanguage\":\"es\",\"url\":\"https:\/\/www.exploring-umbria.com\/wp-content\/uploads\/2019\/08\/solo-logo-verde.jpg\",\"contentUrl\":\"https:\/\/www.exploring-umbria.com\/wp-content\/uploads\/2019\/08\/solo-logo-verde.jpg\",\"width\":952,\"height\":532,\"caption\":\"Exploring Umbria\"},\"image\":{\"@id\":\"https:\/\/www.exploring-umbria.com\/es\/#logo\"}},{\"@type\":\"WebSite\",\"@id\":\"https:\/\/www.exploring-umbria.com\/es\/#website\",\"url\":\"https:\/\/www.exploring-umbria.com\/es\/\",\"name\":\"Exploring Umbria\",\"description\":\"your dates, your mood, your trip\",\"publisher\":{\"@id\":\"https:\/\/www.exploring-umbria.com\/es\/#organization\"},\"potentialAction\":[{\"@type\":\"SearchAction\",\"target\":{\"@type\":\"EntryPoint\",\"urlTemplate\":\"https:\/\/www.exploring-umbria.com\/es\/?s={search_term_string}\"},\"query-input\":\"required name=search_term_string\"}],\"inLanguage\":\"es\"},{\"@type\":\"WebPage\",\"@id\":\"https:\/\/www.exploring-umbria.com\/es\/descubre-todi\/que-ver-en-todi\/parque-fluvial-del-tiber\/#webpage\",\"url\":\"https:\/\/www.exploring-umbria.com\/es\/descubre-todi\/que-ver-en-todi\/parque-fluvial-del-tiber\/\",\"name\":\"Parque Fluvial del T\u00edber - Exploring Umbria\",\"isPartOf\":{\"@id\":\"https:\/\/www.exploring-umbria.com\/es\/#website\"},\"datePublished\":\"2019-03-08T11:01:41+00:00\",\"dateModified\":\"2020-03-19T14:44:06+00:00\",\"description\":\"Con sus 7.295 hect\u00e1reas, el Parque Fluvial del T\u00edber recorre unos cincuenta kil\u00f3metros del r\u00edo m\u00e1s importante de Italia, siguiendo su curso desde el\",\"breadcrumb\":{\"@id\":\"https:\/\/www.exploring-umbria.com\/es\/descubre-todi\/que-ver-en-todi\/parque-fluvial-del-tiber\/#breadcrumb\"},\"inLanguage\":\"es\",\"potentialAction\":[{\"@type\":\"ReadAction\",\"target\":[\"https:\/\/www.exploring-umbria.com\/es\/descubre-todi\/que-ver-en-todi\/parque-fluvial-del-tiber\/\"]}]},{\"@type\":\"BreadcrumbList\",\"@id\":\"https:\/\/www.exploring-umbria.com\/es\/descubre-todi\/que-ver-en-todi\/parque-fluvial-del-tiber\/#breadcrumb\",\"itemListElement\":[{\"@type\":\"ListItem\",\"position\":1,\"name\":\"Home\",\"item\":\"https:\/\/www.exploring-umbria.com\/es\/\"},{\"@type\":\"ListItem\",\"position\":2,\"name\":\"Descubre Todi\",\"item\":\"https:\/\/www.exploring-umbria.com\/es\/descubre-todi\/\"},{\"@type\":\"ListItem\",\"position\":3,\"name\":\"Qu\u00e9 ver en Todi\",\"item\":\"https:\/\/www.exploring-umbria.com\/es\/descubre-todi\/que-ver-en-todi\/\"},{\"@type\":\"ListItem\",\"position\":4,\"name\":\"Parque Fluvial del T\u00edber\"}]}]}<\/script>\n<!-- \/ Yoast SEO plugin. -->","yoast_head_json":{"title":"Parque Fluvial del T\u00edber - Exploring Umbria","description":"Con sus 7.295 hect\u00e1reas, el Parque Fluvial del T\u00edber recorre unos cincuenta kil\u00f3metros del r\u00edo m\u00e1s importante de Italia, siguiendo su curso desde el","robots":{"index":"index","follow":"follow","max-snippet":"max-snippet:-1","max-image-preview":"max-image-preview:large","max-video-preview":"max-video-preview:-1"},"canonical":"https:\/\/www.exploring-umbria.com\/es\/descubre-todi\/que-ver-en-todi\/parque-fluvial-del-tiber\/","og_locale":"es_ES","og_type":"article","og_title":"Parque Fluvial del T\u00edber - Exploring Umbria","og_description":"Con sus 7.295 hect\u00e1reas, el Parque Fluvial del T\u00edber recorre unos cincuenta kil\u00f3metros del r\u00edo m\u00e1s importante de Italia, siguiendo su curso desde el","og_url":"https:\/\/www.exploring-umbria.com\/es\/descubre-todi\/que-ver-en-todi\/parque-fluvial-del-tiber\/","og_site_name":"Exploring Umbria","article_publisher":"https:\/\/www.facebook.com\/exploringumbria\/","article_modified_time":"2020-03-19T14:44:06+00:00","twitter_card":"summary_large_image","twitter_misc":{"Tiempo de lectura":"2 minutos"},"schema":{"@context":"https:\/\/schema.org","@graph":[{"@type":"Organization","@id":"https:\/\/www.exploring-umbria.com\/es\/#organization","name":"Exploring Umbria","url":"https:\/\/www.exploring-umbria.com\/es\/","sameAs":["https:\/\/www.facebook.com\/exploringumbria\/","https:\/\/www.instagram.com\/exploringumbria\/"],"logo":{"@type":"ImageObject","@id":"https:\/\/www.exploring-umbria.com\/es\/#logo","inLanguage":"es","url":"https:\/\/www.exploring-umbria.com\/wp-content\/uploads\/2019\/08\/solo-logo-verde.jpg","contentUrl":"https:\/\/www.exploring-umbria.com\/wp-content\/uploads\/2019\/08\/solo-logo-verde.jpg","width":952,"height":532,"caption":"Exploring Umbria"},"image":{"@id":"https:\/\/www.exploring-umbria.com\/es\/#logo"}},{"@type":"WebSite","@id":"https:\/\/www.exploring-umbria.com\/es\/#website","url":"https:\/\/www.exploring-umbria.com\/es\/","name":"Exploring Umbria","description":"your dates, your mood, your trip","publisher":{"@id":"https:\/\/www.exploring-umbria.com\/es\/#organization"},"potentialAction":[{"@type":"SearchAction","target":{"@type":"EntryPoint","urlTemplate":"https:\/\/www.exploring-umbria.com\/es\/?s={search_term_string}"},"query-input":"required name=search_term_string"}],"inLanguage":"es"},{"@type":"WebPage","@id":"https:\/\/www.exploring-umbria.com\/es\/descubre-todi\/que-ver-en-todi\/parque-fluvial-del-tiber\/#webpage","url":"https:\/\/www.exploring-umbria.com\/es\/descubre-todi\/que-ver-en-todi\/parque-fluvial-del-tiber\/","name":"Parque Fluvial del T\u00edber - Exploring Umbria","isPartOf":{"@id":"https:\/\/www.exploring-umbria.com\/es\/#website"},"datePublished":"2019-03-08T11:01:41+00:00","dateModified":"2020-03-19T14:44:06+00:00","description":"Con sus 7.295 hect\u00e1reas, el Parque Fluvial del T\u00edber recorre unos cincuenta kil\u00f3metros del r\u00edo m\u00e1s importante de Italia, siguiendo su curso desde el","breadcrumb":{"@id":"https:\/\/www.exploring-umbria.com\/es\/descubre-todi\/que-ver-en-todi\/parque-fluvial-del-tiber\/#breadcrumb"},"inLanguage":"es","potentialAction":[{"@type":"ReadAction","target":["https:\/\/www.exploring-umbria.com\/es\/descubre-todi\/que-ver-en-todi\/parque-fluvial-del-tiber\/"]}]},{"@type":"BreadcrumbList","@id":"https:\/\/www.exploring-umbria.com\/es\/descubre-todi\/que-ver-en-todi\/parque-fluvial-del-tiber\/#breadcrumb","itemListElement":[{"@type":"ListItem","position":1,"name":"Home","item":"https:\/\/www.exploring-umbria.com\/es\/"},{"@type":"ListItem","position":2,"name":"Descubre Todi","item":"https:\/\/www.exploring-umbria.com\/es\/descubre-todi\/"},{"@type":"ListItem","position":3,"name":"Qu\u00e9 ver en Todi","item":"https:\/\/www.exploring-umbria.com\/es\/descubre-todi\/que-ver-en-todi\/"},{"@type":"ListItem","position":4,"name":"Parque Fluvial del T\u00edber"}]}]}},"_links":{"self":[{"href":"https:\/\/www.exploring-umbria.com\/es\/wp-json\/wp\/v2\/pages\/2925"}],"collection":[{"href":"https:\/\/www.exploring-umbria.com\/es\/wp-json\/wp\/v2\/pages"}],"about":[{"href":"https:\/\/www.exploring-umbria.com\/es\/wp-json\/wp\/v2\/types\/page"}],"author":[{"embeddable":true,"href":"https:\/\/www.exploring-umbria.com\/es\/wp-json\/wp\/v2\/users\/4"}],"replies":[{"embeddable":true,"href":"https:\/\/www.exploring-umbria.com\/es\/wp-json\/wp\/v2\/comments?post=2925"}],"version-history":[{"count":4,"href":"https:\/\/www.exploring-umbria.com\/es\/wp-json\/wp\/v2\/pages\/2925\/revisions"}],"predecessor-version":[{"id":32780,"href":"https:\/\/www.exploring-umbria.com\/es\/wp-json\/wp\/v2\/pages\/2925\/revisions\/32780"}],"up":[{"embeddable":true,"href":"https:\/\/www.exploring-umbria.com\/es\/wp-json\/wp\/v2\/pages\/2942"}],"wp:attachment":[{"href":"https:\/\/www.exploring-umbria.com\/es\/wp-json\/wp\/v2\/media?parent=2925"}],"curies":[{"name":"wp","href":"https:\/\/api.w.org\/{rel}","templated":true}]}}