{"id":2913,"date":"2019-03-08T12:09:08","date_gmt":"2019-03-08T11:09:08","guid":{"rendered":"https:\/\/www.exploring-umbria.com\/castello-di-campi\/"},"modified":"2020-03-18T18:00:22","modified_gmt":"2020-03-18T17:00:22","slug":"castillo-de-campi-todi","status":"publish","type":"page","link":"https:\/\/www.exploring-umbria.com\/es\/descubre-todi\/que-ver-en-todi\/castillo-de-campi-todi\/","title":{"rendered":"Castillo de Campi Todi"},"content":{"rendered":"<p>Ubicado cerca de <a href=\"https:\/\/www.exploring-umbria.com\/es\/actividades\/guided-tour-of-todi\/\" target=\"_blank\" rel=\"noopener noreferrer\">Todi<\/a>, el Castillo de Campi, que ya no se puede visitar por ser de propiedad privada, alberga la granja Mazzocchi Alemanni Magdalena y Maurizio.<\/p>\n<p>El castillo debi\u00f3 ser la <strong>residencia se\u00f1orial<\/strong> del se\u00f1or feudal de la familia Leoni, como lo atestigua el escudo de armas de la puerta de entrada. Puede que el nombre provenga de <em>Campoleone<\/em>, que m\u00e1s tarde se cambi\u00f3 a <em>Campi di Leone.<\/em><\/p>\n<p>En 1512, cerca del Castillo de Campi, sobre el eje Pontecuti-Casemasce, se encontr\u00f3 el famoso Nicho de Todi, una placa de m\u00e1rmol procedente sin duda de un antiguo templo de la \u00e9poca romana, hoy <strong>conservado en los Museos Vaticanos<\/strong>.<\/p>\n<p>En el a\u00f1o 1565, pas\u00f3 por la comarca <a href=\"https:\/\/es.wikipedia.org\/wiki\/Cipriano_Piccolpasso\" target=\"_blank\" rel=\"noopener noreferrer\"><em>Cipriano Piccolpasso<\/em><\/a>, superintendente de la Fortaleza de Perugia, a quien se hab\u00eda encargado la toma de todas las ciudades, fortalezas y castillos de la provincia.<\/p>\n<p>En el interior de la estructura hay una peque\u00f1a iglesia dedicada a Santa Luc\u00eda enmarcada por un campanario con un arco apuntado.<\/p>\n<p>S\u00f3lo en los tiempos modernos la posesi\u00f3n del castillo pas\u00f3 de los <em>Leoni<\/em>, los antiguos propietarios, a los actuales <em>Alemanni Mazzocchi<\/em>.<\/p>\n","protected":false},"excerpt":{"rendered":"<p>Ubicado cerca de Todi, el Castillo de Campi, que ya no se puede visitar por ser de propiedad privada, alberga la granja Mazzocchi Alemanni Magdalena y Maurizio. El castillo debi\u00f3 ser la residencia se\u00f1orial del se\u00f1or feudal de la familia Leoni, como lo atestigua el escudo de armas de la puerta de entrada. Puede que [&hellip;]<\/p>\n","protected":false},"author":4,"featured_media":0,"parent":2942,"menu_order":13,"comment_status":"closed","ping_status":"closed","template":"","meta":{"om_disable_all_campaigns":false,"_monsterinsights_skip_tracking":false,"_monsterinsights_sitenote_active":false,"_monsterinsights_sitenote_note":"","_monsterinsights_sitenote_category":0},"acf":[],"yoast_head":"<!-- This site is optimized with the Yoast SEO plugin v18.4.1 - https:\/\/yoast.com\/wordpress\/plugins\/seo\/ -->\n<title>Castillo de Campi Todi - Exploring Umbria<\/title>\n<meta name=\"description\" content=\"Ubicado cerca de Todi, el Castillo de Campi, que ya no se puede visitar por ser de propiedad privada, alberga la granja Mazzocchi Alemanni Magdalena y\" \/>\n<meta name=\"robots\" content=\"index, follow, max-snippet:-1, max-image-preview:large, max-video-preview:-1\" \/>\n<link rel=\"canonical\" href=\"https:\/\/www.exploring-umbria.com\/es\/descubre-todi\/que-ver-en-todi\/castillo-de-campi-todi\/\" \/>\n<meta property=\"og:locale\" content=\"es_ES\" \/>\n<meta property=\"og:type\" content=\"article\" \/>\n<meta property=\"og:title\" content=\"Castillo de Campi Todi - Exploring Umbria\" \/>\n<meta property=\"og:description\" content=\"Ubicado cerca de Todi, el Castillo de Campi, que ya no se puede visitar por ser de propiedad privada, alberga la granja Mazzocchi Alemanni Magdalena y\" \/>\n<meta property=\"og:url\" content=\"https:\/\/www.exploring-umbria.com\/es\/descubre-todi\/que-ver-en-todi\/castillo-de-campi-todi\/\" \/>\n<meta property=\"og:site_name\" content=\"Exploring Umbria\" \/>\n<meta property=\"article:publisher\" content=\"https:\/\/www.facebook.com\/exploringumbria\/\" \/>\n<meta property=\"article:modified_time\" content=\"2020-03-18T17:00:22+00:00\" \/>\n<meta name=\"twitter:card\" content=\"summary_large_image\" \/>\n<meta name=\"twitter:label1\" content=\"Tiempo de lectura\" \/>\n\t<meta name=\"twitter:data1\" content=\"1 minuto\" \/>\n<script type=\"application\/ld+json\" class=\"yoast-schema-graph\">{\"@context\":\"https:\/\/schema.org\",\"@graph\":[{\"@type\":\"Organization\",\"@id\":\"https:\/\/www.exploring-umbria.com\/es\/#organization\",\"name\":\"Exploring Umbria\",\"url\":\"https:\/\/www.exploring-umbria.com\/es\/\",\"sameAs\":[\"https:\/\/www.facebook.com\/exploringumbria\/\",\"https:\/\/www.instagram.com\/exploringumbria\/\"],\"logo\":{\"@type\":\"ImageObject\",\"@id\":\"https:\/\/www.exploring-umbria.com\/es\/#logo\",\"inLanguage\":\"es\",\"url\":\"https:\/\/www.exploring-umbria.com\/wp-content\/uploads\/2019\/08\/solo-logo-verde.jpg\",\"contentUrl\":\"https:\/\/www.exploring-umbria.com\/wp-content\/uploads\/2019\/08\/solo-logo-verde.jpg\",\"width\":952,\"height\":532,\"caption\":\"Exploring Umbria\"},\"image\":{\"@id\":\"https:\/\/www.exploring-umbria.com\/es\/#logo\"}},{\"@type\":\"WebSite\",\"@id\":\"https:\/\/www.exploring-umbria.com\/es\/#website\",\"url\":\"https:\/\/www.exploring-umbria.com\/es\/\",\"name\":\"Exploring Umbria\",\"description\":\"your dates, your mood, your trip\",\"publisher\":{\"@id\":\"https:\/\/www.exploring-umbria.com\/es\/#organization\"},\"potentialAction\":[{\"@type\":\"SearchAction\",\"target\":{\"@type\":\"EntryPoint\",\"urlTemplate\":\"https:\/\/www.exploring-umbria.com\/es\/?s={search_term_string}\"},\"query-input\":\"required name=search_term_string\"}],\"inLanguage\":\"es\"},{\"@type\":\"WebPage\",\"@id\":\"https:\/\/www.exploring-umbria.com\/es\/descubre-todi\/que-ver-en-todi\/castillo-de-campi-todi\/#webpage\",\"url\":\"https:\/\/www.exploring-umbria.com\/es\/descubre-todi\/que-ver-en-todi\/castillo-de-campi-todi\/\",\"name\":\"Castillo de Campi Todi - Exploring Umbria\",\"isPartOf\":{\"@id\":\"https:\/\/www.exploring-umbria.com\/es\/#website\"},\"datePublished\":\"2019-03-08T11:09:08+00:00\",\"dateModified\":\"2020-03-18T17:00:22+00:00\",\"description\":\"Ubicado cerca de Todi, el Castillo de Campi, que ya no se puede visitar por ser de propiedad privada, alberga la granja Mazzocchi Alemanni Magdalena y\",\"breadcrumb\":{\"@id\":\"https:\/\/www.exploring-umbria.com\/es\/descubre-todi\/que-ver-en-todi\/castillo-de-campi-todi\/#breadcrumb\"},\"inLanguage\":\"es\",\"potentialAction\":[{\"@type\":\"ReadAction\",\"target\":[\"https:\/\/www.exploring-umbria.com\/es\/descubre-todi\/que-ver-en-todi\/castillo-de-campi-todi\/\"]}]},{\"@type\":\"BreadcrumbList\",\"@id\":\"https:\/\/www.exploring-umbria.com\/es\/descubre-todi\/que-ver-en-todi\/castillo-de-campi-todi\/#breadcrumb\",\"itemListElement\":[{\"@type\":\"ListItem\",\"position\":1,\"name\":\"Home\",\"item\":\"https:\/\/www.exploring-umbria.com\/es\/\"},{\"@type\":\"ListItem\",\"position\":2,\"name\":\"Descubre Todi\",\"item\":\"https:\/\/www.exploring-umbria.com\/es\/descubre-todi\/\"},{\"@type\":\"ListItem\",\"position\":3,\"name\":\"Qu\u00e9 ver en Todi\",\"item\":\"https:\/\/www.exploring-umbria.com\/es\/descubre-todi\/que-ver-en-todi\/\"},{\"@type\":\"ListItem\",\"position\":4,\"name\":\"Castillo de Campi Todi\"}]}]}<\/script>\n<!-- \/ Yoast SEO plugin. -->","yoast_head_json":{"title":"Castillo de Campi Todi - Exploring Umbria","description":"Ubicado cerca de Todi, el Castillo de Campi, que ya no se puede visitar por ser de propiedad privada, alberga la granja Mazzocchi Alemanni Magdalena y","robots":{"index":"index","follow":"follow","max-snippet":"max-snippet:-1","max-image-preview":"max-image-preview:large","max-video-preview":"max-video-preview:-1"},"canonical":"https:\/\/www.exploring-umbria.com\/es\/descubre-todi\/que-ver-en-todi\/castillo-de-campi-todi\/","og_locale":"es_ES","og_type":"article","og_title":"Castillo de Campi Todi - Exploring Umbria","og_description":"Ubicado cerca de Todi, el Castillo de Campi, que ya no se puede visitar por ser de propiedad privada, alberga la granja Mazzocchi Alemanni Magdalena y","og_url":"https:\/\/www.exploring-umbria.com\/es\/descubre-todi\/que-ver-en-todi\/castillo-de-campi-todi\/","og_site_name":"Exploring Umbria","article_publisher":"https:\/\/www.facebook.com\/exploringumbria\/","article_modified_time":"2020-03-18T17:00:22+00:00","twitter_card":"summary_large_image","twitter_misc":{"Tiempo de lectura":"1 minuto"},"schema":{"@context":"https:\/\/schema.org","@graph":[{"@type":"Organization","@id":"https:\/\/www.exploring-umbria.com\/es\/#organization","name":"Exploring Umbria","url":"https:\/\/www.exploring-umbria.com\/es\/","sameAs":["https:\/\/www.facebook.com\/exploringumbria\/","https:\/\/www.instagram.com\/exploringumbria\/"],"logo":{"@type":"ImageObject","@id":"https:\/\/www.exploring-umbria.com\/es\/#logo","inLanguage":"es","url":"https:\/\/www.exploring-umbria.com\/wp-content\/uploads\/2019\/08\/solo-logo-verde.jpg","contentUrl":"https:\/\/www.exploring-umbria.com\/wp-content\/uploads\/2019\/08\/solo-logo-verde.jpg","width":952,"height":532,"caption":"Exploring Umbria"},"image":{"@id":"https:\/\/www.exploring-umbria.com\/es\/#logo"}},{"@type":"WebSite","@id":"https:\/\/www.exploring-umbria.com\/es\/#website","url":"https:\/\/www.exploring-umbria.com\/es\/","name":"Exploring Umbria","description":"your dates, your mood, your trip","publisher":{"@id":"https:\/\/www.exploring-umbria.com\/es\/#organization"},"potentialAction":[{"@type":"SearchAction","target":{"@type":"EntryPoint","urlTemplate":"https:\/\/www.exploring-umbria.com\/es\/?s={search_term_string}"},"query-input":"required name=search_term_string"}],"inLanguage":"es"},{"@type":"WebPage","@id":"https:\/\/www.exploring-umbria.com\/es\/descubre-todi\/que-ver-en-todi\/castillo-de-campi-todi\/#webpage","url":"https:\/\/www.exploring-umbria.com\/es\/descubre-todi\/que-ver-en-todi\/castillo-de-campi-todi\/","name":"Castillo de Campi Todi - Exploring Umbria","isPartOf":{"@id":"https:\/\/www.exploring-umbria.com\/es\/#website"},"datePublished":"2019-03-08T11:09:08+00:00","dateModified":"2020-03-18T17:00:22+00:00","description":"Ubicado cerca de Todi, el Castillo de Campi, que ya no se puede visitar por ser de propiedad privada, alberga la granja Mazzocchi Alemanni Magdalena y","breadcrumb":{"@id":"https:\/\/www.exploring-umbria.com\/es\/descubre-todi\/que-ver-en-todi\/castillo-de-campi-todi\/#breadcrumb"},"inLanguage":"es","potentialAction":[{"@type":"ReadAction","target":["https:\/\/www.exploring-umbria.com\/es\/descubre-todi\/que-ver-en-todi\/castillo-de-campi-todi\/"]}]},{"@type":"BreadcrumbList","@id":"https:\/\/www.exploring-umbria.com\/es\/descubre-todi\/que-ver-en-todi\/castillo-de-campi-todi\/#breadcrumb","itemListElement":[{"@type":"ListItem","position":1,"name":"Home","item":"https:\/\/www.exploring-umbria.com\/es\/"},{"@type":"ListItem","position":2,"name":"Descubre Todi","item":"https:\/\/www.exploring-umbria.com\/es\/descubre-todi\/"},{"@type":"ListItem","position":3,"name":"Qu\u00e9 ver en Todi","item":"https:\/\/www.exploring-umbria.com\/es\/descubre-todi\/que-ver-en-todi\/"},{"@type":"ListItem","position":4,"name":"Castillo de Campi Todi"}]}]}},"_links":{"self":[{"href":"https:\/\/www.exploring-umbria.com\/es\/wp-json\/wp\/v2\/pages\/2913"}],"collection":[{"href":"https:\/\/www.exploring-umbria.com\/es\/wp-json\/wp\/v2\/pages"}],"about":[{"href":"https:\/\/www.exploring-umbria.com\/es\/wp-json\/wp\/v2\/types\/page"}],"author":[{"embeddable":true,"href":"https:\/\/www.exploring-umbria.com\/es\/wp-json\/wp\/v2\/users\/4"}],"replies":[{"embeddable":true,"href":"https:\/\/www.exploring-umbria.com\/es\/wp-json\/wp\/v2\/comments?post=2913"}],"version-history":[{"count":4,"href":"https:\/\/www.exploring-umbria.com\/es\/wp-json\/wp\/v2\/pages\/2913\/revisions"}],"predecessor-version":[{"id":32739,"href":"https:\/\/www.exploring-umbria.com\/es\/wp-json\/wp\/v2\/pages\/2913\/revisions\/32739"}],"up":[{"embeddable":true,"href":"https:\/\/www.exploring-umbria.com\/es\/wp-json\/wp\/v2\/pages\/2942"}],"wp:attachment":[{"href":"https:\/\/www.exploring-umbria.com\/es\/wp-json\/wp\/v2\/media?parent=2913"}],"curies":[{"name":"wp","href":"https:\/\/api.w.org\/{rel}","templated":true}]}}