{"id":2885,"date":"2019-03-08T12:27:48","date_gmt":"2019-03-08T11:27:48","guid":{"rendered":"https:\/\/www.exploring-umbria.com\/teatro-comunale\/"},"modified":"2020-03-19T15:47:18","modified_gmt":"2020-03-19T14:47:18","slug":"teatro-municipal-de-todi","status":"publish","type":"page","link":"https:\/\/www.exploring-umbria.com\/es\/descubre-todi\/que-ver-en-todi\/teatro-municipal-de-todi\/","title":{"rendered":"Teatro Municipal de Todi"},"content":{"rendered":"<p>Proyectado en 1872 por el arquitecto de Arezzo <em>Carlo Gatteschi<\/em>, el Teatro Municipal de Todi fue inaugurado en 1876 con la <strong>\u00f3pera<\/strong> \u00ab<em>Un baile de m\u00e1scaras<\/em>\u00bb de <strong><a href=\"https:\/\/es.wikipedia.org\/wiki\/Giuseppe_Verdi\" target=\"_blank\" rel=\"noopener noreferrer\">Giuseppe Verdi<\/a>.<\/strong><\/p>\n<p>El <strong>interior<\/strong> es hermoso, cuidando hasta el \u00faltimo detalle para dar <strong>elegancia y distinci\u00f3n<\/strong> a la estructura: el tel\u00f3n, que representa la visita de <a href=\"https:\/\/www.exploring-umbria.com\/es\/actividades\/guided-tour-of-todi\/\" target=\"_blank\" rel=\"noopener noreferrer\">Todi<\/a> de <em>Ludovico Ariosto<\/em> en 1531, es obra de <em>Annibale Brugnoli<\/em>, artista de Perugia de gran renombre, conocido por haber decorado el techo del Teatro de la \u00d3pera de Roma.<\/p>\n<p>La estructura completa tiene 499 asientos y consta de cuatro niveles de palcos. La amplia platea ovalada es una <strong>joya de la arquitectura del siglo XX,<\/strong> mientras que los cuatro medallones de terracota, que representan a <em>Metastasio<\/em>, <em>Alfieri<\/em>, <em>Rossini<\/em> y Goldoni, son obra de los escultores Angeletti y Biscarini.<\/p>\n<p>Desde 1992, el Teatro Municipal de Todi acoge la <em>Stagione en prosa<\/em>, que ofrece a los ciudadanos y visitantes un gran n\u00famero de espect\u00e1culos destacados, desde operetas a musicales, pasando por bailarines como <em>Paganini<\/em> y <em>Kemp<\/em>, e incluso cantautores como <em>Paoli<\/em> y <em>Vecchioni<\/em>.<\/p>\n","protected":false},"excerpt":{"rendered":"<p>Proyectado en 1872 por el arquitecto de Arezzo Carlo Gatteschi, el Teatro Municipal de Todi fue inaugurado en 1876 con la \u00f3pera \u00abUn baile de m\u00e1scaras\u00bb de Giuseppe Verdi. El interior es hermoso, cuidando hasta el \u00faltimo detalle para dar elegancia y distinci\u00f3n a la estructura: el tel\u00f3n, que representa la visita de Todi de [&hellip;]<\/p>\n","protected":false},"author":4,"featured_media":17021,"parent":2942,"menu_order":33,"comment_status":"closed","ping_status":"closed","template":"","meta":{"om_disable_all_campaigns":false,"_monsterinsights_skip_tracking":false,"_monsterinsights_sitenote_active":false,"_monsterinsights_sitenote_note":"","_monsterinsights_sitenote_category":0},"acf":[],"yoast_head":"<!-- This site is optimized with the Yoast SEO plugin v18.4.1 - https:\/\/yoast.com\/wordpress\/plugins\/seo\/ -->\n<title>Teatro Municipal de Todi - Exploring Umbria<\/title>\n<meta name=\"description\" content=\"Proyectado en 1872 por el arquitecto de Arezzo Carlo Gatteschi, el Teatro Municipal de Todi fue inaugurado en 1876 con la \u00f3pera &quot;Un baile de m\u00e1scaras&quot; de\" \/>\n<meta name=\"robots\" content=\"index, follow, max-snippet:-1, max-image-preview:large, max-video-preview:-1\" \/>\n<link rel=\"canonical\" href=\"https:\/\/www.exploring-umbria.com\/es\/descubre-todi\/que-ver-en-todi\/teatro-municipal-de-todi\/\" \/>\n<meta property=\"og:locale\" content=\"es_ES\" \/>\n<meta property=\"og:type\" content=\"article\" \/>\n<meta property=\"og:title\" content=\"Teatro Municipal de Todi - Exploring Umbria\" \/>\n<meta property=\"og:description\" content=\"Proyectado en 1872 por el arquitecto de Arezzo Carlo Gatteschi, el Teatro Municipal de Todi fue inaugurado en 1876 con la \u00f3pera &quot;Un baile de m\u00e1scaras&quot; de\" \/>\n<meta property=\"og:url\" content=\"https:\/\/www.exploring-umbria.com\/es\/descubre-todi\/que-ver-en-todi\/teatro-municipal-de-todi\/\" \/>\n<meta property=\"og:site_name\" content=\"Exploring Umbria\" \/>\n<meta property=\"article:publisher\" content=\"https:\/\/www.facebook.com\/exploringumbria\/\" \/>\n<meta property=\"article:modified_time\" content=\"2020-03-19T14:47:18+00:00\" \/>\n<meta property=\"og:image\" content=\"https:\/\/www.exploring-umbria.com\/wp-content\/uploads\/2019\/07\/TODI-TEATRO-COMUNALE.jpg\" \/>\n\t<meta property=\"og:image:width\" content=\"1800\" \/>\n\t<meta property=\"og:image:height\" content=\"1200\" \/>\n\t<meta property=\"og:image:type\" content=\"image\/jpeg\" \/>\n<meta name=\"twitter:card\" content=\"summary_large_image\" \/>\n<meta name=\"twitter:label1\" content=\"Tiempo de lectura\" \/>\n\t<meta name=\"twitter:data1\" content=\"1 minuto\" \/>\n<script type=\"application\/ld+json\" class=\"yoast-schema-graph\">{\"@context\":\"https:\/\/schema.org\",\"@graph\":[{\"@type\":\"Organization\",\"@id\":\"https:\/\/www.exploring-umbria.com\/es\/#organization\",\"name\":\"Exploring Umbria\",\"url\":\"https:\/\/www.exploring-umbria.com\/es\/\",\"sameAs\":[\"https:\/\/www.facebook.com\/exploringumbria\/\",\"https:\/\/www.instagram.com\/exploringumbria\/\"],\"logo\":{\"@type\":\"ImageObject\",\"@id\":\"https:\/\/www.exploring-umbria.com\/es\/#logo\",\"inLanguage\":\"es\",\"url\":\"https:\/\/www.exploring-umbria.com\/wp-content\/uploads\/2019\/08\/solo-logo-verde.jpg\",\"contentUrl\":\"https:\/\/www.exploring-umbria.com\/wp-content\/uploads\/2019\/08\/solo-logo-verde.jpg\",\"width\":952,\"height\":532,\"caption\":\"Exploring Umbria\"},\"image\":{\"@id\":\"https:\/\/www.exploring-umbria.com\/es\/#logo\"}},{\"@type\":\"WebSite\",\"@id\":\"https:\/\/www.exploring-umbria.com\/es\/#website\",\"url\":\"https:\/\/www.exploring-umbria.com\/es\/\",\"name\":\"Exploring Umbria\",\"description\":\"your dates, your mood, your trip\",\"publisher\":{\"@id\":\"https:\/\/www.exploring-umbria.com\/es\/#organization\"},\"potentialAction\":[{\"@type\":\"SearchAction\",\"target\":{\"@type\":\"EntryPoint\",\"urlTemplate\":\"https:\/\/www.exploring-umbria.com\/es\/?s={search_term_string}\"},\"query-input\":\"required name=search_term_string\"}],\"inLanguage\":\"es\"},{\"@type\":\"ImageObject\",\"@id\":\"https:\/\/www.exploring-umbria.com\/es\/descubre-todi\/que-ver-en-todi\/teatro-municipal-de-todi\/#primaryimage\",\"inLanguage\":\"es\",\"url\":\"https:\/\/www.exploring-umbria.com\/wp-content\/uploads\/2019\/07\/TODI-TEATRO-COMUNALE.jpg\",\"contentUrl\":\"https:\/\/www.exploring-umbria.com\/wp-content\/uploads\/2019\/07\/TODI-TEATRO-COMUNALE.jpg\",\"width\":1800,\"height\":1200,\"caption\":\"Teatro Comunale di Todi\"},{\"@type\":\"WebPage\",\"@id\":\"https:\/\/www.exploring-umbria.com\/es\/descubre-todi\/que-ver-en-todi\/teatro-municipal-de-todi\/#webpage\",\"url\":\"https:\/\/www.exploring-umbria.com\/es\/descubre-todi\/que-ver-en-todi\/teatro-municipal-de-todi\/\",\"name\":\"Teatro Municipal de Todi - Exploring Umbria\",\"isPartOf\":{\"@id\":\"https:\/\/www.exploring-umbria.com\/es\/#website\"},\"primaryImageOfPage\":{\"@id\":\"https:\/\/www.exploring-umbria.com\/es\/descubre-todi\/que-ver-en-todi\/teatro-municipal-de-todi\/#primaryimage\"},\"datePublished\":\"2019-03-08T11:27:48+00:00\",\"dateModified\":\"2020-03-19T14:47:18+00:00\",\"description\":\"Proyectado en 1872 por el arquitecto de Arezzo Carlo Gatteschi, el Teatro Municipal de Todi fue inaugurado en 1876 con la \u00f3pera \\\"Un baile de m\u00e1scaras\\\" de\",\"breadcrumb\":{\"@id\":\"https:\/\/www.exploring-umbria.com\/es\/descubre-todi\/que-ver-en-todi\/teatro-municipal-de-todi\/#breadcrumb\"},\"inLanguage\":\"es\",\"potentialAction\":[{\"@type\":\"ReadAction\",\"target\":[\"https:\/\/www.exploring-umbria.com\/es\/descubre-todi\/que-ver-en-todi\/teatro-municipal-de-todi\/\"]}]},{\"@type\":\"BreadcrumbList\",\"@id\":\"https:\/\/www.exploring-umbria.com\/es\/descubre-todi\/que-ver-en-todi\/teatro-municipal-de-todi\/#breadcrumb\",\"itemListElement\":[{\"@type\":\"ListItem\",\"position\":1,\"name\":\"Home\",\"item\":\"https:\/\/www.exploring-umbria.com\/es\/\"},{\"@type\":\"ListItem\",\"position\":2,\"name\":\"Descubre Todi\",\"item\":\"https:\/\/www.exploring-umbria.com\/es\/descubre-todi\/\"},{\"@type\":\"ListItem\",\"position\":3,\"name\":\"Qu\u00e9 ver en Todi\",\"item\":\"https:\/\/www.exploring-umbria.com\/es\/descubre-todi\/que-ver-en-todi\/\"},{\"@type\":\"ListItem\",\"position\":4,\"name\":\"Teatro Municipal de Todi\"}]}]}<\/script>\n<!-- \/ Yoast SEO plugin. -->","yoast_head_json":{"title":"Teatro Municipal de Todi - Exploring Umbria","description":"Proyectado en 1872 por el arquitecto de Arezzo Carlo Gatteschi, el Teatro Municipal de Todi fue inaugurado en 1876 con la \u00f3pera \"Un baile de m\u00e1scaras\" de","robots":{"index":"index","follow":"follow","max-snippet":"max-snippet:-1","max-image-preview":"max-image-preview:large","max-video-preview":"max-video-preview:-1"},"canonical":"https:\/\/www.exploring-umbria.com\/es\/descubre-todi\/que-ver-en-todi\/teatro-municipal-de-todi\/","og_locale":"es_ES","og_type":"article","og_title":"Teatro Municipal de Todi - Exploring Umbria","og_description":"Proyectado en 1872 por el arquitecto de Arezzo Carlo Gatteschi, el Teatro Municipal de Todi fue inaugurado en 1876 con la \u00f3pera \"Un baile de m\u00e1scaras\" de","og_url":"https:\/\/www.exploring-umbria.com\/es\/descubre-todi\/que-ver-en-todi\/teatro-municipal-de-todi\/","og_site_name":"Exploring Umbria","article_publisher":"https:\/\/www.facebook.com\/exploringumbria\/","article_modified_time":"2020-03-19T14:47:18+00:00","og_image":[{"width":1800,"height":1200,"url":"https:\/\/www.exploring-umbria.com\/wp-content\/uploads\/2019\/07\/TODI-TEATRO-COMUNALE.jpg","type":"image\/jpeg"}],"twitter_card":"summary_large_image","twitter_misc":{"Tiempo de lectura":"1 minuto"},"schema":{"@context":"https:\/\/schema.org","@graph":[{"@type":"Organization","@id":"https:\/\/www.exploring-umbria.com\/es\/#organization","name":"Exploring Umbria","url":"https:\/\/www.exploring-umbria.com\/es\/","sameAs":["https:\/\/www.facebook.com\/exploringumbria\/","https:\/\/www.instagram.com\/exploringumbria\/"],"logo":{"@type":"ImageObject","@id":"https:\/\/www.exploring-umbria.com\/es\/#logo","inLanguage":"es","url":"https:\/\/www.exploring-umbria.com\/wp-content\/uploads\/2019\/08\/solo-logo-verde.jpg","contentUrl":"https:\/\/www.exploring-umbria.com\/wp-content\/uploads\/2019\/08\/solo-logo-verde.jpg","width":952,"height":532,"caption":"Exploring Umbria"},"image":{"@id":"https:\/\/www.exploring-umbria.com\/es\/#logo"}},{"@type":"WebSite","@id":"https:\/\/www.exploring-umbria.com\/es\/#website","url":"https:\/\/www.exploring-umbria.com\/es\/","name":"Exploring Umbria","description":"your dates, your mood, your trip","publisher":{"@id":"https:\/\/www.exploring-umbria.com\/es\/#organization"},"potentialAction":[{"@type":"SearchAction","target":{"@type":"EntryPoint","urlTemplate":"https:\/\/www.exploring-umbria.com\/es\/?s={search_term_string}"},"query-input":"required name=search_term_string"}],"inLanguage":"es"},{"@type":"ImageObject","@id":"https:\/\/www.exploring-umbria.com\/es\/descubre-todi\/que-ver-en-todi\/teatro-municipal-de-todi\/#primaryimage","inLanguage":"es","url":"https:\/\/www.exploring-umbria.com\/wp-content\/uploads\/2019\/07\/TODI-TEATRO-COMUNALE.jpg","contentUrl":"https:\/\/www.exploring-umbria.com\/wp-content\/uploads\/2019\/07\/TODI-TEATRO-COMUNALE.jpg","width":1800,"height":1200,"caption":"Teatro Comunale di Todi"},{"@type":"WebPage","@id":"https:\/\/www.exploring-umbria.com\/es\/descubre-todi\/que-ver-en-todi\/teatro-municipal-de-todi\/#webpage","url":"https:\/\/www.exploring-umbria.com\/es\/descubre-todi\/que-ver-en-todi\/teatro-municipal-de-todi\/","name":"Teatro Municipal de Todi - Exploring Umbria","isPartOf":{"@id":"https:\/\/www.exploring-umbria.com\/es\/#website"},"primaryImageOfPage":{"@id":"https:\/\/www.exploring-umbria.com\/es\/descubre-todi\/que-ver-en-todi\/teatro-municipal-de-todi\/#primaryimage"},"datePublished":"2019-03-08T11:27:48+00:00","dateModified":"2020-03-19T14:47:18+00:00","description":"Proyectado en 1872 por el arquitecto de Arezzo Carlo Gatteschi, el Teatro Municipal de Todi fue inaugurado en 1876 con la \u00f3pera \"Un baile de m\u00e1scaras\" de","breadcrumb":{"@id":"https:\/\/www.exploring-umbria.com\/es\/descubre-todi\/que-ver-en-todi\/teatro-municipal-de-todi\/#breadcrumb"},"inLanguage":"es","potentialAction":[{"@type":"ReadAction","target":["https:\/\/www.exploring-umbria.com\/es\/descubre-todi\/que-ver-en-todi\/teatro-municipal-de-todi\/"]}]},{"@type":"BreadcrumbList","@id":"https:\/\/www.exploring-umbria.com\/es\/descubre-todi\/que-ver-en-todi\/teatro-municipal-de-todi\/#breadcrumb","itemListElement":[{"@type":"ListItem","position":1,"name":"Home","item":"https:\/\/www.exploring-umbria.com\/es\/"},{"@type":"ListItem","position":2,"name":"Descubre Todi","item":"https:\/\/www.exploring-umbria.com\/es\/descubre-todi\/"},{"@type":"ListItem","position":3,"name":"Qu\u00e9 ver en Todi","item":"https:\/\/www.exploring-umbria.com\/es\/descubre-todi\/que-ver-en-todi\/"},{"@type":"ListItem","position":4,"name":"Teatro Municipal de Todi"}]}]}},"_links":{"self":[{"href":"https:\/\/www.exploring-umbria.com\/es\/wp-json\/wp\/v2\/pages\/2885"}],"collection":[{"href":"https:\/\/www.exploring-umbria.com\/es\/wp-json\/wp\/v2\/pages"}],"about":[{"href":"https:\/\/www.exploring-umbria.com\/es\/wp-json\/wp\/v2\/types\/page"}],"author":[{"embeddable":true,"href":"https:\/\/www.exploring-umbria.com\/es\/wp-json\/wp\/v2\/users\/4"}],"replies":[{"embeddable":true,"href":"https:\/\/www.exploring-umbria.com\/es\/wp-json\/wp\/v2\/comments?post=2885"}],"version-history":[{"count":5,"href":"https:\/\/www.exploring-umbria.com\/es\/wp-json\/wp\/v2\/pages\/2885\/revisions"}],"predecessor-version":[{"id":32783,"href":"https:\/\/www.exploring-umbria.com\/es\/wp-json\/wp\/v2\/pages\/2885\/revisions\/32783"}],"up":[{"embeddable":true,"href":"https:\/\/www.exploring-umbria.com\/es\/wp-json\/wp\/v2\/pages\/2942"}],"wp:featuredmedia":[{"embeddable":true,"href":"https:\/\/www.exploring-umbria.com\/es\/wp-json\/wp\/v2\/media\/17021"}],"wp:attachment":[{"href":"https:\/\/www.exploring-umbria.com\/es\/wp-json\/wp\/v2\/media?parent=2885"}],"curies":[{"name":"wp","href":"https:\/\/api.w.org\/{rel}","templated":true}]}}