{"id":2877,"date":"2019-03-08T12:31:47","date_gmt":"2019-03-08T11:31:47","guid":{"rendered":"https:\/\/www.exploring-umbria.com\/palazzo-del-popolo\/"},"modified":"2020-03-18T16:44:46","modified_gmt":"2020-03-18T15:44:46","slug":"palacio-del-pueblo","status":"publish","type":"page","link":"https:\/\/www.exploring-umbria.com\/es\/descubre-todi\/que-ver-en-todi\/palacio-del-pueblo\/","title":{"rendered":"Palacio del Pueblo"},"content":{"rendered":"<p>Tambi\u00e9n conocido como \u00ab<em>del Municipio<\/em>\u00ab, el <strong>Palacio del Pueblo<\/strong> no s\u00f3lo es <strong>el edificio m\u00e1s antiguo de toda la Plaza de la ciudad<\/strong>, sino tambi\u00e9n uno de los edificios municipales italianos m\u00e1s antiguos.<\/p>\n<p>La primera fase de las obras, iniciada en 1214, dio vida a la estructura porticada de la planta baja seg\u00fan los principios y gustos de la arquitectura lombarda, mientras que en un per\u00edodo posterior, a partir de 1228 y hasta la restauraci\u00f3n del siglo XX, se construyeron las dos plantas superiores, la escalera exterior que permit\u00eda la entrada y la coronaci\u00f3n con almenas gibelinas. Los triforos y cuadriforos embellecidos con columnas decorativas aligeran el aspecto masivo de la fachada.<\/p>\n<p>El lado izquierdo del palacio da a la <strong>Plaza del Pueblo<\/strong>, mientras que la fachada principal es visible desde la <strong>Plaza Garibaldi<\/strong> adyacente.<\/p>\n<p>Probablemente utilizado como sede o residencia del <a href=\"https:\/\/es.wikipedia.org\/wiki\/Podest%C3%A0\" target=\"_blank\" rel=\"noopener noreferrer\">Podest\u00e0<\/a>, el primer piso del edificio albergaba las <strong>asambleas de los ciudadanos<\/strong> de la \u00e9poca comunal.<\/p>\n<p>En la \u00e9poca moderna, conectado con el <em>Palacio del Capit\u00e1n<\/em>, <strong>acoge, en la segunda planta, el <a href=\"https:\/\/www.exploring-umbria.com\/es\/subcategories\/cosa-fare-e-cosa-vedere-a-todi\/#heading2906\" target=\"_blank\" rel=\"noopener noreferrer\">Museo Pinacoteca<\/a><\/strong> de la ciudad.<\/p>\n","protected":false},"excerpt":{"rendered":"<p>Tambi\u00e9n conocido como \u00abdel Municipio\u00ab, el Palacio del Pueblo no s\u00f3lo es el edificio m\u00e1s antiguo de toda la Plaza de la ciudad, sino tambi\u00e9n uno de los edificios municipales italianos m\u00e1s antiguos. La primera fase de las obras, iniciada en 1214, dio vida a la estructura porticada de la planta baja seg\u00fan los principios [&hellip;]<\/p>\n","protected":false},"author":4,"featured_media":16873,"parent":2942,"menu_order":4,"comment_status":"closed","ping_status":"closed","template":"","meta":{"om_disable_all_campaigns":false,"_monsterinsights_skip_tracking":false,"_monsterinsights_sitenote_active":false,"_monsterinsights_sitenote_note":"","_monsterinsights_sitenote_category":0},"acf":[],"yoast_head":"<!-- This site is optimized with the Yoast SEO plugin v18.4.1 - https:\/\/yoast.com\/wordpress\/plugins\/seo\/ -->\n<title>Palacio del Pueblo - Exploring Umbria<\/title>\n<meta name=\"description\" content=\"Tambi\u00e9n conocido como &quot;del Municipio&quot;, el Palacio del Pueblo no s\u00f3lo es el edificio m\u00e1s antiguo de toda la Plaza de la ciudad, sino tambi\u00e9n uno de los\" \/>\n<meta name=\"robots\" content=\"index, follow, max-snippet:-1, max-image-preview:large, max-video-preview:-1\" \/>\n<link rel=\"canonical\" href=\"https:\/\/www.exploring-umbria.com\/es\/descubre-todi\/que-ver-en-todi\/palacio-del-pueblo\/\" \/>\n<meta property=\"og:locale\" content=\"es_ES\" \/>\n<meta property=\"og:type\" content=\"article\" \/>\n<meta property=\"og:title\" content=\"Palacio del Pueblo - Exploring Umbria\" \/>\n<meta property=\"og:description\" content=\"Tambi\u00e9n conocido como &quot;del Municipio&quot;, el Palacio del Pueblo no s\u00f3lo es el edificio m\u00e1s antiguo de toda la Plaza de la ciudad, sino tambi\u00e9n uno de los\" \/>\n<meta property=\"og:url\" content=\"https:\/\/www.exploring-umbria.com\/es\/descubre-todi\/que-ver-en-todi\/palacio-del-pueblo\/\" \/>\n<meta property=\"og:site_name\" content=\"Exploring Umbria\" \/>\n<meta property=\"article:publisher\" content=\"https:\/\/www.facebook.com\/exploringumbria\/\" \/>\n<meta property=\"article:modified_time\" content=\"2020-03-18T15:44:46+00:00\" \/>\n<meta property=\"og:image\" content=\"https:\/\/www.exploring-umbria.com\/wp-content\/uploads\/2019\/07\/TODI-PALAZZO-DEL-CAPITANO-4.jpg\" \/>\n\t<meta property=\"og:image:width\" content=\"1800\" \/>\n\t<meta property=\"og:image:height\" content=\"1200\" \/>\n\t<meta property=\"og:image:type\" content=\"image\/jpeg\" \/>\n<meta name=\"twitter:card\" content=\"summary_large_image\" \/>\n<meta name=\"twitter:label1\" content=\"Tiempo de lectura\" \/>\n\t<meta name=\"twitter:data1\" content=\"1 minuto\" \/>\n<script type=\"application\/ld+json\" class=\"yoast-schema-graph\">{\"@context\":\"https:\/\/schema.org\",\"@graph\":[{\"@type\":\"Organization\",\"@id\":\"https:\/\/www.exploring-umbria.com\/es\/#organization\",\"name\":\"Exploring Umbria\",\"url\":\"https:\/\/www.exploring-umbria.com\/es\/\",\"sameAs\":[\"https:\/\/www.facebook.com\/exploringumbria\/\",\"https:\/\/www.instagram.com\/exploringumbria\/\"],\"logo\":{\"@type\":\"ImageObject\",\"@id\":\"https:\/\/www.exploring-umbria.com\/es\/#logo\",\"inLanguage\":\"es\",\"url\":\"https:\/\/www.exploring-umbria.com\/wp-content\/uploads\/2019\/08\/solo-logo-verde.jpg\",\"contentUrl\":\"https:\/\/www.exploring-umbria.com\/wp-content\/uploads\/2019\/08\/solo-logo-verde.jpg\",\"width\":952,\"height\":532,\"caption\":\"Exploring Umbria\"},\"image\":{\"@id\":\"https:\/\/www.exploring-umbria.com\/es\/#logo\"}},{\"@type\":\"WebSite\",\"@id\":\"https:\/\/www.exploring-umbria.com\/es\/#website\",\"url\":\"https:\/\/www.exploring-umbria.com\/es\/\",\"name\":\"Exploring Umbria\",\"description\":\"your dates, your mood, your trip\",\"publisher\":{\"@id\":\"https:\/\/www.exploring-umbria.com\/es\/#organization\"},\"potentialAction\":[{\"@type\":\"SearchAction\",\"target\":{\"@type\":\"EntryPoint\",\"urlTemplate\":\"https:\/\/www.exploring-umbria.com\/es\/?s={search_term_string}\"},\"query-input\":\"required name=search_term_string\"}],\"inLanguage\":\"es\"},{\"@type\":\"ImageObject\",\"@id\":\"https:\/\/www.exploring-umbria.com\/es\/descubre-todi\/que-ver-en-todi\/palacio-del-pueblo\/#primaryimage\",\"inLanguage\":\"es\",\"url\":\"https:\/\/www.exploring-umbria.com\/wp-content\/uploads\/2019\/07\/TODI-PALAZZO-DEL-CAPITANO-4.jpg\",\"contentUrl\":\"https:\/\/www.exploring-umbria.com\/wp-content\/uploads\/2019\/07\/TODI-PALAZZO-DEL-CAPITANO-4.jpg\",\"width\":1800,\"height\":1200,\"caption\":\"Il palazzo del Capitano di todi\"},{\"@type\":\"WebPage\",\"@id\":\"https:\/\/www.exploring-umbria.com\/es\/descubre-todi\/que-ver-en-todi\/palacio-del-pueblo\/#webpage\",\"url\":\"https:\/\/www.exploring-umbria.com\/es\/descubre-todi\/que-ver-en-todi\/palacio-del-pueblo\/\",\"name\":\"Palacio del Pueblo - Exploring Umbria\",\"isPartOf\":{\"@id\":\"https:\/\/www.exploring-umbria.com\/es\/#website\"},\"primaryImageOfPage\":{\"@id\":\"https:\/\/www.exploring-umbria.com\/es\/descubre-todi\/que-ver-en-todi\/palacio-del-pueblo\/#primaryimage\"},\"datePublished\":\"2019-03-08T11:31:47+00:00\",\"dateModified\":\"2020-03-18T15:44:46+00:00\",\"description\":\"Tambi\u00e9n conocido como \\\"del Municipio\\\", el Palacio del Pueblo no s\u00f3lo es el edificio m\u00e1s antiguo de toda la Plaza de la ciudad, sino tambi\u00e9n uno de los\",\"breadcrumb\":{\"@id\":\"https:\/\/www.exploring-umbria.com\/es\/descubre-todi\/que-ver-en-todi\/palacio-del-pueblo\/#breadcrumb\"},\"inLanguage\":\"es\",\"potentialAction\":[{\"@type\":\"ReadAction\",\"target\":[\"https:\/\/www.exploring-umbria.com\/es\/descubre-todi\/que-ver-en-todi\/palacio-del-pueblo\/\"]}]},{\"@type\":\"BreadcrumbList\",\"@id\":\"https:\/\/www.exploring-umbria.com\/es\/descubre-todi\/que-ver-en-todi\/palacio-del-pueblo\/#breadcrumb\",\"itemListElement\":[{\"@type\":\"ListItem\",\"position\":1,\"name\":\"Home\",\"item\":\"https:\/\/www.exploring-umbria.com\/es\/\"},{\"@type\":\"ListItem\",\"position\":2,\"name\":\"Descubre Todi\",\"item\":\"https:\/\/www.exploring-umbria.com\/es\/descubre-todi\/\"},{\"@type\":\"ListItem\",\"position\":3,\"name\":\"Qu\u00e9 ver en Todi\",\"item\":\"https:\/\/www.exploring-umbria.com\/es\/descubre-todi\/que-ver-en-todi\/\"},{\"@type\":\"ListItem\",\"position\":4,\"name\":\"Palacio del Pueblo\"}]}]}<\/script>\n<!-- \/ Yoast SEO plugin. -->","yoast_head_json":{"title":"Palacio del Pueblo - Exploring Umbria","description":"Tambi\u00e9n conocido como \"del Municipio\", el Palacio del Pueblo no s\u00f3lo es el edificio m\u00e1s antiguo de toda la Plaza de la ciudad, sino tambi\u00e9n uno de los","robots":{"index":"index","follow":"follow","max-snippet":"max-snippet:-1","max-image-preview":"max-image-preview:large","max-video-preview":"max-video-preview:-1"},"canonical":"https:\/\/www.exploring-umbria.com\/es\/descubre-todi\/que-ver-en-todi\/palacio-del-pueblo\/","og_locale":"es_ES","og_type":"article","og_title":"Palacio del Pueblo - Exploring Umbria","og_description":"Tambi\u00e9n conocido como \"del Municipio\", el Palacio del Pueblo no s\u00f3lo es el edificio m\u00e1s antiguo de toda la Plaza de la ciudad, sino tambi\u00e9n uno de los","og_url":"https:\/\/www.exploring-umbria.com\/es\/descubre-todi\/que-ver-en-todi\/palacio-del-pueblo\/","og_site_name":"Exploring Umbria","article_publisher":"https:\/\/www.facebook.com\/exploringumbria\/","article_modified_time":"2020-03-18T15:44:46+00:00","og_image":[{"width":1800,"height":1200,"url":"https:\/\/www.exploring-umbria.com\/wp-content\/uploads\/2019\/07\/TODI-PALAZZO-DEL-CAPITANO-4.jpg","type":"image\/jpeg"}],"twitter_card":"summary_large_image","twitter_misc":{"Tiempo de lectura":"1 minuto"},"schema":{"@context":"https:\/\/schema.org","@graph":[{"@type":"Organization","@id":"https:\/\/www.exploring-umbria.com\/es\/#organization","name":"Exploring Umbria","url":"https:\/\/www.exploring-umbria.com\/es\/","sameAs":["https:\/\/www.facebook.com\/exploringumbria\/","https:\/\/www.instagram.com\/exploringumbria\/"],"logo":{"@type":"ImageObject","@id":"https:\/\/www.exploring-umbria.com\/es\/#logo","inLanguage":"es","url":"https:\/\/www.exploring-umbria.com\/wp-content\/uploads\/2019\/08\/solo-logo-verde.jpg","contentUrl":"https:\/\/www.exploring-umbria.com\/wp-content\/uploads\/2019\/08\/solo-logo-verde.jpg","width":952,"height":532,"caption":"Exploring Umbria"},"image":{"@id":"https:\/\/www.exploring-umbria.com\/es\/#logo"}},{"@type":"WebSite","@id":"https:\/\/www.exploring-umbria.com\/es\/#website","url":"https:\/\/www.exploring-umbria.com\/es\/","name":"Exploring Umbria","description":"your dates, your mood, your trip","publisher":{"@id":"https:\/\/www.exploring-umbria.com\/es\/#organization"},"potentialAction":[{"@type":"SearchAction","target":{"@type":"EntryPoint","urlTemplate":"https:\/\/www.exploring-umbria.com\/es\/?s={search_term_string}"},"query-input":"required name=search_term_string"}],"inLanguage":"es"},{"@type":"ImageObject","@id":"https:\/\/www.exploring-umbria.com\/es\/descubre-todi\/que-ver-en-todi\/palacio-del-pueblo\/#primaryimage","inLanguage":"es","url":"https:\/\/www.exploring-umbria.com\/wp-content\/uploads\/2019\/07\/TODI-PALAZZO-DEL-CAPITANO-4.jpg","contentUrl":"https:\/\/www.exploring-umbria.com\/wp-content\/uploads\/2019\/07\/TODI-PALAZZO-DEL-CAPITANO-4.jpg","width":1800,"height":1200,"caption":"Il palazzo del Capitano di todi"},{"@type":"WebPage","@id":"https:\/\/www.exploring-umbria.com\/es\/descubre-todi\/que-ver-en-todi\/palacio-del-pueblo\/#webpage","url":"https:\/\/www.exploring-umbria.com\/es\/descubre-todi\/que-ver-en-todi\/palacio-del-pueblo\/","name":"Palacio del Pueblo - Exploring Umbria","isPartOf":{"@id":"https:\/\/www.exploring-umbria.com\/es\/#website"},"primaryImageOfPage":{"@id":"https:\/\/www.exploring-umbria.com\/es\/descubre-todi\/que-ver-en-todi\/palacio-del-pueblo\/#primaryimage"},"datePublished":"2019-03-08T11:31:47+00:00","dateModified":"2020-03-18T15:44:46+00:00","description":"Tambi\u00e9n conocido como \"del Municipio\", el Palacio del Pueblo no s\u00f3lo es el edificio m\u00e1s antiguo de toda la Plaza de la ciudad, sino tambi\u00e9n uno de los","breadcrumb":{"@id":"https:\/\/www.exploring-umbria.com\/es\/descubre-todi\/que-ver-en-todi\/palacio-del-pueblo\/#breadcrumb"},"inLanguage":"es","potentialAction":[{"@type":"ReadAction","target":["https:\/\/www.exploring-umbria.com\/es\/descubre-todi\/que-ver-en-todi\/palacio-del-pueblo\/"]}]},{"@type":"BreadcrumbList","@id":"https:\/\/www.exploring-umbria.com\/es\/descubre-todi\/que-ver-en-todi\/palacio-del-pueblo\/#breadcrumb","itemListElement":[{"@type":"ListItem","position":1,"name":"Home","item":"https:\/\/www.exploring-umbria.com\/es\/"},{"@type":"ListItem","position":2,"name":"Descubre Todi","item":"https:\/\/www.exploring-umbria.com\/es\/descubre-todi\/"},{"@type":"ListItem","position":3,"name":"Qu\u00e9 ver en Todi","item":"https:\/\/www.exploring-umbria.com\/es\/descubre-todi\/que-ver-en-todi\/"},{"@type":"ListItem","position":4,"name":"Palacio del Pueblo"}]}]}},"_links":{"self":[{"href":"https:\/\/www.exploring-umbria.com\/es\/wp-json\/wp\/v2\/pages\/2877"}],"collection":[{"href":"https:\/\/www.exploring-umbria.com\/es\/wp-json\/wp\/v2\/pages"}],"about":[{"href":"https:\/\/www.exploring-umbria.com\/es\/wp-json\/wp\/v2\/types\/page"}],"author":[{"embeddable":true,"href":"https:\/\/www.exploring-umbria.com\/es\/wp-json\/wp\/v2\/users\/4"}],"replies":[{"embeddable":true,"href":"https:\/\/www.exploring-umbria.com\/es\/wp-json\/wp\/v2\/comments?post=2877"}],"version-history":[{"count":5,"href":"https:\/\/www.exploring-umbria.com\/es\/wp-json\/wp\/v2\/pages\/2877\/revisions"}],"predecessor-version":[{"id":32715,"href":"https:\/\/www.exploring-umbria.com\/es\/wp-json\/wp\/v2\/pages\/2877\/revisions\/32715"}],"up":[{"embeddable":true,"href":"https:\/\/www.exploring-umbria.com\/es\/wp-json\/wp\/v2\/pages\/2942"}],"wp:featuredmedia":[{"embeddable":true,"href":"https:\/\/www.exploring-umbria.com\/es\/wp-json\/wp\/v2\/media\/16873"}],"wp:attachment":[{"href":"https:\/\/www.exploring-umbria.com\/es\/wp-json\/wp\/v2\/media?parent=2877"}],"curies":[{"name":"wp","href":"https:\/\/api.w.org\/{rel}","templated":true}]}}