{"id":2858,"date":"2019-03-08T12:46:10","date_gmt":"2019-03-08T11:46:10","guid":{"rendered":"https:\/\/www.exploring-umbria.com\/artigianato-del-legno-a-todi\/"},"modified":"2020-03-17T19:55:04","modified_gmt":"2020-03-17T18:55:04","slug":"artesenia-en-todi","status":"publish","type":"page","link":"https:\/\/www.exploring-umbria.com\/es\/descubre-todi\/artesenia-en-todi\/","title":{"rendered":"Artesan\u00eda en Todi"},"content":{"rendered":"<p><strong>Descubre la artesan\u00eda artist\u00edca en Todi.<\/strong><\/p>\n<p><!--more--><\/p>\n<p>La tradici\u00f3n artesanal en Umbr\u00eda tiene ra\u00edces antiguas y abarca varios campos, desde la madera hasta el encaje, la cer\u00e1mica y el hierro forjado, con un gran n\u00famero de tiendas y laboratorios repartidos por toda la regi\u00f3n.<\/p>\n<p>Debido a la gran cantidad de maderas con maderas preciosas como el fresno, el cerezo, el roble y el nogal, la zona de Todi ha desarrollado y conservado a lo largo de los siglos una gran maestr\u00eda en la elaboraci\u00f3n de este material y la creaci\u00f3n de una grande tradici\u00f3n de artesan\u00eda.<\/p>\n<p>Las realizaciones art\u00edsticas se han movido sobre dos v\u00edas paralelas, por un lado la artesan\u00eda popular, vinculada a la producci\u00f3n de objetos de la vida cotidiana o necesarios para el trabajo en el campo, por otro lado la artesan\u00eda culta de incrustaciones y decoraci\u00f3n interior de Iglesias y Palacios.<\/p>\n<p>Destacan los dos coros de madera del <a href=\"https:\/\/www.exploring-umbria.com\/es\/subcategories\/cosa-fare-e-cosa-vedere-a-todi\/#heading2933\" target=\"_blank\" rel=\"noopener noreferrer\">Duomo<\/a> y de la <a href=\"https:\/\/www.exploring-umbria.com\/es\/subcategories\/cosa-fare-e-cosa-vedere-a-todi\/#heading2937\" target=\"_blank\" rel=\"noopener noreferrer\">Iglesia de San Fortunato<\/a>, realizados en el siglo XVI y encargados respectivamente a Bencivenga por Mercatello y Antonio Maffei da Gubbio. Ambos artistas quer\u00edan ser apoyados en la realizaci\u00f3n de la obra exclusivamente por artesanos locales, clara evidencia de la destreza de los tudertinos desde la antig\u00fcedad.<\/p>\n<p>Repartidos por las calles de la ciudad<strong>,<\/strong><strong> los talleres de muebles elegantes, los ebanistas refinados y los talladores expertos, los incrustadores, los escultores y los restauradores<\/strong> mantienen viva una tradici\u00f3n muy antigua transmitida de generaci\u00f3n en generaci\u00f3n.<\/p>\n<p>Las producciones, \u00fanicas y particulares, van desde peque\u00f1os muebles hasta muebles cuya elaboraci\u00f3n artesanal, con atenci\u00f3n al detalle, no los aleja de las raras piezas de antig\u00fcedades.<\/p>\n","protected":false},"excerpt":{"rendered":"<p>Descubre la artesan\u00eda artist\u00edca en Todi.<\/p>\n","protected":false},"author":4,"featured_media":6582,"parent":2947,"menu_order":0,"comment_status":"closed","ping_status":"closed","template":"","meta":{"om_disable_all_campaigns":false,"_monsterinsights_skip_tracking":false,"_monsterinsights_sitenote_active":false,"_monsterinsights_sitenote_note":"","_monsterinsights_sitenote_category":0},"acf":[],"yoast_head":"<!-- This site is optimized with the Yoast SEO plugin v18.4.1 - https:\/\/yoast.com\/wordpress\/plugins\/seo\/ -->\n<title>Artesan\u00eda en Todi - Exploring Umbria<\/title>\n<meta name=\"description\" content=\"Descubre la artesan\u00eda artist\u00edca en Todi. La tradici\u00f3n artesanal en Umbr\u00eda tiene ra\u00edces antiguas y abarca varios campos, desde la madera hasta el encaje,\" \/>\n<meta name=\"robots\" content=\"index, follow, max-snippet:-1, max-image-preview:large, max-video-preview:-1\" \/>\n<link rel=\"canonical\" href=\"https:\/\/www.exploring-umbria.com\/es\/descubre-todi\/artesenia-en-todi\/\" \/>\n<meta property=\"og:locale\" content=\"es_ES\" \/>\n<meta property=\"og:type\" content=\"article\" \/>\n<meta property=\"og:title\" content=\"Artesan\u00eda en Todi - Exploring Umbria\" \/>\n<meta property=\"og:description\" content=\"Descubre la artesan\u00eda artist\u00edca en Todi. La tradici\u00f3n artesanal en Umbr\u00eda tiene ra\u00edces antiguas y abarca varios campos, desde la madera hasta el encaje,\" \/>\n<meta property=\"og:url\" content=\"https:\/\/www.exploring-umbria.com\/es\/descubre-todi\/artesenia-en-todi\/\" \/>\n<meta property=\"og:site_name\" content=\"Exploring Umbria\" \/>\n<meta property=\"article:publisher\" content=\"https:\/\/www.facebook.com\/exploringumbria\/\" \/>\n<meta property=\"article:modified_time\" content=\"2020-03-17T18:55:04+00:00\" \/>\n<meta property=\"og:image\" content=\"https:\/\/www.exploring-umbria.com\/wp-content\/uploads\/2019\/05\/PERUGIA-LEGNO-PORTA.jpeg\" \/>\n\t<meta property=\"og:image:width\" content=\"2000\" \/>\n\t<meta property=\"og:image:height\" content=\"1333\" \/>\n\t<meta property=\"og:image:type\" content=\"image\/jpeg\" \/>\n<meta name=\"twitter:card\" content=\"summary_large_image\" \/>\n<meta name=\"twitter:label1\" content=\"Tiempo de lectura\" \/>\n\t<meta name=\"twitter:data1\" content=\"1 minuto\" \/>\n<script type=\"application\/ld+json\" class=\"yoast-schema-graph\">{\"@context\":\"https:\/\/schema.org\",\"@graph\":[{\"@type\":\"Organization\",\"@id\":\"https:\/\/www.exploring-umbria.com\/es\/#organization\",\"name\":\"Exploring Umbria\",\"url\":\"https:\/\/www.exploring-umbria.com\/es\/\",\"sameAs\":[\"https:\/\/www.facebook.com\/exploringumbria\/\",\"https:\/\/www.instagram.com\/exploringumbria\/\"],\"logo\":{\"@type\":\"ImageObject\",\"@id\":\"https:\/\/www.exploring-umbria.com\/es\/#logo\",\"inLanguage\":\"es\",\"url\":\"https:\/\/www.exploring-umbria.com\/wp-content\/uploads\/2019\/08\/solo-logo-verde.jpg\",\"contentUrl\":\"https:\/\/www.exploring-umbria.com\/wp-content\/uploads\/2019\/08\/solo-logo-verde.jpg\",\"width\":952,\"height\":532,\"caption\":\"Exploring Umbria\"},\"image\":{\"@id\":\"https:\/\/www.exploring-umbria.com\/es\/#logo\"}},{\"@type\":\"WebSite\",\"@id\":\"https:\/\/www.exploring-umbria.com\/es\/#website\",\"url\":\"https:\/\/www.exploring-umbria.com\/es\/\",\"name\":\"Exploring Umbria\",\"description\":\"your dates, your mood, your trip\",\"publisher\":{\"@id\":\"https:\/\/www.exploring-umbria.com\/es\/#organization\"},\"potentialAction\":[{\"@type\":\"SearchAction\",\"target\":{\"@type\":\"EntryPoint\",\"urlTemplate\":\"https:\/\/www.exploring-umbria.com\/es\/?s={search_term_string}\"},\"query-input\":\"required name=search_term_string\"}],\"inLanguage\":\"es\"},{\"@type\":\"ImageObject\",\"@id\":\"https:\/\/www.exploring-umbria.com\/es\/descubre-todi\/artesenia-en-todi\/#primaryimage\",\"inLanguage\":\"es\",\"url\":\"https:\/\/www.exploring-umbria.com\/wp-content\/uploads\/2019\/05\/PERUGIA-LEGNO-PORTA.jpeg\",\"contentUrl\":\"https:\/\/www.exploring-umbria.com\/wp-content\/uploads\/2019\/05\/PERUGIA-LEGNO-PORTA.jpeg\",\"width\":2000,\"height\":1333,\"caption\":\"artigianato todi\"},{\"@type\":\"WebPage\",\"@id\":\"https:\/\/www.exploring-umbria.com\/es\/descubre-todi\/artesenia-en-todi\/#webpage\",\"url\":\"https:\/\/www.exploring-umbria.com\/es\/descubre-todi\/artesenia-en-todi\/\",\"name\":\"Artesan\u00eda en Todi - Exploring Umbria\",\"isPartOf\":{\"@id\":\"https:\/\/www.exploring-umbria.com\/es\/#website\"},\"primaryImageOfPage\":{\"@id\":\"https:\/\/www.exploring-umbria.com\/es\/descubre-todi\/artesenia-en-todi\/#primaryimage\"},\"datePublished\":\"2019-03-08T11:46:10+00:00\",\"dateModified\":\"2020-03-17T18:55:04+00:00\",\"description\":\"Descubre la artesan\u00eda artist\u00edca en Todi. La tradici\u00f3n artesanal en Umbr\u00eda tiene ra\u00edces antiguas y abarca varios campos, desde la madera hasta el encaje,\",\"breadcrumb\":{\"@id\":\"https:\/\/www.exploring-umbria.com\/es\/descubre-todi\/artesenia-en-todi\/#breadcrumb\"},\"inLanguage\":\"es\",\"potentialAction\":[{\"@type\":\"ReadAction\",\"target\":[\"https:\/\/www.exploring-umbria.com\/es\/descubre-todi\/artesenia-en-todi\/\"]}]},{\"@type\":\"BreadcrumbList\",\"@id\":\"https:\/\/www.exploring-umbria.com\/es\/descubre-todi\/artesenia-en-todi\/#breadcrumb\",\"itemListElement\":[{\"@type\":\"ListItem\",\"position\":1,\"name\":\"Home\",\"item\":\"https:\/\/www.exploring-umbria.com\/es\/\"},{\"@type\":\"ListItem\",\"position\":2,\"name\":\"Descubre Todi\",\"item\":\"https:\/\/www.exploring-umbria.com\/es\/descubre-todi\/\"},{\"@type\":\"ListItem\",\"position\":3,\"name\":\"Artesan\u00eda en Todi\"}]}]}<\/script>\n<!-- \/ Yoast SEO plugin. -->","yoast_head_json":{"title":"Artesan\u00eda en Todi - Exploring Umbria","description":"Descubre la artesan\u00eda artist\u00edca en Todi. La tradici\u00f3n artesanal en Umbr\u00eda tiene ra\u00edces antiguas y abarca varios campos, desde la madera hasta el encaje,","robots":{"index":"index","follow":"follow","max-snippet":"max-snippet:-1","max-image-preview":"max-image-preview:large","max-video-preview":"max-video-preview:-1"},"canonical":"https:\/\/www.exploring-umbria.com\/es\/descubre-todi\/artesenia-en-todi\/","og_locale":"es_ES","og_type":"article","og_title":"Artesan\u00eda en Todi - Exploring Umbria","og_description":"Descubre la artesan\u00eda artist\u00edca en Todi. La tradici\u00f3n artesanal en Umbr\u00eda tiene ra\u00edces antiguas y abarca varios campos, desde la madera hasta el encaje,","og_url":"https:\/\/www.exploring-umbria.com\/es\/descubre-todi\/artesenia-en-todi\/","og_site_name":"Exploring Umbria","article_publisher":"https:\/\/www.facebook.com\/exploringumbria\/","article_modified_time":"2020-03-17T18:55:04+00:00","og_image":[{"width":2000,"height":1333,"url":"https:\/\/www.exploring-umbria.com\/wp-content\/uploads\/2019\/05\/PERUGIA-LEGNO-PORTA.jpeg","type":"image\/jpeg"}],"twitter_card":"summary_large_image","twitter_misc":{"Tiempo de lectura":"1 minuto"},"schema":{"@context":"https:\/\/schema.org","@graph":[{"@type":"Organization","@id":"https:\/\/www.exploring-umbria.com\/es\/#organization","name":"Exploring Umbria","url":"https:\/\/www.exploring-umbria.com\/es\/","sameAs":["https:\/\/www.facebook.com\/exploringumbria\/","https:\/\/www.instagram.com\/exploringumbria\/"],"logo":{"@type":"ImageObject","@id":"https:\/\/www.exploring-umbria.com\/es\/#logo","inLanguage":"es","url":"https:\/\/www.exploring-umbria.com\/wp-content\/uploads\/2019\/08\/solo-logo-verde.jpg","contentUrl":"https:\/\/www.exploring-umbria.com\/wp-content\/uploads\/2019\/08\/solo-logo-verde.jpg","width":952,"height":532,"caption":"Exploring Umbria"},"image":{"@id":"https:\/\/www.exploring-umbria.com\/es\/#logo"}},{"@type":"WebSite","@id":"https:\/\/www.exploring-umbria.com\/es\/#website","url":"https:\/\/www.exploring-umbria.com\/es\/","name":"Exploring Umbria","description":"your dates, your mood, your trip","publisher":{"@id":"https:\/\/www.exploring-umbria.com\/es\/#organization"},"potentialAction":[{"@type":"SearchAction","target":{"@type":"EntryPoint","urlTemplate":"https:\/\/www.exploring-umbria.com\/es\/?s={search_term_string}"},"query-input":"required name=search_term_string"}],"inLanguage":"es"},{"@type":"ImageObject","@id":"https:\/\/www.exploring-umbria.com\/es\/descubre-todi\/artesenia-en-todi\/#primaryimage","inLanguage":"es","url":"https:\/\/www.exploring-umbria.com\/wp-content\/uploads\/2019\/05\/PERUGIA-LEGNO-PORTA.jpeg","contentUrl":"https:\/\/www.exploring-umbria.com\/wp-content\/uploads\/2019\/05\/PERUGIA-LEGNO-PORTA.jpeg","width":2000,"height":1333,"caption":"artigianato todi"},{"@type":"WebPage","@id":"https:\/\/www.exploring-umbria.com\/es\/descubre-todi\/artesenia-en-todi\/#webpage","url":"https:\/\/www.exploring-umbria.com\/es\/descubre-todi\/artesenia-en-todi\/","name":"Artesan\u00eda en Todi - Exploring Umbria","isPartOf":{"@id":"https:\/\/www.exploring-umbria.com\/es\/#website"},"primaryImageOfPage":{"@id":"https:\/\/www.exploring-umbria.com\/es\/descubre-todi\/artesenia-en-todi\/#primaryimage"},"datePublished":"2019-03-08T11:46:10+00:00","dateModified":"2020-03-17T18:55:04+00:00","description":"Descubre la artesan\u00eda artist\u00edca en Todi. La tradici\u00f3n artesanal en Umbr\u00eda tiene ra\u00edces antiguas y abarca varios campos, desde la madera hasta el encaje,","breadcrumb":{"@id":"https:\/\/www.exploring-umbria.com\/es\/descubre-todi\/artesenia-en-todi\/#breadcrumb"},"inLanguage":"es","potentialAction":[{"@type":"ReadAction","target":["https:\/\/www.exploring-umbria.com\/es\/descubre-todi\/artesenia-en-todi\/"]}]},{"@type":"BreadcrumbList","@id":"https:\/\/www.exploring-umbria.com\/es\/descubre-todi\/artesenia-en-todi\/#breadcrumb","itemListElement":[{"@type":"ListItem","position":1,"name":"Home","item":"https:\/\/www.exploring-umbria.com\/es\/"},{"@type":"ListItem","position":2,"name":"Descubre Todi","item":"https:\/\/www.exploring-umbria.com\/es\/descubre-todi\/"},{"@type":"ListItem","position":3,"name":"Artesan\u00eda en Todi"}]}]}},"_links":{"self":[{"href":"https:\/\/www.exploring-umbria.com\/es\/wp-json\/wp\/v2\/pages\/2858"}],"collection":[{"href":"https:\/\/www.exploring-umbria.com\/es\/wp-json\/wp\/v2\/pages"}],"about":[{"href":"https:\/\/www.exploring-umbria.com\/es\/wp-json\/wp\/v2\/types\/page"}],"author":[{"embeddable":true,"href":"https:\/\/www.exploring-umbria.com\/es\/wp-json\/wp\/v2\/users\/4"}],"replies":[{"embeddable":true,"href":"https:\/\/www.exploring-umbria.com\/es\/wp-json\/wp\/v2\/comments?post=2858"}],"version-history":[{"count":3,"href":"https:\/\/www.exploring-umbria.com\/es\/wp-json\/wp\/v2\/pages\/2858\/revisions"}],"predecessor-version":[{"id":32674,"href":"https:\/\/www.exploring-umbria.com\/es\/wp-json\/wp\/v2\/pages\/2858\/revisions\/32674"}],"up":[{"embeddable":true,"href":"https:\/\/www.exploring-umbria.com\/es\/wp-json\/wp\/v2\/pages\/2947"}],"wp:featuredmedia":[{"embeddable":true,"href":"https:\/\/www.exploring-umbria.com\/es\/wp-json\/wp\/v2\/media\/6582"}],"wp:attachment":[{"href":"https:\/\/www.exploring-umbria.com\/es\/wp-json\/wp\/v2\/media?parent=2858"}],"curies":[{"name":"wp","href":"https:\/\/api.w.org\/{rel}","templated":true}]}}