{"id":2851,"date":"2019-03-08T15:35:22","date_gmt":"2019-03-08T14:35:22","guid":{"rendered":"https:\/\/www.exploring-umbria.com\/1768-2\/"},"modified":"2020-03-27T20:19:02","modified_gmt":"2020-03-27T19:19:02","slug":"palacio-de-los-priores-de-asis","status":"publish","type":"page","link":"https:\/\/www.exploring-umbria.com\/es\/descubre-asis-la-ciudad-del-alma\/que-ver-en-asis\/palacio-de-los-priores-de-asis\/","title":{"rendered":"Palacio de los Priores de As\u00eds"},"content":{"rendered":"<p>A partir de finales del siglo XIII, el emergente Ayuntamiento de As\u00eds compr\u00f3 tres edificios en la parte sur de la Plaza Mayor, hoy Plaza del Ayuntamiento, para fusionarlos y crear ungran palacio p\u00fablico que albergar\u00eda los \u00f3rganos institucionales responsables del gobierno de la ciudad. <strong>El Palacio de los Priores<\/strong> es actualmente un elegante complejo de edificios de ladrillo blanco, construidos en el estilo caracter\u00edstico de la arquitectura medieval de As\u00eds, perforados en el centro por una b\u00f3veda que deja pasar una de las principales arterias del centro hist\u00f3rico:la calle Via dell&#8217;Arco dei Priori. Esta desciende desde la plaza hacia el valle y conduce a la Puerta del Mojano por la antigua carretera de Bettona. El nombre del Palacio deriva de los inquilinos que vivieron all\u00ed desde los a\u00f1os treinta del siglo XIV. Los Priores eran los representantes gubernamentales de las Corporaciones de Artes y Oficios (el equivalente a las actuales asociaciones comerciales, pero mucho m\u00e1s poderosas) \u00a0cuya judicatura se encontraba en el piso principal del palacio. Como a\u00fan se puede intuir por la estructura del edificio, en laplanta baja hab\u00eda una logia que albergaba una zona de tiendas de alquiler para artesanos y comerciantes. El alquiler era obviamente necesario debido a los altos costos de mantenimiento del Palacio y de sus inquilinos que, para hacer frente a estos gastos, solo se preocupaban de sus propios intereses. En la parte posterior del Palacio, en laplanta baja, sobre el \u00abzapato\u00bb del muro de contenci\u00f3n que sirve para reforzar la estructura, hay otras puertas en arco similares a las que se abren en la fachada principal, pero m\u00e1s peque\u00f1as y discretas. Aqu\u00ed, en la parte m\u00e1s escondidade las trastiendas, es donde se estableci\u00f3 en 1341 el burdel de la ciudad, trasladado veinte a\u00f1os m\u00e1s tarde al Palacio Nuevo, bajo la pintoresca Volta Pinta, decorada con refinados grutescos del siglo XVI.<\/p>\n<p>En 1442 <a href=\"https:\/\/es.wikipedia.org\/wiki\/Niccol%C3%B2_Piccinino\" target=\"_blank\" rel=\"noopener noreferrer\"><em>Niccol\u00f2 Piccinino<\/em><\/a>, por encargo de la enemiga Perugia, asedi\u00f3 As\u00eds con sus veinte mil hombres y, habiendo logrado entrar por una abertura en el acueducto de la ciudad, quem\u00f3 la ciudad hasta los cimientos, sin perdonar ni a mujeres ni a ni\u00f1os. El Palacio de los Priores no tuvo mejor suerte y sufri\u00f3 graves da\u00f1os, peropronto se orden\u00f3 su reconstrucci\u00f3n a instancias del Papa Sixto IV y de los Cardenales <em>Orsini<\/em> y <em>Savelli<\/em>. Unaplaca en la parte superior del Arco de los Priores preserva este recuerdo. En ese momento el Palacio fue ampliado para incluir, m\u00e1s a la derecha, el Monte de la Piedad y la residencia del Gobernador Apost\u00f3lico, enviado directamente por el Papa para un mayor control sobre losterritorios en los que insisti\u00f3 Perugia y As\u00eds, ciudades notoriamente insurgentesy rebeldes.<\/p>\n<p>Las almenas g\u00fcelfas que se ven sobre el tejado de uno de los edificios del complejo, al igual que el <a href=\"https:\/\/www.exploring-umbria.com\/es\/subcategories\/cosa-fare-e-cosa-vedere-ad-assisi\/\" target=\"_blank\" rel=\"noopener noreferrer\"><strong>Palacio del Capit\u00e1n del Pueblo y la Torre C\u00edvica<\/strong><\/a>, son postizas intervenciones que no se remontan a la \u00e9poca medieval del Palacio. De hecho se hicieron en la \u00e9poca fascista como parte de una importante renovaci\u00f3n de la plaza encargada para el s\u00e9ptimo centenario de la muerte de San Francisco.<\/p>\n<p>En el interior del Palacio de los Priores, donde ahora se encuentran las oficinas de laadministraci\u00f3n municipal, se conservan las Salas del Consejo y de los Emblemas, decorados espl\u00e9ndidamente, creados en la segunda mitad del siglo XIX cuando As\u00eds fue anexionada al Reino de Italia, pintados al fresco y decorados por <em>Alessandro<\/em> y <em>Carlo<\/em> <em>Venanzi<\/em>, eminentes artistas locales.<\/p>\n","protected":false},"excerpt":{"rendered":"<p>A partir de finales del siglo XIII, el emergente Ayuntamiento de As\u00eds compr\u00f3 tres edificios en la parte sur de la Plaza Mayor, hoy Plaza del Ayuntamiento, para fusionarlos y crear ungran palacio p\u00fablico que albergar\u00eda los \u00f3rganos institucionales responsables del gobierno de la ciudad. El Palacio de los Priores es actualmente un elegante complejo [&hellip;]<\/p>\n","protected":false},"author":4,"featured_media":0,"parent":3250,"menu_order":0,"comment_status":"closed","ping_status":"closed","template":"","meta":{"om_disable_all_campaigns":false,"_monsterinsights_skip_tracking":false,"_monsterinsights_sitenote_active":false,"_monsterinsights_sitenote_note":"","_monsterinsights_sitenote_category":0},"acf":[],"yoast_head":"<!-- This site is optimized with the Yoast SEO plugin v18.4.1 - https:\/\/yoast.com\/wordpress\/plugins\/seo\/ -->\n<title>Palacio de los Priores de As\u00eds - Exploring Umbria<\/title>\n<meta name=\"description\" content=\"El Palacio de los Priores es actualmente un elegante complejo de edificios de ladrillo blanco, construidos en el estilo caracter\u00edstico de la arquitectura medieval de As\u00eds\" \/>\n<meta name=\"robots\" content=\"index, follow, max-snippet:-1, max-image-preview:large, max-video-preview:-1\" \/>\n<link rel=\"canonical\" href=\"https:\/\/www.exploring-umbria.com\/es\/descubre-asis-la-ciudad-del-alma\/que-ver-en-asis\/palacio-de-los-priores-de-asis\/\" \/>\n<meta property=\"og:locale\" content=\"es_ES\" \/>\n<meta property=\"og:type\" content=\"article\" \/>\n<meta property=\"og:title\" content=\"Palacio de los Priores de As\u00eds - Exploring Umbria\" \/>\n<meta property=\"og:description\" content=\"El Palacio de los Priores es actualmente un elegante complejo de edificios de ladrillo blanco, construidos en el estilo caracter\u00edstico de la arquitectura medieval de As\u00eds\" \/>\n<meta property=\"og:url\" content=\"https:\/\/www.exploring-umbria.com\/es\/descubre-asis-la-ciudad-del-alma\/que-ver-en-asis\/palacio-de-los-priores-de-asis\/\" \/>\n<meta property=\"og:site_name\" content=\"Exploring Umbria\" \/>\n<meta property=\"article:publisher\" content=\"https:\/\/www.facebook.com\/exploringumbria\/\" \/>\n<meta property=\"article:modified_time\" content=\"2020-03-27T19:19:02+00:00\" \/>\n<meta name=\"twitter:card\" content=\"summary_large_image\" \/>\n<meta name=\"twitter:label1\" content=\"Tiempo de lectura\" \/>\n\t<meta name=\"twitter:data1\" content=\"3 minutos\" \/>\n<script type=\"application\/ld+json\" class=\"yoast-schema-graph\">{\"@context\":\"https:\/\/schema.org\",\"@graph\":[{\"@type\":\"Organization\",\"@id\":\"https:\/\/www.exploring-umbria.com\/es\/#organization\",\"name\":\"Exploring Umbria\",\"url\":\"https:\/\/www.exploring-umbria.com\/es\/\",\"sameAs\":[\"https:\/\/www.facebook.com\/exploringumbria\/\",\"https:\/\/www.instagram.com\/exploringumbria\/\"],\"logo\":{\"@type\":\"ImageObject\",\"@id\":\"https:\/\/www.exploring-umbria.com\/es\/#logo\",\"inLanguage\":\"es\",\"url\":\"https:\/\/www.exploring-umbria.com\/wp-content\/uploads\/2019\/08\/solo-logo-verde.jpg\",\"contentUrl\":\"https:\/\/www.exploring-umbria.com\/wp-content\/uploads\/2019\/08\/solo-logo-verde.jpg\",\"width\":952,\"height\":532,\"caption\":\"Exploring Umbria\"},\"image\":{\"@id\":\"https:\/\/www.exploring-umbria.com\/es\/#logo\"}},{\"@type\":\"WebSite\",\"@id\":\"https:\/\/www.exploring-umbria.com\/es\/#website\",\"url\":\"https:\/\/www.exploring-umbria.com\/es\/\",\"name\":\"Exploring Umbria\",\"description\":\"your dates, your mood, your trip\",\"publisher\":{\"@id\":\"https:\/\/www.exploring-umbria.com\/es\/#organization\"},\"potentialAction\":[{\"@type\":\"SearchAction\",\"target\":{\"@type\":\"EntryPoint\",\"urlTemplate\":\"https:\/\/www.exploring-umbria.com\/es\/?s={search_term_string}\"},\"query-input\":\"required name=search_term_string\"}],\"inLanguage\":\"es\"},{\"@type\":\"WebPage\",\"@id\":\"https:\/\/www.exploring-umbria.com\/es\/descubre-asis-la-ciudad-del-alma\/que-ver-en-asis\/palacio-de-los-priores-de-asis\/#webpage\",\"url\":\"https:\/\/www.exploring-umbria.com\/es\/descubre-asis-la-ciudad-del-alma\/que-ver-en-asis\/palacio-de-los-priores-de-asis\/\",\"name\":\"Palacio de los Priores de As\u00eds - Exploring Umbria\",\"isPartOf\":{\"@id\":\"https:\/\/www.exploring-umbria.com\/es\/#website\"},\"datePublished\":\"2019-03-08T14:35:22+00:00\",\"dateModified\":\"2020-03-27T19:19:02+00:00\",\"description\":\"El Palacio de los Priores es actualmente un elegante complejo de edificios de ladrillo blanco, construidos en el estilo caracter\u00edstico de la arquitectura medieval de As\u00eds\",\"breadcrumb\":{\"@id\":\"https:\/\/www.exploring-umbria.com\/es\/descubre-asis-la-ciudad-del-alma\/que-ver-en-asis\/palacio-de-los-priores-de-asis\/#breadcrumb\"},\"inLanguage\":\"es\",\"potentialAction\":[{\"@type\":\"ReadAction\",\"target\":[\"https:\/\/www.exploring-umbria.com\/es\/descubre-asis-la-ciudad-del-alma\/que-ver-en-asis\/palacio-de-los-priores-de-asis\/\"]}]},{\"@type\":\"BreadcrumbList\",\"@id\":\"https:\/\/www.exploring-umbria.com\/es\/descubre-asis-la-ciudad-del-alma\/que-ver-en-asis\/palacio-de-los-priores-de-asis\/#breadcrumb\",\"itemListElement\":[{\"@type\":\"ListItem\",\"position\":1,\"name\":\"Home\",\"item\":\"https:\/\/www.exploring-umbria.com\/es\/\"},{\"@type\":\"ListItem\",\"position\":2,\"name\":\"Descubre As\u00eds: la ciudad del alma\",\"item\":\"https:\/\/www.exploring-umbria.com\/es\/descubre-asis-la-ciudad-del-alma\/\"},{\"@type\":\"ListItem\",\"position\":3,\"name\":\"Qu\u00e9 ver en As\u00eds\",\"item\":\"https:\/\/www.exploring-umbria.com\/es\/descubre-asis-la-ciudad-del-alma\/que-ver-en-asis\/\"},{\"@type\":\"ListItem\",\"position\":4,\"name\":\"Palacio de los Priores de As\u00eds\"}]}]}<\/script>\n<!-- \/ Yoast SEO plugin. -->","yoast_head_json":{"title":"Palacio de los Priores de As\u00eds - Exploring Umbria","description":"El Palacio de los Priores es actualmente un elegante complejo de edificios de ladrillo blanco, construidos en el estilo caracter\u00edstico de la arquitectura medieval de As\u00eds","robots":{"index":"index","follow":"follow","max-snippet":"max-snippet:-1","max-image-preview":"max-image-preview:large","max-video-preview":"max-video-preview:-1"},"canonical":"https:\/\/www.exploring-umbria.com\/es\/descubre-asis-la-ciudad-del-alma\/que-ver-en-asis\/palacio-de-los-priores-de-asis\/","og_locale":"es_ES","og_type":"article","og_title":"Palacio de los Priores de As\u00eds - Exploring Umbria","og_description":"El Palacio de los Priores es actualmente un elegante complejo de edificios de ladrillo blanco, construidos en el estilo caracter\u00edstico de la arquitectura medieval de As\u00eds","og_url":"https:\/\/www.exploring-umbria.com\/es\/descubre-asis-la-ciudad-del-alma\/que-ver-en-asis\/palacio-de-los-priores-de-asis\/","og_site_name":"Exploring Umbria","article_publisher":"https:\/\/www.facebook.com\/exploringumbria\/","article_modified_time":"2020-03-27T19:19:02+00:00","twitter_card":"summary_large_image","twitter_misc":{"Tiempo de lectura":"3 minutos"},"schema":{"@context":"https:\/\/schema.org","@graph":[{"@type":"Organization","@id":"https:\/\/www.exploring-umbria.com\/es\/#organization","name":"Exploring Umbria","url":"https:\/\/www.exploring-umbria.com\/es\/","sameAs":["https:\/\/www.facebook.com\/exploringumbria\/","https:\/\/www.instagram.com\/exploringumbria\/"],"logo":{"@type":"ImageObject","@id":"https:\/\/www.exploring-umbria.com\/es\/#logo","inLanguage":"es","url":"https:\/\/www.exploring-umbria.com\/wp-content\/uploads\/2019\/08\/solo-logo-verde.jpg","contentUrl":"https:\/\/www.exploring-umbria.com\/wp-content\/uploads\/2019\/08\/solo-logo-verde.jpg","width":952,"height":532,"caption":"Exploring Umbria"},"image":{"@id":"https:\/\/www.exploring-umbria.com\/es\/#logo"}},{"@type":"WebSite","@id":"https:\/\/www.exploring-umbria.com\/es\/#website","url":"https:\/\/www.exploring-umbria.com\/es\/","name":"Exploring Umbria","description":"your dates, your mood, your trip","publisher":{"@id":"https:\/\/www.exploring-umbria.com\/es\/#organization"},"potentialAction":[{"@type":"SearchAction","target":{"@type":"EntryPoint","urlTemplate":"https:\/\/www.exploring-umbria.com\/es\/?s={search_term_string}"},"query-input":"required name=search_term_string"}],"inLanguage":"es"},{"@type":"WebPage","@id":"https:\/\/www.exploring-umbria.com\/es\/descubre-asis-la-ciudad-del-alma\/que-ver-en-asis\/palacio-de-los-priores-de-asis\/#webpage","url":"https:\/\/www.exploring-umbria.com\/es\/descubre-asis-la-ciudad-del-alma\/que-ver-en-asis\/palacio-de-los-priores-de-asis\/","name":"Palacio de los Priores de As\u00eds - Exploring Umbria","isPartOf":{"@id":"https:\/\/www.exploring-umbria.com\/es\/#website"},"datePublished":"2019-03-08T14:35:22+00:00","dateModified":"2020-03-27T19:19:02+00:00","description":"El Palacio de los Priores es actualmente un elegante complejo de edificios de ladrillo blanco, construidos en el estilo caracter\u00edstico de la arquitectura medieval de As\u00eds","breadcrumb":{"@id":"https:\/\/www.exploring-umbria.com\/es\/descubre-asis-la-ciudad-del-alma\/que-ver-en-asis\/palacio-de-los-priores-de-asis\/#breadcrumb"},"inLanguage":"es","potentialAction":[{"@type":"ReadAction","target":["https:\/\/www.exploring-umbria.com\/es\/descubre-asis-la-ciudad-del-alma\/que-ver-en-asis\/palacio-de-los-priores-de-asis\/"]}]},{"@type":"BreadcrumbList","@id":"https:\/\/www.exploring-umbria.com\/es\/descubre-asis-la-ciudad-del-alma\/que-ver-en-asis\/palacio-de-los-priores-de-asis\/#breadcrumb","itemListElement":[{"@type":"ListItem","position":1,"name":"Home","item":"https:\/\/www.exploring-umbria.com\/es\/"},{"@type":"ListItem","position":2,"name":"Descubre As\u00eds: la ciudad del alma","item":"https:\/\/www.exploring-umbria.com\/es\/descubre-asis-la-ciudad-del-alma\/"},{"@type":"ListItem","position":3,"name":"Qu\u00e9 ver en As\u00eds","item":"https:\/\/www.exploring-umbria.com\/es\/descubre-asis-la-ciudad-del-alma\/que-ver-en-asis\/"},{"@type":"ListItem","position":4,"name":"Palacio de los Priores de As\u00eds"}]}]}},"_links":{"self":[{"href":"https:\/\/www.exploring-umbria.com\/es\/wp-json\/wp\/v2\/pages\/2851"}],"collection":[{"href":"https:\/\/www.exploring-umbria.com\/es\/wp-json\/wp\/v2\/pages"}],"about":[{"href":"https:\/\/www.exploring-umbria.com\/es\/wp-json\/wp\/v2\/types\/page"}],"author":[{"embeddable":true,"href":"https:\/\/www.exploring-umbria.com\/es\/wp-json\/wp\/v2\/users\/4"}],"replies":[{"embeddable":true,"href":"https:\/\/www.exploring-umbria.com\/es\/wp-json\/wp\/v2\/comments?post=2851"}],"version-history":[{"count":4,"href":"https:\/\/www.exploring-umbria.com\/es\/wp-json\/wp\/v2\/pages\/2851\/revisions"}],"predecessor-version":[{"id":33126,"href":"https:\/\/www.exploring-umbria.com\/es\/wp-json\/wp\/v2\/pages\/2851\/revisions\/33126"}],"up":[{"embeddable":true,"href":"https:\/\/www.exploring-umbria.com\/es\/wp-json\/wp\/v2\/pages\/3250"}],"wp:attachment":[{"href":"https:\/\/www.exploring-umbria.com\/es\/wp-json\/wp\/v2\/media?parent=2851"}],"curies":[{"name":"wp","href":"https:\/\/api.w.org\/{rel}","templated":true}]}}