{"id":2849,"date":"2019-03-08T15:37:47","date_gmt":"2019-03-08T14:37:47","guid":{"rendered":"https:\/\/www.exploring-umbria.com\/palazzo-del-capitano-del-popolo-e-torre-civica\/"},"modified":"2020-03-27T20:38:54","modified_gmt":"2020-03-27T19:38:54","slug":"palacio-del-capitan-del-pueblo-y-torre-civica","status":"publish","type":"page","link":"https:\/\/www.exploring-umbria.com\/es\/descubre-asis-la-ciudad-del-alma\/que-ver-en-asis\/palacio-del-capitan-del-pueblo-y-torre-civica\/","title":{"rendered":"Palacio del Capit\u00e1n del Pueblo y Torre C\u00edvica"},"content":{"rendered":"<p>La Plaza del Ayuntamiento es el punto m\u00e1s denso hist\u00f3ricamente que se puede encontrar en As\u00eds. En esta encrucijada desde la que se desarrollan las principales arterias delcentro hist\u00f3rico, se concentran testimonios de todas las \u00e9pocas de la ciudad, desde los albores de la civilizaci\u00f3n romana hasta la actualidad. En el lado norte de la plaza, dispuesta frente al verde valle de As\u00eds, <strong>se alternan sin interrupci\u00f3n el Templo de Minerva, la Torre C\u00edvica o Torre del Pueblo y el Palacio del Capit\u00e1n del Pueblo. <\/strong>Los dos \u00faltimos edificios son casi de la misma\u00e9poca, construidos a finales del siglo XIII, cuando en la joven ciudad de As\u00eds se estableci\u00f3 por primera vez una figura institucional que se estaba difundiendo en la Italia medieval: el Capit\u00e1n del Pueblo. Era el representante de la clase emergente de los <em>populares<\/em>, compuesta en su mayor\u00eda por ciudadanos de bajos estratos sociales que se hab\u00edan enriquecido con su propio negocio: comerciantes, abogados, jueces y cirujanos. El Capit\u00e1n del Pueblo deb\u00eda actuar como contrapeso pol\u00edtico al Podest\u00e0, otra figura del gobierno municipal, que representaba a la nobleza portadora de los antiguos privilegios feudales y caballerescos. Junto a ellos, para completar el consejo, representantes de las Artes y Oficios, m\u00e1s tarde conocidos como Priores, y los Gonfalonieros, jefes de compa\u00f1\u00edas militares armadas de las distintas parroquias de la ciudad.<\/p>\n<p>Junto al Palacio se alza la alta torre C\u00edvica, de unos 47 m, construida inicialmente para albergar a la familia del Capit\u00e1n del Pueblo. <em>Angelo di Latero<\/em> de Perugia, capit\u00e1n en funciones a mediados del siglo XIV, hizo amurallar la base de la torre de las medidas de referencia para constructores y comerciantes en vigor en aquel momento. A\u00fan hoy podemos ver el espesor delos ladrillos, baldosas, losetas y tejas que se utilizaban en la ciudad. Junto a estas hay tres varillas de hierro que determinaban las longitudes de la ca\u00f1a, la braza y el palmo, con las que se med\u00edan principalmente los tejidos en el comercio.<\/p>\n<p>En el siglo XVI se vendi\u00f3 la propiedad de la torre para crear la Sala de las audiencias del Colegio de Notarios, otra poderosa instituci\u00f3n de la ciudad. El portal, esculpido para la ocasi\u00f3n, da fe de ello, donde en la parte superior podemos ver las herramientas de trabajo t\u00edpicas de los notarios: el libro, la pluma y el tintero. Poco despu\u00e9s, tambi\u00e9n se encarg\u00f3 la puerta de madera, basada en el modelo de la majestuosa puerta del <strong>Colegio del Cambio<\/strong> de Perugia.<\/p>\n<p>Con el paso del tiempo, las instalaciones de la Torre y el Palacio han ido cambiando su finalidad. Hoy en d\u00eda una parte de ellos est\u00e1 ocupada por un peque\u00f1o cuartel de los Carabinieri, para recordar que el edificio, despu\u00e9s de ocho siglos, todav\u00eda juega un papel institucional dentro de la ciudad. Entrando inmediatamente en la Plaza del Ayuntamiento, la Torre llama la atenci\u00f3n y nos fascina tanto por su altura, como por su aspecto claramente medieval, tambi\u00e9n conferido por las llamativas almenas gibelinas que decoran los tejados de los dos edificios contiguos. La iron\u00eda es que lo que m\u00e1s caracteriza la imagen antigua de estos edificios es en realidad su elemento m\u00e1s actual. Las almenas formaban parte de una restauraci\u00f3n\u00bbtemeraria\u00bb coordinada por el arquitecto <em>Ruggero Antonelli<\/em> en 1926 para el s\u00e9ptimo centenario de la muerte de <a href=\"https:\/\/es.wikipedia.org\/wiki\/Francisco_de_As%C3%ADs\" target=\"_blank\" rel=\"noopener noreferrer\">San Francisco<\/a>, en la que tambi\u00e9n estaba implicada la fachada del <strong><a href=\"https:\/\/www.exploring-umbria.com\/es\/subcategories\/cosa-fare-e-cosa-vedere-ad-assisi\/#heading2851\" target=\"_blank\" rel=\"noopener noreferrer\">Palacio de los Priores<\/a><\/strong>. Originalmente, contrario a lo que se podr\u00eda pensar, las cubiertas de estos edificios no estaban decoradas con almenas (elementos arquitect\u00f3nicos utilizados principalmente en estructuras defensivas y no administrativas) sino con simples cubiertas a dos aguas. Una intervenci\u00f3n anacr\u00f3nica y, podr\u00edamos decir, \u00abavispada\u00bb, que aprovecha nuestra imaginaci\u00f3n de la Edad Media para realizar una intervenci\u00f3n que quita autenticidad, pero que sin duda aumenta el impacto y la belleza del lugar que visitamos. Quiz\u00e1s muchos de nosotros hubi\u00e9ramos preferido untejado normal y aut\u00e9ntico a unasugerente falsa almena. Ahora, sin embargo, t\u00fa tambi\u00e9n lo sabes y lo podr\u00e1s juzgar por ti mismo, eso es lo importante.<\/p>\n","protected":false},"excerpt":{"rendered":"<p>La Plaza del Ayuntamiento es el punto m\u00e1s denso hist\u00f3ricamente que se puede encontrar en As\u00eds. En esta encrucijada desde la que se desarrollan las principales arterias delcentro hist\u00f3rico, se concentran testimonios de todas las \u00e9pocas de la ciudad, desde los albores de la civilizaci\u00f3n romana hasta la actualidad. En el lado norte de la [&hellip;]<\/p>\n","protected":false},"author":4,"featured_media":33135,"parent":3250,"menu_order":0,"comment_status":"closed","ping_status":"closed","template":"","meta":{"om_disable_all_campaigns":false,"_monsterinsights_skip_tracking":false,"_monsterinsights_sitenote_active":false,"_monsterinsights_sitenote_note":"","_monsterinsights_sitenote_category":0},"acf":[],"yoast_head":"<!-- This site is optimized with the Yoast SEO plugin v18.4.1 - https:\/\/yoast.com\/wordpress\/plugins\/seo\/ -->\n<title>Palacio del Capit\u00e1n del Pueblo y Torre C\u00edvica - Exploring Umbria<\/title>\n<meta name=\"description\" content=\"Junto al Palacio se alza la alta torre C\u00edvica, de unos 47 m, construida inicialmente para albergar a la familia del Capit\u00e1n del Pueblo\" \/>\n<meta name=\"robots\" content=\"index, follow, max-snippet:-1, max-image-preview:large, max-video-preview:-1\" \/>\n<link rel=\"canonical\" href=\"https:\/\/www.exploring-umbria.com\/es\/descubre-asis-la-ciudad-del-alma\/que-ver-en-asis\/palacio-del-capitan-del-pueblo-y-torre-civica\/\" \/>\n<meta property=\"og:locale\" content=\"es_ES\" \/>\n<meta property=\"og:type\" content=\"article\" \/>\n<meta property=\"og:title\" content=\"Palacio del Capit\u00e1n del Pueblo y Torre C\u00edvica - Exploring Umbria\" \/>\n<meta property=\"og:description\" content=\"Junto al Palacio se alza la alta torre C\u00edvica, de unos 47 m, construida inicialmente para albergar a la familia del Capit\u00e1n del Pueblo\" \/>\n<meta property=\"og:url\" content=\"https:\/\/www.exploring-umbria.com\/es\/descubre-asis-la-ciudad-del-alma\/que-ver-en-asis\/palacio-del-capitan-del-pueblo-y-torre-civica\/\" \/>\n<meta property=\"og:site_name\" content=\"Exploring Umbria\" \/>\n<meta property=\"article:publisher\" content=\"https:\/\/www.facebook.com\/exploringumbria\/\" \/>\n<meta property=\"article:modified_time\" content=\"2020-03-27T19:38:54+00:00\" \/>\n<meta property=\"og:image\" content=\"https:\/\/www.exploring-umbria.com\/wp-content\/uploads\/2020\/03\/Torre-di-Assisi.jpg\" \/>\n\t<meta property=\"og:image:width\" content=\"1280\" \/>\n\t<meta property=\"og:image:height\" content=\"1070\" \/>\n\t<meta property=\"og:image:type\" content=\"image\/jpeg\" \/>\n<meta name=\"twitter:card\" content=\"summary_large_image\" \/>\n<meta name=\"twitter:label1\" content=\"Tiempo de lectura\" \/>\n\t<meta name=\"twitter:data1\" content=\"4 minutos\" \/>\n<script type=\"application\/ld+json\" class=\"yoast-schema-graph\">{\"@context\":\"https:\/\/schema.org\",\"@graph\":[{\"@type\":\"Organization\",\"@id\":\"https:\/\/www.exploring-umbria.com\/es\/#organization\",\"name\":\"Exploring Umbria\",\"url\":\"https:\/\/www.exploring-umbria.com\/es\/\",\"sameAs\":[\"https:\/\/www.facebook.com\/exploringumbria\/\",\"https:\/\/www.instagram.com\/exploringumbria\/\"],\"logo\":{\"@type\":\"ImageObject\",\"@id\":\"https:\/\/www.exploring-umbria.com\/es\/#logo\",\"inLanguage\":\"es\",\"url\":\"https:\/\/www.exploring-umbria.com\/wp-content\/uploads\/2019\/08\/solo-logo-verde.jpg\",\"contentUrl\":\"https:\/\/www.exploring-umbria.com\/wp-content\/uploads\/2019\/08\/solo-logo-verde.jpg\",\"width\":952,\"height\":532,\"caption\":\"Exploring Umbria\"},\"image\":{\"@id\":\"https:\/\/www.exploring-umbria.com\/es\/#logo\"}},{\"@type\":\"WebSite\",\"@id\":\"https:\/\/www.exploring-umbria.com\/es\/#website\",\"url\":\"https:\/\/www.exploring-umbria.com\/es\/\",\"name\":\"Exploring Umbria\",\"description\":\"your dates, your mood, your trip\",\"publisher\":{\"@id\":\"https:\/\/www.exploring-umbria.com\/es\/#organization\"},\"potentialAction\":[{\"@type\":\"SearchAction\",\"target\":{\"@type\":\"EntryPoint\",\"urlTemplate\":\"https:\/\/www.exploring-umbria.com\/es\/?s={search_term_string}\"},\"query-input\":\"required name=search_term_string\"}],\"inLanguage\":\"es\"},{\"@type\":\"ImageObject\",\"@id\":\"https:\/\/www.exploring-umbria.com\/es\/descubre-asis-la-ciudad-del-alma\/que-ver-en-asis\/palacio-del-capitan-del-pueblo-y-torre-civica\/#primaryimage\",\"inLanguage\":\"es\",\"url\":\"https:\/\/www.exploring-umbria.com\/wp-content\/uploads\/2020\/03\/Torre-di-Assisi.jpg\",\"contentUrl\":\"https:\/\/www.exploring-umbria.com\/wp-content\/uploads\/2020\/03\/Torre-di-Assisi.jpg\",\"width\":1280,\"height\":1070,\"caption\":\"La torre civica accanto al palazzo del Popolo\"},{\"@type\":\"WebPage\",\"@id\":\"https:\/\/www.exploring-umbria.com\/es\/descubre-asis-la-ciudad-del-alma\/que-ver-en-asis\/palacio-del-capitan-del-pueblo-y-torre-civica\/#webpage\",\"url\":\"https:\/\/www.exploring-umbria.com\/es\/descubre-asis-la-ciudad-del-alma\/que-ver-en-asis\/palacio-del-capitan-del-pueblo-y-torre-civica\/\",\"name\":\"Palacio del Capit\u00e1n del Pueblo y Torre C\u00edvica - Exploring Umbria\",\"isPartOf\":{\"@id\":\"https:\/\/www.exploring-umbria.com\/es\/#website\"},\"primaryImageOfPage\":{\"@id\":\"https:\/\/www.exploring-umbria.com\/es\/descubre-asis-la-ciudad-del-alma\/que-ver-en-asis\/palacio-del-capitan-del-pueblo-y-torre-civica\/#primaryimage\"},\"datePublished\":\"2019-03-08T14:37:47+00:00\",\"dateModified\":\"2020-03-27T19:38:54+00:00\",\"description\":\"Junto al Palacio se alza la alta torre C\u00edvica, de unos 47 m, construida inicialmente para albergar a la familia del Capit\u00e1n del Pueblo\",\"breadcrumb\":{\"@id\":\"https:\/\/www.exploring-umbria.com\/es\/descubre-asis-la-ciudad-del-alma\/que-ver-en-asis\/palacio-del-capitan-del-pueblo-y-torre-civica\/#breadcrumb\"},\"inLanguage\":\"es\",\"potentialAction\":[{\"@type\":\"ReadAction\",\"target\":[\"https:\/\/www.exploring-umbria.com\/es\/descubre-asis-la-ciudad-del-alma\/que-ver-en-asis\/palacio-del-capitan-del-pueblo-y-torre-civica\/\"]}]},{\"@type\":\"BreadcrumbList\",\"@id\":\"https:\/\/www.exploring-umbria.com\/es\/descubre-asis-la-ciudad-del-alma\/que-ver-en-asis\/palacio-del-capitan-del-pueblo-y-torre-civica\/#breadcrumb\",\"itemListElement\":[{\"@type\":\"ListItem\",\"position\":1,\"name\":\"Home\",\"item\":\"https:\/\/www.exploring-umbria.com\/es\/\"},{\"@type\":\"ListItem\",\"position\":2,\"name\":\"Descubre As\u00eds: la ciudad del alma\",\"item\":\"https:\/\/www.exploring-umbria.com\/es\/descubre-asis-la-ciudad-del-alma\/\"},{\"@type\":\"ListItem\",\"position\":3,\"name\":\"Qu\u00e9 ver en As\u00eds\",\"item\":\"https:\/\/www.exploring-umbria.com\/es\/descubre-asis-la-ciudad-del-alma\/que-ver-en-asis\/\"},{\"@type\":\"ListItem\",\"position\":4,\"name\":\"Palacio del Capit\u00e1n del Pueblo y Torre C\u00edvica\"}]}]}<\/script>\n<!-- \/ Yoast SEO plugin. -->","yoast_head_json":{"title":"Palacio del Capit\u00e1n del Pueblo y Torre C\u00edvica - Exploring Umbria","description":"Junto al Palacio se alza la alta torre C\u00edvica, de unos 47 m, construida inicialmente para albergar a la familia del Capit\u00e1n del Pueblo","robots":{"index":"index","follow":"follow","max-snippet":"max-snippet:-1","max-image-preview":"max-image-preview:large","max-video-preview":"max-video-preview:-1"},"canonical":"https:\/\/www.exploring-umbria.com\/es\/descubre-asis-la-ciudad-del-alma\/que-ver-en-asis\/palacio-del-capitan-del-pueblo-y-torre-civica\/","og_locale":"es_ES","og_type":"article","og_title":"Palacio del Capit\u00e1n del Pueblo y Torre C\u00edvica - Exploring Umbria","og_description":"Junto al Palacio se alza la alta torre C\u00edvica, de unos 47 m, construida inicialmente para albergar a la familia del Capit\u00e1n del Pueblo","og_url":"https:\/\/www.exploring-umbria.com\/es\/descubre-asis-la-ciudad-del-alma\/que-ver-en-asis\/palacio-del-capitan-del-pueblo-y-torre-civica\/","og_site_name":"Exploring Umbria","article_publisher":"https:\/\/www.facebook.com\/exploringumbria\/","article_modified_time":"2020-03-27T19:38:54+00:00","og_image":[{"width":1280,"height":1070,"url":"https:\/\/www.exploring-umbria.com\/wp-content\/uploads\/2020\/03\/Torre-di-Assisi.jpg","type":"image\/jpeg"}],"twitter_card":"summary_large_image","twitter_misc":{"Tiempo de lectura":"4 minutos"},"schema":{"@context":"https:\/\/schema.org","@graph":[{"@type":"Organization","@id":"https:\/\/www.exploring-umbria.com\/es\/#organization","name":"Exploring Umbria","url":"https:\/\/www.exploring-umbria.com\/es\/","sameAs":["https:\/\/www.facebook.com\/exploringumbria\/","https:\/\/www.instagram.com\/exploringumbria\/"],"logo":{"@type":"ImageObject","@id":"https:\/\/www.exploring-umbria.com\/es\/#logo","inLanguage":"es","url":"https:\/\/www.exploring-umbria.com\/wp-content\/uploads\/2019\/08\/solo-logo-verde.jpg","contentUrl":"https:\/\/www.exploring-umbria.com\/wp-content\/uploads\/2019\/08\/solo-logo-verde.jpg","width":952,"height":532,"caption":"Exploring Umbria"},"image":{"@id":"https:\/\/www.exploring-umbria.com\/es\/#logo"}},{"@type":"WebSite","@id":"https:\/\/www.exploring-umbria.com\/es\/#website","url":"https:\/\/www.exploring-umbria.com\/es\/","name":"Exploring Umbria","description":"your dates, your mood, your trip","publisher":{"@id":"https:\/\/www.exploring-umbria.com\/es\/#organization"},"potentialAction":[{"@type":"SearchAction","target":{"@type":"EntryPoint","urlTemplate":"https:\/\/www.exploring-umbria.com\/es\/?s={search_term_string}"},"query-input":"required name=search_term_string"}],"inLanguage":"es"},{"@type":"ImageObject","@id":"https:\/\/www.exploring-umbria.com\/es\/descubre-asis-la-ciudad-del-alma\/que-ver-en-asis\/palacio-del-capitan-del-pueblo-y-torre-civica\/#primaryimage","inLanguage":"es","url":"https:\/\/www.exploring-umbria.com\/wp-content\/uploads\/2020\/03\/Torre-di-Assisi.jpg","contentUrl":"https:\/\/www.exploring-umbria.com\/wp-content\/uploads\/2020\/03\/Torre-di-Assisi.jpg","width":1280,"height":1070,"caption":"La torre civica accanto al palazzo del Popolo"},{"@type":"WebPage","@id":"https:\/\/www.exploring-umbria.com\/es\/descubre-asis-la-ciudad-del-alma\/que-ver-en-asis\/palacio-del-capitan-del-pueblo-y-torre-civica\/#webpage","url":"https:\/\/www.exploring-umbria.com\/es\/descubre-asis-la-ciudad-del-alma\/que-ver-en-asis\/palacio-del-capitan-del-pueblo-y-torre-civica\/","name":"Palacio del Capit\u00e1n del Pueblo y Torre C\u00edvica - Exploring Umbria","isPartOf":{"@id":"https:\/\/www.exploring-umbria.com\/es\/#website"},"primaryImageOfPage":{"@id":"https:\/\/www.exploring-umbria.com\/es\/descubre-asis-la-ciudad-del-alma\/que-ver-en-asis\/palacio-del-capitan-del-pueblo-y-torre-civica\/#primaryimage"},"datePublished":"2019-03-08T14:37:47+00:00","dateModified":"2020-03-27T19:38:54+00:00","description":"Junto al Palacio se alza la alta torre C\u00edvica, de unos 47 m, construida inicialmente para albergar a la familia del Capit\u00e1n del Pueblo","breadcrumb":{"@id":"https:\/\/www.exploring-umbria.com\/es\/descubre-asis-la-ciudad-del-alma\/que-ver-en-asis\/palacio-del-capitan-del-pueblo-y-torre-civica\/#breadcrumb"},"inLanguage":"es","potentialAction":[{"@type":"ReadAction","target":["https:\/\/www.exploring-umbria.com\/es\/descubre-asis-la-ciudad-del-alma\/que-ver-en-asis\/palacio-del-capitan-del-pueblo-y-torre-civica\/"]}]},{"@type":"BreadcrumbList","@id":"https:\/\/www.exploring-umbria.com\/es\/descubre-asis-la-ciudad-del-alma\/que-ver-en-asis\/palacio-del-capitan-del-pueblo-y-torre-civica\/#breadcrumb","itemListElement":[{"@type":"ListItem","position":1,"name":"Home","item":"https:\/\/www.exploring-umbria.com\/es\/"},{"@type":"ListItem","position":2,"name":"Descubre As\u00eds: la ciudad del alma","item":"https:\/\/www.exploring-umbria.com\/es\/descubre-asis-la-ciudad-del-alma\/"},{"@type":"ListItem","position":3,"name":"Qu\u00e9 ver en As\u00eds","item":"https:\/\/www.exploring-umbria.com\/es\/descubre-asis-la-ciudad-del-alma\/que-ver-en-asis\/"},{"@type":"ListItem","position":4,"name":"Palacio del Capit\u00e1n del Pueblo y Torre C\u00edvica"}]}]}},"_links":{"self":[{"href":"https:\/\/www.exploring-umbria.com\/es\/wp-json\/wp\/v2\/pages\/2849"}],"collection":[{"href":"https:\/\/www.exploring-umbria.com\/es\/wp-json\/wp\/v2\/pages"}],"about":[{"href":"https:\/\/www.exploring-umbria.com\/es\/wp-json\/wp\/v2\/types\/page"}],"author":[{"embeddable":true,"href":"https:\/\/www.exploring-umbria.com\/es\/wp-json\/wp\/v2\/users\/4"}],"replies":[{"embeddable":true,"href":"https:\/\/www.exploring-umbria.com\/es\/wp-json\/wp\/v2\/comments?post=2849"}],"version-history":[{"count":4,"href":"https:\/\/www.exploring-umbria.com\/es\/wp-json\/wp\/v2\/pages\/2849\/revisions"}],"predecessor-version":[{"id":33131,"href":"https:\/\/www.exploring-umbria.com\/es\/wp-json\/wp\/v2\/pages\/2849\/revisions\/33131"}],"up":[{"embeddable":true,"href":"https:\/\/www.exploring-umbria.com\/es\/wp-json\/wp\/v2\/pages\/3250"}],"wp:featuredmedia":[{"embeddable":true,"href":"https:\/\/www.exploring-umbria.com\/es\/wp-json\/wp\/v2\/media\/33135"}],"wp:attachment":[{"href":"https:\/\/www.exploring-umbria.com\/es\/wp-json\/wp\/v2\/media?parent=2849"}],"curies":[{"name":"wp","href":"https:\/\/api.w.org\/{rel}","templated":true}]}}