{"id":2832,"date":"2019-03-08T19:12:46","date_gmt":"2019-03-08T18:12:46","guid":{"rendered":"https:\/\/www.exploring-umbria.com\/sellano\/"},"modified":"2020-08-07T12:44:00","modified_gmt":"2020-08-07T10:44:00","slug":"descubre-sellano","status":"publish","type":"page","link":"https:\/\/www.exploring-umbria.com\/es\/pueblos-en-umbria-muchas-joyas-escondidas\/descubre-sellano\/","title":{"rendered":"Descubre Sellano"},"content":{"rendered":"<p><strong>Descubre el pueblo de Sellano\u00a0<\/strong><\/p>\n<p>El <strong>peque\u00f1o pueblo de Sellano<\/strong> se eleva a unos 640 metros sobre el nivel del mar, enclavado en uno de los paisajes m\u00e1s pintorescos de los Apeninos de Umbr\u00eda, ba\u00f1ado por las claras aguas del arroyo Vigi que desemboca en el r\u00edo Negro.<\/p>\n<p>El origen del nombre ha sido durante mucho tiempo objeto de hip\u00f3tesis entre los estudiosos: algunos lo relacionan con el pueblo de <em>Syllinates<\/em>, mencionado por Plinio en su <em>Naturalis Historia<\/em>, quiz\u00e1s miembros de la gens romana <em>\u00abSuilla<\/em>\u00bb o \u00ab<em>Suillates<\/em>\u00ab, seg\u00fan otros, la ciudad tomar\u00eda su nombre del l\u00edder romano que la fund\u00f3: <a href=\"https:\/\/es.wikipedia.org\/wiki\/Sila\" target=\"_blank\" rel=\"noopener noreferrer\"><em>Lucio Cornelio Silla<\/em><\/a>, que en el a\u00f1o 89 a.C., con motivo de la primera guerra civil, se refugi\u00f3 en esta zona con sus compa\u00f1eros, despu\u00e9s de la batalla contra Espoleto, la tradici\u00f3n moderna dice en cambio que el nombre provenga de la \u00absella\u00bb (que debe entenderse probablemente como \u00abpaso\u00bb) en la que se encuentra el Arc\u00e1ngel Miguel, s\u00edmbolo del escudo de la ciudad.<\/p>\n<p>Sea cual sea la hip\u00f3tesis m\u00e1s factible, es cierto que la ciudad existi\u00f3 desde la \u00e9poca romana y que sigui\u00f3 teniendo una gran importancia a lo largo de la Edad Media, gracias a la posici\u00f3n estrat\u00e9gica que ocup\u00f3 a lo largo de las calzadas que, a trav\u00e9s del valle, llegaban hasta Foligno y Spoleto. En el siglo XIV Sellano se convirti\u00f3 en un feudo de la familia Collicola<em>, <\/em>se\u00f1ores de Montesanto, pero se comprometi\u00f3 fuertemente en las luchas por la conquista de la autonom\u00eda administrativa, que termin\u00f3 tr\u00e1gicamente en 1522 con el fracaso de una insurrecci\u00f3n organizada contra Spoleto. Desde ese momento el centro habitado permaneci\u00f3 bajo la jurisdicci\u00f3n de Spoleto y del Estado Pontificio hasta la \u00e9poca moderna, cuando, en 1860, fue anexionado al naciente Estado italiano, incorporando en su propio territorio tambi\u00e9n todos los centros menores cercanos (Cammoro, Postignano, Apagni, Montesanto, Orsano).<\/p>\n<p>Hoy en d\u00eda Sellano sigue conservando la naturaleza pura e incontaminada del municipio de monta\u00f1a, que se nutre de los alrededores: la madera, el carb\u00f3n, los vi\u00f1edos, los \u00e1rboles frutales, la ganader\u00eda ovina y los cereales son todas las riquezas del lugar, junto con la antigua tradici\u00f3n de elaboraci\u00f3n de limas y escofinas, comercializadas desde el siglo XVIII en toda la Italia central.<\/p>\n<p>Una tierra f\u00e9rtil y genuina, no dejar\u00e1 de sorprenderte con las <a href=\"https:\/\/www.exploring-umbria.com\/es\/actividades\/triponzio-borgo-cerreto-cerreto-di-spoleto\/\" target=\"_blank\" rel=\"noopener noreferrer\">indescriptibles maravillas<\/a> de su entorno natural y paisaj\u00edstico, para deleitar tus papilas gustativas con el fuerte sabor de sus productos t\u00edpicos y emocionarte con la profunda devoci\u00f3n popular a los santos patrones.<\/p>\n<p>Si tienes la oportunidad de elegir, visita Sellano en junio y julio, cuando peregrinos de todo el mundo siguen los caminos m\u00edsticos desde el centro de la ciudad hasta las ermitas de San Giolo y Paterniano. O vuelve en agosto, cuando el <strong>Festival della Fojada e della Attorta<\/strong>, llenar\u00e1 el aire y las callesde los olores de la cocina local.<\/p>\n<p>La <em>Fojada<\/em> es una pasta salada rellena de queso y verduras, mientras que la <em>Attorta<\/em> es tambi\u00e9n una pasta, pero rellena de higos dulces, uvas y frutos secos. Ser\u00e1 una experiencia para chuparse los dedos.<\/p>\n","protected":false},"excerpt":{"rendered":"<p>Descubre el pueblo de Sellano\u00a0 El peque\u00f1o pueblo de Sellano se eleva a unos 640 metros sobre el nivel del mar, enclavado en uno de los paisajes m\u00e1s pintorescos de los Apeninos de Umbr\u00eda, ba\u00f1ado por las claras aguas del arroyo Vigi que desemboca en el r\u00edo Negro. El origen del nombre ha sido durante [&hellip;]<\/p>\n","protected":false},"author":4,"featured_media":17383,"parent":3272,"menu_order":1,"comment_status":"closed","ping_status":"closed","template":"","meta":{"om_disable_all_campaigns":false,"_monsterinsights_skip_tracking":false,"_monsterinsights_sitenote_active":false,"_monsterinsights_sitenote_note":"","_monsterinsights_sitenote_category":0},"acf":[],"yoast_head":"<!-- This site is optimized with the Yoast SEO plugin v18.4.1 - https:\/\/yoast.com\/wordpress\/plugins\/seo\/ -->\n<title>Descubre Sellano - Exploring Umbria<\/title>\n<meta name=\"description\" content=\"Descubre el pueblo de Sellano\u00a0 El peque\u00f1o pueblo de Sellano se eleva a unos 640 metros sobre el nivel del mar, enclavado en uno de los paisajes m\u00e1s\" \/>\n<meta name=\"robots\" content=\"index, follow, max-snippet:-1, max-image-preview:large, max-video-preview:-1\" \/>\n<link rel=\"canonical\" href=\"https:\/\/www.exploring-umbria.com\/es\/pueblos-en-umbria-muchas-joyas-escondidas\/descubre-sellano\/\" \/>\n<meta property=\"og:locale\" content=\"es_ES\" \/>\n<meta property=\"og:type\" content=\"article\" \/>\n<meta property=\"og:title\" content=\"Descubre Sellano - Exploring Umbria\" \/>\n<meta property=\"og:description\" content=\"Descubre el pueblo de Sellano\u00a0 El peque\u00f1o pueblo de Sellano se eleva a unos 640 metros sobre el nivel del mar, enclavado en uno de los paisajes m\u00e1s\" \/>\n<meta property=\"og:url\" content=\"https:\/\/www.exploring-umbria.com\/es\/pueblos-en-umbria-muchas-joyas-escondidas\/descubre-sellano\/\" \/>\n<meta property=\"og:site_name\" content=\"Exploring Umbria\" \/>\n<meta property=\"article:publisher\" content=\"https:\/\/www.facebook.com\/exploringumbria\/\" \/>\n<meta property=\"article:modified_time\" content=\"2020-08-07T10:44:00+00:00\" \/>\n<meta property=\"og:image\" content=\"https:\/\/www.exploring-umbria.com\/wp-content\/uploads\/2019\/07\/sellano-vista-1.jpg\" \/>\n\t<meta property=\"og:image:width\" content=\"955\" \/>\n\t<meta property=\"og:image:height\" content=\"571\" \/>\n\t<meta property=\"og:image:type\" content=\"image\/jpeg\" \/>\n<meta name=\"twitter:card\" content=\"summary_large_image\" \/>\n<meta name=\"twitter:label1\" content=\"Tiempo de lectura\" \/>\n\t<meta name=\"twitter:data1\" content=\"3 minutos\" \/>\n<script type=\"application\/ld+json\" class=\"yoast-schema-graph\">{\"@context\":\"https:\/\/schema.org\",\"@graph\":[{\"@type\":\"Organization\",\"@id\":\"https:\/\/www.exploring-umbria.com\/es\/#organization\",\"name\":\"Exploring Umbria\",\"url\":\"https:\/\/www.exploring-umbria.com\/es\/\",\"sameAs\":[\"https:\/\/www.facebook.com\/exploringumbria\/\",\"https:\/\/www.instagram.com\/exploringumbria\/\"],\"logo\":{\"@type\":\"ImageObject\",\"@id\":\"https:\/\/www.exploring-umbria.com\/es\/#logo\",\"inLanguage\":\"es\",\"url\":\"https:\/\/www.exploring-umbria.com\/wp-content\/uploads\/2019\/08\/solo-logo-verde.jpg\",\"contentUrl\":\"https:\/\/www.exploring-umbria.com\/wp-content\/uploads\/2019\/08\/solo-logo-verde.jpg\",\"width\":952,\"height\":532,\"caption\":\"Exploring Umbria\"},\"image\":{\"@id\":\"https:\/\/www.exploring-umbria.com\/es\/#logo\"}},{\"@type\":\"WebSite\",\"@id\":\"https:\/\/www.exploring-umbria.com\/es\/#website\",\"url\":\"https:\/\/www.exploring-umbria.com\/es\/\",\"name\":\"Exploring Umbria\",\"description\":\"your dates, your mood, your trip\",\"publisher\":{\"@id\":\"https:\/\/www.exploring-umbria.com\/es\/#organization\"},\"potentialAction\":[{\"@type\":\"SearchAction\",\"target\":{\"@type\":\"EntryPoint\",\"urlTemplate\":\"https:\/\/www.exploring-umbria.com\/es\/?s={search_term_string}\"},\"query-input\":\"required name=search_term_string\"}],\"inLanguage\":\"es\"},{\"@type\":\"ImageObject\",\"@id\":\"https:\/\/www.exploring-umbria.com\/es\/pueblos-en-umbria-muchas-joyas-escondidas\/descubre-sellano\/#primaryimage\",\"inLanguage\":\"es\",\"url\":\"https:\/\/www.exploring-umbria.com\/wp-content\/uploads\/2019\/07\/sellano-vista-1.jpg\",\"contentUrl\":\"https:\/\/www.exploring-umbria.com\/wp-content\/uploads\/2019\/07\/sellano-vista-1.jpg\",\"width\":955,\"height\":571,\"caption\":\"Sellano\"},{\"@type\":\"WebPage\",\"@id\":\"https:\/\/www.exploring-umbria.com\/es\/pueblos-en-umbria-muchas-joyas-escondidas\/descubre-sellano\/#webpage\",\"url\":\"https:\/\/www.exploring-umbria.com\/es\/pueblos-en-umbria-muchas-joyas-escondidas\/descubre-sellano\/\",\"name\":\"Descubre Sellano - Exploring Umbria\",\"isPartOf\":{\"@id\":\"https:\/\/www.exploring-umbria.com\/es\/#website\"},\"primaryImageOfPage\":{\"@id\":\"https:\/\/www.exploring-umbria.com\/es\/pueblos-en-umbria-muchas-joyas-escondidas\/descubre-sellano\/#primaryimage\"},\"datePublished\":\"2019-03-08T18:12:46+00:00\",\"dateModified\":\"2020-08-07T10:44:00+00:00\",\"description\":\"Descubre el pueblo de Sellano\u00a0 El peque\u00f1o pueblo de Sellano se eleva a unos 640 metros sobre el nivel del mar, enclavado en uno de los paisajes m\u00e1s\",\"breadcrumb\":{\"@id\":\"https:\/\/www.exploring-umbria.com\/es\/pueblos-en-umbria-muchas-joyas-escondidas\/descubre-sellano\/#breadcrumb\"},\"inLanguage\":\"es\",\"potentialAction\":[{\"@type\":\"ReadAction\",\"target\":[\"https:\/\/www.exploring-umbria.com\/es\/pueblos-en-umbria-muchas-joyas-escondidas\/descubre-sellano\/\"]}]},{\"@type\":\"BreadcrumbList\",\"@id\":\"https:\/\/www.exploring-umbria.com\/es\/pueblos-en-umbria-muchas-joyas-escondidas\/descubre-sellano\/#breadcrumb\",\"itemListElement\":[{\"@type\":\"ListItem\",\"position\":1,\"name\":\"Home\",\"item\":\"https:\/\/www.exploring-umbria.com\/es\/\"},{\"@type\":\"ListItem\",\"position\":2,\"name\":\"Pueblos en Umbr\u00eda: muchas joyas escondidas\",\"item\":\"https:\/\/www.exploring-umbria.com\/es\/pueblos-en-umbria-muchas-joyas-escondidas\/\"},{\"@type\":\"ListItem\",\"position\":3,\"name\":\"Descubre Sellano\"}]}]}<\/script>\n<!-- \/ Yoast SEO plugin. -->","yoast_head_json":{"title":"Descubre Sellano - Exploring Umbria","description":"Descubre el pueblo de Sellano\u00a0 El peque\u00f1o pueblo de Sellano se eleva a unos 640 metros sobre el nivel del mar, enclavado en uno de los paisajes m\u00e1s","robots":{"index":"index","follow":"follow","max-snippet":"max-snippet:-1","max-image-preview":"max-image-preview:large","max-video-preview":"max-video-preview:-1"},"canonical":"https:\/\/www.exploring-umbria.com\/es\/pueblos-en-umbria-muchas-joyas-escondidas\/descubre-sellano\/","og_locale":"es_ES","og_type":"article","og_title":"Descubre Sellano - Exploring Umbria","og_description":"Descubre el pueblo de Sellano\u00a0 El peque\u00f1o pueblo de Sellano se eleva a unos 640 metros sobre el nivel del mar, enclavado en uno de los paisajes m\u00e1s","og_url":"https:\/\/www.exploring-umbria.com\/es\/pueblos-en-umbria-muchas-joyas-escondidas\/descubre-sellano\/","og_site_name":"Exploring Umbria","article_publisher":"https:\/\/www.facebook.com\/exploringumbria\/","article_modified_time":"2020-08-07T10:44:00+00:00","og_image":[{"width":955,"height":571,"url":"https:\/\/www.exploring-umbria.com\/wp-content\/uploads\/2019\/07\/sellano-vista-1.jpg","type":"image\/jpeg"}],"twitter_card":"summary_large_image","twitter_misc":{"Tiempo de lectura":"3 minutos"},"schema":{"@context":"https:\/\/schema.org","@graph":[{"@type":"Organization","@id":"https:\/\/www.exploring-umbria.com\/es\/#organization","name":"Exploring Umbria","url":"https:\/\/www.exploring-umbria.com\/es\/","sameAs":["https:\/\/www.facebook.com\/exploringumbria\/","https:\/\/www.instagram.com\/exploringumbria\/"],"logo":{"@type":"ImageObject","@id":"https:\/\/www.exploring-umbria.com\/es\/#logo","inLanguage":"es","url":"https:\/\/www.exploring-umbria.com\/wp-content\/uploads\/2019\/08\/solo-logo-verde.jpg","contentUrl":"https:\/\/www.exploring-umbria.com\/wp-content\/uploads\/2019\/08\/solo-logo-verde.jpg","width":952,"height":532,"caption":"Exploring Umbria"},"image":{"@id":"https:\/\/www.exploring-umbria.com\/es\/#logo"}},{"@type":"WebSite","@id":"https:\/\/www.exploring-umbria.com\/es\/#website","url":"https:\/\/www.exploring-umbria.com\/es\/","name":"Exploring Umbria","description":"your dates, your mood, your trip","publisher":{"@id":"https:\/\/www.exploring-umbria.com\/es\/#organization"},"potentialAction":[{"@type":"SearchAction","target":{"@type":"EntryPoint","urlTemplate":"https:\/\/www.exploring-umbria.com\/es\/?s={search_term_string}"},"query-input":"required name=search_term_string"}],"inLanguage":"es"},{"@type":"ImageObject","@id":"https:\/\/www.exploring-umbria.com\/es\/pueblos-en-umbria-muchas-joyas-escondidas\/descubre-sellano\/#primaryimage","inLanguage":"es","url":"https:\/\/www.exploring-umbria.com\/wp-content\/uploads\/2019\/07\/sellano-vista-1.jpg","contentUrl":"https:\/\/www.exploring-umbria.com\/wp-content\/uploads\/2019\/07\/sellano-vista-1.jpg","width":955,"height":571,"caption":"Sellano"},{"@type":"WebPage","@id":"https:\/\/www.exploring-umbria.com\/es\/pueblos-en-umbria-muchas-joyas-escondidas\/descubre-sellano\/#webpage","url":"https:\/\/www.exploring-umbria.com\/es\/pueblos-en-umbria-muchas-joyas-escondidas\/descubre-sellano\/","name":"Descubre Sellano - Exploring Umbria","isPartOf":{"@id":"https:\/\/www.exploring-umbria.com\/es\/#website"},"primaryImageOfPage":{"@id":"https:\/\/www.exploring-umbria.com\/es\/pueblos-en-umbria-muchas-joyas-escondidas\/descubre-sellano\/#primaryimage"},"datePublished":"2019-03-08T18:12:46+00:00","dateModified":"2020-08-07T10:44:00+00:00","description":"Descubre el pueblo de Sellano\u00a0 El peque\u00f1o pueblo de Sellano se eleva a unos 640 metros sobre el nivel del mar, enclavado en uno de los paisajes m\u00e1s","breadcrumb":{"@id":"https:\/\/www.exploring-umbria.com\/es\/pueblos-en-umbria-muchas-joyas-escondidas\/descubre-sellano\/#breadcrumb"},"inLanguage":"es","potentialAction":[{"@type":"ReadAction","target":["https:\/\/www.exploring-umbria.com\/es\/pueblos-en-umbria-muchas-joyas-escondidas\/descubre-sellano\/"]}]},{"@type":"BreadcrumbList","@id":"https:\/\/www.exploring-umbria.com\/es\/pueblos-en-umbria-muchas-joyas-escondidas\/descubre-sellano\/#breadcrumb","itemListElement":[{"@type":"ListItem","position":1,"name":"Home","item":"https:\/\/www.exploring-umbria.com\/es\/"},{"@type":"ListItem","position":2,"name":"Pueblos en Umbr\u00eda: muchas joyas escondidas","item":"https:\/\/www.exploring-umbria.com\/es\/pueblos-en-umbria-muchas-joyas-escondidas\/"},{"@type":"ListItem","position":3,"name":"Descubre Sellano"}]}]}},"_links":{"self":[{"href":"https:\/\/www.exploring-umbria.com\/es\/wp-json\/wp\/v2\/pages\/2832"}],"collection":[{"href":"https:\/\/www.exploring-umbria.com\/es\/wp-json\/wp\/v2\/pages"}],"about":[{"href":"https:\/\/www.exploring-umbria.com\/es\/wp-json\/wp\/v2\/types\/page"}],"author":[{"embeddable":true,"href":"https:\/\/www.exploring-umbria.com\/es\/wp-json\/wp\/v2\/users\/4"}],"replies":[{"embeddable":true,"href":"https:\/\/www.exploring-umbria.com\/es\/wp-json\/wp\/v2\/comments?post=2832"}],"version-history":[{"count":5,"href":"https:\/\/www.exploring-umbria.com\/es\/wp-json\/wp\/v2\/pages\/2832\/revisions"}],"predecessor-version":[{"id":39245,"href":"https:\/\/www.exploring-umbria.com\/es\/wp-json\/wp\/v2\/pages\/2832\/revisions\/39245"}],"up":[{"embeddable":true,"href":"https:\/\/www.exploring-umbria.com\/es\/wp-json\/wp\/v2\/pages\/3272"}],"wp:featuredmedia":[{"embeddable":true,"href":"https:\/\/www.exploring-umbria.com\/es\/wp-json\/wp\/v2\/media\/17383"}],"wp:attachment":[{"href":"https:\/\/www.exploring-umbria.com\/es\/wp-json\/wp\/v2\/media?parent=2832"}],"curies":[{"name":"wp","href":"https:\/\/api.w.org\/{rel}","templated":true}]}}