{"id":2829,"date":"2019-03-08T19:14:48","date_gmt":"2019-03-08T18:14:48","guid":{"rendered":"https:\/\/www.exploring-umbria.com\/eremo-di-san-paterniano\/"},"modified":"2020-08-07T13:19:20","modified_gmt":"2020-08-07T11:19:20","slug":"eremita-de-san-paterniano","status":"publish","type":"page","link":"https:\/\/www.exploring-umbria.com\/es\/pueblos-en-umbria-muchas-joyas-escondidas\/que-ver-en-sellano\/eremita-de-san-paterniano\/","title":{"rendered":"Eremita de San Paterniano"},"content":{"rendered":"<p>A una altitud de unos 1020 metros sobre el nivel del mar, rodeado de bosques de hayas y vegetaci\u00f3n, en las laderas del monte Cammoro, a poca distancia de los pueblos de Pettino y Orsano, se encuentra el peque\u00f1o santuario dedicado a San Paterniano. Seg\u00fan la leyenda, el santo, obispo de Fano, se detuvo en esta zona para dedicarse a la vida del ermita\u00f1o durante uno de sus viajes a Roma. Parece que la imagen del Santo apareci\u00f3 varias veces en el lugar, hasta que le fue concedida la petici\u00f3n de construir un lugar de culto.<\/p>\n<p>La peque\u00f1a iglesia, de planta rom\u00e1nica, tiene una fachada a dos aguas muy sencilla, con un portal de entrada coronado por dos ventanas laterales y una superior. Un p\u00f3rtico de trasana protege la entrada y la piedra sagrada del lado derecho de la fachada, conocida como <em>el reclinatorio del santo<\/em>. La piedra, de hecho, pulida, presentaba los signos de las rodillas y el palo del santo ermita\u00f1o dedicado a la oraci\u00f3n. A\u00fan en la actualidad, los devotos ocupan la misma posici\u00f3n para pedir la gracia de sanar de las enfermedades\u00f3seas.<\/p>\n<p>En la parte posterior de la iglesia hay una peque\u00f1a celda, que fue utilizada como ermita (refugio de ermita\u00f1os) para religiosos y laicos hasta las primeras d\u00e9cadas del&#8217;900.<\/p>\n<p>Toda la estructura ha sido restaurada en los tiempos modernos y es ahora el destino de muchos peregrinos que cada a\u00f1o rinden homenaje al santo el d\u00eda en que es recordado, el 10 de julio.<\/p>\n<p>Los fieles se re\u00fanen en el valle cercano para celebrar la misa antes de dirigirse al santuario en procesi\u00f3n. No lejos del lugar de culto hay tambi\u00e9n una fuente de agua dulce, llamada S. Paterniano, a la que la tradici\u00f3n atribuye propiedades terap\u00e9uticas.<\/p>\n","protected":false},"excerpt":{"rendered":"<p>A una altitud de unos 1020 metros sobre el nivel del mar, rodeado de bosques de hayas y vegetaci\u00f3n, en las laderas del monte Cammoro, a poca distancia de los pueblos de Pettino y Orsano, se encuentra el peque\u00f1o santuario dedicado a San Paterniano. Seg\u00fan la leyenda, el santo, obispo de Fano, se detuvo en [&hellip;]<\/p>\n","protected":false},"author":4,"featured_media":0,"parent":39247,"menu_order":6,"comment_status":"closed","ping_status":"closed","template":"","meta":{"om_disable_all_campaigns":false,"_monsterinsights_skip_tracking":false,"_monsterinsights_sitenote_active":false,"_monsterinsights_sitenote_note":"","_monsterinsights_sitenote_category":0},"acf":[],"yoast_head":"<!-- This site is optimized with the Yoast SEO plugin v18.4.1 - https:\/\/yoast.com\/wordpress\/plugins\/seo\/ -->\n<title>Eremita de San Paterniano - Exploring Umbria<\/title>\n<meta name=\"description\" content=\"A una altitud de unos 1020 metros sobre el nivel del mar, rodeado de bosques de hayas y vegetaci\u00f3n, en las laderas del monte Cammoro, a poca distancia de\" \/>\n<meta name=\"robots\" content=\"index, follow, max-snippet:-1, max-image-preview:large, max-video-preview:-1\" \/>\n<link rel=\"canonical\" href=\"https:\/\/www.exploring-umbria.com\/es\/pueblos-en-umbria-muchas-joyas-escondidas\/que-ver-en-sellano\/eremita-de-san-paterniano\/\" \/>\n<meta property=\"og:locale\" content=\"es_ES\" \/>\n<meta property=\"og:type\" content=\"article\" \/>\n<meta property=\"og:title\" content=\"Eremita de San Paterniano - Exploring Umbria\" \/>\n<meta property=\"og:description\" content=\"A una altitud de unos 1020 metros sobre el nivel del mar, rodeado de bosques de hayas y vegetaci\u00f3n, en las laderas del monte Cammoro, a poca distancia de\" \/>\n<meta property=\"og:url\" content=\"https:\/\/www.exploring-umbria.com\/es\/pueblos-en-umbria-muchas-joyas-escondidas\/que-ver-en-sellano\/eremita-de-san-paterniano\/\" \/>\n<meta property=\"og:site_name\" content=\"Exploring Umbria\" \/>\n<meta property=\"article:publisher\" content=\"https:\/\/www.facebook.com\/exploringumbria\/\" \/>\n<meta property=\"article:modified_time\" content=\"2020-08-07T11:19:20+00:00\" \/>\n<meta name=\"twitter:card\" content=\"summary_large_image\" \/>\n<meta name=\"twitter:label1\" content=\"Tiempo de lectura\" \/>\n\t<meta name=\"twitter:data1\" content=\"2 minutos\" \/>\n<script type=\"application\/ld+json\" class=\"yoast-schema-graph\">{\"@context\":\"https:\/\/schema.org\",\"@graph\":[{\"@type\":\"Organization\",\"@id\":\"https:\/\/www.exploring-umbria.com\/es\/#organization\",\"name\":\"Exploring Umbria\",\"url\":\"https:\/\/www.exploring-umbria.com\/es\/\",\"sameAs\":[\"https:\/\/www.facebook.com\/exploringumbria\/\",\"https:\/\/www.instagram.com\/exploringumbria\/\"],\"logo\":{\"@type\":\"ImageObject\",\"@id\":\"https:\/\/www.exploring-umbria.com\/es\/#logo\",\"inLanguage\":\"es\",\"url\":\"https:\/\/www.exploring-umbria.com\/wp-content\/uploads\/2019\/08\/solo-logo-verde.jpg\",\"contentUrl\":\"https:\/\/www.exploring-umbria.com\/wp-content\/uploads\/2019\/08\/solo-logo-verde.jpg\",\"width\":952,\"height\":532,\"caption\":\"Exploring Umbria\"},\"image\":{\"@id\":\"https:\/\/www.exploring-umbria.com\/es\/#logo\"}},{\"@type\":\"WebSite\",\"@id\":\"https:\/\/www.exploring-umbria.com\/es\/#website\",\"url\":\"https:\/\/www.exploring-umbria.com\/es\/\",\"name\":\"Exploring Umbria\",\"description\":\"your dates, your mood, your trip\",\"publisher\":{\"@id\":\"https:\/\/www.exploring-umbria.com\/es\/#organization\"},\"potentialAction\":[{\"@type\":\"SearchAction\",\"target\":{\"@type\":\"EntryPoint\",\"urlTemplate\":\"https:\/\/www.exploring-umbria.com\/es\/?s={search_term_string}\"},\"query-input\":\"required name=search_term_string\"}],\"inLanguage\":\"es\"},{\"@type\":\"WebPage\",\"@id\":\"https:\/\/www.exploring-umbria.com\/es\/pueblos-en-umbria-muchas-joyas-escondidas\/que-ver-en-sellano\/eremita-de-san-paterniano\/#webpage\",\"url\":\"https:\/\/www.exploring-umbria.com\/es\/pueblos-en-umbria-muchas-joyas-escondidas\/que-ver-en-sellano\/eremita-de-san-paterniano\/\",\"name\":\"Eremita de San Paterniano - Exploring Umbria\",\"isPartOf\":{\"@id\":\"https:\/\/www.exploring-umbria.com\/es\/#website\"},\"datePublished\":\"2019-03-08T18:14:48+00:00\",\"dateModified\":\"2020-08-07T11:19:20+00:00\",\"description\":\"A una altitud de unos 1020 metros sobre el nivel del mar, rodeado de bosques de hayas y vegetaci\u00f3n, en las laderas del monte Cammoro, a poca distancia de\",\"breadcrumb\":{\"@id\":\"https:\/\/www.exploring-umbria.com\/es\/pueblos-en-umbria-muchas-joyas-escondidas\/que-ver-en-sellano\/eremita-de-san-paterniano\/#breadcrumb\"},\"inLanguage\":\"es\",\"potentialAction\":[{\"@type\":\"ReadAction\",\"target\":[\"https:\/\/www.exploring-umbria.com\/es\/pueblos-en-umbria-muchas-joyas-escondidas\/que-ver-en-sellano\/eremita-de-san-paterniano\/\"]}]},{\"@type\":\"BreadcrumbList\",\"@id\":\"https:\/\/www.exploring-umbria.com\/es\/pueblos-en-umbria-muchas-joyas-escondidas\/que-ver-en-sellano\/eremita-de-san-paterniano\/#breadcrumb\",\"itemListElement\":[{\"@type\":\"ListItem\",\"position\":1,\"name\":\"Home\",\"item\":\"https:\/\/www.exploring-umbria.com\/es\/\"},{\"@type\":\"ListItem\",\"position\":2,\"name\":\"Pueblos en Umbr\u00eda: muchas joyas escondidas\",\"item\":\"https:\/\/www.exploring-umbria.com\/es\/pueblos-en-umbria-muchas-joyas-escondidas\/\"},{\"@type\":\"ListItem\",\"position\":3,\"name\":\"Qu\u00e9 ver en Sellano\",\"item\":\"https:\/\/www.exploring-umbria.com\/es\/pueblos-en-umbria-muchas-joyas-escondidas\/que-ver-en-sellano\/\"},{\"@type\":\"ListItem\",\"position\":4,\"name\":\"Eremita de San Paterniano\"}]}]}<\/script>\n<!-- \/ Yoast SEO plugin. -->","yoast_head_json":{"title":"Eremita de San Paterniano - Exploring Umbria","description":"A una altitud de unos 1020 metros sobre el nivel del mar, rodeado de bosques de hayas y vegetaci\u00f3n, en las laderas del monte Cammoro, a poca distancia de","robots":{"index":"index","follow":"follow","max-snippet":"max-snippet:-1","max-image-preview":"max-image-preview:large","max-video-preview":"max-video-preview:-1"},"canonical":"https:\/\/www.exploring-umbria.com\/es\/pueblos-en-umbria-muchas-joyas-escondidas\/que-ver-en-sellano\/eremita-de-san-paterniano\/","og_locale":"es_ES","og_type":"article","og_title":"Eremita de San Paterniano - Exploring Umbria","og_description":"A una altitud de unos 1020 metros sobre el nivel del mar, rodeado de bosques de hayas y vegetaci\u00f3n, en las laderas del monte Cammoro, a poca distancia de","og_url":"https:\/\/www.exploring-umbria.com\/es\/pueblos-en-umbria-muchas-joyas-escondidas\/que-ver-en-sellano\/eremita-de-san-paterniano\/","og_site_name":"Exploring Umbria","article_publisher":"https:\/\/www.facebook.com\/exploringumbria\/","article_modified_time":"2020-08-07T11:19:20+00:00","twitter_card":"summary_large_image","twitter_misc":{"Tiempo de lectura":"2 minutos"},"schema":{"@context":"https:\/\/schema.org","@graph":[{"@type":"Organization","@id":"https:\/\/www.exploring-umbria.com\/es\/#organization","name":"Exploring Umbria","url":"https:\/\/www.exploring-umbria.com\/es\/","sameAs":["https:\/\/www.facebook.com\/exploringumbria\/","https:\/\/www.instagram.com\/exploringumbria\/"],"logo":{"@type":"ImageObject","@id":"https:\/\/www.exploring-umbria.com\/es\/#logo","inLanguage":"es","url":"https:\/\/www.exploring-umbria.com\/wp-content\/uploads\/2019\/08\/solo-logo-verde.jpg","contentUrl":"https:\/\/www.exploring-umbria.com\/wp-content\/uploads\/2019\/08\/solo-logo-verde.jpg","width":952,"height":532,"caption":"Exploring Umbria"},"image":{"@id":"https:\/\/www.exploring-umbria.com\/es\/#logo"}},{"@type":"WebSite","@id":"https:\/\/www.exploring-umbria.com\/es\/#website","url":"https:\/\/www.exploring-umbria.com\/es\/","name":"Exploring Umbria","description":"your dates, your mood, your trip","publisher":{"@id":"https:\/\/www.exploring-umbria.com\/es\/#organization"},"potentialAction":[{"@type":"SearchAction","target":{"@type":"EntryPoint","urlTemplate":"https:\/\/www.exploring-umbria.com\/es\/?s={search_term_string}"},"query-input":"required name=search_term_string"}],"inLanguage":"es"},{"@type":"WebPage","@id":"https:\/\/www.exploring-umbria.com\/es\/pueblos-en-umbria-muchas-joyas-escondidas\/que-ver-en-sellano\/eremita-de-san-paterniano\/#webpage","url":"https:\/\/www.exploring-umbria.com\/es\/pueblos-en-umbria-muchas-joyas-escondidas\/que-ver-en-sellano\/eremita-de-san-paterniano\/","name":"Eremita de San Paterniano - Exploring Umbria","isPartOf":{"@id":"https:\/\/www.exploring-umbria.com\/es\/#website"},"datePublished":"2019-03-08T18:14:48+00:00","dateModified":"2020-08-07T11:19:20+00:00","description":"A una altitud de unos 1020 metros sobre el nivel del mar, rodeado de bosques de hayas y vegetaci\u00f3n, en las laderas del monte Cammoro, a poca distancia de","breadcrumb":{"@id":"https:\/\/www.exploring-umbria.com\/es\/pueblos-en-umbria-muchas-joyas-escondidas\/que-ver-en-sellano\/eremita-de-san-paterniano\/#breadcrumb"},"inLanguage":"es","potentialAction":[{"@type":"ReadAction","target":["https:\/\/www.exploring-umbria.com\/es\/pueblos-en-umbria-muchas-joyas-escondidas\/que-ver-en-sellano\/eremita-de-san-paterniano\/"]}]},{"@type":"BreadcrumbList","@id":"https:\/\/www.exploring-umbria.com\/es\/pueblos-en-umbria-muchas-joyas-escondidas\/que-ver-en-sellano\/eremita-de-san-paterniano\/#breadcrumb","itemListElement":[{"@type":"ListItem","position":1,"name":"Home","item":"https:\/\/www.exploring-umbria.com\/es\/"},{"@type":"ListItem","position":2,"name":"Pueblos en Umbr\u00eda: muchas joyas escondidas","item":"https:\/\/www.exploring-umbria.com\/es\/pueblos-en-umbria-muchas-joyas-escondidas\/"},{"@type":"ListItem","position":3,"name":"Qu\u00e9 ver en Sellano","item":"https:\/\/www.exploring-umbria.com\/es\/pueblos-en-umbria-muchas-joyas-escondidas\/que-ver-en-sellano\/"},{"@type":"ListItem","position":4,"name":"Eremita de San Paterniano"}]}]}},"_links":{"self":[{"href":"https:\/\/www.exploring-umbria.com\/es\/wp-json\/wp\/v2\/pages\/2829"}],"collection":[{"href":"https:\/\/www.exploring-umbria.com\/es\/wp-json\/wp\/v2\/pages"}],"about":[{"href":"https:\/\/www.exploring-umbria.com\/es\/wp-json\/wp\/v2\/types\/page"}],"author":[{"embeddable":true,"href":"https:\/\/www.exploring-umbria.com\/es\/wp-json\/wp\/v2\/users\/4"}],"replies":[{"embeddable":true,"href":"https:\/\/www.exploring-umbria.com\/es\/wp-json\/wp\/v2\/comments?post=2829"}],"version-history":[{"count":3,"href":"https:\/\/www.exploring-umbria.com\/es\/wp-json\/wp\/v2\/pages\/2829\/revisions"}],"predecessor-version":[{"id":39266,"href":"https:\/\/www.exploring-umbria.com\/es\/wp-json\/wp\/v2\/pages\/2829\/revisions\/39266"}],"up":[{"embeddable":true,"href":"https:\/\/www.exploring-umbria.com\/es\/wp-json\/wp\/v2\/pages\/39247"}],"wp:attachment":[{"href":"https:\/\/www.exploring-umbria.com\/es\/wp-json\/wp\/v2\/media?parent=2829"}],"curies":[{"name":"wp","href":"https:\/\/api.w.org\/{rel}","templated":true}]}}