{"id":2808,"date":"2019-03-14T17:43:44","date_gmt":"2019-03-14T16:43:44","guid":{"rendered":"https:\/\/www.exploring-umbria.com\/collezione-archeologica-e-foro-romano\/"},"modified":"2020-03-27T14:37:34","modified_gmt":"2020-03-27T13:37:34","slug":"foro-romano-y-coleccion-arqueologica-de-asis","status":"publish","type":"page","link":"https:\/\/www.exploring-umbria.com\/es\/descubre-asis-la-ciudad-del-alma\/que-ver-en-asis\/foro-romano-y-coleccion-arqueologica-de-asis\/","title":{"rendered":"Foro Romano y Colecci\u00f3n Arqueol\u00f3gica de As\u00eds"},"content":{"rendered":"<p>La Plaza del Ayuntamiento de As\u00eds es una de las plazas m\u00e1s bellas y ricas en historia de Umbr\u00eda por una raz\u00f3n espec\u00edfica: todo el patrimonio hist\u00f3rico, art\u00edstico y cultural que est\u00e1 presente en la superficie se replica en la misma medida, quiz\u00e1s m\u00e1s, en el subsuelo. El suelo de ladrillo de la plaza descansa sobre niveles superpuestos de roca y construcciones estratificadas a lo largo de los siglos, comenzando cuando la primera civilizaci\u00f3n, la de los umbros, coloniz\u00f3 por primera vez estas verdes colinas en el siglo VI-VII a.C. En los siglos que rodean el A\u00f1o Cero, a instancias de algunos ricos mecenas, se construy\u00f3 en As\u00eds el Foro, centro neur\u00e1lgico de la vida de la ciudad. Hoy, despu\u00e9s de casi veinti\u00fan siglos, todav\u00eda podemos recorrer el Foro romano de As\u00eds, almenos en parte.<\/p>\n<p>Laentrada al reino subterr\u00e1neo de la ciudad ser\u00e1fica se encuentra en Via Portica, bajando unas decenas de metros. La puerta de entrada no pod\u00eda dejar de ser una cripta de una iglesia, emblema de la fusi\u00f3n del antiguo y subterr\u00e1neo, la de la Iglesia de San Nicol\u00e1s. Este lugar no es s\u00f3lo un lugar de acceso, sino un verdadero museo, ya que alberga desde 1934 la colecci\u00f3n arqueol\u00f3gica municipal de As\u00eds. Hay hermosos y bien conservados sarc\u00f3fagos, urnas funerarias y algunas estelas, los documentos hist\u00f3ricos m\u00e1s importantes y ricos en informaci\u00f3n sobre la \u00e9poca antigua de la ciudad que podemos encontrar.<\/p>\n<p>Una peque\u00f1a abertura en la pared de la cripta conduce al Foro romano de As\u00eds. El \u00e1rea de exposici\u00f3n fue completamente renovada en 2008. Se han revisado los planosy la tecnolog\u00eda de iluminaci\u00f3n y se ha construido una larga pasarela de vidrio suspendido de m\u00e1s de cien metrosde longitud que atraviesa todo el espacio. Una medida conservadora necesaria, pero que quita el privilegio que ten\u00edan aquellosque, hasta hace unos a\u00f1os, pod\u00edan poner los pies en las mismas piedras pisoteadas por nuestros antepasados. Caminamos bajo tierra, pero debemos imaginarnos un gran espacio abierto, iluminado con travertino blanco enyesado y protegido por el monumental <a href=\"https:\/\/www.exploring-umbria.com\/es\/subcategories\/cosa-fare-e-cosa-vedere-ad-assisi\/#heading2844\" target=\"_blank\" rel=\"noopener noreferrer\"><strong>Templo de Minerva<\/strong><\/a>, mucho m\u00e1s alto de lo que vemos hoy, ya que el suelo era al menos cinco metros m\u00e1s bajo que el actual. \u00a0Caminando por la pasarela, a nuestra derecha y a nuestra izquierda encontramos estelas y ep\u00edgrafes, recuerdos funerarios recuperados de la necr\u00f3polis de los alrededores que seguramente no hubi\u00e9ramos encontrado aqu\u00ed hace dos mil a\u00f1os, pero simbolizan una presencia. La presencia de los que poblaban el foroen aquellos d\u00edas: los que ven\u00edan a comerciar y vender los productos de su campa\u00f1a, los que asist\u00edan o participaban en asambleas p\u00fablicas, los que daban gracias a los dioses.Ante nosotros est\u00e1n los restos del <em>tribunal<\/em>, una estructura de piedra compuesta por sesiones en las que los magistrados de la ciudad tomaban las decisiones m\u00e1s importantes. Detr\u00e1s del <em>tribunal<\/em> hay un muro, que debemos ver, siempre con un poco de imaginaci\u00f3n, cubierto de yeso blanco y tachonado de adornos florales y guirnaldas de bronce. Este era el muro m\u00e1s all\u00e1 del cual, gracias a dos aberturas, se pod\u00eda acceder a la escalera del Templo, que permanec\u00eda oculta. Con un poco m\u00e1s de imaginaci\u00f3n pod\u00edamos imaginarnos all\u00ed de pie enel siglo I, admirando el Templo que ver\u00edamos salir de la pared sin saber lo que hay debajo, haci\u00e9ndolo parecer casi suspendido en el aire.<\/p>\n<p>Dando la espalda al templo, habr\u00edamos visto otro monumento muy importante de la vida religiosa de la ciudad: el Templo de los <a href=\"https:\/\/es.wikipedia.org\/wiki\/Dioscuros\" target=\"_blank\" rel=\"noopener noreferrer\">Dioscuros<\/a> C\u00e1stor y P\u00f3lux, los medio hijos de J\u00fapiter, del que hoy s\u00f3lo queda la base y una gran inscripci\u00f3n, perfectamenteconservada, que indica los nombres de los mecenas de la obra, bien expuestos a la vista de los transe\u00fantes.<\/p>\n<p>Continuando por el camino nos encontraremos con una de las muchas cisternas que se encontraban dispersas por la antigua ciudad. Aunque As\u00eds era famosa en la antig\u00fcedad por sus numerosos manantiales y sus saludables aguas, el agua de lluvia segu\u00eda siendo una contribuci\u00f3n fundamental al abastecimiento h\u00eddrico. S\u00f3lo hab\u00eda cuatro tanques de recolecci\u00f3n en la plaza del foro, dos de los cuales permanecen hoy en d\u00eda. Todav\u00eda podemos ver claramente el sistema de canales de drenaje que serv\u00eda para llevar el agua a los tanques.<\/p>\n<p>La exploraci\u00f3n contin\u00faa y el recorrido expositivo nos lleva frente a dos espacios que actuaban como <em>tabernae<\/em>, es decir, tiendas de car\u00e1cter comercial donde se vend\u00edan los productos de primera necesidad y donde los habitantes se paraban a comer durante el d\u00eda. Al final de la exposici\u00f3n se encuentran algunas estatuas de m\u00e1rmol, entre las que se encuentra una de las probables Dioscuros que se alojaron en el Templo de C\u00e1stor y P\u00f3lux.<\/p>\n<p>La visita al Foro romano y a la Colecci\u00f3n Arqueol\u00f3gica es una parada obligatoria para quienes visitan As\u00eds, y confirma una vez m\u00e1s que esta ciudad es una mina interminable de historia y cultura. Y, como en cualquier mina que se precie, cuanto m\u00e1s profundo vayas, m\u00e1s sorpresas surgir\u00e1n.<\/p>\n","protected":false},"excerpt":{"rendered":"<p>La Plaza del Ayuntamiento de As\u00eds es una de las plazas m\u00e1s bellas y ricas en historia de Umbr\u00eda por una raz\u00f3n espec\u00edfica: todo el patrimonio hist\u00f3rico, art\u00edstico y cultural que est\u00e1 presente en la superficie se replica en la misma medida, quiz\u00e1s m\u00e1s, en el subsuelo. El suelo de ladrillo de la plaza descansa [&hellip;]<\/p>\n","protected":false},"author":4,"featured_media":0,"parent":3250,"menu_order":0,"comment_status":"closed","ping_status":"closed","template":"","meta":{"om_disable_all_campaigns":false,"_monsterinsights_skip_tracking":false,"_monsterinsights_sitenote_active":false,"_monsterinsights_sitenote_note":"","_monsterinsights_sitenote_category":0},"acf":[],"yoast_head":"<!-- This site is optimized with the Yoast SEO plugin v18.4.1 - https:\/\/yoast.com\/wordpress\/plugins\/seo\/ -->\n<title>Foro Romano y Colecci\u00f3n Arqueol\u00f3gica de As\u00eds - Exploring Umbria<\/title>\n<meta name=\"description\" content=\"La visita al Foro romano y a la Colecci\u00f3n Arqueol\u00f3gica es una parada obligatoria para quienes visitan As\u00eds, y confirma una vez m\u00e1s que esta ciudad es una mina interminable de historia y cultura.\" \/>\n<meta name=\"robots\" content=\"index, follow, max-snippet:-1, max-image-preview:large, max-video-preview:-1\" \/>\n<link rel=\"canonical\" href=\"https:\/\/www.exploring-umbria.com\/es\/descubre-asis-la-ciudad-del-alma\/que-ver-en-asis\/foro-romano-y-coleccion-arqueologica-de-asis\/\" \/>\n<meta property=\"og:locale\" content=\"es_ES\" \/>\n<meta property=\"og:type\" content=\"article\" \/>\n<meta property=\"og:title\" content=\"Foro Romano y Colecci\u00f3n Arqueol\u00f3gica de As\u00eds - Exploring Umbria\" \/>\n<meta property=\"og:description\" content=\"La visita al Foro romano y a la Colecci\u00f3n Arqueol\u00f3gica es una parada obligatoria para quienes visitan As\u00eds, y confirma una vez m\u00e1s que esta ciudad es una mina interminable de historia y cultura.\" \/>\n<meta property=\"og:url\" content=\"https:\/\/www.exploring-umbria.com\/es\/descubre-asis-la-ciudad-del-alma\/que-ver-en-asis\/foro-romano-y-coleccion-arqueologica-de-asis\/\" \/>\n<meta property=\"og:site_name\" content=\"Exploring Umbria\" \/>\n<meta property=\"article:publisher\" content=\"https:\/\/www.facebook.com\/exploringumbria\/\" \/>\n<meta property=\"article:modified_time\" content=\"2020-03-27T13:37:34+00:00\" \/>\n<meta name=\"twitter:card\" content=\"summary_large_image\" \/>\n<meta name=\"twitter:label1\" content=\"Tiempo de lectura\" \/>\n\t<meta name=\"twitter:data1\" content=\"5 minutos\" \/>\n<script type=\"application\/ld+json\" class=\"yoast-schema-graph\">{\"@context\":\"https:\/\/schema.org\",\"@graph\":[{\"@type\":\"Organization\",\"@id\":\"https:\/\/www.exploring-umbria.com\/es\/#organization\",\"name\":\"Exploring Umbria\",\"url\":\"https:\/\/www.exploring-umbria.com\/es\/\",\"sameAs\":[\"https:\/\/www.facebook.com\/exploringumbria\/\",\"https:\/\/www.instagram.com\/exploringumbria\/\"],\"logo\":{\"@type\":\"ImageObject\",\"@id\":\"https:\/\/www.exploring-umbria.com\/es\/#logo\",\"inLanguage\":\"es\",\"url\":\"https:\/\/www.exploring-umbria.com\/wp-content\/uploads\/2019\/08\/solo-logo-verde.jpg\",\"contentUrl\":\"https:\/\/www.exploring-umbria.com\/wp-content\/uploads\/2019\/08\/solo-logo-verde.jpg\",\"width\":952,\"height\":532,\"caption\":\"Exploring Umbria\"},\"image\":{\"@id\":\"https:\/\/www.exploring-umbria.com\/es\/#logo\"}},{\"@type\":\"WebSite\",\"@id\":\"https:\/\/www.exploring-umbria.com\/es\/#website\",\"url\":\"https:\/\/www.exploring-umbria.com\/es\/\",\"name\":\"Exploring Umbria\",\"description\":\"your dates, your mood, your trip\",\"publisher\":{\"@id\":\"https:\/\/www.exploring-umbria.com\/es\/#organization\"},\"potentialAction\":[{\"@type\":\"SearchAction\",\"target\":{\"@type\":\"EntryPoint\",\"urlTemplate\":\"https:\/\/www.exploring-umbria.com\/es\/?s={search_term_string}\"},\"query-input\":\"required name=search_term_string\"}],\"inLanguage\":\"es\"},{\"@type\":\"WebPage\",\"@id\":\"https:\/\/www.exploring-umbria.com\/es\/descubre-asis-la-ciudad-del-alma\/que-ver-en-asis\/foro-romano-y-coleccion-arqueologica-de-asis\/#webpage\",\"url\":\"https:\/\/www.exploring-umbria.com\/es\/descubre-asis-la-ciudad-del-alma\/que-ver-en-asis\/foro-romano-y-coleccion-arqueologica-de-asis\/\",\"name\":\"Foro Romano y Colecci\u00f3n Arqueol\u00f3gica de As\u00eds - Exploring Umbria\",\"isPartOf\":{\"@id\":\"https:\/\/www.exploring-umbria.com\/es\/#website\"},\"datePublished\":\"2019-03-14T16:43:44+00:00\",\"dateModified\":\"2020-03-27T13:37:34+00:00\",\"description\":\"La visita al Foro romano y a la Colecci\u00f3n Arqueol\u00f3gica es una parada obligatoria para quienes visitan As\u00eds, y confirma una vez m\u00e1s que esta ciudad es una mina interminable de historia y cultura.\",\"breadcrumb\":{\"@id\":\"https:\/\/www.exploring-umbria.com\/es\/descubre-asis-la-ciudad-del-alma\/que-ver-en-asis\/foro-romano-y-coleccion-arqueologica-de-asis\/#breadcrumb\"},\"inLanguage\":\"es\",\"potentialAction\":[{\"@type\":\"ReadAction\",\"target\":[\"https:\/\/www.exploring-umbria.com\/es\/descubre-asis-la-ciudad-del-alma\/que-ver-en-asis\/foro-romano-y-coleccion-arqueologica-de-asis\/\"]}]},{\"@type\":\"BreadcrumbList\",\"@id\":\"https:\/\/www.exploring-umbria.com\/es\/descubre-asis-la-ciudad-del-alma\/que-ver-en-asis\/foro-romano-y-coleccion-arqueologica-de-asis\/#breadcrumb\",\"itemListElement\":[{\"@type\":\"ListItem\",\"position\":1,\"name\":\"Home\",\"item\":\"https:\/\/www.exploring-umbria.com\/es\/\"},{\"@type\":\"ListItem\",\"position\":2,\"name\":\"Descubre As\u00eds: la ciudad del alma\",\"item\":\"https:\/\/www.exploring-umbria.com\/es\/descubre-asis-la-ciudad-del-alma\/\"},{\"@type\":\"ListItem\",\"position\":3,\"name\":\"Qu\u00e9 ver en As\u00eds\",\"item\":\"https:\/\/www.exploring-umbria.com\/es\/descubre-asis-la-ciudad-del-alma\/que-ver-en-asis\/\"},{\"@type\":\"ListItem\",\"position\":4,\"name\":\"Foro Romano y Colecci\u00f3n Arqueol\u00f3gica de As\u00eds\"}]}]}<\/script>\n<!-- \/ Yoast SEO plugin. -->","yoast_head_json":{"title":"Foro Romano y Colecci\u00f3n Arqueol\u00f3gica de As\u00eds - Exploring Umbria","description":"La visita al Foro romano y a la Colecci\u00f3n Arqueol\u00f3gica es una parada obligatoria para quienes visitan As\u00eds, y confirma una vez m\u00e1s que esta ciudad es una mina interminable de historia y cultura.","robots":{"index":"index","follow":"follow","max-snippet":"max-snippet:-1","max-image-preview":"max-image-preview:large","max-video-preview":"max-video-preview:-1"},"canonical":"https:\/\/www.exploring-umbria.com\/es\/descubre-asis-la-ciudad-del-alma\/que-ver-en-asis\/foro-romano-y-coleccion-arqueologica-de-asis\/","og_locale":"es_ES","og_type":"article","og_title":"Foro Romano y Colecci\u00f3n Arqueol\u00f3gica de As\u00eds - Exploring Umbria","og_description":"La visita al Foro romano y a la Colecci\u00f3n Arqueol\u00f3gica es una parada obligatoria para quienes visitan As\u00eds, y confirma una vez m\u00e1s que esta ciudad es una mina interminable de historia y cultura.","og_url":"https:\/\/www.exploring-umbria.com\/es\/descubre-asis-la-ciudad-del-alma\/que-ver-en-asis\/foro-romano-y-coleccion-arqueologica-de-asis\/","og_site_name":"Exploring Umbria","article_publisher":"https:\/\/www.facebook.com\/exploringumbria\/","article_modified_time":"2020-03-27T13:37:34+00:00","twitter_card":"summary_large_image","twitter_misc":{"Tiempo de lectura":"5 minutos"},"schema":{"@context":"https:\/\/schema.org","@graph":[{"@type":"Organization","@id":"https:\/\/www.exploring-umbria.com\/es\/#organization","name":"Exploring Umbria","url":"https:\/\/www.exploring-umbria.com\/es\/","sameAs":["https:\/\/www.facebook.com\/exploringumbria\/","https:\/\/www.instagram.com\/exploringumbria\/"],"logo":{"@type":"ImageObject","@id":"https:\/\/www.exploring-umbria.com\/es\/#logo","inLanguage":"es","url":"https:\/\/www.exploring-umbria.com\/wp-content\/uploads\/2019\/08\/solo-logo-verde.jpg","contentUrl":"https:\/\/www.exploring-umbria.com\/wp-content\/uploads\/2019\/08\/solo-logo-verde.jpg","width":952,"height":532,"caption":"Exploring Umbria"},"image":{"@id":"https:\/\/www.exploring-umbria.com\/es\/#logo"}},{"@type":"WebSite","@id":"https:\/\/www.exploring-umbria.com\/es\/#website","url":"https:\/\/www.exploring-umbria.com\/es\/","name":"Exploring Umbria","description":"your dates, your mood, your trip","publisher":{"@id":"https:\/\/www.exploring-umbria.com\/es\/#organization"},"potentialAction":[{"@type":"SearchAction","target":{"@type":"EntryPoint","urlTemplate":"https:\/\/www.exploring-umbria.com\/es\/?s={search_term_string}"},"query-input":"required name=search_term_string"}],"inLanguage":"es"},{"@type":"WebPage","@id":"https:\/\/www.exploring-umbria.com\/es\/descubre-asis-la-ciudad-del-alma\/que-ver-en-asis\/foro-romano-y-coleccion-arqueologica-de-asis\/#webpage","url":"https:\/\/www.exploring-umbria.com\/es\/descubre-asis-la-ciudad-del-alma\/que-ver-en-asis\/foro-romano-y-coleccion-arqueologica-de-asis\/","name":"Foro Romano y Colecci\u00f3n Arqueol\u00f3gica de As\u00eds - Exploring Umbria","isPartOf":{"@id":"https:\/\/www.exploring-umbria.com\/es\/#website"},"datePublished":"2019-03-14T16:43:44+00:00","dateModified":"2020-03-27T13:37:34+00:00","description":"La visita al Foro romano y a la Colecci\u00f3n Arqueol\u00f3gica es una parada obligatoria para quienes visitan As\u00eds, y confirma una vez m\u00e1s que esta ciudad es una mina interminable de historia y cultura.","breadcrumb":{"@id":"https:\/\/www.exploring-umbria.com\/es\/descubre-asis-la-ciudad-del-alma\/que-ver-en-asis\/foro-romano-y-coleccion-arqueologica-de-asis\/#breadcrumb"},"inLanguage":"es","potentialAction":[{"@type":"ReadAction","target":["https:\/\/www.exploring-umbria.com\/es\/descubre-asis-la-ciudad-del-alma\/que-ver-en-asis\/foro-romano-y-coleccion-arqueologica-de-asis\/"]}]},{"@type":"BreadcrumbList","@id":"https:\/\/www.exploring-umbria.com\/es\/descubre-asis-la-ciudad-del-alma\/que-ver-en-asis\/foro-romano-y-coleccion-arqueologica-de-asis\/#breadcrumb","itemListElement":[{"@type":"ListItem","position":1,"name":"Home","item":"https:\/\/www.exploring-umbria.com\/es\/"},{"@type":"ListItem","position":2,"name":"Descubre As\u00eds: la ciudad del alma","item":"https:\/\/www.exploring-umbria.com\/es\/descubre-asis-la-ciudad-del-alma\/"},{"@type":"ListItem","position":3,"name":"Qu\u00e9 ver en As\u00eds","item":"https:\/\/www.exploring-umbria.com\/es\/descubre-asis-la-ciudad-del-alma\/que-ver-en-asis\/"},{"@type":"ListItem","position":4,"name":"Foro Romano y Colecci\u00f3n Arqueol\u00f3gica de As\u00eds"}]}]}},"_links":{"self":[{"href":"https:\/\/www.exploring-umbria.com\/es\/wp-json\/wp\/v2\/pages\/2808"}],"collection":[{"href":"https:\/\/www.exploring-umbria.com\/es\/wp-json\/wp\/v2\/pages"}],"about":[{"href":"https:\/\/www.exploring-umbria.com\/es\/wp-json\/wp\/v2\/types\/page"}],"author":[{"embeddable":true,"href":"https:\/\/www.exploring-umbria.com\/es\/wp-json\/wp\/v2\/users\/4"}],"replies":[{"embeddable":true,"href":"https:\/\/www.exploring-umbria.com\/es\/wp-json\/wp\/v2\/comments?post=2808"}],"version-history":[{"count":4,"href":"https:\/\/www.exploring-umbria.com\/es\/wp-json\/wp\/v2\/pages\/2808\/revisions"}],"predecessor-version":[{"id":33096,"href":"https:\/\/www.exploring-umbria.com\/es\/wp-json\/wp\/v2\/pages\/2808\/revisions\/33096"}],"up":[{"embeddable":true,"href":"https:\/\/www.exploring-umbria.com\/es\/wp-json\/wp\/v2\/pages\/3250"}],"wp:attachment":[{"href":"https:\/\/www.exploring-umbria.com\/es\/wp-json\/wp\/v2\/media?parent=2808"}],"curies":[{"name":"wp","href":"https:\/\/api.w.org\/{rel}","templated":true}]}}