{"id":2805,"date":"2019-03-14T19:38:32","date_gmt":"2019-03-14T18:38:32","guid":{"rendered":"https:\/\/www.exploring-umbria.com\/gubbio\/"},"modified":"2020-03-13T12:23:57","modified_gmt":"2020-03-13T11:23:57","slug":"descubre-gubbio","status":"publish","type":"page","link":"https:\/\/www.exploring-umbria.com\/es\/descubre-gubbio\/","title":{"rendered":"Descubre Gubbio: tradici\u00f3n, historia y cultura"},"content":{"rendered":"<p><strong>Descubre Gubbio, la ciudad de las velas.<\/strong><\/p>\n<p><!--more--><\/p>\n<p>En el extremo nororiental de Umbr\u00eda, cerca de la frontera con las Marcas, ba\u00f1ada por los Apeninos por un lado y el valle del T\u00edber por el otro, se encuentra Gubbio. A los pies del monte Igino, la ciudad ocupa un territorio f\u00e9rtil y productivo atravesado por los arroyos Camignano y Cavarello que, desde la \u00e9poca prerromana, ha atra\u00eddo a pueblos y culturas ricas y desarrolladas. Entre los impresionantes paisajes y la densa vegetaci\u00f3n de una zona predominantemente monta\u00f1osa, una ciudad que parece haberse dormido y cristalizado con el paso del tiempo, al igual que la mayor\u00eda de las realidades urbanas de Umbr\u00eda. Por donde cruzar el umbral de las murallas, admirablemente conservadas, te dar\u00e1 la impresi\u00f3n de darse un chapuz\u00f3n en el pasado, sumergi\u00e9ndole en la atm\u00f3sfera m\u00e1gica, la devoci\u00f3n popular y el folclore que los Gubbio han mantenido vivos e intactos durante siglos. Los santos <a href=\"https:\/\/es.wikipedia.org\/wiki\/Ubaldo_de_Gubbio\" target=\"_blank\" rel=\"noopener noreferrer\">Ubaldo<\/a>, patr\u00f3n de la ciudad, y Francesco, que llegaron a Gubbio para domar a la famosa loba asesina, son objeto de un sincero y profundo culto que transforma las tradiciones de la ciudad en grandes acontecimientos y experiencias que no hay que perderse. Una ciudad que, como un cofre del tesoro, conserva objetos art\u00edsticos y artesanales antiguos y modernos, sabores genuinos del pasado que han sabido conjugar la modernidad, adapt\u00e1ndose a las necesidades de las nuevas generaciones, y maravillas arquitect\u00f3nicas \u00fanicas en su g\u00e9nero, como la estructura colgante de la Plaza Grande, coronada por el bello <a href=\"https:\/\/www.exploring-umbria.com\/es\/subcategories\/cosa-fare-e-cosa-vedere-a-gubbio\/#heading2793\" target=\"_blank\" rel=\"noopener noreferrer\">Palacio de los C\u00f3nsules<\/a>.<\/p>\n<p><a href=\"https:\/\/www.exploring-umbria.com\/es\/actividades\/guided-tour-of-gubbio\/\" target=\"_blank\" rel=\"noopener noreferrer\">Descubre la ciudad<\/a> forjada por el mecenazgo de los Condes de Urbino, Gubbio ofrecer\u00e1 tradici\u00f3n, historia, cultura, arte y arquitectura a todo aquel que lo visite. Pasado y presente, antiguo y moderno se combinan en una uni\u00f3n armoniosa que s\u00f3lo Umbr\u00eda ha sido capaz de crear.<\/p>\n","protected":false},"excerpt":{"rendered":"<p>Descubre Gubbio, la ciudad de las velas.<\/p>\n","protected":false},"author":4,"featured_media":35831,"parent":0,"menu_order":0,"comment_status":"closed","ping_status":"closed","template":"","meta":{"om_disable_all_campaigns":false,"_monsterinsights_skip_tracking":false,"_monsterinsights_sitenote_active":false,"_monsterinsights_sitenote_note":"","_monsterinsights_sitenote_category":0},"acf":[],"yoast_head":"<!-- This site is optimized with the Yoast SEO plugin v18.4.1 - https:\/\/yoast.com\/wordpress\/plugins\/seo\/ -->\n<title>Descubre Gubbio: tradici\u00f3n, historia y cultura - Exploring Umbria<\/title>\n<meta name=\"description\" content=\"Descubre Gubbio, la ciudad de las velas. En el extremo nororiental de Umbr\u00eda, cerca de la frontera con las Marcas, ba\u00f1ada por los Apeninos por un lado y\" \/>\n<meta name=\"robots\" content=\"index, follow, max-snippet:-1, max-image-preview:large, max-video-preview:-1\" \/>\n<link rel=\"canonical\" href=\"https:\/\/www.exploring-umbria.com\/es\/descubre-gubbio\/\" \/>\n<meta property=\"og:locale\" content=\"es_ES\" \/>\n<meta property=\"og:type\" content=\"article\" \/>\n<meta property=\"og:title\" content=\"Descubre Gubbio: tradici\u00f3n, historia y cultura - Exploring Umbria\" \/>\n<meta property=\"og:description\" content=\"Descubre Gubbio, la ciudad de las velas. En el extremo nororiental de Umbr\u00eda, cerca de la frontera con las Marcas, ba\u00f1ada por los Apeninos por un lado y\" \/>\n<meta property=\"og:url\" content=\"https:\/\/www.exploring-umbria.com\/es\/descubre-gubbio\/\" \/>\n<meta property=\"og:site_name\" content=\"Exploring Umbria\" \/>\n<meta property=\"article:publisher\" content=\"https:\/\/www.facebook.com\/exploringumbria\/\" \/>\n<meta property=\"article:modified_time\" content=\"2020-03-13T11:23:57+00:00\" \/>\n<meta property=\"og:image\" content=\"https:\/\/www.exploring-umbria.com\/wp-content\/uploads\/2020\/05\/gubbio-panoramica.jpeg\" \/>\n\t<meta property=\"og:image:width\" content=\"1592\" \/>\n\t<meta property=\"og:image:height\" content=\"1007\" \/>\n\t<meta property=\"og:image:type\" content=\"image\/jpeg\" \/>\n<meta name=\"twitter:card\" content=\"summary_large_image\" \/>\n<meta name=\"twitter:label1\" content=\"Tiempo de lectura\" \/>\n\t<meta name=\"twitter:data1\" content=\"2 minutos\" \/>\n<script type=\"application\/ld+json\" class=\"yoast-schema-graph\">{\"@context\":\"https:\/\/schema.org\",\"@graph\":[{\"@type\":\"Organization\",\"@id\":\"https:\/\/www.exploring-umbria.com\/es\/#organization\",\"name\":\"Exploring Umbria\",\"url\":\"https:\/\/www.exploring-umbria.com\/es\/\",\"sameAs\":[\"https:\/\/www.facebook.com\/exploringumbria\/\",\"https:\/\/www.instagram.com\/exploringumbria\/\"],\"logo\":{\"@type\":\"ImageObject\",\"@id\":\"https:\/\/www.exploring-umbria.com\/es\/#logo\",\"inLanguage\":\"es\",\"url\":\"https:\/\/www.exploring-umbria.com\/wp-content\/uploads\/2019\/08\/solo-logo-verde.jpg\",\"contentUrl\":\"https:\/\/www.exploring-umbria.com\/wp-content\/uploads\/2019\/08\/solo-logo-verde.jpg\",\"width\":952,\"height\":532,\"caption\":\"Exploring Umbria\"},\"image\":{\"@id\":\"https:\/\/www.exploring-umbria.com\/es\/#logo\"}},{\"@type\":\"WebSite\",\"@id\":\"https:\/\/www.exploring-umbria.com\/es\/#website\",\"url\":\"https:\/\/www.exploring-umbria.com\/es\/\",\"name\":\"Exploring Umbria\",\"description\":\"your dates, your mood, your trip\",\"publisher\":{\"@id\":\"https:\/\/www.exploring-umbria.com\/es\/#organization\"},\"potentialAction\":[{\"@type\":\"SearchAction\",\"target\":{\"@type\":\"EntryPoint\",\"urlTemplate\":\"https:\/\/www.exploring-umbria.com\/es\/?s={search_term_string}\"},\"query-input\":\"required name=search_term_string\"}],\"inLanguage\":\"es\"},{\"@type\":\"ImageObject\",\"@id\":\"https:\/\/www.exploring-umbria.com\/es\/descubre-gubbio\/#primaryimage\",\"inLanguage\":\"es\",\"url\":\"https:\/\/www.exploring-umbria.com\/wp-content\/uploads\/2020\/05\/gubbio-panoramica.jpeg\",\"contentUrl\":\"https:\/\/www.exploring-umbria.com\/wp-content\/uploads\/2020\/05\/gubbio-panoramica.jpeg\",\"width\":1592,\"height\":1007,\"caption\":\"\u00a9 Roby Roby ph.\"},{\"@type\":\"WebPage\",\"@id\":\"https:\/\/www.exploring-umbria.com\/es\/descubre-gubbio\/#webpage\",\"url\":\"https:\/\/www.exploring-umbria.com\/es\/descubre-gubbio\/\",\"name\":\"Descubre Gubbio: tradici\u00f3n, historia y cultura - Exploring Umbria\",\"isPartOf\":{\"@id\":\"https:\/\/www.exploring-umbria.com\/es\/#website\"},\"primaryImageOfPage\":{\"@id\":\"https:\/\/www.exploring-umbria.com\/es\/descubre-gubbio\/#primaryimage\"},\"datePublished\":\"2019-03-14T18:38:32+00:00\",\"dateModified\":\"2020-03-13T11:23:57+00:00\",\"description\":\"Descubre Gubbio, la ciudad de las velas. En el extremo nororiental de Umbr\u00eda, cerca de la frontera con las Marcas, ba\u00f1ada por los Apeninos por un lado y\",\"breadcrumb\":{\"@id\":\"https:\/\/www.exploring-umbria.com\/es\/descubre-gubbio\/#breadcrumb\"},\"inLanguage\":\"es\",\"potentialAction\":[{\"@type\":\"ReadAction\",\"target\":[\"https:\/\/www.exploring-umbria.com\/es\/descubre-gubbio\/\"]}]},{\"@type\":\"BreadcrumbList\",\"@id\":\"https:\/\/www.exploring-umbria.com\/es\/descubre-gubbio\/#breadcrumb\",\"itemListElement\":[{\"@type\":\"ListItem\",\"position\":1,\"name\":\"Home\",\"item\":\"https:\/\/www.exploring-umbria.com\/es\/\"},{\"@type\":\"ListItem\",\"position\":2,\"name\":\"Descubre Gubbio: tradici\u00f3n, historia y cultura\"}]}]}<\/script>\n<!-- \/ Yoast SEO plugin. -->","yoast_head_json":{"title":"Descubre Gubbio: tradici\u00f3n, historia y cultura - Exploring Umbria","description":"Descubre Gubbio, la ciudad de las velas. En el extremo nororiental de Umbr\u00eda, cerca de la frontera con las Marcas, ba\u00f1ada por los Apeninos por un lado y","robots":{"index":"index","follow":"follow","max-snippet":"max-snippet:-1","max-image-preview":"max-image-preview:large","max-video-preview":"max-video-preview:-1"},"canonical":"https:\/\/www.exploring-umbria.com\/es\/descubre-gubbio\/","og_locale":"es_ES","og_type":"article","og_title":"Descubre Gubbio: tradici\u00f3n, historia y cultura - Exploring Umbria","og_description":"Descubre Gubbio, la ciudad de las velas. En el extremo nororiental de Umbr\u00eda, cerca de la frontera con las Marcas, ba\u00f1ada por los Apeninos por un lado y","og_url":"https:\/\/www.exploring-umbria.com\/es\/descubre-gubbio\/","og_site_name":"Exploring Umbria","article_publisher":"https:\/\/www.facebook.com\/exploringumbria\/","article_modified_time":"2020-03-13T11:23:57+00:00","og_image":[{"width":1592,"height":1007,"url":"https:\/\/www.exploring-umbria.com\/wp-content\/uploads\/2020\/05\/gubbio-panoramica.jpeg","type":"image\/jpeg"}],"twitter_card":"summary_large_image","twitter_misc":{"Tiempo de lectura":"2 minutos"},"schema":{"@context":"https:\/\/schema.org","@graph":[{"@type":"Organization","@id":"https:\/\/www.exploring-umbria.com\/es\/#organization","name":"Exploring Umbria","url":"https:\/\/www.exploring-umbria.com\/es\/","sameAs":["https:\/\/www.facebook.com\/exploringumbria\/","https:\/\/www.instagram.com\/exploringumbria\/"],"logo":{"@type":"ImageObject","@id":"https:\/\/www.exploring-umbria.com\/es\/#logo","inLanguage":"es","url":"https:\/\/www.exploring-umbria.com\/wp-content\/uploads\/2019\/08\/solo-logo-verde.jpg","contentUrl":"https:\/\/www.exploring-umbria.com\/wp-content\/uploads\/2019\/08\/solo-logo-verde.jpg","width":952,"height":532,"caption":"Exploring Umbria"},"image":{"@id":"https:\/\/www.exploring-umbria.com\/es\/#logo"}},{"@type":"WebSite","@id":"https:\/\/www.exploring-umbria.com\/es\/#website","url":"https:\/\/www.exploring-umbria.com\/es\/","name":"Exploring Umbria","description":"your dates, your mood, your trip","publisher":{"@id":"https:\/\/www.exploring-umbria.com\/es\/#organization"},"potentialAction":[{"@type":"SearchAction","target":{"@type":"EntryPoint","urlTemplate":"https:\/\/www.exploring-umbria.com\/es\/?s={search_term_string}"},"query-input":"required name=search_term_string"}],"inLanguage":"es"},{"@type":"ImageObject","@id":"https:\/\/www.exploring-umbria.com\/es\/descubre-gubbio\/#primaryimage","inLanguage":"es","url":"https:\/\/www.exploring-umbria.com\/wp-content\/uploads\/2020\/05\/gubbio-panoramica.jpeg","contentUrl":"https:\/\/www.exploring-umbria.com\/wp-content\/uploads\/2020\/05\/gubbio-panoramica.jpeg","width":1592,"height":1007,"caption":"\u00a9 Roby Roby ph."},{"@type":"WebPage","@id":"https:\/\/www.exploring-umbria.com\/es\/descubre-gubbio\/#webpage","url":"https:\/\/www.exploring-umbria.com\/es\/descubre-gubbio\/","name":"Descubre Gubbio: tradici\u00f3n, historia y cultura - Exploring Umbria","isPartOf":{"@id":"https:\/\/www.exploring-umbria.com\/es\/#website"},"primaryImageOfPage":{"@id":"https:\/\/www.exploring-umbria.com\/es\/descubre-gubbio\/#primaryimage"},"datePublished":"2019-03-14T18:38:32+00:00","dateModified":"2020-03-13T11:23:57+00:00","description":"Descubre Gubbio, la ciudad de las velas. En el extremo nororiental de Umbr\u00eda, cerca de la frontera con las Marcas, ba\u00f1ada por los Apeninos por un lado y","breadcrumb":{"@id":"https:\/\/www.exploring-umbria.com\/es\/descubre-gubbio\/#breadcrumb"},"inLanguage":"es","potentialAction":[{"@type":"ReadAction","target":["https:\/\/www.exploring-umbria.com\/es\/descubre-gubbio\/"]}]},{"@type":"BreadcrumbList","@id":"https:\/\/www.exploring-umbria.com\/es\/descubre-gubbio\/#breadcrumb","itemListElement":[{"@type":"ListItem","position":1,"name":"Home","item":"https:\/\/www.exploring-umbria.com\/es\/"},{"@type":"ListItem","position":2,"name":"Descubre Gubbio: tradici\u00f3n, historia y cultura"}]}]}},"_links":{"self":[{"href":"https:\/\/www.exploring-umbria.com\/es\/wp-json\/wp\/v2\/pages\/2805"}],"collection":[{"href":"https:\/\/www.exploring-umbria.com\/es\/wp-json\/wp\/v2\/pages"}],"about":[{"href":"https:\/\/www.exploring-umbria.com\/es\/wp-json\/wp\/v2\/types\/page"}],"author":[{"embeddable":true,"href":"https:\/\/www.exploring-umbria.com\/es\/wp-json\/wp\/v2\/users\/4"}],"replies":[{"embeddable":true,"href":"https:\/\/www.exploring-umbria.com\/es\/wp-json\/wp\/v2\/comments?post=2805"}],"version-history":[{"count":11,"href":"https:\/\/www.exploring-umbria.com\/es\/wp-json\/wp\/v2\/pages\/2805\/revisions"}],"predecessor-version":[{"id":32469,"href":"https:\/\/www.exploring-umbria.com\/es\/wp-json\/wp\/v2\/pages\/2805\/revisions\/32469"}],"wp:featuredmedia":[{"embeddable":true,"href":"https:\/\/www.exploring-umbria.com\/es\/wp-json\/wp\/v2\/media\/35831"}],"wp:attachment":[{"href":"https:\/\/www.exploring-umbria.com\/es\/wp-json\/wp\/v2\/media?parent=2805"}],"curies":[{"name":"wp","href":"https:\/\/api.w.org\/{rel}","templated":true}]}}