{"id":2796,"date":"2019-03-14T19:47:48","date_gmt":"2019-03-14T18:47:48","guid":{"rendered":"https:\/\/www.exploring-umbria.com\/chiesa-della-vittorina\/"},"modified":"2020-03-13T17:02:29","modified_gmt":"2020-03-13T16:02:29","slug":"iglesia-de-la-victoria","status":"publish","type":"page","link":"https:\/\/www.exploring-umbria.com\/es\/descubre-gubbio\/que-ver-en-gubbio\/iglesia-de-la-victoria\/","title":{"rendered":"Iglesia de la Victoria"},"content":{"rendered":"<p>La <strong>iglesia de Santa Maria de la Victoria <\/strong>se encuentra Fuera de las murallas de la ciudad, rodeada de un parque natural creado a principios de los a\u00f1os noventa.<\/p>\n<p>El edificio original fue construido probablemente en el siglo IX con motivo de una victoria de la ciudad contra los sarracenos, pero su fama estaba ligada a la historia de <a href=\"https:\/\/es.wikipedia.org\/wiki\/Francisco_de_As%C3%ADs\" target=\"_blank\" rel=\"noopener noreferrer\">San Francisco<\/a>. Seg\u00fan la tradici\u00f3n, contada por el XXI cap\u00edtulo de las <em>Florecillas<\/em>, en este mismo lugar, all\u00e1 por el 1220, San Francisco encontr\u00f3 y amans\u00f3 al lobo que robaba el sue\u00f1o a los habitantes de la ciudad.<\/p>\n<p>En 1213 la peque\u00f1a iglesia fue concedida al fraile de <a href=\"https:\/\/www.exploring-umbria.com\/es\/actividades\/guided-tour-of-assisi\/\" target=\"_blank\" rel=\"noopener noreferrer\">As\u00eds<\/a> por el obispo de Gubbio <em>Beato Villano<\/em> y constituy\u00f3 el primer asentamiento de los frailes franciscanos que permanecieron all\u00ed durante algunas d\u00e9cadas, hasta 1241. En esa fecha, cuando se trasladaron al nuevo convento de la ciudad de San Francisco, los frailes dejaron la iglesia a las monjas Clarisas, que a su vez dejaron el edificio en enfiteusis a la Compa\u00f1\u00eda de Santa Mar\u00eda de la Victoria en 1538. Con el paso del tiempo, el edificio fue sometido a diversas obras de restauraci\u00f3n, entre las que destacan las realizadas por el Ayuntamiento y la Superintendencia. S\u00f3lo en 1948 fue devuelta definitivamente a la Orden Franciscana y a partir de 1957 fue reabierta oficialmente al p\u00fablico con una solemne ceremonia.<\/p>\n<p>La peque\u00f1a iglesia tiene formas externas muy simples: est\u00e1 hecha de piedra caliza local con algunos insertos de terracota. Se accede a ella a trav\u00e9s de un \u00fanico portal de entrada en pietra serena, rematado por una ventanita. A la derecha, una segunda entrada m\u00e1s peque\u00f1a y una ventana, ahora amurallada, en la que aparecen dos losas: la primera presenta el s\u00edmbolo de la Tau con la inscripci\u00f3n \u00ab<em>Pax et Bonum 1226\/1926<\/em>\u00ab, y la segunda una inscripci\u00f3n sencilla que dice \u00ab<em>Aqu\u00ed Francesco calm\u00f3 a la perniciosa loba<\/em>\u00ab. Todav\u00eda en memoria del milagroso acontecimiento, hay dos monumentos de bronce cerca de la iglesia: un bajorrelieve realizado en 1973 por el escultor bolo\u00f1\u00e9s <em>Farpi Vignoli<\/em> y una estatua realizada en 2002 por el escultor <em>Francesco Scalici<\/em>.<\/p>\n<p>En el interior el espacio consta de una sola nave con b\u00f3veda a lomo de asno totalmente decorada con frescos del siglo XVI. En el centro est\u00e1 el Padre Eterno con dos \u00e1ngeles que sostienen el globo, y los otros treinta y cuatro paneles decorativos de singular belleza, obra del pintor <em>Benedetto Nucci<\/em>de Gubbio. Bajo la b\u00f3veda, las paredes est\u00e1n decoradas con escenas marianas tambi\u00e9n realizadas por el pintor local <em>Giovanni Maria Baldassini<\/em>.<\/p>\n<p>De la estructura original del siglo XIII s\u00f3lo se conservan el \u00e1bside y la peque\u00f1a ventana de una sola lanceta decorada con dos rosetas.<\/p>\n<p>Inmediatamente a la derecha de la entrada hay tambi\u00e9n una capilla, cuyas paredes tambi\u00e9n est\u00e1n decoradas con frescos con ocho historias de San Francisco, que dan testimonio de la riqueza de la pintura y de los lugares figurativos de culto.<\/p>\n<p>Todav\u00eda hoy en d\u00eda la iglesia es un destino para los devotos y un lugar particularmente popular, tanto es as\u00ed que desde 1988, en los alrededores del parque se encuentra el \u00abPesebre de la Victoria\u00bb para celebrar la Natividad y recordar al santo fraile inventor del pesebre.<\/p>\n","protected":false},"excerpt":{"rendered":"<p>La iglesia de Santa Maria de la Victoria se encuentra Fuera de las murallas de la ciudad, rodeada de un parque natural creado a principios de los a\u00f1os noventa. El edificio original fue construido probablemente en el siglo IX con motivo de una victoria de la ciudad contra los sarracenos, pero su fama estaba ligada [&hellip;]<\/p>\n","protected":false},"author":4,"featured_media":35417,"parent":2801,"menu_order":0,"comment_status":"closed","ping_status":"closed","template":"","meta":{"om_disable_all_campaigns":false,"_monsterinsights_skip_tracking":false,"_monsterinsights_sitenote_active":false,"_monsterinsights_sitenote_note":"","_monsterinsights_sitenote_category":0},"acf":[],"yoast_head":"<!-- This site is optimized with the Yoast SEO plugin v18.4.1 - https:\/\/yoast.com\/wordpress\/plugins\/seo\/ -->\n<title>Iglesia de la Victoria - Exploring Umbria<\/title>\n<meta name=\"description\" content=\"La iglesia de Santa Maria de la Victoria se encuentra Fuera de las murallas de la ciudad, rodeada de un parque natural creado a principios de los a\u00f1os\" \/>\n<meta name=\"robots\" content=\"index, follow, max-snippet:-1, max-image-preview:large, max-video-preview:-1\" \/>\n<link rel=\"canonical\" href=\"https:\/\/www.exploring-umbria.com\/es\/descubre-gubbio\/que-ver-en-gubbio\/iglesia-de-la-victoria\/\" \/>\n<meta property=\"og:locale\" content=\"es_ES\" \/>\n<meta property=\"og:type\" content=\"article\" \/>\n<meta property=\"og:title\" content=\"Iglesia de la Victoria - Exploring Umbria\" \/>\n<meta property=\"og:description\" content=\"La iglesia de Santa Maria de la Victoria se encuentra Fuera de las murallas de la ciudad, rodeada de un parque natural creado a principios de los a\u00f1os\" \/>\n<meta property=\"og:url\" content=\"https:\/\/www.exploring-umbria.com\/es\/descubre-gubbio\/que-ver-en-gubbio\/iglesia-de-la-victoria\/\" \/>\n<meta property=\"og:site_name\" content=\"Exploring Umbria\" \/>\n<meta property=\"article:publisher\" content=\"https:\/\/www.facebook.com\/exploringumbria\/\" \/>\n<meta property=\"article:modified_time\" content=\"2020-03-13T16:02:29+00:00\" \/>\n<meta property=\"og:image\" content=\"https:\/\/www.exploring-umbria.com\/wp-content\/uploads\/2020\/05\/Chiesa-della-Vittorina-Gubbio-1.jpeg\" \/>\n\t<meta property=\"og:image:width\" content=\"1600\" \/>\n\t<meta property=\"og:image:height\" content=\"1200\" \/>\n\t<meta property=\"og:image:type\" content=\"image\/jpeg\" \/>\n<meta name=\"twitter:card\" content=\"summary_large_image\" \/>\n<meta name=\"twitter:label1\" content=\"Tiempo de lectura\" \/>\n\t<meta name=\"twitter:data1\" content=\"3 minutos\" \/>\n<script type=\"application\/ld+json\" class=\"yoast-schema-graph\">{\"@context\":\"https:\/\/schema.org\",\"@graph\":[{\"@type\":\"Organization\",\"@id\":\"https:\/\/www.exploring-umbria.com\/es\/#organization\",\"name\":\"Exploring Umbria\",\"url\":\"https:\/\/www.exploring-umbria.com\/es\/\",\"sameAs\":[\"https:\/\/www.facebook.com\/exploringumbria\/\",\"https:\/\/www.instagram.com\/exploringumbria\/\"],\"logo\":{\"@type\":\"ImageObject\",\"@id\":\"https:\/\/www.exploring-umbria.com\/es\/#logo\",\"inLanguage\":\"es\",\"url\":\"https:\/\/www.exploring-umbria.com\/wp-content\/uploads\/2019\/08\/solo-logo-verde.jpg\",\"contentUrl\":\"https:\/\/www.exploring-umbria.com\/wp-content\/uploads\/2019\/08\/solo-logo-verde.jpg\",\"width\":952,\"height\":532,\"caption\":\"Exploring Umbria\"},\"image\":{\"@id\":\"https:\/\/www.exploring-umbria.com\/es\/#logo\"}},{\"@type\":\"WebSite\",\"@id\":\"https:\/\/www.exploring-umbria.com\/es\/#website\",\"url\":\"https:\/\/www.exploring-umbria.com\/es\/\",\"name\":\"Exploring Umbria\",\"description\":\"your dates, your mood, your trip\",\"publisher\":{\"@id\":\"https:\/\/www.exploring-umbria.com\/es\/#organization\"},\"potentialAction\":[{\"@type\":\"SearchAction\",\"target\":{\"@type\":\"EntryPoint\",\"urlTemplate\":\"https:\/\/www.exploring-umbria.com\/es\/?s={search_term_string}\"},\"query-input\":\"required name=search_term_string\"}],\"inLanguage\":\"es\"},{\"@type\":\"ImageObject\",\"@id\":\"https:\/\/www.exploring-umbria.com\/es\/descubre-gubbio\/que-ver-en-gubbio\/iglesia-de-la-victoria\/#primaryimage\",\"inLanguage\":\"es\",\"url\":\"https:\/\/www.exploring-umbria.com\/wp-content\/uploads\/2020\/05\/Chiesa-della-Vittorina-Gubbio-1.jpeg\",\"contentUrl\":\"https:\/\/www.exploring-umbria.com\/wp-content\/uploads\/2020\/05\/Chiesa-della-Vittorina-Gubbio-1.jpeg\",\"width\":1600,\"height\":1200,\"caption\":\"Chiesa della Vittorina (Gubbio)\"},{\"@type\":\"WebPage\",\"@id\":\"https:\/\/www.exploring-umbria.com\/es\/descubre-gubbio\/que-ver-en-gubbio\/iglesia-de-la-victoria\/#webpage\",\"url\":\"https:\/\/www.exploring-umbria.com\/es\/descubre-gubbio\/que-ver-en-gubbio\/iglesia-de-la-victoria\/\",\"name\":\"Iglesia de la Victoria - Exploring Umbria\",\"isPartOf\":{\"@id\":\"https:\/\/www.exploring-umbria.com\/es\/#website\"},\"primaryImageOfPage\":{\"@id\":\"https:\/\/www.exploring-umbria.com\/es\/descubre-gubbio\/que-ver-en-gubbio\/iglesia-de-la-victoria\/#primaryimage\"},\"datePublished\":\"2019-03-14T18:47:48+00:00\",\"dateModified\":\"2020-03-13T16:02:29+00:00\",\"description\":\"La iglesia de Santa Maria de la Victoria se encuentra Fuera de las murallas de la ciudad, rodeada de un parque natural creado a principios de los a\u00f1os\",\"breadcrumb\":{\"@id\":\"https:\/\/www.exploring-umbria.com\/es\/descubre-gubbio\/que-ver-en-gubbio\/iglesia-de-la-victoria\/#breadcrumb\"},\"inLanguage\":\"es\",\"potentialAction\":[{\"@type\":\"ReadAction\",\"target\":[\"https:\/\/www.exploring-umbria.com\/es\/descubre-gubbio\/que-ver-en-gubbio\/iglesia-de-la-victoria\/\"]}]},{\"@type\":\"BreadcrumbList\",\"@id\":\"https:\/\/www.exploring-umbria.com\/es\/descubre-gubbio\/que-ver-en-gubbio\/iglesia-de-la-victoria\/#breadcrumb\",\"itemListElement\":[{\"@type\":\"ListItem\",\"position\":1,\"name\":\"Home\",\"item\":\"https:\/\/www.exploring-umbria.com\/es\/\"},{\"@type\":\"ListItem\",\"position\":2,\"name\":\"Descubre Gubbio: tradici\u00f3n, historia y cultura\",\"item\":\"https:\/\/www.exploring-umbria.com\/es\/descubre-gubbio\/\"},{\"@type\":\"ListItem\",\"position\":3,\"name\":\"Qu\u00e9 Ver en Gubbio\",\"item\":\"https:\/\/www.exploring-umbria.com\/es\/descubre-gubbio\/que-ver-en-gubbio\/\"},{\"@type\":\"ListItem\",\"position\":4,\"name\":\"Iglesia de la Victoria\"}]}]}<\/script>\n<!-- \/ Yoast SEO plugin. -->","yoast_head_json":{"title":"Iglesia de la Victoria - Exploring Umbria","description":"La iglesia de Santa Maria de la Victoria se encuentra Fuera de las murallas de la ciudad, rodeada de un parque natural creado a principios de los a\u00f1os","robots":{"index":"index","follow":"follow","max-snippet":"max-snippet:-1","max-image-preview":"max-image-preview:large","max-video-preview":"max-video-preview:-1"},"canonical":"https:\/\/www.exploring-umbria.com\/es\/descubre-gubbio\/que-ver-en-gubbio\/iglesia-de-la-victoria\/","og_locale":"es_ES","og_type":"article","og_title":"Iglesia de la Victoria - Exploring Umbria","og_description":"La iglesia de Santa Maria de la Victoria se encuentra Fuera de las murallas de la ciudad, rodeada de un parque natural creado a principios de los a\u00f1os","og_url":"https:\/\/www.exploring-umbria.com\/es\/descubre-gubbio\/que-ver-en-gubbio\/iglesia-de-la-victoria\/","og_site_name":"Exploring Umbria","article_publisher":"https:\/\/www.facebook.com\/exploringumbria\/","article_modified_time":"2020-03-13T16:02:29+00:00","og_image":[{"width":1600,"height":1200,"url":"https:\/\/www.exploring-umbria.com\/wp-content\/uploads\/2020\/05\/Chiesa-della-Vittorina-Gubbio-1.jpeg","type":"image\/jpeg"}],"twitter_card":"summary_large_image","twitter_misc":{"Tiempo de lectura":"3 minutos"},"schema":{"@context":"https:\/\/schema.org","@graph":[{"@type":"Organization","@id":"https:\/\/www.exploring-umbria.com\/es\/#organization","name":"Exploring Umbria","url":"https:\/\/www.exploring-umbria.com\/es\/","sameAs":["https:\/\/www.facebook.com\/exploringumbria\/","https:\/\/www.instagram.com\/exploringumbria\/"],"logo":{"@type":"ImageObject","@id":"https:\/\/www.exploring-umbria.com\/es\/#logo","inLanguage":"es","url":"https:\/\/www.exploring-umbria.com\/wp-content\/uploads\/2019\/08\/solo-logo-verde.jpg","contentUrl":"https:\/\/www.exploring-umbria.com\/wp-content\/uploads\/2019\/08\/solo-logo-verde.jpg","width":952,"height":532,"caption":"Exploring Umbria"},"image":{"@id":"https:\/\/www.exploring-umbria.com\/es\/#logo"}},{"@type":"WebSite","@id":"https:\/\/www.exploring-umbria.com\/es\/#website","url":"https:\/\/www.exploring-umbria.com\/es\/","name":"Exploring Umbria","description":"your dates, your mood, your trip","publisher":{"@id":"https:\/\/www.exploring-umbria.com\/es\/#organization"},"potentialAction":[{"@type":"SearchAction","target":{"@type":"EntryPoint","urlTemplate":"https:\/\/www.exploring-umbria.com\/es\/?s={search_term_string}"},"query-input":"required name=search_term_string"}],"inLanguage":"es"},{"@type":"ImageObject","@id":"https:\/\/www.exploring-umbria.com\/es\/descubre-gubbio\/que-ver-en-gubbio\/iglesia-de-la-victoria\/#primaryimage","inLanguage":"es","url":"https:\/\/www.exploring-umbria.com\/wp-content\/uploads\/2020\/05\/Chiesa-della-Vittorina-Gubbio-1.jpeg","contentUrl":"https:\/\/www.exploring-umbria.com\/wp-content\/uploads\/2020\/05\/Chiesa-della-Vittorina-Gubbio-1.jpeg","width":1600,"height":1200,"caption":"Chiesa della Vittorina (Gubbio)"},{"@type":"WebPage","@id":"https:\/\/www.exploring-umbria.com\/es\/descubre-gubbio\/que-ver-en-gubbio\/iglesia-de-la-victoria\/#webpage","url":"https:\/\/www.exploring-umbria.com\/es\/descubre-gubbio\/que-ver-en-gubbio\/iglesia-de-la-victoria\/","name":"Iglesia de la Victoria - Exploring Umbria","isPartOf":{"@id":"https:\/\/www.exploring-umbria.com\/es\/#website"},"primaryImageOfPage":{"@id":"https:\/\/www.exploring-umbria.com\/es\/descubre-gubbio\/que-ver-en-gubbio\/iglesia-de-la-victoria\/#primaryimage"},"datePublished":"2019-03-14T18:47:48+00:00","dateModified":"2020-03-13T16:02:29+00:00","description":"La iglesia de Santa Maria de la Victoria se encuentra Fuera de las murallas de la ciudad, rodeada de un parque natural creado a principios de los a\u00f1os","breadcrumb":{"@id":"https:\/\/www.exploring-umbria.com\/es\/descubre-gubbio\/que-ver-en-gubbio\/iglesia-de-la-victoria\/#breadcrumb"},"inLanguage":"es","potentialAction":[{"@type":"ReadAction","target":["https:\/\/www.exploring-umbria.com\/es\/descubre-gubbio\/que-ver-en-gubbio\/iglesia-de-la-victoria\/"]}]},{"@type":"BreadcrumbList","@id":"https:\/\/www.exploring-umbria.com\/es\/descubre-gubbio\/que-ver-en-gubbio\/iglesia-de-la-victoria\/#breadcrumb","itemListElement":[{"@type":"ListItem","position":1,"name":"Home","item":"https:\/\/www.exploring-umbria.com\/es\/"},{"@type":"ListItem","position":2,"name":"Descubre Gubbio: tradici\u00f3n, historia y cultura","item":"https:\/\/www.exploring-umbria.com\/es\/descubre-gubbio\/"},{"@type":"ListItem","position":3,"name":"Qu\u00e9 Ver en Gubbio","item":"https:\/\/www.exploring-umbria.com\/es\/descubre-gubbio\/que-ver-en-gubbio\/"},{"@type":"ListItem","position":4,"name":"Iglesia de la Victoria"}]}]}},"_links":{"self":[{"href":"https:\/\/www.exploring-umbria.com\/es\/wp-json\/wp\/v2\/pages\/2796"}],"collection":[{"href":"https:\/\/www.exploring-umbria.com\/es\/wp-json\/wp\/v2\/pages"}],"about":[{"href":"https:\/\/www.exploring-umbria.com\/es\/wp-json\/wp\/v2\/types\/page"}],"author":[{"embeddable":true,"href":"https:\/\/www.exploring-umbria.com\/es\/wp-json\/wp\/v2\/users\/4"}],"replies":[{"embeddable":true,"href":"https:\/\/www.exploring-umbria.com\/es\/wp-json\/wp\/v2\/comments?post=2796"}],"version-history":[{"count":3,"href":"https:\/\/www.exploring-umbria.com\/es\/wp-json\/wp\/v2\/pages\/2796\/revisions"}],"predecessor-version":[{"id":32518,"href":"https:\/\/www.exploring-umbria.com\/es\/wp-json\/wp\/v2\/pages\/2796\/revisions\/32518"}],"up":[{"embeddable":true,"href":"https:\/\/www.exploring-umbria.com\/es\/wp-json\/wp\/v2\/pages\/2801"}],"wp:featuredmedia":[{"embeddable":true,"href":"https:\/\/www.exploring-umbria.com\/es\/wp-json\/wp\/v2\/media\/35417"}],"wp:attachment":[{"href":"https:\/\/www.exploring-umbria.com\/es\/wp-json\/wp\/v2\/media?parent=2796"}],"curies":[{"name":"wp","href":"https:\/\/api.w.org\/{rel}","templated":true}]}}