{"id":2793,"date":"2019-03-14T19:49:08","date_gmt":"2019-03-14T18:49:08","guid":{"rendered":"https:\/\/www.exploring-umbria.com\/palazzo-dei-consoli-e-museo-civico\/"},"modified":"2020-03-13T17:28:03","modified_gmt":"2020-03-13T16:28:03","slug":"palacio-de-los-consules-y-museo-civico","status":"publish","type":"page","link":"https:\/\/www.exploring-umbria.com\/es\/descubre-gubbio\/que-ver-en-gubbio\/palacio-de-los-consules-y-museo-civico\/","title":{"rendered":"Palacio de Los C\u00f3nsules y Museo C\u00edvico"},"content":{"rendered":"<p>El <strong>Palacio de los C\u00f3nsules<\/strong> est\u00e1 situado sobre la Piazza Grande, sobre la que se asoma, y es uno de los proyectos urbanos m\u00e1s exitosos de la Edad Media y el s\u00edmbolo de la ciudad de <a href=\"https:\/\/www.exploring-umbria.com\/es\/actividades\/guided-tour-of-gubbio\/\" target=\"_blank\" rel=\"noopener noreferrer\">Gubbio<\/a>.<\/p>\n<p>La construcci\u00f3n del edificio se decidi\u00f3 oficialmente entre 1321 y 1322, pero las obras para su realizaci\u00f3n se llevaron a cabo entre 1332 y 1349, sobre un proyecto de <em>Andrea di Orvieto<\/em> (tambi\u00e9n mencionado por una inscripci\u00f3n en el portal de entrada) y gracias a la intervenci\u00f3n de <em>Matteo di Giovannello<\/em> llamado <em>Gattapone<\/em>. El Palacio de los C\u00f3nsules, junto con la Plaza Grande y el cercano Palacio del Podest\u00e0, formaban parte de un ambicioso proyecto urbano que iba a ser testigo del poder y la autonom\u00eda de la Comuna Libre de Gubbio en los a\u00f1os de su gran expansi\u00f3n. A estos efectos debemos la elecci\u00f3n del lugar de construcci\u00f3n (el Palacio est\u00e1 situado exactamente en el centro de la ciudad en contacto con todos los barrios para atestiguar su posici\u00f3n de importancia administrativa para toda la comunidad) y la grandeza de la estructura. En el interior del edificio hab\u00eda aseos y fuentes, alimentados por un extraordinario sistema hidr\u00e1ulico interno, prueba de la excelencia lograda por los trabajadores locales.<\/p>\n<p>Externamente, el Palacio tiene una fachada elegante pero sobria, dividida en tres niveles por pilastras horizontales: en la primera se encuentra el monumental portal de entrada accesible por una escalera de abanico con ventanas geminadas a ambos lados; en la segunda, seis elegantes ventanas decoradas con arcos de medio punto; en la tercera, un coronamiento almenado y la terraza panor\u00e1mica. En la parte superior del lado izquierdo se encuentra el campanario, mientras que la parte inferior descansa sobre una logia que desciende a la Via Baldassini. El famoso \u00abCampanone\u00bb de Gubbio data del siglo XVIII y tiene un peso de unas 20 toneladas.<\/p>\n<p>En el interior del edificio, en la planta baja se encuentra la inmensa Sala dell&#8217;Arengo, que una vez fue sede del Consejo General del Pueblo y que hoy alberga el <strong>Museo C\u00edvico<\/strong> de la ciudad. Una colecci\u00f3n muy rica de inscripciones, esculturas y decoraciones que atestiguan la historia de Gubbio y del territorio entre el siglo I a.C.\u00a0 y el III d.C.\u00a0 Entre todos los hallazgos, destacan las <a href=\"https:\/\/es.wikipedia.org\/wiki\/Tablas_Eugubinas\" target=\"_blank\" rel=\"noopener noreferrer\">Tablas Eugubinas<\/a>: siete tablas de bronce descubiertas en el siglo XV sobre las que se encuentran inscripciones en lat\u00edn y en la antigua lengua umbra, relacionadas con los rituales religiosos y la vida cotidiana de la \u00e9poca.<\/p>\n<p>El complejo muse\u00edstico fue inaugurado en 1909, e incluye la colecci\u00f3n de lapidarios, as\u00ed como la <strong>Pinacoteca<\/strong> de la planta superior, sala dedicada antiguamente a la obra de los c\u00f3nsules medievales.<\/p>\n<p>Cada a\u00f1o, el primer domingo de mayo y hasta el 15 del mismo mes, los famosos <strong>Ceri di Gubbio<\/strong> son llevados desde la Bas\u00edlica de Sant&#8217;Ubaldo hasta la Sala dell&#8217;Arengo de la ciudad, donde se conservan hasta el d\u00eda de la carrera folkl\u00f3rica.<\/p>\n","protected":false},"excerpt":{"rendered":"<p>El Palacio de los C\u00f3nsules est\u00e1 situado sobre la Piazza Grande, sobre la que se asoma, y es uno de los proyectos urbanos m\u00e1s exitosos de la Edad Media y el s\u00edmbolo de la ciudad de Gubbio. La construcci\u00f3n del edificio se decidi\u00f3 oficialmente entre 1321 y 1322, pero las obras para su realizaci\u00f3n se [&hellip;]<\/p>\n","protected":false},"author":4,"featured_media":35633,"parent":2801,"menu_order":0,"comment_status":"closed","ping_status":"closed","template":"","meta":{"om_disable_all_campaigns":false,"_monsterinsights_skip_tracking":false,"_monsterinsights_sitenote_active":false,"_monsterinsights_sitenote_note":"","_monsterinsights_sitenote_category":0},"acf":[],"yoast_head":"<!-- This site is optimized with the Yoast SEO plugin v18.4.1 - https:\/\/yoast.com\/wordpress\/plugins\/seo\/ -->\n<title>Palacio de Los C\u00f3nsules y Museo C\u00edvico - Exploring Umbria<\/title>\n<meta name=\"description\" content=\"El Palacio de los C\u00f3nsules est\u00e1 situado sobre la Piazza Grande, sobre la que se asoma, y es uno de los proyectos urbanos m\u00e1s exitosos de la Edad Media y\" \/>\n<meta name=\"robots\" content=\"index, follow, max-snippet:-1, max-image-preview:large, max-video-preview:-1\" \/>\n<link rel=\"canonical\" href=\"https:\/\/www.exploring-umbria.com\/es\/descubre-gubbio\/que-ver-en-gubbio\/palacio-de-los-consules-y-museo-civico\/\" \/>\n<meta property=\"og:locale\" content=\"es_ES\" \/>\n<meta property=\"og:type\" content=\"article\" \/>\n<meta property=\"og:title\" content=\"Palacio de Los C\u00f3nsules y Museo C\u00edvico - Exploring Umbria\" \/>\n<meta property=\"og:description\" content=\"El Palacio de los C\u00f3nsules est\u00e1 situado sobre la Piazza Grande, sobre la que se asoma, y es uno de los proyectos urbanos m\u00e1s exitosos de la Edad Media y\" \/>\n<meta property=\"og:url\" content=\"https:\/\/www.exploring-umbria.com\/es\/descubre-gubbio\/que-ver-en-gubbio\/palacio-de-los-consules-y-museo-civico\/\" \/>\n<meta property=\"og:site_name\" content=\"Exploring Umbria\" \/>\n<meta property=\"article:publisher\" content=\"https:\/\/www.facebook.com\/exploringumbria\/\" \/>\n<meta property=\"article:modified_time\" content=\"2020-03-13T16:28:03+00:00\" \/>\n<meta property=\"og:image\" content=\"https:\/\/www.exploring-umbria.com\/wp-content\/uploads\/2020\/05\/Palazzo-dei-Consoli-Gubbio-1.jpeg\" \/>\n\t<meta property=\"og:image:width\" content=\"1600\" \/>\n\t<meta property=\"og:image:height\" content=\"1200\" \/>\n\t<meta property=\"og:image:type\" content=\"image\/jpeg\" \/>\n<meta name=\"twitter:card\" content=\"summary_large_image\" \/>\n<meta name=\"twitter:label1\" content=\"Tiempo de lectura\" \/>\n\t<meta name=\"twitter:data1\" content=\"3 minutos\" \/>\n<script type=\"application\/ld+json\" class=\"yoast-schema-graph\">{\"@context\":\"https:\/\/schema.org\",\"@graph\":[{\"@type\":\"Organization\",\"@id\":\"https:\/\/www.exploring-umbria.com\/es\/#organization\",\"name\":\"Exploring Umbria\",\"url\":\"https:\/\/www.exploring-umbria.com\/es\/\",\"sameAs\":[\"https:\/\/www.facebook.com\/exploringumbria\/\",\"https:\/\/www.instagram.com\/exploringumbria\/\"],\"logo\":{\"@type\":\"ImageObject\",\"@id\":\"https:\/\/www.exploring-umbria.com\/es\/#logo\",\"inLanguage\":\"es\",\"url\":\"https:\/\/www.exploring-umbria.com\/wp-content\/uploads\/2019\/08\/solo-logo-verde.jpg\",\"contentUrl\":\"https:\/\/www.exploring-umbria.com\/wp-content\/uploads\/2019\/08\/solo-logo-verde.jpg\",\"width\":952,\"height\":532,\"caption\":\"Exploring Umbria\"},\"image\":{\"@id\":\"https:\/\/www.exploring-umbria.com\/es\/#logo\"}},{\"@type\":\"WebSite\",\"@id\":\"https:\/\/www.exploring-umbria.com\/es\/#website\",\"url\":\"https:\/\/www.exploring-umbria.com\/es\/\",\"name\":\"Exploring Umbria\",\"description\":\"your dates, your mood, your trip\",\"publisher\":{\"@id\":\"https:\/\/www.exploring-umbria.com\/es\/#organization\"},\"potentialAction\":[{\"@type\":\"SearchAction\",\"target\":{\"@type\":\"EntryPoint\",\"urlTemplate\":\"https:\/\/www.exploring-umbria.com\/es\/?s={search_term_string}\"},\"query-input\":\"required name=search_term_string\"}],\"inLanguage\":\"es\"},{\"@type\":\"ImageObject\",\"@id\":\"https:\/\/www.exploring-umbria.com\/es\/descubre-gubbio\/que-ver-en-gubbio\/palacio-de-los-consules-y-museo-civico\/#primaryimage\",\"inLanguage\":\"es\",\"url\":\"https:\/\/www.exploring-umbria.com\/wp-content\/uploads\/2020\/05\/Palazzo-dei-Consoli-Gubbio-1.jpeg\",\"contentUrl\":\"https:\/\/www.exploring-umbria.com\/wp-content\/uploads\/2020\/05\/Palazzo-dei-Consoli-Gubbio-1.jpeg\",\"width\":1600,\"height\":1200,\"caption\":\"Il palazzo dei Consoli a Gubbio\"},{\"@type\":\"WebPage\",\"@id\":\"https:\/\/www.exploring-umbria.com\/es\/descubre-gubbio\/que-ver-en-gubbio\/palacio-de-los-consules-y-museo-civico\/#webpage\",\"url\":\"https:\/\/www.exploring-umbria.com\/es\/descubre-gubbio\/que-ver-en-gubbio\/palacio-de-los-consules-y-museo-civico\/\",\"name\":\"Palacio de Los C\u00f3nsules y Museo C\u00edvico - Exploring Umbria\",\"isPartOf\":{\"@id\":\"https:\/\/www.exploring-umbria.com\/es\/#website\"},\"primaryImageOfPage\":{\"@id\":\"https:\/\/www.exploring-umbria.com\/es\/descubre-gubbio\/que-ver-en-gubbio\/palacio-de-los-consules-y-museo-civico\/#primaryimage\"},\"datePublished\":\"2019-03-14T18:49:08+00:00\",\"dateModified\":\"2020-03-13T16:28:03+00:00\",\"description\":\"El Palacio de los C\u00f3nsules est\u00e1 situado sobre la Piazza Grande, sobre la que se asoma, y es uno de los proyectos urbanos m\u00e1s exitosos de la Edad Media y\",\"breadcrumb\":{\"@id\":\"https:\/\/www.exploring-umbria.com\/es\/descubre-gubbio\/que-ver-en-gubbio\/palacio-de-los-consules-y-museo-civico\/#breadcrumb\"},\"inLanguage\":\"es\",\"potentialAction\":[{\"@type\":\"ReadAction\",\"target\":[\"https:\/\/www.exploring-umbria.com\/es\/descubre-gubbio\/que-ver-en-gubbio\/palacio-de-los-consules-y-museo-civico\/\"]}]},{\"@type\":\"BreadcrumbList\",\"@id\":\"https:\/\/www.exploring-umbria.com\/es\/descubre-gubbio\/que-ver-en-gubbio\/palacio-de-los-consules-y-museo-civico\/#breadcrumb\",\"itemListElement\":[{\"@type\":\"ListItem\",\"position\":1,\"name\":\"Home\",\"item\":\"https:\/\/www.exploring-umbria.com\/es\/\"},{\"@type\":\"ListItem\",\"position\":2,\"name\":\"Descubre Gubbio: tradici\u00f3n, historia y cultura\",\"item\":\"https:\/\/www.exploring-umbria.com\/es\/descubre-gubbio\/\"},{\"@type\":\"ListItem\",\"position\":3,\"name\":\"Qu\u00e9 Ver en Gubbio\",\"item\":\"https:\/\/www.exploring-umbria.com\/es\/descubre-gubbio\/que-ver-en-gubbio\/\"},{\"@type\":\"ListItem\",\"position\":4,\"name\":\"Palacio de Los C\u00f3nsules y Museo C\u00edvico\"}]}]}<\/script>\n<!-- \/ Yoast SEO plugin. -->","yoast_head_json":{"title":"Palacio de Los C\u00f3nsules y Museo C\u00edvico - Exploring Umbria","description":"El Palacio de los C\u00f3nsules est\u00e1 situado sobre la Piazza Grande, sobre la que se asoma, y es uno de los proyectos urbanos m\u00e1s exitosos de la Edad Media y","robots":{"index":"index","follow":"follow","max-snippet":"max-snippet:-1","max-image-preview":"max-image-preview:large","max-video-preview":"max-video-preview:-1"},"canonical":"https:\/\/www.exploring-umbria.com\/es\/descubre-gubbio\/que-ver-en-gubbio\/palacio-de-los-consules-y-museo-civico\/","og_locale":"es_ES","og_type":"article","og_title":"Palacio de Los C\u00f3nsules y Museo C\u00edvico - Exploring Umbria","og_description":"El Palacio de los C\u00f3nsules est\u00e1 situado sobre la Piazza Grande, sobre la que se asoma, y es uno de los proyectos urbanos m\u00e1s exitosos de la Edad Media y","og_url":"https:\/\/www.exploring-umbria.com\/es\/descubre-gubbio\/que-ver-en-gubbio\/palacio-de-los-consules-y-museo-civico\/","og_site_name":"Exploring Umbria","article_publisher":"https:\/\/www.facebook.com\/exploringumbria\/","article_modified_time":"2020-03-13T16:28:03+00:00","og_image":[{"width":1600,"height":1200,"url":"https:\/\/www.exploring-umbria.com\/wp-content\/uploads\/2020\/05\/Palazzo-dei-Consoli-Gubbio-1.jpeg","type":"image\/jpeg"}],"twitter_card":"summary_large_image","twitter_misc":{"Tiempo de lectura":"3 minutos"},"schema":{"@context":"https:\/\/schema.org","@graph":[{"@type":"Organization","@id":"https:\/\/www.exploring-umbria.com\/es\/#organization","name":"Exploring Umbria","url":"https:\/\/www.exploring-umbria.com\/es\/","sameAs":["https:\/\/www.facebook.com\/exploringumbria\/","https:\/\/www.instagram.com\/exploringumbria\/"],"logo":{"@type":"ImageObject","@id":"https:\/\/www.exploring-umbria.com\/es\/#logo","inLanguage":"es","url":"https:\/\/www.exploring-umbria.com\/wp-content\/uploads\/2019\/08\/solo-logo-verde.jpg","contentUrl":"https:\/\/www.exploring-umbria.com\/wp-content\/uploads\/2019\/08\/solo-logo-verde.jpg","width":952,"height":532,"caption":"Exploring Umbria"},"image":{"@id":"https:\/\/www.exploring-umbria.com\/es\/#logo"}},{"@type":"WebSite","@id":"https:\/\/www.exploring-umbria.com\/es\/#website","url":"https:\/\/www.exploring-umbria.com\/es\/","name":"Exploring Umbria","description":"your dates, your mood, your trip","publisher":{"@id":"https:\/\/www.exploring-umbria.com\/es\/#organization"},"potentialAction":[{"@type":"SearchAction","target":{"@type":"EntryPoint","urlTemplate":"https:\/\/www.exploring-umbria.com\/es\/?s={search_term_string}"},"query-input":"required name=search_term_string"}],"inLanguage":"es"},{"@type":"ImageObject","@id":"https:\/\/www.exploring-umbria.com\/es\/descubre-gubbio\/que-ver-en-gubbio\/palacio-de-los-consules-y-museo-civico\/#primaryimage","inLanguage":"es","url":"https:\/\/www.exploring-umbria.com\/wp-content\/uploads\/2020\/05\/Palazzo-dei-Consoli-Gubbio-1.jpeg","contentUrl":"https:\/\/www.exploring-umbria.com\/wp-content\/uploads\/2020\/05\/Palazzo-dei-Consoli-Gubbio-1.jpeg","width":1600,"height":1200,"caption":"Il palazzo dei Consoli a Gubbio"},{"@type":"WebPage","@id":"https:\/\/www.exploring-umbria.com\/es\/descubre-gubbio\/que-ver-en-gubbio\/palacio-de-los-consules-y-museo-civico\/#webpage","url":"https:\/\/www.exploring-umbria.com\/es\/descubre-gubbio\/que-ver-en-gubbio\/palacio-de-los-consules-y-museo-civico\/","name":"Palacio de Los C\u00f3nsules y Museo C\u00edvico - Exploring Umbria","isPartOf":{"@id":"https:\/\/www.exploring-umbria.com\/es\/#website"},"primaryImageOfPage":{"@id":"https:\/\/www.exploring-umbria.com\/es\/descubre-gubbio\/que-ver-en-gubbio\/palacio-de-los-consules-y-museo-civico\/#primaryimage"},"datePublished":"2019-03-14T18:49:08+00:00","dateModified":"2020-03-13T16:28:03+00:00","description":"El Palacio de los C\u00f3nsules est\u00e1 situado sobre la Piazza Grande, sobre la que se asoma, y es uno de los proyectos urbanos m\u00e1s exitosos de la Edad Media y","breadcrumb":{"@id":"https:\/\/www.exploring-umbria.com\/es\/descubre-gubbio\/que-ver-en-gubbio\/palacio-de-los-consules-y-museo-civico\/#breadcrumb"},"inLanguage":"es","potentialAction":[{"@type":"ReadAction","target":["https:\/\/www.exploring-umbria.com\/es\/descubre-gubbio\/que-ver-en-gubbio\/palacio-de-los-consules-y-museo-civico\/"]}]},{"@type":"BreadcrumbList","@id":"https:\/\/www.exploring-umbria.com\/es\/descubre-gubbio\/que-ver-en-gubbio\/palacio-de-los-consules-y-museo-civico\/#breadcrumb","itemListElement":[{"@type":"ListItem","position":1,"name":"Home","item":"https:\/\/www.exploring-umbria.com\/es\/"},{"@type":"ListItem","position":2,"name":"Descubre Gubbio: tradici\u00f3n, historia y cultura","item":"https:\/\/www.exploring-umbria.com\/es\/descubre-gubbio\/"},{"@type":"ListItem","position":3,"name":"Qu\u00e9 Ver en Gubbio","item":"https:\/\/www.exploring-umbria.com\/es\/descubre-gubbio\/que-ver-en-gubbio\/"},{"@type":"ListItem","position":4,"name":"Palacio de Los C\u00f3nsules y Museo C\u00edvico"}]}]}},"_links":{"self":[{"href":"https:\/\/www.exploring-umbria.com\/es\/wp-json\/wp\/v2\/pages\/2793"}],"collection":[{"href":"https:\/\/www.exploring-umbria.com\/es\/wp-json\/wp\/v2\/pages"}],"about":[{"href":"https:\/\/www.exploring-umbria.com\/es\/wp-json\/wp\/v2\/types\/page"}],"author":[{"embeddable":true,"href":"https:\/\/www.exploring-umbria.com\/es\/wp-json\/wp\/v2\/users\/4"}],"replies":[{"embeddable":true,"href":"https:\/\/www.exploring-umbria.com\/es\/wp-json\/wp\/v2\/comments?post=2793"}],"version-history":[{"count":5,"href":"https:\/\/www.exploring-umbria.com\/es\/wp-json\/wp\/v2\/pages\/2793\/revisions"}],"predecessor-version":[{"id":32528,"href":"https:\/\/www.exploring-umbria.com\/es\/wp-json\/wp\/v2\/pages\/2793\/revisions\/32528"}],"up":[{"embeddable":true,"href":"https:\/\/www.exploring-umbria.com\/es\/wp-json\/wp\/v2\/pages\/2801"}],"wp:featuredmedia":[{"embeddable":true,"href":"https:\/\/www.exploring-umbria.com\/es\/wp-json\/wp\/v2\/media\/35633"}],"wp:attachment":[{"href":"https:\/\/www.exploring-umbria.com\/es\/wp-json\/wp\/v2\/media?parent=2793"}],"curies":[{"name":"wp","href":"https:\/\/api.w.org\/{rel}","templated":true}]}}