{"id":2784,"date":"2019-03-14T19:54:38","date_gmt":"2019-03-14T18:54:38","guid":{"rendered":"https:\/\/www.exploring-umbria.com\/teatro-romano\/"},"modified":"2020-03-16T18:01:32","modified_gmt":"2020-03-16T17:01:32","slug":"teatro-romano-de-gubbio","status":"publish","type":"page","link":"https:\/\/www.exploring-umbria.com\/es\/descubre-gubbio\/que-ver-en-gubbio\/teatro-romano-de-gubbio\/","title":{"rendered":"Teatro Romano de Gubbio"},"content":{"rendered":"<p>En <a href=\"https:\/\/www.exploring-umbria.com\/es\/actividades\/guided-tour-of-gubbio\/\" target=\"_blank\" rel=\"noopener noreferrer\">Gubbio<\/a>, inmediatamente fuera de las murallas,\u00a0 se encuentra el yacimiento arqueol\u00f3gico de Guastuglia cuya visita incluye: el <strong>Teatro Romano<\/strong>, <strong>el Antiquarium<\/strong> con una exposici\u00f3n de diversos hallazgos en la zona y el <strong>Mausoleo de <a href=\"https:\/\/es.wikipedia.org\/wiki\/Gens_Pomponia\" target=\"_blank\" rel=\"noopener noreferrer\">Pomponio<\/a> Grecino<\/strong>. En lo que debi\u00f3 ser el antiguo barrio republicano tard\u00edo del siglo II-I a.C., se encuentra hoy uno de los yacimientos arqueol\u00f3gicos m\u00e1s impresionantes de la ciudad.<\/p>\n<p>El teatro romano de Gubbio est\u00e1 muy bien conservado gracias a una impresionante restauraci\u00f3n llevada a cabo entre los siglos XIX y XX, pero ya en la antig\u00fcedad tuvo que haber sido un inmenso edificio de gran importancia. El proyecto y la construcci\u00f3n se realizaron en el siglo I a.C., entre los a\u00f1os 55 y 20 a.C., terminados bajo la direcci\u00f3n del magistrado <em>Gneo Satrio Rufo<\/em>. Estaba compuesto de dos \u00f3rdenes de arcos superpuestos, con un elegante porche en la planta superior. La cavea estaba dividida en cuatro por pasillos que deb\u00edan de estar ocupados por escaleras de madera que permit\u00edan a los espectadores acceder a las butacas. Toda la estructura exterior y el suelo de la orquesta eran de piedra caliza local. El hecho de que se tratara de una estructura muy articulada lo atestigua la presencia de un p\u00falpito para la recogida de aguas pluviales bajo la orquesta y del proscenio, en el que hab\u00eda dos hornacinas laterales cuadrangulares y una central semicircular.<\/p>\n<p>En la \u00e9poca de su m\u00e1ximo esplendor, el teatro pod\u00eda acomodar de seis a siete mil personas (m\u00e1s que el teatro contempor\u00e1neo de Pompeya que pod\u00eda contener cinco mil), mientras que hoy en d\u00eda todav\u00eda se utiliza para los muchos espect\u00e1culos cl\u00e1sicos que tienen lugar all\u00ed, especialmente en verano.<\/p>\n","protected":false},"excerpt":{"rendered":"<p>En Gubbio, inmediatamente fuera de las murallas,\u00a0 se encuentra el yacimiento arqueol\u00f3gico de Guastuglia cuya visita incluye: el Teatro Romano, el Antiquarium con una exposici\u00f3n de diversos hallazgos en la zona y el Mausoleo de Pomponio Grecino. En lo que debi\u00f3 ser el antiguo barrio republicano tard\u00edo del siglo II-I a.C., se encuentra hoy uno [&hellip;]<\/p>\n","protected":false},"author":4,"featured_media":29521,"parent":2801,"menu_order":0,"comment_status":"closed","ping_status":"closed","template":"","meta":{"om_disable_all_campaigns":false,"_monsterinsights_skip_tracking":false,"_monsterinsights_sitenote_active":false,"_monsterinsights_sitenote_note":"","_monsterinsights_sitenote_category":0},"acf":[],"yoast_head":"<!-- This site is optimized with the Yoast SEO plugin v18.4.1 - https:\/\/yoast.com\/wordpress\/plugins\/seo\/ -->\n<title>Teatro Romano de Gubbio - Exploring Umbria<\/title>\n<meta name=\"description\" content=\"En Gubbio, inmediatamente fuera de las murallas,\u00a0 se encuentra el yacimiento arqueol\u00f3gico de Guastuglia cuya visita incluye: el Teatro Romano, el\" \/>\n<meta name=\"robots\" content=\"index, follow, max-snippet:-1, max-image-preview:large, max-video-preview:-1\" \/>\n<link rel=\"canonical\" href=\"https:\/\/www.exploring-umbria.com\/es\/descubre-gubbio\/que-ver-en-gubbio\/teatro-romano-de-gubbio\/\" \/>\n<meta property=\"og:locale\" content=\"es_ES\" \/>\n<meta property=\"og:type\" content=\"article\" \/>\n<meta property=\"og:title\" content=\"Teatro Romano de Gubbio - Exploring Umbria\" \/>\n<meta property=\"og:description\" content=\"En Gubbio, inmediatamente fuera de las murallas,\u00a0 se encuentra el yacimiento arqueol\u00f3gico de Guastuglia cuya visita incluye: el Teatro Romano, el\" \/>\n<meta property=\"og:url\" content=\"https:\/\/www.exploring-umbria.com\/es\/descubre-gubbio\/que-ver-en-gubbio\/teatro-romano-de-gubbio\/\" \/>\n<meta property=\"og:site_name\" content=\"Exploring Umbria\" \/>\n<meta property=\"article:publisher\" content=\"https:\/\/www.facebook.com\/exploringumbria\/\" \/>\n<meta property=\"article:modified_time\" content=\"2020-03-16T17:01:32+00:00\" \/>\n<meta property=\"og:image\" content=\"https:\/\/www.exploring-umbria.com\/wp-content\/uploads\/2020\/01\/gubbio-teatro-romano.jpg\" \/>\n\t<meta property=\"og:image:width\" content=\"1280\" \/>\n\t<meta property=\"og:image:height\" content=\"853\" \/>\n\t<meta property=\"og:image:type\" content=\"image\/jpeg\" \/>\n<meta name=\"twitter:card\" content=\"summary_large_image\" \/>\n<meta name=\"twitter:label1\" content=\"Tiempo de lectura\" \/>\n\t<meta name=\"twitter:data1\" content=\"2 minutos\" \/>\n<script type=\"application\/ld+json\" class=\"yoast-schema-graph\">{\"@context\":\"https:\/\/schema.org\",\"@graph\":[{\"@type\":\"Organization\",\"@id\":\"https:\/\/www.exploring-umbria.com\/es\/#organization\",\"name\":\"Exploring Umbria\",\"url\":\"https:\/\/www.exploring-umbria.com\/es\/\",\"sameAs\":[\"https:\/\/www.facebook.com\/exploringumbria\/\",\"https:\/\/www.instagram.com\/exploringumbria\/\"],\"logo\":{\"@type\":\"ImageObject\",\"@id\":\"https:\/\/www.exploring-umbria.com\/es\/#logo\",\"inLanguage\":\"es\",\"url\":\"https:\/\/www.exploring-umbria.com\/wp-content\/uploads\/2019\/08\/solo-logo-verde.jpg\",\"contentUrl\":\"https:\/\/www.exploring-umbria.com\/wp-content\/uploads\/2019\/08\/solo-logo-verde.jpg\",\"width\":952,\"height\":532,\"caption\":\"Exploring Umbria\"},\"image\":{\"@id\":\"https:\/\/www.exploring-umbria.com\/es\/#logo\"}},{\"@type\":\"WebSite\",\"@id\":\"https:\/\/www.exploring-umbria.com\/es\/#website\",\"url\":\"https:\/\/www.exploring-umbria.com\/es\/\",\"name\":\"Exploring Umbria\",\"description\":\"your dates, your mood, your trip\",\"publisher\":{\"@id\":\"https:\/\/www.exploring-umbria.com\/es\/#organization\"},\"potentialAction\":[{\"@type\":\"SearchAction\",\"target\":{\"@type\":\"EntryPoint\",\"urlTemplate\":\"https:\/\/www.exploring-umbria.com\/es\/?s={search_term_string}\"},\"query-input\":\"required name=search_term_string\"}],\"inLanguage\":\"es\"},{\"@type\":\"ImageObject\",\"@id\":\"https:\/\/www.exploring-umbria.com\/es\/descubre-gubbio\/que-ver-en-gubbio\/teatro-romano-de-gubbio\/#primaryimage\",\"inLanguage\":\"es\",\"url\":\"https:\/\/www.exploring-umbria.com\/wp-content\/uploads\/2020\/01\/gubbio-teatro-romano.jpg\",\"contentUrl\":\"https:\/\/www.exploring-umbria.com\/wp-content\/uploads\/2020\/01\/gubbio-teatro-romano.jpg\",\"width\":1280,\"height\":853,\"caption\":\"il teatro romano di Gubbio\"},{\"@type\":\"WebPage\",\"@id\":\"https:\/\/www.exploring-umbria.com\/es\/descubre-gubbio\/que-ver-en-gubbio\/teatro-romano-de-gubbio\/#webpage\",\"url\":\"https:\/\/www.exploring-umbria.com\/es\/descubre-gubbio\/que-ver-en-gubbio\/teatro-romano-de-gubbio\/\",\"name\":\"Teatro Romano de Gubbio - Exploring Umbria\",\"isPartOf\":{\"@id\":\"https:\/\/www.exploring-umbria.com\/es\/#website\"},\"primaryImageOfPage\":{\"@id\":\"https:\/\/www.exploring-umbria.com\/es\/descubre-gubbio\/que-ver-en-gubbio\/teatro-romano-de-gubbio\/#primaryimage\"},\"datePublished\":\"2019-03-14T18:54:38+00:00\",\"dateModified\":\"2020-03-16T17:01:32+00:00\",\"description\":\"En Gubbio, inmediatamente fuera de las murallas,\u00a0 se encuentra el yacimiento arqueol\u00f3gico de Guastuglia cuya visita incluye: el Teatro Romano, el\",\"breadcrumb\":{\"@id\":\"https:\/\/www.exploring-umbria.com\/es\/descubre-gubbio\/que-ver-en-gubbio\/teatro-romano-de-gubbio\/#breadcrumb\"},\"inLanguage\":\"es\",\"potentialAction\":[{\"@type\":\"ReadAction\",\"target\":[\"https:\/\/www.exploring-umbria.com\/es\/descubre-gubbio\/que-ver-en-gubbio\/teatro-romano-de-gubbio\/\"]}]},{\"@type\":\"BreadcrumbList\",\"@id\":\"https:\/\/www.exploring-umbria.com\/es\/descubre-gubbio\/que-ver-en-gubbio\/teatro-romano-de-gubbio\/#breadcrumb\",\"itemListElement\":[{\"@type\":\"ListItem\",\"position\":1,\"name\":\"Home\",\"item\":\"https:\/\/www.exploring-umbria.com\/es\/\"},{\"@type\":\"ListItem\",\"position\":2,\"name\":\"Descubre Gubbio: tradici\u00f3n, historia y cultura\",\"item\":\"https:\/\/www.exploring-umbria.com\/es\/descubre-gubbio\/\"},{\"@type\":\"ListItem\",\"position\":3,\"name\":\"Qu\u00e9 Ver en Gubbio\",\"item\":\"https:\/\/www.exploring-umbria.com\/es\/descubre-gubbio\/que-ver-en-gubbio\/\"},{\"@type\":\"ListItem\",\"position\":4,\"name\":\"Teatro Romano de Gubbio\"}]}]}<\/script>\n<!-- \/ Yoast SEO plugin. -->","yoast_head_json":{"title":"Teatro Romano de Gubbio - Exploring Umbria","description":"En Gubbio, inmediatamente fuera de las murallas,\u00a0 se encuentra el yacimiento arqueol\u00f3gico de Guastuglia cuya visita incluye: el Teatro Romano, el","robots":{"index":"index","follow":"follow","max-snippet":"max-snippet:-1","max-image-preview":"max-image-preview:large","max-video-preview":"max-video-preview:-1"},"canonical":"https:\/\/www.exploring-umbria.com\/es\/descubre-gubbio\/que-ver-en-gubbio\/teatro-romano-de-gubbio\/","og_locale":"es_ES","og_type":"article","og_title":"Teatro Romano de Gubbio - Exploring Umbria","og_description":"En Gubbio, inmediatamente fuera de las murallas,\u00a0 se encuentra el yacimiento arqueol\u00f3gico de Guastuglia cuya visita incluye: el Teatro Romano, el","og_url":"https:\/\/www.exploring-umbria.com\/es\/descubre-gubbio\/que-ver-en-gubbio\/teatro-romano-de-gubbio\/","og_site_name":"Exploring Umbria","article_publisher":"https:\/\/www.facebook.com\/exploringumbria\/","article_modified_time":"2020-03-16T17:01:32+00:00","og_image":[{"width":1280,"height":853,"url":"https:\/\/www.exploring-umbria.com\/wp-content\/uploads\/2020\/01\/gubbio-teatro-romano.jpg","type":"image\/jpeg"}],"twitter_card":"summary_large_image","twitter_misc":{"Tiempo de lectura":"2 minutos"},"schema":{"@context":"https:\/\/schema.org","@graph":[{"@type":"Organization","@id":"https:\/\/www.exploring-umbria.com\/es\/#organization","name":"Exploring Umbria","url":"https:\/\/www.exploring-umbria.com\/es\/","sameAs":["https:\/\/www.facebook.com\/exploringumbria\/","https:\/\/www.instagram.com\/exploringumbria\/"],"logo":{"@type":"ImageObject","@id":"https:\/\/www.exploring-umbria.com\/es\/#logo","inLanguage":"es","url":"https:\/\/www.exploring-umbria.com\/wp-content\/uploads\/2019\/08\/solo-logo-verde.jpg","contentUrl":"https:\/\/www.exploring-umbria.com\/wp-content\/uploads\/2019\/08\/solo-logo-verde.jpg","width":952,"height":532,"caption":"Exploring Umbria"},"image":{"@id":"https:\/\/www.exploring-umbria.com\/es\/#logo"}},{"@type":"WebSite","@id":"https:\/\/www.exploring-umbria.com\/es\/#website","url":"https:\/\/www.exploring-umbria.com\/es\/","name":"Exploring Umbria","description":"your dates, your mood, your trip","publisher":{"@id":"https:\/\/www.exploring-umbria.com\/es\/#organization"},"potentialAction":[{"@type":"SearchAction","target":{"@type":"EntryPoint","urlTemplate":"https:\/\/www.exploring-umbria.com\/es\/?s={search_term_string}"},"query-input":"required name=search_term_string"}],"inLanguage":"es"},{"@type":"ImageObject","@id":"https:\/\/www.exploring-umbria.com\/es\/descubre-gubbio\/que-ver-en-gubbio\/teatro-romano-de-gubbio\/#primaryimage","inLanguage":"es","url":"https:\/\/www.exploring-umbria.com\/wp-content\/uploads\/2020\/01\/gubbio-teatro-romano.jpg","contentUrl":"https:\/\/www.exploring-umbria.com\/wp-content\/uploads\/2020\/01\/gubbio-teatro-romano.jpg","width":1280,"height":853,"caption":"il teatro romano di Gubbio"},{"@type":"WebPage","@id":"https:\/\/www.exploring-umbria.com\/es\/descubre-gubbio\/que-ver-en-gubbio\/teatro-romano-de-gubbio\/#webpage","url":"https:\/\/www.exploring-umbria.com\/es\/descubre-gubbio\/que-ver-en-gubbio\/teatro-romano-de-gubbio\/","name":"Teatro Romano de Gubbio - Exploring Umbria","isPartOf":{"@id":"https:\/\/www.exploring-umbria.com\/es\/#website"},"primaryImageOfPage":{"@id":"https:\/\/www.exploring-umbria.com\/es\/descubre-gubbio\/que-ver-en-gubbio\/teatro-romano-de-gubbio\/#primaryimage"},"datePublished":"2019-03-14T18:54:38+00:00","dateModified":"2020-03-16T17:01:32+00:00","description":"En Gubbio, inmediatamente fuera de las murallas,\u00a0 se encuentra el yacimiento arqueol\u00f3gico de Guastuglia cuya visita incluye: el Teatro Romano, el","breadcrumb":{"@id":"https:\/\/www.exploring-umbria.com\/es\/descubre-gubbio\/que-ver-en-gubbio\/teatro-romano-de-gubbio\/#breadcrumb"},"inLanguage":"es","potentialAction":[{"@type":"ReadAction","target":["https:\/\/www.exploring-umbria.com\/es\/descubre-gubbio\/que-ver-en-gubbio\/teatro-romano-de-gubbio\/"]}]},{"@type":"BreadcrumbList","@id":"https:\/\/www.exploring-umbria.com\/es\/descubre-gubbio\/que-ver-en-gubbio\/teatro-romano-de-gubbio\/#breadcrumb","itemListElement":[{"@type":"ListItem","position":1,"name":"Home","item":"https:\/\/www.exploring-umbria.com\/es\/"},{"@type":"ListItem","position":2,"name":"Descubre Gubbio: tradici\u00f3n, historia y cultura","item":"https:\/\/www.exploring-umbria.com\/es\/descubre-gubbio\/"},{"@type":"ListItem","position":3,"name":"Qu\u00e9 Ver en Gubbio","item":"https:\/\/www.exploring-umbria.com\/es\/descubre-gubbio\/que-ver-en-gubbio\/"},{"@type":"ListItem","position":4,"name":"Teatro Romano de Gubbio"}]}]}},"_links":{"self":[{"href":"https:\/\/www.exploring-umbria.com\/es\/wp-json\/wp\/v2\/pages\/2784"}],"collection":[{"href":"https:\/\/www.exploring-umbria.com\/es\/wp-json\/wp\/v2\/pages"}],"about":[{"href":"https:\/\/www.exploring-umbria.com\/es\/wp-json\/wp\/v2\/types\/page"}],"author":[{"embeddable":true,"href":"https:\/\/www.exploring-umbria.com\/es\/wp-json\/wp\/v2\/users\/4"}],"replies":[{"embeddable":true,"href":"https:\/\/www.exploring-umbria.com\/es\/wp-json\/wp\/v2\/comments?post=2784"}],"version-history":[{"count":3,"href":"https:\/\/www.exploring-umbria.com\/es\/wp-json\/wp\/v2\/pages\/2784\/revisions"}],"predecessor-version":[{"id":32591,"href":"https:\/\/www.exploring-umbria.com\/es\/wp-json\/wp\/v2\/pages\/2784\/revisions\/32591"}],"up":[{"embeddable":true,"href":"https:\/\/www.exploring-umbria.com\/es\/wp-json\/wp\/v2\/pages\/2801"}],"wp:featuredmedia":[{"embeddable":true,"href":"https:\/\/www.exploring-umbria.com\/es\/wp-json\/wp\/v2\/media\/29521"}],"wp:attachment":[{"href":"https:\/\/www.exploring-umbria.com\/es\/wp-json\/wp\/v2\/media?parent=2784"}],"curies":[{"name":"wp","href":"https:\/\/api.w.org\/{rel}","templated":true}]}}