{"id":2777,"date":"2019-03-14T19:58:16","date_gmt":"2019-03-14T18:58:16","guid":{"rendered":"https:\/\/www.exploring-umbria.com\/palazzo-ducale\/"},"modified":"2020-03-13T19:28:31","modified_gmt":"2020-03-13T18:28:31","slug":"palacio-ducal-de-gubbio","status":"publish","type":"page","link":"https:\/\/www.exploring-umbria.com\/es\/descubre-gubbio\/que-ver-en-gubbio\/palacio-ducal-de-gubbio\/","title":{"rendered":"Palacio Ducal de Gubbio"},"content":{"rendered":"<p>Frente al Duomo, en la parte alta de la ciudad, se encuentra el bello <strong>Palacio Ducal<\/strong>, el \u00fanico ejemplo de arquitectura renacentista de la ciudad de <a href=\"https:\/\/www.exploring-umbria.com\/es\/actividades\/guided-tour-of-gubbio\/\" target=\"_blank\" rel=\"noopener noreferrer\">Gubbio<\/a>, que conserva en su mayor parte un trazado medieval.<\/p>\n<p>El edificio fue construido, en muy poco tiempo, en la segunda mitad del siglo XV por encargo de <a href=\"https:\/\/es.wikipedia.org\/wiki\/Federico_da_Montefeltro\" target=\"_blank\" rel=\"noopener noreferrer\"><em>Federico di Montefeltro<\/em><\/a>, pero probablemente la obra se termin\u00f3 despu\u00e9s de la muerte de este \u00faltimo, bajo la direcci\u00f3n de su hijo <em>Guidobaldo<\/em>. El proyecto arquitect\u00f3nico se distingue por su elegancia y magnificencia. Fue creado por el sien\u00e9s Francesco di Giorgio Martini que tal vez tom\u00f3 un modelo ya desarrollado por <em>Laurana<\/em>.<\/p>\n<p>La familia <em>Montefeltro<\/em> mand\u00f3 modificar algunos edificios preexistentes para construir el caser\u00edo, cuyos restos a\u00fan se pueden ver en las paredes exteriores del palacio en correspondencia con el gran patio central, que una vez fue la sede de la plaza del ayuntamiento.<\/p>\n<p>La riqueza y la importancia del Palacio Ducal de Gubbio qued\u00f3 demostrada por la presencia, en su interior, del \u00abstudiolo di Federico\u00bb, realizado con bellos paneles de taracea y placas pintadas sobre la maqueta del de Urbino. Lamentablemente, estas obras de arte fueron desmanteladas y vendidas posteriormente, llegando en 1939 al Metropolitan Museum de Nueva York, donde a\u00fan se conservan.<\/p>\n<p>En 2009 se instal\u00f3 en Gubbio una bella r\u00e9plica del studiolo original, que se puede visitar y admirar junto con el mobiliario original que a\u00fan se conserva en las salas internas y con el equipamiento de una valiosa colecci\u00f3n de pinturas de Gubbio realizadas entre los siglos XIII y XVIII.<\/p>\n","protected":false},"excerpt":{"rendered":"<p>Frente al Duomo, en la parte alta de la ciudad, se encuentra el bello Palacio Ducal, el \u00fanico ejemplo de arquitectura renacentista de la ciudad de Gubbio, que conserva en su mayor parte un trazado medieval. El edificio fue construido, en muy poco tiempo, en la segunda mitad del siglo XV por encargo de Federico [&hellip;]<\/p>\n","protected":false},"author":4,"featured_media":35721,"parent":2801,"menu_order":0,"comment_status":"closed","ping_status":"closed","template":"","meta":{"om_disable_all_campaigns":false,"_monsterinsights_skip_tracking":false,"_monsterinsights_sitenote_active":false,"_monsterinsights_sitenote_note":"","_monsterinsights_sitenote_category":0},"acf":[],"yoast_head":"<!-- This site is optimized with the Yoast SEO plugin v18.4.1 - https:\/\/yoast.com\/wordpress\/plugins\/seo\/ -->\n<title>Palacio Ducal de Gubbio - Exploring Umbria<\/title>\n<meta name=\"description\" content=\"Frente al Duomo, en la parte alta de la ciudad, se encuentra el bello Palacio Ducal, el \u00fanico ejemplo de arquitectura renacentista de la ciudad de Gubbio,\" \/>\n<meta name=\"robots\" content=\"index, follow, max-snippet:-1, max-image-preview:large, max-video-preview:-1\" \/>\n<link rel=\"canonical\" href=\"https:\/\/www.exploring-umbria.com\/es\/descubre-gubbio\/que-ver-en-gubbio\/palacio-ducal-de-gubbio\/\" \/>\n<meta property=\"og:locale\" content=\"es_ES\" \/>\n<meta property=\"og:type\" content=\"article\" \/>\n<meta property=\"og:title\" content=\"Palacio Ducal de Gubbio - Exploring Umbria\" \/>\n<meta property=\"og:description\" content=\"Frente al Duomo, en la parte alta de la ciudad, se encuentra el bello Palacio Ducal, el \u00fanico ejemplo de arquitectura renacentista de la ciudad de Gubbio,\" \/>\n<meta property=\"og:url\" content=\"https:\/\/www.exploring-umbria.com\/es\/descubre-gubbio\/que-ver-en-gubbio\/palacio-ducal-de-gubbio\/\" \/>\n<meta property=\"og:site_name\" content=\"Exploring Umbria\" \/>\n<meta property=\"article:publisher\" content=\"https:\/\/www.facebook.com\/exploringumbria\/\" \/>\n<meta property=\"article:modified_time\" content=\"2020-03-13T18:28:31+00:00\" \/>\n<meta property=\"og:image\" content=\"https:\/\/www.exploring-umbria.com\/wp-content\/uploads\/2020\/05\/Palazzo-Ducale-Gubbio-2.jpeg\" \/>\n\t<meta property=\"og:image:width\" content=\"1200\" \/>\n\t<meta property=\"og:image:height\" content=\"1600\" \/>\n\t<meta property=\"og:image:type\" content=\"image\/jpeg\" \/>\n<meta name=\"twitter:card\" content=\"summary_large_image\" \/>\n<meta name=\"twitter:label1\" content=\"Tiempo de lectura\" \/>\n\t<meta name=\"twitter:data1\" content=\"1 minuto\" \/>\n<script type=\"application\/ld+json\" class=\"yoast-schema-graph\">{\"@context\":\"https:\/\/schema.org\",\"@graph\":[{\"@type\":\"Organization\",\"@id\":\"https:\/\/www.exploring-umbria.com\/es\/#organization\",\"name\":\"Exploring Umbria\",\"url\":\"https:\/\/www.exploring-umbria.com\/es\/\",\"sameAs\":[\"https:\/\/www.facebook.com\/exploringumbria\/\",\"https:\/\/www.instagram.com\/exploringumbria\/\"],\"logo\":{\"@type\":\"ImageObject\",\"@id\":\"https:\/\/www.exploring-umbria.com\/es\/#logo\",\"inLanguage\":\"es\",\"url\":\"https:\/\/www.exploring-umbria.com\/wp-content\/uploads\/2019\/08\/solo-logo-verde.jpg\",\"contentUrl\":\"https:\/\/www.exploring-umbria.com\/wp-content\/uploads\/2019\/08\/solo-logo-verde.jpg\",\"width\":952,\"height\":532,\"caption\":\"Exploring Umbria\"},\"image\":{\"@id\":\"https:\/\/www.exploring-umbria.com\/es\/#logo\"}},{\"@type\":\"WebSite\",\"@id\":\"https:\/\/www.exploring-umbria.com\/es\/#website\",\"url\":\"https:\/\/www.exploring-umbria.com\/es\/\",\"name\":\"Exploring Umbria\",\"description\":\"your dates, your mood, your trip\",\"publisher\":{\"@id\":\"https:\/\/www.exploring-umbria.com\/es\/#organization\"},\"potentialAction\":[{\"@type\":\"SearchAction\",\"target\":{\"@type\":\"EntryPoint\",\"urlTemplate\":\"https:\/\/www.exploring-umbria.com\/es\/?s={search_term_string}\"},\"query-input\":\"required name=search_term_string\"}],\"inLanguage\":\"es\"},{\"@type\":\"ImageObject\",\"@id\":\"https:\/\/www.exploring-umbria.com\/es\/descubre-gubbio\/que-ver-en-gubbio\/palacio-ducal-de-gubbio\/#primaryimage\",\"inLanguage\":\"es\",\"url\":\"https:\/\/www.exploring-umbria.com\/wp-content\/uploads\/2020\/05\/Palazzo-Ducale-Gubbio-2.jpeg\",\"contentUrl\":\"https:\/\/www.exploring-umbria.com\/wp-content\/uploads\/2020\/05\/Palazzo-Ducale-Gubbio-2.jpeg\",\"width\":1200,\"height\":1600,\"caption\":\"Palazzo Ducale Gubbio\"},{\"@type\":\"WebPage\",\"@id\":\"https:\/\/www.exploring-umbria.com\/es\/descubre-gubbio\/que-ver-en-gubbio\/palacio-ducal-de-gubbio\/#webpage\",\"url\":\"https:\/\/www.exploring-umbria.com\/es\/descubre-gubbio\/que-ver-en-gubbio\/palacio-ducal-de-gubbio\/\",\"name\":\"Palacio Ducal de Gubbio - Exploring Umbria\",\"isPartOf\":{\"@id\":\"https:\/\/www.exploring-umbria.com\/es\/#website\"},\"primaryImageOfPage\":{\"@id\":\"https:\/\/www.exploring-umbria.com\/es\/descubre-gubbio\/que-ver-en-gubbio\/palacio-ducal-de-gubbio\/#primaryimage\"},\"datePublished\":\"2019-03-14T18:58:16+00:00\",\"dateModified\":\"2020-03-13T18:28:31+00:00\",\"description\":\"Frente al Duomo, en la parte alta de la ciudad, se encuentra el bello Palacio Ducal, el \u00fanico ejemplo de arquitectura renacentista de la ciudad de Gubbio,\",\"breadcrumb\":{\"@id\":\"https:\/\/www.exploring-umbria.com\/es\/descubre-gubbio\/que-ver-en-gubbio\/palacio-ducal-de-gubbio\/#breadcrumb\"},\"inLanguage\":\"es\",\"potentialAction\":[{\"@type\":\"ReadAction\",\"target\":[\"https:\/\/www.exploring-umbria.com\/es\/descubre-gubbio\/que-ver-en-gubbio\/palacio-ducal-de-gubbio\/\"]}]},{\"@type\":\"BreadcrumbList\",\"@id\":\"https:\/\/www.exploring-umbria.com\/es\/descubre-gubbio\/que-ver-en-gubbio\/palacio-ducal-de-gubbio\/#breadcrumb\",\"itemListElement\":[{\"@type\":\"ListItem\",\"position\":1,\"name\":\"Home\",\"item\":\"https:\/\/www.exploring-umbria.com\/es\/\"},{\"@type\":\"ListItem\",\"position\":2,\"name\":\"Descubre Gubbio: tradici\u00f3n, historia y cultura\",\"item\":\"https:\/\/www.exploring-umbria.com\/es\/descubre-gubbio\/\"},{\"@type\":\"ListItem\",\"position\":3,\"name\":\"Qu\u00e9 Ver en Gubbio\",\"item\":\"https:\/\/www.exploring-umbria.com\/es\/descubre-gubbio\/que-ver-en-gubbio\/\"},{\"@type\":\"ListItem\",\"position\":4,\"name\":\"Palacio Ducal de Gubbio\"}]}]}<\/script>\n<!-- \/ Yoast SEO plugin. -->","yoast_head_json":{"title":"Palacio Ducal de Gubbio - Exploring Umbria","description":"Frente al Duomo, en la parte alta de la ciudad, se encuentra el bello Palacio Ducal, el \u00fanico ejemplo de arquitectura renacentista de la ciudad de Gubbio,","robots":{"index":"index","follow":"follow","max-snippet":"max-snippet:-1","max-image-preview":"max-image-preview:large","max-video-preview":"max-video-preview:-1"},"canonical":"https:\/\/www.exploring-umbria.com\/es\/descubre-gubbio\/que-ver-en-gubbio\/palacio-ducal-de-gubbio\/","og_locale":"es_ES","og_type":"article","og_title":"Palacio Ducal de Gubbio - Exploring Umbria","og_description":"Frente al Duomo, en la parte alta de la ciudad, se encuentra el bello Palacio Ducal, el \u00fanico ejemplo de arquitectura renacentista de la ciudad de Gubbio,","og_url":"https:\/\/www.exploring-umbria.com\/es\/descubre-gubbio\/que-ver-en-gubbio\/palacio-ducal-de-gubbio\/","og_site_name":"Exploring Umbria","article_publisher":"https:\/\/www.facebook.com\/exploringumbria\/","article_modified_time":"2020-03-13T18:28:31+00:00","og_image":[{"width":1200,"height":1600,"url":"https:\/\/www.exploring-umbria.com\/wp-content\/uploads\/2020\/05\/Palazzo-Ducale-Gubbio-2.jpeg","type":"image\/jpeg"}],"twitter_card":"summary_large_image","twitter_misc":{"Tiempo de lectura":"1 minuto"},"schema":{"@context":"https:\/\/schema.org","@graph":[{"@type":"Organization","@id":"https:\/\/www.exploring-umbria.com\/es\/#organization","name":"Exploring Umbria","url":"https:\/\/www.exploring-umbria.com\/es\/","sameAs":["https:\/\/www.facebook.com\/exploringumbria\/","https:\/\/www.instagram.com\/exploringumbria\/"],"logo":{"@type":"ImageObject","@id":"https:\/\/www.exploring-umbria.com\/es\/#logo","inLanguage":"es","url":"https:\/\/www.exploring-umbria.com\/wp-content\/uploads\/2019\/08\/solo-logo-verde.jpg","contentUrl":"https:\/\/www.exploring-umbria.com\/wp-content\/uploads\/2019\/08\/solo-logo-verde.jpg","width":952,"height":532,"caption":"Exploring Umbria"},"image":{"@id":"https:\/\/www.exploring-umbria.com\/es\/#logo"}},{"@type":"WebSite","@id":"https:\/\/www.exploring-umbria.com\/es\/#website","url":"https:\/\/www.exploring-umbria.com\/es\/","name":"Exploring Umbria","description":"your dates, your mood, your trip","publisher":{"@id":"https:\/\/www.exploring-umbria.com\/es\/#organization"},"potentialAction":[{"@type":"SearchAction","target":{"@type":"EntryPoint","urlTemplate":"https:\/\/www.exploring-umbria.com\/es\/?s={search_term_string}"},"query-input":"required name=search_term_string"}],"inLanguage":"es"},{"@type":"ImageObject","@id":"https:\/\/www.exploring-umbria.com\/es\/descubre-gubbio\/que-ver-en-gubbio\/palacio-ducal-de-gubbio\/#primaryimage","inLanguage":"es","url":"https:\/\/www.exploring-umbria.com\/wp-content\/uploads\/2020\/05\/Palazzo-Ducale-Gubbio-2.jpeg","contentUrl":"https:\/\/www.exploring-umbria.com\/wp-content\/uploads\/2020\/05\/Palazzo-Ducale-Gubbio-2.jpeg","width":1200,"height":1600,"caption":"Palazzo Ducale Gubbio"},{"@type":"WebPage","@id":"https:\/\/www.exploring-umbria.com\/es\/descubre-gubbio\/que-ver-en-gubbio\/palacio-ducal-de-gubbio\/#webpage","url":"https:\/\/www.exploring-umbria.com\/es\/descubre-gubbio\/que-ver-en-gubbio\/palacio-ducal-de-gubbio\/","name":"Palacio Ducal de Gubbio - Exploring Umbria","isPartOf":{"@id":"https:\/\/www.exploring-umbria.com\/es\/#website"},"primaryImageOfPage":{"@id":"https:\/\/www.exploring-umbria.com\/es\/descubre-gubbio\/que-ver-en-gubbio\/palacio-ducal-de-gubbio\/#primaryimage"},"datePublished":"2019-03-14T18:58:16+00:00","dateModified":"2020-03-13T18:28:31+00:00","description":"Frente al Duomo, en la parte alta de la ciudad, se encuentra el bello Palacio Ducal, el \u00fanico ejemplo de arquitectura renacentista de la ciudad de Gubbio,","breadcrumb":{"@id":"https:\/\/www.exploring-umbria.com\/es\/descubre-gubbio\/que-ver-en-gubbio\/palacio-ducal-de-gubbio\/#breadcrumb"},"inLanguage":"es","potentialAction":[{"@type":"ReadAction","target":["https:\/\/www.exploring-umbria.com\/es\/descubre-gubbio\/que-ver-en-gubbio\/palacio-ducal-de-gubbio\/"]}]},{"@type":"BreadcrumbList","@id":"https:\/\/www.exploring-umbria.com\/es\/descubre-gubbio\/que-ver-en-gubbio\/palacio-ducal-de-gubbio\/#breadcrumb","itemListElement":[{"@type":"ListItem","position":1,"name":"Home","item":"https:\/\/www.exploring-umbria.com\/es\/"},{"@type":"ListItem","position":2,"name":"Descubre Gubbio: tradici\u00f3n, historia y cultura","item":"https:\/\/www.exploring-umbria.com\/es\/descubre-gubbio\/"},{"@type":"ListItem","position":3,"name":"Qu\u00e9 Ver en Gubbio","item":"https:\/\/www.exploring-umbria.com\/es\/descubre-gubbio\/que-ver-en-gubbio\/"},{"@type":"ListItem","position":4,"name":"Palacio Ducal de Gubbio"}]}]}},"_links":{"self":[{"href":"https:\/\/www.exploring-umbria.com\/es\/wp-json\/wp\/v2\/pages\/2777"}],"collection":[{"href":"https:\/\/www.exploring-umbria.com\/es\/wp-json\/wp\/v2\/pages"}],"about":[{"href":"https:\/\/www.exploring-umbria.com\/es\/wp-json\/wp\/v2\/types\/page"}],"author":[{"embeddable":true,"href":"https:\/\/www.exploring-umbria.com\/es\/wp-json\/wp\/v2\/users\/4"}],"replies":[{"embeddable":true,"href":"https:\/\/www.exploring-umbria.com\/es\/wp-json\/wp\/v2\/comments?post=2777"}],"version-history":[{"count":4,"href":"https:\/\/www.exploring-umbria.com\/es\/wp-json\/wp\/v2\/pages\/2777\/revisions"}],"predecessor-version":[{"id":32535,"href":"https:\/\/www.exploring-umbria.com\/es\/wp-json\/wp\/v2\/pages\/2777\/revisions\/32535"}],"up":[{"embeddable":true,"href":"https:\/\/www.exploring-umbria.com\/es\/wp-json\/wp\/v2\/pages\/2801"}],"wp:featuredmedia":[{"embeddable":true,"href":"https:\/\/www.exploring-umbria.com\/es\/wp-json\/wp\/v2\/media\/35721"}],"wp:attachment":[{"href":"https:\/\/www.exploring-umbria.com\/es\/wp-json\/wp\/v2\/media?parent=2777"}],"curies":[{"name":"wp","href":"https:\/\/api.w.org\/{rel}","templated":true}]}}